{"id":15983,"date":"2025-01-19T15:14:56","date_gmt":"2025-01-19T15:14:56","guid":{"rendered":"https:\/\/www.hydraulic-cylinders.net\/product\/bucket-cylinder-for-hengte-ht65-8\/"},"modified":"2025-01-19T15:15:01","modified_gmt":"2025-01-19T15:15:01","slug":"bucket-cylinder-for-hengte-ht65-8","status":"publish","type":"product","link":"https:\/\/www.hydraulic-cylinders.net\/lt\/produktas\/bucket-cylinder-for-hengte-ht65-8\/","title":{"rendered":"Kau\u0161o cilindras, skirtas Hengte HT65-8"},"content":{"rendered":"<p><!DOCTYPE html><br \/>\n<html><br \/>\n<head><br \/>\n<title>Kau\u0161o cilindras, skirtas Hengte HT65-8<\/title><br \/>\n<\/head><br \/>\n<body><\/p>\n<h1>Kau\u0161o cilindras, skirtas Hengte HT65-8<\/h1>\n<h2>\u012evadas<\/h2>\n<p>Kau\u0161o cilindras yra specializuotas hidraulinis cilindras, skirtas valdyti kau\u0161o jud\u0117jim\u0105 sunkiosiose ma\u0161inose, tokiose kaip ekskavatoriai, ekskavatoriniai krautuvai ir frontaliniai krautuvai. Jo pagrindin\u0117 funkcija \u2013 leisti pakelti, nuleisti ir pakreipti kau\u0161\u0105, kad b\u016bt\u0173 galima efektyviai tvarkyti \u012fvairias med\u017eiagas. Hidraulin\u0117je sistemoje kau\u0161o cilindras tiksliai valdo kau\u0161\u0105 keisdamas hidraulin\u0117s alyvos sl\u0117g\u012f, tod\u0117l operatoriai gali efektyviai tvarkyti sunkius krovinius ir prisitaikyti prie sud\u0117tingos darbo aplinkos bei \u012fvairi\u0173 eksploatavimo reikalavim\u0173.<\/p>\n<p><img decoding=\"async\" src=\"https:\/\/www.hydraulic-cylinders.net\/wp-content\/uploads\/2025\/01\/songte-company-2.webp\" alt=\"Kau\u0161o cilindro vaizdas\"><\/p>\n<h2>Savyb\u0117s<\/h2>\n<ul>\n<li>Didelis tvirtumas ir ilgaam\u017ei\u0161kumas: Paprastai i\u0161 didelio stiprumo plieno arba aliuminio pagamintas kau\u0161o cilindras gali atlaikyti didel\u012f sl\u0117g\u012f ir dideles apkrovas, prisitaikydamas prie at\u0161iauri\u0173 darbo s\u0105lyg\u0173. Jo konstrukcija skirta atsparumui dilimui ir korozijai prailginti jo tarnavimo laik\u0105.<\/li>\n<li>Efektyvus hidraulinis veikimas: Naudodamas hidraulin\u0117s alyvos sl\u0117g\u012f, kau\u0161o cilindras skland\u017eiai i\u0161tiesia ir atitraukia, greitai reaguoja \u012f valdymo komandas ir u\u017etikrina galingas st\u016bmimo bei traukimo j\u0117gas, tod\u0117l jis tinka sunkiems kroviniams kelti ir sud\u0117tingoms eksploatavimo u\u017eduotims atlikti.<\/li>\n<li>\u012evair\u016bs tipai: Kau\u0161o cilindr\u0105 galima pasirinkti kaip vienpusio veikimo (hidraulinis skystis naudojamas tik viena kryptimi) arba dvipusio veikimo (hidraulinis skystis naudojamas abiem kryptimis), kad b\u016bt\u0173 patenkinti skirtingi eksploataciniai poreikiai. Kai kurie modeliai yra teleskopiniai, tod\u0117l juos galima labiau prailginti nedidinant i\u0161orini\u0173 matmen\u0173, tod\u0117l jie tinka naudoti ribotoje erdv\u0117je.<\/li>\n<\/ul>\n<p><img decoding=\"async\" src=\"https:\/\/www.hydraulic-cylinders.net\/wp-content\/uploads\/2025\/01\/songte-cylinder-head-with-all-kinds-excavator-models.webp\" alt=\"Kau\u0161o cilindro pritaikymas\"><\/p>\n<h2>Parai\u0161kos<\/h2>\n<ul>\n<li>Statybin\u0117 \u012franga: Kau\u0161o cilindrai yra b\u016btini ekskavatoriuose kasant, kraunant ir perkeliant grunt\u0105 ar \u0161iuk\u0161les. Ekskavatoriuose kau\u0161o cilindras padeda tiek kasant, tiek keliant.<\/li>\n<li>\u017dem\u0117s \u016bkio technika: naudojama priekiniuose krautuvuose dirvo\u017eemiui, \u0161ienui ir kitoms med\u017eiagoms kasti, kelti ir transportuoti.<\/li>\n<li>Ekskavatoriai: Kau\u0161o cilindras leid\u017eia kasti, leisdamas kau\u0161ui \u012fsiskverbti \u012f dirv\u0105.<\/li>\n<li>Krautuvai: Priekiniuose krautuvuose jie padeda efektyviai kelti ir pakreipti prekes.<\/li>\n<\/ul>\n<h2>Projektavimo aspektai ir atrankos kriterijai<\/h2>\n<p>Projektuojant kau\u0161inius cilindrus, atsi\u017evelgiama \u012f kelet\u0105 veiksni\u0173, \u012fskaitant laikom\u0105j\u0105 gali\u0105, sandarum\u0105, ilgaam\u017ei\u0161kum\u0105, saugum\u0105 ir prie\u017ei\u016bros paprastum\u0105.<\/p>\n<p><img decoding=\"async\" src=\"https:\/\/www.hydraulic-cylinders.net\/wp-content\/uploads\/2025\/01\/songte-oil-pipes-and-spare-parts.webp\" alt=\"Kau\u0161o cilindro konstrukcija\"><\/p>\n<h2>Cilindro sandarinimas ir tepimas<\/h2>\n<p>Kau\u0161\u0173 cilindruose naudojami \u012fvair\u016bs sandarikliai, tokie kaip st\u016bmokli\u0173 ir kot\u0173 sandarikliai, pagaminti i\u0161 atspari\u0173 dilimui med\u017eiag\u0173, toki\u0173 kaip poliuretanas ir nitrilo kau\u010diukas. Cilindro korpusas ir srieginiai galiniai pavir\u0161iai yra kruop\u0161\u010diai apdorojami, siekiant pagerinti atsparum\u0105 dilimui. Norint u\u017etikrinti skland\u0173 veikim\u0105, reikia reguliariai tepti atitinkamu hidraulin\u0117s alyvos kiekiu.<\/p>\n<h2>Reguliarios patikros ir prevencin\u0117s prie\u017ei\u016bros priemon\u0117s<\/h2>\n<p>Reguliar\u016bs patikrinimai ir profilaktin\u0117 prie\u017ei\u016bra yra labai svarb\u016bs siekiant u\u017etikrinti kau\u0161o cilindro ilgaam\u017ei\u0161kum\u0105. Kai kurios rekomenduojamos priemon\u0117s:<\/p>\n<ul>\n<li>Reguliariai tikrinkite cilindr\u0105, ar n\u0117ra pa\u017eeidim\u0173 ar susid\u0117v\u0117jimo po\u017eymi\u0173.<\/li>\n<li>Tinkamas vis\u0173 judan\u010di\u0173 dali\u0173 sutepimas.<\/li>\n<li>Tarpikli\u0173 keitimas prireikus.<\/li>\n<li>Kalibravimo patikrinimai, siekiant u\u017etikrinti tinkam\u0105 veikim\u0105.<\/li>\n<\/ul>\n<p><img decoding=\"async\" src=\"https:\/\/www.hydraulic-cylinders.net\/wp-content\/uploads\/2025\/01\/songte-chushion-collar.webp\" alt=\"Kau\u0161o cilindro prie\u017ei\u016bra\"><\/p>\n<h2>Saugos aspektai ir aplinkos veiksniai<\/h2>\n<p>Naudojant kau\u0161inius cilindrus, saugos priemon\u0117s yra nepaprastai svarbios. B\u016btina laikytis tinkam\u0173 \u012frengimo, eksploatavimo ir prie\u017ei\u016bros proced\u016br\u0173, kad b\u016bt\u0173 i\u0161vengta nelaiming\u0173 atsitikim\u0173 ir u\u017etikrintos saugios darbo s\u0105lygos.<\/p>\n<h2>Trik\u010di\u0173 \u0161alinimas ir da\u017eniausiai pasitaikan\u010dios problemos<\/h2>\n<p>\u0160tai keletas \u012fprast\u0173 trik\u010di\u0173 \u0161alinimo patarim\u0173 ir sprendim\u0173, kaip i\u0161spr\u0119sti da\u017eniausiai pasitaikan\u010dias problemas, kylan\u010dias d\u0117l kau\u0161o cilindr\u0173:<\/p>\n<ul>\n<li>Problema: Cilindras iki galo nei\u0161sitraukia arba nesusitraukia.<br \/>\n   Sprendimas: patikrinkite, ar n\u0117ra kli\u016b\u010di\u0173 ar nuot\u0117ki\u0173, ir u\u017etikrinkite tinkam\u0105 hidraulinio skys\u010dio lyg\u012f.<\/li>\n<li>Problema: L\u0117tas arba netolygus cilindro jud\u0117jimas.<br \/>\n   Sprendimas: Patikrinkite hidraulin\u0119 sistem\u0105, ar n\u0117ra problem\u0173, pvz., \u017eemo skys\u010dio lygio ar susid\u0117v\u0117jusi\u0173 komponent\u0173.<\/li>\n<li>Problema: Ne\u012fprastas triuk\u0161mas arba vibracija veikimo metu.<br \/>\n   Sprendimas: Patikrinkite, ar n\u0117ra atsilaisvinusi\u0173 ar pa\u017eeist\u0173 dali\u0173, ir atlikite reikiamus remonto darbus arba pakeiskite jas.<\/li>\n<\/ul>\n<p><img decoding=\"async\" src=\"https:\/\/www.hydraulic-cylinders.net\/wp-content\/uploads\/2025\/01\/songte-bushings-with-all-kinds-of-excavator-models.webp\" alt=\"Kau\u0161o cilindro trik\u010di\u0173 \u0161alinimas\"><\/p>\n<h2>Apie m\u016bs\u0173 \u012fmon\u0119<\/h2>\n<p>Esame pirmaujantis pakaitini\u0173 hidraulini\u0173 cilindr\u0173 gamintojas ir didmeninis platintojas. D\u0117l plataus gamini\u0173 asortimento esame vieni i\u0161 pirmaujan\u010di\u0173 hidraulini\u0173 cilindr\u0173 gamintoj\u0173 ir didmeninink\u0173 tiek vidaus, tiek tarptautin\u0117se rinkose. Mes teikiame pirmenyb\u0119 kokybei ir savo moderniose gamybos dirbtuv\u0117se remiam\u0117s pramonin\u0117s gamybos valdymo strategijomis. Tur\u0117dami technin\u0119 patirt\u012f, pa\u017eangi\u0105 skaitmenin\u0119 gamybos \u012frang\u0105 ir profesionalias bandym\u0173 sistemas, nuolat tobuliname savo gamybos paj\u0117gumus, tobuliname gamini\u0173 kokyb\u0117s gamybos b\u016bdus ir turime stiprias inovacij\u0173 galimybes. Siekiame patenkinti \u012fvairius klient\u0173 poreikius, u\u017etikrindami auk\u0161t\u0105 efektyvum\u0105, tikslum\u0105 ir kokyb\u0119.<\/p>\n<p><img decoding=\"async\" src=\"https:\/\/www.hydraulic-cylinders.net\/wp-content\/uploads\/2025\/01\/songte-company-3.webp\" alt=\"\u012emon\u0117s \u012fvaizdis\"><\/p>\n<h2>M\u016bs\u0173 \u012fmon\u0117s akcentai<\/h2>\n<ul>\n<li>Profesionalumas: Gamybos ir platinimo procesuose laikom\u0117s auk\u0161\u010diausi\u0173 profesini\u0173 standart\u0173.<\/li>\n<li>Tarptautiniai sertifikatai: M\u016bs\u0173 gaminiai atitinka tarptautinius kokyb\u0117s ir saugos standartus, u\u017etikrinant patikimum\u0105 ir klient\u0173 pasitenkinim\u0105.<\/li>\n<li>Individualaus pritaikymo paslaugos: Si\u016blome individualius sprendimus, pritaikytus konkretiems klient\u0173 reikalavimams.<\/li>\n<li>Gamybos \u012franga: Naudojame pa\u017eangiausi\u0105 gamybos \u012frang\u0105, kad u\u017etikrintume tikslum\u0105 ir kokyb\u0119.<\/li>\n<li>Aptarnavimas po pardavimo: M\u016bs\u0173 \u012fmon\u0117 teikia i\u0161samias garantinio aptarnavimo paslaugas, \u012fskaitant dali\u0173 keitim\u0105 ir remonto paslaugas, siekdama prailginti m\u016bs\u0173 gamini\u0173 tarnavimo laik\u0105.<\/li>\n<\/ul>\n<p>Autorius: lyl<\/p>\n<p><\/body><br \/>\n<\/html><\/p>","protected":false},"excerpt":{"rendered":"<p>Bucket Cylinder For Hengte HT65-8 Bucket Cylinder For Hengte HT65-8 Introduction The bucket cylinder is a specialized hydraulic cylinder designed for controlling the movement of the bucket in heavy machinery such as excavators, backhoe loaders, and front-end loaders. Its main function is to enable the lifting, lowering, and tilting of the bucket, allowing for efficient [&hellip;]<\/p>","protected":false},"featured_media":14769,"comment_status":"open","ping_status":"closed","template":"","meta":{"_et_pb_use_builder":"","_et_pb_old_content":"","_et_gb_content_width":""},"product_brand":[],"product_cat":[1494],"product_tag":[1495,1496],"class_list":{"0":"post-15983","1":"product","2":"type-product","3":"status-publish","4":"has-post-thumbnail","6":"product_cat-bucket-cylinders","7":"product_tag-bucket-cylinders","8":"product_tag-hydraulic-cylinders","10":"first","11":"instock","12":"shipping-taxable","13":"product-type-simple"},"amp_enabled":true,"_links":{"self":[{"href":"https:\/\/www.hydraulic-cylinders.net\/lt\/wp-json\/wp\/v2\/product\/15983","targetHints":{"allow":["GET"]}}],"collection":[{"href":"https:\/\/www.hydraulic-cylinders.net\/lt\/wp-json\/wp\/v2\/product"}],"about":[{"href":"https:\/\/www.hydraulic-cylinders.net\/lt\/wp-json\/wp\/v2\/types\/product"}],"replies":[{"embeddable":true,"href":"https:\/\/www.hydraulic-cylinders.net\/lt\/wp-json\/wp\/v2\/comments?post=15983"}],"wp:featuredmedia":[{"embeddable":true,"href":"https:\/\/www.hydraulic-cylinders.net\/lt\/wp-json\/wp\/v2\/media\/14769"}],"wp:attachment":[{"href":"https:\/\/www.hydraulic-cylinders.net\/lt\/wp-json\/wp\/v2\/media?parent=15983"}],"wp:term":[{"taxonomy":"product_brand","embeddable":true,"href":"https:\/\/www.hydraulic-cylinders.net\/lt\/wp-json\/wp\/v2\/product_brand?post=15983"},{"taxonomy":"product_cat","embeddable":true,"href":"https:\/\/www.hydraulic-cylinders.net\/lt\/wp-json\/wp\/v2\/product_cat?post=15983"},{"taxonomy":"product_tag","embeddable":true,"href":"https:\/\/www.hydraulic-cylinders.net\/lt\/wp-json\/wp\/v2\/product_tag?post=15983"}],"curies":[{"name":"wp","href":"https:\/\/api.w.org\/{rel}","templated":true}]}}