{"id":15984,"date":"2025-01-19T15:15:04","date_gmt":"2025-01-19T15:15:04","guid":{"rendered":"https:\/\/www.hydraulic-cylinders.net\/product\/bucket-cylinder-for-hengte-ht85-8\/"},"modified":"2025-01-19T15:15:06","modified_gmt":"2025-01-19T15:15:06","slug":"bucket-cylinder-for-hengte-ht85-8","status":"publish","type":"product","link":"https:\/\/www.hydraulic-cylinders.net\/lt\/produktas\/bucket-cylinder-for-hengte-ht85-8\/","title":{"rendered":"Kau\u0161o cilindras skirtas Hengte HT85-8"},"content":{"rendered":"<h1>Kau\u0161o cilindras skirtas Hengte HT85-8<\/h1>\n<h2>\u012evadas<\/h2>\n<p>A bucket cylinder is a specially designed hydraulic cylinder used to control the movement of buckets in heavy machinery such as excavators, backhoe loaders, and front-end loaders. Its main function is to lift, lower, and tilt the bucket, making it easier to handle various material handling tasks. In the hydraulic system, the bucket cylinder achieves precise control of the bucket&#8217;s movement through changes in hydraulic oil pressure, enabling operators to efficiently handle heavy loads and adapt to complex work environments and diverse operational needs.<\/p>\n<p><img decoding=\"async\" src=\"https:\/\/www.hydraulic-cylinders.net\/wp-content\/uploads\/2025\/01\/songte-company-2.webp\" alt=\"Kau\u0161o cilindras skirtas Hengte HT85-8\" \/><\/p>\n<h2>Savyb\u0117s<\/h2>\n<ul>\n<li>Didelis stiprumas ir ilgaam\u017ei\u0161kumas: Paprastai pagaminti i\u0161 didelio stiprumo plieno arba aliuminio, galintys atlaikyti auk\u0161t\u0105 sl\u0117g\u012f ir dideles apkrovas, ir sukurti atsi\u017evelgiant \u012f atsparum\u0105 dilimui ir korozijai, kad b\u016bt\u0173 prailgintas tarnavimo laikas.<\/li>\n<li>Efektyvus hidraulinis valdymas: sklandus i\u0161pl\u0117timas ir atitraukimas naudojant hidraulin\u0117s alyvos sl\u0117g\u012f, greitas reagavimas \u012f valdymo komandas, u\u017etikrinantis galingas st\u016bmimo ir traukimo j\u0117gas, tinkamas sunkiems kroviniams ir sud\u0117tingoms u\u017eduotims atlikti.<\/li>\n<li>Tip\u0173 \u012fvairov\u0117: rinkit\u0117s i\u0161 vienpusio veikimo (hidraulika naudojama tik viena kryptimi) arba dvipusio veikimo (hidraulika naudojama abiem kryptimis) cilindr\u0173, kad patenkintum\u0117te skirtingus eksploatacinius poreikius. Kai kurie modeliai yra teleskopiniai, tod\u0117l juos galima labiau prailginti nedidinant i\u0161orini\u0173 matmen\u0173, tod\u0117l jie tinka naudoti ribotoje erdv\u0117je.<\/li>\n<li>Lengva pakeisti: M\u016bs\u0173 gamin\u012f galima puikiai pakeisti \u0161iais hidrauliniais cilindrais.<\/li>\n<\/ul>\n<p><img decoding=\"async\" src=\"https:\/\/www.hydraulic-cylinders.net\/wp-content\/uploads\/2025\/01\/songte-cylinder-head-with-all-kinds-excavator-models.webp\" alt=\"Kau\u0161o cilindras skirtas Hengte HT85-8\" \/><\/p>\n<h2>Parai\u0161kos<\/h2>\n<p>Kau\u0161o cilindras pla\u010diai naudojamas \u012fvairiose pramon\u0117s \u0161akose ir srityse, \u012fskaitant:<\/p>\n<ul>\n<li>Statybin\u0117 \u012franga: ekskavatoriuose ji yra labai svarbi kasant, kraunant ir perkeliant grunt\u0105 ar \u0161iuk\u0161les. Ekskavatoriuose kau\u0161o cilindras padeda tiek kasti, tiek kelti. <\/li>\n<li>\u017dem\u0117s \u016bkio technika: naudojama priekiniuose krautuvuose dirvo\u017eemiui, \u0161ienui ir kitoms med\u017eiagoms kasti, kelti ir transportuoti. <\/li>\n<li>Ekskavatoriai: Kau\u0161o cilindras leid\u017eia atlikti kasimo veiksmus, leisdamas kau\u0161ui \u012fsiskverbti \u012f dirv\u0105. <\/li>\n<li>Priekiniai krautuvai: Priekiniuose krautuvuose jie padeda efektyviai pakelti ir i\u0161krauti prekes.<\/li>\n<\/ul>\n<h2>Projektavimo aspektai ir atrankos kriterijai<\/h2>\n<p>Renkantis cilindro formos siurbl\u012f, reikia atsi\u017evelgti \u012f kelis svarbius veiksnius:<\/p>\n<ul>\n<li>Geb\u0117jimas i\u0161laikyti svor\u012f: Cilindras turi atlaikyti maksimali\u0105 apkrov\u0105, su kuria susidurs eksploatacijos metu.<\/li>\n<li>Sandarinimas: Pasirinkite tinkamus sandariklius, tokius kaip st\u016bmoklio ir koto sandarikliai, pagamintus i\u0161 atspari\u0173 dilimui med\u017eiag\u0173, toki\u0173 kaip poliuretanas ir nitrilo kau\u010diukas.<\/li>\n<li>Patvarumas: Cilindras tur\u0117t\u0173 b\u016bti suprojektuotas atsi\u017evelgiant \u012f atsparum\u0105 dilimui ir korozijai, kad b\u016bt\u0173 pailgintas jo tarnavimo laikas.<\/li>\n<li>Sauga: Balionas turi b\u016bti suprojektuotas ir pagamintas taip, kad atitikt\u0173 saugos standartus ir reglamentus.<\/li>\n<li>Prie\u017ei\u016bra: Cilindr\u0105 tur\u0117t\u0173 b\u016bti lengva pri\u017ei\u016br\u0117ti ir remontuoti, o dalys tur\u0117t\u0173 b\u016bti lengvai kei\u010diamos.<\/li>\n<\/ul>\n<p><img decoding=\"async\" src=\"https:\/\/www.hydraulic-cylinders.net\/wp-content\/uploads\/2025\/01\/songte-oil-pipes-and-spare-parts.webp\" alt=\"Kau\u0161o cilindras skirtas Hengte HT85-8\" \/><\/p>\n<h2>Sandarinimas ir tepimas<\/h2>\n<p>Siekiant u\u017etikrinti cilindro vientisum\u0105 ir tinkam\u0105 veikim\u0105, naudojami \u012fvair\u016bs sandarinimo komponentai, tokie kaip st\u016bmokli\u0173 ir kot\u0173 sandarikliai. Kad cilindras veikt\u0173 skland\u017eiai, j\u012f reikia reguliariai tepti atitinkamu hidraulin\u0117s alyvos kiekiu.<\/p>\n<h2>Prie\u017ei\u016bra ir remontas<\/h2>\n<p>Reguliarios prie\u017ei\u016bros u\u017eduotys apima tikrinim\u0105, tepim\u0105, sandarikli\u0173 keitim\u0105 ir kalibravimo patikrinimus. Tinkamas montavimas, tepimas ir reguliavimas yra b\u016btini optimaliam cilindro veikimui. Patartina naudoti tinkamus montavimo laikiklius, kad cilindras b\u016bt\u0173 tvirtai pritvirtintas. Siekdami prailginti cilindro tarnavimo laik\u0105, si\u016blome rekomenduojamas patikros, remonto ir keitimo proced\u016bras, \u012fskaitant dali\u0173 keitim\u0105 ir remonto paslaugas.<\/p>\n<p><img decoding=\"async\" src=\"https:\/\/www.hydraulic-cylinders.net\/wp-content\/uploads\/2025\/01\/songte-chushion-collar.webp\" alt=\"Kau\u0161o cilindras skirtas Hengte HT85-8\" \/><\/p>\n<h2>Saugos aspektai ir aplinkos veiksniai<\/h2>\n<p>Naudojant kau\u0161o tipo cilindr\u0105, reikia imtis saugos priemoni\u0173, kad b\u016bt\u0173 i\u0161vengta su\u017ealojim\u0173 ar \u017ealos. Venkite naudoti cilindr\u0105 ne pagal paskirt\u012f arba vir\u0161ydami vardin\u0119 talp\u0105. Aplinkos veiksniai, tokie kaip oras ir temperat\u016bra, taip pat gali tur\u0117ti \u012ftakos cilindro veikimui ir \u012f juos reikia atsi\u017evelgti eksploatacijos metu.<\/p>\n<h2>Trik\u010di\u0173 \u0161alinimas ir da\u017eniausios problemos<\/h2>\n<p>Da\u017eniausios kau\u0161o cilindr\u0173 problemos yra nuot\u0117kis, ma\u017eas na\u0161umas ir nepakankamas atsakas. Pateikiami trik\u010di\u0173 \u0161alinimo patarimai ir sprendimai, kurie pad\u0117s skaitytojams efektyviai diagnozuoti ir pa\u0161alinti problemas, taip pat prevencin\u0117s priemon\u0117s, skirtos suma\u017einti galimas problemas.<\/p>\n<p><img decoding=\"async\" src=\"https:\/\/www.hydraulic-cylinders.net\/wp-content\/uploads\/2025\/01\/songte-bushings-with-all-kinds-of-excavator-models.webp\" alt=\"Kau\u0161o cilindras skirtas Hengte HT85-8\" \/><\/p>\n<h2>Apie m\u016bs\u0173 \u012fmon\u0119<\/h2>\n<p>Esame pakaitini\u0173 hidraulini\u0173 cilindr\u0173 gamintojas, si\u016blantis plat\u0173 gamini\u0173 asortiment\u0105, tap\u0119s vienu i\u0161 pirmaujan\u010di\u0173 hidraulini\u0173 cilindr\u0173 gamintoj\u0173 ir didmenini\u0173 platintoj\u0173 vidaus ir tarptautin\u0117se rinkose. Vadovaujam\u0117s puikios kokyb\u0117s principu, taikome industrializuoto gamybos valdymo strategijas puikiose gamybos dirbtuv\u0117se ir nuolat tobuliname dirbtuvi\u0173 gamybos platform\u0105, pasitelkdami techninius talentus, auk\u0161\u010diausios klas\u0117s skaitmenin\u0119 gamybos \u012frang\u0105 ir profesionalias testavimo sistemas. Pasi\u017eymime stipriu k\u016brybi\u0161kumu ir teikiame efektyvius, tikslius ir auk\u0161tos kokyb\u0117s produktus, kad patenkintume \u012fvairius m\u016bs\u0173 klient\u0173 poreikius.<\/p>\n<p><img decoding=\"async\" src=\"https:\/\/hzpt.com\/wp-content\/uploads\/2024\/11\/songte-company-1.webp\" alt=\"Kau\u0161o cilindras skirtas Hengte HT85-8\" \/><\/p>\n<ul>\n<li>Profesionalumas: Turime ekspert\u0173 komand\u0105, i\u0161manan\u010di\u0105 hidraulinius cilindrus. <\/li>\n<li>Tarptautinis sertifikatas: M\u016bs\u0173 gaminiai yra sertifikuoti pagal ISO 9001 ir CE standartus. <\/li>\n<li>Individualaus pritaikymo paslauga: teikiame individualiai pritaikytas paslaugas, kad patenkintume konkre\u010dius klient\u0173 poreikius. <\/li>\n<li>Gamybos \u012franga: Mes naudojame pa\u017eangi\u0105 \u012frang\u0105 ir technologijas, kad pagamintume auk\u0161tos kokyb\u0117s hidraulinius cilindrus. <\/li>\n<li>Aptarnavimas po pardavimo: Mes teikiame puik\u0173 aptarnavim\u0105 po pardavimo, kad u\u017etikrintume klient\u0173 pasitenkinim\u0105.<\/li>\n<\/ul>\n<p>Autorius: lyl<\/p>","protected":false},"excerpt":{"rendered":"<p>Bucket Cylinder For Hengte HT85-8 Introduction A bucket cylinder is a specially designed hydraulic cylinder used to control the movement of buckets in heavy machinery such as excavators, backhoe loaders, and front-end loaders. Its main function is to lift, lower, and tilt the bucket, making it easier to handle various material handling tasks. In the [&hellip;]<\/p>","protected":false},"featured_media":14765,"comment_status":"open","ping_status":"closed","template":"","meta":{"_et_pb_use_builder":"","_et_pb_old_content":"","_et_gb_content_width":""},"product_brand":[],"product_cat":[1494],"product_tag":[1495,1496],"class_list":{"0":"post-15984","1":"product","2":"type-product","3":"status-publish","4":"has-post-thumbnail","6":"product_cat-bucket-cylinders","7":"product_tag-bucket-cylinders","8":"product_tag-hydraulic-cylinders","10":"first","11":"instock","12":"shipping-taxable","13":"product-type-simple"},"amp_enabled":true,"_links":{"self":[{"href":"https:\/\/www.hydraulic-cylinders.net\/lt\/wp-json\/wp\/v2\/product\/15984","targetHints":{"allow":["GET"]}}],"collection":[{"href":"https:\/\/www.hydraulic-cylinders.net\/lt\/wp-json\/wp\/v2\/product"}],"about":[{"href":"https:\/\/www.hydraulic-cylinders.net\/lt\/wp-json\/wp\/v2\/types\/product"}],"replies":[{"embeddable":true,"href":"https:\/\/www.hydraulic-cylinders.net\/lt\/wp-json\/wp\/v2\/comments?post=15984"}],"wp:featuredmedia":[{"embeddable":true,"href":"https:\/\/www.hydraulic-cylinders.net\/lt\/wp-json\/wp\/v2\/media\/14765"}],"wp:attachment":[{"href":"https:\/\/www.hydraulic-cylinders.net\/lt\/wp-json\/wp\/v2\/media?parent=15984"}],"wp:term":[{"taxonomy":"product_brand","embeddable":true,"href":"https:\/\/www.hydraulic-cylinders.net\/lt\/wp-json\/wp\/v2\/product_brand?post=15984"},{"taxonomy":"product_cat","embeddable":true,"href":"https:\/\/www.hydraulic-cylinders.net\/lt\/wp-json\/wp\/v2\/product_cat?post=15984"},{"taxonomy":"product_tag","embeddable":true,"href":"https:\/\/www.hydraulic-cylinders.net\/lt\/wp-json\/wp\/v2\/product_tag?post=15984"}],"curies":[{"name":"wp","href":"https:\/\/api.w.org\/{rel}","templated":true}]}}