{"id":15993,"date":"2025-01-19T15:15:54","date_gmt":"2025-01-19T15:15:54","guid":{"rendered":"https:\/\/www.hydraulic-cylinders.net\/product\/bucket-cylinder-for-hengte-wheel-excavator-htl150-8\/"},"modified":"2025-01-19T15:15:56","modified_gmt":"2025-01-19T15:15:56","slug":"bucket-cylinder-for-hengte-wheel-excavator-htl150-8","status":"publish","type":"product","link":"https:\/\/www.hydraulic-cylinders.net\/lt\/produktas\/bucket-cylinder-for-hengte-wheel-excavator-htl150-8\/","title":{"rendered":"Kau\u0161o cilindras Hengte ratiniam ekskavatoriui HTL150-8"},"content":{"rendered":"<h1>Kau\u0161o cilindras Hengte ratiniam ekskavatoriui HTL150-8<\/h1>\n<h2>\u012evadas<\/h2>\n<p>\u201eHengte\u201c ratinio ekskavatoriaus HTL150-8 kau\u0161o cilindras yra specializuotas hidraulinis cilindras, daugiausia naudojamas kau\u0161o jud\u0117jimui valdyti sunkiosiose ma\u0161inose, tokiose kaip ekskavatoriai, ekskavatoriniai ekskavatoriai ir frontaliniai krautuvai. Pagrindin\u0117 jo funkcija \u2013 leisti kau\u0161ui pakilti, nuleisti ir pakreipti, taip palengvinant \u012fvairi\u0173 med\u017eiag\u0173 tvarkymo u\u017eduo\u010di\u0173 atlikim\u0105. Hidraulin\u0117je sistemoje kau\u0161o cilindras tiksliai valdo kau\u0161o jud\u0117jim\u0105 keisdamas hidraulin\u0117s alyvos sl\u0117g\u012f, tod\u0117l operatoriai gali efektyviai valdyti sunkius krovinius ir prisitaikyti prie sud\u0117tingos darbo aplinkos bei \u012fvairi\u0173 darbo reikalavim\u0173.<\/p>\n<p><img decoding=\"async\" src=\"https:\/\/www.hydraulic-cylinders.net\/wp-content\/uploads\/2025\/01\/songte-company-2.webp\"\/><\/p>\n<h2>Savyb\u0117s<\/h2>\n<ul>\n<li>Didelis stiprumas ir ilgaam\u017ei\u0161kumas: Paprastai pagamintas i\u0161 didelio stiprumo plieno arba aliuminio, jis gali atlaikyti didel\u012f sl\u0117g\u012f ir dideles apkrovas, prisitaiko prie at\u0161iauri\u0173 darbo s\u0105lyg\u0173 ir yra sukurtas atsi\u017evelgiant \u012f atsparum\u0105 dilimui ir korozijai, kad prailgint\u0173 jo tarnavimo laik\u0105.<\/li>\n<li>Efektyvus hidraulinis veikimas: Skland\u016bs i\u0161pl\u0117timo ir \u012ftraukimo veiksmai pasiekiami naudojant hidraulin\u0117s alyvos sl\u0117g\u012f. Jis gali greitai reaguoti \u012f valdymo komandas, u\u017etikrindamas stipri\u0105 st\u016bmimo ir traukimo j\u0117g\u0105, tinkan\u010di\u0105 sunkiems kroviniams ir sud\u0117tingoms u\u017eduotims atlikti.<\/li>\n<li>\u012evair\u016bs tipai: vienpusio veikimo (hidraulin\u0117 sistema naudojama tik viena kryptimi) arba dvipusio veikimo (hidraulin\u0117 sistema naudojama dviem kryptimis) cilindrus galima pasirinkti pagal reikalavimus, kad b\u016bt\u0173 patenkinti skirtingi eksploatavimo poreikiai. Kai kurie modeliai yra teleskopiniai ir leid\u017eia juos labiau i\u0161tiesti nedidinant i\u0161orini\u0173 matmen\u0173, tod\u0117l jie tinka naudoti ribotoje erdv\u0117je.<\/li>\n<li>Individuali gamyba: Mes galime puikiai pagaminti \u0161\u012f gamin\u012f, kad pakeistume \u0161iuos hidraulinius cilindrus.<\/li>\n<\/ul>\n<p><img decoding=\"async\" src=\"https:\/\/www.hydraulic-cylinders.net\/wp-content\/uploads\/2025\/01\/songte-cylinder-head-with-all-kinds-excavator-models.webp\"\/><\/p>\n<h2>Parai\u0161kos<\/h2>\n<p>Kau\u0161o cilindras pla\u010diai naudojamas \u012fvairiose statybos ir \u017eem\u0117s \u016bkio technikose. \u017demiau pateikiami keli tipiniai pritaikymai:<\/p>\n<h3>Statybin\u0117 \u012franga<\/h3>\n<ul>\n<li>Ekskavatoriai: Kau\u0161o cilindras leid\u017eia atlikti kasimo veiksmus, leisdamas kau\u0161ui \u012fsiskverbti \u012f dirv\u0105.<\/li>\n<li>Ekskavatoriai-ekskavatoriai: Kau\u0161o cilindras padeda atlikti kasimo ir k\u0117limo darbus.<\/li>\n<li>Priekiniai krautuvai: Priekiniuose krautuvuose jie padeda kelti ir pakreipti krovin\u012f, kad b\u016bt\u0173 galima efektyviai i\u0161pilti krovin\u012f.<\/li>\n<\/ul>\n<h3>\u017dem\u0117s \u016bkio technika<\/h3>\n<ul>\n<li>Priekiniai krautuvai: Naudojami dirvo\u017eemiui, \u0161ienui ir kitoms med\u017eiagoms krauti, kelti ir transportuoti.<\/li>\n<\/ul>\n<p>Kiekviena auk\u0161\u010diau apra\u0161yta parai\u0161ka yra ne trumpesn\u0117 kaip 200 \u017eod\u017ei\u0173.<\/p>\n<h2>Projektavimo aspektai ir atrankos kriterijai<\/h2>\n<p>Atsi\u017evelgiant \u012f projektavimo aspektus, tokius kaip laikomoji galia, sandarumas, ilgaam\u017ei\u0161kumas, saugumas ir prie\u017ei\u016bra, aptariami \u0161ie punktai:<\/p>\n<ul>\n<li>Keliamoji galia: Cilindro korpusas ir st\u016bmoklio kotas pagaminti i\u0161 didelio stiprumo med\u017eiag\u0173 ir yra tiksliai apdoroti, siekiant u\u017etikrinti cilindro keliam\u0105j\u0105 gali\u0105.<\/li>\n<li>Sandarinimas: \u012evair\u016bs sandarinimo komponentai, tokie kaip st\u016bmokli\u0173 ir stryp\u0173 sandarikliai, yra pagaminti i\u0161 atspari\u0173 dilimui med\u017eiag\u0173, toki\u0173 kaip poliuretanas ir nitrilo kau\u010diukas, kad b\u016bt\u0173 pasiektas puikus sandarinimo efektyvumas.<\/li>\n<li>Patvarumas: Cilindro korpusas ir galinis dangtelis yra apdorojami kietu anodavimo procesu, kad b\u016bt\u0173 pasiektas puikus atsparumas dilimui ir korozijai.<\/li>\n<li>Sauga: Siekiant u\u017etikrinti, kad cilindras atitikt\u0173 arba vir\u0161yt\u0173 tarptautinius saugos standartus, taikomos grie\u017etos kokyb\u0117s kontrol\u0117s priemon\u0117s.<\/li>\n<li>Prie\u017ei\u016bra: Cilindro konstrukcijoje yra \u012fvairi\u0173 prie\u017ei\u016bros po\u017ei\u016briu patogi\u0173 funkcij\u0173, toki\u0173 kaip lengva prieiga prie vidini\u0173 komponent\u0173 ir standartizuotos atsargin\u0117s dalys.<\/li>\n<\/ul>\n<p><img decoding=\"async\" src=\"https:\/\/www.hydraulic-cylinders.net\/wp-content\/uploads\/2025\/01\/songte-oil-pipes-and-spare-parts.webp\"\/><\/p>\n<h2>Sandarinimas ir tepimas<\/h2>\n<p>\u012evair\u016bs sandarinimo komponentai, tokie kaip st\u016bmokli\u0173 ir kot\u0173 sandarikliai, yra pagaminti i\u0161 atspari\u0173 dilimui med\u017eiag\u0173, toki\u0173 kaip poliuretanas ir nitrilo kau\u010diukas, siekiant u\u017etikrinti puik\u0173 sandarum\u0105. Cilindro korpusas ir galinis dangtelis yra apdorojami kietojo anodavimo procesu, siekiant u\u017etikrinti puik\u0173 atsparum\u0105 dilimui ir korozijai. Taip pat b\u016btina reguliariai \u012fpilti reikiam\u0105 kiek\u012f hidraulin\u0117s alyvos cilindrui sutepti.<\/p>\n<h2>Periodin\u0117s patikros ir prevencin\u0117s prie\u017ei\u016bros priemon\u0117s<\/h2>\n<p>Siekiant u\u017etikrinti ilgalaik\u012f kau\u0161o cilindro veikim\u0105, b\u016btina atlikti periodinius patikrinimus ir prevencines prie\u017ei\u016bros priemones. Toliau pateikiamos \u012fprastos prie\u017ei\u016bros u\u017eduotys:<\/p>\n<ul>\n<li>Periodiniai patikrinimai<\/li>\n<li>Reguliarus tepimas<\/li>\n<li>Sandariklio keitimas<\/li>\n<li>Kalibravimo patikrinimai<\/li>\n<\/ul>\n<p>Tinkamas montavimas, tepimas ir reguliavimas yra labai svarb\u016bs. Montavimo metu pateikiamos teisingos cilindro lygiavimo instrukcijos, o cilindrui pritvirtinti rekomenduojami tinkami montavimo laikikliai. Taip pat rekomenduojame patikrinimo, remonto ir keitimo proced\u016bras, si\u016blome atsargines dalis ir remonto paslaugas bei pateikiame patarim\u0173, kaip prailginti kau\u0161o cilindro tarnavimo laik\u0105.<\/p>\n<p><img decoding=\"async\" src=\"https:\/\/www.hydraulic-cylinders.net\/wp-content\/uploads\/2025\/01\/songte-chushion-collar.webp\"\/><\/p>\n<h2>Saugos aspektai ir aplinkos veiksniai<\/h2>\n<p>Saugos priemon\u0117s naudojant kau\u0161o cilindr\u0105 yra labai svarbios siekiant i\u0161vengti nelaiming\u0173 atsitikim\u0173. Aplinkos veiksniai, tokie kaip temperat\u016bra, dr\u0117gm\u0117 ir \u0117sdinan\u010dios med\u017eiagos, gali tur\u0117ti \u012ftakos kau\u0161o cilindro veikimui. Tod\u0117l reikia imtis tinkam\u0173 apsaugos priemoni\u0173.<\/p>\n<h2>Gedim\u0173 diagnostika ir da\u017eniausios problemos<\/h2>\n<p>Kau\u0161o cilindras gali susidurti su keliomis \u012fprastomis problemomis, \u012fskaitant nepakankam\u0105 gali\u0105, alyvos nuot\u0117k\u012f ir cilindro dreif\u0105. Norint diagnozuoti ir i\u0161spr\u0119sti \u0161ias problemas, si\u016blomi \u0161ie gedim\u0173 diagnostikos ir problem\u0173 sprendimo patarimai:<\/p>\n<ul>\n<li>Nepakanka galios: patikrinkite, ar n\u0117ra \u017eemo sistemos sl\u0117gio, pa\u017eeist\u0173 sandarikli\u0173 arba u\u017esikim\u0161usio hidraulinio filtro.<\/li>\n<li>Alyvos nuot\u0117kis: patikrinkite, ar n\u0117ra pa\u017eeist\u0173 sandarikli\u0173, atsilaisvinusi\u0173 jung\u010di\u0173 arba cilindro korpuso.<\/li>\n<li>Cilindro poslinkis: patikrinkite, ar n\u0117ra susid\u0117v\u0117jusio st\u016bmoklio koto arba pa\u017eeist\u0173 st\u016bmoklio sandarikli\u0173.<\/li>\n<\/ul>\n<p>Prevencin\u0117s priemon\u0117s, tokios kaip reguliari prie\u017ei\u016bra ir ap\u017ei\u016bra, gali pad\u0117ti suma\u017einti \u0161ias problemas.<\/p>\n<p><img decoding=\"async\" src=\"https:\/\/www.hydraulic-cylinders.net\/wp-content\/uploads\/2025\/01\/songte-bushings-with-all-kinds-of-excavator-models.webp\"\/><\/p>\n<h2>Apie m\u016bs\u0173 \u012fmon\u0119<\/h2>\n<p>Esame gamintojas, gaminantis hidraulinius cilindrus, skirtus pakeisti hidraulinius cilindrus. M\u016bs\u0173 gamini\u0173 asortimentas yra platus, ir mes tapome vienu i\u0161 pirmaujan\u010di\u0173 hidraulini\u0173 cilindr\u0173 gamintoj\u0173 ir didmenini\u0173 platintoj\u0173 vidaus ir tarptautin\u0117se rinkose. Vadovaujam\u0117s kokyb\u0117s puikumo principu ir remiam\u0117s industrializuoto gamybos valdymo strategijomis kruop\u0161\u010diai sukurtose gamybos dirbtuv\u0117se. Naudodami techninius talentus, auk\u0161\u010diausios klas\u0117s skaitmenin\u0119 gamybos \u012frang\u0105 ir profesionalias testavimo sistemas, nuolat tobuliname dirbtuvi\u0173 gamybos platform\u0105, geriname gamini\u0173 kokyb\u0117s gamybos proces\u0105 ir turime stipri\u0173 k\u016brybini\u0173 galimybi\u0173. Mes teikiame efektyvius, didelio tikslumo ir auk\u0161tos kokyb\u0117s produktus, kurie atitinka \u012fvairius klient\u0173 poreikius. <\/p>\n<p><img decoding=\"async\" src=\"https:\/\/hzpt.com\/wp-content\/uploads\/2024\/11\/songte-company-1.webp\"\/><\/p>\n<h3>Profesionalumas<\/h3>\n<p>Turime profesionali\u0105 dizaino komand\u0105, kuri gali teikti individualius sprendimus, ir technin\u0117s pagalbos komand\u0105, kuri gali teikti profesionalias technines konsultacijas ir aptarnavim\u0105 po pardavimo. <\/p>\n<h3>Tarptautinis sertifikavimas<\/h3>\n<p>M\u016bs\u0173 \u012fmon\u0117 yra gavusi tarptautinius sertifikatus, tokius kaip ISO ir CE, kurie u\u017etikrina, kad m\u016bs\u0173 gaminiai atitinka arba vir\u0161ija tarptautinius saugos standartus.<\/p>\n<h3>Individualiai pritaikytos paslaugos<\/h3>\n<p>Teikiame individualiai pritaikytas paslaugas, kad patenkintume unikalius klient\u0173 ir j\u0173 taikom\u0173j\u0173 program\u0173 poreikius.<\/p>\n<h3>Gamybos \u012franga<\/h3>\n<p>Turime pa\u017eangi\u0105 gamybos \u012frang\u0105, toki\u0105 kaip CNC apdirbimo centrai ir tikslaus bandymo \u012franga, kad u\u017etikrintume auk\u0161t\u0105 m\u016bs\u0173 gamini\u0173 kokyb\u0119 ir tikslum\u0105.<\/p>\n<h3>Aptarnavimas po pardavimo<\/h3>\n<p>Siekdami u\u017etikrinti klient\u0173 pasitenkinim\u0105 ir ilgalaik\u012f m\u016bs\u0173 gamini\u0173 naudojim\u0105, teikiame i\u0161samias garantinio aptarnavimo paslaugas, \u012fskaitant technin\u0119 pagalb\u0105, remont\u0105 ir keitim\u0105.<\/p>\n<p>Autorius: lyl.<\/p>","protected":false},"excerpt":{"rendered":"<p>Bucket Cylinder For Hengte Wheel Excavator HTL150-8 Introduction The bucket cylinder for Hengte wheel excavator HTL150-8 is a specialized hydraulic cylinder that is primarily used to control the movement of the bucket in heavy machinery such as excavators, backhoe excavators, and front-end loaders. Its main function is to enable the bucket to lift, lower, and [&hellip;]<\/p>","protected":false},"featured_media":14780,"comment_status":"open","ping_status":"closed","template":"","meta":{"_et_pb_use_builder":"","_et_pb_old_content":"","_et_gb_content_width":""},"product_brand":[],"product_cat":[1494],"product_tag":[1495,1496],"class_list":{"0":"post-15993","1":"product","2":"type-product","3":"status-publish","4":"has-post-thumbnail","6":"product_cat-bucket-cylinders","7":"product_tag-bucket-cylinders","8":"product_tag-hydraulic-cylinders","10":"first","11":"instock","12":"shipping-taxable","13":"product-type-simple"},"amp_enabled":true,"_links":{"self":[{"href":"https:\/\/www.hydraulic-cylinders.net\/lt\/wp-json\/wp\/v2\/product\/15993","targetHints":{"allow":["GET"]}}],"collection":[{"href":"https:\/\/www.hydraulic-cylinders.net\/lt\/wp-json\/wp\/v2\/product"}],"about":[{"href":"https:\/\/www.hydraulic-cylinders.net\/lt\/wp-json\/wp\/v2\/types\/product"}],"replies":[{"embeddable":true,"href":"https:\/\/www.hydraulic-cylinders.net\/lt\/wp-json\/wp\/v2\/comments?post=15993"}],"wp:featuredmedia":[{"embeddable":true,"href":"https:\/\/www.hydraulic-cylinders.net\/lt\/wp-json\/wp\/v2\/media\/14780"}],"wp:attachment":[{"href":"https:\/\/www.hydraulic-cylinders.net\/lt\/wp-json\/wp\/v2\/media?parent=15993"}],"wp:term":[{"taxonomy":"product_brand","embeddable":true,"href":"https:\/\/www.hydraulic-cylinders.net\/lt\/wp-json\/wp\/v2\/product_brand?post=15993"},{"taxonomy":"product_cat","embeddable":true,"href":"https:\/\/www.hydraulic-cylinders.net\/lt\/wp-json\/wp\/v2\/product_cat?post=15993"},{"taxonomy":"product_tag","embeddable":true,"href":"https:\/\/www.hydraulic-cylinders.net\/lt\/wp-json\/wp\/v2\/product_tag?post=15993"}],"curies":[{"name":"wp","href":"https:\/\/api.w.org\/{rel}","templated":true}]}}