{"id":15996,"date":"2025-01-19T15:16:08","date_gmt":"2025-01-19T15:16:08","guid":{"rendered":"https:\/\/www.hydraulic-cylinders.net\/product\/bucket-cylinder-for-yigong-cy65-8\/"},"modified":"2025-01-19T15:16:10","modified_gmt":"2025-01-19T15:16:10","slug":"bucket-cylinder-for-yigong-cy65-8","status":"publish","type":"product","link":"https:\/\/www.hydraulic-cylinders.net\/lt\/produktas\/bucket-cylinder-for-yigong-cy65-8\/","title":{"rendered":"Kau\u0161o cilindras Yigong CY65-8"},"content":{"rendered":"<p><!DOCTYPE html><br \/>\n<html><br \/>\n<head><br \/>\n<title>Kau\u0161o cilindras Yigong CY65-8<\/title><br \/>\n<\/head><br \/>\n<body><\/p>\n<h1>Kau\u0161o cilindras Yigong CY65-8<\/h1>\n<h2>\u012evadas<\/h2>\n<p>\u201eYigong CY65-8\u201c kau\u0161o cilindras yra specializuotas hidraulinis cilindras, skirtas valdyti kau\u0161o jud\u0117jim\u0105 sunkiojoje technikoje, tokioje kaip ekskavatoriai, ekskavatoriniai krautuvai ir frontaliniai krautuvai. Pagrindin\u0117 jo funkcija \u2013 leisti pakelti, nuleisti ir pakreipti kau\u0161\u0105, tod\u0117l j\u012f patogu atlikti \u012fvairioms med\u017eiag\u0173 tvarkymo u\u017eduotims. Hidraulin\u0117je sistemoje kau\u0161o cilindras naudoja hidraulin\u0117s alyvos sl\u0117gio poky\u010dius, kad tiksliai valdyt\u0173 kau\u0161\u0105, o tai leid\u017eia operatoriams efektyviai valdyti sunkius krovinius ir prisitaikyti prie sud\u0117tingos darbo aplinkos bei \u012fvairi\u0173 darbo reikalavim\u0173.<\/p>\n<p><img decoding=\"async\" src=\"https:\/\/www.hydraulic-cylinders.net\/wp-content\/uploads\/2025\/01\/songte-company-2.webp\" alt=\"Kau\u0161o cilindro vaizdas\"><\/p>\n<h2>Savyb\u0117s<\/h2>\n<ul>\n<li>Didelis stiprumas ir ilgaam\u017ei\u0161kumas: Paprastai pagamintas i\u0161 didelio stiprumo plieno arba aliuminio, jis gali atlaikyti didel\u012f sl\u0117g\u012f ir dideles apkrovas, prisitaikydamas prie at\u0161iauri\u0173 darbo s\u0105lyg\u0173. Konstrukcijoje atsi\u017evelgiama \u012f atsparum\u0105 dilimui ir korozijai, taip pailginant jo tarnavimo laik\u0105.<\/li>\n<li>Efektyvus hidraulinis veikimas: Naudodamas hidraulin\u0117s alyvos sl\u0117g\u012f, jis u\u017etikrina skland\u0173 i\u0161pl\u0117tim\u0105 ir atitraukim\u0105, greitai reaguodamas \u012f valdymo komandas ir u\u017etikrindamas galingas st\u016bmimo bei traukimo j\u0117gas, tinkamas sunkiems kroviniams ir sud\u0117tingoms u\u017eduotims atlikti.<\/li>\n<li>\u012evair\u016bs tipai: Galima \u012fsigyti vienpusio veikimo (hidraulinis valdymas tik viena kryptimi) arba dvipusio veikimo (hidraulinis valdymas abiem kryptimis) cilindr\u0173, tod\u0117l galima pritaikyti skirtingus eksploatacinius reikalavimus. Kai kurie modeliai yra teleskopiniai, tod\u0117l juos galima labiau prailginti nedidinant i\u0161orini\u0173 matmen\u0173, tod\u0117l jie tinka naudoti ribotoje erdv\u0117je.<\/li>\n<li>Puikus pakeitimas: M\u016bs\u0173 gaminiai gali puikiai pakeisti auk\u0161\u010diau pamin\u0117tus hidraulinius cilindrus.<\/li>\n<\/ul>\n<p><img decoding=\"async\" src=\"https:\/\/www.hydraulic-cylinders.net\/wp-content\/uploads\/2025\/01\/songte-cylinder-head-with-all-kinds-excavator-models.webp\" alt=\"Pakeitimo cilindro vaizdas\"><\/p>\n<h2>Parai\u0161kos<\/h2>\n<p>M\u016bs\u0173 kau\u0161o cilindras yra labai naudingas \u012fvairiuose sektoriuose:<\/p>\n<h3>Statybin\u0117 \u012franga<\/h3>\n<p>Ekskavatoriuose jis atlieka gyvybi\u0161kai svarb\u0173 vaidmen\u012f kasant, kraunant ir perkeliant dirvo\u017eem\u012f ar \u0161iuk\u0161les. Ekskavatoriuose-krautuvuose kau\u0161o cilindras padeda kasti ir kelti.<\/p>\n<h3>\u017dem\u0117s \u016bkio technika<\/h3>\n<p>Naudojamas priekiniuose krautuvuose dirvo\u017eemiui, \u0161ienui ir kitoms med\u017eiagoms semti, kelti ir transportuoti.<\/p>\n<h3>Ekskavatoriai<\/h3>\n<p>Kau\u0161o cilindras leid\u017eia atlikti kasimo veiksmus, leisdamas kau\u0161ui \u012fsiskverbti \u012f dirv\u0105.<\/p>\n<h3>Krautuvai<\/h3>\n<p>Priekiniuose krautuvuose jie padeda efektyviai pakelti ir i\u0161krauti prekes.<\/p>\n<p><img decoding=\"async\" src=\"https:\/\/www.hydraulic-cylinders.net\/wp-content\/uploads\/2025\/01\/songte-oil-pipes-and-spare-parts.webp\" alt=\"Programos vaizdas\"><\/p>\n<h2>Projektavimo aspektai ir atrankos kriterijai<\/h2>\n<ul>\n<li>Guoli\u0173 talpa: Aptarkite cilindro geb\u0117jim\u0105 atlaikyti apkrovas ir sl\u0117g\u012f.<\/li>\n<li>Sandarinimas: Paai\u0161kinkite \u012fvairi\u0173 sandarinimo komponent\u0173, toki\u0173 kaip st\u016bmokli\u0173 ir kot\u0173 sandarikliai, pagamint\u0173 i\u0161 atspari\u0173 dilimui med\u017eiag\u0173, toki\u0173 kaip poliuretanas ir nitrilo kau\u010diukas, naudojimo svarb\u0105. Pabr\u0117\u017ekite cilindro korpuso ir srieginio galo puik\u0173 pavir\u0161iaus apdorojim\u0105, siekiant pagerinti atsparum\u0105 dilimui.<\/li>\n<li>Durability: Discuss the cylinder&#8217;s ability to withstand harsh working conditions and maintain its performance over time.<\/li>\n<li>Sauga: Pabr\u0117\u017ekite saugos funkcijas, \u012ftrauktas \u012f projekt\u0105, siekiant u\u017etikrinti saug\u0173 veikim\u0105.<\/li>\n<li>Prie\u017ei\u016bra: Aptarkite cilindro prie\u017ei\u016bros ir remonto paprastum\u0105.<\/li>\n<\/ul>\n<p><img decoding=\"async\" src=\"https:\/\/www.hydraulic-cylinders.net\/wp-content\/uploads\/2025\/01\/songte-bushings-with-all-kinds-of-excavator-models.webp\" alt=\"Dizaino ir sandarinimo vaizdas\"><\/p>\n<h2>Sandarinimas ir tepimas<\/h2>\n<p>M\u016bs\u0173 kau\u0161o cilindre naudojami \u012fvair\u016bs sandarinimo komponentai, siekiant u\u017etikrinti tinkam\u0105 veikim\u0105. Tai st\u016bmokli\u0173 sandarikliai, stryp\u0173 sandarikliai ir kt. Sandarikliai pagaminti i\u0161 atspari\u0173 dilimui med\u017eiag\u0173, toki\u0173 kaip poliuretanas ir nitrilo kau\u010diukas. Cilindro korpusas ir srieginis galas yra kruop\u0161\u010diai apdorojami, kad padid\u0117t\u0173 atsparumas dilimui. Norint u\u017etikrinti skland\u0173 veikim\u0105, b\u016btina reguliariai tepti tinkamu hidraulin\u0117s alyvos kiekiu.<\/p>\n<h2>Ap\u017ei\u016bra ir prevencin\u0117 prie\u017ei\u016bra<\/h2>\n<ul>\n<li>Reguliar\u016bs patikrinimai: atlikite \u012fprastinius patikrinimus, kad nustatytum\u0117te galimas problemas ir u\u017etikrintum\u0117te tinkam\u0105 veikim\u0105.<\/li>\n<li>Tinkamas tepimas: palaikykite tinkam\u0105 tepim\u0105, kad i\u0161vengtum\u0117te susid\u0117v\u0117jimo ir pailgintum\u0117te cilindro tarnavimo laik\u0105.<\/li>\n<li>Tarpikli\u0173 keitimas: Reguliariai tikrinkite ir keiskite tarpiklius, kad i\u0161vengtum\u0117te nuot\u0117ki\u0173 ir i\u0161laikytum\u0117te optimal\u0173 veikim\u0105.<\/li>\n<li>Kalibravimo patikrinimai: periodi\u0161kai kalibruokite cilindr\u0105, kad u\u017etikrintum\u0117te tiksl\u0173 veikim\u0105.<\/li>\n<\/ul>\n<p><img decoding=\"async\" src=\"https:\/\/www.hydraulic-cylinders.net\/wp-content\/uploads\/2025\/01\/songte-chushion-collar.webp\" alt=\"Prie\u017ei\u016bros vaizdas\"><\/p>\n<h2>Saugos aspektai ir aplinkos veiksniai<\/h2>\n<p>Naudojant kau\u0161o cilindr\u0105, labai svarbu laikytis saugos priemoni\u0173, kad b\u016bt\u0173 i\u0161vengta nelaiming\u0173 atsitikim\u0173 ir u\u017etikrinta saugi darbo aplinka. \u0160ios priemon\u0117s apima tinkam\u0105 mokym\u0105, saugos gairi\u0173 laikym\u0105si ir tinkam\u0173 asmenini\u0173 apsaugos priemoni\u0173 naudojim\u0105.<\/p>\n<h2>Gedim\u0173 diagnostika ir da\u017eniausios problemos<\/h2>\n<p>Da\u017eniausi kau\u0161o cilindro gedimai ir problemos yra nuot\u0117kis, suma\u017e\u0117j\u0119s na\u0161umas ir ne\u012fprasti triuk\u0161mai. Norint i\u0161vengti tolesn\u0117s \u017ealos ir u\u017etikrinti optimal\u0173 veikim\u0105, labai svarbu nedelsiant spr\u0119sti \u0161ias problemas.<\/p>\n<p><img decoding=\"async\" src=\"https:\/\/www.hydraulic-cylinders.net\/wp-content\/uploads\/2025\/01\/songte-company-1.webp\" alt=\"Gedim\u0173 diagnostikos vaizdas\"><\/p>\n<h2>Prevencin\u0117s priemon\u0117s<\/h2>\n<p>Siekiant suma\u017einti galimas problemas, b\u016btina \u012fgyvendinti prevencines priemones. Tai gali b\u016bti reguliari ap\u017ei\u016bra, tinkamas tepimas ir rekomenduojam\u0173 eksploatavimo gairi\u0173 laikymasis. Laikantis \u0161i\u0173 atsargumo priemoni\u0173, galima suma\u017einti galimas problemas, u\u017etikrinti skland\u0173 veikim\u0105 ir ilgesn\u012f gaminio tarnavimo laik\u0105.<\/p>\n<h2>Diegimo vadovas<\/h2>\n<p>Tinkamas kau\u0161o cilindro montavimas yra labai svarbus optimaliam veikimui ir saugumui. Laikykit\u0117s \u0161i\u0173 nurodym\u0173:<\/p>\n<ul>\n<li>Montuodami u\u017etikrinkite teising\u0105 cilindro sulygiavim\u0105.<\/li>\n<li>Cilindrui pritvirtinti naudokite tinkamas montavimo atramas.<\/li>\n<li>Laikykit\u0117s rekomenduojam\u0173 patikrinimo, remonto ir keitimo proced\u016br\u0173.<\/li>\n<li>Teikti restauravimo paslaugas ir si\u016blyti atsargines dalis, kad b\u016bt\u0173 prailgintas kau\u0161o cilindro tarnavimo laikas.<\/li>\n<li>Pateikite patarim\u0173, kaip pailginti cilindro tarnavimo laik\u0105.<\/li>\n<\/ul>\n<p><img decoding=\"async\" src=\"https:\/\/www.hydraulic-cylinders.net\/wp-content\/uploads\/2025\/01\/songte-company-3.webp\" alt=\"Diegimo vadovo paveiksl\u0117lis\"><\/p>\n<h2>Apie m\u016bs\u0173 \u012fmon\u0119<\/h2>\n<p>Esame pirmaujanti hidraulini\u0173 cilindr\u0173 gamintoja ir didmenin\u0117 platintoja vidaus ir tarptautin\u0117se rinkose. M\u016bs\u0173 \u012fmon\u0117 si\u016blo plat\u0173 gamini\u0173 asortiment\u0105 ir laikosi meistri\u0161kumo princip\u0173, naudodama pa\u017eangi\u0105 gamybos \u012frang\u0105, profesionalias testavimo sistemas ir talenting\u0173 specialist\u0173 komand\u0105. Teikiame individualiai pritaikytas paslaugas, turime tarptautinius sertifikatus ir si\u016blome auk\u0161\u010diausios kokyb\u0117s garantin\u012f aptarnavim\u0105. M\u016bs\u0173 \u012fsipareigojimas u\u017etikrinti auk\u0161t\u0105 efektyvum\u0105, tikslum\u0105 ir kokyb\u0119 u\u017etikrina, kad patenkiname \u012fvairius m\u016bs\u0173 klient\u0173 poreikius.<\/p>\n<p><img decoding=\"async\" src=\"https:\/\/hzpt.com\/wp-content\/uploads\/2024\/11\/songte-company-1.webp\" alt=\"\u012emon\u0117s \u012fvaizdis\"><\/p>\n<p>Autorius: lyl<\/p>\n<p><\/body><br \/>\n<\/html><\/p>","protected":false},"excerpt":{"rendered":"<p>Bucket Cylinder For Yigong CY65-8 Bucket Cylinder For Yigong CY65-8 Introduction The bucket cylinder for Yigong CY65-8 is a specialized hydraulic cylinder designed to control the movement of the bucket in heavy machinery such as excavators, backhoe loaders, and front loaders. Its main function is to enable the lifting, lowering, and tilting of the bucket, [&hellip;]<\/p>","protected":false},"featured_media":14773,"comment_status":"open","ping_status":"closed","template":"","meta":{"_et_pb_use_builder":"","_et_pb_old_content":"","_et_gb_content_width":""},"product_brand":[],"product_cat":[1494],"product_tag":[1495,1496],"class_list":{"0":"post-15996","1":"product","2":"type-product","3":"status-publish","4":"has-post-thumbnail","6":"product_cat-bucket-cylinders","7":"product_tag-bucket-cylinders","8":"product_tag-hydraulic-cylinders","10":"first","11":"instock","12":"shipping-taxable","13":"product-type-simple"},"amp_enabled":true,"_links":{"self":[{"href":"https:\/\/www.hydraulic-cylinders.net\/lt\/wp-json\/wp\/v2\/product\/15996","targetHints":{"allow":["GET"]}}],"collection":[{"href":"https:\/\/www.hydraulic-cylinders.net\/lt\/wp-json\/wp\/v2\/product"}],"about":[{"href":"https:\/\/www.hydraulic-cylinders.net\/lt\/wp-json\/wp\/v2\/types\/product"}],"replies":[{"embeddable":true,"href":"https:\/\/www.hydraulic-cylinders.net\/lt\/wp-json\/wp\/v2\/comments?post=15996"}],"wp:featuredmedia":[{"embeddable":true,"href":"https:\/\/www.hydraulic-cylinders.net\/lt\/wp-json\/wp\/v2\/media\/14773"}],"wp:attachment":[{"href":"https:\/\/www.hydraulic-cylinders.net\/lt\/wp-json\/wp\/v2\/media?parent=15996"}],"wp:term":[{"taxonomy":"product_brand","embeddable":true,"href":"https:\/\/www.hydraulic-cylinders.net\/lt\/wp-json\/wp\/v2\/product_brand?post=15996"},{"taxonomy":"product_cat","embeddable":true,"href":"https:\/\/www.hydraulic-cylinders.net\/lt\/wp-json\/wp\/v2\/product_cat?post=15996"},{"taxonomy":"product_tag","embeddable":true,"href":"https:\/\/www.hydraulic-cylinders.net\/lt\/wp-json\/wp\/v2\/product_tag?post=15996"}],"curies":[{"name":"wp","href":"https:\/\/api.w.org\/{rel}","templated":true}]}}