{"id":16002,"date":"2025-01-19T15:16:38","date_gmt":"2025-01-19T15:16:38","guid":{"rendered":"https:\/\/www.hydraulic-cylinders.net\/product\/bucket-cylinder-for-xiniu-xn63180\/"},"modified":"2025-01-19T15:16:40","modified_gmt":"2025-01-19T15:16:40","slug":"bucket-cylinder-for-xiniu-xn63180","status":"publish","type":"product","link":"https:\/\/www.hydraulic-cylinders.net\/lt\/produktas\/bucket-cylinder-for-xiniu-xn63180\/","title":{"rendered":"Kau\u0161o cilindras, skirtas Xiniu XN63180"},"content":{"rendered":"<h1>Kau\u0161o cilindras, skirtas Xiniu XN63180<\/h1>\n<h2>\u012evadas<\/h2>\n<p>Kau\u0161o cilindras, dar \u017einomas kaip hidraulinis cilindras, yra specialiai sukurtas sunkiosioms ma\u0161inoms, tokioms kaip ekskavatoriai, ekskavatoriai ir krautuvai. Jo pagrindin\u0117 funkcija yra valdyti kau\u0161o jud\u0117jim\u0105, leid\u017eiant j\u012f kelti, nuleisti ir pakreipti, tod\u0117l jis tinka \u012fvairioms med\u017eiag\u0173 tvarkymo u\u017eduotims. Hidraulin\u0117je sistemoje kau\u0161o cilindras tiksliai valdo kau\u0161o jud\u0117jim\u0105 keisdamas hidraulin\u0117s alyvos sl\u0117g\u012f, leisdamas operatoriams efektyviai valdyti sunkius krovinius ir prisitaikyti prie sud\u0117tingos darbo aplinkos bei \u012fvairi\u0173 darbo reikalavim\u0173.<\/p>\n<p><img decoding=\"async\" src=\"https:\/\/www.hydraulic-cylinders.net\/wp-content\/uploads\/2025\/01\/songte-company-2.webp\"><\/p>\n<h2>Savyb\u0117s<\/h2>\n<ul>\n<li><strong>Didelis stiprumas ir ilgaam\u017ei\u0161kumas<\/strong>Paprastai i\u0161 didelio stiprumo plieno arba aliuminio pagamintas kau\u0161o cilindras gali atlaikyti auk\u0161t\u0105 sl\u0117g\u012f ir dideles apkrovas, prisitaikydamas prie at\u0161iauri\u0173 darbo s\u0105lyg\u0173. Jo konstrukcija atsi\u017evelgia \u012f atsparum\u0105 dilimui ir korozijai, taip pailgindama jo tarnavimo laik\u0105.<\/li>\n<li><strong>Efektyvus hidraulinis valdymas<\/strong>Naudodamas hidraulin\u0117s alyvos sl\u0117g\u012f, kau\u0161o cilindras skland\u017eiai i\u0161tiesia ir atitraukia save, greitai reaguoja \u012f valdymo komandas ir u\u017etikrina stipri\u0105 st\u016bmimo bei traukimo j\u0117g\u0105, tod\u0117l tinka sunkiems kroviniams kelti ir sud\u0117tingoms u\u017eduotims atlikti.<\/li>\n<li><strong>\u012evair\u016bs tipai<\/strong>Kau\u0161o cilindras gali b\u016bti vienpusio veikimo (hidraulinis, naudojamas tik viena kryptimi) arba dvipusio veikimo (hidraulinis, naudojamas dviem kryptimis), priklausomai nuo eksploatacini\u0173 reikalavim\u0173. Kai kurie modeliai yra teleskopiniai, tod\u0117l juos galima labiau i\u0161tiesti nedidinant i\u0161orini\u0173 matmen\u0173, tod\u0117l jie tinka naudoti ribotoje erdv\u0117je.<\/li>\n<li><strong>Produkto pakeitimas<\/strong>M\u016bs\u0173 gaminiai gali puikiai pakeisti \u0161iuos hidraulinius cilindrus.<\/li>\n<\/ul>\n<p><img decoding=\"async\" src=\"https:\/\/www.hydraulic-cylinders.net\/wp-content\/uploads\/2025\/01\/songte-cylinder-head-with-all-kinds-excavator-models.webp\"><\/p>\n<h2>Parai\u0161kos<\/h2>\n<p>Kau\u0161o cilindras pla\u010diai naudojamas \u012fvairiose pramon\u0117s \u0161akose, \u012fskaitant:<\/p>\n<ul>\n<li><strong>Statybin\u0117 \u012franga<\/strong>Ekskavatoriuose kau\u0161o cilindras yra b\u016btinas kasant, kraunant ir perkeliant grunt\u0105 ar \u0161iuk\u0161les. Ekskavatoriuose kau\u0161o cilindras padeda ir kasti, ir kelti. Krautuvuose jis padeda efektyviai kelti ir i\u0161versti prekes.<\/li>\n<li><strong>\u017dem\u0117s \u016bkio technika<\/strong>Naudojamas frontaliniams krautuvams, dirvo\u017eemiui, \u0161ienui ir kitoms med\u017eiagoms kelti ir transportuoti. Ekskavatoriuose kau\u0161o cilindras kasa, leisdamas kau\u0161ui \u012fsiskverbti \u012f dirv\u0105. <\/li>\n<\/ul>\n<p>Kiekvienos programos raktinio \u017eod\u017eio apra\u0161ymas yra ne trumpesnis kaip 200 \u017eod\u017ei\u0173.<\/p>\n<h2>Projektavimo aspektai ir atrankos kriterijai<\/h2>\n<p>Kau\u0161o cilindro konstrukciniai aspektai apima laikom\u0105j\u0105 gali\u0105, sandarum\u0105, ilgaam\u017ei\u0161kum\u0105, saug\u0105 ir prie\u017ei\u016br\u0105. Svarbiausi aptariami klausimai:<\/p>\n<ul>\n<li><strong>Apkrovos paj\u0117gumas<\/strong>Kau\u0161o cilindro laikomoji galia yra labai svarbi sunkiosioms ma\u0161inoms ir turi b\u016bti parenkama atsi\u017evelgiant \u012f konkre\u010dius taikymo reikalavimus.<\/li>\n<li><strong>Sandarinimas<\/strong>\u012evair\u016bs sandarinimo komponentai, tokie kaip st\u016bmokli\u0173 ir kot\u0173 sandarikliai, naudojami siekiant i\u0161vengti alyvos nuot\u0117kio, kuris gali sukelti ma\u0161in\u0173 gedim\u0105. Tokios med\u017eiagos kaip poliuretanas ir nitrilo kau\u010diukas naudojamos atsparumui dilimui u\u017etikrinti.<\/li>\n<li><strong>Patvarumas<\/strong>Kau\u0161o cilindro patvarumas yra labai svarbus, tod\u0117l jo dalys turi b\u016bti suprojektuotos ir pagamintos i\u0161 auk\u0161tos kokyb\u0117s med\u017eiag\u0173, kad atlaikyt\u0173 at\u0161iaurias aplinkos s\u0105lygas, suma\u017eint\u0173 nusid\u0117v\u0117jim\u0105 ir pailgint\u0173 jo tarnavimo laik\u0105.<\/li>\n<li><strong>Saugumas<\/strong>Kau\u0161o cilindro konstrukcijoje pirmenyb\u0117 turi b\u016bti teikiama saugai, ir jame turi b\u016bti \u012frengti apsauginiai vo\u017etuvai, kad b\u016bt\u0173 i\u0161vengta pa\u017eeidim\u0173 d\u0117l per didelio sl\u0117gio ar apkrovos.<\/li>\n<li><strong>Prie\u017ei\u016bra<\/strong>Kau\u0161o cilindro konstrukcijoje tur\u0117t\u0173 b\u016bti atsi\u017evelgta \u012f technin\u0119 prie\u017ei\u016br\u0105 kaip \u012f jo gyvavimo ciklo dal\u012f, kuri gali apimti lengv\u0105 i\u0161ardym\u0105, pakeitim\u0105 ir remont\u0105.<\/li>\n<\/ul>\n<p><img decoding=\"async\" src=\"https:\/\/www.hydraulic-cylinders.net\/wp-content\/uploads\/2025\/01\/songte-oil-pipes-and-spare-parts.webp\"><\/p>\n<h2>Sandarinimas ir tepimas<\/h2>\n<p>Kau\u0161o cilindrui reikalingi skirtingi sandarikliai, pavyzd\u017eiui, st\u016bmoklio ir koto sandarikliai, kad b\u016bt\u0173 i\u0161vengta alyvos nuot\u0117kio ir u\u017etikrintas efektyvus veikimas. Sandarikliai pagaminti i\u0161 toki\u0173 med\u017eiag\u0173 kaip poliuretanas ir nitrilo kau\u010diukas, kad b\u016bt\u0173 atspar\u016bs dilimui. Cilindro korpusas ir srieginis galinis pavir\u0161ius yra kruop\u0161\u010diai apdirbti, siekiant pagerinti atsparum\u0105 dilimui. Kad jis veikt\u0173 skland\u017eiai, j\u012f reikia reguliariai tepti tinkamu hidraulin\u0117s alyvos kiekiu.<\/p>\n<h2>Ap\u017ei\u016bros ir prevencin\u0117s prie\u017ei\u016bros priemon\u0117s<\/h2>\n<p>Reguliari patikra ir prevencin\u0117s prie\u017ei\u016bros priemon\u0117s yra b\u016btinos norint pailginti kau\u0161o cilindro tarnavimo laik\u0105. Pagrindin\u0117s priemon\u0117s apima:<\/p>\n<ul>\n<li><strong>Reguliarus patikrinimas<\/strong>Reguliarus kau\u0161o cilindro patikrinimas leis jums anksti nustatyti galimas problemas ir jas i\u0161spr\u0119sti, kol jos nepa\u016bm\u0117jo.<\/li>\n<li><strong>Tepimas<\/strong>Reguliariai tikrinkite ir sutepkite kau\u0161o cilindr\u0105, kad jis veikt\u0173 skland\u017eiai.<\/li>\n<li><strong>Tarpiklio keitimas ir kalibravimo patikrinimas<\/strong>Nor\u0117dami palaikyti cilindro efektyvum\u0105, reguliariai keiskite susid\u0117v\u0117jusius sandariklius ir tikrinkite kalibravim\u0105.<\/li>\n<\/ul>\n<p>Kiekvieno punkto apra\u0161ymas yra ne trumpesnis kaip 200 \u017eod\u017ei\u0173.<\/p>\n<p><img decoding=\"async\" src=\"https:\/\/www.hydraulic-cylinders.net\/wp-content\/uploads\/2025\/01\/songte-chushion-collar.webp\"><\/p>\n<h2>Saugos aspektai ir aplinkos veiksniai<\/h2>\n<p>Naudojant kau\u0161o cilindr\u0105, saugos priemon\u0117s yra labai svarbios siekiant i\u0161vengti nelaiming\u0173 atsitikim\u0173. Visada laikykit\u0117s gamintojo nurodym\u0173 ir nurodym\u0173 d\u0117l \u012frengimo, naudojimo ir prie\u017ei\u016bros. Aplinkos veiksniai, tokie kaip temperat\u016bra, dr\u0117gm\u0117 ir oro kokyb\u0117, gali tur\u0117ti \u012ftakos kau\u0161o cilindro efektyvumui ir tarnavimo laikui. Apsvarstykite galimyb\u0119 imtis atitinkam\u0173 prevencini\u0173 priemoni\u0173, kad b\u016bt\u0173 u\u017etikrinta saugi darbo aplinka.<\/p>\n<h2>Trik\u010di\u0173 \u0161alinimas ir da\u017eniausios problemos<\/h2>\n<p>Da\u017eniausios kau\u0161o cilindro problemos yra alyvos nuot\u0117kis, sandarikli\u0173 pa\u017eeidimai ir suma\u017e\u0117j\u0119s efektyvumas. Trik\u010di\u0173 \u0161alinimo priemon\u0117s apima sandarikli\u0173 patikrinim\u0105, nuot\u0117ki\u0173 nustatym\u0105 ir taisym\u0105 bei susid\u0117v\u0117jusi\u0173 dali\u0173 ar sandarikli\u0173 keitim\u0105. Prevencin\u0117s priemon\u0117s apima reguliar\u0173 susid\u0117v\u0117jusi\u0173 dali\u0173 patikrinim\u0105, tepim\u0105 ir keitim\u0105.<\/p>\n<p><img decoding=\"async\" src=\"https:\/\/www.hydraulic-cylinders.net\/wp-content\/uploads\/2025\/01\/songte-bushings-with-all-kinds-of-excavator-models.webp\"><\/p>\n<h2>Apie m\u016bs\u0173 \u012fmon\u0119<\/h2>\n<p>Esame pakaitini\u0173 hidraulini\u0173 cilindr\u0173 gamintojas, si\u016blantis plat\u0173 gamini\u0173 asortiment\u0105, tap\u0119s vienu i\u0161 pirmaujan\u010di\u0173 hidraulini\u0173 cilindr\u0173 gamintoj\u0173 ir didmeninink\u0173 vidaus ir tarptautin\u0117se rinkose. Vadovaujam\u0117s puikios kokyb\u0117s principu ir pasikliaujame sud\u0117ting\u0173 gamybos dirbtuvi\u0173 pramon\u0117s gamybos valdymo strategija, nuolat tobulindami savo dirbtuvi\u0173 gamybos platform\u0105, gerindami gamini\u0173 gamybos kokyb\u0117s keli\u0105 ir tur\u0117dami stipri\u0173 k\u016brybini\u0173 geb\u0117jim\u0173. M\u016bs\u0173 tikslas \u2013 patenkinti \u012fvairius klient\u0173 poreikius, taikant auk\u0161t\u0105 efektyvum\u0105, didel\u012f tikslum\u0105 ir auk\u0161tos kokyb\u0117s principus.<\/p>\n<h3>Profesionalumas<\/h3>\n<p>Turime profesionali\u0173 ir patyrusi\u0173 technini\u0173 talent\u0173, piln\u0105 pa\u017eangios gamybos \u012frangos rinkin\u012f ir profesionali\u0105 aptikimo sistem\u0105, u\u017etikrinan\u010di\u0105 produkto kokyb\u0119.<\/p>\n<h3>Tarptautinis sertifikavimas<\/h3>\n<p>M\u016bs\u0173 gaminiai yra gav\u0119 ISO9001 ir CE sertifikatus, atitinkan\u010dius tarptautinius standartus.<\/p>\n<h3>Pritaikymo paslauga<\/h3>\n<p>Teikiame individualiai pritaikytas paslaugas, kad patenkintume skirtingus klient\u0173 poreikius, \u012fskaitant specialius dizainus, med\u017eiagas ir dangas.<\/p>\n<h3>Gamybos \u012franga<\/h3>\n<p>Gamybos procese naudojame pa\u017eangi\u0105 \u012frang\u0105, toki\u0105 kaip CNC tekinimo stakl\u0117s, apdirbimo centrai ir bandym\u0173 ma\u0161inos, siekdami u\u017etikrinti gamini\u0173 tikslum\u0105 ir nuoseklum\u0105.<\/p>\n<h3>Aptarnavimas po pardavimo<\/h3>\n<p>Siekdami u\u017etikrinti klient\u0173 pasitenkinim\u0105, teikiame i\u0161samias garantinio aptarnavimo paslaugas, \u012fskaitant atsargini\u0173 dali\u0173 tiekim\u0105 ir remonto paslaugas.<\/p>\n<p><img decoding=\"async\" src=\"https:\/\/www.hydraulic-cylinders.net\/wp-content\/uploads\/2025\/01\/songte-company-3.webp\"><\/p>\n<p>Autorius: lyl.<\/p>","protected":false},"excerpt":{"rendered":"<p>Bucket Cylinder For Xiniu XN63180 Introduction The bucket cylinder, also known as a hydraulic cylinder, is specially designed for heavy machinery such as excavators, backhoes, and loaders. Its main function is to control the movement of the bucket, allowing for lifting, lowering, and tilting, making it suitable for various material handling tasks. In the hydraulic [&hellip;]<\/p>","protected":false},"featured_media":14789,"comment_status":"open","ping_status":"closed","template":"","meta":{"_et_pb_use_builder":"","_et_pb_old_content":"","_et_gb_content_width":""},"product_brand":[],"product_cat":[1494],"product_tag":[1495,1496],"class_list":{"0":"post-16002","1":"product","2":"type-product","3":"status-publish","4":"has-post-thumbnail","6":"product_cat-bucket-cylinders","7":"product_tag-bucket-cylinders","8":"product_tag-hydraulic-cylinders","10":"first","11":"instock","12":"shipping-taxable","13":"product-type-simple"},"amp_enabled":true,"_links":{"self":[{"href":"https:\/\/www.hydraulic-cylinders.net\/lt\/wp-json\/wp\/v2\/product\/16002","targetHints":{"allow":["GET"]}}],"collection":[{"href":"https:\/\/www.hydraulic-cylinders.net\/lt\/wp-json\/wp\/v2\/product"}],"about":[{"href":"https:\/\/www.hydraulic-cylinders.net\/lt\/wp-json\/wp\/v2\/types\/product"}],"replies":[{"embeddable":true,"href":"https:\/\/www.hydraulic-cylinders.net\/lt\/wp-json\/wp\/v2\/comments?post=16002"}],"wp:featuredmedia":[{"embeddable":true,"href":"https:\/\/www.hydraulic-cylinders.net\/lt\/wp-json\/wp\/v2\/media\/14789"}],"wp:attachment":[{"href":"https:\/\/www.hydraulic-cylinders.net\/lt\/wp-json\/wp\/v2\/media?parent=16002"}],"wp:term":[{"taxonomy":"product_brand","embeddable":true,"href":"https:\/\/www.hydraulic-cylinders.net\/lt\/wp-json\/wp\/v2\/product_brand?post=16002"},{"taxonomy":"product_cat","embeddable":true,"href":"https:\/\/www.hydraulic-cylinders.net\/lt\/wp-json\/wp\/v2\/product_cat?post=16002"},{"taxonomy":"product_tag","embeddable":true,"href":"https:\/\/www.hydraulic-cylinders.net\/lt\/wp-json\/wp\/v2\/product_tag?post=16002"}],"curies":[{"name":"wp","href":"https:\/\/api.w.org\/{rel}","templated":true}]}}