{"id":16006,"date":"2025-01-19T15:16:54","date_gmt":"2025-01-19T15:16:54","guid":{"rendered":"https:\/\/www.hydraulic-cylinders.net\/product\/bucket-cylinder-for-xiniu-xn120-l\/"},"modified":"2025-01-19T15:16:56","modified_gmt":"2025-01-19T15:16:56","slug":"bucket-cylinder-for-xiniu-xn120-l","status":"publish","type":"product","link":"https:\/\/www.hydraulic-cylinders.net\/lt\/produktas\/bucket-cylinder-for-xiniu-xn120-l\/","title":{"rendered":"Kau\u0161o cilindras, skirtas Xiniu XN120-L"},"content":{"rendered":"<h1>Kau\u0161o cilindras, skirtas Xiniu XN120-L<\/h1>\n<h2>\u012evadas<\/h2>\n<p>\u201eXiniu XN120-L\u201c kau\u0161o cilindras yra hidraulinio cilindro tipas, specialiai sukurtas valdyti kastuv\u0173 jud\u0117jim\u0105 sunkiosiose ma\u0161inose, tokiose kaip ekskavatoriai, ekskavatoriniai ekskavatoriai ir frontaliniai krautuvai. Pagrindin\u0117 jo funkcija \u2013 leisti kau\u0161ui pakilti, nuleisti ir pakreipti, taip palengvinant \u012fvairi\u0173 med\u017eiag\u0173 tvarkymo u\u017eduo\u010di\u0173 atlikim\u0105. Hidraulin\u0117je sistemoje kau\u0161o cilindras naudoja hidraulin\u0117s alyvos sl\u0117gio poky\u010dius, kad tiksliai valdyt\u0173 kau\u0161\u0105, o tai leid\u017eia operatoriams efektyviai valdyti sunkius krovinius, prisitaikyti prie sud\u0117tingos darbo aplinkos ir \u012fvairi\u0173 darbo reikalavim\u0173.<\/p>\n<p><img decoding=\"async\" src=\"https:\/\/www.hydraulic-cylinders.net\/wp-content\/uploads\/2025\/01\/songte-company-2.webp\" alt=\"Kau\u0161o cilindras, skirtas Xiniu XN120-L vaizdui\"><\/p>\n<h2>Savyb\u0117s<\/h2>\n<ul>\n<li>Didelis stiprumas ir ilgaam\u017ei\u0161kumas: Paprastai pagaminti i\u0161 didelio stiprumo plieno arba aliuminio, galintys atlaikyti auk\u0161t\u0105 sl\u0117g\u012f ir dideles apkrovas, prisitaikantys prie at\u0161iauri\u0173 darbo s\u0105lyg\u0173, atspar\u016bs dilimui ir korozijai, prailginantys tarnavimo laik\u0105.<\/li>\n<li>Efektyvus hidraulinis veikimas: naudojant hidraulin\u0117s alyvos sl\u0117g\u012f, pasiekiamas sklandus i\u0161sipl\u0117timo ir susitraukimo judesys, greitai reaguojant \u012f valdymo komandas, u\u017etikrinant galing\u0105 st\u016bmimo ir traukimo j\u0117g\u0105, tinkan\u010di\u0105 sunkiems kroviniams ir sud\u0117tingoms darbo u\u017eduotims atlikti.<\/li>\n<li>\u012evair\u016bs tipai: pagal reikalavimus, kad b\u016bt\u0173 patenkinti skirtingi eksploatavimo poreikiai, galima pasirinkti vienpusio veikimo (hidraulinis variklis naudojamas tik viena kryptimi) arba dvipusio veikimo (hidraulinis variklis naudojamas dviem kryptimis) cilindrus. Kai kurie modeliai yra teleskopiniai, tod\u0117l juos galima labiau i\u0161tiesti nedidinant i\u0161orini\u0173 matmen\u0173, tod\u0117l jie tinka naudoti ribotoje erdv\u0117je.<\/li>\n<li>Puikus pakeitimas: m\u016bs\u0173 gaminiai gali puikiai pakeisti \u0161iuos hidraulinius cilindrus.<\/li>\n<\/ul>\n<p><img decoding=\"async\" src=\"https:\/\/www.hydraulic-cylinders.net\/wp-content\/uploads\/2025\/01\/songte-cylinder-head-with-all-kinds-excavator-models.webp\" alt=\"Kau\u0161o cilindras, skirtas Xiniu XN120-L vaizdui\"><\/p>\n<h2>Parai\u0161kos<\/h2>\n<p>\u201eXiniu XN120-L\u201c kau\u0161o cilindras yra pla\u010diai naudojamas \u012fvairiose srityse. Kai kurios i\u0161 j\u0173 yra:<\/p>\n<ul>\n<li>Statybin\u0117 \u012franga: ekskavatoriuose jie yra b\u016btini kasant, kraunant ir perkeliant grunt\u0105 ar \u0161iuk\u0161les. Ekskavatoriuose kau\u0161o cilindrai padeda tiek kasti, tiek kelti. Priekiniuose krautuvuose jie padeda efektyviai kelti ir pakreipti prekes.<\/li>\n<li>\u017dem\u0117s \u016bkio technika: naudojama priekiniuose krautuvuose dirvo\u017eemiui, \u0161ienui ir kitoms med\u017eiagoms semti, kelti ir transportuoti. Ekskavatoriuose kau\u0161o cilindras leid\u017eia atlikti kasimo darbus, leisdamas kau\u0161ui \u012fsiskverbti \u012f dirv\u0105.<\/li>\n<\/ul>\n<h2>Projektavimo aspektai ir atrankos kriterijai<\/h2>\n<p>Kau\u0161\u0173 cilindr\u0173 pasirinkimo kriterijai turi atsi\u017evelgti \u012f kelet\u0105 projektavimo aspekt\u0173, toki\u0173 kaip:<\/p>\n<ul>\n<li>Geb\u0117jimas i\u0161laikyti svor\u012f: Cilindras turi atlaikyti maksimali\u0105 apkrov\u0105, kuri\u0105 ma\u0161ina gali daryti cilindrui.<\/li>\n<li>Sandarinimas: Cilindras turi b\u016bti sandariai u\u017edarytas, kad \u012f j\u012f nepatekt\u0173 hidraulin\u0117 alyva ir ter\u0161alai.<\/li>\n<li>Patvarumas: Cilindras turi b\u016bti pakankamai patvarus, kad atlaikyt\u0173 at\u0161iauri\u0173 aplinkos veiksni\u0173, toki\u0173 kaip dulk\u0117s, vanduo ir \u0161iuk\u0161l\u0117s, poveik\u012f.<\/li>\n<li>Sauga: Balionas tur\u0117t\u0173 b\u016bti suprojektuotas atsi\u017evelgiant \u012f saugos priemones, tokias kaip baliono apsauga nuo fizin\u0117s \u017ealos.<\/li>\n<li>Prie\u017ei\u016bra: Cilindr\u0105 tur\u0117t\u0173 b\u016bti lengva pri\u017ei\u016br\u0117ti ir remontuoti, nes tai yra esmin\u0117 ma\u0161inos dalis, o bet koks gedimas gali sukelti ilgas prastovas.<\/li>\n<\/ul>\n<p><img decoding=\"async\" src=\"https:\/\/www.hydraulic-cylinders.net\/wp-content\/uploads\/2025\/01\/songte-oil-pipes-and-spare-parts.webp\" alt=\"Kau\u0161o cilindras, skirtas Xiniu XN120-L vaizdui\"><\/p>\n<h2>Sandarinimas ir tepimas<\/h2>\n<p>Kau\u0161o cilindre naudojami \u012fvair\u016bs sandarinimo elementai, tokie kaip st\u016bmoklio sandarikliai, strypo sandarikliai ir kiti. \u0160ie sandarinimo elementai pagaminti i\u0161 atspari\u0173 dilimui med\u017eiag\u0173, toki\u0173 kaip poliuretanas ir nitrilo kau\u010diukas, siekiant u\u017etikrinti ilg\u0105 tarnavimo cikl\u0105. Cilindro korpusas ir sriegiai yra apdoroti, siekiant pagerinti atsparum\u0105 dilimui. Kau\u0161o cilindr\u0105 reikia periodi\u0161kai tepti hidrauline alyva, kad b\u016bt\u0173 u\u017etikrintas tinkamas veikimas.<\/p>\n<h2>Prie\u017ei\u016bra ir remontas<\/h2>\n<p>Reguliarus patikrinimas, tinkamas tepimas, sandarikli\u0173 keitimas, kalibravimo patikrinimas ir kitos prie\u017ei\u016bros u\u017eduotys yra labai svarbios kau\u0161ini\u0173 cilindr\u0173 ilgaam\u017ei\u0161kumui. Tinkamas cilindro sulygiavimas montavimo metu yra b\u016btinas optimaliam veikimui. Rekomenduojama naudoti tinkamus montavimo laikiklius cilindrui pritvirtinti. Si\u016blome patikrinimo, remonto ir keitimo paslaugas, kad pad\u0117tume klientams i\u0161spr\u0119sti bet kokias problemas, su kuriomis jie gali susidurti d\u0117l savo kau\u0161ini\u0173 cilindr\u0173.<\/p>\n<p><img decoding=\"async\" src=\"https:\/\/www.hydraulic-cylinders.net\/wp-content\/uploads\/2025\/01\/songte-chushion-collar.webp\" alt=\"Kau\u0161o cilindras, skirtas Xiniu XN120-L vaizdui\"><\/p>\n<h2>Saugos aspektai ir aplinkos veiksniai<\/h2>\n<p>\u201eXiniu XN120-L\u201c kau\u0161o cilindras tur\u0117t\u0173 b\u016bti montuojamas, naudojamas ir pri\u017ei\u016brimas laikantis saugos priemoni\u0173. Bet koks saugos priemoni\u0173 nesilaikymas gali sukelti su\u017ealojim\u0173 arba sugadinti ma\u0161in\u0105. Aplinkos veiksniai, tokie kaip temperat\u016bra, dr\u0117gm\u0117 ir dulk\u0117s, gali tur\u0117ti \u012ftakos cilindro veikimui, tod\u0117l \u012f juos reik\u0117t\u0173 atsi\u017evelgti renkantis ir montuojant.<\/p>\n<h2>Gedim\u0173 diagnostika ir trik\u010di\u0173 \u0161alinimas<\/h2>\n<p>Da\u017enos kau\u0161o cilindr\u0173 problemos gali b\u016bti nuot\u0117kis, nepakankama j\u0117ga ir ne\u012fprastas triuk\u0161mas. Rekomenduojame reguliariai tikrinti cilindr\u0105 ir nedelsiant spr\u0119sti visas problemas, kad b\u016bt\u0173 i\u0161vengta dideli\u0173 prastov\u0173. Trik\u010di\u0173 \u0161alinimo patarimai ir sprendimai gali pad\u0117ti skaitytojams efektyviai diagnozuoti ir i\u0161spr\u0119sti kau\u0161o cilindr\u0173 problemas.<\/p>\n<p><img decoding=\"async\" src=\"https:\/\/www.hydraulic-cylinders.net\/wp-content\/uploads\/2025\/01\/songte-bushings-with-all-kinds-of-excavator-models.webp\" alt=\"Kau\u0161o cilindras, skirtas Xiniu XN120-L vaizdui\"><\/p>\n<h2>Apie m\u016bs\u0173 \u012fmon\u0119<\/h2>\n<p>Esame pakaitini\u0173 hidraulini\u0173 cilindr\u0173 gamintojas, si\u016blantis plat\u0173 gamini\u0173 asortiment\u0105, tap\u0119s vienu i\u0161 pirmaujan\u010di\u0173 hidraulini\u0173 cilindr\u0173 gamintoj\u0173 ir didmenini\u0173 platintoj\u0173 vidaus ir tarptautin\u0117se rinkose. Laikom\u0117s puikios kokyb\u0117s principo ir remiam\u0117s industrializuota gamybos valdymo strategija, b\u016bdinga smulkiosios gamybos dirbtuv\u0117ms. Nuolat tobuliname dirbtuvi\u0173 gamybos platform\u0105, tobuliname kokyb\u0117s gamybos proces\u0105 ir turime stiprius k\u016brybinius geb\u0117jimus, kad patenkintume \u012fvairius klient\u0173 poreikius, vadovaudamiesi didelio efektyvumo, didelio tikslumo ir auk\u0161tos kokyb\u0117s principais.<\/p>\n<p>Si\u016blome individualiai pritaikytas paslaugas, profesionali\u0105 gamybos \u012frang\u0105, tarptautiniu mastu pripa\u017eintus sertifikatus ir i\u0161sami\u0105 garantinio aptarnavimo sistem\u0105, u\u017etikrindami, kad m\u016bs\u0173 produktai atitikt\u0173 arba vir\u0161yt\u0173 klient\u0173 l\u016bkes\u010dius.<\/p>\n<p><img decoding=\"async\" src=\"https:\/\/hzpt.com\/wp-content\/uploads\/2024\/11\/songte-company-1.webp\" alt=\"Kau\u0161o cilindras, skirtas Xiniu XN120-L vaizdui\"><\/p>\n<p>Autorius: lyl.<\/p>","protected":false},"excerpt":{"rendered":"<p>Bucket Cylinder For Xiniu XN120-L Introduction The bucket cylinder for Xiniu XN120-L is a type of hydraulic cylinder specially designed to control the movement of shovels in heavy machinery such as excavators, backhoe excavators, and front-end loaders. Its main function is to allow the bucket to lift, lower and tilt, making it easier to handle [&hellip;]<\/p>","protected":false},"featured_media":14784,"comment_status":"open","ping_status":"closed","template":"","meta":{"_et_pb_use_builder":"","_et_pb_old_content":"","_et_gb_content_width":""},"product_brand":[],"product_cat":[1494],"product_tag":[1495,1496],"class_list":{"0":"post-16006","1":"product","2":"type-product","3":"status-publish","4":"has-post-thumbnail","6":"product_cat-bucket-cylinders","7":"product_tag-bucket-cylinders","8":"product_tag-hydraulic-cylinders","10":"first","11":"instock","12":"shipping-taxable","13":"product-type-simple"},"amp_enabled":true,"_links":{"self":[{"href":"https:\/\/www.hydraulic-cylinders.net\/lt\/wp-json\/wp\/v2\/product\/16006","targetHints":{"allow":["GET"]}}],"collection":[{"href":"https:\/\/www.hydraulic-cylinders.net\/lt\/wp-json\/wp\/v2\/product"}],"about":[{"href":"https:\/\/www.hydraulic-cylinders.net\/lt\/wp-json\/wp\/v2\/types\/product"}],"replies":[{"embeddable":true,"href":"https:\/\/www.hydraulic-cylinders.net\/lt\/wp-json\/wp\/v2\/comments?post=16006"}],"wp:featuredmedia":[{"embeddable":true,"href":"https:\/\/www.hydraulic-cylinders.net\/lt\/wp-json\/wp\/v2\/media\/14784"}],"wp:attachment":[{"href":"https:\/\/www.hydraulic-cylinders.net\/lt\/wp-json\/wp\/v2\/media?parent=16006"}],"wp:term":[{"taxonomy":"product_brand","embeddable":true,"href":"https:\/\/www.hydraulic-cylinders.net\/lt\/wp-json\/wp\/v2\/product_brand?post=16006"},{"taxonomy":"product_cat","embeddable":true,"href":"https:\/\/www.hydraulic-cylinders.net\/lt\/wp-json\/wp\/v2\/product_cat?post=16006"},{"taxonomy":"product_tag","embeddable":true,"href":"https:\/\/www.hydraulic-cylinders.net\/lt\/wp-json\/wp\/v2\/product_tag?post=16006"}],"curies":[{"name":"wp","href":"https:\/\/api.w.org\/{rel}","templated":true}]}}