{"id":16024,"date":"2025-01-19T15:18:19","date_gmt":"2025-01-19T15:18:19","guid":{"rendered":"https:\/\/www.hydraulic-cylinders.net\/product\/bucket-cylinder-for-kato-small-excavator-hd820r820v\/"},"modified":"2025-01-19T15:18:21","modified_gmt":"2025-01-19T15:18:21","slug":"bucket-cylinder-for-kato-small-excavator-hd820r820v","status":"publish","type":"product","link":"https:\/\/www.hydraulic-cylinders.net\/lt\/produktas\/bucket-cylinder-for-kato-small-excavator-hd820r820v\/","title":{"rendered":"Kau\u0161o cilindras Kato ma\u017eam ekskavatoriui HD820R820V"},"content":{"rendered":"<h1>Kau\u0161o cilindras Kato ma\u017eam ekskavatoriui HD820R820V<\/h1>\n<h2>\u012evadas<\/h2>\n<p>Kau\u0161o cilindras yra specializuotas hidraulinis cilindras, daugiausia naudojamas kau\u0161\u0173 jud\u0117jimui valdyti sunkiosiose ma\u0161inose, tokiose kaip ekskavatoriai, ekskavatoriniai ekskavatoriai ir frontaliniai krautuvai. Pagrindin\u0117 jo funkcija \u2013 leisti kau\u0161\u0105 pakelti, nuleisti ir pakreipti, taip palengvinant \u012fvairias med\u017eiag\u0173 tvarkymo u\u017eduotis. Hidraulin\u0117je sistemoje kau\u0161o cilindras tiksliai valdo kau\u0161\u0105 keisdamas hidraulin\u0117s alyvos sl\u0117g\u012f, tod\u0117l operatoriai gali efektyviai tvarkyti sunkius objektus ir prisitaikyti prie sud\u0117tingos darbo aplinkos bei \u012fvairi\u0173 eksploatacini\u0173 poreiki\u0173.<\/p>\n<p><img decoding=\"async\" src=\"https:\/\/www.hydraulic-cylinders.net\/wp-content\/uploads\/2025\/01\/songte-company-2.webp\" alt=\"Kau\u0161o cilindras Kato ma\u017eam ekskavatoriui HD820R820V\" \/><\/p>\n<h2>Savyb\u0117s<\/h2>\n<ul>\n<li>Didelis stiprumas ir ilgaam\u017ei\u0161kumas: Paprastai pagamintas i\u0161 didelio stiprumo plieno arba aliuminio, jis gali atlaikyti didel\u012f sl\u0117g\u012f ir dideles apkrovas, prisitaiko prie at\u0161iauri\u0173 darbo s\u0105lyg\u0173 ir yra suprojektuotas atsi\u017evelgiant \u012f atsparum\u0105 dilimui ir korozijai, taip prailginant tarnavimo laik\u0105.<\/li>\n<li>Efektyvus hidraulinis veikimas: Skland\u016bs i\u0161sipl\u0117timo ir susitraukimo veiksmai pasiekiami naudojant hidraulin\u0117s alyvos sl\u0117g\u012f, leid\u017eiant\u012f greitai reaguoti \u012f valdymo komandas, u\u017etikrinant galing\u0105 st\u016bmimo ir traukimo j\u0117g\u0105, tinkam\u0105 sunki\u0173 objekt\u0173 tvarkymui ir sud\u0117tingoms operacijoms.<\/li>\n<li>\u012evair\u016bs tipai: vienpusio veikimo (hidraulinis naudojamas tik viena kryptimi) arba dvipusio veikimo (hidraulinis naudojamas abiem kryptimis) cilindrus galima pasirinkti pagal poreikius, kad b\u016bt\u0173 patenkinti skirtingi eksploataciniai reikalavimai, o kai kurie modeliai yra i\u0161traukiami, tod\u0117l juos galima labiau i\u0161tiesti nedidinant i\u0161orini\u0173 matmen\u0173, tod\u0117l jie tinka naudoti ribotoje erdv\u0117je.<\/li>\n<li>Lengva pakeisti: m\u016bs\u0173 hidrauliniai cilindrai gali puikiai pakeisti \u0161iuos hidraulinius cilindrus.<\/li>\n<\/ul>\n<p><img decoding=\"async\" src=\"https:\/\/www.hydraulic-cylinders.net\/wp-content\/uploads\/2025\/01\/songte-cylinder-head-with-all-kinds-excavator-models.webp\" alt=\"Kau\u0161o cilindras Kato ma\u017eam ekskavatoriui HD820R820V\" \/><\/p>\n<h2>Parai\u0161kos<\/h2>\n<p>Kau\u0161o cilindras pla\u010diai naudojamas \u012fvairiose sunkiosiose ma\u0161inose, \u012fskaitant:<\/p>\n<ul>\n<li>Statybin\u0117 \u012franga: ekskavatoriuose jie yra labai svarb\u016bs kasant, kraunant ir perkeliant grunt\u0105 ar \u0161iuk\u0161les. Ekskavatoriuose kau\u0161o cilindrai padeda tiek kasti, tiek kelti. <\/li>\n<li>\u017dem\u0117s \u016bkio technika: naudojama priekiniuose krautuvuose dirvo\u017eemiui, \u0161ienui ir kitoms med\u017eiagoms kasti, kelti ir transportuoti. <\/li>\n<li>Ekskavatoriai: Kau\u0161o cilindrai leid\u017eia kasti, nes kau\u0161as gali \u012fsiskverbti \u012f dirv\u0105.<\/li>\n<li>Krautuvai: Priekiniuose krautuvuose jie padeda efektyviai kelti ir pakreipti krovinius.<\/li>\n<\/ul>\n<h2>Projektavimo aspektai ir atrankos standartai<\/h2>\n<p>Projektavimo po\u017ei\u016briu, hidrauliniai cilindrai turi atlaikyti apkrovas, pasi\u017eym\u0117ti geromis sandarumo savyb\u0117mis, b\u016bti ilgaam\u017eiai, saug\u016bs ir lengvai pri\u017ei\u016brimi. Kai kurie pagrindiniai projektavimo aspektai:<\/p>\n<ul>\n<li>Keliamoji galia: Hidrauliniai cilindrai turi b\u016bti suprojektuoti taip, kad atlaikyt\u0173 maksimali\u0105 apkrov\u0105, su kuria jie susidurs eksploatacijos metu.<\/li>\n<li>Sandarinimas: Turi b\u016bti naudojami \u012fvair\u016bs sandarinimo elementai, tokie kaip st\u016bmokli\u0173 ir kot\u0173 sandarikliai. Rekomenduojama naudoti sandarinimo elementus, pagamintus i\u0161 atspari\u0173 dilimui med\u017eiag\u0173, toki\u0173 kaip poliuretanas ir nitrilo kau\u010diukas.<\/li>\n<li>Patvarumas: Cilindro korpusas ir sriegio galo pavir\u0161ius turi b\u016bti kruop\u0161\u010diai apdoroti, kad b\u016bt\u0173 pagerintas atsparumas dilimui.<\/li>\n<li>Sauga: Hidrauliniai cilindrai turi b\u016bti suprojektuoti taip, kad b\u016bt\u0173 u\u017etikrintas saugus veikimas ir i\u0161vengta nelaiming\u0173 atsitikim\u0173.<\/li>\n<li>Prie\u017ei\u016bra: Hidraulinius cilindrus tur\u0117t\u0173 b\u016bti lengva pri\u017ei\u016br\u0117ti ir remontuoti, o technin\u0117 prie\u017ei\u016bra tur\u0117t\u0173 b\u016bti atliekama reguliariai, kad b\u016bt\u0173 u\u017etikrintas j\u0173 nuolatinis veikimas.<\/li>\n<\/ul>\n<p><img decoding=\"async\" src=\"https:\/\/www.hydraulic-cylinders.net\/wp-content\/uploads\/2025\/01\/songte-oil-pipes-and-spare-parts.webp\" alt=\"Kau\u0161o cilindras Kato ma\u017eam ekskavatoriui HD820R820V\" \/><\/p>\n<h2>Sandariklis ir tepimas<\/h2>\n<p>Hidrauliniuose cilindruose tur\u0117t\u0173 b\u016bti naudojami \u012fvair\u016bs sandarinimo elementai, tokie kaip st\u016bmokli\u0173 ir stryp\u0173 sandarikliai, ir rekomenduojama naudoti sandarinimo elementus i\u0161 atspari\u0173 dilimui med\u017eiag\u0173, toki\u0173 kaip poliuretanas ir nitrilo kau\u010diukas. Cilindro korpusas ir sriegio galo pavir\u0161ius tur\u0117t\u0173 b\u016bti kruop\u0161\u010diai apdirbti, kad b\u016bt\u0173 padidintas atsparumas dilimui. B\u016btina reguliariai tepti tinkamu kiekiu hidraulin\u0117s alyvos.<\/p>\n<h2>Prie\u017ei\u016bra<\/h2>\n<p>Reguliari ap\u017ei\u016bra ir prevencin\u0117s prie\u017ei\u016bros priemon\u0117s gali pad\u0117ti prailginti hidraulini\u0173 cilindr\u0173 tarnavimo laik\u0105. \u012eprastos prie\u017ei\u016bros u\u017eduotys apima:<\/p>\n<ul>\n<li>Reguliarus patikrinimas: Reguliariai tikrinkite hidraulinius cilindrus, ar jie nepa\u017eeisti ar nesusid\u0117v\u0117j\u0119.<\/li>\n<li>Tinkamas tepimas: Hidraulinius cilindrus sutepkite tinkamu kiekiu tepalo.<\/li>\n<li>Tarpikli\u0173 keitimas: laiku pakeiskite susid\u0117v\u0117jusius tarpiklius.<\/li>\n<li>Kalibravimo patikrinimas: periodi\u0161kai patikrinkite hidraulini\u0173 cilindr\u0173 kalibravim\u0105, kad u\u017etikrintum\u0117te tikslum\u0105.<\/li>\n<\/ul>\n<p><img decoding=\"async\" src=\"https:\/\/www.hydraulic-cylinders.net\/wp-content\/uploads\/2025\/01\/songte-chushion-collar.webp\" alt=\"Kau\u0161o cilindras Kato ma\u017eam ekskavatoriui HD820R820V\" \/><\/p>\n<h2>Saugos ir aplinkosaugos aspektai<\/h2>\n<p>Kau\u0161o cilindras yra labai svarbi sunkiosios technikos dalis, tod\u0117l montuojant, eksploatuojant ir pri\u017ei\u016brint reikia imtis tinkam\u0173 saugos priemoni\u0173. Aplinkosaugos aspektai apima tinkam\u0105 hidraulin\u0117s alyvos ir hidraulini\u0173 komponent\u0173 utilizavim\u0105.<\/p>\n<h2>Trik\u010di\u0173 \u0161alinimas ir da\u017eniausios problemos<\/h2>\n<p>Da\u017enos hidraulini\u0173 cilindr\u0173 problemos yra sandarikli\u0173 susid\u0117v\u0117jimas, nuot\u0117kis ir cilindro korpuso ar st\u016bmoklio pa\u017eeidimai. Trik\u010di\u0173 \u0161alinimas tur\u0117t\u0173 b\u016bti atliekamas nedelsiant ir galima imtis prevencini\u0173 priemoni\u0173 galimoms problemoms suma\u017einti.<\/p>\n<h2>Apie m\u016bs\u0173 \u012fmon\u0119<\/h2>\n<p>Esame pakaitini\u0173 hidraulini\u0173 cilindr\u0173 gamintojas, si\u016blantis plat\u0173 gamini\u0173 asortiment\u0105, ir tapome vienu i\u0161 pirmaujan\u010di\u0173 hidraulini\u0173 cilindr\u0173 gamintoj\u0173 ir didmenini\u0173 platintoj\u0173 vidaus ir tarptautin\u0117se rinkose. Vadovaujam\u0117s puikios kokyb\u0117s principu, remiam\u0117s smulkiosios gamybos dirbtuvi\u0173 industrializacijos gamybos valdymo strategija, nuolat tobuliname dirbtuvi\u0173 gamybos platform\u0105, geriname gamini\u0173 kokyb\u0117s gamybos linij\u0105 ir turime stipri\u0173 k\u016brybini\u0173 geb\u0117jim\u0173, teikdami klientams efektyvius, didelio tikslumo ir auk\u0161tos kokyb\u0117s gaminius, kad patenkintume \u012fvairius klient\u0173 poreikius.<\/p>\n<p><img decoding=\"async\" src=\"https:\/\/www.hydraulic-cylinders.net\/wp-content\/uploads\/2025\/01\/songte-company-3.webp\" alt=\"Kau\u0161o cilindras Kato ma\u017eam ekskavatoriui HD820R820V\" \/><\/p>\n<p>Be kita ko, specializuojam\u0117s tarptautiniuose sertifikatuose, individuali\u0173 paslaug\u0173 teikime, gamybos \u012frangoje ir garantinio aptarnavimo srityje.<\/p>\n<h3>Tarptautiniai sertifikatai<\/h3>\n<p>M\u016bs\u0173 produktai yra sertifikuoti tarptautini\u0173 sertifikavimo \u012fstaig\u0173, toki\u0173 kaip ISO9001, CE ir SGS.<\/p>\n<h3>Individual\u016bs u\u017esakymai<\/h3>\n<p>Si\u016blome individualiai pritaikytas hidraulini\u0173 cilindr\u0173 projektavimo ir gamybos paslaugas, kad patenkintume konkre\u010dius klient\u0173 poreikius.<\/p>\n<h3>Gamybos \u012franga<\/h3>\n<p>Turime pa\u017eangi\u0105 gamybos \u012frang\u0105, toki\u0105 kaip CNC tekinimo stakl\u0117s, apdirbimo centrai ir bandym\u0173 \u012franga, kad u\u017etikrintume savo gamini\u0173 kokyb\u0119.<\/p>\n<h3>Aptarnavimas po pardavimo<\/h3>\n<p>Siekdami u\u017etikrinti patikim\u0105 ir efektyv\u0173 m\u016bs\u0173 gamini\u0173 veikim\u0105, klientams teikiame i\u0161samias garantinio aptarnavimo paslaugas, \u012fskaitant atsargines dalis, remonto paslaugas ir technin\u0119 pagalb\u0105.<\/p>\n<p><img decoding=\"async\" src=\"https:\/\/hzpt.com\/wp-content\/uploads\/2024\/11\/songte-company-1.webp\" alt=\"Kau\u0161o cilindras Kato ma\u017eam ekskavatoriui HD820R820V\" \/><\/p>\n<h4>Autorius: lyl<\/h4>","protected":false},"excerpt":{"rendered":"<p>Bucket Cylinder For Kato Small Excavator HD820R820V Introduction The bucket cylinder is a specialized hydraulic cylinder used primarily to control the movement of buckets in heavy machinery such as excavators, backhoe excavators, and front-end loaders. Its main function is to enable the bucket to be lifted, lowered, and tilted, facilitating various material handling tasks. In [&hellip;]<\/p>","protected":false},"featured_media":14778,"comment_status":"open","ping_status":"closed","template":"","meta":{"_et_pb_use_builder":"","_et_pb_old_content":"","_et_gb_content_width":""},"product_brand":[],"product_cat":[1494],"product_tag":[1495,1496],"class_list":{"0":"post-16024","1":"product","2":"type-product","3":"status-publish","4":"has-post-thumbnail","6":"product_cat-bucket-cylinders","7":"product_tag-bucket-cylinders","8":"product_tag-hydraulic-cylinders","10":"first","11":"instock","12":"shipping-taxable","13":"product-type-simple"},"amp_enabled":true,"_links":{"self":[{"href":"https:\/\/www.hydraulic-cylinders.net\/lt\/wp-json\/wp\/v2\/product\/16024","targetHints":{"allow":["GET"]}}],"collection":[{"href":"https:\/\/www.hydraulic-cylinders.net\/lt\/wp-json\/wp\/v2\/product"}],"about":[{"href":"https:\/\/www.hydraulic-cylinders.net\/lt\/wp-json\/wp\/v2\/types\/product"}],"replies":[{"embeddable":true,"href":"https:\/\/www.hydraulic-cylinders.net\/lt\/wp-json\/wp\/v2\/comments?post=16024"}],"wp:featuredmedia":[{"embeddable":true,"href":"https:\/\/www.hydraulic-cylinders.net\/lt\/wp-json\/wp\/v2\/media\/14778"}],"wp:attachment":[{"href":"https:\/\/www.hydraulic-cylinders.net\/lt\/wp-json\/wp\/v2\/media?parent=16024"}],"wp:term":[{"taxonomy":"product_brand","embeddable":true,"href":"https:\/\/www.hydraulic-cylinders.net\/lt\/wp-json\/wp\/v2\/product_brand?post=16024"},{"taxonomy":"product_cat","embeddable":true,"href":"https:\/\/www.hydraulic-cylinders.net\/lt\/wp-json\/wp\/v2\/product_cat?post=16024"},{"taxonomy":"product_tag","embeddable":true,"href":"https:\/\/www.hydraulic-cylinders.net\/lt\/wp-json\/wp\/v2\/product_tag?post=16024"}],"curies":[{"name":"wp","href":"https:\/\/api.w.org\/{rel}","templated":true}]}}