{"id":16049,"date":"2025-01-20T08:24:32","date_gmt":"2025-01-20T08:24:32","guid":{"rendered":"https:\/\/www.hydraulic-cylinders.net\/product\/arm-cylinderfor-komatsu-small-excavator-pc45-1-5-7\/"},"modified":"2025-01-20T08:24:34","modified_gmt":"2025-01-20T08:24:34","slug":"arm-cylinderfor-komatsu-small-excavator-pc45-1-5-7","status":"publish","type":"product","link":"https:\/\/www.hydraulic-cylinders.net\/lt\/produktas\/arm-cylinderfor-komatsu-small-excavator-pc45-1-5-7\/","title":{"rendered":"\u201eKomatsu\u201c ma\u017eo ekskavatoriaus rankenos cilindras PC45-1-5-7"},"content":{"rendered":"<h2>Komatsu ma\u017eo ekskavatoriaus PC45-1-5-7 rankos cilindras<\/h2>\n<h3>Apibr\u0117\u017eimas ir paai\u0161kinimas<\/h3>\n<p>Svirties cilindras yra specialiai sukurtas hidraulinis cilindras, naudojamas linijiniam jud\u0117jimui ir galiai u\u017etikrinti \u012fvairi\u0173 tip\u0173 ma\u0161in\u0173 svirtims, tokioms kaip ekskavatoriai, kranai ir robotin\u0117s svirtys. Svirties cilindras atlieka labai svarb\u0173 vaidmen\u012f hidraulin\u0117je sistemoje, nes leid\u017eia efektyviai jud\u0117ti ir valdyti papildomus \u012frankius ar priedus. \u0160ie cilindrai ne tik u\u017etikrina skland\u0173 jud\u0117jim\u0105, bet ir atlaiko dideles apkrovas, u\u017etikrindami efektyv\u0173 ma\u0161inos veikim\u0105 ir patikimum\u0105 \u012fvairiomis eksploatavimo s\u0105lygomis.<\/p>\n<p><img decoding=\"async\" src=\"https:\/\/www.hydraulic-cylinders.net\/wp-content\/uploads\/2025\/01\/songte-company-2.webp\" alt=\"Svirties cilindro vaizdas\"><\/p>\n<h3>Savyb\u0117s<\/h3>\n<ul>\n<li>Efektyvus galios perdavimas: Svirties cilindras u\u017etikrina stipr\u0173 tiesin\u012f judes\u012f ir j\u0117g\u0105, u\u017etikrindamas efektyv\u0173 ma\u0161inos svirties veikim\u0105 atliekant \u012fvairias operacijas.<\/li>\n<li>Tikslus valdymas: Hidraulin\u0117s sistemos d\u0117ka rankos cilindras gali tiksliai valdyti judes\u012f, tod\u0117l papildom\u0173 \u012franki\u0173 valdymas tampa lankstesnis ir tikslesnis.<\/li>\n<li>Didelis patvarumas: Svirtiniai cilindrai paprastai gaminami i\u0161 didelio stiprumo med\u017eiag\u0173 ir yra atspar\u016bs dilimui bei korozijai, tod\u0117l juos galima naudoti ilgalaik\u0117je aplinkoje.<\/li>\n<li>Daugiafunkcinis pritaikomumas: \u0160ie cilindrai gali b\u016bti pla\u010diai naudojami \u012fvairiose ma\u0161inose, tokiose kaip ekskavatoriai, kranai ir robotin\u0117s rankos, kad b\u016bt\u0173 patenkinti skirtingi darbo reikalavimai.<\/li>\n<li>Lengva prie\u017ei\u016bra: sukurta lengvam techniniam aptarnavimui ir pakeitimui, reguliari ap\u017ei\u016bra ir prie\u017ei\u016bra tampa patogesn\u0117, tod\u0117l sutrump\u0117ja \u012frangos prastovos.<\/li>\n<\/ul>\n<p>Mes galime pagaminti \u0161\u012f produkt\u0105, ir m\u016bs\u0173 produktas gali puikiai pakeisti \u0161iuos hidraulinius cilindrus.<\/p>\n<p><img decoding=\"async\" src=\"https:\/\/www.hydraulic-cylinders.net\/wp-content\/uploads\/2025\/01\/songte-oil-pipes-and-spare-parts.webp\" alt=\"Atsargini\u0173 dali\u0173 vaizdas\"><\/p>\n<h3>Parai\u0161kos<\/h3>\n<p>Svirtinis cilindras naudojamas \u012fvairiose pramon\u0117s \u0161akose ir srityse, \u012fskaitant:<\/p>\n<ul>\n<li>Konstrukcija: Ekskavatoriuose ir kranuose svirties cilindras naudojamas kau\u0161o arba str\u0117l\u0117s jud\u0117jimui valdyti atliekant \u017eem\u0117s darbus, med\u017eiag\u0173 tvarkym\u0105 ir konstrukcij\u0173 montavim\u0105.<\/li>\n<li>Gamyba: Automatizuotose gamybos linijose rankos cilindras naudojamas robotin\u0117ms rankoms judinti surinkimo, suvirinimo ir med\u017eiag\u0173 tvarkymo procesuose, taip pagerinant gamybos efektyvum\u0105 ir tikslum\u0105.<\/li>\n<li>\u017dem\u0117s \u016bkio technika: \u017dem\u0117s \u016bkio technikoje, tokioje kaip derliaus nu\u0117mimo ir sodinimo ma\u0161inos, svirties cilindras valdo valdymo svirties judes\u012f, kad atlikt\u0173 tokias u\u017eduotis kaip sodinimas, tr\u0119\u0161imas ir derliaus nu\u0117mimas.<\/li>\n<li>Kasyba: Kasybos \u012frangoje rankos cilindras naudojamas kasybos \u012frangos rankos jud\u0117jimui valdyti r\u016bdos kasybai ir transportavimui.<\/li>\n<li>Logistika ir transportas: \u0160akiniuose krautuvuose ir tvarkymo robotuose rankos cilindras naudojamas \u0161ak\u0117s k\u0117limui ir jud\u0117jimui valdyti, taip u\u017etikrinant med\u017eiag\u0173 tvarkym\u0105 ir krovim\u0105.<\/li>\n<\/ul>\n<h3>Projektavimo aspektai ir atrankos standartai<\/h3>\n<p>Projektuojant cilindr\u0173 rankenas, svarbiausi aspektai yra \u0161ie:<\/p>\n<ul>\n<li>Keliamoji galia<\/li>\n<li>Sandarinimo savyb\u0117s<\/li>\n<li>Patvarumas<\/li>\n<li>Saugumas<\/li>\n<li>Prie\u017ei\u016bra<\/li>\n<\/ul>\n<p>Svirtiniai cilindrai paprastai gaminami i\u0161 didelio stiprumo med\u017eiag\u0173 ir \u012fvairi\u0173 sandarinimo komponent\u0173, toki\u0173 kaip st\u016bmokli\u0173 ir kot\u0173 sandarikliai, pagamint\u0173 i\u0161 atspari\u0173 dilimui med\u017eiag\u0173, toki\u0173 kaip poliuretanas ir nitrilo kau\u010diukas. Cilindro korpusas ir srieginis galinis pavir\u0161ius yra kruop\u0161\u010diai apdirbti, siekiant pagerinti atsparum\u0105 dilimui. Tepimui reikia reguliariai \u012fpilti hidraulin\u0117s alyvos, tod\u0117l rekomenduojama naudoti tinkam\u0105 hidraulin\u0117s alyvos kiek\u012f, kad b\u016bt\u0173 u\u017etikrintas geras tepimas.<\/p>\n<p><img decoding=\"async\" src=\"https:\/\/www.hydraulic-cylinders.net\/wp-content\/uploads\/2025\/01\/songte-cylinder-head-with-all-kinds-excavator-models.webp\" alt=\"Cilindro galvut\u0117s vaizdas\"><\/p>\n<h3>Prie\u017ei\u016bra ir trik\u010di\u0173 \u0161alinimas<\/h3>\n<p>Norint u\u017etikrinti tinkam\u0105 svirties cilindro veikim\u0105, b\u016btina reguliariai tikrinti ir atlikti profilaktin\u0119 prie\u017ei\u016br\u0105. Da\u017eniausios problemos ir trik\u010di\u0173 \u0161alinimo metodai:<\/p>\n<ul>\n<li>Tekanti alyva: patikrinkite sandarinimo komponentus ir, jei reikia, pakeiskite.<\/li>\n<li>L\u0117tas jud\u0117jimas: patikrinkite hidraulin\u0117s alyvos lyg\u012f ir alyvos filtr\u0105, ar jie neu\u017esikim\u0161\u0119.<\/li>\n<li>Triuk\u0161mas veikimo metu: patikrinkite, ar cilindro komponentai n\u0117ra atsilaisvin\u0119 ir nepa\u017eeisti.<\/li>\n<li>Nepakanka galios: patikrinkite hidraulin\u0117s alyvos lyg\u012f, siurbl\u012f ir vo\u017etuv\u0105, ar n\u0117ra problem\u0173.<\/li>\n<\/ul>\n<p>Rekomenduojama reguliariai tikrinti svirties cilindr\u0105 ir pakeisti visas susid\u0117v\u0117jusias ar pa\u017eeistas dalis, kad b\u016bt\u0173 i\u0161vengta galim\u0173 problem\u0173.<\/p>\n<p><img decoding=\"async\" src=\"https:\/\/www.hydraulic-cylinders.net\/wp-content\/uploads\/2025\/01\/songte-chushion-collar.webp\" alt=\"Pagalv\u0117l\u0117s apykakl\u0117s vaizdas\"><\/p>\n<h3>Diegimo vadovas<\/h3>\n<p>Svirtinio cilindro montavimas tur\u0117t\u0173 vykti \u0161iais \u017eingsniais:<\/p>\n<ol>\n<li>\u012esitikinkite, kad tvirtinimo pavir\u0161ius yra \u0161varus ir be \u0161iuk\u0161li\u0173.<\/li>\n<li>Sulygiuokite cilindro kai\u0161\u010dius su tvirtinimo laikikliais ir pritvirtinkite juos atitinkamais tvirtinimo elementais.<\/li>\n<li>Prijunkite hidraulines \u017earnas arba linijas prie cilindr\u0173 jung\u010di\u0173 ir tvirtai jas priver\u017ekite.<\/li>\n<li>Pripildykite hidraulin\u0119 sistem\u0105 tinkama alyva ir patikrinkite, ar n\u0117ra nuot\u0117ki\u0173.<\/li>\n<li>Patikrinkite, ar tinkamai veikia svirties cilindras.<\/li>\n<\/ol>\n<p><img decoding=\"async\" src=\"https:\/\/www.hydraulic-cylinders.net\/wp-content\/uploads\/2025\/01\/songte-bushings-with-all-kinds-of-excavator-models.webp\" alt=\"\u012evori\u0173 vaizdas\"><\/p>\n<h3>Saugos aspektai ir aplinkos veiksniai<\/h3>\n<p>Naudojant cilindr\u0105 su rankena, svarbu laikytis saugos priemoni\u0173 ir priemoni\u0173, kad b\u016bt\u0173 i\u0161vengta nelaiming\u0173 atsitikim\u0173. Tinkamas naudojimas, prie\u017ei\u016bra ir reguliari ap\u017ei\u016bra gali pad\u0117ti u\u017etikrinti saug\u0173 darb\u0105. Aplinkos veiksniai, tokie kaip dulk\u0117s, \u0161iuk\u0161l\u0117s ir kiti ter\u0161alai, gali tur\u0117ti \u012ftakos cilindro veikimui ir tarnavimo laikui, tod\u0117l svarbu cilindr\u0105 ir aplinkin\u0119 teritorij\u0105 laikyti \u0161vari\u0105 ir be \u0161iuk\u0161li\u0173.<\/p>\n<h3>Apie mus<\/h3>\n<p>Esame profesionalus pakaitini\u0173 hidraulini\u0173 cilindr\u0173 gamintojas, si\u016blantis plat\u0173 gamini\u0173 asortiment\u0105. Tapome vienu i\u0161 pirmaujan\u010di\u0173 hidraulini\u0173 cilindr\u0173 gamintoj\u0173 ir didmeninink\u0173 vidaus ir tarptautin\u0117se rinkose. Visada vadovaujam\u0117s puikios kokyb\u0117s principu, remdamiesi industrializuota gamybos valdymo strategija, sukurtame patobulintame gamybos ceche, kad nuolat tobulintume savo technin\u012f lyg\u012f ir gamybos efektyvum\u0105. \u012ediegdami auk\u0161\u010diausios klas\u0117s skaitmenin\u0119 gamybos \u012frang\u0105 ir profesionalias testavimo sistemas, nuolat optimizuojame savo gamybos platform\u0105 ir tobuliname gamini\u0173 kokyb\u0117s kontrol\u0117s proces\u0105, tur\u0117dami stiprias inovacij\u0173 galimybes. M\u016bs\u0173 tikslas \u2013 patenkinti \u012fvairius klient\u0173 poreikius, taikant efektyvius, tikslius ir auk\u0161tos kokyb\u0117s principus.<\/p>\n<p>Did\u017eiuojam\u0117s b\u016bdami profesionalia, tarptautiniu mastu sertifikuota, teikian\u010dia individualias paslaugas, turin\u010dia pa\u017eangi\u0105 gamybos \u012frang\u0105 ir teikian\u010dia puik\u0173 aptarnavim\u0105 po pardavimo.<\/p>\n<p><img decoding=\"async\" src=\"https:\/\/www.hydraulic-cylinders.net\/wp-content\/uploads\/2025\/01\/songte-company-4.webp\" alt=\"\u012emon\u0117s paveiksl\u0117lis 1\"><br \/>\n<img decoding=\"async\" src=\"https:\/\/www.hydraulic-cylinders.net\/wp-content\/uploads\/2025\/01\/songte-company-3.webp\" alt=\"\u012emon\u0117s paveiksl\u0117lis 2\"><\/p>\n<p>Autorius: lyl.<\/p>","protected":false},"excerpt":{"rendered":"<p>Arm Cylinder For Komatsu Small Excavator PC45-1-5-7 Definition and Explanation The arm cylinder is a specially designed hydraulic cylinder used to provide linear motion and power for various types of machinery arms, such as excavators, cranes, and robotic arms. The arm cylinder plays a crucial role in the hydraulic system, allowing additional tools or attachments [&hellip;]<\/p>","protected":false},"featured_media":14770,"comment_status":"open","ping_status":"closed","template":"","meta":{"_et_pb_use_builder":"","_et_pb_old_content":"","_et_gb_content_width":""},"product_brand":[],"product_cat":[1497],"product_tag":[1498,1496],"class_list":{"0":"post-16049","1":"product","2":"type-product","3":"status-publish","4":"has-post-thumbnail","6":"product_cat-arm-cylinders","7":"product_tag-arm-cylinders","8":"product_tag-hydraulic-cylinders","10":"first","11":"instock","12":"shipping-taxable","13":"product-type-simple"},"amp_enabled":true,"_links":{"self":[{"href":"https:\/\/www.hydraulic-cylinders.net\/lt\/wp-json\/wp\/v2\/product\/16049","targetHints":{"allow":["GET"]}}],"collection":[{"href":"https:\/\/www.hydraulic-cylinders.net\/lt\/wp-json\/wp\/v2\/product"}],"about":[{"href":"https:\/\/www.hydraulic-cylinders.net\/lt\/wp-json\/wp\/v2\/types\/product"}],"replies":[{"embeddable":true,"href":"https:\/\/www.hydraulic-cylinders.net\/lt\/wp-json\/wp\/v2\/comments?post=16049"}],"wp:featuredmedia":[{"embeddable":true,"href":"https:\/\/www.hydraulic-cylinders.net\/lt\/wp-json\/wp\/v2\/media\/14770"}],"wp:attachment":[{"href":"https:\/\/www.hydraulic-cylinders.net\/lt\/wp-json\/wp\/v2\/media?parent=16049"}],"wp:term":[{"taxonomy":"product_brand","embeddable":true,"href":"https:\/\/www.hydraulic-cylinders.net\/lt\/wp-json\/wp\/v2\/product_brand?post=16049"},{"taxonomy":"product_cat","embeddable":true,"href":"https:\/\/www.hydraulic-cylinders.net\/lt\/wp-json\/wp\/v2\/product_cat?post=16049"},{"taxonomy":"product_tag","embeddable":true,"href":"https:\/\/www.hydraulic-cylinders.net\/lt\/wp-json\/wp\/v2\/product_tag?post=16049"}],"curies":[{"name":"wp","href":"https:\/\/api.w.org\/{rel}","templated":true}]}}