{"id":16051,"date":"2025-01-20T08:24:43","date_gmt":"2025-01-20T08:24:43","guid":{"rendered":"https:\/\/www.hydraulic-cylinders.net\/product\/arm-cylinderfor-komatsu-small-excavator-pc100-3-5-6\/"},"modified":"2025-01-20T08:24:45","modified_gmt":"2025-01-20T08:24:45","slug":"arm-cylinderfor-komatsu-small-excavator-pc100-3-5-6","status":"publish","type":"product","link":"https:\/\/www.hydraulic-cylinders.net\/lt\/produktas\/arm-cylinderfor-komatsu-small-excavator-pc100-3-5-6\/","title":{"rendered":"\u201eKomatsu\u201c ma\u017eo ekskavatoriaus PC100-3-5-6 rankenos cilindras"},"content":{"rendered":"<p><!DOCTYPE html><br \/>\n<html><br \/>\n<head><br \/>\n<title>Komatsu ma\u017eo ekskavatoriaus PC100-3-5-6 rankos cilindras<\/title><br \/>\n<\/head><br \/>\n<body><\/p>\n<h1>Komatsu ma\u017eo ekskavatoriaus PC100-3-5-6 rankos cilindras<\/h1>\n<h2>Apibr\u0117\u017eimas ir paai\u0161kinimas<\/h2>\n<p>Svirties cilindras yra specialiai suprojektuotas hidraulinis cilindras, u\u017etikrinantis tiesin\u012f jud\u0117jim\u0105 ir gali\u0105 \u012fvairi\u0173 mechanizm\u0173, toki\u0173 kaip ekskavatoriai, kranai ir robotin\u0117s svirtys, svir\u010diai. Svirties cilindras atlieka labai svarb\u0173 vaidmen\u012f hidraulin\u0117se sistemose, nes leid\u017eia efektyviai jud\u0117ti ir valdyti priedus ar priedus. \u0160ie cilindrai ne tik u\u017etikrina skland\u0173 jud\u0117jim\u0105, bet ir atlaiko dideles apkrovas, u\u017etikrindami efektyv\u0173 mechanizm\u0173 veikim\u0105 ir patikimum\u0105 \u012fvairiomis darbo s\u0105lygomis.<\/p>\n<p><img decoding=\"async\" src=\"https:\/\/www.hydraulic-cylinders.net\/wp-content\/uploads\/2025\/01\/songte-company-2.webp\" alt=\"Svirties cilindro vaizdas\"><\/p>\n<h2>Savyb\u0117s<\/h2>\n<ul>\n<li>Didelio efektyvumo transmisija: rankos cilindras u\u017etikrina galing\u0105 tiesin\u012f judes\u012f ir j\u0117g\u0105, u\u017etikrindamas auk\u0161t\u0105 robotin\u0117s rankos na\u0161um\u0105 atliekant \u012fvairias operacijas.<\/li>\n<li>Tikslus valdymas: Hidraulin\u0117s sistemos d\u0117ka svirties cilindras leid\u017eia tiksliai valdyti judesius, tod\u0117l pried\u0173 valdymas tampa lankstesnis ir tikslesnis.<\/li>\n<li>Patvarumas: Svirtiniai cilindrai paprastai gaminami i\u0161 didelio stiprumo med\u017eiag\u0173, pasi\u017eymin\u010di\u0173 puikiu atsparumu dilimui ir korozijai, tod\u0117l jie tinkami ilgalaikiam naudojimui at\u0161iauriomis s\u0105lygomis.<\/li>\n<li>Daugiafunkcis pritaikomumas: \u0160ie cilindrai gali b\u016bti pla\u010diai naudojami \u012fvairiose ma\u0161inose, tokiose kaip ekskavatoriai, kranai ir robotin\u0117s rankos, prisitaikant prie skirting\u0173 darbo reikalavim\u0173.<\/li>\n<li>Lengva prie\u017ei\u016bra: Sukurti atsi\u017evelgiant \u012f paprast\u0105 prie\u017ei\u016br\u0105 ir keitim\u0105, svirtiniai cilindrai palengvina reguliari\u0105 ap\u017ei\u016br\u0105 ir technin\u0119 prie\u017ei\u016br\u0105, taip suma\u017einant \u012frangos prastovas.<\/li>\n<\/ul>\n<p><img decoding=\"async\" src=\"https:\/\/www.hydraulic-cylinders.net\/wp-content\/uploads\/2025\/01\/songte-oil-pipes-and-spare-parts.webp\" alt=\"Svirties cilindro atsargin\u0117s dalys\"><\/p>\n<h2>Parai\u0161kos<\/h2>\n<p>Svirtiniai cilindrai naudojami \u012fvairiose pramon\u0117s \u0161akose ir srityse, \u012fskaitant:<\/p>\n<ul>\n<li>Statyba: Ekskavatoriuose ir kranuose str\u0117li\u0173 cilindrai valdo kau\u0161\u0173 arba str\u0117li\u0173 jud\u0117jim\u0105 atliekant \u017eem\u0117s darbus, med\u017eiag\u0173 tvarkym\u0105 ir konstrukcij\u0173 montavim\u0105.<\/li>\n<li>Gamyba: Automatizuotose gamybos linijose ranken\u0173 cilindrai leid\u017eia robotin\u0117ms rankoms jud\u0117ti surinkimo, suvirinimo ir tvarkymo procesuose, taip pagerinant gamybos efektyvum\u0105 ir tikslum\u0105.<\/li>\n<li>\u017dem\u0117s \u016bkio technika: \u017dem\u0117s \u016bkio \u012frangoje, tokioje kaip derliaus nu\u0117mimo ma\u0161inos ir s\u0117jamosios, svir\u010di\u0173 cilindrai valdo valdymo svir\u010di\u0173 judes\u012f atliekant tokias u\u017eduotis kaip s\u0117ja, tr\u0119\u0161imas ir derliaus nu\u0117mimas.<\/li>\n<li>Kasyba: Kasybos \u012frangoje svirties cilindrai valdo kasybos ma\u0161in\u0173 svirties jud\u0117jim\u0105 r\u016bdos gavybai ir transportavimui.<\/li>\n<li>Logistika ir transportas: \u0160akiniuose krautuvuose ir robotuose ranken\u0173 cilindrai valdo \u0161aki\u0173 k\u0117lim\u0105 ir jud\u0117jim\u0105, taip \u012fgalindami med\u017eiag\u0173 tvarkym\u0105 ir krovim\u0105.<\/li>\n<\/ul>\n<h2>Projektavimo aspektai ir atrankos kriterijai<\/h2>\n<p>Projektuojant ir renkantis cilindro formos svirt\u012f, reikia atsi\u017evelgti \u012f kelis veiksnius:<\/p>\n<ul>\n<li>Apkrovos paj\u0117gumas: Svirties cilindras turi atlaikyti numatyt\u0105 apkrov\u0105 ir u\u017etikrinti pakankam\u0105 j\u0117g\u0105 norimam veikimui.<\/li>\n<li>Sandarinimas: Efektyviam sandarinimui naudojami \u012fvair\u016bs sandarinimo elementai, tokie kaip st\u016bmokli\u0173 ir kot\u0173 sandarikliai, pagaminti i\u0161 atspari\u0173 dilimui med\u017eiag\u0173, toki\u0173 kaip poliuretanas arba nitrilo kau\u010diukas.<\/li>\n<li>Patvarumas: Cilindro korpusas ir srieginiai galai yra kruop\u0161\u010diai apdoroti, siekiant pagerinti atsparum\u0105 dilimui.<\/li>\n<li>Sauga: Tur\u0117t\u0173 b\u016bti \u012fdiegtos saugos priemon\u0117s, siekiant i\u0161vengti nelaiming\u0173 atsitikim\u0173 ir u\u017etikrinti operatoriaus apsaug\u0105 darbo metu.<\/li>\n<li>Prie\u017ei\u016bra: Reik\u0117t\u0173 apsvarstyti reguliar\u0173 tepim\u0105 tinkama hidrauline alyva ir lengv\u0105 prieig\u0105 techninei prie\u017ei\u016brai ir patikrai.<\/li>\n<\/ul>\n<p><img decoding=\"async\" src=\"https:\/\/www.hydraulic-cylinders.net\/wp-content\/uploads\/2025\/01\/songte-cylinder-head-with-all-kinds-excavator-models.webp\" alt=\"Svirties cilindro konstrukcija\"><\/p>\n<h2>Sandarinimas ir tepimas<\/h2>\n<p>Svirtiniuose cilindruose naudojami \u012fvair\u016bs sandarikliai, pavyzd\u017eiui, st\u016bmokli\u0173 ir kot\u0173 sandarikliai, pagaminti i\u0161 atspari\u0173 dilimui med\u017eiag\u0173, toki\u0173 kaip poliuretanas arba nitrilo kau\u010diukas. Cilindro korpusas ir srieginiai galai yra kruop\u0161\u010diai apdoroti, siekiant pagerinti atsparum\u0105 dilimui. Norint u\u017etikrinti tinkam\u0105 cilindro veikim\u0105 ir ilgaam\u017ei\u0161kum\u0105, b\u016btina reguliariai tepti tinkama hidrauline alyva.<\/p>\n<h2>Reguliarus patikrinimas ir prevencin\u0117 prie\u017ei\u016bra<\/h2>\n<p>Norint u\u017etikrinti optimal\u0173 na\u0161um\u0105 ir pailginti svirties cilindro tarnavimo laik\u0105, labai svarbu reguliariai atlikti ap\u017ei\u016bras ir profilaktinius darbus. Reik\u0117t\u0173 imtis \u0161i\u0173 priemoni\u0173:<\/p>\n<ul>\n<li>Reguliariai tikrinkite ir valykite cilindr\u0105.<\/li>\n<li>Patikrinkite, ar n\u0117ra joki\u0173 sandarikli\u0173 ir kit\u0173 komponent\u0173 susid\u0117v\u0117jimo ar pa\u017eeidimo po\u017eymi\u0173.<\/li>\n<li>Priver\u017ekite visas atsilaisvinusias jungtis.<\/li>\n<li>U\u017etikrinkite tinkam\u0105 hidraulin\u0117s alyvos lyg\u012f ir kokyb\u0119.<\/li>\n<li>Nedelsdami pakeiskite susid\u0117v\u0117jusius sandariklius ar kitus komponentus.<\/li>\n<\/ul>\n<h2>Produkto diegimo vadovas<\/h2>\n<p>Tinkamas svirties cilindro montavimas yra b\u016btinas norint efektyviai veikti. Atlikite \u0161iuos veiksmus:<\/p>\n<ol>\n<li>Paruo\u0161kite reikiamus \u012frankius ir \u012frang\u0105.<\/li>\n<li>Nustatykite rankenos cilindr\u0105 norimoje vietoje.<\/li>\n<li>Tvirtai pritvirtinkite cilindr\u0105 prie mechanizmo naudodami tinkamus tvirtinimo elementus.<\/li>\n<li>Prijunkite hidraulines \u017earnas pagal gamintojo instrukcijas.<\/li>\n<li>Prie\u0161 naudojim\u0105 patikrinkite, ar n\u0117ra nuot\u0117ki\u0173, ir \u012fsitikinkite, kad veikia tinkamai.<\/li>\n<\/ol>\n<p><img decoding=\"async\" src=\"https:\/\/www.hydraulic-cylinders.net\/wp-content\/uploads\/2025\/01\/songte-bushings-with-all-kinds-of-excavator-models.webp\" alt=\"Svirties cilindro montavimas\"><\/p>\n<h2>Saugos aspektai ir aplinkos veiksniai<\/h2>\n<p>Naudojant cilindrus su rankenomis, labai svarbu teikti pirmenyb\u0119 saugos priemon\u0117ms, siekiant i\u0161vengti nelaiming\u0173 atsitikim\u0173 ir u\u017etikrinti operatoriaus gerov\u0119. Taip pat reik\u0117t\u0173 atsi\u017evelgti \u012f aplinkos veiksnius, tokius kaip temperat\u016bra ir dr\u0117gm\u0117, siekiant u\u017etikrinti optimal\u0173 cilindro veikim\u0105 ir ilgaam\u017ei\u0161kum\u0105.<\/p>\n<h2>Trik\u010di\u0173 \u0161alinimas ir da\u017eniausiai pasitaikan\u010dios problemos<\/h2>\n<p>Svirtini\u0173 cilindr\u0173 veikimo metu gali kilti \u012fvairi\u0173 gedim\u0173 ir problem\u0173. Da\u017eniausios problemos yra nuot\u0117kis, nepakankama galia ir netolygus jud\u0117jimas. Nor\u0117dami diagnozuoti ir i\u0161spr\u0119sti \u0161ias problemas, atsi\u017evelkite \u012f \u0161iuos dalykus:<\/p>\n<ul>\n<li>Patikrinkite, ar n\u0117ra matom\u0173 nuot\u0117ki\u0173, ir suremontuokite arba pakeiskite sugedusius sandariklius.<\/li>\n<li>\u012esitikinkite, kad hidraulin\u0117je sistemoje yra pakankamas sl\u0117gis ir skys\u010dio lygis.<\/li>\n<li>Patikrinkite valdymo vo\u017etuvus ir kitus komponentus, ar jie tinkamai veikia.<\/li>\n<li>D\u0117l konkre\u010di\u0173 problem\u0173 \u017er. gamintojo trik\u010di\u0173 \u0161alinimo vadov\u0105.<\/li>\n<\/ul>\n<p><img decoding=\"async\" src=\"https:\/\/www.hydraulic-cylinders.net\/wp-content\/uploads\/2025\/01\/songte-chushion-collar.webp\" alt=\"Svirties cilindro trik\u010di\u0173 \u0161alinimas\"><\/p>\n<p>Vadovaudamiesi auk\u0161\u010diau pateiktais patarimais ir sprendimais, skaitytojai gali efektyviai diagnozuoti ir i\u0161spr\u0119sti svirties cilindro problemas bei \u012fgyvendinti prevencines priemones, kad suma\u017eint\u0173 galimas problemas.<\/p>\n<p>Autorius: lyl<\/p>\n<p><img decoding=\"async\" src=\"https:\/\/www.hydraulic-cylinders.net\/wp-content\/uploads\/2025\/01\/songte-company-4.webp\" alt=\"\u012emon\u0117s \u012fvaizdis\"><br \/>\n<img decoding=\"async\" src=\"https:\/\/www.hydraulic-cylinders.net\/wp-content\/uploads\/2025\/01\/songte-company-3.webp\" alt=\"\u012emon\u0117s \u012fvaizdis\"><\/p>\n<p>B\u016bdami profesional\u016bs pakaitini\u0173 hidraulini\u0173 cilindr\u0173 gamintojai, si\u016blome plat\u0173 gamini\u0173 asortiment\u0105 ir tapome vienais i\u0161 pirmaujan\u010di\u0173 gamintoj\u0173 bei didmeninink\u0173 vidaus ir tarptautin\u0117se rinkose. Vadovaujam\u0117s meistri\u0161kumo principu, nuolat tobulindami savo technin\u012f lyg\u012f ir gamybos efektyvum\u0105, \u012fgyvendindami industrializuoto gamybos valdymo strategijas savo moderniose gamybos dirbtuv\u0117se. \u012ediegdami pa\u017eangi\u0105 skaitmenin\u0119 gamybos \u012frang\u0105 ir profesionalias testavimo sistemas, optimizuojame savo gamybos platform\u0105, tobuliname gamini\u0173 kokyb\u0117s kontrol\u0117s procesus ir turime stiprias inovacij\u0173 galimybes. M\u016bs\u0173 tikslas \u2013 patenkinti \u012fvairius klient\u0173 poreikius efektyviai, tiksliai ir auk\u0161tos kokyb\u0117s produktais.<\/p>\n<p>Be profesionalumo, turime tarptautinius sertifikatus, teikiame individualiai pritaikytas paslaugas, naudojame pa\u017eangi\u0105 gamybos \u012frang\u0105 ir si\u016blome i\u0161samias garantinio aptarnavimo paslaugas. <\/p>\n<p><\/body><br \/>\n<\/html><\/p>","protected":false},"excerpt":{"rendered":"<p>Arm Cylinder For Komatsu Small Excavator PC100-3-5-6 Arm Cylinder For Komatsu Small Excavator PC100-3-5-6 Definition and Explanation An arm cylinder is a specially designed hydraulic cylinder that provides linear motion and power to the arm of various machinery, such as excavators, cranes, and robotic arms. The arm cylinder plays a crucial role in hydraulic systems, [&hellip;]<\/p>","protected":false},"featured_media":14763,"comment_status":"open","ping_status":"closed","template":"","meta":{"_et_pb_use_builder":"","_et_pb_old_content":"","_et_gb_content_width":""},"product_brand":[],"product_cat":[1497],"product_tag":[1498,1496],"class_list":{"0":"post-16051","1":"product","2":"type-product","3":"status-publish","4":"has-post-thumbnail","6":"product_cat-arm-cylinders","7":"product_tag-arm-cylinders","8":"product_tag-hydraulic-cylinders","10":"first","11":"instock","12":"shipping-taxable","13":"product-type-simple"},"amp_enabled":true,"_links":{"self":[{"href":"https:\/\/www.hydraulic-cylinders.net\/lt\/wp-json\/wp\/v2\/product\/16051","targetHints":{"allow":["GET"]}}],"collection":[{"href":"https:\/\/www.hydraulic-cylinders.net\/lt\/wp-json\/wp\/v2\/product"}],"about":[{"href":"https:\/\/www.hydraulic-cylinders.net\/lt\/wp-json\/wp\/v2\/types\/product"}],"replies":[{"embeddable":true,"href":"https:\/\/www.hydraulic-cylinders.net\/lt\/wp-json\/wp\/v2\/comments?post=16051"}],"wp:featuredmedia":[{"embeddable":true,"href":"https:\/\/www.hydraulic-cylinders.net\/lt\/wp-json\/wp\/v2\/media\/14763"}],"wp:attachment":[{"href":"https:\/\/www.hydraulic-cylinders.net\/lt\/wp-json\/wp\/v2\/media?parent=16051"}],"wp:term":[{"taxonomy":"product_brand","embeddable":true,"href":"https:\/\/www.hydraulic-cylinders.net\/lt\/wp-json\/wp\/v2\/product_brand?post=16051"},{"taxonomy":"product_cat","embeddable":true,"href":"https:\/\/www.hydraulic-cylinders.net\/lt\/wp-json\/wp\/v2\/product_cat?post=16051"},{"taxonomy":"product_tag","embeddable":true,"href":"https:\/\/www.hydraulic-cylinders.net\/lt\/wp-json\/wp\/v2\/product_tag?post=16051"}],"curies":[{"name":"wp","href":"https:\/\/api.w.org\/{rel}","templated":true}]}}