{"id":16062,"date":"2025-01-20T08:25:44","date_gmt":"2025-01-20T08:25:44","guid":{"rendered":"https:\/\/www.hydraulic-cylinders.net\/product\/arm-cylinderfor-komatsu-middle-excavator-pc160lc-7\/"},"modified":"2025-01-20T08:25:46","modified_gmt":"2025-01-20T08:25:46","slug":"arm-cylinderfor-komatsu-middle-excavator-pc160lc-7","status":"publish","type":"product","link":"https:\/\/www.hydraulic-cylinders.net\/lt\/produktas\/arm-cylinderfor-komatsu-middle-excavator-pc160lc-7\/","title":{"rendered":"Komatsu PC160LC-7 vidutinio dyd\u017eio ekskavatoriaus rankenos cilindras"},"content":{"rendered":"<h2>Komatsu vidutinio ekskavatoriaus PC160LC-7 rankenos cilindras<\/h2>\n<p>Svirties cilindras yra specialiai suprojektuotas hidraulinis cilindras, u\u017etikrinantis tiesin\u012f judes\u012f ir gali\u0105 \u012fvairi\u0173 tip\u0173 ma\u0161in\u0173, toki\u0173 kaip ekskavatoriai, kranai ir robotin\u0117s svirtys, svir\u010diai. Jis atlieka labai svarb\u0173 vaidmen\u012f hidraulin\u0117se sistemose, nes leid\u017eia priedams ar priedams jud\u0117ti ir b\u016bti efektyviai valdomiems. \u0160ie cilindrai ne tik u\u017etikrina skland\u0173 jud\u0117jim\u0105, bet ir atlaiko dideles apkrovas, u\u017etikrindami efektyv\u0173 ma\u0161in\u0173 veikim\u0105 ir patikimum\u0105 \u012fvairiomis darbo s\u0105lygomis.<\/p>\n<p><img decoding=\"async\" src=\"https:\/\/www.hydraulic-cylinders.net\/wp-content\/uploads\/2025\/01\/songte-company-2.webp\" alt=\"Svirties cilindro vaizdas\"><\/p>\n<h2>Savyb\u0117s<\/h2>\n<ul>\n<li><strong>Didelio efektyvumo energijos perdavimas:<\/strong> Svirties cilindras u\u017etikrina galing\u0105 tiesin\u012f judes\u012f ir j\u0117g\u0105, u\u017etikrindamas auk\u0161t\u0105 mechanin\u0117s svirties na\u0161um\u0105 atliekant \u012fvairias operacijas.<\/li>\n<li><strong>Tikslus valdymas:<\/strong> Hidraulin\u0117s sistemos d\u0117ka svirties cilindras leid\u017eia tiksliai valdyti judes\u012f, tod\u0117l pritvirtint\u0173 \u012franki\u0173 valdymas tampa lankstesnis ir tikslesnis.<\/li>\n<li><strong>Patvarumas:<\/strong> Svirtiniai cilindrai paprastai gaminami i\u0161 didelio stiprumo med\u017eiag\u0173, kurios pasi\u017eymi puikiu atsparumu dilimui ir korozijai, tod\u0117l tinka ilgalaikiam naudojimui at\u0161iauriomis s\u0105lygomis.<\/li>\n<li><strong>Daugiafunkcinis prisitaikymas:<\/strong> \u0160ie cilindrai gali b\u016bti pla\u010diai naudojami \u012fvairi\u0173 tip\u0173 ma\u0161inoms, \u012fskaitant ekskavatorius, kranus ir robotines rankas, kad b\u016bt\u0173 patenkinti skirtingi darbo reikalavimai.<\/li>\n<li><strong>Lengva prie\u017ei\u016bra:<\/strong> Svirtini\u0173 cilindr\u0173 konstrukcija atsi\u017evelgia \u012f technin\u0119 prie\u017ei\u016br\u0105 ir keitim\u0105, tod\u0117l reguliari ap\u017ei\u016bra ir prie\u017ei\u016bra yra patogesn\u0117, o \u012frangos prastovos laikas sutrump\u0117ja.<\/li>\n<\/ul>\n<p><img decoding=\"async\" src=\"https:\/\/www.hydraulic-cylinders.net\/wp-content\/uploads\/2025\/01\/songte-oil-pipes-and-spare-parts.webp\" alt=\"Svirties cilindro atsargini\u0173 dali\u0173 vaizdas\"><\/p>\n<h2>Parai\u0161kos<\/h2>\n<p>Svirtiniai cilindrai naudojami \u012fvairiose pramon\u0117s \u0161akose ir srityse:<\/p>\n<ol>\n<li>Statyba: Ekskavatoriuose ir kranuose str\u0117l\u0117s cilindrai valdo kau\u0161o arba str\u0117l\u0117s jud\u0117jim\u0105 atliekant tokias u\u017eduotis kaip \u017eem\u0117s darbai, med\u017eiag\u0173 tvarkymas ir konstrukcij\u0173 montavimas.<\/li>\n<li>Gamyba: Automatizuotose gamybos linijose robotini\u0173 rank\u0173 judinimui naudojami rank\u0173 cilindrai, leid\u017eiantys atlikti tokius procesus kaip surinkimas, suvirinimas ir med\u017eiag\u0173 tvarkymas, siekiant pagerinti gamybos efektyvum\u0105 ir tikslum\u0105.<\/li>\n<li>\u017dem\u0117s \u016bkio technika: \u017dem\u0117s \u016bkio \u012frangoje, tokioje kaip derliaus nu\u0117mimo ma\u0161inos ir s\u0117jamosios, svir\u010di\u0173 cilindrai valdo valdymo svir\u010di\u0173 jud\u0117jim\u0105 atliekant tokias u\u017eduotis kaip s\u0117ja, tr\u0119\u0161imas ir derliaus nu\u0117mimas.<\/li>\n<li>Kasyba: Kasybos \u012frangoje svirties cilindrai naudojami kasybos ma\u0161in\u0173 svirties jud\u0117jimui valdyti r\u016bdos gavybai ir transportavimui.<\/li>\n<li>Logistika ir transportas: \u0160akiniuose krautuvuose ir krovini\u0173 krovimo robotuose svir\u010di\u0173 cilindrai valdo \u0161aki\u0173 k\u0117lim\u0105 ir jud\u0117jim\u0105, palengvindami med\u017eiag\u0173 tvarkym\u0105 ir krovim\u0105.<\/li>\n<\/ol>\n<h2>Projektavimo aspektai ir atrankos kriterijai<\/h2>\n<p>Kalbant apie cilindr\u0173 konstrukcij\u0105, atsi\u017evelgiama \u012f kelis veiksnius:<\/p>\n<ol>\n<li>Apkrovos paj\u0117gumas: Svirtiniai cilindrai yra suprojektuoti taip, kad atlaikyt\u0173 konkre\u010dias apkrovas, atsi\u017evelgiant \u012f taikymo reikalavimus.<\/li>\n<li>Sandarinimo galimyb\u0117s: Siekiant u\u017etikrinti tinkam\u0105 sandarinim\u0105, naudojami \u012fvair\u016bs sandarinimo komponentai, tokie kaip st\u016bmokli\u0173 ir kot\u0173 sandarikliai. Tokios med\u017eiagos kaip poliuretanas ir nitrilo kau\u010diukas parenkamos d\u0117l j\u0173 atsparumo dilimui.<\/li>\n<li>Patvarumas: Cilindro korpusas ir srieginiai galai yra kruop\u0161\u010diai apdorojami, siekiant padidinti atsparum\u0105 dilimui.<\/li>\n<li>Saugumas: \u012ediegtos konstrukcijos ypatyb\u0117s, u\u017etikrinan\u010dios saug\u0173 rankos cilindro veikim\u0105.<\/li>\n<li>Prie\u017ei\u016bra: konstrukcija leid\u017eia lengvai pri\u017ei\u016br\u0117ti ir keisti dalis, taip suma\u017einant prastovas ir pagerinant na\u0161um\u0105.<\/li>\n<\/ol>\n<p><img decoding=\"async\" src=\"https:\/\/www.hydraulic-cylinders.net\/wp-content\/uploads\/2025\/01\/songte-cylinder-head-with-all-kinds-excavator-models.webp\" alt=\"Svirties cilindro dizaino vaizdas\"><\/p>\n<h2>Sandarinimas ir tepimas<\/h2>\n<p>Siekiant u\u017etikrinti optimal\u0173 na\u0161um\u0105 ir ilgaam\u017ei\u0161kum\u0105, pe\u010di\u0173 cilindruose naudojami \u012fvair\u016bs sandarinimo komponentai, tokie kaip st\u016bmokli\u0173 ir kot\u0173 sandarikliai. \u0160ie sandarikliai pagaminti i\u0161 atspari\u0173 dilimui med\u017eiag\u0173, toki\u0173 kaip poliuretanas ir nitrilo kau\u010diukas. Cilindro korpusas ir srieginiai galai yra kruop\u0161\u010diai apdirbti, siekiant padidinti atsparum\u0105 dilimui. Norint u\u017etikrinti skland\u0173 veikim\u0105, reikia reguliariai tepti tinkama hidrauline alyva.<\/p>\n<h2>Reguliarus patikrinimas ir prevencin\u0117 prie\u017ei\u016bra<\/h2>\n<p>Reguliarus svirtini\u0173 cilindr\u0173 patikrinimas ir profilaktin\u0117 prie\u017ei\u016bra yra b\u016btini norint u\u017etikrinti tinkam\u0105 j\u0173 prie\u017ei\u016br\u0105. Rekomenduojama:<\/p>\n<ul>\n<li>Ap\u017ei\u016br\u0117kite cilindr\u0105, ar n\u0117ra nuot\u0117kio, pa\u017eeidimo ar susid\u0117v\u0117jimo po\u017eymi\u0173.<\/li>\n<li>Patikrinkite ir prireikus pakeiskite sandariklius ir kitus komponentus.<\/li>\n<li>U\u017etikrinkite tinkam\u0105 tepim\u0105, \u012fpildami reikiam\u0105 kiek\u012f hidraulin\u0117s alyvos.<\/li>\n<li>Naudojimo metu steb\u0117kite cilindro veikim\u0105 ir veikim\u0105.<\/li>\n<\/ul>\n<h2>Teisingas gaminio \u012frengimo vadovas<\/h2>\n<p>Tinkamas svirties cilindro montavimas yra labai svarbus jo veikimui ir ilgaam\u017ei\u0161kumui. Nor\u0117dami teisingai sumontuoti, atlikite \u0161iuos veiksmus:<\/p>\n<ol>\n<li>\u012esitikinkite, kad tvirtinimo pavir\u0161iai yra \u0161var\u016bs ir be \u0161iuk\u0161li\u0173.<\/li>\n<li>Sulygiuokite cilindr\u0105 su tvirtinimo angomis ir pritvirtinkite j\u012f naudodami atitinkamus tvirtinimo elementus.<\/li>\n<li>Priver\u017ekite tvirtinimo detales iki rekomenduojamo sukimo momento.<\/li>\n<li>Patikrinkite tinkam\u0105 i\u0161lyginim\u0105 ir tarp\u0105.<\/li>\n<li>Patikrinkite hidraulines jungtis ir \u012fsitikinkite, kad jos yra tinkamai priver\u017etos.<\/li>\n<\/ol>\n<p><img decoding=\"async\" src=\"https:\/\/www.hydraulic-cylinders.net\/wp-content\/uploads\/2025\/01\/songte-bushings-with-all-kinds-of-excavator-models.webp\" alt=\"Svirties cilindro montavimo paveiksl\u0117lis\"><\/p>\n<h2>Saugos aspektai ir aplinkos veiksniai<\/h2>\n<p>Naudojant svirtinius cilindrus, svarbu atsi\u017evelgti \u012f saugos priemones, kad b\u016bt\u0173 i\u0161vengta nelaiming\u0173 atsitikim\u0173 ir u\u017etikrinta operatori\u0173 bei pa\u0161alini\u0173 asmen\u0173 gerov\u0117. Saugos priemon\u0117s gali apimti:<\/p>\n<ul>\n<li>Tinkamai apmokyti operatorius saugaus eksploatavimo ir technin\u0117s prie\u017ei\u016bros proced\u016br\u0173.<\/li>\n<li>Naudojant tinkamus apsauginius skydus ir apsaugas, kad b\u016bt\u0173 apsisaugota nuo galim\u0173 pavoj\u0173.<\/li>\n<li>Reguliariai atlikti patikrinimus, siekiant nustatyti ir pa\u0161alinti bet kokias saugos problemas.<\/li>\n<\/ul>\n<h2>Gedim\u0173 diagnostika ir da\u017eniausios problemos<\/h2>\n<p>Svirtiniai cilindrai gali tur\u0117ti gedim\u0173 arba da\u017enai pasitaikan\u010di\u0173 problem\u0173, kurios gali tur\u0117ti \u012ftakos j\u0173 veikimui. Kai kurios da\u017eniausios problemos:<\/p>\n<ul>\n<li>Hidraulinio skys\u010dio nuot\u0117kis<\/li>\n<li>Galios praradimas arba silpna k\u0117limo j\u0117ga<\/li>\n<li>Triuk\u0161mas arba vibracija veikimo metu<\/li>\n<li>Nenuoseklus arba tr\u016bk\u010diojantis judesys<\/li>\n<\/ul>\n<p>Susid\u016br\u0119 su \u0161iomis problemomis, apsvarstykite \u0161iuos trik\u010di\u0173 \u0161alinimo ir sprendim\u0173 b\u016bdus:<\/p>\n<ul>\n<li>Patikrinkite ir suremontuokite visus pa\u017eeistus sandariklius ar komponentus, d\u0117l kuri\u0173 nutek\u0117jo skystis.<\/li>\n<li>Patikrinkite, ar hidraulin\u0117je sistemoje n\u0117ra joki\u0173 apribojim\u0173 ar u\u017esikim\u0161im\u0173, kurie gal\u0117t\u0173 sukelti galios nuostolius.<\/li>\n<li>Kad suma\u017eintum\u0117te triuk\u0161m\u0105 ir vibracij\u0105, u\u017etikrinkite tinkam\u0105 vis\u0173 jung\u010di\u0173 suderinim\u0105 ir priver\u017eim\u0105.<\/li>\n<li>Patikrinkite hidraulin\u0117s sistemos sl\u0117g\u012f ir prireikus j\u012f sureguliuokite, kad jud\u0117jimas b\u016bt\u0173 sklandus ir pastovus.<\/li>\n<\/ul>\n<p><img decoding=\"async\" src=\"https:\/\/www.hydraulic-cylinders.net\/wp-content\/uploads\/2025\/01\/songte-chushion-collar.webp\" alt=\"Svirties cilindro trik\u010di\u0173 \u0161alinimo paveiksl\u0117lis\"><\/p>\n<p>Nepamir\u0161kite straipsn\u012f strukt\u016brizuoti logi\u0161kai, naudoti paantra\u0161tes lengvam nar\u0161ymui, \u012ftraukti atitinkam\u0173 vaizd\u0173 ar diagram\u0173, kad b\u016bt\u0173 lengviau suprasti, ir u\u017etikrinti, kad turinys b\u016bt\u0173 ai\u0161kus, glaustas ir tinkamas skaitytojams, turintiems skirting\u0105 technini\u0173 \u017eini\u0173 lyg\u012f.<\/p>\n<p>Autorius: lyl<\/p>\n<h2>Apie m\u016bs\u0173 \u012fmon\u0119<\/h2>\n<p>Esame profesionalus pakaitini\u0173 hidraulini\u0173 cilindr\u0173 gamintojas, si\u016blantis plat\u0173 gamini\u0173 asortiment\u0105. Tapome vienu i\u0161 pirmaujan\u010di\u0173 hidraulini\u0173 cilindr\u0173 gamintoj\u0173 ir didmenini\u0173 platintoj\u0173 tiek vidaus, tiek tarptautin\u0117se rinkose. Vadovaudamiesi meistri\u0161kumo principu, nuolat tobuliname savo technologinius paj\u0117gumus ir gamybos efektyvum\u0105, pasitelkdami puikiai valdom\u0105 industrializuot\u0105 gamybos cech\u0105. \u012edieg\u0119 pa\u017eangi\u0105 skaitmenin\u0119 gamybos \u012frang\u0105 ir profesionalias testavimo sistemas, optimizuojame savo gamybos platform\u0105, tobuliname gamini\u0173 kokyb\u0117s kontrol\u0117s procesus ir turime stiprias inovacij\u0173 galimybes. M\u016bs\u0173 tikslas \u2013 patenkinti \u012fvairius klient\u0173 poreikius, vadovaujantis efektyvumo, tikslumo ir auk\u0161tos kokyb\u0117s principais.<\/p>\n<p><img decoding=\"async\" src=\"https:\/\/www.hydraulic-cylinders.net\/wp-content\/uploads\/2025\/01\/songte-company-4.webp\" alt=\"\u012emon\u0117s \u012fvaizdis\"><br \/>\n<img decoding=\"async\" src=\"https:\/\/www.hydraulic-cylinders.net\/wp-content\/uploads\/2025\/01\/songte-company-3.webp\" alt=\"\u012emon\u0117s \u012fvaizdis\"><\/p>\n<p>Did\u017eiuojam\u0117s savo profesionalumu, tarptautiniais sertifikatais, individualiai pritaikytomis paslaugomis, gamybos \u012franga ir aptarnavimu po pardavimo.<\/p>","protected":false},"excerpt":{"rendered":"<p>Arm Cylinder for Komatsu Middle Excavator PC160LC-7 The arm cylinder is a specially designed hydraulic cylinder that provides linear motion and power to the arm of various types of machinery, such as excavators, cranes, and robotic arms. It plays a crucial role in hydraulic systems, allowing attachments or accessories to move and be controlled effectively. [&hellip;]<\/p>","protected":false},"featured_media":14759,"comment_status":"open","ping_status":"closed","template":"","meta":{"_et_pb_use_builder":"","_et_pb_old_content":"","_et_gb_content_width":""},"product_brand":[],"product_cat":[1497],"product_tag":[1498,1496],"class_list":{"0":"post-16062","1":"product","2":"type-product","3":"status-publish","4":"has-post-thumbnail","6":"product_cat-arm-cylinders","7":"product_tag-arm-cylinders","8":"product_tag-hydraulic-cylinders","10":"first","11":"instock","12":"shipping-taxable","13":"product-type-simple"},"amp_enabled":true,"_links":{"self":[{"href":"https:\/\/www.hydraulic-cylinders.net\/lt\/wp-json\/wp\/v2\/product\/16062","targetHints":{"allow":["GET"]}}],"collection":[{"href":"https:\/\/www.hydraulic-cylinders.net\/lt\/wp-json\/wp\/v2\/product"}],"about":[{"href":"https:\/\/www.hydraulic-cylinders.net\/lt\/wp-json\/wp\/v2\/types\/product"}],"replies":[{"embeddable":true,"href":"https:\/\/www.hydraulic-cylinders.net\/lt\/wp-json\/wp\/v2\/comments?post=16062"}],"wp:featuredmedia":[{"embeddable":true,"href":"https:\/\/www.hydraulic-cylinders.net\/lt\/wp-json\/wp\/v2\/media\/14759"}],"wp:attachment":[{"href":"https:\/\/www.hydraulic-cylinders.net\/lt\/wp-json\/wp\/v2\/media?parent=16062"}],"wp:term":[{"taxonomy":"product_brand","embeddable":true,"href":"https:\/\/www.hydraulic-cylinders.net\/lt\/wp-json\/wp\/v2\/product_brand?post=16062"},{"taxonomy":"product_cat","embeddable":true,"href":"https:\/\/www.hydraulic-cylinders.net\/lt\/wp-json\/wp\/v2\/product_cat?post=16062"},{"taxonomy":"product_tag","embeddable":true,"href":"https:\/\/www.hydraulic-cylinders.net\/lt\/wp-json\/wp\/v2\/product_tag?post=16062"}],"curies":[{"name":"wp","href":"https:\/\/api.w.org\/{rel}","templated":true}]}}