{"id":16065,"date":"2025-01-20T08:25:57","date_gmt":"2025-01-20T08:25:57","guid":{"rendered":"https:\/\/www.hydraulic-cylinders.net\/product\/arm-cylinderfor-komatsu-middle-excavator-pc200-3-5-6-7-8-8mo\/"},"modified":"2025-01-20T08:25:59","modified_gmt":"2025-01-20T08:25:59","slug":"arm-cylinderfor-komatsu-middle-excavator-pc200-3-5-6-7-8-8mo","status":"publish","type":"product","link":"https:\/\/www.hydraulic-cylinders.net\/lt\/produktas\/arm-cylinderfor-komatsu-middle-excavator-pc200-3-5-6-7-8-8mo\/","title":{"rendered":"\u201eKomatsu\u201c vidutinio dyd\u017eio ekskavatoriaus rankenos cilindras PC200-3-5-6-7-8-8MO"},"content":{"rendered":"<h1>Komatsu vidutinio dyd\u017eio ekskavatoriaus PC200-3-5-6-7-8-8MO rankenos cilindras<\/h1>\n<h2>\u012evadas<\/h2>\n<p>Svirties cilindras yra specialiai suprojektuotas hidraulinis cilindras, daugiausia naudojamas linijiniam jud\u0117jimui ir galiai u\u017etikrinti \u012fvairi\u0173 tip\u0173 svirtims ma\u0161inose, tokiose kaip ekskavatoriai, kranai ir robotin\u0117s svirtys. Svirties cilindras atlieka labai svarb\u0173 vaidmen\u012f hidraulin\u0117se sistemose, nes leid\u017eia efektyviai jud\u0117ti ir valdyti papildomus \u012frankius ar priedus. \u0160ie cilindrai ne tik u\u017etikrina skland\u0173 jud\u0117jim\u0105, bet ir atlaiko dideles apkrovas, u\u017etikrindami efektyv\u0173 mechanizm\u0173 veikim\u0105 ir patikimum\u0105 \u012fvairiomis darbo s\u0105lygomis.<\/p>\n<p><img decoding=\"async\" src=\"https:\/\/www.hydraulic-cylinders.net\/wp-content\/uploads\/2025\/01\/songte-company-2.webp\" alt=\"Svirties cilindro vaizdas\"><\/p>\n<h3>Apibr\u0117\u017eimas ir paai\u0161kinimas<\/h3>\n<p>Svirtiniai cilindrai yra esminiai \u012fvairi\u0173 ma\u0161in\u0173 komponentai, kuriems reikalingas svirtini\u0173 judesys j\u0173 veikimui. \u0160ie cilindrai yra specialiai sukurti taip, kad u\u017etikrint\u0173 galing\u0105 tiesin\u012f jud\u0117jim\u0105 ir j\u0117g\u0105 svirtims, u\u017etikrinant efektyv\u0173 veikim\u0105. Jie pagaminti i\u0161 didelio stiprumo med\u017eiag\u0173, tod\u0117l tinka naudoti at\u0161iauriomis s\u0105lygomis ir u\u017etikrina ilgalaik\u012f patvarum\u0105. Svirtini\u0173 cilindr\u0173 konstrukcija taip pat atsi\u017evelg\u0117 \u012f lengv\u0105 prie\u017ei\u016br\u0105 ir keitim\u0105, tod\u0117l juos patogu reguliariai tikrinti ir pri\u017ei\u016br\u0117ti, taip sutrumpinant \u012frangos prastovas.<\/p>\n<h2>Savyb\u0117s<\/h2>\n<p>Toliau pateikiamos kai kurios ranken\u0173 cilindr\u0173 savyb\u0117s:<\/p>\n<h3>1. Didelio efektyvumo transmisija<\/h3>\n<p>Svirties cilindras u\u017etikrina galing\u0105 tiesin\u012f jud\u0117jim\u0105 ir j\u0117g\u0105, u\u017etikrindamas auk\u0161t\u0105 ma\u0161inos efektyvum\u0105. <\/p>\n<h3>2. Tikslus valdymas<\/h3>\n<p>Svirties cilindras leid\u017eia tiksliai valdyti papildom\u0173 \u012franki\u0173 jud\u0117jim\u0105 per hidraulin\u0119 sistem\u0105, taip padidindamas lankstum\u0105 ir tikslum\u0105 operacij\u0173 metu.<\/p>\n<h3>3. Didelis patvarumas<\/h3>\n<p>Svirties cilindras pagamintas i\u0161 didelio stiprumo med\u017eiag\u0173, tod\u0117l yra labai atsparus dilimui ir korozijai, tod\u0117l idealiai tinka ilgalaikiam naudojimui at\u0161iauriomis s\u0105lygomis.<\/p>\n<h3>4. Daugiafunkcinis prisitaikymas<\/h3>\n<p>Svirtiniai cilindrai gali b\u016bti naudojami \u012fvairiose ma\u0161inose, tokiose kaip ekskavatoriai, kranai ir robotin\u0117s svirtys, tod\u0117l jie tinka \u012fvairiems eksploatavimo poreikiams.<\/p>\n<h3>5. Lengva prie\u017ei\u016bra<\/h3>\n<p>Svirtinio cilindro konstrukcija yra sukurta taip, kad j\u012f b\u016bt\u0173 lengva pri\u017ei\u016br\u0117ti ir pakeisti, tod\u0117l patogu reguliariai tikrinti ir pri\u017ei\u016br\u0117ti, taip sutrumpinant \u012frangos prastovas.<\/p>\n<p><img decoding=\"async\" src=\"https:\/\/www.hydraulic-cylinders.net\/wp-content\/uploads\/2025\/01\/songte-oil-pipes-and-spare-parts.webp\" alt=\"Rankinio cilindro gaminiai\"><\/p>\n<h2>Parai\u0161kos<\/h2>\n<p>Svirties cilindro pritaikymas priklauso nuo mechanizmo, kuriame jis naudojamas. Toliau pateikiami kai kurie pritaikymai:<\/p>\n<h3>1. Statyb\u0173 pramon\u0117<\/h3>\n<p>Svirtini\u0173 cilindr\u0173 paskirtis \u2013 valdyti ekskavatoriaus ir krano svirtini\u0173 cilindr\u0173 jud\u0117jim\u0105 atliekant \u017eem\u0117s darbus, med\u017eiag\u0173 tvarkym\u0105 ir konstrukcij\u0173 montavim\u0105.<\/p>\n<h3>2. Gamybos pramon\u0117<\/h3>\n<p>Rank\u0173 cilindrai valdo robotini\u0173 rank\u0173 judes\u012f automatizuotose surinkimo linijose, suvirinimo ir med\u017eiag\u0173 tvarkymo srityse, taip pagerindami gamybos efektyvum\u0105 ir tikslum\u0105.<\/p>\n<h3>3. \u017dem\u0117s \u016bkio technika<\/h3>\n<p>Svirteli\u0173 cilindrai valdo valdymo svirteli\u0173 jud\u0117jim\u0105 \u017eem\u0117s \u016bkio technikoje, pavyzd\u017eiui, derliaus nu\u0117mimo ir s\u0117jam\u0173j\u0173, atliekant tokias u\u017eduotis kaip s\u0117ja, tr\u0119\u0161imas ir derliaus nu\u0117mimas.<\/p>\n<h3>4. Kasybos pramon\u0117<\/h3>\n<p>Svirtiniai cilindrai valdo kasybos \u012frangos svirtini\u0173 cilindr\u0173 jud\u0117jim\u0105, atlikdami tokias operacijas kaip r\u016bdos gavyba ir tvarkymas.<\/p>\n<h3>5. Logistika ir transportas<\/h3>\n<p>Rank\u0173 cilindrai valdo \u0161akinio krautuvo ir roboto rank\u0173 jud\u0117jim\u0105, leisdami tvarkyti ir krauti med\u017eiagas.<\/p>\n<h2>Projektavimo aspektai ir atrankos standartai<\/h2>\n<p>Svirties cilindro konstrukcijos aspektai ir pasirinkimo standartai apima:<\/p>\n<h3>1. Apkrovos paj\u0117gumas<\/h3>\n<p>Svirties cilindras turi tur\u0117ti pakankam\u0105 keliam\u0105j\u0105 gali\u0105, kad i\u0161laikyt\u0173 ma\u0161inos ir papildom\u0173 \u012franki\u0173 ar pried\u0173 svor\u012f.<\/p>\n<h3>2. Sandarinimas<\/h3>\n<p>Svirties cilindre tur\u0117t\u0173 b\u016bti naudojami \u012fvair\u016bs sandarinimo komponentai, tokie kaip st\u016bmoklio ir strypo sandarikliai, kad b\u016bt\u0173 i\u0161vengta nuot\u0117ki\u0173 ir u\u017etikrintas efektyvus skys\u010dio sandarinimas.<\/p>\n<h3>3. Patvarumas<\/h3>\n<p>Svirties cilindras turi b\u016bti pagamintas i\u0161 didelio stiprumo med\u017eiag\u0173, kurios gali atlaikyti at\u0161iaurias aplinkos s\u0105lygas ir yra atsparios dilimui bei korozijai.<\/p>\n<h3>4. Saugumas<\/h3>\n<p>Svirties cilindras turi b\u016bti suprojektuotas su saugos funkcijomis, kad b\u016bt\u0173 i\u0161vengta darbuotoj\u0173 su\u017ealojim\u0173, \u012frangos sugadinimo ir saugos pavoj\u0173.<\/p>\n<h3>5. Prie\u017ei\u016bra<\/h3>\n<p>Svirties cilindro konstrukcija tur\u0117t\u0173 u\u017etikrinti lengv\u0105 komponent\u0173 prie\u017ei\u016br\u0105 ir keitim\u0105, taip suma\u017einant \u012frangos prastovas ir prie\u017ei\u016bros i\u0161laidas.<\/p>\n<p><img decoding=\"async\" src=\"https:\/\/www.hydraulic-cylinders.net\/wp-content\/uploads\/2025\/01\/songte-cylinder-head-with-all-kinds-excavator-models.webp\" alt=\"Svirties cilindro galvut\u0117s vaizdas\"><\/p>\n<h2>Sandarinimas ir tepimas<\/h2>\n<p>Siekiant u\u017etikrinti efektyv\u0173 svirties cilindro sandarinim\u0105 ir tepim\u0105, reikia imtis \u0161i\u0173 priemoni\u0173:<\/p>\n<ul>\n<li>Naudokite \u012fvairius sandarinimo komponentus, tokius kaip st\u016bmokli\u0173 ir kot\u0173 sandarikliai, kad i\u0161vengtum\u0117te nuot\u0117ki\u0173 ir u\u017etikrintum\u0117te efektyv\u0173 skys\u010dio sandarinim\u0105.<\/li>\n<li>Sandarinimo priemon\u0117ms naudokite atsparias dilimui med\u017eiagas, tokias kaip poliuretanas ir nitrilo kau\u010diukas.<\/li>\n<li>Cilindro korpusas ir sriegio galiniai pavir\u0161iai tur\u0117t\u0173 b\u016bti smulkiai apdirbti, kad b\u016bt\u0173 padidintas atsparumas dilimui.<\/li>\n<li>Reguliariai \u012fpilkite reikiam\u0105 kiek\u012f hidraulin\u0117s alyvos tepimui.<\/li>\n<\/ul>\n<p><img decoding=\"async\" src=\"https:\/\/www.hydraulic-cylinders.net\/wp-content\/uploads\/2025\/01\/songte-bushings-with-all-kinds-of-excavator-models.webp\" alt=\"Svirties cilindro \u012fvori\u0173 vaizdas\"><\/p>\n<h2>Ap\u017ei\u016bros ir prevencin\u0117s prie\u017ei\u016bros priemon\u0117s<\/h2>\n<p>Norint u\u017etikrinti optimal\u0173 na\u0161um\u0105 ir pailginti svirties cilindro tarnavimo laik\u0105, reikia imtis \u0161i\u0173 priemoni\u0173:<\/p>\n<ul>\n<li>Reguliariai tikrinkite svirties cilindr\u0105, ar n\u0117ra susid\u0117v\u0117jimo, pa\u017eeidim\u0173 ar nuot\u0117ki\u0173.<\/li>\n<li>Reguliariai valykite cilindr\u0105 ir jo dalis, kad nesikaupt\u0173 ne\u0161varumai ir \u0161iuk\u0161l\u0117s.<\/li>\n<li>Laikykit\u0117s gamintojo rekomendacij\u0173 d\u0117l komponent\u0173 prie\u017ei\u016bros ir keitimo.<\/li>\n<li>Nedelsdami pakeiskite susid\u0117v\u0117jusius arba pa\u017eeistus komponentus, kad i\u0161vengtum\u0117te tolesn\u0117s \u017ealos ar pavoj\u0173 saugai.<\/li>\n<\/ul>\n<h2>Diegimo vadovas<\/h2>\n<p>Montuojant cilindro formos ranken\u0105, reikia atlikti \u0161iuos veiksmus:<\/p>\n<ul>\n<li>\u012esitikinkite, kad svirties cilindras suderinamas su naudojamais \u012frenginiais ir priedais.<\/li>\n<li>Laikykit\u0117s gamintojo rekomendacij\u0173 d\u0117l hidraulini\u0173 linij\u0173 montavimo, lygiavimo ir prijungimo.<\/li>\n<li>\u012esitikinkite, kad svirties cilindras yra tvirtai pritvirtintas ir sulygiuotas, kad i\u0161vengtum\u0117te pa\u017eeidim\u0173 ir pavoj\u0173 saugai.<\/li>\n<li>Atlikite funkcij\u0173 bandym\u0105, kad \u012fsitikintum\u0117te, jog veikia tinkamai.<\/li>\n<\/ul>\n<p><img decoding=\"async\" src=\"https:\/\/www.hydraulic-cylinders.net\/wp-content\/uploads\/2025\/01\/songte-chushion-collar.webp\" alt=\"Rankos cilindro apykakl\u0117s vaizdas\"><\/p>\n<h2>Saugos aspektai ir aplinkos veiksniai<\/h2>\n<p>Naudojant cilindrinius str\u0117les, saugos priemon\u0117s tur\u0117t\u0173 apimti:<\/p>\n<ul>\n<li>Laikykit\u0117s gamintojo saugos rekomendacij\u0173 ir nurodym\u0173.<\/li>\n<li>\u012esitikinkite, kad svirties cilindras yra tinkamai sumontuotas ir pritvirtintas, kad i\u0161vengtum\u0117te pa\u017eeidim\u0173 ir pavoj\u0173 saugai.<\/li>\n<li>Naudodami ma\u0161inas su cilindrais, naudokite tinkamas asmenines apsaugos priemones.<\/li>\n<li>U\u017etikrinti, kad darbuotojai b\u016bt\u0173 apmokyti ir kvalifikuoti valdyti ma\u0161inas su svirtiniais cilindrais.<\/li>\n<li>Reguliariai tikrinkite svirties cilindr\u0105, ar n\u0117ra susid\u0117v\u0117jimo, pa\u017eeidim\u0173 ar nuot\u0117ki\u0173, kad i\u0161vengtum\u0117te pavoj\u0173 saugai.<\/li>\n<\/ul>\n<h2>Da\u017ena gedim\u0173 diagnostika ir trik\u010di\u0173 \u0161alinimas<\/h2>\n<p>Toliau pateikiami kai kurie da\u017eniausiai pasitaikantys gedimai ir j\u0173 \u0161alinimo priemon\u0117s:<\/p>\n<h3>1. Nesandar\u016bs sandarikliai<\/h3>\n<p>Nedelsdami pakeiskite susid\u0117v\u0117jusius arba pa\u017eeistus sandariklius.<\/p>\n<h3>2. I\u0161lenkti strypai<\/h3>\n<p>Pakeiskite sulenktus strypus arba pataisykite juos i\u0161tiesinimo proced\u016bromis.<\/p>\n<h3>3. St\u016bmoklis nejuda<\/h3>\n<p>Patikrinkite hidraulinio skys\u010dio lyg\u012f ir sraut\u0105 ir \u012fsitikinkite, kad vo\u017etuvas yra atidarytas.<\/p>\n<h3>4. Cilindras nei\u0161siskleid\u017eia arba nesusitraukia<\/h3>\n<p>Patikrinkite hidraulinio skys\u010dio lyg\u012f ir sraut\u0105 ir \u012fsitikinkite, kad vo\u017etuvas yra atidarytas.<\/p>\n<h2>I\u0161vada<\/h2>\n<p>Esame profesionalus pakaitini\u0173 hidraulini\u0173 cilindr\u0173 gamintojas, o m\u016bs\u0173 gaminiai gali puikiai pakeisti \u0161iuos hidraulinius cilindrus. Si\u016blome plat\u0173 gamini\u0173 asortiment\u0105 ir tapome vienu i\u0161 pirmaujan\u010di\u0173 hidraulini\u0173 cilindr\u0173 gamintoj\u0173 ir didmenini\u0173 platintoj\u0173 vidaus ir tarptautin\u0117se rinkose. Visada laikom\u0117s puikios kokyb\u0117s principo, nuolat tobuliname savo technologijas ir gamybos efektyvum\u0105 bei stengiam\u0117s patenkinti \u012fvairius klient\u0173 poreikius, u\u017etikrindami auk\u0161t\u0105 efektyvum\u0105, tikslum\u0105 ir kokyb\u0119. <\/p>\n<p><img decoding=\"async\" src=\"https:\/\/www.hydraulic-cylinders.net\/wp-content\/uploads\/2025\/01\/songte-company-4.webp\" alt=\"\u012emon\u0117s paveiksl\u0117lis 1\"><br \/>\n<img decoding=\"async\" src=\"https:\/\/www.hydraulic-cylinders.net\/wp-content\/uploads\/2025\/01\/songte-company-3.webp\" alt=\"\u012emon\u0117s paveiksl\u0117lis 2\"><\/p>\n<h2>Apie mus<\/h2>\n<p>M\u016bs\u0173 \u012fmon\u0117 yra profesionali hidraulini\u0173 cilindr\u0173 gamintoja, teikianti auk\u0161tos kokyb\u0117s produktus ir paslaugas klientams visame pasaulyje. Turime tarptautinius sertifikatus, tokius kaip ISO9001, CE ir SGS, ir si\u016blome pagal u\u017esakym\u0105 pagamintus hidraulinius cilindrus, atitinkan\u010dius konkre\u010dius klient\u0173 poreikius. M\u016bs\u0173 gamybos \u012frang\u0105 sudaro CNC stakl\u0117s, honavimo stakl\u0117s ir suvirinimo aparatai, be to, savo klientams si\u016blome puik\u0173 aptarnavim\u0105 po pardavimo, pavyzd\u017eiui, gamini\u0173 garantijas ir technin\u0117s prie\u017ei\u016bros palaikym\u0105. <\/p>\n<h3>Gamybos \u012franga<\/h3>\n<ul>\n<li>CNC stakl\u0117s<\/li>\n<li>Galandimo stakl\u0117s<\/li>\n<li>Suvirinimo aparatai<\/li>\n<\/ul>\n<h3>Aptarnavimas po pardavimo<\/h3>\n<ul>\n<li>Produkt\u0173 garantijos<\/li>\n<li>Technin\u0117s prie\u017ei\u016bros palaikymas<\/li>\n<\/ul>\n<p>Autorius: lyl<\/p>","protected":false},"excerpt":{"rendered":"<p>Arm Cylinder for Komatsu Middle Excavator PC200-3-5-6-7-8-8MO Introduction An arm cylinder is a specially designed hydraulic cylinder that is mainly used for providing linear movement and power to various types of arms in machinery such as excavators, cranes, and robotic arms. The arm cylinder plays a crucial role in hydraulic systems, enabling the effective movement [&hellip;]<\/p>","protected":false},"featured_media":14779,"comment_status":"open","ping_status":"closed","template":"","meta":{"_et_pb_use_builder":"","_et_pb_old_content":"","_et_gb_content_width":""},"product_brand":[],"product_cat":[1497],"product_tag":[1498,1496],"class_list":{"0":"post-16065","1":"product","2":"type-product","3":"status-publish","4":"has-post-thumbnail","6":"product_cat-arm-cylinders","7":"product_tag-arm-cylinders","8":"product_tag-hydraulic-cylinders","10":"first","11":"instock","12":"shipping-taxable","13":"product-type-simple"},"amp_enabled":true,"_links":{"self":[{"href":"https:\/\/www.hydraulic-cylinders.net\/lt\/wp-json\/wp\/v2\/product\/16065","targetHints":{"allow":["GET"]}}],"collection":[{"href":"https:\/\/www.hydraulic-cylinders.net\/lt\/wp-json\/wp\/v2\/product"}],"about":[{"href":"https:\/\/www.hydraulic-cylinders.net\/lt\/wp-json\/wp\/v2\/types\/product"}],"replies":[{"embeddable":true,"href":"https:\/\/www.hydraulic-cylinders.net\/lt\/wp-json\/wp\/v2\/comments?post=16065"}],"wp:featuredmedia":[{"embeddable":true,"href":"https:\/\/www.hydraulic-cylinders.net\/lt\/wp-json\/wp\/v2\/media\/14779"}],"wp:attachment":[{"href":"https:\/\/www.hydraulic-cylinders.net\/lt\/wp-json\/wp\/v2\/media?parent=16065"}],"wp:term":[{"taxonomy":"product_brand","embeddable":true,"href":"https:\/\/www.hydraulic-cylinders.net\/lt\/wp-json\/wp\/v2\/product_brand?post=16065"},{"taxonomy":"product_cat","embeddable":true,"href":"https:\/\/www.hydraulic-cylinders.net\/lt\/wp-json\/wp\/v2\/product_cat?post=16065"},{"taxonomy":"product_tag","embeddable":true,"href":"https:\/\/www.hydraulic-cylinders.net\/lt\/wp-json\/wp\/v2\/product_tag?post=16065"}],"curies":[{"name":"wp","href":"https:\/\/api.w.org\/{rel}","templated":true}]}}