{"id":1607,"date":"2023-10-08T01:17:41","date_gmt":"2023-10-08T01:17:41","guid":{"rendered":"https:\/\/hydraulic-cylinders.net\/?post_type=product&#038;p=1607"},"modified":"2025-04-14T01:17:37","modified_gmt":"2025-04-14T01:17:37","slug":"mining-dump-truck-lifting-cylinder","status":"publish","type":"product","link":"https:\/\/www.hydraulic-cylinders.net\/lt\/produktas\/mining-dump-truck-lifting-cylinder\/","title":{"rendered":"Kasybos savivar\u010dio k\u0117limo cilindras"},"content":{"rendered":"<h1 style=\"text-align: center;\"><strong>Kasybos savivar\u010dio k\u0117limo cilindras<\/strong><\/h1>\n<p><img loading=\"lazy\" decoding=\"async\" class=\"aligncenter wp-image-1608\" src=\"https:\/\/hydraulic-cylinders.net\/wp-content\/uploads\/2023\/10\/lifting-cylinder-1-300x300.webp\" alt=\"\" width=\"400\" height=\"400\" \/><\/p>\n<p>Kasybos savivar\u010dio k\u0117limo cilindras yra esminis komponentas, specialiai sukurtas kasybos savivar\u010diams. \u0160is galingas hidraulinis cilindras atsakingas u\u017e sunkve\u017eimio platformos k\u0117lim\u0105 ir nuleidim\u0105, leid\u017eiant\u012f efektyviai pakrauti ir i\u0161krauti med\u017eiagas kasybos operacijose.<\/p>\n<p>Kasybos savivar\u010dio k\u0117limo cilindras yra labai svarbus komponentas, kuris \u017eenkliai prisideda prie kasybos operacij\u0173 efektyvumo ir na\u0161umo. D\u0117l tvirtos konstrukcijos, didel\u0117s keliamosios galios ir tikslaus valdymo \u0161is hidraulinis cilindras leid\u017eia skland\u017eiai pakrauti ir i\u0161krauti med\u017eiagas, suma\u017einti prastovas ir padidinti na\u0161um\u0105. Laikydamiesi tinkam\u0173 naudojimo metod\u0173 ir rekomenduojamos prie\u017ei\u016bros praktikos, operatoriai gali u\u017etikrinti kasybos savivar\u010dio k\u0117limo cilindro ilgaam\u017ei\u0161kum\u0105 ir patikim\u0105 veikim\u0105. Pasirinkite \u0161\u012f didelio na\u0161umo cilindr\u0105, kad padidintum\u0117te savo kasybos savivar\u010dio k\u0117limo galimybes ir optimizuotum\u0117te kasybos operacijas.<\/p>\n<p>Kasybos savivar\u010dio k\u0117limo cilindro pagrindin\u0117s charakteristikos:<\/p>\n<ol>\n<li>Tvirta ir patikima konstrukcija:<\/li>\n<\/ol>\n<ul>\n<li>Kasybos savivar\u010dio k\u0117limo cilindras pagamintas atsi\u017evelgiant \u012f ilgaam\u017ei\u0161kum\u0105, naudojant auk\u0161tos kokyb\u0117s med\u017eiagas ir tiksli\u0105 in\u017einerij\u0105, kad atlaikyt\u0173 sud\u0117tingas kasybos operacij\u0173 s\u0105lygas.<\/li>\n<li>Jis pasi\u017eymi i\u0161skirtiniu tvirtumu ir patikimumu, kad atlaikyt\u0173 didelius krovinius, u\u017etikrindamas pastov\u0173 na\u0161um\u0105 net ir at\u0161iauriomis s\u0105lygomis.<\/li>\n<\/ul>\n<ol start=\"2\">\n<li>Didel\u0117 keliamoji galia:<\/li>\n<\/ol>\n<ul>\n<li>\u0160is cilindras sukurtas taip, kad u\u017etikrint\u0173 didel\u0119 keliam\u0105j\u0105 gali\u0105, leid\u017eian\u010di\u0105 kasybos savivar\u010diui efektyviai tvarkyti didelius med\u017eiag\u0173 kiekius.<\/li>\n<li>D\u0117l \u012fsp\u016bdingos keliamosios galios jis u\u017etikrina greit\u0105 ir patikim\u0105 i\u0161vertim\u0105, suma\u017einant prastovas ir padidinant na\u0161um\u0105 darbo vietoje.<\/li>\n<\/ul>\n<ol start=\"3\">\n<li>Tikslus valdymas ir sklandus veikimas:<\/li>\n<\/ol>\n<ul>\n<li>Kasybos savivar\u010dio k\u0117limo cilindras u\u017etikrina tiksl\u0173 savivar\u010dio platformos k\u0117limo ir nuleidimo valdym\u0105, u\u017etikrinant skland\u0173 ir tiksl\u0173 jud\u0117jim\u0105.<\/li>\n<li>\u0160i funkcija leid\u017eia operatoriams tiksliai nustatyti savivar\u010dio platformos pad\u0117t\u012f, taip palengvinant efektyv\u0173 pakrovim\u0105 ir i\u0161krovim\u0105.<\/li>\n<\/ul>\n<h2><strong>Kasybos savivar\u010dio k\u0117limo cilindro parametras:<\/strong><\/h2>\n<table border=\"1\" cellspacing=\"0\" cellpadding=\"0\">\n<tbody>\n<tr>\n<td>Produkto pavadinimas<\/td>\n<td>Kasybos savivar\u010dio k\u0117limo cilindras<\/td>\n<\/tr>\n<tr>\n<td>Savyb\u0117s:<\/td>\n<td>Pakelkite \/ nuleiskite k\u0117bul\u0105 krovinio i\u0161pylimui<\/td>\n<\/tr>\n<tr>\n<td>Skyl\u0117s skersmuo:<\/td>\n<td>120 mm ~ 380 mm<\/td>\n<\/tr>\n<tr>\n<td>Strypo skersmuo:<\/td>\n<td>90 mm ~ 350 mm<\/td>\n<\/tr>\n<tr>\n<td>Paprastai:<\/td>\n<td>Dviej\u0173 pakop\u0173 arba trij\u0173 pakop\u0173 cilindras<\/td>\n<\/tr>\n<tr>\n<td>K\u0117limo cilindr\u0173 pritaikymas:<\/td>\n<td>Kasybos savivartis<\/td>\n<\/tr>\n<\/tbody>\n<\/table>\n<h2><strong>Kasybos savivar\u010dio cilindro identifikavimo schema:<\/strong><\/h2>\n<p><img loading=\"lazy\" decoding=\"async\" class=\"alignnone wp-image-1594 size-full\" src=\"https:\/\/hydraulic-cylinders.net\/wp-content\/uploads\/2023\/10\/mining-dump-truck-cylinder.webp\" alt=\"\" width=\"1418\" height=\"946\" srcset=\"https:\/\/hydraulic-cylinders.net\/wp-content\/uploads\/2023\/10\/mining-dump-truck-cylinder.webp 1418w, https:\/\/hydraulic-cylinders.net\/wp-content\/uploads\/2023\/10\/mining-dump-truck-cylinder-1280x854.webp 1280w, https:\/\/hydraulic-cylinders.net\/wp-content\/uploads\/2023\/10\/mining-dump-truck-cylinder-980x654.webp 980w, https:\/\/hydraulic-cylinders.net\/wp-content\/uploads\/2023\/10\/mining-dump-truck-cylinder-480x320.webp 480w\" sizes=\"(min-width: 0px) and (max-width: 480px) 480px, (min-width: 481px) and (max-width: 980px) 980px, (min-width: 981px) and (max-width: 1280px) 1280px, (min-width: 1281px) 1418px, 100vw\" \/><\/p>\n<h2><strong>Kasybos savivar\u010dio k\u0117limo cilindro naudojimo metodas<\/strong><strong>:<\/strong><\/h2>\n<ol>\n<li><strong>Integracija su savivar\u010di\u0173 sistema:<\/strong><\/li>\n<\/ol>\n<ul>\n<li>Kasybos savivar\u010dio k\u0117limo cilindras paprastai integruojamas \u012f savivar\u010dio hidraulin\u0119 sistem\u0105.<\/li>\n<li>Jis prijungtas prie hidraulinio maitinimo \u0161altinio, pavyzd\u017eiui, siurblio, kuris u\u017etikrina reikiam\u0105 hidraulin\u012f sl\u0117g\u012f cilindrui valdyti.<\/li>\n<\/ul>\n<ol start=\"2\">\n<li><strong>Kontrol\u0117s mechanizmai:<\/strong><\/li>\n<\/ol>\n<ul>\n<li>Savivar\u010dio platformos pak\u0117limas ir nuleidimas valdomi hidrauliniais vo\u017etuvais ir valdymo svirtimis, esan\u010diomis sunkve\u017eimio kabinoje.<\/li>\n<li>Operatoriai gali aktyvuoti cilindr\u0105, kad pakelt\u0173 arba nuleist\u0173 i\u0161krovimo platform\u0105, taip u\u017etikrindami efektyv\u0173 med\u017eiag\u0173 tvarkym\u0105.<\/li>\n<\/ul>\n<h2><strong>Kaip veikia hidraulin\u0117 vairo stiprintuvo sistema?<\/strong><\/h2>\n<p>Hidraulin\u0117 vairo stiprintuvo sistema yra pagrindinis \u0161iuolaikini\u0173 transporto priemoni\u0173 komponentas, padedantis vairuotojui lengvai ir tiksliai vairuoti transporto priemon\u0119. Ji naudoja hidraulin\u012f sl\u0117g\u012f, kad sustiprint\u0173 vairuotojo \u012fvest\u012f ir u\u017etikrint\u0173 skland\u0173 bei jautr\u0173 vairavimo valdym\u0105. Panagrin\u0117kime, kaip veikia hidraulin\u0117 vairo stiprintuvo sistema:<\/p>\n<ol>\n<li><strong>Hidraulinis siurblys:<\/strong><br \/>\nSistema prasideda nuo hidraulinio siurblio, kur\u012f paprastai varo transporto priemon\u0117s variklis. Siurblys yra atsakingas u\u017e hidraulinio sl\u0117gio generavim\u0105, naudojant variklio sukamojo judesio energij\u0105. Paprastai jis prie variklio prijungiamas dir\u017eu arba kitomis mechanin\u0117mis priemon\u0117mis.<\/li>\n<li><strong>Vairo stiprintuvo skystis:<\/strong><br \/>\nHidraulinis siurblys cirkuliuoja vairo stiprintuvo skyst\u012f, dar vadinam\u0105 hidrauliniu skys\u010diu, visoje sistemoje. Skystis tarnauja kaip terp\u0117 j\u0117gai ir sl\u0117giui perduoti.<\/li>\n<li><strong>Vairo pavar\u0173 d\u0117\u017e\u0117 \/ krumpliaratis:<\/strong><br \/>\nVairo stiprintuvo skystis nukreipiamas \u012f vairo pavar\u0173 d\u0117\u017e\u0119 arba krumpliastiebio mazg\u0105. \u0160ie komponentai vairo sukam\u0105j\u012f judes\u012f paver\u010dia \u0161oniniu judesiu, kuris suka transporto priemon\u0117s ratus.<\/li>\n<li><strong>Pagalbin\u0117 pavara:<\/strong><br \/>\nVairo stiprintuvo sistemoje yra \u012fmontuotas vairo stiprintuvo pagalbinis mechanizmas, pvz., vairo stiprintuvo valdymo vo\u017etuvas arba vairo stiprintuvo pagalbinis cilindras. \u0160ie komponentai naudoja hidraulin\u012f siurblio sl\u0117g\u012f, kad pad\u0117t\u0173 vairuotojui valdyti vair\u0105. Kai vairuotojas suka vair\u0105, vairo stiprintuvo pagalbinis mechanizmas reguliuoja vairo stiprintuvo skys\u010dio sraut\u0105, pad\u0117damas suma\u017einti ratams pasukti reikalingas pastangas.<\/li>\n<li><strong>Vairavimo atsiliepimai:<\/strong><br \/>\nSiekiant i\u0161laikyti nat\u016bral\u0173 vairavimo poj\u016bt\u012f ir suteikti vairuotojui gr\u012f\u017etam\u0105j\u012f ry\u0161\u012f, vairo stiprintuvo sistemoje yra \u012ftaisas, vadinamas vairo mechanizmu arba torsioniniu strypu. \u0160is komponentas leid\u017eia per vair\u0105 pajusti tam tikr\u0105 pasiprie\u0161inimo lyg\u012f ir gr\u012f\u017etam\u0105j\u012f ry\u0161\u012f, taip pagerindamas vairuotojo ry\u0161\u012f su keliu.<\/li>\n<li><strong>Sl\u0117gio ma\u017einimo vo\u017etuvas:<\/strong><br \/>\nVairo stiprintuvo sistemoje yra \u012fmontuotas sl\u0117gio ma\u017einimo vo\u017etuvas, kuris apsaugo nuo per didelio sl\u0117gio susidarymo. Jis u\u017etikrina, kad sistema veikt\u0173 saugiose ribose ir apsaugot\u0173 nuo galimos \u017ealos.<\/li>\n<\/ol>\n<h2><strong>Gamyklos paj\u0117gumai ir talpa:<\/strong><\/h2>\n<h3>(1) Surinkimas<\/h3>\n<p>Turime pirmos klas\u0117s nepriklausom\u0105 tyrim\u0173 ir pl\u0117tros surinkimo platform\u0105. Hidraulini\u0173 cilindr\u0173 gamybos ceche yra keturios pusiau automatin\u0117s k\u0117limo cilindr\u0173 surinkimo linijos ir viena automatin\u0117 pakreipimo cilindr\u0173 surinkimo linija, kuri\u0173 projektinis metinis gamybos paj\u0117gumas yra 1 milijonas vienet\u0173. Speciali\u0173j\u0173 cilindr\u0173 ceche \u012frengta \u012fvairi\u0173 specifikacij\u0173 pusiau automatin\u0117 valymo surinkimo sistema, kurios projektinis metinis gamybos paj\u0117gumas yra 200 000 vienet\u0173, ir garsi CNC apdirbimo \u012franga, apdirbimo centras, didelio tikslumo cilindr\u0173 apdirbimo speciali \u012franga, robotinis suvirinimo aparatas, automatinis valymo aparatas, automatinis cilindr\u0173 surinkimo aparatas ir automatin\u0117 da\u017eymo gamybos linija. Esama daugiau nei 300 rinkini\u0173 (komplekt\u0173) kritin\u0117 \u012franga. Optimalus \u012frangos i\u0161tekli\u0173 paskirstymas ir efektyvus naudojimas u\u017etikrina gamini\u0173 tikslumo reikalavimus ir auk\u0161tus gamini\u0173 kokyb\u0117s poreikius.<\/p>\n<p><img loading=\"lazy\" decoding=\"async\" class=\"alignnone wp-image-626\" src=\"https:\/\/hydraulic-cylinders.net\/wp-content\/uploads\/2023\/08\/hydraulic-cylinder-product-1-300x158.webp\" alt=\"\" width=\"495\" height=\"260\" srcset=\"https:\/\/hydraulic-cylinders.net\/wp-content\/uploads\/2023\/08\/hydraulic-cylinder-product-1-300x158.webp 495w, https:\/\/hydraulic-cylinders.net\/wp-content\/uploads\/2023\/08\/hydraulic-cylinder-product-1-480x252.webp 480w\" sizes=\"(min-width: 0px) and (max-width: 480px) 480px, (min-width: 481px) 495px, 100vw\" \/> <img loading=\"lazy\" decoding=\"async\" class=\"alignnone wp-image-627\" src=\"https:\/\/hydraulic-cylinders.net\/wp-content\/uploads\/2023\/08\/hydraulic-cylinder-product-2-300x189.webp\" alt=\"\" width=\"413\" height=\"260\" \/><\/p>\n<h3>(2) Apdirbimas<\/h3>\n<p>Mechaninio apdirbimo ceche \u012frengtas pritaikytas nuo\u017eulnaus b\u0117gio tekinimo centras, apdirbimo centras, greitaeigis galandimo stakl\u0117s, suvirinimo robotas ir kita susijusi \u012franga, galinti apdirbti cilindrinius vamzd\u017eius, kuri\u0173 maksimalus vidinis skersmuo yra 400 mm, o maksimalus ilgis \u2013 6 metrai.<\/p>\n<p><img loading=\"lazy\" decoding=\"async\" class=\"alignnone wp-image-628 size-large\" src=\"https:\/\/hydraulic-cylinders.net\/wp-content\/uploads\/2023\/08\/hydraulic-cylinder-product-3-1024x391.webp\" alt=\"\" width=\"1024\" height=\"391\" srcset=\"https:\/\/hydraulic-cylinders.net\/wp-content\/uploads\/2023\/08\/hydraulic-cylinder-product-3-980x374.webp 980w, https:\/\/hydraulic-cylinders.net\/wp-content\/uploads\/2023\/08\/hydraulic-cylinder-product-3-480x183.webp 480w\" sizes=\"(min-width: 0px) and (max-width: 480px) 480px, (min-width: 481px) and (max-width: 980px) 980px, (min-width: 981px) 1024px, 100vw\" \/><\/p>\n<h3>(3) Suvirinimas<\/h3>\n<p><img loading=\"lazy\" decoding=\"async\" class=\"alignnone wp-image-629 size-large\" src=\"https:\/\/hydraulic-cylinders.net\/wp-content\/uploads\/2023\/08\/hydraulic-cylinder-product-4-1024x510.webp\" alt=\"\" width=\"1024\" height=\"510\" srcset=\"https:\/\/hydraulic-cylinders.net\/wp-content\/uploads\/2023\/08\/hydraulic-cylinder-product-4-980x488.webp 980w, https:\/\/hydraulic-cylinders.net\/wp-content\/uploads\/2023\/08\/hydraulic-cylinder-product-4-480x239.webp 480w\" sizes=\"(min-width: 0px) and (max-width: 480px) 480px, (min-width: 481px) and (max-width: 980px) 980px, (min-width: 981px) 1024px, 100vw\" \/><\/p>\n<h3>(4) Da\u017eymas ir dengimas<\/h3>\n<p>Su ma\u017eomis ir vidutinio dyd\u017eio cilindrin\u0117mis automatin\u0117mis vandens pagrindo da\u017e\u0173 dengimo linijomis, siekiant automatinio robot\u0173 pakrovimo ir i\u0161krovimo bei automatinio pur\u0161kimo, projektinis paj\u0117gumas yra 4000 vienet\u0173 per pamain\u0105;<br \/>\nTaip pat turime pusiau automatin\u0119 dideli\u0173 cilindr\u0173 da\u017e\u0173 gamybos linij\u0105, varom\u0105 grandin\u0117s, kurios projektinis na\u0161umas yra 60 d\u0117\u017ei\u0173 per pamain\u0105.<\/p>\n<p><img loading=\"lazy\" decoding=\"async\" class=\"alignnone wp-image-630\" src=\"https:\/\/hydraulic-cylinders.net\/wp-content\/uploads\/2023\/08\/hydraulic-cylinder-product-5-300x213.webp\" alt=\"\" width=\"366\" height=\"260\" \/> <img loading=\"lazy\" decoding=\"async\" class=\"alignnone wp-image-631\" src=\"https:\/\/hydraulic-cylinders.net\/wp-content\/uploads\/2023\/08\/hydraulic-cylinder-product-6-300x225.webp\" alt=\"\" width=\"347\" height=\"260\" \/><\/p>\n<h3>(5) Testavimas<\/h3>\n<p>Turime auk\u0161\u010diausios klas\u0117s patikros patalpas ir bandym\u0173 stendus, kad u\u017etikrintume, jog baliono veikimas atitinka reikalavimus.<\/p>\n<p><img loading=\"lazy\" decoding=\"async\" class=\"alignnone wp-image-632\" src=\"https:\/\/hydraulic-cylinders.net\/wp-content\/uploads\/2023\/08\/hydraulic-cylinder-product-8-300x200.webp\" alt=\"\" width=\"389\" height=\"260\" \/><\/p>\n<p>&nbsp;<\/p>\n<p>&nbsp;<\/p>\n<p>Esame vienas geriausi\u0173 hidraulini\u0173 cilindr\u0173 gamintoj\u0173. Galime pasi\u016blyti i\u0161samius hidraulinius cilindrus. Taip pat teikiame atitinkamus <a href=\"https:\/\/hzpt.com\/agricultural-pto-gearbox\/\" target=\"_blank\" rel=\"noopener\">\u017eem\u0117s \u016bkio pavar\u0173 d\u0117\u017e\u0117s<\/a>Mes eksportuojame savo gaminius klientams visame pasaulyje ir peln\u0117me ger\u0105 reputacij\u0105 d\u0117l auk\u0161\u010diausios gamini\u0173 kokyb\u0117s ir aptarnavimo po pardavimo. Mes laukiame klient\u0173 \u0161alyje ir u\u017esienyje, norin\u010di\u0173 susisiekti su mumis der\u0117tis d\u0117l verslo, keistis informacija ir... <a href=\"https:\/\/www.hydraulic-cylinders.net\/lt\/contact-us\/\">bendradarbiauti su mumis<\/a>!<\/p>","protected":false},"excerpt":{"rendered":"<p>Mining Dump Truck Lifting Cylinder The mining dump truck lifting cylinder is an essential component designed specifically for mining dump trucks. This powerful hydraulic cylinder is responsible for lifting and lowering the truck&#8217;s dump bed, allowing for efficient loading and unloading of materials in mining operations. The mining dump truck lifting cylinder is a crucial [&hellip;]<\/p>","protected":false},"featured_media":1609,"comment_status":"open","ping_status":"closed","template":"","meta":{"_et_pb_use_builder":"","_et_pb_old_content":"","_et_gb_content_width":""},"product_brand":[],"product_cat":[1517,1532,1549,1376,1393],"product_tag":[1380],"class_list":{"0":"post-1607","1":"product","2":"type-product","3":"status-publish","4":"has-post-thumbnail","6":"product_cat-dump-truck-hydraulic-cylinders","7":"product_cat-mining-dump-truck-hydraulic-cylinders","8":"product_cat-single-acting-hydraulic-cylinder","9":"product_cat-hydraulic-cylinder","10":"product_cat-telescopic-hydraulic-cylinder","11":"product_tag-hydraulic-cylinder","13":"first","14":"instock","15":"shipping-taxable","16":"product-type-simple"},"amp_enabled":true,"_links":{"self":[{"href":"https:\/\/www.hydraulic-cylinders.net\/lt\/wp-json\/wp\/v2\/product\/1607","targetHints":{"allow":["GET"]}}],"collection":[{"href":"https:\/\/www.hydraulic-cylinders.net\/lt\/wp-json\/wp\/v2\/product"}],"about":[{"href":"https:\/\/www.hydraulic-cylinders.net\/lt\/wp-json\/wp\/v2\/types\/product"}],"replies":[{"embeddable":true,"href":"https:\/\/www.hydraulic-cylinders.net\/lt\/wp-json\/wp\/v2\/comments?post=1607"}],"wp:featuredmedia":[{"embeddable":true,"href":"https:\/\/www.hydraulic-cylinders.net\/lt\/wp-json\/wp\/v2\/media\/1609"}],"wp:attachment":[{"href":"https:\/\/www.hydraulic-cylinders.net\/lt\/wp-json\/wp\/v2\/media?parent=1607"}],"wp:term":[{"taxonomy":"product_brand","embeddable":true,"href":"https:\/\/www.hydraulic-cylinders.net\/lt\/wp-json\/wp\/v2\/product_brand?post=1607"},{"taxonomy":"product_cat","embeddable":true,"href":"https:\/\/www.hydraulic-cylinders.net\/lt\/wp-json\/wp\/v2\/product_cat?post=1607"},{"taxonomy":"product_tag","embeddable":true,"href":"https:\/\/www.hydraulic-cylinders.net\/lt\/wp-json\/wp\/v2\/product_tag?post=1607"}],"curies":[{"name":"wp","href":"https:\/\/api.w.org\/{rel}","templated":true}]}}