{"id":16088,"date":"2025-01-20T08:27:47","date_gmt":"2025-01-20T08:27:47","guid":{"rendered":"https:\/\/www.hydraulic-cylinders.net\/product\/arm-cylinderfor-hitachi-wheel-excavator-zx140w-3\/"},"modified":"2025-01-20T08:27:49","modified_gmt":"2025-01-20T08:27:49","slug":"arm-cylinderfor-hitachi-wheel-excavator-zx140w-3","status":"publish","type":"product","link":"https:\/\/www.hydraulic-cylinders.net\/lt\/produktas\/arm-cylinderfor-hitachi-wheel-excavator-zx140w-3\/","title":{"rendered":"Hitachi ratinio ekskavatoriaus ZX140W-3 svirties cilindras"},"content":{"rendered":"<p>Hitachi ratinio ekskavatoriaus ZX140W-3 svirties cilindras<\/p>\n<h2>\u012evadas<\/h2>\n<h3>Apibr\u0117\u017eimas ir paai\u0161kinimas<\/h3>\n<p>Svirties cilindras yra specialiai suprojektuotas hidraulinis cilindras, naudojamas linijiniam jud\u0117jimui ir galiai u\u017etikrinti \u012fvairi\u0173 tip\u0173 ma\u0161in\u0173, toki\u0173 kaip ekskavatoriai, kranai ir robotin\u0117s svirtys, svirtims. Svirties cilindras atlieka labai svarb\u0173 vaidmen\u012f hidraulin\u0117se sistemose, nes leid\u017eia efektyviai jud\u0117ti ir valdyti pagalbinius \u012frankius ar priedus. \u0160ie cilindrai ne tik u\u017etikrina skland\u0173 jud\u0117jim\u0105, bet ir atlaiko dideles apkrovas, u\u017etikrindami efektyv\u0173 ma\u0161in\u0173 veikim\u0105 ir patikimum\u0105 \u012fvairiomis eksploatavimo s\u0105lygomis.<\/p>\n<p><img decoding=\"async\" src=\"https:\/\/www.hydraulic-cylinders.net\/wp-content\/uploads\/2025\/01\/songte-company-2.webp\" alt=\"Svirties cilindro vaizdas\"><\/p>\n<h3>Savyb\u0117s<\/h3>\n<ul>\n<li>Didelio efektyvumo transmisija: Svirties cilindras u\u017etikrina galing\u0105 tiesin\u012f judes\u012f ir j\u0117g\u0105, u\u017etikrindamas didel\u012f ma\u0161inos svir\u010di\u0173 efektyvum\u0105 atliekant \u012fvairias operacijas.<\/li>\n<li>Tikslus valdymas: Hidraulin\u0117s sistemos d\u0117ka rankos cilindras gali tiksliai valdyti judes\u012f, tod\u0117l pagalbini\u0173 \u012franki\u0173 veikimas tampa lankstesnis ir tikslesnis.<\/li>\n<li>Didelis patvarumas: Svirtiniai cilindrai paprastai gaminami i\u0161 didelio stiprumo med\u017eiag\u0173 ir yra atspar\u016bs dilimui bei korozijai, tod\u0117l tinkami ilgalaikiam naudojimui at\u0161iauriomis s\u0105lygomis.<\/li>\n<li>Daugiafunkcis pritaikomumas: \u0160ie cilindrai gali b\u016bti pla\u010diai naudojami \u012fvairiuose mechaniniuose \u012frenginiuose, tokiuose kaip ekskavatoriai, kranai ir robotin\u0117s rankos, ir gali prisitaikyti prie skirting\u0173 darbo reikalavim\u0173.<\/li>\n<li>Lengva prie\u017ei\u016bra: sukurta lengvam techniniam aptarnavimui ir pakeitimui, reguliari ap\u017ei\u016bra ir technin\u0117 prie\u017ei\u016bra tampa patogesni, tod\u0117l sutrump\u0117ja \u012frangos prastovos.<\/li>\n<\/ul>\n<p><img decoding=\"async\" src=\"https:\/\/www.hydraulic-cylinders.net\/wp-content\/uploads\/2025\/01\/songte-oil-pipes-and-spare-parts.webp\" alt=\"Svirties cilindro atsargini\u0173 dali\u0173 vaizdas\"><\/p>\n<h2>Parai\u0161kos<\/h2>\n<p>Svirtinis cilindras pla\u010diai naudojamas \u012fvairiose pramon\u0117s \u0161akose ir \u012frangoje, \u012fskaitant:<\/p>\n<ul>\n<li>Pastat\u0173 statyba: ekskavatoriuose ir kranuose str\u0117li\u0173 cilindrai naudojami kau\u0161\u0173 ar str\u0117li\u0173 jud\u0117jimui valdyti atliekant \u017eem\u0117s darbus, med\u017eiag\u0173 tvarkym\u0105 ir konstrukcij\u0173 montavim\u0105.<\/li>\n<li>Gamyba: Automatizuotose gamybos linijose rank\u0173 cilindrai naudojami robot\u0173 rank\u0173 jud\u0117jimui, surinkimo, suvirinimo ir tvarkymo procesams, taip pagerinant gamybos efektyvum\u0105 ir tikslum\u0105.<\/li>\n<li>\u017dem\u0117s \u016bkio technika: \u017dem\u0117s \u016bkio technikoje, pavyzd\u017eiui, derliaus nu\u0117mimo ir s\u0117jamosiose, svirties cilindrai valdo valdymo svirties judes\u012f, atlikdami tokias u\u017eduotis kaip sodinimas, tr\u0119\u0161imas ir derliaus nu\u0117mimas.<\/li>\n<li>Kasyba: Kasybos \u012frangoje svir\u010di\u0173 cilindrai naudojami kasybos \u012frangos svir\u010di\u0173 jud\u0117jimui valdyti kasant ir tvarkant r\u016bd\u0105.<\/li>\n<li>Logistika ir transportavimas: \u0160akiniuose krautuvuose ir krovini\u0173 krovimo robotuose ranken\u0173 cilindrai naudojami \u0161aki\u0173 k\u0117limui ir jud\u0117jimui valdyti, taip u\u017etikrinant med\u017eiag\u0173 tvarkym\u0105 ir krovim\u0105.<\/li>\n<\/ul>\n<h2>Projektavimo aspektai ir atrankos kriterijai<\/h2>\n<p>Svirtinio cilindro konstrukcijos aspektai ir pasirinkimo kriterijai apima:<\/p>\n<ul>\n<li>Keliamoji galia: u\u017etikrinama, kad svirties cilindras atlaikyt\u0173 numatom\u0105 apkrov\u0105 ir \u012ftemp\u012f.<\/li>\n<li>Sandarinimas: naudojami \u012fvair\u016bs sandarikliai, pvz., st\u016bmokliniai sandarikliai, stryp\u0173 sandarikliai ir kt., pasirenkamos atsparios dilimui med\u017eiagos, pvz., poliuretanas, nitrilo kau\u010diukas ir kt., cilindro korpuso ir sriegio gal\u0173 pavir\u0161iai kruop\u0161\u010diai apdorojami, siekiant pagerinti atsparum\u0105 dilimui, ir reguliariai tepama tinkama hidraulin\u0117 alyva.<\/li>\n<li>Patvarumas: pasirenkamos didelio stiprumo med\u017eiagos, pasi\u017eymin\u010dios geru atsparumu dilimui ir korozijai, siekiant u\u017etikrinti ilgalaik\u012f ir patikim\u0105 svirties cilindro veikim\u0105 \u012fvairiomis aplinkos s\u0105lygomis.<\/li>\n<li>Sauga: u\u017etikrinama, kad svirties cilindro konstrukcija atitikt\u0173 saugos standartus ir reglamentus ir kad b\u016bt\u0173 galima saugiai j\u012f naudoti.<\/li>\n<li>Prie\u017ei\u016bra: atsi\u017evelgiant \u012f rankos cilindro prie\u017ei\u016bros ir keitimo paprastum\u0105, siekiant suma\u017einti \u012frangos prastovos laik\u0105.<\/li>\n<\/ul>\n<p><img decoding=\"async\" src=\"https:\/\/www.hydraulic-cylinders.net\/wp-content\/uploads\/2025\/01\/songte-cylinder-head-with-all-kinds-excavator-models.webp\" alt=\"Svirties cilindro galvut\u0117s vaizdas\"><\/p>\n<h2>Sandarinimas ir tepimas<\/h2>\n<p>Siekiant u\u017etikrinti patikim\u0105 svirties cilindro veikim\u0105, naudojami \u012fvair\u016bs sandarikliai, tokie kaip st\u016bmoklio sandarikliai, strypo sandarikliai ir kt., kad b\u016bt\u0173 i\u0161vengta alyvos nuot\u0117kio ir dulki\u0173 patekimo. Sandarikliams parenkamos atsparios dilimui med\u017eiagos, tokios kaip poliuretanas ir nitrilo kau\u010diukas, o cilindro korpusas ir sriegio gal\u0173 pavir\u0161iai yra kruop\u0161\u010diai apdorojami, siekiant pagerinti atsparum\u0105 dilimui. Reguliariai pildami tinkam\u0105 hidraulin\u0119 alyv\u0105, galima u\u017etikrinti svirties cilindro sutepim\u0105 ir au\u0161inim\u0105 veikimo metu.<\/p>\n<p><img decoding=\"async\" src=\"https:\/\/www.hydraulic-cylinders.net\/wp-content\/uploads\/2025\/01\/songte-chushion-collar.webp\" alt=\"Svirties cilindro sandarikli\u0173 vaizdas\"><\/p>\n<h2>Prie\u017ei\u016bra ir trik\u010di\u0173 \u0161alinimas<\/h2>\n<p>Reguliar\u016bs svirties cilindro patikrinimai ir prie\u017ei\u016bra gali u\u017etikrinti saug\u0173 ir patikim\u0105 jo veikim\u0105. Toliau pateikiami keli \u012fprasti trik\u010di\u0173 \u0161alinimo ir prie\u017ei\u016bros patarimai:<\/p>\n<ul>\n<li>Reguliariai tikrinkite svirties cilindro sandarum\u0105 ir tepim\u0105 ir, jei reikia, \u012fpilkite hidraulin\u0117s alyvos.<\/li>\n<li>Patikrinkite, ar n\u0117ra sandarikli\u0173 ir pa\u017eeidim\u0173, ir prireikus pakeiskite.<\/li>\n<li>Patikrinkite, ar cilindro korpusas n\u0117ra \u012ftr\u016bk\u0119s ar deformuotas, ir prireikus pakeiskite svirties cilindr\u0105.<\/li>\n<li>Patikrinkite svirties cilindro var\u017et\u0173 ir ver\u017eli\u0173 atsipalaidavim\u0105 ir priver\u017eimo moment\u0105 iki nurodytos vert\u0117s.<\/li>\n<li>Steb\u0117kite svirties cilindro veikimo s\u0105lygas ir atkreipkite d\u0117mes\u012f \u012f bet kokius ne\u012fprastus garsus ar vibracijas ir nedelsdami imkit\u0117s priemoni\u0173, kad i\u0161vengtum\u0117te \u017ealos.<\/li>\n<\/ul>\n<p><img decoding=\"async\" src=\"https:\/\/www.hydraulic-cylinders.net\/wp-content\/uploads\/2025\/01\/songte-bushings-with-all-kinds-of-excavator-models.webp\" alt=\"Svirties cilindro \u012fvori\u0173 vaizdas\"><\/p>\n<h2>Diegimo vadovas<\/h2>\n<p>Nor\u0117dami sumontuoti rankenos cilindr\u0105, atlikite \u0161iuos veiksmus:<\/p>\n<ul>\n<li>\u012esitikinkite, kad \u012frangos hidraulin\u0117 sistema yra i\u0161jungta, o svirties cilindras yra atpalaiduotoje b\u016bsenoje.<\/li>\n<li>Suderinkite svirties cilindro tvirtinimo angas su \u012frangos angomis ir pritvirtinkite var\u017etus bei ver\u017eles nurodytu sukimo momentu.<\/li>\n<li>Prijunkite hidraulin\u012f vamzdyn\u0105 prie svirties cilindro pagal instrukcijas ir \u012fsitikinkite, kad sandarikliai yra sandar\u016bs.<\/li>\n<li>Patikrinkite svirties cilindro veikim\u0105 ir patikrinkite, ar n\u0117ra nuot\u0117ki\u0173 ar ne\u012fprast\u0173 gars\u0173.<\/li>\n<\/ul>\n<h2>Apie mus<\/h2>\n<p>Esame profesionalus pakaitini\u0173 hidraulini\u0173 cilindr\u0173 gamintojas, si\u016blantis plat\u0173 gamini\u0173 asortiment\u0105. Tapome vienu i\u0161 pirmaujan\u010di\u0173 hidraulini\u0173 cilindr\u0173 gamintoj\u0173 ir didmenini\u0173 platintoj\u0173 vidaus ir tarptautin\u0117se rinkose. Visada laikom\u0117s puikios kokyb\u0117s principo ir taikome industrializuot\u0105 gamybos valdymo strategij\u0105 puikiuose gamybos cechuose, kad nuolat tobulintume savo technin\u012f lyg\u012f ir gamybos efektyvum\u0105. \u012ediegdami auk\u0161\u010diausios klas\u0117s skaitmenin\u0119 gamybos \u012frang\u0105 ir profesionalias bandym\u0173 sistemas, nuolat optimizuojame gamybos platform\u0105, tobuliname gamini\u0173 kokyb\u0117s kontrol\u0117s proces\u0105 ir pasi\u017eymime stipriais inovacij\u0173 geb\u0117jimais. M\u016bs\u0173 tikslas \u2013 patenkinti \u012fvairius klient\u0173 poreikius, teikiant efektyvius, tikslius ir auk\u0161tos kokyb\u0117s gaminius.<\/p>\n<p><img decoding=\"async\" src=\"https:\/\/www.hydraulic-cylinders.net\/wp-content\/uploads\/2025\/01\/songte-company-4.webp\" alt=\"\u012emon\u0117s \u012fvaizdis\"><\/p>\n<h3>Profesionalumas<\/h3>\n<p>Turime profesionali\u0105 komand\u0105, turin\u010di\u0105 ilgamet\u0119 hidraulini\u0173 cilindr\u0173 projektavimo, k\u016brimo ir gamybos patirt\u012f, tod\u0117l galime suteikti klientams profesionali\u0105 technin\u0119 pagalb\u0105 ir sprendimus.<\/p>\n<h3>Tarptautinis sertifikavimas<\/h3>\n<p>Gavome ISO9001 kokyb\u0117s vadybos sistemos sertifikat\u0105 ir CE sertifikat\u0105, o m\u016bs\u0173 produktai buvo eksportuoti \u012f daugiau nei 50 pasaulio \u0161ali\u0173 ir region\u0173.<\/p>\n<h3>Pritaikymo paslauga<\/h3>\n<p>Galime pasi\u016blyti klientams pritaikytus hidraulinius cilindrus pagal j\u0173 konkre\u010dius reikalavimus, tokius kaip special\u016bs dyd\u017eiai, sl\u0117gio \u012fvertinimai ir kt.<\/p>\n<h3>Gamybos \u012franga<\/h3>\n<p>Siekdami u\u017etikrinti auk\u0161t\u0105 m\u016bs\u0173 gamini\u0173 tikslum\u0105 ir kokyb\u0119, \u012fdieg\u0117me pa\u017eangi\u0105 gamybos \u012frang\u0105 i\u0161 Vokietijos, Japonijos ir kit\u0173 \u0161ali\u0173.<\/p>\n<h3>Aptarnavimas po pardavimo<\/h3>\n<p>Klientams teikiame i\u0161samias garantinio aptarnavimo paslaugas, \u012fskaitant technin\u0119 pagalb\u0105, garantij\u0105 ir remonto paslaugas.<\/p>\n<p><img decoding=\"async\" src=\"https:\/\/www.hydraulic-cylinders.net\/wp-content\/uploads\/2025\/01\/songte-company-3.webp\" alt=\"\u012emon\u0117s dirbtuvi\u0173 vaizdas\"><\/p>\n<p><em>Autorius: lyl<\/em><\/p>","protected":false},"excerpt":{"rendered":"<p>Arm Cylinder for Hitachi Wheel Excavator ZX140W-3 Introduction Definition and Explanation The arm cylinder is a specially designed hydraulic cylinder used to provide linear motion and power to the arms of various types of machinery, such as excavators, cranes, and robotic arms. The arm cylinder plays a crucial role in hydraulic systems, enabling auxiliary tools [&hellip;]<\/p>","protected":false},"featured_media":14772,"comment_status":"open","ping_status":"closed","template":"","meta":{"_et_pb_use_builder":"","_et_pb_old_content":"","_et_gb_content_width":""},"product_brand":[],"product_cat":[1497],"product_tag":[1498,1496],"class_list":{"0":"post-16088","1":"product","2":"type-product","3":"status-publish","4":"has-post-thumbnail","6":"product_cat-arm-cylinders","7":"product_tag-arm-cylinders","8":"product_tag-hydraulic-cylinders","10":"first","11":"instock","12":"shipping-taxable","13":"product-type-simple"},"amp_enabled":true,"_links":{"self":[{"href":"https:\/\/www.hydraulic-cylinders.net\/lt\/wp-json\/wp\/v2\/product\/16088","targetHints":{"allow":["GET"]}}],"collection":[{"href":"https:\/\/www.hydraulic-cylinders.net\/lt\/wp-json\/wp\/v2\/product"}],"about":[{"href":"https:\/\/www.hydraulic-cylinders.net\/lt\/wp-json\/wp\/v2\/types\/product"}],"replies":[{"embeddable":true,"href":"https:\/\/www.hydraulic-cylinders.net\/lt\/wp-json\/wp\/v2\/comments?post=16088"}],"wp:featuredmedia":[{"embeddable":true,"href":"https:\/\/www.hydraulic-cylinders.net\/lt\/wp-json\/wp\/v2\/media\/14772"}],"wp:attachment":[{"href":"https:\/\/www.hydraulic-cylinders.net\/lt\/wp-json\/wp\/v2\/media?parent=16088"}],"wp:term":[{"taxonomy":"product_brand","embeddable":true,"href":"https:\/\/www.hydraulic-cylinders.net\/lt\/wp-json\/wp\/v2\/product_brand?post=16088"},{"taxonomy":"product_cat","embeddable":true,"href":"https:\/\/www.hydraulic-cylinders.net\/lt\/wp-json\/wp\/v2\/product_cat?post=16088"},{"taxonomy":"product_tag","embeddable":true,"href":"https:\/\/www.hydraulic-cylinders.net\/lt\/wp-json\/wp\/v2\/product_tag?post=16088"}],"curies":[{"name":"wp","href":"https:\/\/api.w.org\/{rel}","templated":true}]}}