{"id":16091,"date":"2025-01-20T08:28:00","date_gmt":"2025-01-20T08:28:00","guid":{"rendered":"https:\/\/www.hydraulic-cylinders.net\/product\/arm-cylinderfor-hitachi-wheel-excavator-zx210w-3\/"},"modified":"2025-01-20T08:28:02","modified_gmt":"2025-01-20T08:28:02","slug":"arm-cylinderfor-hitachi-wheel-excavator-zx210w-3","status":"publish","type":"product","link":"https:\/\/www.hydraulic-cylinders.net\/lt\/produktas\/arm-cylinderfor-hitachi-wheel-excavator-zx210w-3\/","title":{"rendered":"Hitachi ratinio ekskavatoriaus ZX210W-3 svirties cilindras"},"content":{"rendered":"<h2>Hitachi ratinio ekskavatoriaus ZX210W-3 svirties cilindras<\/h2>\n<p>\u201eHitachi\u201c ratinio ekskavatoriaus ZX210W-3 svirties cilindras yra specializuotas hidraulinis cilindras, skirtas u\u017etikrinti tiesin\u012f jud\u0117jim\u0105 ir gali\u0105 \u012fvairi\u0173 tip\u0173 ma\u0161in\u0173, toki\u0173 kaip ekskavatoriai, kranai ir mechanin\u0117s svirtys, svir\u010diai. Svirties cilindras atlieka labai svarb\u0173 vaidmen\u012f hidraulin\u0117se sistemose, nes leid\u017eia efektyviai jud\u0117ti ir valdyti papildomus \u012frankius ar priedus. \u0160ie cilindrai ne tik u\u017etikrina skland\u0173 jud\u0117jim\u0105, bet ir atlaiko dideles apkrovas, u\u017etikrindami efektyv\u0173 ma\u0161inos veikim\u0105 ir patikimum\u0105 \u012fvairiomis darbo s\u0105lygomis.<\/p>\n<p><img decoding=\"async\" src=\"https:\/\/www.hydraulic-cylinders.net\/wp-content\/uploads\/2025\/01\/songte-company-2.webp\"><\/p>\n<h2>Svirtinio cilindro savyb\u0117s:<\/h2>\n<ol>\n<li><strong>Didelio efektyvumo transmisija:<\/strong> Svirties cilindras u\u017etikrina galing\u0105 tiesin\u012f judes\u012f ir j\u0117g\u0105, u\u017etikrindamas auk\u0161t\u0105 mechanin\u0117s svirties na\u0161um\u0105 \u012fvairi\u0173 operacij\u0173 metu.<\/li>\n<li><strong>Tikslus valdymas:<\/strong> Hidraulin\u0117s sistemos d\u0117ka rankos cilindras leid\u017eia tiksliai valdyti judes\u012f, tod\u0117l papildom\u0173 \u012franki\u0173 valdymas tampa lankstesnis ir tikslesnis.<\/li>\n<li><strong>Patvarumas:<\/strong> Svirtiniai cilindrai paprastai gaminami i\u0161 didelio stiprumo med\u017eiag\u0173, kurios pasi\u017eymi puikiu atsparumu dilimui ir korozijai, tod\u0117l tinka ilgalaikiam naudojimui at\u0161iauriomis s\u0105lygomis.<\/li>\n<li><strong>Daugiafunkcinis prisitaikymas:<\/strong> \u0160ie cilindrai gali b\u016bti pla\u010diai naudojami \u012fvairiose ma\u0161inose, tokiose kaip ekskavatoriai, kranai ir mechanin\u0117s svirtys, prisitaikant prie skirting\u0173 eksploatavimo reikalavim\u0173.<\/li>\n<li><strong>Lengva prie\u017ei\u016bra:<\/strong> Projektuojant atsi\u017evelgiama \u012f prie\u017ei\u016bros ir keitimo paprastum\u0105, tod\u0117l reguliarios patikros ir prie\u017ei\u016bra yra patogesn\u0117s, o \u012frangos prastovos suma\u017e\u0117ja.<\/li>\n<\/ol>\n<p><img decoding=\"async\" src=\"https:\/\/www.hydraulic-cylinders.net\/wp-content\/uploads\/2025\/01\/songte-oil-pipes-and-spare-parts.webp\"><\/p>\n<p>M\u016bs\u0173 \u012fmon\u0117 gali efektyviai pagaminti \u201eHitachi\u201c ratinio ekskavatoriaus ZX210W-3 svirties cilindr\u0105. M\u016bs\u0173 gaminiai puikiai tinka \u0161iems hidrauliniams cilindrams pakeisti.<\/p>\n<h2>Svirties cilindro pritaikymas:<\/h2>\n<ul>\n<li><strong>Statybos in\u017einerija:<\/strong> Ekskavatoriuose ir kranuose svirties cilindras valdo kau\u0161\u0173 arba str\u0117li\u0173 jud\u0117jim\u0105 atliekant \u017eem\u0117s darbus, med\u017eiag\u0173 tvarkym\u0105 ir konstrukcij\u0173 montavim\u0105.<\/li>\n<li><strong>Gamybos pramon\u0117:<\/strong> Automatizuotose gamybos linijose svirties cilindras naudojamas mechanin\u0117ms svirtims judinti toki\u0173 proces\u0173 kaip surinkimas, suvirinimas ir tvarkymas metu, taip padidinant gamybos efektyvum\u0105 ir tikslum\u0105.<\/li>\n<li><strong>\u017dem\u0117s \u016bkio technika:<\/strong> \u017dem\u0117s \u016bkio technikose, tokiose kaip derliaus nu\u0117mimo ma\u0161inos ir s\u0117jamosios, svirties cilindras valdo darbini\u0173 svir\u010di\u0173 jud\u0117jim\u0105 atliekant tokias u\u017eduotis kaip s\u0117ja, tr\u0119\u0161imas ir derliaus nu\u0117mimas.<\/li>\n<li><strong>Kasyba:<\/strong> Kasybos \u012frangoje svirties cilindras valdo kasybos ma\u0161in\u0173 svirties judesius r\u016bdos gavybai ir transportavimui.<\/li>\n<li><strong>Logistika ir transportas:<\/strong> \u0160akiniuose krautuvuose ir krovini\u0173 krovimo robotuose svirties cilindras valdo \u0161aki\u0173 k\u0117lim\u0105 ir jud\u0117jim\u0105, palengvindamas med\u017eiag\u0173 tvarkym\u0105 ir krovim\u0105.<\/li>\n<\/ul>\n<h2>Projektavimo aspektai ir atrankos kriterijai:<\/h2>\n<p>Projektuojant cilindro formos ranken\u0105, norint u\u017etikrinti optimal\u0173 jo veikim\u0105, reikia atsi\u017evelgti \u012f kelis veiksnius:<\/p>\n<ol>\n<li><strong>Apkrovos paj\u0117gumas:<\/strong> Svirties cilindras turi b\u016bti suprojektuotas taip, kad atlaikyt\u0173 konkre\u010dias apkrovas, su kuriomis jis susidurs eksploatacijos metu.<\/li>\n<li><strong>Sandarinimas:<\/strong> Hidraulin\u0117s sistemos vientisumui palaikyti tur\u0117t\u0173 b\u016bti naudojami \u012fvair\u016bs sandarinimo elementai, tokie kaip st\u016bmokli\u0173 ir kot\u0173 sandarikliai. \u0160ie sandarikliai pagaminti i\u0161 atspari\u0173 dilimui med\u017eiag\u0173, toki\u0173 kaip poliuretanas ir nitrilo kau\u010diukas.<\/li>\n<li><strong>Patvarumas:<\/strong> Cilindro korpusas ir srieginiai galai turi b\u016bti tiksliai apdirbti, siekiant pagerinti atsparum\u0105 dilimui ir u\u017etikrinti ilgalaik\u012f patvarum\u0105.<\/li>\n<li><strong>Saugumas:<\/strong> Siekiant i\u0161vengti nelaiming\u0173 atsitikim\u0173 eksploatavimo ir prie\u017ei\u016bros metu, tur\u0117t\u0173 b\u016bti \u012fgyvendintos saugos priemon\u0117s.<\/li>\n<li><strong>Prie\u017ei\u016bra:<\/strong> Projektuojant reik\u0117t\u0173 atsi\u017evelgti \u012f prie\u017ei\u016bros ir remonto paprastum\u0105, kad b\u016bt\u0173 galima atlikti efektyvius patikrinimus ir suma\u017einti galim\u0105 prastov\u0173 laik\u0105.<\/li>\n<\/ol>\n<p><img decoding=\"async\" src=\"https:\/\/www.hydraulic-cylinders.net\/wp-content\/uploads\/2025\/01\/songte-cylinder-head-with-all-kinds-excavator-models.webp\"><\/p>\n<p>Tinkamas sandarinimas ir tepimas yra labai svarb\u016bs svirties cilindro veikimui. Reik\u0117t\u0173 naudoti \u012fvairius sandarinimo komponentus, tokius kaip st\u016bmokli\u0173 ir kot\u0173 sandarikliai, pagamintus i\u0161 atspari\u0173 dilimui med\u017eiag\u0173, toki\u0173 kaip poliuretanas ir nitrilo kau\u010diukas. Cilindro korpusas ir srieginiai galai turi b\u016bti kruop\u0161\u010diai apdirbti, kad b\u016bt\u0173 padidintas atsparumas dilimui. Norint u\u017etikrinti skland\u0173 veikim\u0105, b\u016btina reguliariai tepti tinkamu hidraulin\u0117s alyvos kiekiu.<\/p>\n<p>Reguliar\u016bs patikrinimai ir prevencin\u0117s prie\u017ei\u016bros priemon\u0117s yra b\u016btinos norint pailginti svirties cilindro tarnavimo laik\u0105. Kai kurios rekomenduojamos prevencin\u0117s prie\u017ei\u016bros priemon\u0117s:<\/p>\n<ol>\n<li>Reguliariai tikrinkite, ar n\u0117ra sandarikli\u0173 ir susid\u0117v\u0117jimo po\u017eymi\u0173.<\/li>\n<li>Cilindro korpuso ap\u017ei\u016bra, ar n\u0117ra pa\u017eeidim\u0173 ar korozijos po\u017eymi\u0173.<\/li>\n<li>U\u017etikrinkite tinkam\u0105 tepim\u0105 tikrindami alyvos lyg\u012f ir prireikus papildydami hidraulin\u0119 alyv\u0105.<\/li>\n<li>Priver\u017ekite visas atsilaisvinusias jungtis ar tvirtinimo detales.<\/li>\n<\/ol>\n<p><img decoding=\"async\" src=\"https:\/\/www.hydraulic-cylinders.net\/wp-content\/uploads\/2025\/01\/songte-chushion-collar.webp\"><\/p>\n<p>Nor\u0117dami teisingai sumontuoti cilindro formos ranken\u0105, laikykit\u0117s \u0161i\u0173 nurodym\u0173:<\/p>\n<ol>\n<li>\u012esitikinkite, kad montavimo pavir\u0161ius yra \u0161varus ir be \u0161iuk\u0161li\u0173.<\/li>\n<li>Balionui tvarkyti naudokite tinkamus \u012frankius ir \u012frang\u0105, kad i\u0161vengtum\u0117te pa\u017eeidim\u0173.<\/li>\n<li>Laikykit\u0117s gamintojo nurodym\u0173, kaip pritvirtinti cilindr\u0105, \u012fskaitant tvirtinimo detali\u0173 sukimo momento specifikacijas.<\/li>\n<li>Patikrinkite cilindro i\u0161lygiavim\u0105 ir atlikite visus reikiamus reguliavimus, kad u\u017etikrintum\u0117te tinkam\u0105 pritvirtinim\u0105.<\/li>\n<li>Prie\u0161 visi\u0161kai naudodami cilindr\u0105, atlikite bandom\u0105j\u012f paleidim\u0105, kad patikrintum\u0117te jo veikim\u0105.<\/li>\n<\/ol>\n<h2>Saugos aspektai ir aplinkos veiksniai:<\/h2>\n<p>Naudojant svirties cilindr\u0105, labai svarbu teikti pirmenyb\u0119 saugos priemon\u0117ms, kad b\u016bt\u0173 i\u0161vengta nelaiming\u0173 atsitikim\u0173 ir u\u017etikrinta operatori\u0173 bei pa\u0161alini\u0173 asmen\u0173 gerov\u0117. Reikia laikytis saugos atsargumo priemoni\u0173, pavyzd\u017eiui, d\u0117v\u0117ti tinkamas asmenines apsaugos priemones ir laikytis gamintojo pateikt\u0173 naudojimo instrukcij\u0173.<\/p>\n<p>Kalbant apie aplinkos veiksnius, b\u016btina atsi\u017evelgti \u012f hidraulini\u0173 skys\u010di\u0173 poveik\u012f ir galim\u0105 nuot\u0117k\u012f. Siekiant kuo labiau suma\u017einti neigiam\u0105 poveik\u012f aplinkai, reikia tinkamai utilizuoti skys\u010dius ir laikytis aplinkosaugos taisykli\u0173.<\/p>\n<h2>Gedim\u0173 diagnostika ir da\u017eniausios problemos:<\/h2>\n<p>Kai kurios da\u017eniausios problemos, galin\u010dios kilti d\u0117l svirties cilindro, yra \u0161ios:<\/p>\n<ol>\n<li>Nuot\u0117kis i\u0161 sandarikli\u0173 ar jung\u010di\u0173.<\/li>\n<li>Suma\u017e\u0117j\u0119s na\u0161umas arba galios praradimas.<\/li>\n<li>Ne\u012fprastas triuk\u0161mas veikimo metu.<\/li>\n<li>Nenuoseklus arba tr\u016bk\u010diojantis judesys.<\/li>\n<\/ol>\n<p>Nor\u0117dami diagnozuoti ir i\u0161spr\u0119sti \u0161ias problemas, atsi\u017evelkite \u012f \u0161iuos patarimus:<\/p>\n<ul>\n<li>Patikrinkite sandariklius, jungtis ir jungiam\u0105sias detales, ar n\u0117ra nuot\u0117kio po\u017eymi\u0173, ir pakeiskite visus susid\u0117v\u0117jusius ar pa\u017eeistus komponentus.<\/li>\n<li>Patikrinkite hidraulinio skys\u010dio lyg\u012f ir \u012fsitikinkite, kad jis yra rekomenduojamame diapazone.<\/li>\n<li>Patikrinkite cilindro korpus\u0105, ar n\u0117ra koki\u0173 nors pa\u017eeidim\u0173 ar nesuderinamumo po\u017eymi\u0173.<\/li>\n<li>U\u017etikrinkite tinkam\u0105 judan\u010di\u0173 dali\u0173 sutepim\u0105.<\/li>\n<li>Jei problema i\u0161lieka, kreipkit\u0117s \u012f kvalifikuot\u0105 specialist\u0105 arba susisiekite su gamintoju d\u0117l tolesn\u0117s pagalbos.<\/li>\n<\/ul>\n<p><img decoding=\"async\" src=\"https:\/\/www.hydraulic-cylinders.net\/wp-content\/uploads\/2025\/01\/songte-bushings-with-all-kinds-of-excavator-models.webp\"><\/p>\n<p>Kaip pirmaujantis pakaitini\u0173 hidraulini\u0173 cilindr\u0173 gamintojas, si\u016blome plat\u0173 gamini\u0173 asortiment\u0105 ir tapome vienu i\u0161 geriausi\u0173 hidraulini\u0173 cilindr\u0173 gamintoj\u0173 ir didmenini\u0173 platintoj\u0173 vidaus ir tarptautin\u0117se rinkose. M\u016bs\u0173 \u012fsipareigojimas siekti meistri\u0161kumo, industrializuotos gamybos valdymo strategijos ir nuolatinis technologij\u0173 bei gamybos efektyvumo tobulinimas i\u0161skiria mus i\u0161 kit\u0173. Naudodami moderniausi\u0105 skaitmenin\u0119 gamybos \u012frang\u0105 ir profesionalias testavimo sistemas, optimizuojame savo gamybos platform\u0105 ir tobuliname gamini\u0173 kokyb\u0117s kontrol\u0117s procesus, u\u017etikrindami tvirt\u0105 d\u0117mes\u012f inovacijoms. M\u016bs\u0173 tikslas \u2013 patenkinti \u012fvairius klient\u0173 poreikius efektyviai, tiksliai ir tiekiant auk\u0161tos kokyb\u0117s gaminius.<\/p>\n<p><strong>Apie m\u016bs\u0173 \u012fmon\u0119:<\/strong><\/p>\n<ul>\n<li><strong>Ekspertiz\u0117:<\/strong> Esame profesionalus gamintojas, kuris specializuojasi hidraulini\u0173 cilindr\u0173 gamyboje.<\/li>\n<li><strong>Tarptautiniai sertifikatai:<\/strong> M\u016bs\u0173 produktai atitinka tarptautinius kokyb\u0117s ir saugos standartus.<\/li>\n<li><strong>Pritaikymo paslaugos:<\/strong> Mes teikiame individualius sprendimus, pritaikytus konkretiems klient\u0173 reikalavimams.<\/li>\n<li><strong>Gamybos \u012franga:<\/strong> Mes naudojame pa\u017eangi\u0105 gamyb\u0105<br \/>","protected":false},"excerpt":{"rendered":"<p>Arm Cylinder for Hitachi Wheel Excavator ZX210W-3 The Arm Cylinder for Hitachi Wheel Excavator ZX210W-3 is a specialized hydraulic cylinder designed to provide linear motion and power to the arm of various types of machinery, such as excavators, cranes, and mechanical arms. The arm cylinder plays a crucial role in hydraulic systems, allowing for efficient [&hellip;]<\/p>","protected":false},"featured_media":14763,"comment_status":"open","ping_status":"closed","template":"","meta":{"_et_pb_use_builder":"","_et_pb_old_content":"","_et_gb_content_width":""},"product_brand":[],"product_cat":[1497],"product_tag":[1498,1496],"class_list":{"0":"post-16091","1":"product","2":"type-product","3":"status-publish","4":"has-post-thumbnail","6":"product_cat-arm-cylinders","7":"product_tag-arm-cylinders","8":"product_tag-hydraulic-cylinders","10":"first","11":"instock","12":"shipping-taxable","13":"product-type-simple"},"amp_enabled":true,"_links":{"self":[{"href":"https:\/\/www.hydraulic-cylinders.net\/lt\/wp-json\/wp\/v2\/product\/16091","targetHints":{"allow":["GET"]}}],"collection":[{"href":"https:\/\/www.hydraulic-cylinders.net\/lt\/wp-json\/wp\/v2\/product"}],"about":[{"href":"https:\/\/www.hydraulic-cylinders.net\/lt\/wp-json\/wp\/v2\/types\/product"}],"replies":[{"embeddable":true,"href":"https:\/\/www.hydraulic-cylinders.net\/lt\/wp-json\/wp\/v2\/comments?post=16091"}],"wp:featuredmedia":[{"embeddable":true,"href":"https:\/\/www.hydraulic-cylinders.net\/lt\/wp-json\/wp\/v2\/media\/14763"}],"wp:attachment":[{"href":"https:\/\/www.hydraulic-cylinders.net\/lt\/wp-json\/wp\/v2\/media?parent=16091"}],"wp:term":[{"taxonomy":"product_brand","embeddable":true,"href":"https:\/\/www.hydraulic-cylinders.net\/lt\/wp-json\/wp\/v2\/product_brand?post=16091"},{"taxonomy":"product_cat","embeddable":true,"href":"https:\/\/www.hydraulic-cylinders.net\/lt\/wp-json\/wp\/v2\/product_cat?post=16091"},{"taxonomy":"product_tag","embeddable":true,"href":"https:\/\/www.hydraulic-cylinders.net\/lt\/wp-json\/wp\/v2\/product_tag?post=16091"}],"curies":[{"name":"wp","href":"https:\/\/api.w.org\/{rel}","templated":true}]}}