{"id":16092,"date":"2025-01-20T08:28:04","date_gmt":"2025-01-20T08:28:04","guid":{"rendered":"https:\/\/www.hydraulic-cylinders.net\/product\/arm-cylinderfor-sumitomo-small-excavator-sh60\/"},"modified":"2025-01-20T08:28:06","modified_gmt":"2025-01-20T08:28:06","slug":"arm-cylinderfor-sumitomo-small-excavator-sh60","status":"publish","type":"product","link":"https:\/\/www.hydraulic-cylinders.net\/lt\/produktas\/arm-cylinderfor-sumitomo-small-excavator-sh60\/","title":{"rendered":"Sumitomo ma\u017eo ekskavatoriaus SH60 rankenos cilindras"},"content":{"rendered":"<h1>Sumitomo ma\u017eo ekskavatoriaus SH60 rankenos cilindras<\/h1>\n<h2>\u012evadas<\/h2>\n<p>Svirties cilindras yra hidraulinio cilindro tipas, specialiai sukurtas tam, kad u\u017etikrint\u0173 tiesin\u012f jud\u0117jim\u0105 ir gali\u0105 \u012fvairi\u0173 tip\u0173 ma\u0161in\u0173, toki\u0173 kaip ekskavatoriai, kranai ir mechanin\u0117s svirtys, svirtims. Svirties cilindras atlieka labai svarb\u0173 vaidmen\u012f hidraulin\u0117se sistemose, nes leid\u017eia jud\u0117ti ir valdyti papildomus \u012frankius ar priedus. \u0160ie cilindrai ne tik u\u017etikrina skland\u0173 jud\u0117jim\u0105, bet ir gali atlaikyti dideles apkrovas, u\u017etikrindami efektyv\u0173 ma\u0161in\u0173 veikim\u0105 ir patikimum\u0105 \u012fvairiomis eksploatavimo s\u0105lygomis.<\/p>\n<p><img decoding=\"async\" src=\"https:\/\/www.hydraulic-cylinders.net\/wp-content\/uploads\/2025\/01\/songte-company-2.webp\" alt=\"Svirties cilindro vaizdas\"><\/p>\n<h3>Savyb\u0117s<\/h3>\n<ul>\n<li><strong>Efektyvus energijos perdavimas:<\/strong> Svirties cilindras u\u017etikrina galing\u0105 tiesin\u012f judes\u012f ir j\u0117g\u0105, u\u017etikrindamas auk\u0161t\u0105 mechanin\u0117s svirties na\u0161um\u0105 atliekant \u012fvairias operacijas.<\/li>\n<li><strong>Tikslus valdymas:<\/strong> Hidraulin\u0117s sistemos d\u0117ka rankos cilindras gali tiksliai valdyti judes\u012f, tod\u0117l papildom\u0173 \u012franki\u0173 valdymas tampa lankstesnis ir tikslesnis.<\/li>\n<li><strong>Stiprus patvarumas:<\/strong> Svirties cilindras paprastai pagamintas i\u0161 didelio stiprumo med\u017eiag\u0173, pasi\u017eymin\u010di\u0173 geru atsparumu dilimui ir korozijai, tod\u0117l tinkamas ilgalaikiam naudojimui at\u0161iauriomis s\u0105lygomis.<\/li>\n<li><strong>Daugiafunkcis prisitaikymas:<\/strong> \u0160ie cilindrai gali b\u016bti pla\u010diai naudojami \u012fvairiems mechaniniams \u012frenginiams, pavyzd\u017eiui, ekskavatoriams, kranams ir mechanin\u0117ms svirtims, pritaikant juos prie skirting\u0173 darbo reikalavim\u0173.<\/li>\n<li><strong>Lengva prie\u017ei\u016bra:<\/strong> Sukurta lengvam techniniam aptarnavimui ir pakeitimui, reguliari ap\u017ei\u016bra ir technin\u0117 prie\u017ei\u016bra tampa patogesni, tod\u0117l sutrump\u0117ja \u012frangos prastovos.<\/li>\n<\/ul>\n<p>Mes galime pagaminti \u0161\u012f produkt\u0105 ir jis puikiai gali pakeisti \u0161iuos hidraulinius cilindrus.<\/p>\n<p><img decoding=\"async\" src=\"https:\/\/www.hydraulic-cylinders.net\/wp-content\/uploads\/2025\/01\/songte-oil-pipes-and-spare-parts.webp\" alt=\"Hidraulinio cilindro vaizdas\"><\/p>\n<h2>Parai\u0161kos<\/h2>\n<p>Cilindro formos rankena pla\u010diai naudojama \u012fvairiose pramon\u0117s \u0161akose, tokiose kaip:<\/p>\n<ul>\n<li><strong>Statybos in\u017einerija:<\/strong> Ekskavatoriuose ir kranuose svirties cilindras naudojamas kastuvo arba str\u0117l\u0117s jud\u0117jimui valdyti atliekant \u017eem\u0117s darbus, med\u017eiag\u0173 tvarkym\u0105 ir konstrukcij\u0173 montavim\u0105.<\/li>\n<li><strong>Gamyba:<\/strong> Automatizuotose gamybos linijose svirties cilindras naudojamas mechanin\u0117s svirties jud\u0117jimui valdyti, kad b\u016bt\u0173 atlikti surinkimo, suvirinimo ir tvarkymo procesai, taip pagerinant gamybos efektyvum\u0105 ir tikslum\u0105.<\/li>\n<li><strong>\u017dem\u0117s \u016bkio technika:<\/strong> \u017dem\u0117s \u016bkio technikose, tokiose kaip derliaus nu\u0117mimo ma\u0161inos ir sodinamosios, svirties cilindras valdo valdymo svirties judes\u012f, kad b\u016bt\u0173 galima atlikti tokias u\u017eduotis kaip s\u0117ja, tr\u0119\u0161imas ir derliaus nu\u0117mimas.<\/li>\n<li><strong>Kasyba:<\/strong> Kasybos \u012frangoje rankos cilindras naudojamas kasybos \u012frangos rankos jud\u0117jimui valdyti, siekiant atlikti r\u016bdos kasyb\u0105 ir transportavim\u0105.<\/li>\n<li><strong>Logistika ir transportas:<\/strong> \u0160akiniuose krautuvuose ir tvarkymo robotuose rankos cilindras naudojamas \u0161ak\u0117s pak\u0117limui ir jud\u0117jimui valdyti, u\u017etikrinant med\u017eiag\u0173 tvarkym\u0105 ir krovim\u0105.<\/li>\n<\/ul>\n<h2>Projektavimo aspektai ir atrankos kriterijai<\/h2>\n<p>Projektavimo po\u017ei\u016briu, svarb\u016bs aspektai yra svirties cilindro laikomoji galia, sandarumas, ilgaam\u017ei\u0161kumas, saugumas ir prie\u017ei\u016bra. <\/p>\n<ul>\n<li><strong>Keliamoji galia:<\/strong> Svirtiniai cilindrai yra suprojektuoti taip, kad atlaikyt\u0173 dideles apkrovas, tod\u0117l b\u016btina atsi\u017evelgti \u012f cilindro laikom\u0105j\u0105 gali\u0105 pagal \u012frangos eksploatavimo reikalavimus.<\/li>\n<li><strong>Sandarinimas:<\/strong> \u012evairi\u0173 sandarikli\u0173, toki\u0173 kaip st\u016bmokliniai sandarikliai, stryp\u0173 sandarikliai ir kt., pagamint\u0173 i\u0161 atspari\u0173 dilimui med\u017eiag\u0173, toki\u0173 kaip poliuretanas ir nitrilo kau\u010diukas, naudojimas yra labai svarbus siekiant u\u017etikrinti svirties cilindro sandarum\u0105.<\/li>\n<li><strong>Patvarumas:<\/strong> Cilindro svirties korpusas ir srieginis galinis pavir\u0161ius yra kruop\u0161\u010diai apdorojami, siekiant pagerinti atsparum\u0105 dilimui ir korozijai.<\/li>\n<li><strong>Saugumas:<\/strong> Siekiant i\u0161vengti nelaiming\u0173 atsitikim\u0173 d\u0117l perkrovos ar sistemos gedimo, turi b\u016bti numatytos saugos priemon\u0117s, tokios kaip apsauginiai vo\u017etuvai ir buferiniai \u012ftaisai.<\/li>\n<li><strong>Prie\u017ei\u016bra:<\/strong> Projektuojant reik\u0117t\u0173 atsi\u017evelgti \u012f lengv\u0105 cilindro prie\u017ei\u016br\u0105 ir keitim\u0105, siekiant suma\u017einti prie\u017ei\u016bros i\u0161laidas ir \u012frangos prastovas.<\/li>\n<\/ul>\n<p><img decoding=\"async\" src=\"https:\/\/www.hydraulic-cylinders.net\/wp-content\/uploads\/2025\/01\/songte-cylinder-head-with-all-kinds-excavator-models.webp\" alt=\"Hidraulinio cilindro vaizdas\"><\/p>\n<h2>Sandarinimas ir tepimas<\/h2>\n<p>Svirtiniame cilindre naudojami \u012fvairi\u0173 tip\u0173 sandarikliai, tokie kaip st\u016bmoklio ir koto sandarikliai, pagaminti i\u0161 atspari\u0173 dilimui med\u017eiag\u0173, toki\u0173 kaip poliuretanas ir nitrilo kau\u010diukas. Cilindro korpusas ir srieginis galinis pavir\u0161ius yra kruop\u0161\u010diai apdorojami, siekiant pagerinti atsparum\u0105 dilimui ir korozijai. Norint i\u0161laikyti jo veikim\u0105 ir pailginti tarnavimo laik\u0105, j\u012f reikia reguliariai tepti tinkamu hidraulin\u0117s alyvos kiekiu.<\/p>\n<p><img decoding=\"async\" src=\"https:\/\/www.hydraulic-cylinders.net\/wp-content\/uploads\/2025\/01\/songte-chushion-collar.webp\" alt=\"Hidraulinio cilindro vaizdas\"><\/p>\n<h2>Prie\u017ei\u016bra ir trik\u010di\u0173 \u0161alinimas<\/h2>\n<p>Reguliarus patikrinimas ir profilaktin\u0117 prie\u017ei\u016bra gali pad\u0117ti i\u0161vengti galim\u0173 problem\u0173 ir suma\u017einti \u012frangos prastov\u0173 laik\u0105. Gedimo atveju b\u016btina greitai diagnozuoti ir pa\u0161alinti triktis. Toliau pateikiamos kelios da\u017eniausios problemos ir j\u0173 sprendimai:<\/p>\n<ul>\n<li><strong>Ma\u017eas veikimo greitis:<\/strong> Patikrinkite sistemos sl\u0117g\u012f ir sraut\u0105, patikrinkite, ar cilindre n\u0117ra nuot\u0117kio, ir i\u0161valykite arba pakeiskite filtrus.<\/li>\n<li><strong>Nepakankama j\u0117ga:<\/strong> Patikrinkite sistemos sl\u0117g\u012f, patikrinkite, ar cilindre n\u0117ra nuot\u0117kio, ir sureguliuokite valdymo vo\u017etuv\u0105.<\/li>\n<li><strong>Nenormalus triuk\u0161mas:<\/strong> Patikrinkite sistemos sl\u0117g\u012f ir sraut\u0105, ap\u017ei\u016br\u0117kite, ar cilindras nepa\u017eeistas ar neu\u017eter\u0161tas, ir pakeiskite pa\u017eeistus komponentus.<\/li>\n<li><strong>Perkaitimas:<\/strong> Patikrinkite sistemos sl\u0117g\u012f ir sraut\u0105, ap\u017ei\u016br\u0117kite, ar cilindre n\u0117ra nuot\u0117kio ar u\u017eter\u0161tumo, ir i\u0161valykite arba pakeiskite filtrus.<\/li>\n<\/ul>\n<p>Siekiant i\u0161vengti galim\u0173 problem\u0173, b\u016btina reguliariai tikrinti ir pri\u017ei\u016br\u0117ti. Svarbu laikytis gamintojo nurodym\u0173 ir rekomendacij\u0173 d\u0117l komponent\u0173 prie\u017ei\u016bros ir keitimo.<\/p>\n<h2>Diegimo vadovas<\/h2>\n<p>Svirties cilindro montavimas reikalauja kruop\u0161taus pasiruo\u0161imo ir tvarkymo, kad b\u016bt\u0173 u\u017etikrintas sistemos saugumas ir patikimumas. Rekomenduojami \u0161ie veiksmai:<\/p>\n<ol>\n<li>Paruo\u0161kite darbo viet\u0105 ir reikiamus montavimo \u012frankius bei \u012frang\u0105.<\/li>\n<li>Patikrinkite cilindr\u0105 ir susijusius komponentus, ar n\u0117ra pa\u017eeidim\u0173 ar u\u017eter\u0161t\u0173.<\/li>\n<li>Nuvalykite montavimo pavir\u0161i\u0173 ir komponentus, kad pa\u0161alintum\u0117te ne\u0161varumus ar \u0161iuk\u0161les.<\/li>\n<li>Ant cilindro srieginio galo pavir\u0161iaus u\u017etepkite tinkam\u0105 kiek\u012f tepalo ir sumontuokite j\u012f ant \u012frangos.<\/li>\n<li>Priver\u017ekite ver\u017eles pagal gamintojo rekomenduojamus sukimo momento nustatymus.<\/li>\n<li>Prijunkite hidraulines \u017earnas ir vamzd\u017eius ir patikrinkite, ar n\u0117ra nuot\u0117kio.<\/li>\n<li>Patikrinkite sistem\u0105 ir sureguliuokite valdymo vo\u017etuv\u0105, kad jis veikt\u0173 optimaliai.<\/li>\n<\/ol>\n<p><img decoding=\"async\" src=\"https:\/\/www.hydraulic-cylinders.net\/wp-content\/uploads\/2025\/01\/songte-bushings-with-all-kinds-of-excavator-models.webp\" alt=\"Hidraulinio cilindro vaizdas\"><\/p>\n<h2>Saugos aspektai ir aplinkos veiksniai<\/h2>\n<p>Naudojant svirtin\u012f cilindr\u0105, b\u016btina laikytis saugos taisykli\u0173 ir nurodym\u0173, kad b\u016bt\u0173 i\u0161vengta nelaiming\u0173 atsitikim\u0173 ir u\u017etikrintas saugus veikimas. Turi b\u016bti \u012frengtos saugos priemon\u0117s, tokios kaip apsauginiai vo\u017etuvai ir buferiniai \u012ftaisai, kad b\u016bt\u0173 i\u0161vengta nelaiming\u0173 atsitikim\u0173 d\u0117l perkrovos ar sistemos gedimo. Taip pat reik\u0117t\u0173 atsi\u017evelgti \u012f aplinkos veiksnius, tokius kaip temperat\u016bra, dr\u0117gm\u0117 ir \u0117sdinan\u010dios med\u017eiagos, siekiant u\u017etikrinti optimal\u0173 cilindro veikim\u0105 ir tarnavimo laik\u0105.<\/p>\n<h2>Apie mus<\/h2>\n<p>Esame profesionalus hidraulini\u0173 cilindr\u0173 gamintojas, si\u016blantis plat\u0173 gamini\u0173 asortiment\u0105, ir tapome vienu i\u0161 pirmaujan\u010di\u0173 hidraulini\u0173 cilindr\u0173 gamintoj\u0173 ir didmenini\u0173 platintoj\u0173 vidaus ir tarptautin\u0117se rinkose. Visada laikom\u0117s puikios kokyb\u0117s principo ir nuolat tobuliname savo technologijas bei gamybos efektyvum\u0105, remdamiesi sud\u0117ting\u0173 gamybos cech\u0173 industrializacijos gamybos valdymo strategija. \u012ediegdami auk\u0161\u010diausios klas\u0117s skaitmenin\u0119 gamybos \u012frang\u0105 ir profesionalias bandym\u0173 sistemas, nuolat optimizuojame gamybos platform\u0105, tobuliname gamini\u0173 kokyb\u0117s kontrol\u0117s proces\u0105 ir turime stiprias inovacij\u0173 galimybes. M\u016bs\u0173 tikslas \u2013 patenkinti \u012fvairius klient\u0173 poreikius, u\u017etikrinant auk\u0161t\u0105 efektyvum\u0105, tikslum\u0105 ir kokyb\u0119.<\/p>\n<p>Siekdami u\u017etikrinti gamini\u0173 kokyb\u0119 ir klient\u0173 pasitenkinim\u0105, teikiame profesionalias, tarptautiniu mastu sertifikuotas, pritaikytas paslaugas, pa\u017eangi\u0105 gamybos \u012frang\u0105 ir puik\u0173 aptarnavim\u0105 po pardavimo.<\/p>\n<p><img decoding=\"async\" src=\"https:\/\/www.hydraulic-cylinders.net\/wp-content\/uploads\/2025\/01\/songte-company-4.webp\" alt=\"\u012emon\u0117s \u012fvaizdis\"><br \/>\n<img decoding=\"async\" src=\"https:\/\/www.hydraulic-cylinders.net\/wp-content\/uploads\/2025\/01\/songte-company-3.webp\" alt=\"\u012emon\u0117s \u012fvaizdis\"><\/p>\n<p>Autorius: lyl.<\/p>","protected":false},"excerpt":{"rendered":"<p>Arm Cylinder for Sumitomo Small Excavator SH60 Introduction An arm cylinder is a type of hydraulic cylinder designed specifically to provide linear motion and power to the arms of various types of machinery, such as excavators, cranes, and mechanical arms. The arm cylinder plays a critical role in hydraulic systems, enabling the movement and control [&hellip;]<\/p>","protected":false},"featured_media":14759,"comment_status":"open","ping_status":"closed","template":"","meta":{"_et_pb_use_builder":"","_et_pb_old_content":"","_et_gb_content_width":""},"product_brand":[],"product_cat":[1497],"product_tag":[1498,1496],"class_list":{"0":"post-16092","1":"product","2":"type-product","3":"status-publish","4":"has-post-thumbnail","6":"product_cat-arm-cylinders","7":"product_tag-arm-cylinders","8":"product_tag-hydraulic-cylinders","10":"first","11":"instock","12":"shipping-taxable","13":"product-type-simple"},"amp_enabled":true,"_links":{"self":[{"href":"https:\/\/www.hydraulic-cylinders.net\/lt\/wp-json\/wp\/v2\/product\/16092","targetHints":{"allow":["GET"]}}],"collection":[{"href":"https:\/\/www.hydraulic-cylinders.net\/lt\/wp-json\/wp\/v2\/product"}],"about":[{"href":"https:\/\/www.hydraulic-cylinders.net\/lt\/wp-json\/wp\/v2\/types\/product"}],"replies":[{"embeddable":true,"href":"https:\/\/www.hydraulic-cylinders.net\/lt\/wp-json\/wp\/v2\/comments?post=16092"}],"wp:featuredmedia":[{"embeddable":true,"href":"https:\/\/www.hydraulic-cylinders.net\/lt\/wp-json\/wp\/v2\/media\/14759"}],"wp:attachment":[{"href":"https:\/\/www.hydraulic-cylinders.net\/lt\/wp-json\/wp\/v2\/media?parent=16092"}],"wp:term":[{"taxonomy":"product_brand","embeddable":true,"href":"https:\/\/www.hydraulic-cylinders.net\/lt\/wp-json\/wp\/v2\/product_brand?post=16092"},{"taxonomy":"product_cat","embeddable":true,"href":"https:\/\/www.hydraulic-cylinders.net\/lt\/wp-json\/wp\/v2\/product_cat?post=16092"},{"taxonomy":"product_tag","embeddable":true,"href":"https:\/\/www.hydraulic-cylinders.net\/lt\/wp-json\/wp\/v2\/product_tag?post=16092"}],"curies":[{"name":"wp","href":"https:\/\/api.w.org\/{rel}","templated":true}]}}