{"id":16093,"date":"2025-01-20T08:28:08","date_gmt":"2025-01-20T08:28:08","guid":{"rendered":"https:\/\/www.hydraulic-cylinders.net\/product\/arm-cylinderfor-sumitomo-small-excavator-sh75-75x-3b\/"},"modified":"2025-01-20T08:28:10","modified_gmt":"2025-01-20T08:28:10","slug":"arm-cylinderfor-sumitomo-small-excavator-sh75-75x-3b","status":"publish","type":"product","link":"https:\/\/www.hydraulic-cylinders.net\/lt\/produktas\/arm-cylinderfor-sumitomo-small-excavator-sh75-75x-3b\/","title":{"rendered":"Sumitomo ma\u017eo ekskavatoriaus SH75\/75X-3B rankenos cilindras"},"content":{"rendered":"<p>Sumitomo ma\u017eo ekskavatoriaus SH75\/75X-3B rankenos cilindras<\/p>\n<p>Svirties cilindras yra specialiai sukurtas hidraulinis cilindras, u\u017etikrinantis tiesin\u012f judes\u012f ir gali\u0105 \u012fvairi\u0173 tip\u0173 ma\u0161in\u0173, toki\u0173 kaip ekskavatoriai, kranai ir mechanin\u0117s svirtys, svirtims. Jis atlieka labai svarb\u0173 vaidmen\u012f hidraulin\u0117se sistemose, nes leid\u017eia efektyviai jud\u0117ti ir valdyti papildomus \u012frankius ar priedus. \u0160ie cilindrai ne tik u\u017etikrina skland\u0173 jud\u0117jim\u0105, bet ir atlaiko dideles apkrovas, u\u017etikrindami efektyv\u0173 ma\u0161in\u0173 veikim\u0105 ir patikimum\u0105 \u012fvairiomis darbo s\u0105lygomis.<\/p>\n<p>Savyb\u0117s:<\/p>\n<p>1. Didelio efektyvumo transmisija: Svirties cilindras u\u017etikrina stipr\u0173 tiesin\u012f judes\u012f ir j\u0117g\u0105, u\u017etikrindamas auk\u0161t\u0105 mechanin\u0117s svirties efektyvum\u0105 atliekant \u012fvairias operacijas.<br \/>\n2. Tikslus valdymas: Svirties cilindras gali tiksliai valdyti judes\u012f per hidraulin\u0119 sistem\u0105, tod\u0117l papildom\u0173 \u012franki\u0173 valdymas yra lankstesnis ir tikslesnis.<br \/>\n3. Didelis patvarumas: Svirtiniai cilindrai paprastai gaminami i\u0161 didelio stiprumo med\u017eiag\u0173, kurios pasi\u017eymi geru atsparumu dilimui ir korozijai, tod\u0117l tinka ilgalaikiam naudojimui at\u0161iauriomis s\u0105lygomis.<br \/>\n4. Daugiafunkcis pritaikomumas: \u0160ie cilindrai gali b\u016bti pla\u010diai naudojami \u012fvairiuose mechaniniuose \u012frenginiuose, tokiuose kaip ekskavatoriai, kranai ir mechanin\u0117s rankenos, kad atitikt\u0173 skirtingus darbo reikalavimus.<br \/>\n5. Lengva prie\u017ei\u016bra: Projektuojant atsi\u017evelgiama \u012f paprast\u0105 prie\u017ei\u016br\u0105 ir keitim\u0105, tod\u0117l reguliar\u016bs patikrinimai ir technin\u0117 prie\u017ei\u016bra yra patogesni, o \u012frangos prastovos laikas sutrump\u0117ja.<\/p>\n<p>Parai\u0161kos:<\/p>\n<p>1. Konstrukcija: Ekskavatoriuose ir kranuose str\u0117li\u0173 cilindrai naudojami kau\u0161\u0173 arba str\u0117li\u0173 jud\u0117jimui valdyti atliekant \u017eem\u0117s darbus, tvarkant med\u017eiagas ir montuojant konstrukcijas.<br \/>\n2. Gamyba: Automatizuotose gamybos linijose svir\u010di\u0173 cilindrai naudojami mechanini\u0173 svir\u010di\u0173 jud\u0117jimui, surinkimo, suvirinimo ir med\u017eiag\u0173 tvarkymo procesams, taip pagerinant gamybos efektyvum\u0105 ir tikslum\u0105.<br \/>\n3. \u017dem\u0117s \u016bkio technika: \u017dem\u0117s \u016bkio technikoje, pavyzd\u017eiui, derliaus nu\u0117mimo ir s\u0117jamosiose, svir\u010di\u0173 cilindrai valdo valdymo svir\u010di\u0173 jud\u0117jim\u0105, atlikdami tokias u\u017eduotis kaip s\u0117ja, tr\u0119\u0161imas ir derliaus nu\u0117mimas.<br \/>\n4. Kasyba: Kasybos \u012frangoje svirties cilindrai naudojami kasybos \u012frangos svirties jud\u0117jimui valdyti r\u016bdos kasybai ir transportavimui.<br \/>\n5. Logistika ir transportavimas: \u0160akiniuose krautuvuose ir tvarkymo robotuose ranken\u0173 cilindrai naudojami krovinio k\u0117limui ir jud\u0117jimui valdyti, med\u017eiag\u0173 tvarkymui ir sukraunimui.<\/p>\n<p>Projektavimo aspektai ir atrankos kriterijai:<\/p>\n<p>1. Load Capacity: The cylinder&#8217;s load capacity should match the machinery&#8217;s requirements to ensure stable and efficient operation.<br \/>\n2. Sandarinimo charakteristikos: \u012evairi\u0173 sandarinimo komponent\u0173, toki\u0173 kaip st\u016bmokliniai sandarikliai, stryp\u0173 sandarikliai ir kt., pasirinkimas tur\u0117t\u0173 b\u016bti pagamintas i\u0161 atspari\u0173 dilimui med\u017eiag\u0173, toki\u0173 kaip poliuretanas ir nitrilo kau\u010diukas, kad b\u016bt\u0173 u\u017etikrintas geras sandarinimo efektyvumas.<br \/>\n3. Patvarumas: Svirtiniai cilindrai tur\u0117t\u0173 b\u016bti pagaminti i\u0161 med\u017eiag\u0173, atspari\u0173 dilimui, korozijai ir nuovargiui, kad b\u016bt\u0173 u\u017etikrintas ilgalaikis patvarumas.<br \/>\n4. Sauga: Svirtiniai cilindrai turi b\u016bti suprojektuoti taip, kad atitikt\u0173 saugos reikalavimus ir standartus, siekiant i\u0161vengti nelaiming\u0173 atsitikim\u0173.<br \/>\n5. Prie\u017ei\u016bra: Projektuojant reik\u0117t\u0173 atsi\u017evelgti \u012f lengv\u0105 prie\u017ei\u016br\u0105 ir keitim\u0105, kad reguliar\u016bs patikrinimai ir prie\u017ei\u016bra b\u016bt\u0173 patogesni, o \u012frangos prastovos laikas sutrump\u0117t\u0173.<\/p>\n<p>Sandarinimas ir tepimas:<\/p>\n<p>Svirtiniuose cilindruose naudojami \u012fvair\u016bs sandarinimo komponentai, tokie kaip st\u016bmoklio sandarikliai, strypo sandarikliai ir kt., siekiant u\u017etikrinti sandarum\u0105. Med\u017eiag\u0173 pasirinkimas tur\u0117t\u0173 b\u016bti atsparus dilimui, pvz., poliuretanas ir nitrilo kau\u010diukas. Cilindro galvut\u0117, strypas ir sriegio pavir\u0161iai tur\u0117t\u0173 b\u016bti kruop\u0161\u010diai apdirbti, kad b\u016bt\u0173 padidintas atsparumas dilimui. Reguliariai \u012fpilant tinkam\u0105 kiek\u012f hidraulin\u0117s alyvos tepimui, galima pailginti cilindro tarnavimo laik\u0105.<\/p>\n<p>Trik\u010di\u0173 \u0161alinimas ir prevencin\u0117 prie\u017ei\u016bra:<\/p>\n<p>1. Nuot\u0117kis: Nuot\u0117k\u012f gali sukelti sandarinimo komponent\u0173 gedimas arba cilindro korpuso pa\u017eeidimas. Pa\u017eeistas dalis reikia pakeisti arba suremontuoti.<br \/>\n2. Nenormalus triuk\u0161mas: Nenormal\u0173 triuk\u0161m\u0105 gali sukelti st\u016bmoklio arba cilindro korpuso pa\u017eeidimas, d\u0117l kurio reikia pakeisti pa\u017eeistas dalis.<br \/>\n3. Nepakankamas jud\u0117jimas arba jud\u0117jimo nebuvimas: Tai gali b\u016bti d\u0117l nepakankamo alyvos tiekimo arba u\u017esikim\u0161imo vamzdyne. Patikrinkite alyvos tiekim\u0105 ir pa\u0161alinkite visus u\u017esikim\u0161imus vamzdyne. Reguliarus techninis aptarnavimas ir patikra gali suma\u017einti galimas problemas.<\/p>\n<p>Diegimo vadovas:<\/p>\n<p>1. Patikrinkite cilindro suderinamum\u0105 su mechanizmu.<br \/>\n2. Install the cylinder according to the manufacturer&#8217;s instructions.<br \/>\n3. Tinkamai prijunkite hidraulin\u012f vamzdyn\u0105.<br \/>\n4. Patikrinkite vis\u0173 jung\u010di\u0173 sandarum\u0105.<br \/>\n5. Test the cylinder&#8217;s movement after installation.<\/p>\n<p>Saugos aspektai ir aplinkos veiksniai:<\/p>\n<p>Saugumas yra svarbiausias dalykas valdant ma\u0161inas su svirtiniais cilindrais, tod\u0117l b\u016btina laikytis vis\u0173 saugos taisykli\u0173 ir standart\u0173. Svirtiniai cilindrai gaminami taip, kad b\u016bt\u0173 nekenksmingi aplinkai, suma\u017eint\u0173 i\u0161metam\u0173j\u0173 ter\u0161al\u0173 ir atliek\u0173 kiek\u012f.<\/p>\n<p>Esame profesionalus hidraulini\u0173 cilindr\u0173 gamintojas ir si\u016blome plat\u0173 gamini\u0173 asortiment\u0105. M\u016bs\u0173 gaminiai gali puikiai pakeisti \u0161iuos hidraulinius cilindrus. Tapome vienu i\u0161 pirmaujan\u010di\u0173 hidraulini\u0173 cilindr\u0173 gamintoj\u0173 ir didmenini\u0173 platintoj\u0173 vidaus ir tarptautin\u0117se rinkose. Visada laikom\u0117s puikios kokyb\u0117s principo, nuolat tobuliname savo technologijas ir gamybos efektyvum\u0105. M\u016bs\u0173 tikslas \u2013 patenkinti \u012fvairius klient\u0173 poreikius, teikiant efektyvius, tikslius ir auk\u0161tos kokyb\u0117s gaminius.<\/p>\n<p>M\u016bs\u0173 \u012fmon\u0117 teikia profesionalias, tarptautiniu mastu akredituotas, pritaikytas paslaugas, pa\u017eangi\u0105 gamybos \u012frang\u0105 ir puik\u0173 aptarnavim\u0105 po pardavimo.<\/p>","protected":false},"excerpt":{"rendered":"<p>Arm Cylinder for Sumitomo Small Excavator SH75\/75X-3B Arm cylinder is a specifically designed hydraulic cylinder that provides linear motion and power to the arms of various types of machinery such as excavators, cranes, and mechanical arms. It plays a crucial role in hydraulic systems, enabling the effective movement and control of additional tools or attachments. [&hellip;]<\/p>","protected":false},"featured_media":14786,"comment_status":"open","ping_status":"closed","template":"","meta":{"_et_pb_use_builder":"","_et_pb_old_content":"","_et_gb_content_width":""},"product_brand":[],"product_cat":[1497],"product_tag":[1498,1496],"class_list":{"0":"post-16093","1":"product","2":"type-product","3":"status-publish","4":"has-post-thumbnail","6":"product_cat-arm-cylinders","7":"product_tag-arm-cylinders","8":"product_tag-hydraulic-cylinders","10":"first","11":"instock","12":"shipping-taxable","13":"product-type-simple"},"amp_enabled":true,"_links":{"self":[{"href":"https:\/\/www.hydraulic-cylinders.net\/lt\/wp-json\/wp\/v2\/product\/16093","targetHints":{"allow":["GET"]}}],"collection":[{"href":"https:\/\/www.hydraulic-cylinders.net\/lt\/wp-json\/wp\/v2\/product"}],"about":[{"href":"https:\/\/www.hydraulic-cylinders.net\/lt\/wp-json\/wp\/v2\/types\/product"}],"replies":[{"embeddable":true,"href":"https:\/\/www.hydraulic-cylinders.net\/lt\/wp-json\/wp\/v2\/comments?post=16093"}],"wp:featuredmedia":[{"embeddable":true,"href":"https:\/\/www.hydraulic-cylinders.net\/lt\/wp-json\/wp\/v2\/media\/14786"}],"wp:attachment":[{"href":"https:\/\/www.hydraulic-cylinders.net\/lt\/wp-json\/wp\/v2\/media?parent=16093"}],"wp:term":[{"taxonomy":"product_brand","embeddable":true,"href":"https:\/\/www.hydraulic-cylinders.net\/lt\/wp-json\/wp\/v2\/product_brand?post=16093"},{"taxonomy":"product_cat","embeddable":true,"href":"https:\/\/www.hydraulic-cylinders.net\/lt\/wp-json\/wp\/v2\/product_cat?post=16093"},{"taxonomy":"product_tag","embeddable":true,"href":"https:\/\/www.hydraulic-cylinders.net\/lt\/wp-json\/wp\/v2\/product_tag?post=16093"}],"curies":[{"name":"wp","href":"https:\/\/api.w.org\/{rel}","templated":true}]}}