{"id":16095,"date":"2025-01-20T08:28:17","date_gmt":"2025-01-20T08:28:17","guid":{"rendered":"https:\/\/www.hydraulic-cylinders.net\/product\/arm-cylinderfor-sumitomo-small-excavator-sh130-5\/"},"modified":"2025-01-20T08:28:25","modified_gmt":"2025-01-20T08:28:25","slug":"arm-cylinderfor-sumitomo-small-excavator-sh130-5","status":"publish","type":"product","link":"https:\/\/www.hydraulic-cylinders.net\/lt\/produktas\/arm-cylinderfor-sumitomo-small-excavator-sh130-5\/","title":{"rendered":"Sumitomo ma\u017eo ekskavatoriaus SH130-5 rankenos cilindras"},"content":{"rendered":"<p><!DOCTYPE html><br \/>\n<html><br \/>\n<head><br \/>\n<title>Sumitomo ma\u017eo ekskavatoriaus SH130-5 rankos cilindras<\/title><br \/>\n<\/head><br \/>\n<body><\/p>\n<h1>Sumitomo ma\u017eo ekskavatoriaus SH130-5 rankos cilindras<\/h1>\n<h2>\u012evadas<\/h2>\n<p>Svirties cilindras yra specialiai suprojektuotas hidraulinis cilindras, naudojamas \u012fvairi\u0173 ma\u0161in\u0173, toki\u0173 kaip ekskavatoriai, kranai ir robotin\u0117s svirtys, svir\u010diai tiesiniam judesiui ir galiai u\u017etikrinti. Svirties cilindras atlieka labai svarb\u0173 vaidmen\u012f hidraulin\u0117se sistemose, nes leid\u017eia efektyviai jud\u0117ti ir valdyti papildomus \u012frankius ar priedus. \u0160ie cilindrai ne tik leid\u017eia skland\u0173 jud\u0117jim\u0105, bet ir atlaiko dideles apkrovas, u\u017etikrindami efektyv\u0173 ma\u0161in\u0173 veikim\u0105 ir patikimum\u0105 \u012fvairiomis darbo s\u0105lygomis.<\/p>\n<p><img decoding=\"async\" src=\"https:\/\/www.hydraulic-cylinders.net\/wp-content\/uploads\/2025\/01\/songte-company-2.webp\" alt=\"Svirties cilindro vaizdas\"><\/p>\n<h2>Savyb\u0117s<\/h2>\n<ul>\n<li><strong>Efektyvus energijos perdavimas:<\/strong> Svirties cilindras u\u017etikrina galing\u0105 tiesin\u012f judes\u012f ir j\u0117g\u0105, u\u017etikrindamas auk\u0161t\u0105 mechanin\u0117s svirties na\u0161um\u0105 atliekant \u012fvairias operacijas.<\/li>\n<li><strong>Tikslus valdymas:<\/strong> Hidraulini\u0173 sistem\u0173 d\u0117ka svirties cilindras leid\u017eia tiksliai valdyti judes\u012f, tod\u0117l pritvirtint\u0173 \u012franki\u0173 valdymas tampa lankstesnis ir tikslesnis.<\/li>\n<li><strong>Patvarumas:<\/strong> Svirtiniai cilindrai paprastai gaminami i\u0161 didelio stiprumo med\u017eiag\u0173, kurios pasi\u017eymi puikiu atsparumu dilimui ir korozijai, tod\u0117l tinka ilgalaikiam naudojimui at\u0161iauriomis s\u0105lygomis.<\/li>\n<li><strong>Daugiafunkcinis prisitaikymas:<\/strong> \u0160ie cilindrai gali b\u016bti pla\u010diai naudojami \u012fvairi\u0173 tip\u0173 ma\u0161inose, tokiose kaip ekskavatoriai, kranai ir robotin\u0117s rankos, pritaikant juos skirtingiems darbo reikalavimams.<\/li>\n<li><strong>Lengva prie\u017ei\u016bra:<\/strong> Sukurta atsi\u017evelgiant \u012f paprast\u0105 prie\u017ei\u016br\u0105 ir keitim\u0105, reguliari ap\u017ei\u016bra ir technin\u0117 prie\u017ei\u016bra yra patog\u016bs, tod\u0117l sutrump\u0117ja \u012frangos prastovos.<\/li>\n<\/ul>\n<p><img decoding=\"async\" src=\"https:\/\/www.hydraulic-cylinders.net\/wp-content\/uploads\/2025\/01\/songte-oil-pipes-and-spare-parts.webp\" alt=\"Svirties cilindro atsargini\u0173 dali\u0173 vaizdas\"><\/p>\n<h2>Parai\u0161kos<\/h2>\n<p>Svirtinis cilindras naudojamas \u012fvairiose pramon\u0117s \u0161akose:<\/p>\n<ul>\n<li><strong>Statybos in\u017einerija:<\/strong> Ekskavatoriuose ir kranuose peties cilindras valdo kau\u0161o arba str\u0117l\u0117s jud\u0117jim\u0105, leisdamas atlikti \u017eem\u0117s darbus, med\u017eiag\u0173 tvarkym\u0105 ir konstrukcij\u0173 montavim\u0105.<\/li>\n<li><strong>Gamyba:<\/strong> Automatizuotose gamybos linijose rankos cilindras palengvina robotini\u0173 rank\u0173 jud\u0117jim\u0105 surinkimo, suvirinimo ir med\u017eiag\u0173 tvarkymo procesuose, pagerindamas gamybos efektyvum\u0105 ir tikslum\u0105.<\/li>\n<li><strong>\u017dem\u0117s \u016bkio technika:<\/strong> \u017dem\u0117s \u016bkio \u012frangoje, tokioje kaip derliaus nu\u0117mimo ma\u0161inos ir s\u0117jamosios, svirties cilindras valdo valdymo svir\u010di\u0173 jud\u0117jim\u0105 atliekant tokias u\u017eduotis kaip s\u0117ja, tr\u0119\u0161imas ir derliaus nu\u0117mimas.<\/li>\n<li><strong>Kasyba:<\/strong> Kasybos \u012frangoje svirties cilindras valdo svirties judes\u012f r\u016bdos gavybai ir transportavimui.<\/li>\n<li><strong>Logistika ir transportas:<\/strong> \u0160akiniuose krautuvuose ir krovini\u0173 krovimo robotuose svirties cilindras valdo \u0161aki\u0173 k\u0117lim\u0105 ir jud\u0117jim\u0105, taip \u012fgalindamas med\u017eiag\u0173 tvarkym\u0105 ir krovim\u0105.<\/li>\n<\/ul>\n<h2>Projektavimo aspektai ir atrankos kriterijai<\/h2>\n<p>Projektuojant ir renkantis cilindro formos svirt\u012f, reikia atsi\u017evelgti \u012f kelis veiksnius:<\/p>\n<ul>\n<li><strong>Keliamoji galia:<\/strong> Svirties cilindras turi atlaikyti numatyt\u0105 apkrov\u0105 ir saugiai veikti numatytomis s\u0105lygomis.<\/li>\n<li><strong>Sandarinimas:<\/strong> Siekiant u\u017etikrinti efektyv\u0173 sandarinim\u0105, reik\u0117t\u0173 naudoti \u012fvairius sandariklius, tokius kaip st\u016bmokli\u0173 ir kot\u0173 sandarikliai. \u0160ie sandarikliai da\u017enai gaminami i\u0161 atspari\u0173 dilimui med\u017eiag\u0173, toki\u0173 kaip poliuretanas ir nitrilo kau\u010diukas.<\/li>\n<li><strong>Patvarumas:<\/strong> Cilindro korpusas ir srieginiai galai turi b\u016bti kruop\u0161\u010diai apdirbti, kad b\u016bt\u0173 padidintas atsparumas dilimui. B\u016btina reguliariai tepti tinkamu hidraulin\u0117s alyvos kiekiu.<\/li>\n<li><strong>Saugumas:<\/strong> Siekiant i\u0161vengti nelaiming\u0173 atsitikim\u0173 eksploatacijos metu, tur\u0117t\u0173 b\u016bti \u012fgyvendintos saugos priemon\u0117s, pavyzd\u017eiui, avarinio stabdymo sistemos ir apsauginiai dang\u010diai.<\/li>\n<li><strong>Prie\u017ei\u016bra:<\/strong> Siekiant nustatyti galimas problemas ir u\u017etikrinti optimal\u0173 veikim\u0105, reik\u0117t\u0173 atlikti reguliarius patikrinimus ir prevencin\u0119 prie\u017ei\u016br\u0105.<\/li>\n<\/ul>\n<p><img decoding=\"async\" src=\"https:\/\/www.hydraulic-cylinders.net\/wp-content\/uploads\/2025\/01\/songte-cylinder-head-with-all-kinds-excavator-models.webp\" alt=\"Svirties cilindro komponent\u0173 vaizdas\"><\/p>\n<h2>Sandarinimas ir tepimas<\/h2>\n<p>Svirties cilindre naudojami \u012fvair\u016bs sandarinimo komponentai, tokie kaip st\u016bmokli\u0173 ir kot\u0173 sandarikliai, kurie pagaminti i\u0161 atspari\u0173 dilimui med\u017eiag\u0173, toki\u0173 kaip poliuretanas ir nitrilo kau\u010diukas. Cilindro korpusas ir srieginiai galai yra kruop\u0161\u010diai apdirbti, siekiant padidinti atsparum\u0105 dilimui. Norint tinkamai veikti, b\u016btina reguliariai tepti tinkamu hidraulin\u0117s alyvos kiekiu.<\/p>\n<h2>Reguliarus patikrinimas ir prevencin\u0117 prie\u017ei\u016bra<\/h2>\n<p>Norint u\u017etikrinti cilindro ilgaam\u017ei\u0161kum\u0105 ir optimal\u0173 veikim\u0105, reikia imtis \u0161i\u0173 priemoni\u0173:<\/p>\n<ul>\n<li>Reguliariai tikrinkite cilindr\u0105, ar n\u0117ra nuot\u0117kio, pa\u017eeidimo ar susid\u0117v\u0117jimo po\u017eymi\u0173.<\/li>\n<li>Patikrinkite hidraulin\u0117s alyvos lyg\u012f ir kokyb\u0119, ir prireikus pakeiskite arba papildykite.<\/li>\n<li>Patikrinkite ir i\u0161valykite sandarinimo komponentus, kad i\u0161laikytum\u0117te tinkam\u0105 sandarinimo efektyvum\u0105.<\/li>\n<li>Priver\u017ekite visas atsilaisvinusias jungtis ar tvirtinimo detales.<\/li>\n<li>Laikykit\u0117s gamintojo rekomendacij\u0173 d\u0117l technin\u0117s prie\u017ei\u016bros interval\u0173 ir proced\u016br\u0173.<\/li>\n<\/ul>\n<p><img decoding=\"async\" src=\"https:\/\/www.hydraulic-cylinders.net\/wp-content\/uploads\/2025\/01\/songte-chushion-collar.webp\" alt=\"Svirties cilindro prie\u017ei\u016bros paveiksl\u0117lis\"><\/p>\n<h2>Produkto \u012frengimo gair\u0117s<\/h2>\n<p>Tinkamas svirties cilindro montavimas yra labai svarbus optimaliam jo veikimui ir ilgaam\u017ei\u0161kumui. Laikykit\u0117s \u0161i\u0173 nurodym\u0173:<\/p>\n<ul>\n<li>\u012esitikinkite, kad tvirtinimo pavir\u0161ius yra \u0161varus ir be joki\u0173 \u0161iuk\u0161li\u0173.<\/li>\n<li>Cilindrui pritvirtinti naudokite tinkamus \u012frankius ir metodus.<\/li>\n<li>\u012esitikinkite, kad visos jungtys yra tinkamai priver\u017etos.<\/li>\n<li>Laikykit\u0117s gamintojo nurodym\u0173, kaip pripildyti hidraulin\u012f skyst\u012f ir i\u0161leisti j\u012f i\u0161 jo.<\/li>\n<li>Prie\u0161 prad\u0117dami pilnai naudoti cilindr\u0105, patikrinkite jo veikim\u0105.<\/li>\n<\/ul>\n<p><img decoding=\"async\" src=\"https:\/\/www.hydraulic-cylinders.net\/wp-content\/uploads\/2025\/01\/songte-bushings-with-all-kinds-of-excavator-models.webp\" alt=\"Svirties cilindro montavimo paveiksl\u0117lis\"><\/p>\n<h2>Saugos aspektai ir aplinkos veiksniai<\/h2>\n<p>Dirbant su ranken\u0173 cilindrais, labai svarbu teikti pirmenyb\u0119 saugos priemon\u0117ms, atsi\u017evelgiant \u012f \u0161iuos dalykus:<\/p>\n<ul>\n<li>Suteikite operatoriams tinkamus mokymus, u\u017etikrindami, kad jie suprast\u0173 saugaus darbo proced\u016bras ir galimus pavojus.<\/li>\n<li>\u012ediekite saugos priemones, tokias kaip avarinio stabdymo sistemos ir apsauginiai dang\u010diai, kad i\u0161vengtum\u0117te nelaiming\u0173 atsitikim\u0173.<\/li>\n<li>Laikykit\u0117s vietini\u0173 taisykli\u0173 ir standart\u0173, susijusi\u0173 su hidraulin\u0117s \u012frangos naudojimu ir montavimu.<\/li>\n<li>Atsi\u017evelkite \u012f aplinkos veiksnius ir rinkit\u0117s med\u017eiagas, kurios kuo labiau suma\u017eint\u0173 poveik\u012f ekosistemai.<\/li>\n<\/ul>\n<h2>Trik\u010di\u0173 \u0161alinimas ir da\u017eniausiai pasitaikan\u010dios problemos<\/h2>\n<p>Kilus problemoms d\u0117l svirties cilindro, gali b\u016bti naudingi \u0161ie trik\u010di\u0173 \u0161alinimo veiksmai:<\/p>\n<ul>\n<li><strong>Problema: <\/strong>Cilindras leid\u017eia vanden\u012f.<\/li>\n<li><strong>Sprendimas: <\/strong>Patikrinkite ir pakeiskite visus pa\u017eeistus sandariklius ar komponentus. U\u017etikrinkite tinkam\u0105 sandarum\u0105 ir jungt\u012f.<\/li>\n<li><strong>Problema: <\/strong>Cilindras juda nelygiai.<\/li>\n<li><strong>Sprendimas: <\/strong>Patikrinkite, ar n\u0117ra kli\u016b\u010di\u0173 ar nesuderinamumo. Sutepkite cilindr\u0105 ir u\u017etikrinkite tinkam\u0105 hidraulin\u0117s sistemos veikim\u0105.<\/li>\n<li><strong>Problema: <\/strong>Cilindras nesukuria pakankamai j\u0117gos.<\/li>\n<li><strong>Sprendimas: <\/strong>Patikrinkite, ar n\u0117ra hidraulin\u0117s sistemos gedim\u0173, pvz., \u017eemo alyvos sl\u0117gio ar nepakankamo srauto. Ap\u017ei\u016br\u0117kite cilindr\u0105, ar jis nepa\u017eeistas ar nesusid\u0117v\u0117j\u0119s.<\/li>\n<\/ul>\n<p>Laikantis \u0161i\u0173 trik\u010di\u0173 \u0161alinimo veiksm\u0173 ir \u012fgyvendinus prevencines priemones, galima suma\u017einti galimas problemas, u\u017etikrinant optimal\u0173 svirties cilindro veikim\u0105 ir ilgaam\u017ei\u0161kum\u0105.<\/p>\n<p><img decoding=\"async\" src=\"https:\/\/www.hydraulic-cylinders.net\/wp-content\/uploads\/2025\/01\/songte-chushion-collar.webp\" alt=\"Svirties cilindro trik\u010di\u0173 \u0161alinimo paveiksl\u0117lis\"><\/p>\n<h2>Apie mus<\/h2>\n<p>Esame profesionalus pakaitini\u0173 hidraulini\u0173 cilindr\u0173 gamintojas, si\u016blantis plat\u0173 gamini\u0173 asortiment\u0105. Tapome vienu i\u0161 pirmaujan\u010di\u0173 hidraulini\u0173 cilindr\u0173 gamintoj\u0173 ir didmenini\u0173 platintoj\u0173 tiek vidaus, tiek tarptautin\u0117se rinkose. M\u016bs\u0173 \u012fsipareigojim\u0105 siekti nepriekai\u0161tingos kokyb\u0117s u\u017etikrina industrializuotos gamybos valdymo strategija, pasitelkiant modernius gamybos \u012frenginius ir didinant technologin\u0119 patirt\u012f bei gamybos efektyvum\u0105. \u012ediegdami pa\u017eangi\u0105 skaitmenin\u0119 gamybos \u012frang\u0105 ir profesionalias bandym\u0173 sistemas, mes...<\/p>","protected":false},"excerpt":{"rendered":"<p>Arm Cylinder For Sumitomo Small Excavator SH130-5 Arm Cylinder For Sumitomo Small Excavator SH130-5 Introduction The arm cylinder is a specially designed hydraulic cylinder that is used to provide linear motion and power to the arm of various machinery, such as excavators, cranes, and robotic arms. The arm cylinder plays a crucial role in hydraulic [&hellip;]<\/p>","protected":false},"featured_media":14779,"comment_status":"open","ping_status":"closed","template":"","meta":{"_et_pb_use_builder":"","_et_pb_old_content":"","_et_gb_content_width":""},"product_brand":[],"product_cat":[1497],"product_tag":[1498,1496],"class_list":{"0":"post-16095","1":"product","2":"type-product","3":"status-publish","4":"has-post-thumbnail","6":"product_cat-arm-cylinders","7":"product_tag-arm-cylinders","8":"product_tag-hydraulic-cylinders","10":"first","11":"instock","12":"shipping-taxable","13":"product-type-simple"},"amp_enabled":true,"_links":{"self":[{"href":"https:\/\/www.hydraulic-cylinders.net\/lt\/wp-json\/wp\/v2\/product\/16095","targetHints":{"allow":["GET"]}}],"collection":[{"href":"https:\/\/www.hydraulic-cylinders.net\/lt\/wp-json\/wp\/v2\/product"}],"about":[{"href":"https:\/\/www.hydraulic-cylinders.net\/lt\/wp-json\/wp\/v2\/types\/product"}],"replies":[{"embeddable":true,"href":"https:\/\/www.hydraulic-cylinders.net\/lt\/wp-json\/wp\/v2\/comments?post=16095"}],"wp:featuredmedia":[{"embeddable":true,"href":"https:\/\/www.hydraulic-cylinders.net\/lt\/wp-json\/wp\/v2\/media\/14779"}],"wp:attachment":[{"href":"https:\/\/www.hydraulic-cylinders.net\/lt\/wp-json\/wp\/v2\/media?parent=16095"}],"wp:term":[{"taxonomy":"product_brand","embeddable":true,"href":"https:\/\/www.hydraulic-cylinders.net\/lt\/wp-json\/wp\/v2\/product_brand?post=16095"},{"taxonomy":"product_cat","embeddable":true,"href":"https:\/\/www.hydraulic-cylinders.net\/lt\/wp-json\/wp\/v2\/product_cat?post=16095"},{"taxonomy":"product_tag","embeddable":true,"href":"https:\/\/www.hydraulic-cylinders.net\/lt\/wp-json\/wp\/v2\/product_tag?post=16095"}],"curies":[{"name":"wp","href":"https:\/\/api.w.org\/{rel}","templated":true}]}}