{"id":16097,"date":"2025-01-20T08:28:31","date_gmt":"2025-01-20T08:28:31","guid":{"rendered":"https:\/\/www.hydraulic-cylinders.net\/product\/arm-cylinderfor-sumitomo-small-excavator-sh80-6\/"},"modified":"2025-01-20T08:28:33","modified_gmt":"2025-01-20T08:28:33","slug":"arm-cylinderfor-sumitomo-small-excavator-sh80-6","status":"publish","type":"product","link":"https:\/\/www.hydraulic-cylinders.net\/lt\/produktas\/arm-cylinderfor-sumitomo-small-excavator-sh80-6\/","title":{"rendered":"Sumitomo ma\u017eo ekskavatoriaus SH80-6 rankenos cilindras"},"content":{"rendered":"<h1>Sumitomo ma\u017eo ekskavatoriaus SH80-6 rankos cilindras<\/h1>\n<h2>\u012evadas<\/h2>\n<h3>Apibr\u0117\u017eiantis svirties cilindras<\/h3>\n<p>Svirties cilindras yra hidraulinis cilindras, specialiai sukurtas u\u017etikrinti tiesin\u012f jud\u0117jim\u0105 ir gali\u0105 \u012fvairi\u0173 tip\u0173 ma\u0161in\u0173 svirtims, tokioms kaip ekskavatoriai, kranai ir robot\u0173 svirtys. Svirties cilindrai atlieka labai svarb\u0173 vaidmen\u012f hidraulin\u0117se sistemose, nes leid\u017eia efektyviai jud\u0117ti ir valdyti priedus ar \u012frankius. \u0160ie cilindrai ne tik u\u017etikrina skland\u0173 jud\u0117jim\u0105, bet ir atlaiko dideles apkrovas, u\u017etikrindami efektyv\u0173 ma\u0161in\u0173 veikim\u0105 ir patikimum\u0105 \u012fvairiomis eksploatavimo s\u0105lygomis.<\/p>\n<p><img decoding=\"async\" src=\"https:\/\/www.hydraulic-cylinders.net\/wp-content\/uploads\/2025\/01\/songte-company-2.webp\" alt=\"Svirties cilindras\" \/><\/p>\n<h2>Savyb\u0117s<\/h2>\n<h3>Efektyvus energijos perdavimas<\/h3>\n<p>Svirties cilindrai u\u017etikrina galing\u0105 tiesin\u012f judes\u012f ir j\u0117g\u0105, u\u017etikrindami auk\u0161t\u0105 ma\u0161inos svirties efektyvum\u0105 atliekant \u012fvairias operacijas.<\/p>\n<h3>Tikslus valdymas<\/h3>\n<p>Hidraulin\u0117s sistemos d\u0117ka svirties cilindrai gali tiksliai valdyti judesius, tod\u0117l pried\u0173 valdymas tampa lankstesnis ir tikslesnis.<\/p>\n<h3>Patvarumas<\/h3>\n<p>Svirtiniai cilindrai paprastai gaminami i\u0161 didelio stiprumo med\u017eiag\u0173, pasi\u017eymin\u010di\u0173 geru atsparumu dilimui ir korozijai, tod\u0117l tinkami ilgalaikiam naudojimui at\u0161iauriomis s\u0105lygomis.<\/p>\n<h3>Daugiafunkcinis prisitaikymas<\/h3>\n<p>\u0160ie cilindrai yra pla\u010diai pritaikomi \u012fvairi\u0173 tip\u0173 ma\u0161inoms, tokioms kaip ekskavatoriai, kranai ir robotin\u0117s rankos, prisitaikant prie skirting\u0173 darbo reikalavim\u0173.<\/p>\n<h3>Lengva prie\u017ei\u016bra<\/h3>\n<p>Projektavimo aspektai u\u017etikrina lengv\u0105 prie\u017ei\u016br\u0105 ir keitim\u0105, tod\u0117l reguliar\u016bs patikrinimai ir technin\u0117 prie\u017ei\u016bra yra patogesni, o \u012frangos prastovos laikas sutrump\u0117ja.<\/p>\n<p><img decoding=\"async\" src=\"https:\/\/www.hydraulic-cylinders.net\/wp-content\/uploads\/2025\/01\/songte-oil-pipes-and-spare-parts.webp\" alt=\"Svirties cilindro atsargin\u0117s dalys\" \/><\/p>\n<h2>Parai\u0161kos<\/h2>\n<p>Svirtinis cilindras naudojamas \u012fvairiose srityse, \u012fskaitant:<\/p>\n<h3>Statyba<\/h3>\n<ul>\n<li>Valdo ekskavatori\u0173 ar kran\u0173, naudojam\u0173 \u017eem\u0117s darbams, med\u017eiag\u0173 tvarkymui ir konstrukcij\u0173 montavimui, kau\u0161o ar str\u0117l\u0117s jud\u0117jim\u0105.<\/li>\n<\/ul>\n<h3>Gamyba<\/h3>\n<ul>\n<li>Valdo robotini\u0173 rank\u0173 jud\u0117jim\u0105 surinkimo, suvirinimo ir med\u017eiag\u0173 tvarkymo procesuose, siekiant pagerinti gamybos efektyvum\u0105 ir tikslum\u0105.<\/li>\n<\/ul>\n<h3>\u017dem\u0117s \u016bkio technika<\/h3>\n<ul>\n<li>Valdo \u017eem\u0117s \u016bkio \u012frangos, tokios kaip derliaus nu\u0117mimo ma\u0161inos ir s\u0117jamosios, valdymo svir\u010di\u0173 jud\u0117jim\u0105, kad b\u016bt\u0173 galima atlikti tokias u\u017eduotis kaip sodinimas, tr\u0119\u0161imas ir derliaus nu\u0117mimas.<\/li>\n<\/ul>\n<h3>Kasyba<\/h3>\n<ul>\n<li>Valdo rankos jud\u0117jim\u0105 kasybos \u012frangoje, naudojamoje r\u016bdos gavybai ir transportavimui.<\/li>\n<\/ul>\n<h3>Logistika ir transportas<\/h3>\n<ul>\n<li>Valdo \u0161akini\u0173 krautuv\u0173 ir robot\u0173, naudojam\u0173 med\u017eiag\u0173 transportavimui ir krovimui, jud\u0117jim\u0105.<\/li>\n<\/ul>\n<h2>Projektavimo aspektai ir atrankos kriterijai<\/h2>\n<h3>Apkrovos paj\u0117gumas<\/h3>\n<p>Svirties cilindras turi tur\u0117ti pakankam\u0105 apkrov\u0105, kad atlaikyt\u0173 juo valdom\u0173 pried\u0173 ar \u012franki\u0173 svor\u012f. Renkantis cilindr\u0105 konkre\u010diam atvejui, reikia atid\u017eiai atsi\u017evelgti \u012f apkrov\u0105.<\/p>\n<h3>Sandarinimo efektyvumas<\/h3>\n<p>Svirties cilindras turi pasi\u017eym\u0117ti puikiomis sandarumo savyb\u0117mis, kad b\u016bt\u0173 i\u0161vengta hidraulin\u0117s alyvos nuot\u0117kio ir suma\u017eintas prie\u017ei\u016bros poreikis. Siekiant u\u017etikrinti efektyv\u0173 sandarum\u0105, naudojami \u012fvair\u016bs sandarinimo komponentai, tokie kaip st\u016bmokli\u0173 ir stryp\u0173 sandarikliai.<\/p>\n<h3>Patvarumas<\/h3>\n<p>Svirties cilindras turi b\u016bti labai tvirtas, kad atlaikyt\u0173 at\u0161iaurias aplinkos s\u0105lygas ir dideles apkrovas. Cilindras turi b\u016bti pagamintas i\u0161 didelio stiprumo med\u017eiag\u0173 ir tinkamai apdorotas pavir\u0161iumi, kad b\u016bt\u0173 padidintas atsparumas dilimui.<\/p>\n<h3>Saugumas<\/h3>\n<p>Svirtinis cilindras turi b\u016bti suprojektuotas taip, kad b\u016bt\u0173 kuo labiau suma\u017einta saugos rizika eksploatavimo metu, pvz., staigaus ply\u0161imo ar gedimo rizika. Cilindro saug\u0105 galima u\u017etikrinti parinkus auk\u0161tos kokyb\u0117s med\u017eiagas, tinkamai projektuojant ir atliekant bandymus.<\/p>\n<h3>Prie\u017ei\u016bra<\/h3>\n<p>Svirties cilindras turi b\u016bti lengvai pri\u017ei\u016brimas ir remontuojamas, kad b\u016bt\u0173 suma\u017eintos prastova ir technin\u0117s prie\u017ei\u016bros i\u0161laidos. Projektuojant reik\u0117t\u0173 atsi\u017evelgti \u012f lengv\u0105 i\u0161montavim\u0105, komponent\u0173 keitim\u0105 ir tinkam\u0105 tepim\u0105.<\/p>\n<p><img decoding=\"async\" src=\"https:\/\/www.hydraulic-cylinders.net\/wp-content\/uploads\/2025\/01\/songte-cylinder-head-with-all-kinds-excavator-models.webp\" alt=\"Cilindro galvut\u0117\" \/><\/p>\n<h2>Sandarinimas ir tepimas<\/h2>\n<p>Svirtinis cilindras naudoja \u012fvairius sandarinimo komponentus, tokius kaip st\u016bmoklio ir koto sandarikliai, kad b\u016bt\u0173 u\u017etikrintas efektyvus sandarinimas. Sandarinimo komponentai pagaminti i\u0161 patvari\u0173 med\u017eiag\u0173, toki\u0173 kaip poliuretanas ir nitrilo kau\u010diukas. Cilindro galvut\u0117 ir srieginis galas yra kruop\u0161\u010diai apdorojami, siekiant pagerinti atsparum\u0105 dilimui. Svirtin\u012f cilindr\u0105 reikia reguliariai tepti tinkama hidrauline alyva, kad jis veikt\u0173 skland\u017eiai ir suma\u017e\u0117t\u0173 nusid\u0117v\u0117jimas.<\/p>\n<h2>Prie\u017ei\u016bra ir trik\u010di\u0173 \u0161alinimas<\/h2>\n<p>Svirties cilindr\u0105 reikia reguliariai tikrinti ir atlikti profilaktin\u0119 prie\u017ei\u016br\u0105, kad b\u016bt\u0173 u\u017etikrintas saugus ir efektyvus veikimas. Da\u017enos problemos, kurios gali kilti, yra nuot\u0117kis, ne\u012fprastas triuk\u0161mas ir cilindro poslinkis. Nor\u0117dami pa\u0161alinti \u0161ias problemas, vadovaukit\u0117s gamintojo nurodymais, kurie gali apimti hidraulin\u0117s sistemos patikrinim\u0105, pa\u017eeist\u0173 sandarikli\u0173 keitim\u0105 arba cilindro remont\u0105. Siekiant i\u0161vengti galim\u0173 problem\u0173, reikia reguliariai atlikti technin\u0119 prie\u017ei\u016br\u0105 ir ap\u017ei\u016bras.<\/p>\n<p><img decoding=\"async\" src=\"https:\/\/www.hydraulic-cylinders.net\/wp-content\/uploads\/2025\/01\/songte-chushion-collar.webp\" alt=\"Pagalv\u0117l\u0117s apykakl\u0117\" \/><\/p>\n<h2>\u012erengimo gair\u0117s<\/h2>\n<p>Svirties cilindr\u0105 turi sumontuoti kvalifikuotas technikas pagal gamintojo nurodymus. Montavimo metu u\u017etikrinkite tinkam\u0105 cilindro sulygiavim\u0105, sandarum\u0105 ir sutepim\u0105. Prie\u0161 montavim\u0105 hidraulin\u0119 sistem\u0105 reikia praplauti, kad b\u016bt\u0173 pa\u0161alintos visos \u0161iuk\u0161l\u0117s ar ter\u0161alai. Po montavimo atlikite cilindro vizualin\u0119 ir funkcin\u0119 ap\u017ei\u016br\u0105, kad \u012fsitikintum\u0117te, jog jis veikia tinkamai.<\/p>\n<h2>Apie mus<\/h2>\n<p>Esame profesionalus pakaitini\u0173 hidraulini\u0173 cilindr\u0173 gamintojas, si\u016blantis plat\u0173 gamini\u0173 asortiment\u0105, tap\u0119s vienu i\u0161 pirmaujan\u010di\u0173 hidraulini\u0173 cilindr\u0173 gamintoj\u0173 ir didmeninink\u0173 vidaus ir tarptautin\u0117se rinkose. Visada laikom\u0117s puikios kokyb\u0117s principo, remdamiesi i\u0161tobulint\u0173 gamybos cech\u0173 pramonin\u0117s gamybos valdymo strategija, nuolat tobulindami savo technologijas ir gamybos efektyvum\u0105.<\/p>\n<p>Diegiant auk\u0161\u010diausios klas\u0117s skaitmenin\u0119 gamybos \u012frang\u0105 ir profesionalias testavimo sistemas, mes nuolat optimizuojame savo gamybos platform\u0105, tobuliname gamini\u0173 kokyb\u0117s kontrol\u0117s proces\u0105 ir pasi\u017eymime stipriomis inovacij\u0173 galimyb\u0117mis. M\u016bs\u0173 tikslas \u2013 patenkinti \u012fvairius klient\u0173 poreikius, pagr\u012fstus dideliu efektyvumu, tikslumu ir auk\u0161tos kokyb\u0117s produktais.<\/p>\n<p>Savo klientams teikiame profesionalias paslaugas, tarptautinius sertifikatus, individualiai pritaikytas paslaugas, gamybos \u012frang\u0105 ir garantin\u012f aptarnavim\u0105.<\/p>\n<p><img decoding=\"async\" src=\"https:\/\/www.hydraulic-cylinders.net\/wp-content\/uploads\/2025\/01\/songte-company-4.webp\" alt=\"\u012emon\u0117s paveiksl\u0117lis 1\" \/><\/p>\n<p><img decoding=\"async\" src=\"https:\/\/www.hydraulic-cylinders.net\/wp-content\/uploads\/2025\/01\/songte-company-3.webp\" alt=\"\u012emon\u0117s paveiksl\u0117lis 2\" \/><\/p>\n<p>Autorius: lyl.<\/p>","protected":false},"excerpt":{"rendered":"<p>Arm Cylinder For Sumitomo Small Excavator SH80-6 Introduction Defining Arm Cylinder An arm cylinder is a hydraulic cylinder specially designed to provide linear motion and power to various types of machinery arms such as excavators, cranes, and robotic arms. Arm cylinders play a crucial role in hydraulic systems, enabling effective movement and control of attachments [&hellip;]<\/p>","protected":false},"featured_media":14774,"comment_status":"open","ping_status":"closed","template":"","meta":{"_et_pb_use_builder":"","_et_pb_old_content":"","_et_gb_content_width":""},"product_brand":[],"product_cat":[1497],"product_tag":[1498,1496],"class_list":{"0":"post-16097","1":"product","2":"type-product","3":"status-publish","4":"has-post-thumbnail","6":"product_cat-arm-cylinders","7":"product_tag-arm-cylinders","8":"product_tag-hydraulic-cylinders","10":"first","11":"instock","12":"shipping-taxable","13":"product-type-simple"},"amp_enabled":true,"_links":{"self":[{"href":"https:\/\/www.hydraulic-cylinders.net\/lt\/wp-json\/wp\/v2\/product\/16097","targetHints":{"allow":["GET"]}}],"collection":[{"href":"https:\/\/www.hydraulic-cylinders.net\/lt\/wp-json\/wp\/v2\/product"}],"about":[{"href":"https:\/\/www.hydraulic-cylinders.net\/lt\/wp-json\/wp\/v2\/types\/product"}],"replies":[{"embeddable":true,"href":"https:\/\/www.hydraulic-cylinders.net\/lt\/wp-json\/wp\/v2\/comments?post=16097"}],"wp:featuredmedia":[{"embeddable":true,"href":"https:\/\/www.hydraulic-cylinders.net\/lt\/wp-json\/wp\/v2\/media\/14774"}],"wp:attachment":[{"href":"https:\/\/www.hydraulic-cylinders.net\/lt\/wp-json\/wp\/v2\/media?parent=16097"}],"wp:term":[{"taxonomy":"product_brand","embeddable":true,"href":"https:\/\/www.hydraulic-cylinders.net\/lt\/wp-json\/wp\/v2\/product_brand?post=16097"},{"taxonomy":"product_cat","embeddable":true,"href":"https:\/\/www.hydraulic-cylinders.net\/lt\/wp-json\/wp\/v2\/product_cat?post=16097"},{"taxonomy":"product_tag","embeddable":true,"href":"https:\/\/www.hydraulic-cylinders.net\/lt\/wp-json\/wp\/v2\/product_tag?post=16097"}],"curies":[{"name":"wp","href":"https:\/\/api.w.org\/{rel}","templated":true}]}}