{"id":1610,"date":"2023-10-08T02:03:41","date_gmt":"2023-10-08T02:03:41","guid":{"rendered":"https:\/\/hydraulic-cylinders.net\/?post_type=product&#038;p=1610"},"modified":"2025-04-11T03:36:15","modified_gmt":"2025-04-11T03:36:15","slug":"mining-dump-truck-steering-cylinder","status":"publish","type":"product","link":"https:\/\/www.hydraulic-cylinders.net\/lt\/produktas\/mining-dump-truck-steering-cylinder\/","title":{"rendered":"Kasybos savivar\u010dio vairo cilindras"},"content":{"rendered":"<h1 style=\"text-align: center;\"><strong>Kasybos savivar\u010dio vairo cilindras<\/strong><\/h1>\n<p><img loading=\"lazy\" decoding=\"async\" class=\"aligncenter wp-image-1611\" src=\"https:\/\/hydraulic-cylinders.net\/wp-content\/uploads\/2023\/10\/steering-cylinder-1-2-300x300.webp\" alt=\"\" width=\"400\" height=\"400\" \/><\/p>\n<p>Kasybos savivar\u010dio vairo cilindras yra labai svarbus komponentas, specialiai sukurtas kasybos savivar\u010diams. \u0160is hidraulinis cilindras atlieka gyvybi\u0161kai svarb\u0173 vaidmen\u012f vairuojant transporto priemon\u0119, u\u017etikrinant tiksl\u0173 valdym\u0105 ir manevringum\u0105 sud\u0117tingomis kasybos aik\u0161teli\u0173 s\u0105lygomis.<\/p>\n<p>Kasybos savivar\u010dio vairo cilindras yra esminis komponentas, kuris labai prisideda prie kasybos savivar\u010di\u0173 valdymo, manevringumo ir saugumo. D\u0117l tvirtos konstrukcijos, patobulinto vairavimo valdymo ir optimalaus manevringumo \u0161is hidraulinis cilindras suteikia operatoriams galimyb\u0119 lengvai ir tiksliai naviguoti kasybos aik\u0161tel\u0117se. Laikydamiesi tinkam\u0173 naudojimo metod\u0173 ir rekomenduojamos prie\u017ei\u016bros praktikos, operatoriai gali u\u017etikrinti kasybos savivar\u010dio vairo cilindro ilgaam\u017ei\u0161kum\u0105 ir patikim\u0105 veikim\u0105. Pasirinkite \u0161\u012f didelio na\u0161umo cilindr\u0105, kad pagerintum\u0117te savo kasybos savivar\u010dio vairavimo galimybes ir optimizuotum\u0117te kasybos operacijas.<\/p>\n<p>Kasybos savivar\u010dio vairo cilindro pagrindin\u0117s charakteristikos:<\/p>\n<ol>\n<li>Tvirta konstrukcija:<\/li>\n<\/ol>\n<ul>\n<li>Kasybos savivar\u010dio vairo cilindras pasi\u017eymi tvirta konstrukcija, kurioje naudojamos auk\u0161tos kokyb\u0117s med\u017eiagos ir tiksli in\u017einerija.<\/li>\n<li>Jis sukurtas taip, kad atlaikyt\u0173 grie\u017etus kasybos aplinkos reikalavimus, u\u017etikrindamas patvarum\u0105 ir ilgaam\u017ei\u0161kum\u0105.<\/li>\n<\/ul>\n<ol start=\"2\">\n<li>Patobulinta vairavimo kontrol\u0117:<\/li>\n<\/ol>\n<ul>\n<li>\u0160is hidraulinis cilindras u\u017etikrina i\u0161skirtin\u012f vairavimo valdym\u0105, leid\u017eiant\u012f operatoriams tiksliai ir lengvai manevruoti kasybos savivar\u010dius.<\/li>\n<li>Jis u\u017etikrina reikiam\u0105 j\u0117g\u0105 ir reagavim\u0105, kad b\u016bt\u0173 galima va\u017eiuoti \u012fvairiu reljefu ir sunkiais kroviniais, u\u017etikrinant skland\u0173 ir tiksl\u0173 vairavim\u0105.<\/li>\n<\/ul>\n<ol start=\"3\">\n<li>Optimalus manevringumas:<\/li>\n<\/ol>\n<ul>\n<li>Kasybos savivar\u010dio vairo cilindras u\u017etikrina vikr\u0173 ir efektyv\u0173 manevringum\u0105, optimizuodamas transporto priemon\u0117s geb\u0117jim\u0105 \u012fveikti staigius pos\u016bkius ir ank\u0161tas erdves.<\/li>\n<li>Tai suteikia operatoriams galimyb\u0119 i\u0161laikyti kontrol\u0119 ir maksimaliai padidinti na\u0161um\u0105 sud\u0117tingomis kasybos s\u0105lygomis.<\/li>\n<\/ul>\n<h2><strong>Kasybos savivar\u010dio vairo cilindro parametras:<\/strong><\/h2>\n<table border=\"1\" cellspacing=\"0\" cellpadding=\"0\">\n<tbody>\n<tr>\n<td>Produkto pavadinimas<\/td>\n<td>Kasybos savivar\u010dio vairo cilindras<\/td>\n<\/tr>\n<tr>\n<td>Savyb\u0117s:<\/td>\n<td>Vairo mechanizmai suteikia pagalb\u0105<\/td>\n<\/tr>\n<tr>\n<td>Skyl\u0117s skersmuo:<\/td>\n<td>63 mm ~ 210 mm<\/td>\n<\/tr>\n<tr>\n<td>Strypo skersmuo:<\/td>\n<td>40 mm ~ 100 mm<br \/>\nEiga \u22642000 mm<\/td>\n<\/tr>\n<tr>\n<td>Traukos j\u0117ga:<\/td>\n<td>Maksimaliai 779 kN<br \/>\n(Skersmuo 210 mm \/ sl\u0117gis 22,5 MPa)<\/td>\n<\/tr>\n<tr>\n<td>Vairo cilindro pritaikymas:<\/td>\n<td>Kasybos savivartis<\/td>\n<\/tr>\n<\/tbody>\n<\/table>\n<h2><strong>Kasybos savivar\u010dio cilindro identifikavimo schema:<\/strong><\/h2>\n<p><img loading=\"lazy\" decoding=\"async\" class=\"alignnone wp-image-1594 size-full\" src=\"https:\/\/hydraulic-cylinders.net\/wp-content\/uploads\/2023\/10\/mining-dump-truck-cylinder.webp\" alt=\"\" width=\"1418\" height=\"946\" srcset=\"https:\/\/hydraulic-cylinders.net\/wp-content\/uploads\/2023\/10\/mining-dump-truck-cylinder.webp 1418w, https:\/\/hydraulic-cylinders.net\/wp-content\/uploads\/2023\/10\/mining-dump-truck-cylinder-1280x854.webp 1280w, https:\/\/hydraulic-cylinders.net\/wp-content\/uploads\/2023\/10\/mining-dump-truck-cylinder-980x654.webp 980w, https:\/\/hydraulic-cylinders.net\/wp-content\/uploads\/2023\/10\/mining-dump-truck-cylinder-480x320.webp 480w\" sizes=\"(min-width: 0px) and (max-width: 480px) 480px, (min-width: 481px) and (max-width: 980px) 980px, (min-width: 981px) and (max-width: 1280px) 1280px, (min-width: 1281px) 1418px, 100vw\" \/><\/p>\n<h2><strong>Savivar\u010dio vairo cilindro naudojimo b\u016bdas<\/strong><strong>:<\/strong><\/h2>\n<ol>\n<li><strong>Integracija su vairavimo sistema:<\/strong><\/li>\n<\/ol>\n<ul>\n<li>Kasybos savivar\u010dio vairo cilindras yra integruotas \u012f savivar\u010dio vairo sistem\u0105.<\/li>\n<li>Jis sujungtas su vairo trauke ir vairuotojo vairavimo \u012fvest\u012f paver\u010dia \u0161oniniu rat\u0173 jud\u0117jimu.<\/li>\n<\/ul>\n<ol start=\"2\">\n<li><strong>Hidraulinis maitinimo \u0161altinis:<\/strong><\/li>\n<\/ol>\n<ul>\n<li>Cilindras efektyviai veikia tik hidrauliniu sl\u0117giu.<\/li>\n<li>Jis prijungtas prie hidraulinio maitinimo \u0161altinio, pavyzd\u017eiui, hidraulinio siurblio, kuris sukuria reikiam\u0105 sl\u0117g\u012f cilindrui valdyti.<\/li>\n<\/ul>\n<ol start=\"3\">\n<li><strong>Vairo valdymas:<\/strong><\/li>\n<\/ol>\n<ul>\n<li>Operatoriai kontroliuoja kasybos savivar\u010dio vairavim\u0105 per vair\u0105 kabinoje.<\/li>\n<li>Vairo judesys perduodamas \u012f kasybos savivar\u010dio vairo cilindr\u0105, tod\u0117l vairas juda tiksliai.<\/li>\n<\/ul>\n<h2><strong>Kaip praplauti hidraulin\u0119 sistem\u0105?<\/strong><\/h2>\n<p>Hidraulin\u0117s sistemos praplovimas yra svarbi prie\u017ei\u016bros proced\u016bra, padedanti pa\u0161alinti ter\u0161alus, sen\u0105 skyst\u012f ir \u0161iuk\u0161les i\u0161 sistemos, u\u017etikrinant optimal\u0173 na\u0161um\u0105 ir ilgaam\u017ei\u0161kum\u0105. \u0160tai nuoseklus vadovas, kaip praplauti hidraulin\u0119 sistem\u0105:<\/p>\n<ol>\n<li><strong>Paruo\u0161imas:<\/strong><\/li>\n<\/ol>\n<ul>\n<li>Per\u017ei\u016br\u0117kite gamintojo rekomendacijas ir gaires, kaip praplauti hidraulin\u0119 sistem\u0105. \u012esitikinkite, kad turite tinkamus \u012frankius, saugos \u012frang\u0105 ir pakaitin\u012f hidraulin\u012f skyst\u012f.<\/li>\n<li>\u012erang\u0105 pastatykite gerai v\u0117dinamoje vietoje ir \u012fjunkite visas saugos priemones, pvz., i\u0161junkite varikl\u012f ir i\u0161leiskite sl\u0117g\u012f sistemoje.<\/li>\n<\/ul>\n<ol start=\"2\">\n<li><strong>I\u0161leiskite vanden\u012f i\u0161 sistemos:<\/strong><\/li>\n<\/ol>\n<ul>\n<li>Suraskite i\u0161leidimo kam\u0161\u010dius arba vo\u017etuvus ant hidraulinio rezervuaro arba atskir\u0173 sistemos komponent\u0173, toki\u0173 kaip cilindrai arba valdymo vo\u017etuvai.<\/li>\n<li>Po i\u0161leidimo anga pad\u0117kite tinkam\u0105 ind\u0105 senam hidrauliniam skys\u010diui surinkti.<\/li>\n<\/ul>\n<ol start=\"3\">\n<li><strong>Atviri drena\u017eo ta\u0161kai:<\/strong><\/li>\n<\/ol>\n<ul>\n<li>Atsargiai atidarykite i\u0161leidimo kam\u0161\u010dius arba vo\u017etuvus, naudodami tinkamus \u012frankius, kad senas hidraulinis skystis gal\u0117t\u0173 visi\u0161kai i\u0161tek\u0117ti.<\/li>\n<li>\u012esitikinkite, kad visi i\u0161leidimo ta\u0161kai yra atidaryti, kad sistema b\u016bt\u0173 kruop\u0161\u010diai praplaunama.<\/li>\n<\/ul>\n<ol start=\"4\">\n<li><strong>Praplauti skys\u010diu:<\/strong><\/li>\n<\/ol>\n<ul>\n<li>U\u017edarykite i\u0161leidimo angas ir pripildykite hidraulin\u012f rezervuar\u0105 tinkamu, gamintojo rekomenduojamu praplovimo skys\u010diu.<\/li>\n<li>U\u017eveskite \u012frangos varikl\u012f ir \u012fjunkite hidraulin\u0119 sistem\u0105, kad cirkuliuot\u0173 praplovimo skystis.<\/li>\n<li>Valdykite hidraulines funkcijas, pvz., pried\u0173 k\u0117lim\u0105 ir nuleidim\u0105 arba cilindr\u0173 aktyvavim\u0105, kad skalavimo skystis pasiekt\u0173 visus komponentus.<\/li>\n<\/ul>\n<ol start=\"5\">\n<li><strong>Sistemos veikimas:<\/strong><\/li>\n<\/ol>\n<ul>\n<li>Paleiskite hidraulin\u0119 sistem\u0105 pakankamai ilgai, laikydamiesi gamintojo nurodym\u0173 arba rekomendacij\u0173 d\u0117l praplovimo trukm\u0117s.<\/li>\n<li>Kelis kartus \u012fjunkite visas hidraulines funkcijas, kad skalavimo skystis pasiekt\u0173 visas sistemos dalis.<\/li>\n<li>Eksploatacijos metu steb\u0117kite skalavimo skyst\u012f, ar n\u0117ra u\u017eter\u0161imo ar \u0161iuk\u0161li\u0173 po\u017eymi\u0173.<\/li>\n<\/ul>\n<ol start=\"6\">\n<li><strong>Nusausinkite ir pakartokite:<\/strong><\/li>\n<\/ol>\n<ul>\n<li>Baigus skalavimo proces\u0105, v\u0117l atidarykite i\u0161leidimo angas, kad skalavimo skystis gal\u0117t\u0173 i\u0161tek\u0117ti.<\/li>\n<li>Surinkite panaudot\u0105 skalavimo skyst\u012f ir tinkamai j\u012f utilizuokite pagal vietinius reikalavimus.<\/li>\n<li>Jei reikia arba jei senas skystis ir ter\u0161alai nepakankamai pa\u0161alinti, pakartokite praplovimo proces\u0105.<\/li>\n<\/ul>\n<ol start=\"7\">\n<li><strong>Papildymas nauju skys\u010diu:<\/strong><\/li>\n<\/ol>\n<ul>\n<li>U\u017edarykite visus i\u0161leidimo ta\u0161kus ir pripildykite hidraulin\u0119 sistem\u0105 \u0161vie\u017eiu, rekomenduojamu hidrauliniu skys\u010diu.<\/li>\n<li>\u012esitikinkite, kad skys\u010dio lygis yra tinkamas ir atitinka gamintojo specifikacijas.<\/li>\n<\/ul>\n<ol start=\"8\">\n<li><strong>Sistemos testavimas:<\/strong><\/li>\n<\/ol>\n<ul>\n<li>U\u017eveskite \u012frangos varikl\u012f ir \u012fjunkite hidraulin\u0119 sistem\u0105.<\/li>\n<li>Patikrinkite hidraulines funkcijas, kad \u012fsitikintum\u0117te, jog jos veikia tinkamai, ir patikrinkite, ar n\u0117ra skys\u010di\u0173 nuot\u0117kio ar kit\u0173 anomalij\u0173 po\u017eymi\u0173.<\/li>\n<li>Steb\u0117kite sistem\u0105 veikimo metu ir spr\u0119skite visas galimas problemas.<\/li>\n<\/ul>\n<h2><strong>Gamyklos paj\u0117gumai ir talpa:<\/strong><\/h2>\n<h3>(1) Surinkimas<\/h3>\n<p>Turime pirmos klas\u0117s nepriklausom\u0105 tyrim\u0173 ir pl\u0117tros surinkimo platform\u0105. Hidraulini\u0173 cilindr\u0173 gamybos ceche yra keturios pusiau automatin\u0117s k\u0117limo cilindr\u0173 surinkimo linijos ir viena automatin\u0117 pakreipimo cilindr\u0173 surinkimo linija, kuri\u0173 projektinis metinis gamybos paj\u0117gumas yra 1 milijonas vienet\u0173. Speciali\u0173j\u0173 cilindr\u0173 ceche \u012frengta \u012fvairi\u0173 specifikacij\u0173 pusiau automatin\u0117 valymo surinkimo sistema, kurios projektinis metinis gamybos paj\u0117gumas yra 200 000 vienet\u0173, ir garsi CNC apdirbimo \u012franga, apdirbimo centras, didelio tikslumo cilindr\u0173 apdirbimo speciali \u012franga, robotinis suvirinimo aparatas, automatinis valymo aparatas, automatinis cilindr\u0173 surinkimo aparatas ir automatin\u0117 da\u017eymo gamybos linija. Esama daugiau nei 300 rinkini\u0173 (komplekt\u0173) kritin\u0117 \u012franga. Optimalus \u012frangos i\u0161tekli\u0173 paskirstymas ir efektyvus naudojimas u\u017etikrina gamini\u0173 tikslumo reikalavimus ir auk\u0161tus gamini\u0173 kokyb\u0117s poreikius.<\/p>\n<p><img loading=\"lazy\" decoding=\"async\" class=\"alignnone wp-image-626\" src=\"https:\/\/hydraulic-cylinders.net\/wp-content\/uploads\/2023\/08\/hydraulic-cylinder-product-1-300x158.webp\" alt=\"\" width=\"495\" height=\"260\" srcset=\"https:\/\/hydraulic-cylinders.net\/wp-content\/uploads\/2023\/08\/hydraulic-cylinder-product-1-300x158.webp 495w, https:\/\/hydraulic-cylinders.net\/wp-content\/uploads\/2023\/08\/hydraulic-cylinder-product-1-480x252.webp 480w\" sizes=\"(min-width: 0px) and (max-width: 480px) 480px, (min-width: 481px) 495px, 100vw\" \/> <img loading=\"lazy\" decoding=\"async\" class=\"alignnone wp-image-627\" src=\"https:\/\/hydraulic-cylinders.net\/wp-content\/uploads\/2023\/08\/hydraulic-cylinder-product-2-300x189.webp\" alt=\"\" width=\"413\" height=\"260\" \/><\/p>\n<h3>(2) Apdirbimas<\/h3>\n<p>Mechaninio apdirbimo ceche \u012frengtas pritaikytas nuo\u017eulnaus b\u0117gio tekinimo centras, apdirbimo centras, greitaeigis galandimo stakl\u0117s, suvirinimo robotas ir kita susijusi \u012franga, galinti apdirbti cilindrinius vamzd\u017eius, kuri\u0173 maksimalus vidinis skersmuo yra 400 mm, o maksimalus ilgis \u2013 6 metrai.<\/p>\n<p><img loading=\"lazy\" decoding=\"async\" class=\"alignnone wp-image-628 size-large\" src=\"https:\/\/hydraulic-cylinders.net\/wp-content\/uploads\/2023\/08\/hydraulic-cylinder-product-3-1024x391.webp\" alt=\"\" width=\"1024\" height=\"391\" srcset=\"https:\/\/hydraulic-cylinders.net\/wp-content\/uploads\/2023\/08\/hydraulic-cylinder-product-3-980x374.webp 980w, https:\/\/hydraulic-cylinders.net\/wp-content\/uploads\/2023\/08\/hydraulic-cylinder-product-3-480x183.webp 480w\" sizes=\"(min-width: 0px) and (max-width: 480px) 480px, (min-width: 481px) and (max-width: 980px) 980px, (min-width: 981px) 1024px, 100vw\" \/><\/p>\n<h3>(3) Suvirinimas<\/h3>\n<p><img loading=\"lazy\" decoding=\"async\" class=\"alignnone wp-image-629 size-large\" src=\"https:\/\/hydraulic-cylinders.net\/wp-content\/uploads\/2023\/08\/hydraulic-cylinder-product-4-1024x510.webp\" alt=\"\" width=\"1024\" height=\"510\" srcset=\"https:\/\/hydraulic-cylinders.net\/wp-content\/uploads\/2023\/08\/hydraulic-cylinder-product-4-980x488.webp 980w, https:\/\/hydraulic-cylinders.net\/wp-content\/uploads\/2023\/08\/hydraulic-cylinder-product-4-480x239.webp 480w\" sizes=\"(min-width: 0px) and (max-width: 480px) 480px, (min-width: 481px) and (max-width: 980px) 980px, (min-width: 981px) 1024px, 100vw\" \/><\/p>\n<h3>(4) Da\u017eymas ir dengimas<\/h3>\n<p>Su ma\u017eomis ir vidutinio dyd\u017eio cilindrin\u0117mis automatin\u0117mis vandens pagrindo da\u017e\u0173 dengimo linijomis, siekiant automatinio robot\u0173 pakrovimo ir i\u0161krovimo bei automatinio pur\u0161kimo, projektinis paj\u0117gumas yra 4000 vienet\u0173 per pamain\u0105;<br \/>\nTaip pat turime pusiau automatin\u0119 dideli\u0173 cilindr\u0173 da\u017e\u0173 gamybos linij\u0105, varom\u0105 grandin\u0117s, kurios projektinis na\u0161umas yra 60 d\u0117\u017ei\u0173 per pamain\u0105.<\/p>\n<p><img loading=\"lazy\" decoding=\"async\" class=\"alignnone wp-image-630\" src=\"https:\/\/hydraulic-cylinders.net\/wp-content\/uploads\/2023\/08\/hydraulic-cylinder-product-5-300x213.webp\" alt=\"\" width=\"366\" height=\"260\" \/> <img loading=\"lazy\" decoding=\"async\" class=\"alignnone wp-image-631\" src=\"https:\/\/hydraulic-cylinders.net\/wp-content\/uploads\/2023\/08\/hydraulic-cylinder-product-6-300x225.webp\" alt=\"\" width=\"347\" height=\"260\" \/><\/p>\n<h3>(5) Testavimas<\/h3>\n<p>Turime auk\u0161\u010diausios klas\u0117s patikros patalpas ir bandym\u0173 stendus, kad u\u017etikrintume, jog baliono veikimas atitinka reikalavimus.<\/p>\n<p><img loading=\"lazy\" decoding=\"async\" class=\"alignnone wp-image-632\" src=\"https:\/\/hydraulic-cylinders.net\/wp-content\/uploads\/2023\/08\/hydraulic-cylinder-product-8-300x200.webp\" alt=\"\" width=\"389\" height=\"260\" \/><\/p>\n<p>&nbsp;<\/p>\n<p>&nbsp;<\/p>\n<p>Esame vienas geriausi\u0173 hidraulini\u0173 cilindr\u0173 gamintoj\u0173. Galime pasi\u016blyti i\u0161samius hidraulinius cilindrus. Taip pat teikiame atitinkamus <a href=\"https:\/\/hzpt.com\/agricultural-pto-gearbox\/\" target=\"_blank\" rel=\"noopener\">\u017eem\u0117s \u016bkio pavar\u0173 d\u0117\u017e\u0117s<\/a>Mes eksportuojame savo gaminius klientams visame pasaulyje ir peln\u0117me ger\u0105 reputacij\u0105 d\u0117l auk\u0161\u010diausios gamini\u0173 kokyb\u0117s ir aptarnavimo po pardavimo. Mes laukiame klient\u0173 \u0161alyje ir u\u017esienyje, norin\u010di\u0173 susisiekti su mumis der\u0117tis d\u0117l verslo, keistis informacija ir... <a href=\"https:\/\/www.hydraulic-cylinders.net\/lt\/contact-us\/\">bendradarbiauti su mumis<\/a>!<\/p>","protected":false},"excerpt":{"rendered":"<p>Mining Dump Truck Steering Cylinder The mining dump truck steering cylinder is a crucial component designed specifically for mining dump trucks. This hydraulic cylinder plays a vital role in steering the vehicle, providing precise control and maneuverability in the challenging conditions of mining sites. The mining dump truck steering cylinder is an essential component that [&hellip;]<\/p>","protected":false},"featured_media":1612,"comment_status":"open","ping_status":"closed","template":"","meta":{"_et_pb_use_builder":"","_et_pb_old_content":"","_et_gb_content_width":""},"product_brand":[],"product_cat":[1550,1517,1532,1376],"product_tag":[1380],"class_list":{"0":"post-1610","1":"product","2":"type-product","3":"status-publish","4":"has-post-thumbnail","6":"product_cat-double-acting-hydraulic-cylinder","7":"product_cat-dump-truck-hydraulic-cylinders","8":"product_cat-mining-dump-truck-hydraulic-cylinders","9":"product_cat-hydraulic-cylinder","10":"product_tag-hydraulic-cylinder","12":"first","13":"instock","14":"shipping-taxable","15":"product-type-simple"},"amp_enabled":true,"_links":{"self":[{"href":"https:\/\/www.hydraulic-cylinders.net\/lt\/wp-json\/wp\/v2\/product\/1610","targetHints":{"allow":["GET"]}}],"collection":[{"href":"https:\/\/www.hydraulic-cylinders.net\/lt\/wp-json\/wp\/v2\/product"}],"about":[{"href":"https:\/\/www.hydraulic-cylinders.net\/lt\/wp-json\/wp\/v2\/types\/product"}],"replies":[{"embeddable":true,"href":"https:\/\/www.hydraulic-cylinders.net\/lt\/wp-json\/wp\/v2\/comments?post=1610"}],"wp:featuredmedia":[{"embeddable":true,"href":"https:\/\/www.hydraulic-cylinders.net\/lt\/wp-json\/wp\/v2\/media\/1612"}],"wp:attachment":[{"href":"https:\/\/www.hydraulic-cylinders.net\/lt\/wp-json\/wp\/v2\/media?parent=1610"}],"wp:term":[{"taxonomy":"product_brand","embeddable":true,"href":"https:\/\/www.hydraulic-cylinders.net\/lt\/wp-json\/wp\/v2\/product_brand?post=1610"},{"taxonomy":"product_cat","embeddable":true,"href":"https:\/\/www.hydraulic-cylinders.net\/lt\/wp-json\/wp\/v2\/product_cat?post=1610"},{"taxonomy":"product_tag","embeddable":true,"href":"https:\/\/www.hydraulic-cylinders.net\/lt\/wp-json\/wp\/v2\/product_tag?post=1610"}],"curies":[{"name":"wp","href":"https:\/\/api.w.org\/{rel}","templated":true}]}}