{"id":16100,"date":"2025-01-20T08:28:44","date_gmt":"2025-01-20T08:28:44","guid":{"rendered":"https:\/\/www.hydraulic-cylinders.net\/product\/arm-cylinderfor-sumitomo-middle-excavator-sh200a1a2a3\/"},"modified":"2025-01-20T08:28:46","modified_gmt":"2025-01-20T08:28:46","slug":"arm-cylinderfor-sumitomo-middle-excavator-sh200a1a2a3","status":"publish","type":"product","link":"https:\/\/www.hydraulic-cylinders.net\/lt\/produktas\/arm-cylinderfor-sumitomo-middle-excavator-sh200a1a2a3\/","title":{"rendered":"Sumitomo vidutinio dyd\u017eio ekskavatoriaus SH200A1A2A3 rankenos cilindras"},"content":{"rendered":"<p>Sumitomo vidutinio ekskavatoriaus SH200A1A2A3 rankenos cilindras<\/p>\n<p>Svirtiniai cilindrai yra hidrauliniai cilindrai, specialiai sukurti tam, kad u\u017etikrint\u0173 tiesin\u012f jud\u0117jim\u0105 ir gali\u0105 \u012fvairi\u0173 tip\u0173 ma\u0161in\u0173, toki\u0173 kaip ekskavatoriai, kranai ir mechanin\u0117s svirtys, svirtims. \u0160ie cilindrai atlieka pagrindin\u012f vaidmen\u012f hidraulin\u0117se sistemose, nes leid\u017eia efektyviai jud\u0117ti ir valdyti papildomus \u012frankius ar priedus. Jie ne tik u\u017etikrina skland\u0173 jud\u0117jim\u0105, bet ir atlaiko dideles apkrovas, u\u017etikrindami efektyv\u0173 ma\u0161in\u0173 veikim\u0105 ir patikimum\u0105 \u012fvairiomis eksploatavimo s\u0105lygomis.<\/p>\n<p><img decoding=\"async\" src=\"https:\/\/www.hydraulic-cylinders.net\/wp-content\/uploads\/2025\/01\/songte-company-2.webp\" alt=\"Svirties cilindras\" \/><\/p>\n<p>Savyb\u0117s:<br \/>\n\u2013 Didelio efektyvumo transmisija: Svirties cilindras u\u017etikrina galing\u0105 tiesin\u012f judes\u012f ir j\u0117g\u0105, u\u017etikrindamas didel\u012f mechanini\u0173 svir\u010di\u0173 efektyvum\u0105 \u012fvairi\u0173 operacij\u0173 metu.<br \/>\n\u2013 Tikslus valdymas: Svirties cilindras gali tiksliai valdyti judes\u012f per hidraulin\u0119 sistem\u0105, tod\u0117l \u012franki\u0173 valdymas tampa lankstesnis ir tikslesnis.<br \/>\n\u2013 Didelis patvarumas: Svirties cilindras paprastai pagamintas i\u0161 didelio stiprumo med\u017eiag\u0173, pasi\u017eymin\u010di\u0173 geru atsparumu dilimui ir korozijai, tod\u0117l tinkamas ilgalaikiam naudojimui at\u0161iauriomis s\u0105lygomis.<br \/>\n\u2013 Daugiafunkcis pritaikomumas: \u0161ie cilindrai gali b\u016bti pla\u010diai naudojami \u012fvairi\u0173 tip\u0173 ma\u0161inose, tokiose kaip ekskavatoriai, kranai ir mechanin\u0117s svirtys, kad b\u016bt\u0173 pritaikyti prie skirting\u0173 darbo reikalavim\u0173.<br \/>\n\u2013 Lengva prie\u017ei\u016bra: konstrukcija skirta lengvam prie\u017ei\u016bros ir keitimo procesui, tod\u0117l reguliari ap\u017ei\u016bra ir technin\u0117 prie\u017ei\u016bra yra patogesni, o \u012frangos prastovos laikas sutrump\u0117ja.<\/p>\n<p>M\u016bs\u0173 gaminys gali puikiai pakeisti \u0161iuos hidraulinius cilindrus. <\/p>\n<p><img decoding=\"async\" src=\"https:\/\/www.hydraulic-cylinders.net\/wp-content\/uploads\/2025\/01\/songte-oil-pipes-and-spare-parts.webp\" alt=\"Naftos vamzd\u017eiai ir atsargin\u0117s dalys\" \/><\/p>\n<p>Parai\u0161kos:<br \/>\n\u2013 Statyb\u0173 in\u017einerija: ekskavatoriuose ir kranuose str\u0117li\u0173 cilindrai naudojami kau\u0161\u0173 arba str\u0117li\u0173 jud\u0117jimui valdyti atliekant \u017eem\u0117s darbus, med\u017eiag\u0173 tvarkym\u0105 ir konstrukcij\u0173 montavim\u0105.<br \/>\n\u2013 Gamybos pramon\u0117: automatizuotose gamybos linijose svir\u010di\u0173 cilindrai naudojami mechanin\u0117ms svirtims judinti surinkimo, suvirinimo ir tvarkymo procesuose, taip pagerinant gamybos efektyvum\u0105 ir tikslum\u0105.<br \/>\n\u2013 \u017dem\u0117s \u016bkio technika: \u017dem\u0117s \u016bkio technikoje, pavyzd\u017eiui, derliaus nu\u0117mimo ir s\u0117jamosiose, svir\u010di\u0173 cilindrai valdo valdymo svir\u010di\u0173 jud\u0117jim\u0105, kad b\u016bt\u0173 galima atlikti tokias u\u017eduotis kaip sodinimas, tr\u0119\u0161imas ir derliaus nu\u0117mimas.<br \/>\n\u2013 Kasyba: Kasybos \u012frangoje svir\u010di\u0173 cilindrai naudojami kasybos \u012frangos svir\u010di\u0173 jud\u0117jimui valdyti, siekiant i\u0161gauti ir transportuoti r\u016bd\u0105.<br \/>\n\u2013 Logistika ir transportavimas: \u0160akiniuose krautuvuose ir krovini\u0173 krovimo robotuose str\u0117li\u0173 cilindrai naudojami \u0161aki\u0173 k\u0117limui ir jud\u0117jimui valdyti, taip u\u017etikrinant med\u017eiag\u0173 tvarkym\u0105 ir krovim\u0105.<\/p>\n<p>Projektavimo aspektai ir atrankos kriterijai:<br \/>\n\u2013 Keliamoji galia: Svirties cilindro keliamoji galia turi b\u016bti pakankama, kad b\u016bt\u0173 u\u017etikrintas saugus ma\u0161in\u0173 veikimas \u012fvairiomis darbo s\u0105lygomis.<br \/>\n\u2013 Sandarinimas: Naudojamos \u012fvairios sandarinimo dalys, tokios kaip st\u016bmokli\u0173 ir kot\u0173 sandarikliai, ir parenkamos atsparios dilimui med\u017eiagos, tokios kaip poliuretanas ir nitrilo kau\u010diukas. Kruop\u0161tus cilindro korpuso ir sriegio galo pavir\u0161iaus apdirbimas pagerina atsparum\u0105 dilimui.<br \/>\n\u2013 Patvarumas: Svirties cilindras turi b\u016bti pakankamai patvarus, kad atlaikyt\u0173 at\u0161iaurias darbo s\u0105lygas ir u\u017etikrint\u0173 ilgalaik\u012f naudojim\u0105.<br \/>\n\u2013 Sauga: Svirties cilindras turi b\u016bti suprojektuotas atsi\u017evelgiant \u012f saugum\u0105, kad b\u016bt\u0173 i\u0161vengta nelaiming\u0173 atsitikim\u0173 ir u\u017etikrintas personalo bei ma\u0161in\u0173 saugumas.<br \/>\n\u2013 Prie\u017ei\u016bra: konstrukcija tur\u0117t\u0173 b\u016bti lengvai pri\u017ei\u016brima ir kei\u010diama, tod\u0117l reguliari ap\u017ei\u016bra ir technin\u0117 prie\u017ei\u016bra yra patogesn\u0117, o \u012frangos prastovos laikas sutrump\u0117ja.<\/p>\n<p><img decoding=\"async\" src=\"https:\/\/www.hydraulic-cylinders.net\/wp-content\/uploads\/2025\/01\/songte-cylinder-head-with-all-kinds-excavator-models.webp\" alt=\"Cilindro galvut\u0117\" \/><\/p>\n<p>Sandarinimas ir tepimas:<br \/>\n\u2013 Naudojamos \u012fvairios sandarinimo dalys, tokios kaip st\u016bmokli\u0173 ir kot\u0173 sandarikliai, ir parenkamos atsparios dilimui med\u017eiagos, tokios kaip poliuretanas ir nitrilo kau\u010diukas.<br \/>\n\u2013 Cilindro korpusas ir sriegio galo pavir\u0161ius yra kruop\u0161\u010diai apdirbti, siekiant pagerinti atsparum\u0105 dilimui.<br \/>\n\u2013 B\u016btina reguliariai pildyti tinkam\u0105 hidraulin\u0119 alyv\u0105 tepimui.<\/p>\n<p>Reguliarios patikros ir prevencin\u0117s prie\u017ei\u016bros priemon\u0117s:<br \/>\n\u2013 Norint u\u017etikrinti stabil\u0173 svirties cilindro veikim\u0105, b\u016btina reguliariai j\u012f ap\u017ei\u016br\u0117ti ir pri\u017ei\u016br\u0117ti.<br \/>\n\u2013 B\u016btina laiku aptikti ir pa\u0161alinti ne\u012fprastas s\u0105lygas, kad b\u016bt\u0173 i\u0161vengta \u012frangos gedim\u0173 ir sutrumpintas jos prastovos laikas.<br \/>\n\u2013 Reguliarus susid\u0117v\u0117jusi\u0173 arba pa\u017eeist\u0173 dali\u0173 keitimas pad\u0117s prailginti svirties cilindro tarnavimo laik\u0105.<\/p>\n<p>Teisingas gaminio \u012frengimo vadovas:<br \/>\n\u2013 Svirties cilindro montavimas tur\u0117t\u0173 b\u016bti atliekamas pagal montavimo instrukcijas, kad b\u016bt\u0173 u\u017etikrintas stabilus jo veikimas ir i\u0161vengta nelaiming\u0173 atsitikim\u0173.<br \/>\n\u2013 Montavim\u0105 tur\u0117t\u0173 atlikti profesionalai, tam reikalingi tinkami \u012frankiai ir \u012franga.<\/p>\n<p><img decoding=\"async\" src=\"https:\/\/www.hydraulic-cylinders.net\/wp-content\/uploads\/2025\/01\/songte-bushings-with-all-kinds-of-excavator-models.webp\" alt=\"\u012evor\u0117s\" \/><\/p>\n<p>Saugos aspektai ir aplinkos veiksniai:<br \/>\n\u2013 Montuojant ir eksploatuojant b\u016btina imtis saugos priemoni\u0173, kad b\u016bt\u0173 i\u0161vengta nelaiming\u0173 atsitikim\u0173 ir u\u017etikrintas personalo bei ma\u0161in\u0173 saugumas.<br \/>\n\u2013 Naudojimo metu reikia atsi\u017evelgti \u012f tokius aplinkos veiksnius kaip temperat\u016bra, dr\u0117gm\u0117 ir dulk\u0117s, ir imtis tinkam\u0173 priemoni\u0173 stabiliam rankos cilindro veikimui u\u017etikrinti.<\/p>\n<p>Da\u017eniausi gedimai ir j\u0173 \u0161alinimas:<br \/>\n\u2013 Hidraulin\u0117s alyvos nuot\u0117kis: patikrinkite, ar sandarinimo dalys nepa\u017eeistos, ir laiku jas pakeiskite.<br \/>\n\u2013 Nenormalus triuk\u0161mas arba vibracija: patikrinkite, ar cilindras nepa\u017eeistas arba st\u016bmoklio kotas nesulenktas, ir laiku j\u012f pakeiskite arba sutaisykite.<br \/>\n\u2013 Nepakankama laikomoji galia: patikrinkite, ar cilindro laikomoji galia pakankama, ir prireikus pakeiskite j\u012f didesn\u0117s laikomosios galios modeliu.<\/p>\n<p>Prevencin\u0117s priemon\u0117s:<br \/>\n\u2013 Reguliarus patikrinimas ir prie\u017ei\u016bra gali veiksmingai u\u017ekirsti keli\u0105 galimiems gedimams ir u\u017etikrinti stabil\u0173 svirties cilindro veikim\u0105.<\/p>\n<p>M\u016bs\u0173 \u012fmon\u0117 yra profesionali pakaitini\u0173 hidraulini\u0173 cilindr\u0173 gamintoja, si\u016blanti plat\u0173 gamini\u0173 asortiment\u0105. Tapome vienais i\u0161 pirmaujan\u010di\u0173 hidraulini\u0173 cilindr\u0173 gamintoj\u0173 ir didmenini\u0173 platintoj\u0173 vidaus ir u\u017esienio rinkose. Visada laikom\u0117s puikios kokyb\u0117s principo ir, siekdami nuolat tobulinti savo technin\u012f lyg\u012f ir gamybos efektyvum\u0105, remiam\u0117s industrializuoto gamybos valdymo strategijomis puikiose gamybos dirbtuv\u0117se. Turime stipr\u0173 inovacin\u012f geb\u0117jim\u0105 diegdami auk\u0161\u010diausios klas\u0117s skaitmenin\u0119 gamybos \u012frang\u0105 ir profesionalias bandym\u0173 sistemas, optimizuodami gamybos platform\u0105 ir tobulindami gamini\u0173 kokyb\u0117s kontrol\u0117s proces\u0105. M\u016bs\u0173 tikslas \u2013 patenkinti \u012fvairius klient\u0173 poreikius, taikant efektyvius, tikslius ir auk\u0161tos kokyb\u0117s principus.<\/p>\n<p>Profesionalumas, tarptautinis sertifikavimas, individualiai pritaikytos paslaugos, gamybos \u012franga ir aptarnavimas po pardavimo yra m\u016bs\u0173 \u012fmon\u0117s stipryb\u0117s.<\/p>\n<p><img decoding=\"async\" src=\"https:\/\/www.hydraulic-cylinders.net\/wp-content\/uploads\/2025\/01\/songte-company-4.webp\" alt=\"4 \u012fmon\u0117\" \/><\/p>\n<p><img decoding=\"async\" src=\"https:\/\/www.hydraulic-cylinders.net\/wp-content\/uploads\/2025\/01\/songte-company-3.webp\" alt=\"3 \u012fmon\u0117\" \/><\/p>\n<p>Autorius: lyl.<\/p>","protected":false},"excerpt":{"rendered":"<p>Arm Cylinder For Sumitomo Middle Excavator SH200A1A2A3 Arm cylinders are hydraulic cylinders specially designed to provide linear motion and power to the arms of various types of machinery, such as excavators, cranes, and mechanical arms. These cylinders play a key role in hydraulic systems, allowing additional tools or attachments to move and be controlled effectively. [&hellip;]<\/p>","protected":false},"featured_media":14766,"comment_status":"open","ping_status":"closed","template":"","meta":{"_et_pb_use_builder":"","_et_pb_old_content":"","_et_gb_content_width":""},"product_brand":[],"product_cat":[1497],"product_tag":[1498,1496],"class_list":{"0":"post-16100","1":"product","2":"type-product","3":"status-publish","4":"has-post-thumbnail","6":"product_cat-arm-cylinders","7":"product_tag-arm-cylinders","8":"product_tag-hydraulic-cylinders","10":"first","11":"instock","12":"shipping-taxable","13":"product-type-simple"},"amp_enabled":true,"_links":{"self":[{"href":"https:\/\/www.hydraulic-cylinders.net\/lt\/wp-json\/wp\/v2\/product\/16100","targetHints":{"allow":["GET"]}}],"collection":[{"href":"https:\/\/www.hydraulic-cylinders.net\/lt\/wp-json\/wp\/v2\/product"}],"about":[{"href":"https:\/\/www.hydraulic-cylinders.net\/lt\/wp-json\/wp\/v2\/types\/product"}],"replies":[{"embeddable":true,"href":"https:\/\/www.hydraulic-cylinders.net\/lt\/wp-json\/wp\/v2\/comments?post=16100"}],"wp:featuredmedia":[{"embeddable":true,"href":"https:\/\/www.hydraulic-cylinders.net\/lt\/wp-json\/wp\/v2\/media\/14766"}],"wp:attachment":[{"href":"https:\/\/www.hydraulic-cylinders.net\/lt\/wp-json\/wp\/v2\/media?parent=16100"}],"wp:term":[{"taxonomy":"product_brand","embeddable":true,"href":"https:\/\/www.hydraulic-cylinders.net\/lt\/wp-json\/wp\/v2\/product_brand?post=16100"},{"taxonomy":"product_cat","embeddable":true,"href":"https:\/\/www.hydraulic-cylinders.net\/lt\/wp-json\/wp\/v2\/product_cat?post=16100"},{"taxonomy":"product_tag","embeddable":true,"href":"https:\/\/www.hydraulic-cylinders.net\/lt\/wp-json\/wp\/v2\/product_tag?post=16100"}],"curies":[{"name":"wp","href":"https:\/\/api.w.org\/{rel}","templated":true}]}}