{"id":16108,"date":"2025-01-20T08:29:27","date_gmt":"2025-01-20T08:29:27","guid":{"rendered":"https:\/\/www.hydraulic-cylinders.net\/product\/arm-cylinderfor-sumitomo-middle-excavator-ls280ej-fj-f-j2\/"},"modified":"2025-01-20T08:29:40","modified_gmt":"2025-01-20T08:29:40","slug":"arm-cylinderfor-sumitomo-middle-excavator-ls280ej-fj-f-j2","status":"publish","type":"product","link":"https:\/\/www.hydraulic-cylinders.net\/lt\/produktas\/arm-cylinderfor-sumitomo-middle-excavator-ls280ej-fj-f-j2\/","title":{"rendered":"Sumitomo vidutinio dyd\u017eio ekskavatoriaus LS280EJ FJ F J2 rankenos cilindras"},"content":{"rendered":"<h2>Sumitomo vidutinio dyd\u017eio ekskavatoriaus LS280EJ FJ F J2 rankenos cilindras<\/h2>\n<h3>\u012evadas<\/h3>\n<p>Arm cylinder is a specially designed hydraulic cylinder that is primarily used to provide linear motion and power to various machines&#8217; arms, such as excavators, cranes, and mechanical arms. Arm cylinders play a critical role in hydraulic systems, enabling attachments or accessories to move and control effectively. These cylinders not only enable smooth movement but also withstand heavy loads, ensuring efficient operation and reliability of the machines in various operating conditions.<\/p>\n<p><img decoding=\"async\" src=\"https:\/\/www.hydraulic-cylinders.net\/wp-content\/uploads\/2025\/01\/songte-company-2.webp\" alt=\"Svirties cilindras\"><\/p>\n<h3>Savyb\u0117s<\/h3>\n<ul>\n<li>Didelio efektyvumo transmisija: Svirties cilindras gali u\u017etikrinti galing\u0105 tiesin\u012f judes\u012f ir j\u0117g\u0105, u\u017etikrindamas auk\u0161t\u0105 mechanin\u0117s svirties na\u0161um\u0105 \u012fvairi\u0173 operacij\u0173 metu.<\/li>\n<li>Tikslus valdymas: Hidraulin\u0117s sistemos d\u0117ka rankos cilindras gali tiksliai valdyti judes\u012f, tod\u0117l pried\u0173 valdymas tampa lankstesnis ir tikslesnis.<\/li>\n<li>Didelis patvarumas: Svirtiniai cilindrai paprastai gaminami i\u0161 didelio stiprumo med\u017eiag\u0173, pasi\u017eymin\u010di\u0173 geru atsparumu dilimui ir korozijai, tod\u0117l tinkami ilgalaikiam naudojimui at\u0161iauriomis s\u0105lygomis.<\/li>\n<li>Daugiafunkcis pritaikomumas: \u0160ie cilindrai gali b\u016bti pla\u010diai naudojami \u012fvairiuose mechaniniuose \u012frenginiuose, tokiuose kaip ekskavatoriai, kranai ir mechanin\u0117s svirtys, prisitaikant prie skirting\u0173 darbo reikalavim\u0173.<\/li>\n<li>Lengva prie\u017ei\u016bra: konstrukcija atsi\u017evelgia \u012f paprast\u0105 prie\u017ei\u016br\u0105 ir keitim\u0105, tod\u0117l j\u0105 patogiau reguliariai tikrinti ir pri\u017ei\u016br\u0117ti, taip suma\u017einant \u012frangos prastovas.<\/li>\n<\/ul>\n<p>M\u016bs\u0173 gaminiai gali puikiai pakeisti \u0161iuos hidraulinius cilindrus.<\/p>\n<p><img decoding=\"async\" src=\"https:\/\/www.hydraulic-cylinders.net\/wp-content\/uploads\/2025\/01\/songte-oil-pipes-and-spare-parts.webp\" alt=\"Naftos vamzd\u017eiai ir atsargin\u0117s dalys\"><\/p>\n<h3>Parai\u0161kos<\/h3>\n<ul>\n<li>Statybos in\u017einerija: ekskavatoriuose ir kranuose str\u0117l\u0117s cilindrai naudojami kau\u0161o ar str\u0117l\u0117s jud\u0117jimui valdyti, \u017eem\u0117s darbams atlikti, med\u017eiag\u0173 tvarkymui ir konstrukcij\u0173 montavimui.<\/li>\n<li>Gamybos pramon\u0117: Automatizuotose gamybos linijose svir\u010di\u0173 cilindrai naudojami mechanini\u0173 svir\u010di\u0173 jud\u0117jimui, surinkimo, suvirinimo ir tvarkymo procesams atlikti, taip gerinant gamybos efektyvum\u0105 ir tikslum\u0105.<\/li>\n<li>\u017dem\u0117s \u016bkio technika: \u017dem\u0117s \u016bkio technikoje, pavyzd\u017eiui, derliaus nu\u0117mimo ir sodinimo ma\u0161inose, svirties cilindrai valdo valdymo svirties judes\u012f, atlikdami tokias u\u017eduotis kaip sodinimas, tr\u0119\u0161imas ir derliaus nu\u0117mimas.<\/li>\n<li>Kasyba: Kasybos \u012frangoje svirties cilindrai naudojami kasybos \u012frangos svirties jud\u0117jimui valdyti, kasant ir transportuojant mineralus.<\/li>\n<li>Logistika ir transportavimas: \u0160akiniuose krautuvuose ir krovini\u0173 krovimo robotuose ranken\u0173 cilindrai naudojami \u0161aki\u0173 k\u0117limui ir jud\u0117jimui valdyti, u\u017etikrinant med\u017eiag\u0173 tvarkym\u0105 ir krovim\u0105.<\/li>\n<\/ul>\n<h3>Projektavimo aspektai ir atrankos kriterijai<\/h3>\n<ul>\n<li>Keliamoji galia: Svirtini\u0173 cilindr\u0173 keliamoji galia turi b\u016bti pakankama, kad atlaikyt\u0173 apkrov\u0105 eksploatacijos metu.<\/li>\n<li>Sealing: Various sealing elements such as piston seals and rod seals should be used to ensure the cylinder&#8217;s sealing performance.<\/li>\n<li>Patvarumas: Svirtiniai cilindrai tur\u0117t\u0173 b\u016bti pagaminti i\u0161 didelio stiprumo med\u017eiag\u0173, kad b\u016bt\u0173 u\u017etikrintas ilgaam\u017ei\u0161kumas ir atsparumas korozijai.<\/li>\n<li>Sauga: Siekiant u\u017etikrinti saug\u0173 veikim\u0105, \u012f konstrukcij\u0105 tur\u0117t\u0173 b\u016bti \u012ftrauktos tokios saugos priemon\u0117s kaip sl\u0117gio ma\u017einimo vo\u017etuvai ir avarinio stabdymo mygtukai.<\/li>\n<li>Prie\u017ei\u016bra: Svirtiniai cilindrai tur\u0117t\u0173 b\u016bti suprojektuoti taip, kad juos b\u016bt\u0173 lengva pri\u017ei\u016br\u0117ti ir pakeisti, taip sutrumpinant prie\u017ei\u016bros laik\u0105 ir i\u0161laidas.<\/li>\n<\/ul>\n<p><img decoding=\"async\" src=\"https:\/\/www.hydraulic-cylinders.net\/wp-content\/uploads\/2025\/01\/songte-cylinder-head-with-all-kinds-excavator-models.webp\" alt=\"Cilindro galvut\u0117\"><\/p>\n<h3>Sandarinimas ir tepimas<\/h3>\n<p>Svirtiniuose cilindruose naudojami \u012fvair\u016bs sandarinimo elementai, tokie kaip st\u016bmokli\u0173 sandarikliai, stryp\u0173 sandarikliai ir kt., ir parenkamos atsparios dilimui med\u017eiagos, tokios kaip poliuretanas ir nitrilo kau\u010diukas. Cilindro korpusas ir srieginis galinis pavir\u0161ius yra kruop\u0161\u010diai apdorojami, kad b\u016bt\u0173 padidintas atsparumas dilimui. Tepimui b\u016btina reguliariai \u012fpilti tinkam\u0105 kiek\u012f hidraulin\u0117s alyvos.<\/p>\n<p><img decoding=\"async\" src=\"https:\/\/www.hydraulic-cylinders.net\/wp-content\/uploads\/2025\/01\/songte-chushion-collar.webp\" alt=\"\u0160luost\u0117s apykakl\u0117\"><\/p>\n<h3>Reguliarus patikrinimas ir prevencin\u0117 prie\u017ei\u016bra<\/h3>\n<ul>\n<li>Reguliariai tikrinkite hidraulin\u0117s alyvos kokyb\u0119, sl\u0117g\u012f ir temperat\u016br\u0105.<\/li>\n<li>Reguliariai tikrinkite cilindro sandarumo savybes.<\/li>\n<li>Laiku pakeiskite sandarinimo elementus, jei yra koki\u0173 nors nuot\u0117ki\u0173.<\/li>\n<li>Patikrinkite cilindro korpuso ir strypo susid\u0117v\u0117jimo b\u016bkl\u0119 ir, jei reikia, pakeiskite juos.<\/li>\n<li>Reguliariai valykite cilindr\u0105 ir pa\u0161alinkite ne\u0161varumus bei \u0161iuk\u0161les.<\/li>\n<\/ul>\n<h3>Diegimo vadovas<\/h3>\n<p>Before installation, check the cylinder, pipe joints, and hydraulic system for cleanliness and damage. Lubricate the piston and seal ring evenly with hydraulic oil before installation. During installation, avoid collision, distortion, and oil pollution. After installation, conduct a test operation to ensure the cylinder&#8217;s proper operation.<\/p>\n<p><img decoding=\"async\" src=\"https:\/\/www.hydraulic-cylinders.net\/wp-content\/uploads\/2025\/01\/songte-bushings-with-all-kinds-of-excavator-models.webp\" alt=\"\u012evor\u0117s\"><\/p>\n<h3>Saugos ir aplinkos veiksniai<\/h3>\n<p>Saugumas yra labai svarbus naudojant svirtinius cilindrus. Operatoriai turi b\u016bti apmokyti ir susipa\u017einti su naudojimo instrukcijomis bei saugos priemon\u0117mis, kad i\u0161vengt\u0173 nelaiming\u0173 atsitikim\u0173. Naudojant svirtinius cilindrus, taip pat reik\u0117t\u0173 atsi\u017evelgti \u012f aplinkos veiksnius, tokius kaip temperat\u016bra, dr\u0117gm\u0117 ir dulk\u0117s.<\/p>\n<h3>Trik\u010di\u0173 \u0161alinimas ir da\u017eniausios problemos<\/h3>\n<ul>\n<li>Cilindro nuot\u0117kis: patikrinkite sandarinimo elementus ir, jei reikia, pakeiskite juos.<\/li>\n<li>Nepakankama cilindro j\u0117ga: patikrinkite hidraulin\u0119 sistem\u0105, siurbl\u012f ir sl\u0117gio vo\u017etuv\u0105.<\/li>\n<li>Cilindro vibracija: patikrinkite, ar cilindro montavimas ir vamzd\u017ei\u0173 jungtys n\u0117ra laisvos.<\/li>\n<li>L\u0117tas cilindro jud\u0117jimas: patikrinkite hidraulin\u0117s alyvos kokyb\u0119 ir klampum\u0105.<\/li>\n<li>Nenormalus triuk\u0161mas: patikrinkite, ar cilindras ir hidraulin\u0117 sistema n\u0117ra pa\u017eeisti ar u\u017eter\u0161ti.<\/li>\n<\/ul>\n<h3>Trik\u010di\u0173 \u0161alinimo patarimai ir sprendimai<\/h3>\n<p>Jei i\u0161kyla koki\u0173 nors problem\u0173, patikrinkite atitinkamus trik\u010di\u0173 \u0161alinimo metodus ir nedelsdami jas i\u0161spr\u0119skite. Prevencin\u0117s priemon\u0117s, tokios kaip reguliari ap\u017ei\u016bra, prie\u017ei\u016bra ir valymas, gali suma\u017einti galimas problemas.<\/p>\n<p><img decoding=\"async\" src=\"https:\/\/www.hydraulic-cylinders.net\/wp-content\/uploads\/2025\/01\/songte-company-4.webp\" alt=\"\u012emon\u0117\"><br \/>\n<img decoding=\"async\" src=\"https:\/\/www.hydraulic-cylinders.net\/wp-content\/uploads\/2025\/01\/songte-company-3.webp\" alt=\"\u012emon\u0117\"><\/p>\n<h3>Apie mus<\/h3>\n<p>We are a professional manufacturer of replacement hydraulic cylinders, offering a wide range of products and becoming one of the leading hydraulic cylinder manufacturers and wholesale distributors in the domestic and international markets. We always adhere to the principle of excellent quality, continuously improving the production technology and efficiency with the industrialized production management strategy of the refined manufacturing workshop. By introducing high-end digital manufacturing equipment and professional testing systems, we optimize the manufacturing platform, improve the quality control process, and have strong innovation capabilities. Our goal is to meet customers&#8217; diverse needs with high-efficiency, precision, and high-quality principles.<\/p>\n<ul>\n<li>Profesionalumas<\/li>\n<li>Tarptautiniai sertifikatai<\/li>\n<li>Pritaikymo paslaugos<\/li>\n<li>Gamybos \u012franga<\/li>\n<li>Aptarnavimas po pardavimo<\/li>\n<\/ul>\n<p>Autorius: lyl<\/p>","protected":false},"excerpt":{"rendered":"<p>Arm Cylinder for Sumitomo Middle Excavator LS280EJ FJ F J2 Introduction Arm cylinder is a specially designed hydraulic cylinder that is primarily used to provide linear motion and power to various machines&#8217; arms, such as excavators, cranes, and mechanical arms. Arm cylinders play a critical role in hydraulic systems, enabling attachments or accessories to move [&hellip;]<\/p>","protected":false},"featured_media":14772,"comment_status":"open","ping_status":"closed","template":"","meta":{"_et_pb_use_builder":"","_et_pb_old_content":"","_et_gb_content_width":""},"product_brand":[],"product_cat":[1497],"product_tag":[1498,1496],"class_list":{"0":"post-16108","1":"product","2":"type-product","3":"status-publish","4":"has-post-thumbnail","6":"product_cat-arm-cylinders","7":"product_tag-arm-cylinders","8":"product_tag-hydraulic-cylinders","10":"first","11":"instock","12":"shipping-taxable","13":"product-type-simple"},"amp_enabled":true,"_links":{"self":[{"href":"https:\/\/www.hydraulic-cylinders.net\/lt\/wp-json\/wp\/v2\/product\/16108","targetHints":{"allow":["GET"]}}],"collection":[{"href":"https:\/\/www.hydraulic-cylinders.net\/lt\/wp-json\/wp\/v2\/product"}],"about":[{"href":"https:\/\/www.hydraulic-cylinders.net\/lt\/wp-json\/wp\/v2\/types\/product"}],"replies":[{"embeddable":true,"href":"https:\/\/www.hydraulic-cylinders.net\/lt\/wp-json\/wp\/v2\/comments?post=16108"}],"wp:featuredmedia":[{"embeddable":true,"href":"https:\/\/www.hydraulic-cylinders.net\/lt\/wp-json\/wp\/v2\/media\/14772"}],"wp:attachment":[{"href":"https:\/\/www.hydraulic-cylinders.net\/lt\/wp-json\/wp\/v2\/media?parent=16108"}],"wp:term":[{"taxonomy":"product_brand","embeddable":true,"href":"https:\/\/www.hydraulic-cylinders.net\/lt\/wp-json\/wp\/v2\/product_brand?post=16108"},{"taxonomy":"product_cat","embeddable":true,"href":"https:\/\/www.hydraulic-cylinders.net\/lt\/wp-json\/wp\/v2\/product_cat?post=16108"},{"taxonomy":"product_tag","embeddable":true,"href":"https:\/\/www.hydraulic-cylinders.net\/lt\/wp-json\/wp\/v2\/product_tag?post=16108"}],"curies":[{"name":"wp","href":"https:\/\/api.w.org\/{rel}","templated":true}]}}