{"id":16109,"date":"2025-01-20T08:29:42","date_gmt":"2025-01-20T08:29:42","guid":{"rendered":"https:\/\/www.hydraulic-cylinders.net\/product\/arm-cylinderfor-sumitomo-large-excavator-sh300a1a2a3\/"},"modified":"2025-01-20T08:29:49","modified_gmt":"2025-01-20T08:29:49","slug":"arm-cylinderfor-sumitomo-large-excavator-sh300a1a2a3","status":"publish","type":"product","link":"https:\/\/www.hydraulic-cylinders.net\/lt\/produktas\/arm-cylinderfor-sumitomo-large-excavator-sh300a1a2a3\/","title":{"rendered":"Sumitomo didelio ekskavatoriaus SH300A1A2A3 rankenos cilindras"},"content":{"rendered":"<h1>Sumitomo didelio ekskavatoriaus SH300A1A2A3 rankenos cilindras<\/h1>\n<h2>\u012evadas<\/h2>\n<p>Svirties cilindras yra specialiai suprojektuotas hidraulinis cilindras, u\u017etikrinantis tiesin\u012f jud\u0117jim\u0105 ir gali\u0105 \u012fvairi\u0173 mechanizm\u0173, toki\u0173 kaip ekskavatoriai, kranai ir robotin\u0117s svirtys, svir\u010diai. Jis atlieka labai svarb\u0173 vaidmen\u012f hidraulin\u0117se sistemose, nes leid\u017eia efektyviai jud\u0117ti ir valdyti papildomus \u012frankius ar priedus. \u0160ie cilindrai ne tik u\u017etikrina skland\u0173 jud\u0117jim\u0105, bet ir atlaiko dideles apkrovas, u\u017etikrindami efektyv\u0173 mechanizm\u0173 veikim\u0105 ir patikimum\u0105 \u012fvairiomis darbo s\u0105lygomis.<\/p>\n<p><img decoding=\"async\" src=\"https:\/\/www.hydraulic-cylinders.net\/wp-content\/uploads\/2025\/01\/songte-company-2.webp\" alt=\"Svirties cilindro vaizdas\"><\/p>\n<h2>Savyb\u0117s<\/h2>\n<ul>\n<li>Didelio efektyvumo transmisija: Svirties cilindras u\u017etikrina galing\u0105 tiesin\u012f judes\u012f ir j\u0117g\u0105, u\u017etikrindamas didel\u012f mechanin\u0117s svirties na\u0161um\u0105 atliekant \u012fvairias operacijas.<\/li>\n<li>Tikslus valdymas: Hidraulin\u0117s sistemos d\u0117ka svirties cilindras leid\u017eia tiksliai valdyti judesius, tod\u0117l pried\u0173 valdymas tampa lankstesnis ir tikslesnis.<\/li>\n<li>Patvarumas: Svirtiniai cilindrai paprastai gaminami i\u0161 didelio stiprumo med\u017eiag\u0173, kurios pasi\u017eymi puikiu atsparumu dilimui ir korozijai, tod\u0117l tinka ilgalaikiam naudojimui at\u0161iauriomis s\u0105lygomis.<\/li>\n<li>Daugiafunkcis pritaikomumas: \u0160ie cilindrai gali b\u016bti pla\u010diai naudojami \u012fvairiose ma\u0161inose, tokiose kaip ekskavatoriai, kranai ir robotin\u0117s rankos, prisitaikant prie skirting\u0173 darbo reikalavim\u0173.<\/li>\n<li>Lengva prie\u017ei\u016bra: Projektuojant atsi\u017evelgiama \u012f paprast\u0105 prie\u017ei\u016br\u0105 ir keitim\u0105, tod\u0117l reguliari ap\u017ei\u016bra ir technin\u0117 prie\u017ei\u016bra yra patog\u016bs, o \u012frangos prastovos laikas sutrump\u0117ja.<\/li>\n<\/ul>\n<p><img decoding=\"async\" src=\"https:\/\/www.hydraulic-cylinders.net\/wp-content\/uploads\/2025\/01\/songte-oil-pipes-and-spare-parts.webp\" alt=\"Produkto vaizdas\"><\/p>\n<h2>Parai\u0161kos<\/h2>\n<ul>\n<li>Statybos in\u017einerija: Ekskavatoriuose ir kranuose svirties cilindras valdo kau\u0161\u0173 arba str\u0117li\u0173 jud\u0117jim\u0105 atliekant \u017eem\u0117s darbus, med\u017eiag\u0173 tvarkym\u0105 ir konstrukcij\u0173 montavim\u0105.<\/li>\n<li>Gamybos pramon\u0117: Automatizuotose gamybos linijose rankos cilindras leid\u017eia robotin\u0117ms rankoms jud\u0117ti surinkimo, suvirinimo ir med\u017eiag\u0173 tvarkymo procesuose, taip pagerindamas gamybos efektyvum\u0105 ir tikslum\u0105.<\/li>\n<li>\u017dem\u0117s \u016bkio technika: \u017dem\u0117s \u016bkio \u012frangoje, tokioje kaip derliaus nu\u0117mimo ma\u0161inos ir s\u0117jamosios, svirties cilindras valdo darbini\u0173 svir\u010di\u0173 jud\u0117jim\u0105, kad b\u016bt\u0173 galima atlikti tokias u\u017eduotis kaip s\u0117ja, tr\u0119\u0161imas ir derliaus nu\u0117mimas.<\/li>\n<li>Kasyba: Kasybos \u012frangoje svirties cilindras valdo kasybos ma\u0161in\u0173 svirties jud\u0117jim\u0105 r\u016bdos gavybai ir transportavimui.<\/li>\n<li>Logistika ir transportas: \u0160akiniuose krautuvuose ir krovini\u0173 krovimo robotuose svirties cilindras naudojamas \u0161aki\u0173 k\u0117limui ir jud\u0117jimui valdyti, leid\u017eiant tvarkyti ir krauti med\u017eiagas.<\/li>\n<\/ul>\n<h2>Projektavimo aspektai ir atrankos kriterijai<\/h2>\n<ul>\n<li>Guoli\u0173 geba: Svirties cilindro konstrukcija atsi\u017evelgia \u012f jo geb\u0117jim\u0105 atlaikyti reikiamas apkrovas ir j\u0117gas.<\/li>\n<li>Sandarinimas: Naudojami \u012fvair\u016bs sandarinimo komponentai, tokie kaip st\u016bmokli\u0173 ir kot\u0173 sandarikliai, pagaminti i\u0161 atspari\u0173 dilimui med\u017eiag\u0173, toki\u0173 kaip poliuretanas ir nitrilo kau\u010diukas. Cilindro korpusas ir srieginiai galai yra kruop\u0161\u010diai apdorojami, siekiant padidinti atsparum\u0105 dilimui.<\/li>\n<li>Patvarumas: Svirties cilindro med\u017eiagos ir konstrukcija u\u017etikrina ilgalaik\u012f veikim\u0105 sud\u0117tingomis s\u0105lygomis.<\/li>\n<li>Sauga: Projektuojant pirmenyb\u0119 teikiama saugos funkcijoms, tokioms kaip sl\u0117gio ma\u017einimo vo\u017etuvai ir avarinio stabdymo mechanizmai, siekiant i\u0161vengti nelaiming\u0173 atsitikim\u0173 ir u\u017etikrinti operatoriaus saug\u0105.<\/li>\n<li>Prie\u017ei\u016bra: lengva prieiga prie komponent\u0173 ir standartizuoti dizainai supaprastina prie\u017ei\u016br\u0105 ir suma\u017eina prastovas.<\/li>\n<\/ul>\n<p><img decoding=\"async\" src=\"https:\/\/www.hydraulic-cylinders.net\/wp-content\/uploads\/2025\/01\/songte-cylinder-head-with-all-kinds-excavator-models.webp\" alt=\"Sandarinimo ir tepimo paveiksl\u0117lis\"><\/p>\n<h2>Sandarinimas ir tepimas<\/h2>\n<p>Svirtiniame cilindre naudojami \u012fvair\u016bs sandarinimo komponentai, \u012fskaitant st\u016bmokli\u0173 ir kot\u0173 sandariklius, pagamintus i\u0161 atspari\u0173 dilimui med\u017eiag\u0173, toki\u0173 kaip poliuretanas ir nitrilo kau\u010diukas. Cilindro korpusas ir srieginiai galai yra kruop\u0161\u010diai apdoroti, siekiant pagerinti atsparum\u0105 dilimui. Norint u\u017etikrinti skland\u0173 veikim\u0105, b\u016btina reguliariai tepti tinkama hidrauline alyva.<\/p>\n<h2>Reguliarus patikrinimas ir prevencin\u0117 prie\u017ei\u016bra<\/h2>\n<ul>\n<li>Patikrinkite sandariklius ir pakeiskite juos, jei jie susid\u0117v\u0117j\u0119 ar pa\u017eeisti.<\/li>\n<li>Patikrinkite, ar n\u0117ra nuot\u0117ki\u0173, ir prireikus juos suremontuokite.<\/li>\n<li>Steb\u0117kite cilindro veikim\u0105 ir nedelsdami pa\u0161alinkite bet kokias ne\u012fprastas vibracijas ar triuk\u0161mus.<\/li>\n<li>Cilindr\u0105 laikykite \u0161var\u0173 ir be \u0161iuk\u0161li\u0173.<\/li>\n<li>Laikykit\u0117s gamintojo nurodym\u0173 d\u0117l technin\u0117s prie\u017ei\u016bros interval\u0173 ir proced\u016br\u0173.<\/li>\n<\/ul>\n<h2>Produkto diegimo vadovas<\/h2>\n<p>1. \u012esitikinkite, kad \u012franga yra i\u0161jungta ir i\u0161leistas hidraulinis sl\u0117gis.<\/p>\n<p>2. Pad\u0117kite svirties cilindr\u0105 norimoje vietoje, sulygiuodami tvirtinimo skyles.<\/p>\n<p>3. Tvirtai pritvirtinkite cilindr\u0105 naudodami tinkamus var\u017etus arba kai\u0161\u010dius.<\/p>\n<p>4. Prijunkite hidraulines linijas, u\u017etikrindami tinkam\u0105 sandarum\u0105 ir tvirtas jungtis.<\/p>\n<p>5. Patikrinkite, ar n\u0117ra koki\u0173 nors pa\u017eeidim\u0173 ar nesuderinamumo.<\/p>\n<p>6. Prie\u0161 t\u0119sdami \u012fprast\u0105 \u012frangos naudojim\u0105, patikrinkite cilindro veikim\u0105 ir veikim\u0105.<\/p>\n<p><img decoding=\"async\" src=\"https:\/\/www.hydraulic-cylinders.net\/wp-content\/uploads\/2025\/01\/songte-bushings-with-all-kinds-of-excavator-models.webp\" alt=\"Diegimo vadovo paveiksl\u0117lis\"><\/p>\n<h2>Saugos aspektai ir aplinkos veiksniai<\/h2>\n<p>Dirbant su svirtiniais cilindrais, labai svarbu laikytis saugos priemoni\u0173 ir laikytis nustatyt\u0173 protokol\u0173. Tai apima tinkam\u0173 asmenini\u0173 apsaugos priemoni\u0173 d\u0117v\u0117jim\u0105, reguliarius saugos patikrinimus ir tinkam\u0105 operatori\u0173 mokym\u0105. Be to, atsi\u017evelgiant \u012f aplinkos veiksnius, tokius kaip temperat\u016bra ir dr\u0117gm\u0117, galima optimizuoti svirtinio cilindro na\u0161um\u0105 ir ilgaam\u017ei\u0161kum\u0105.<\/p>\n<h2>Trik\u010di\u0173 \u0161alinimas ir da\u017eniausiai pasitaikan\u010dios problemos<\/h2>\n<p>1. Problema: L\u0117tas arba netolygus rankos judesys.<\/p>\n<p>   Sprendimas: patikrinkite, ar n\u0117ra hidraulinio skys\u010dio nuot\u0117ki\u0173, ap\u017ei\u016br\u0117kite sandariklius ir u\u017etikrinkite tinkam\u0105 sutepim\u0105.<\/p>\n<p>2. Problema: Per didelis triuk\u0161mas veikimo metu.<\/p>\n<p>   Sprendimas: Patikrinkite, ar n\u0117ra atsilaisvinusi\u0173 jung\u010di\u0173, pa\u017eeist\u0173 komponent\u0173 arba netinkamo sulygiavimo.<\/p>\n<p>3. Problema: Cilindras iki galo nei\u0161sitraukia arba nesusitraukia.<\/p>\n<p>   Sprendimas: patikrinkite hidraulinio skys\u010dio lyg\u012f, ap\u017ei\u016br\u0117kite valdymo vo\u017etuvus ir u\u017etikrinkite tinkam\u0105 hidraulin\u012f sl\u0117g\u012f.<\/p>\n<p>Reguliarus techninis aptarnavimas, \u012fskaitant savalaik\u012f bet koki\u0173 problem\u0173 sprendim\u0105, yra b\u016btinas optimaliam svirties cilindro veikimui ir ilgaam\u017ei\u0161kumui.<\/p>\n<p><img decoding=\"async\" src=\"https:\/\/www.hydraulic-cylinders.net\/wp-content\/uploads\/2025\/01\/songte-chushion-collar.webp\" alt=\"Vaizdo trik\u010di\u0173 \u0161alinimas\"><\/p>\n<h2>Apie m\u016bs\u0173 \u012fmon\u0119<\/h2>\n<p>M\u016bs\u0173 \u012fmon\u0117 yra profesionali pakaitini\u0173 hidraulini\u0173 cilindr\u0173 gamintoja. Si\u016blome plat\u0173 gamini\u0173 asortiment\u0105 ir tapome viena i\u0161 pirmaujan\u010di\u0173 gamintoj\u0173 bei didmeninink\u0173 vidaus ir tarptautin\u0117se rinkose. Laikom\u0117s meistri\u0161kumo princip\u0173 ir nuolat tobuliname savo technines \u017einias bei gamybos efektyvum\u0105. Naudodami pa\u017eangi\u0105 skaitmenin\u0119 gamybos \u012frang\u0105 ir profesionalias testavimo sistemas, optimizuojame savo gamybos platform\u0105 ir tobuliname gamini\u0173 kokyb\u0117s kontrol\u0117s procesus. M\u016bs\u0173 tikslas \u2013 patenkinti \u012fvairius klient\u0173 poreikius efektyviai, tiksliai ir auk\u0161tos kokyb\u0117s produktais.<\/p>\n<h2>M\u016bs\u0173 \u012fmon\u0117s akcentai<\/h2>\n<ul>\n<li>Profesionalumas: Esame hidraulini\u0173 cilindr\u0173 gamybos srities ekspertai.<\/li>\n<li>Tarptautiniai sertifikatai: M\u016bs\u0173 gaminiai atitinka tarptautinius kokyb\u0117s standartus ir sertifikatus.<\/li>\n<li>Individualaus pritaikymo paslaugos: Si\u016blome individualius sprendimus, pritaikytus konkretiems poreikiams.<\/li>\n<li>Gamybos \u012franga: Naudojame pa\u017eangi\u0105 skaitmenin\u0119 gamybos \u012frang\u0105.<\/li>\n<li>Aptarnavimas po pardavimo: teikiame visapusi\u0161k\u0105 aptarnavim\u0105 ir pagalb\u0105 po pardavimo.<\/li>\n<\/ul>\n<p><img decoding=\"async\" src=\"https:\/\/www.hydraulic-cylinders.net\/wp-content\/uploads\/2025\/01\/songte-company-4.webp\" alt=\"\u012emon\u0117s \u012fvaizdis\"><br \/>\n<img decoding=\"async\" src=\"https:\/\/www.hydraulic-cylinders.net\/wp-content\/uploads\/2025\/01\/songte-company-3.webp\" alt=\"\u012emon\u0117s \u012fvaizdis\"><\/p>\n<p>Autorius: lyl<\/p>","protected":false},"excerpt":{"rendered":"<p>Arm Cylinder for Sumitomo Large Excavator SH300A1A2A3 Introduction The arm cylinder is a specially designed hydraulic cylinder that provides linear motion and power to the arm of various machinery, such as excavators, cranes, and robotic arms. It plays a critical role in hydraulic systems, enabling the efficient movement and control of additional tools or attachments. [&hellip;]<\/p>","protected":false},"featured_media":14770,"comment_status":"open","ping_status":"closed","template":"","meta":{"_et_pb_use_builder":"","_et_pb_old_content":"","_et_gb_content_width":""},"product_brand":[],"product_cat":[1497],"product_tag":[1498,1496],"class_list":{"0":"post-16109","1":"product","2":"type-product","3":"status-publish","4":"has-post-thumbnail","6":"product_cat-arm-cylinders","7":"product_tag-arm-cylinders","8":"product_tag-hydraulic-cylinders","10":"first","11":"instock","12":"shipping-taxable","13":"product-type-simple"},"amp_enabled":true,"_links":{"self":[{"href":"https:\/\/www.hydraulic-cylinders.net\/lt\/wp-json\/wp\/v2\/product\/16109","targetHints":{"allow":["GET"]}}],"collection":[{"href":"https:\/\/www.hydraulic-cylinders.net\/lt\/wp-json\/wp\/v2\/product"}],"about":[{"href":"https:\/\/www.hydraulic-cylinders.net\/lt\/wp-json\/wp\/v2\/types\/product"}],"replies":[{"embeddable":true,"href":"https:\/\/www.hydraulic-cylinders.net\/lt\/wp-json\/wp\/v2\/comments?post=16109"}],"wp:featuredmedia":[{"embeddable":true,"href":"https:\/\/www.hydraulic-cylinders.net\/lt\/wp-json\/wp\/v2\/media\/14770"}],"wp:attachment":[{"href":"https:\/\/www.hydraulic-cylinders.net\/lt\/wp-json\/wp\/v2\/media?parent=16109"}],"wp:term":[{"taxonomy":"product_brand","embeddable":true,"href":"https:\/\/www.hydraulic-cylinders.net\/lt\/wp-json\/wp\/v2\/product_brand?post=16109"},{"taxonomy":"product_cat","embeddable":true,"href":"https:\/\/www.hydraulic-cylinders.net\/lt\/wp-json\/wp\/v2\/product_cat?post=16109"},{"taxonomy":"product_tag","embeddable":true,"href":"https:\/\/www.hydraulic-cylinders.net\/lt\/wp-json\/wp\/v2\/product_tag?post=16109"}],"curies":[{"name":"wp","href":"https:\/\/api.w.org\/{rel}","templated":true}]}}