{"id":16114,"date":"2025-01-20T08:30:27","date_gmt":"2025-01-20T08:30:27","guid":{"rendered":"https:\/\/www.hydraulic-cylinders.net\/product\/arm-cylinderfor-sumitomo-large-excavator-sh300-5\/"},"modified":"2025-01-20T08:30:29","modified_gmt":"2025-01-20T08:30:29","slug":"arm-cylinderfor-sumitomo-large-excavator-sh300-5","status":"publish","type":"product","link":"https:\/\/www.hydraulic-cylinders.net\/lt\/produktas\/arm-cylinderfor-sumitomo-large-excavator-sh300-5\/","title":{"rendered":"Sumitomo didelio ekskavatoriaus SH300-5 rankenos cilindras"},"content":{"rendered":"<h1>Sumitomo didelio ekskavatoriaus SH300-5 rankos cilindras<\/h1>\n<h2>\u012evadas<\/h2>\n<p>Svirties cilindras yra specialiai suprojektuotas hidraulinis cilindras, u\u017etikrinantis tiesin\u012f judes\u012f ir gali\u0105 \u012fvairi\u0173 ma\u0161in\u0173, toki\u0173 kaip ekskavatoriai, kranai ir robotin\u0117s svirtys, svir\u010diai. Jis atlieka labai svarb\u0173 vaidmen\u012f hidraulin\u0117se sistemose, nes leid\u017eia efektyviai jud\u0117ti ir valdyti papildomus \u012frankius ar priedus. \u0160ie cilindrai ne tik u\u017etikrina skland\u0173 ir tiksl\u0173 jud\u0117jim\u0105, bet ir gali atlaikyti dideles apkrovas, u\u017etikrindami auk\u0161t\u0105 veikimo efektyvum\u0105 ir patikimum\u0105 \u012fvairiomis darbo s\u0105lygomis.<\/p>\n<p><img decoding=\"async\" src=\"https:\/\/www.hydraulic-cylinders.net\/wp-content\/uploads\/2025\/01\/songte-company-2.webp\"><\/p>\n<h2>Savyb\u0117s<\/h2>\n<ul>\n<li><strong>Didelio efektyvumo transmisija:<\/strong> Svirties cilindras u\u017etikrina galing\u0105 tiesin\u012f judes\u012f ir j\u0117g\u0105, u\u017etikrindamas auk\u0161t\u0105 mechanin\u0117s svirties na\u0161um\u0105 atliekant \u012fvairias operacijas.<\/li>\n<li><strong>Tikslus valdymas:<\/strong> Hidraulin\u0117s sistemos d\u0117ka svirties cilindras leid\u017eia tiksliai valdyti judes\u012f, tod\u0117l papildom\u0173 \u012franki\u0173 valdymas tampa lankstesnis ir tikslesnis.<\/li>\n<li><strong>Patvarumas:<\/strong> Svirtiniai cilindrai paprastai gaminami i\u0161 didelio stiprumo med\u017eiag\u0173, pasi\u017eymin\u010di\u0173 puikiu atsparumu dilimui ir korozijai, tod\u0117l jie tinkami ilgalaikiam naudojimui at\u0161iauriomis s\u0105lygomis.<\/li>\n<li><strong>Daugiafunkcinis prisitaikymas:<\/strong> \u0160ie cilindrai gali b\u016bti pla\u010diai naudojami \u012fvairiose ma\u0161inose, tokiose kaip ekskavatoriai, kranai ir robotin\u0117s rankos, pritaikant juos skirtingiems darbo reikalavimams.<\/li>\n<li><strong>Prie\u017ei\u016bros paprastumas:<\/strong> Sukurti atsi\u017evelgiant \u012f lengv\u0105 prie\u017ei\u016br\u0105 ir keitim\u0105, svirties cilindrai palengvina reguliarias patikras ir technin\u0119 prie\u017ei\u016br\u0105, taip suma\u017einant \u012frangos prastovas.<\/li>\n<\/ul>\n<p><img decoding=\"async\" src=\"https:\/\/www.hydraulic-cylinders.net\/wp-content\/uploads\/2025\/01\/songte-oil-pipes-and-spare-parts.webp\"><\/p>\n<h2>Parai\u0161kos<\/h2>\n<p>Svirtinis cilindras naudojamas \u012fvairiose pramon\u0117s \u0161akose:<\/p>\n<ol>\n<li><strong>Statybos in\u017einerija:<\/strong> Ekskavatoriuose ir kranuose svirties cilindras valdo kau\u0161o arba str\u0117l\u0117s judes\u012f, leisdamas atlikti \u017eem\u0117s darbus, med\u017eiag\u0173 tvarkym\u0105 ir konstrukcij\u0173 montavim\u0105.<\/li>\n<li><strong>Gamyba:<\/strong> Automatizuotose gamybos linijose robotini\u0173 rank\u0173 judinimui naudojamas rankos cilindras, leid\u017eiantis atlikti surinkimo, suvirinimo ir tvarkymo procesus, taip pagerinant gamybos efektyvum\u0105 ir tikslum\u0105.<\/li>\n<li><strong>\u017dem\u0117s \u016bkio technika:<\/strong> \u017dem\u0117s \u016bkio \u012frangoje, tokioje kaip derliaus nu\u0117mimo ma\u0161inos ir s\u0117jamosios, svirties cilindras valdo valdymo svir\u010di\u0173 jud\u0117jim\u0105, atlikdamas tokias u\u017eduotis kaip s\u0117ja, tr\u0119\u0161imas ir derliaus nu\u0117mimas.<\/li>\n<li><strong>Kasyba:<\/strong> Kasybos \u012frangoje svirties cilindras yra atsakingas u\u017e kasybos ma\u0161in\u0173 svirties jud\u0117jimo valdym\u0105, leid\u017eiant\u012f i\u0161gauti ir transportuoti r\u016bd\u0105.<\/li>\n<li><strong>Logistika ir transportas:<\/strong> \u0160akiniuose krautuvuose ir krovini\u0173 krovimo robotuose svirties cilindras valdo \u0161aki\u0173 k\u0117lim\u0105 ir jud\u0117jim\u0105, palengvindamas med\u017eiag\u0173 tvarkym\u0105 ir krovim\u0105.<\/li>\n<\/ol>\n<h2>Projektavimo aspektai ir atrankos kriterijai<\/h2>\n<p>Projektuojant ir renkantis cilindro formos ranken\u0105, reikia atsi\u017evelgti \u012f kelis svarbius veiksnius:<\/p>\n<ol>\n<li><strong>Apkrovos paj\u0117gumas:<\/strong> Cilindro svirtis turi atlaikyti maksimali\u0105 apkrov\u0105, su kuria susidurs eksploatacijos metu.<\/li>\n<li><strong>Sandarinimas:<\/strong> Siekiant u\u017etikrinti efektyv\u0173 sandarinim\u0105, tur\u0117t\u0173 b\u016bti naudojami \u012fvair\u016bs sandarinimo komponentai, tokie kaip st\u016bmokli\u0173 ir kot\u0173 sandarikliai. \u0160ie sandarikliai da\u017enai gaminami i\u0161 atspari\u0173 dilimui med\u017eiag\u0173, toki\u0173 kaip poliuretanas ir nitrilo kau\u010diukas.<\/li>\n<li><strong>Patvarumas:<\/strong> Cilindro korpusas ir srieginiai galai turi b\u016bti kruop\u0161\u010diai apdorojami, kad b\u016bt\u0173 pagerintas atsparumas dilimui ir bendras patvarumas.<\/li>\n<li><strong>Saugumas:<\/strong> Kad b\u016bt\u0173 i\u0161vengta perkrovos ir u\u017etikrintas saugus veikimas, hidraulin\u0117je sistemoje tur\u0117t\u0173 b\u016bti \u012frengtos saugos priemon\u0117s, tokios kaip sl\u0117gio ma\u017einimo vo\u017etuvai.<\/li>\n<li><strong>Prie\u017ei\u016bra:<\/strong> Norint u\u017etikrinti tinkam\u0105 veikim\u0105 ir pailginti svirties cilindro tarnavimo laik\u0105, b\u016btina reguliariai tepti tinkama hidrauline alyva ir periodi\u0161kai tikrinti.<\/li>\n<\/ol>\n<p><img decoding=\"async\" src=\"https:\/\/www.hydraulic-cylinders.net\/wp-content\/uploads\/2025\/01\/songte-cylinder-head-with-all-kinds-excavator-models.webp\"><\/p>\n<h2>Sandarinimas ir tepimas<\/h2>\n<p>Svirtiniame cilindre naudojami \u012fvair\u016bs sandarinimo komponentai, tokie kaip st\u016bmokli\u0173 ir kot\u0173 sandarikliai, kurie pagaminti i\u0161 atspari\u0173 dilimui med\u017eiag\u0173, toki\u0173 kaip poliuretanas ir nitrilo kau\u010diukas. Cilindro korpusas ir srieginiai galai yra kruop\u0161\u010diai apdorojami, kad padid\u0117t\u0173 atsparumas dilimui. Norint u\u017etikrinti skland\u0173 veikim\u0105, reikia reguliariai tepti tinkama hidrauline alyva.<\/p>\n<h2>Reguliarus patikrinimas ir prevencin\u0117 prie\u017ei\u016bra<\/h2>\n<p>Norint u\u017etikrinti optimal\u0173 svirties cilindro veikim\u0105 ir ilgaam\u017ei\u0161kum\u0105, reikia imtis \u0161i\u0173 prevencini\u0173 priemoni\u0173:<\/p>\n<ol>\n<li>Reguliariai tikrinkite cilindr\u0105, ar n\u0117ra nuot\u0117kio, pa\u017eeidimo ar susid\u0117v\u0117jimo po\u017eymi\u0173.<\/li>\n<li>Patikrinkite hidraulin\u0119 sistem\u0105, ar joje tinkamas sl\u0117gis, skys\u010di\u0173 lygis ir filtravimas.<\/li>\n<li>\u012esitikinkite, kad visos hidraulin\u0117s jungtys yra sandarios ir saugios.<\/li>\n<li>Nedelsdami pakeiskite visus susid\u0117v\u0117jusius ar pa\u017eeistus sandariklius.<\/li>\n<li>Laikykit\u0117s gamintojo rekomenduojamo technin\u0117s prie\u017ei\u016bros grafiko ir nurodym\u0173.<\/li>\n<\/ol>\n<h2>Diegimo vadovas<\/h2>\n<p>Tinkamas svirties cilindro montavimas yra b\u016btinas, kad jis efektyviai veikt\u0173. Atlikite \u0161iuos veiksmus:<\/p>\n<ol>\n<li>Prie\u0161 montuodami \u012fsitikinkite, kad hidraulin\u0117je sistemoje n\u0117ra sl\u0117gio.<\/li>\n<li>Nuvalykite tvirtinimo pavir\u0161ius ir pa\u0161alinkite visas \u0161iuk\u0161les.<\/li>\n<li>Sulygiuokite cilindr\u0105 su tvirtinimo ta\u0161kais ir pritvirtinkite j\u012f atitinkamais var\u017etais arba tvirtinimo detal\u0117mis.<\/li>\n<li>\u012esitikinkite, kad visos hidraulin\u0117s jungtys yra tinkamai prijungtos ir tvirtai pritvirtintos.<\/li>\n<li>Patikrinkite tinkam\u0105 i\u0161lyginim\u0105 ir jud\u0117jimo laisv\u0119.<\/li>\n<\/ol>\n<p><img decoding=\"async\" src=\"https:\/\/www.hydraulic-cylinders.net\/wp-content\/uploads\/2025\/01\/songte-bushings-with-all-kinds-of-excavator-models.webp\"><\/p>\n<h2>Saugos aspektai ir aplinkos veiksniai<\/h2>\n<p>Naudojant svirtin\u012f cilindr\u0105, labai svarbu teikti pirmenyb\u0119 saugos priemon\u0117ms. Reikia laikytis saugos priemoni\u0173, kad b\u016bt\u0173 i\u0161vengta nelaiming\u0173 atsitikim\u0173 ir u\u017etikrinta operatori\u0173 bei aplinkini\u0173 asmen\u0173 gerov\u0117. Taip pat reik\u0117t\u0173 atsi\u017evelgti \u012f aplinkos veiksnius, tokius kaip temperat\u016bra ir dr\u0117gm\u0117, siekiant palaikyti optimalias cilindro veikimo s\u0105lygas.<\/p>\n<h2>Trik\u010di\u0173 \u0161alinimas ir da\u017eniausiai pasitaikan\u010dios problemos<\/h2>\n<p>Jei atsiranda koki\u0173 nors problem\u0173 su svirties cilindru ar jo veikimu, galima imtis \u0161i\u0173 trik\u010di\u0173 \u0161alinimo veiksm\u0173:<\/p>\n<ol>\n<li>Patikrinkite, ar n\u0117ra hidraulinio skys\u010dio nuot\u0117ki\u0173, ir \u012fsitikinkite, kad visos jungtys yra sandarios.<\/li>\n<li>Patikrinkite sandariklius, ar n\u0117ra pa\u017eeidim\u0173 ar susid\u0117v\u0117jimo po\u017eymi\u0173, ir prireikus pakeiskite.<\/li>\n<li>Patikrinkite, ar hidraulin\u0117je sistemoje yra tinkamas sl\u0117gis.<\/li>\n<li>Patikrinkite, ar n\u0117ra kli\u016b\u010di\u0173 ar trukd\u017ei\u0173 cilindro jud\u0117jimui.<\/li>\n<li>Konkre\u010dias problemas ir sprendimus rasite gamintojo trik\u010di\u0173 \u0161alinimo vadove.<\/li>\n<\/ol>\n<p><img decoding=\"async\" src=\"https:\/\/www.hydraulic-cylinders.net\/wp-content\/uploads\/2025\/01\/songte-chushion-collar.webp\"><\/p>\n<p>Nepamir\u0161kite straipsn\u012f strukt\u016brizuoti logi\u0161kai, naudoti paantra\u0161tes lengvam nar\u0161ymui ir \u012ftraukti atitinkam\u0173 vaizd\u0173 ar diagram\u0173, kad b\u016bt\u0173 lengviau suprasti. \u012esitikinkite, kad turinys yra ai\u0161kus, glaustas ir tinkamas skirting\u0173 technini\u0173 \u017eini\u0173 lygi\u0173 skaitytojams.<\/p>\n<h2>Apie mus<\/h2>\n<p>Esame profesionalus pakaitini\u0173 hidraulini\u0173 cilindr\u0173 gamintojas, si\u016blantis plat\u0173 gamini\u0173 asortiment\u0105. Tapome vienu i\u0161 pirmaujan\u010di\u0173 hidraulini\u0173 cilindr\u0173 gamintoj\u0173 ir didmenini\u0173 platintoj\u0173 tiek vidaus, tiek tarptautin\u0117se rinkose. Siekdami meistri\u0161kumo, nuolat tobuliname savo technines \u017einias ir gamybos efektyvum\u0105, taikydami tobulus gamybos procesus ir naudodami pa\u017eangi\u0105 skaitmenin\u0119 gamybos \u012frang\u0105 bei profesionalias bandym\u0173 sistemas. Siekiame patenkinti \u012fvairius klient\u0173 poreikius, vadovaudamiesi efektyvumo, tikslumo ir auk\u0161tos kokyb\u0117s principais.<\/p>\n<p><img decoding=\"async\" src=\"https:\/\/www.hydraulic-cylinders.net\/wp-content\/uploads\/2025\/01\/songte-company-4.webp\"><br \/>\n<img decoding=\"async\" src=\"https:\/\/www.hydraulic-cylinders.net\/wp-content\/uploads\/2025\/01\/songte-company-3.webp\"><\/p>\n<p>M\u016bs\u0173 \u012fmon\u0117 \u017einoma d\u0117l:<\/p>\n<ul>\n<li>Profesionalumas ir kompetencija<\/li>\n<li>Tarptautiniai sertifikatai<\/li>\n<li>Pritaikymo paslaugos<\/li>\n<li>Pa\u017eangiausia gamybos \u012franga<\/li>\n<li>Puikus aptarnavimas po pardavimo<\/li>\n<\/ul>\n<p>Autorius: lyl<\/p>","protected":false},"excerpt":{"rendered":"<p>Arm Cylinder For Sumitomo Large Excavator SH300-5 Introduction The Arm Cylinder is a specially designed hydraulic cylinder that provides linear motion and power to the arm of various machinery, such as excavators, cranes, and robotic arms. It plays a crucial role in hydraulic systems, allowing for efficient movement and control of additional tools or attachments. [&hellip;]<\/p>","protected":false},"featured_media":14783,"comment_status":"open","ping_status":"closed","template":"","meta":{"_et_pb_use_builder":"","_et_pb_old_content":"","_et_gb_content_width":""},"product_brand":[],"product_cat":[1497],"product_tag":[1498,1496],"class_list":{"0":"post-16114","1":"product","2":"type-product","3":"status-publish","4":"has-post-thumbnail","6":"product_cat-arm-cylinders","7":"product_tag-arm-cylinders","8":"product_tag-hydraulic-cylinders","10":"first","11":"instock","12":"shipping-taxable","13":"product-type-simple"},"amp_enabled":true,"_links":{"self":[{"href":"https:\/\/www.hydraulic-cylinders.net\/lt\/wp-json\/wp\/v2\/product\/16114","targetHints":{"allow":["GET"]}}],"collection":[{"href":"https:\/\/www.hydraulic-cylinders.net\/lt\/wp-json\/wp\/v2\/product"}],"about":[{"href":"https:\/\/www.hydraulic-cylinders.net\/lt\/wp-json\/wp\/v2\/types\/product"}],"replies":[{"embeddable":true,"href":"https:\/\/www.hydraulic-cylinders.net\/lt\/wp-json\/wp\/v2\/comments?post=16114"}],"wp:featuredmedia":[{"embeddable":true,"href":"https:\/\/www.hydraulic-cylinders.net\/lt\/wp-json\/wp\/v2\/media\/14783"}],"wp:attachment":[{"href":"https:\/\/www.hydraulic-cylinders.net\/lt\/wp-json\/wp\/v2\/media?parent=16114"}],"wp:term":[{"taxonomy":"product_brand","embeddable":true,"href":"https:\/\/www.hydraulic-cylinders.net\/lt\/wp-json\/wp\/v2\/product_brand?post=16114"},{"taxonomy":"product_cat","embeddable":true,"href":"https:\/\/www.hydraulic-cylinders.net\/lt\/wp-json\/wp\/v2\/product_cat?post=16114"},{"taxonomy":"product_tag","embeddable":true,"href":"https:\/\/www.hydraulic-cylinders.net\/lt\/wp-json\/wp\/v2\/product_tag?post=16114"}],"curies":[{"name":"wp","href":"https:\/\/api.w.org\/{rel}","templated":true}]}}