{"id":16120,"date":"2025-01-20T08:30:54","date_gmt":"2025-01-20T08:30:54","guid":{"rendered":"https:\/\/www.hydraulic-cylinders.net\/product\/arm-cylinderfor-jcb-small-excavator-js13lc\/"},"modified":"2025-01-20T08:31:01","modified_gmt":"2025-01-20T08:31:01","slug":"arm-cylinderfor-jcb-small-excavator-js13lc","status":"publish","type":"product","link":"https:\/\/www.hydraulic-cylinders.net\/lt\/produktas\/arm-cylinderfor-jcb-small-excavator-js13lc\/","title":{"rendered":"JCB ma\u017eo ekskavatoriaus JS13LC rankenos cilindras"},"content":{"rendered":"<p>JCB ma\u017eo ekskavatoriaus JS13LC svirties cilindras: apibr\u0117\u017eimas ir paai\u0161kinimas<\/p>\n<p>Svirties cilindras yra specializuotas hidraulinis cilindras, skirtas pirmiausia u\u017etikrinti tiesin\u012f jud\u0117jim\u0105 ir gali\u0105 \u012fvairi\u0173 tip\u0173 ma\u0161in\u0173, toki\u0173 kaip ekskavatoriai, kranai ir mechanin\u0117s svirtys, svirtims. Svirties cilindras atlieka labai svarb\u0173 vaidmen\u012f hidraulin\u0117je sistemoje, nes leid\u017eia efektyviai jud\u0117ti ir valdyti papildomus \u012frankius ar priedus. \u0160ie cilindrai ne tik u\u017etikrina skland\u0173 jud\u0117jim\u0105, bet ir atlaiko dideles apkrovas, u\u017etikrindami efektyv\u0173 ma\u0161in\u0173 veikim\u0105 ir patikimum\u0105 \u012fvairiomis eksploatavimo s\u0105lygomis.<\/p>\n<p>JCB ma\u017eo ekskavatoriaus JS13LC svirties cilindras: savyb\u0117s<\/p>\n<p>Svirtiniai cilindrai pasi\u017eymi keliomis savyb\u0117mis, d\u0117l kuri\u0173 jie yra labai efektyv\u016bs ir patikimi dirbant su \u012fvairi\u0173 tip\u0173 \u012franga. \u0160tai penkios tokios savyb\u0117s:<\/p>\n<p>1. Didelio efektyvumo transmisija: Svirties cilindras u\u017etikrina galing\u0105 tiesin\u012f judes\u012f ir j\u0117g\u0105, u\u017etikrindamas didel\u012f mechanin\u0117s svirties efektyvum\u0105 atliekant \u012fvairias operacijas.<\/p>\n<p>2. Tikslus valdymas: Hidraulin\u0117s sistemos d\u0117ka rankos cilindras gali tiksliai valdyti judes\u012f, tod\u0117l papildom\u0173 \u012franki\u0173 valdymas tampa lankstesnis ir tikslesnis.<\/p>\n<p>3. Didelis patvarumas: Svirtiniai cilindrai paprastai gaminami i\u0161 didelio stiprumo med\u017eiag\u0173, pasi\u017eymin\u010di\u0173 puikiu atsparumu dilimui ir korozijai, tod\u0117l jie tinkami ilgalaikiam naudojimui at\u0161iauriomis s\u0105lygomis.<\/p>\n<p>4. Daugiafunkcinis pritaikomumas: \u0160ie cilindrai gali b\u016bti pla\u010diai naudojami \u012fvairi\u0173 tip\u0173 mechanin\u0117je \u012frangoje, pavyzd\u017eiui, ekskavatoriuose, kranuose ir mechanin\u0117se rankose, kad b\u016bt\u0173 pritaikyti prie skirting\u0173 darbo reikalavim\u0173.<\/p>\n<p>5. Lengva prie\u017ei\u016bra: Projektuojant atsi\u017evelgiama \u012f paprast\u0105 prie\u017ei\u016br\u0105 ir keitim\u0105, tod\u0117l reguliari ap\u017ei\u016bra ir prie\u017ei\u016bra yra patogesn\u0117, o \u012frangos prastova sutrump\u0117ja.<\/p>\n<p>JCB ma\u017eo ekskavatoriaus JS13LC svirties cilindras: pritaikymas<\/p>\n<p>Svirties cilindras turi \u012fvairi\u0173 pritaikym\u0173 \u012fvairiose srityse, tokiose kaip:<\/p>\n<p>1. Statybos in\u017einerija: ekskavatoriuose ir kranuose svirties cilindras naudojamas kau\u0161\u0173 arba str\u0117li\u0173 jud\u0117jimui valdyti atliekant \u017eem\u0117s darbus, tvarkant med\u017eiagas ir montuojant konstrukcijas.<\/p>\n<p>2. Gamybos pramon\u0117: Automatizuotose gamybos linijose svirties cilindras naudojamas mechanin\u0117ms svirtims judinti surinkimo, suvirinimo ir tvarkymo procesuose, siekiant padidinti gamybos efektyvum\u0105 ir tikslum\u0105.<\/p>\n<p>3. \u017dem\u0117s \u016bkio technika: \u017dem\u0117s \u016bkio technikoje, pavyzd\u017eiui, derliaus nu\u0117mimo ir s\u0117jamosiose, svirties cilindras valdo valdymo svirties judes\u012f atliekant tokias u\u017eduotis kaip s\u0117ja, tr\u0119\u0161imas ir derliaus nu\u0117mimas.<\/p>\n<p>4. Kasyba: Kasybos \u012frangoje rankos cilindras valdo kasybos \u012frangos rankos jud\u0117jim\u0105 r\u016bdos gavybai ir tvarkymui.<\/p>\n<p>5. Logistika ir transportavimas: \u0160akiniuose krautuvuose ir krovini\u0173 krovimo robotuose svirties cilindras naudojamas krovinio \u0161aki\u0173 k\u0117limui ir jud\u0117jimui valdyti, kad b\u016bt\u0173 galima transportuoti ir krauti med\u017eiagas.<\/p>\n<p>JCB ma\u017eo ekskavatoriaus JS13LC svirties cilindras: projektavimo aspektai ir atrankos kriterijai<\/p>\n<p>Svirtiniai cilindrai projektuojami atsi\u017evelgiant \u012f \u012fvairius aspektus, tokius kaip laikomoji galia, sandarumas, ilgaam\u017ei\u0161kumas, saugumas ir prie\u017ei\u016bra. \u0160tai keletas aptartin\u0173 punkt\u0173:<\/p>\n<p>1. Apkrovos paj\u0117gumas: Svirties cilindras turi b\u016bti suprojektuotas taip, kad atlaikyt\u0173 dideles apkrovas ir j\u0117gas, atsirandan\u010dias d\u0117l \u012fvairi\u0173 eksploatavimo s\u0105lyg\u0173.<\/p>\n<p>2. Sandarinimas: Siekiant i\u0161vengti hidraulini\u0173 skys\u010di\u0173 nuot\u0117kio, turi b\u016bti naudojami \u012fvair\u016bs sandarinimo komponentai, tokie kaip st\u016bmokli\u0173 sandarikliai, stryp\u0173 sandarikliai ir kt.<\/p>\n<p>3. Patvarumas: Cilindro konstrukcija turi b\u016bti pagaminta i\u0161 med\u017eiag\u0173, kurios yra atsparios dilimui, korozijai ir gali atlaikyti at\u0161iaurias aplinkos s\u0105lygas.<\/p>\n<p>4. Sauga: Svirties cilindras turi b\u016bti suprojektuotas su saugos funkcijomis, tokiomis kaip sl\u0117gio ma\u017einimo vo\u017etuvai, kad b\u016bt\u0173 i\u0161vengta nelaiming\u0173 atsitikim\u0173.<\/p>\n<p>5. Prie\u017ei\u016bra: projektuojant reik\u0117t\u0173 atsi\u017evelgti \u012f komponent\u0173 prie\u017ei\u016bros ir keitimo paprastum\u0105, kad reguliari \u012frangos patikra ir prie\u017ei\u016bra b\u016bt\u0173 patogesn\u0117, o prastova sutrump\u0117t\u0173.<\/p>\n<p>JCB ma\u017eo ekskavatoriaus JS13LC svirties cilindras: sandarinimas ir tepimas<\/p>\n<p>Siekiant i\u0161vengti hidraulini\u0173 skys\u010di\u0173 nuot\u0117kio, turi b\u016bti naudojami \u012fvair\u016bs sandarinimo komponentai, tokie kaip st\u016bmokli\u0173 sandarikliai, stryp\u0173 sandarikliai ir kt. Sandarinimo komponentai turi b\u016bti pagaminti i\u0161 atspari\u0173 dilimui med\u017eiag\u0173, toki\u0173 kaip poliuretanas ir nitrilo kau\u010diukas. Cilindro galvut\u0117, cilindro korpusas ir srieginis galas turi b\u016bti kruop\u0161\u010diai apdoroti, kad b\u016bt\u0173 padidintas atsparumas dilimui. Cilindr\u0105 reikia reguliariai tepti tinkamu kiekiu hidraulin\u0117s alyvos, kad b\u016bt\u0173 u\u017etikrintas sklandus ir efektyvus veikimas.<\/p>\n<p>JCB ma\u017eo ekskavatoriaus JS13LC svirties cilindras: reguliari ap\u017ei\u016bra ir prevencin\u0117s prie\u017ei\u016bros priemon\u0117s<\/p>\n<p>Norint u\u017etikrinti efektyv\u0173 ir saug\u0173 svirties cilindro veikim\u0105, b\u016btina reguliariai j\u012f ap\u017ei\u016br\u0117ti. \u0160tai kelios prevencin\u0117s prie\u017ei\u016bros priemon\u0117s:<\/p>\n<p>1. Reguliariai tikrinkite cilindro ir vis\u0173 jo komponent\u0173 vientisum\u0105.<\/p>\n<p>2. Patikrinkite sandarinimo komponentus, ar jie nesusid\u0117v\u0117j\u0119, ir prireikus juos pakeiskite.<\/p>\n<p>3. \u012epilkite reikiam\u0105 kiek\u012f hidraulin\u0117s alyvos ir reguliariai j\u0105 keiskite.<\/p>\n<p>4. Patikrinkite sl\u0117gio ma\u017einimo vo\u017etuv\u0105, kad u\u017etikrintum\u0117te saug\u0173 veikim\u0105.<\/p>\n<p>5. Atlikite profilaktin\u0119 prie\u017ei\u016br\u0105 ir keiskite komponentus pagal cilindro eksploatavimo laik\u0105.<\/p>\n<p>JCB ma\u017eo ekskavatoriaus JS13LC svirties cilindras: gaminio montavimo vadovas<\/p>\n<p>Nor\u0117dami sumontuoti rankenos cilindr\u0105, atlikite \u0161iuos veiksmus:<\/p>\n<p>1. Atid\u017eiai ap\u017ei\u016br\u0117kite nauj\u0105 cilindr\u0105, ar n\u0117ra pa\u017eeidim\u0173 ar defekt\u0173.<\/p>\n<p>2. \u012esitikinkite, kad visi sandarikliai ir tarpin\u0117s yra savo vietose ir geros b\u016bkl\u0117s.<\/p>\n<p>3. Sumontuokite cilindr\u0105 nurodytoje vietoje, vadovaudamiesi gamintojo instrukcijomis.<\/p>\n<p>4. Prijunkite hidraulines linijas ir jungiam\u0105sias detales pagal gamintojo instrukcijas.<\/p>\n<p>5. Patikrinkite cilindro veikim\u0105 ir ar n\u0117ra nuot\u0117ki\u0173.<\/p>\n<p>JCB ma\u017eo ekskavatoriaus JS13LC svirties cilindras: saugos aspektai ir aplinkos veiksniai<\/p>\n<p>Saugumas yra labai svarbus valdant svirties cilindr\u0105. Laikykit\u0117s \u0161i\u0173 saugos priemoni\u0173:<\/p>\n<p>1. D\u0117v\u0117kite tinkamas apsaugos priemones, pvz., pir\u0161tines ir akinius.<\/p>\n<p>2. Prie\u0161 naudodami svirties cilindr\u0105, \u012fsitikinkite, kad \u012franga tinkamai pritvirtinta ir stabilizuota.<\/p>\n<p>3. Visada naudokite cilindr\u0105 gamintojo nurodytose ribose.<\/p>\n<p>4. Reguliariai tikrinkite cilindr\u0105, ar jis nepa\u017eeistas ar nesusid\u0117v\u0117j\u0119s.<\/p>\n<p>Aplinkos veiksniai, tokie kaip temperat\u016bra ir dr\u0117gm\u0117, gali tur\u0117ti \u012ftakos svirties cilindro veikimui. Norint u\u017etikrinti optimal\u0173 veikim\u0105, b\u016btina cilindr\u0105 naudoti gamintojo nurodytomis aplinkos s\u0105lygomis.<\/p>\n<p>JCB ma\u017eo ekskavatoriaus JS13LC svirties cilindras: trik\u010di\u0173 \u0161alinimas ir da\u017eniausios problemos<\/p>\n<p>\u0160tai keletas da\u017eniausiai pasitaikan\u010di\u0173 problem\u0173, kurios gali kilti naudojant svirties cilindr\u0105:<\/p>\n<p>1. Hidraulinio skys\u010dio nuot\u0117kis d\u0117l pa\u017eeist\u0173 sandarikli\u0173 ar tarpikli\u0173.<\/p>\n<p>2. Neefektyvus cilindro veikimas d\u0117l hidraulinio skys\u010dio u\u017eter\u0161imo arba nepakankamo tepimo.<\/p>\n<p>3. Suged\u0119s arba u\u017estrig\u0119s cilindras d\u0117l pa\u017eeist\u0173 komponent\u0173 arba pa\u0161alini\u0173 objekt\u0173.<\/p>\n<p>Nor\u0117dami i\u0161spr\u0119sti \u0161ias problemas, atlikite \u0161iuos veiksmus:<\/p>\n<p>1. Nustatykite problem\u0105 ir jos prie\u017east\u012f.<\/p>\n<p>2. Laikykit\u0117s gamintojo nurodym\u0173, kaip pakeisti pa\u017eeistus komponentus arba i\u0161valyti u\u017eter\u0161tus hidraulinius skys\u010dius.<\/p>\n<p>3. Reguliariai tikrinkite ir pri\u017ei\u016br\u0117kite cilindr\u0105, kad i\u0161vengtum\u0117te galim\u0173 problem\u0173.<\/p>\n<p>JCB ma\u017eo ekskavatoriaus JS13LC svirties cilindras: i\u0161vada<\/p>\n<p>B\u016bdami profesional\u016bs pakaitini\u0173 hidraulini\u0173 cilindr\u0173 gamintojai, si\u016blome plat\u0173 gamini\u0173 asortiment\u0105 ir tapome vienais i\u0161 pirmaujan\u010di\u0173 hidraulini\u0173 cilindr\u0173 gamintoj\u0173 ir didmenini\u0173 platintoj\u0173 vidaus ir tarptautin\u0117se rinkose. Visada laikom\u0117s puikios kokyb\u0117s principo, nuolat tobuliname savo technologijas ir gamybos efektyvum\u0105 bei siekiame patenkinti \u012fvairius klient\u0173 poreikius, si\u016blydami efektyvius, tikslius ir auk\u0161tos kokyb\u0117s produktus. M\u016bs\u0173 \u012fmon\u0117 yra labai specializuota, tarptautiniu mastu sertifikuota ir si\u016blo klientams individualiai pritaikytas paslaugas, pa\u017eangi\u0105 gamybos \u012frang\u0105 ir puik\u0173 aptarnavim\u0105 po pardavimo.<\/p>","protected":false},"excerpt":{"rendered":"<p>Arm Cylinder for JCB Small Excavator JS13LC: Definition and Explanation Arm cylinder is a specialized hydraulic cylinder designed primarily to provide linear motion and power to the arms of various types of machinery, such as excavators, cranes, and mechanical arms. The arm cylinder plays a critical role in the hydraulic system, enabling the effective movement [&hellip;]<\/p>","protected":false},"featured_media":14766,"comment_status":"open","ping_status":"closed","template":"","meta":{"_et_pb_use_builder":"","_et_pb_old_content":"","_et_gb_content_width":""},"product_brand":[],"product_cat":[1497],"product_tag":[1498,1496],"class_list":{"0":"post-16120","1":"product","2":"type-product","3":"status-publish","4":"has-post-thumbnail","6":"product_cat-arm-cylinders","7":"product_tag-arm-cylinders","8":"product_tag-hydraulic-cylinders","10":"first","11":"instock","12":"shipping-taxable","13":"product-type-simple"},"amp_enabled":true,"_links":{"self":[{"href":"https:\/\/www.hydraulic-cylinders.net\/lt\/wp-json\/wp\/v2\/product\/16120","targetHints":{"allow":["GET"]}}],"collection":[{"href":"https:\/\/www.hydraulic-cylinders.net\/lt\/wp-json\/wp\/v2\/product"}],"about":[{"href":"https:\/\/www.hydraulic-cylinders.net\/lt\/wp-json\/wp\/v2\/types\/product"}],"replies":[{"embeddable":true,"href":"https:\/\/www.hydraulic-cylinders.net\/lt\/wp-json\/wp\/v2\/comments?post=16120"}],"wp:featuredmedia":[{"embeddable":true,"href":"https:\/\/www.hydraulic-cylinders.net\/lt\/wp-json\/wp\/v2\/media\/14766"}],"wp:attachment":[{"href":"https:\/\/www.hydraulic-cylinders.net\/lt\/wp-json\/wp\/v2\/media?parent=16120"}],"wp:term":[{"taxonomy":"product_brand","embeddable":true,"href":"https:\/\/www.hydraulic-cylinders.net\/lt\/wp-json\/wp\/v2\/product_brand?post=16120"},{"taxonomy":"product_cat","embeddable":true,"href":"https:\/\/www.hydraulic-cylinders.net\/lt\/wp-json\/wp\/v2\/product_cat?post=16120"},{"taxonomy":"product_tag","embeddable":true,"href":"https:\/\/www.hydraulic-cylinders.net\/lt\/wp-json\/wp\/v2\/product_tag?post=16120"}],"curies":[{"name":"wp","href":"https:\/\/api.w.org\/{rel}","templated":true}]}}