{"id":16130,"date":"2025-01-20T08:31:47","date_gmt":"2025-01-20T08:31:47","guid":{"rendered":"https:\/\/www.hydraulic-cylinders.net\/product\/arm-cylinderfor-caterpillar-small-excavator-e312dl\/"},"modified":"2025-01-20T08:31:49","modified_gmt":"2025-01-20T08:31:49","slug":"arm-cylinderfor-caterpillar-small-excavator-e312dl","status":"publish","type":"product","link":"https:\/\/www.hydraulic-cylinders.net\/lt\/produktas\/arm-cylinderfor-caterpillar-small-excavator-e312dl\/","title":{"rendered":"Svirties cilindras Caterpillar ma\u017eam ekskavatoriui E312DL"},"content":{"rendered":"<p>Svirties cilindras Caterpillar ma\u017eam ekskavatoriui E312DL<\/p>\n<p>Svirties cilindras yra specialiai suprojektuotas hidraulinis cilindras, daugiausia naudojamas linijiniam judesiui ir galiai u\u017etikrinti \u012fvairi\u0173 ma\u0161in\u0173, toki\u0173 kaip ekskavatoriai, kranai ir mechanin\u0117s svirtys, svirtims. Svirties cilindras atlieka pagrindin\u012f vaidmen\u012f hidraulin\u0117je sistemoje, leisdamas papildomiems \u012frankiams ar priedams jud\u0117ti ir b\u016bti efektyviai valdomiems. \u0160ie cilindrai ne tik u\u017etikrina skland\u0173 jud\u0117jim\u0105, bet ir atlaiko dideles apkrovas, u\u017etikrindami efektyv\u0173 ma\u0161in\u0173 veikim\u0105 ir patikimum\u0105 \u012fvairiomis darbo s\u0105lygomis.<\/p>\n<p><img decoding=\"async\" src=\"https:\/\/www.hydraulic-cylinders.net\/wp-content\/uploads\/2025\/01\/songte-company-2.webp\"\/><\/p>\n<p>Savyb\u0117s:<br \/>\n\u2013 Didelio efektyvumo transmisija: Svirties cilindras u\u017etikrina stipr\u0173 tiesin\u012f judes\u012f ir j\u0117g\u0105, u\u017etikrindamas didel\u012f mechanin\u0117s svirties efektyvum\u0105 atliekant \u012fvairias operacijas.<br \/>\n\u2013 Tikslus valdymas: Svirties cilindras gali tiksliai valdyti judes\u012f per hidraulin\u0119 sistem\u0105, tod\u0117l papildom\u0173 \u012franki\u0173 valdymas tampa lankstesnis ir tikslesnis.<br \/>\n\u2013 Didelis patvarumas: Svirties cilindras paprastai pagamintas i\u0161 didelio stiprumo med\u017eiag\u0173, kurios pasi\u017eymi geru atsparumu dilimui ir korozijai, tod\u0117l tinka ilgalaikiam naudojimui at\u0161iauriomis s\u0105lygomis.<br \/>\n\u2013 Daugiafunkcis pritaikomumas: \u0160ie cilindrai gali b\u016bti pla\u010diai naudojami \u012fvairiuose mechaniniuose \u012frenginiuose, tokiuose kaip ekskavatoriai, kranai ir mechanin\u0117s svirtys, kad atitikt\u0173 skirtingus darbo reikalavimus.<br \/>\n\u2013 Lengva prie\u017ei\u016bra: konstrukcija skirta lengvam prie\u017ei\u016bros ir keitimo procesui, tod\u0117l reguliari ap\u017ei\u016bra ir technin\u0117 prie\u017ei\u016bra yra patogesn\u0117, o \u012frangos prastovos laikas sutrump\u0117ja.<\/p>\n<p>Galime pagaminti \u0161\u012f produkt\u0105, kuris puikiai pakeis \u0161iuos hidraulinius cilindrus.<\/p>\n<p><img decoding=\"async\" src=\"https:\/\/www.hydraulic-cylinders.net\/wp-content\/uploads\/2025\/01\/songte-oil-pipes-and-spare-parts.webp\"\/><\/p>\n<p>Parai\u0161kos:<br \/>\n\u2013 Statybos in\u017einerija: ekskavatoriuose ir kranuose str\u0117li\u0173 cilindrai naudojami kau\u0161\u0173 ar str\u0117li\u0173 jud\u0117jimui valdyti atliekant \u017eem\u0117s darbus, med\u017eiag\u0173 tvarkym\u0105 ir konstrukcij\u0173 montavim\u0105.<br \/>\n\u2013 Gamybos pramon\u0117: Automatizuotose gamybos linijose ranken\u0173 cilindrai naudojami mechanini\u0173 ranken\u0173 judinimui surinkimo, suvirinimo ir tvarkymo procesuose, taip pagerinant gamybos efektyvum\u0105 ir tikslum\u0105.<br \/>\n\u2013 \u017dem\u0117s \u016bkio technika: \u017dem\u0117s \u016bkio technikoje, pavyzd\u017eiui, derliaus nu\u0117mimo ir sodinamosiose, svir\u010di\u0173 cilindrai valdo valdymo svir\u010di\u0173 jud\u0117jim\u0105, kad b\u016bt\u0173 galima atlikti tokias u\u017eduotis kaip s\u0117ja, tr\u0119\u0161imas ir derliaus nu\u0117mimas.<br \/>\n\u2013 Kasyba: Kasybos \u012frangoje svir\u010di\u0173 cilindrai naudojami kasybos \u012frangos svir\u010di\u0173 jud\u0117jimui valdyti r\u016bdos kasybai ir tvarkymui.<br \/>\n\u2013 Logistika ir transportas: \u0160akiniuose krautuvuose ir krovini\u0173 tvarkymo robotuose svir\u010di\u0173 cilindrai naudojami krovinini\u0173 \u0161aki\u0173 k\u0117limui ir jud\u0117jimui valdyti, taip u\u017etikrinant med\u017eiag\u0173 tvarkym\u0105 ir krovim\u0105.<\/p>\n<p>Projektavimo aspektai ir atrankos kriterijai:<br \/>\n\u2013 Keliamoji galia: Svirties cilindras turi tur\u0117ti pakankam\u0105 keliam\u0105j\u0105 gali\u0105, kad mechanin\u0117 svirtis gal\u0117t\u0173 veikti saugiai ir efektyviai.<br \/>\n\u2013 Sandarinimas: Svirtiniam cilindrui reikalingi \u012fvair\u016bs sandarinimo komponentai, tokie kaip st\u016bmoklio sandarinimo \u017eiedai ir strypo sandarinimo \u017eiedai, kurie tur\u0117t\u0173 b\u016bti pagaminti i\u0161 atspari\u0173 dilimui med\u017eiag\u0173, toki\u0173 kaip poliuretanas ir nitrilo kau\u010diukas.<br \/>\n\u2013 Patvarumas: Cilindro korpusas ir sriegio galo pavir\u0161ius turi b\u016bti kruop\u0161\u010diai apdirbti, kad b\u016bt\u0173 padidintas atsparumas dilimui.<br \/>\n\u2013 Sauga: Svirties cilindras turi atitikti saugos standartus, kad b\u016bt\u0173 u\u017etikrintas personalo ir \u012frangos saugumas naudojimo metu.<br \/>\n\u2013 Prie\u017ei\u016bra: projektuojant reik\u0117t\u0173 atsi\u017evelgti \u012f prie\u017ei\u016bros ir keitimo paprastum\u0105, kad reguliari ap\u017ei\u016bra ir prie\u017ei\u016bra b\u016bt\u0173 patogesni.<\/p>\n<p><img decoding=\"async\" src=\"https:\/\/www.hydraulic-cylinders.net\/wp-content\/uploads\/2025\/01\/songte-cylinder-head-with-all-kinds-excavator-models.webp\"\/><\/p>\n<p>Sandarinimas ir tepimas:<br \/>\nSvirties cilindre tur\u0117t\u0173 b\u016bti naudojami \u012fvair\u016bs sandarinimo komponentai, tokie kaip st\u016bmoklio sandarinimo \u017eiedai ir strypo sandarinimo \u017eiedai. Pasirinkti sandarinimo komponentai tur\u0117t\u0173 b\u016bti pagaminti i\u0161 atspari\u0173 dilimui med\u017eiag\u0173, toki\u0173 kaip poliuretanas ir nitrilo kau\u010diukas. Cilindro korpusas ir sriegio galo pavir\u0161ius tur\u0117t\u0173 b\u016bti kruop\u0161\u010diai apdirbti, kad b\u016bt\u0173 padidintas atsparumas dilimui. Svirties cilindr\u0105 reikia reguliariai tepti tinkamu hidraulin\u0117s alyvos kiekiu, kad b\u016bt\u0173 u\u017etikrintas sklandus veikimas.<\/p>\n<p>Reguliarios patikros ir prevencin\u0117s prie\u017ei\u016bros priemon\u0117s:<br \/>\nNorint u\u017etikrinti tinkam\u0105 svirties cilindro veikim\u0105, b\u016btina reguliariai j\u012f ap\u017ei\u016br\u0117ti. Prevencin\u0117s prie\u017ei\u016bros priemon\u0117s apima savalaik\u012f susid\u0117v\u0117jusi\u0173 komponent\u0173 keitim\u0105 ir vidini\u0173 bei i\u0161orini\u0173 pavir\u0161i\u0173 valym\u0105.<\/p>\n<p>Diegimo vadovas:<br \/>\n1. \u012esitikinkite, kad tvirtinimo pavir\u0161ius yra lygus ir \u0161varus.<br \/>\n2. Sumontuokite cilindr\u0105 pagal ant cilindro korpuso pa\u017eym\u0117t\u0105 montavimo pad\u0117t\u012f.<br \/>\n3. Prijunkite hidraulines \u017earnas prie cilindro \u012fleidimo ir i\u0161leidimo ang\u0173.<br \/>\n4. Atlikite bandom\u0105j\u012f paleidim\u0105, kad \u012fsitikintum\u0117te, jog veikia tinkamai.<\/p>\n<p><img decoding=\"async\" src=\"https:\/\/www.hydraulic-cylinders.net\/wp-content\/uploads\/2025\/01\/songte-bushings-with-all-kinds-of-excavator-models.webp\"\/><\/p>\n<p>Saugos aspektai ir aplinkos veiksniai:<br \/>\nSvirties cilindras turi b\u016bti valdomas laikantis saugos standart\u0173, siekiant i\u0161vengti nelaiming\u0173 atsitikim\u0173 ir u\u017etikrinti personalo bei \u012frangos saug\u0105. Rekomenduojama naudoti aplinkai nekenksming\u0105 hidraulin\u0119 alyv\u0105, kad b\u016bt\u0173 suma\u017eintas poveikis aplinkai.<\/p>\n<p>Trik\u010di\u0173 \u0161alinimas ir da\u017eniausios problemos:<br \/>\n\u2013 Nepakankama j\u0117gos i\u0161eiga: patikrinkite hidraulin\u0117s sistemos sl\u0117g\u012f ir sraut\u0105.<br \/>\n\u2013 Nuot\u0117kis: patikrinkite sandarinimo komponentus ir priver\u017ekite tvirtinimo var\u017etus.<br \/>\n\u2013 Ne\u012fprastas triuk\u0161mas: patikrinkite, ar n\u0117ra pa\u017eeist\u0173 komponent\u0173 ir ar jie netinkamai sumontuoti.<\/p>\n<p>Gedim\u0173 \u0161alinimo ir prevencijos priemon\u0117s:<br \/>\nGreitas susid\u0117v\u0117jusi\u0173 komponent\u0173 keitimas, reguliari ap\u017ei\u016bra ir prie\u017ei\u016bra bei tinkamas naudojimas ir eksploatavimas gali pad\u0117ti i\u0161vengti gedim\u0173 ir u\u017etikrinti tinkam\u0105 svirties cilindro veikim\u0105.<\/p>\n<p><img decoding=\"async\" src=\"https:\/\/www.hydraulic-cylinders.net\/wp-content\/uploads\/2025\/01\/songte-chushion-collar.webp\"\/><\/p>\n<p>Esame profesionalus alternatyvi\u0173 hidraulini\u0173 cilindr\u0173 gamintojas, si\u016blantis plat\u0173 gamini\u0173 asortiment\u0105 ir tap\u0119s vienu i\u0161 pirmaujan\u010di\u0173 hidraulini\u0173 cilindr\u0173 gamintoj\u0173 ir didmenini\u0173 platintoj\u0173 vidaus ir tarptautin\u0117se rinkose. Visada laikom\u0117s puikios kokyb\u0117s principo ir nuolat tobuliname savo technologijas bei gamybos efektyvum\u0105, pasitelkdami puikias gamybos dirbtuves ir industrializuotas gamybos valdymo strategijas. \u012ediegdami pa\u017eangi\u0105 skaitmenin\u0119 gamybos \u012frang\u0105 ir profesionalias testavimo sistemas, nuolat optimizuojame gamybos platform\u0105, tobuliname gamini\u0173 kokyb\u0117s kontrol\u0117s proces\u0105 ir turime stiprias inovacij\u0173 galimybes. M\u016bs\u0173 tikslas \u2013 patenkinti \u012fvairius klient\u0173 poreikius, taikant didelio efektyvumo, tikslumo ir auk\u0161tos kokyb\u0117s principus.<\/p>\n<p>M\u016bs\u0173 \u012fmon\u0117 teikia profesionalias paslaugas, \u012fskaitant tarptautin\u012f sertifikavim\u0105, individualiai pritaikytas paslaugas, gamybos \u012frang\u0105 ir garantin\u012f aptarnavim\u0105.<\/p>\n<p><img decoding=\"async\" src=\"https:\/\/www.hydraulic-cylinders.net\/wp-content\/uploads\/2025\/01\/songte-company-4.webp\"\/><\/p>\n<p><img decoding=\"async\" src=\"https:\/\/www.hydraulic-cylinders.net\/wp-content\/uploads\/2025\/01\/songte-company-3.webp\"\/><\/p>\n<p>Autorius: lyl.<\/p>","protected":false},"excerpt":{"rendered":"<p>Arm Cylinder for Caterpillar Small Excavator E312DL Arm cylinder is a specially designed hydraulic cylinder that is mainly used to provide linear motion and power to the arms of various machinery, such as excavators, cranes, and mechanical arms. The arm cylinder plays a key role in the hydraulic system, allowing additional tools or attachments to [&hellip;]<\/p>","protected":false},"featured_media":14766,"comment_status":"open","ping_status":"closed","template":"","meta":{"_et_pb_use_builder":"","_et_pb_old_content":"","_et_gb_content_width":""},"product_brand":[],"product_cat":[1497],"product_tag":[1498,1496],"class_list":{"0":"post-16130","1":"product","2":"type-product","3":"status-publish","4":"has-post-thumbnail","6":"product_cat-arm-cylinders","7":"product_tag-arm-cylinders","8":"product_tag-hydraulic-cylinders","10":"first","11":"instock","12":"shipping-taxable","13":"product-type-simple"},"amp_enabled":true,"_links":{"self":[{"href":"https:\/\/www.hydraulic-cylinders.net\/lt\/wp-json\/wp\/v2\/product\/16130","targetHints":{"allow":["GET"]}}],"collection":[{"href":"https:\/\/www.hydraulic-cylinders.net\/lt\/wp-json\/wp\/v2\/product"}],"about":[{"href":"https:\/\/www.hydraulic-cylinders.net\/lt\/wp-json\/wp\/v2\/types\/product"}],"replies":[{"embeddable":true,"href":"https:\/\/www.hydraulic-cylinders.net\/lt\/wp-json\/wp\/v2\/comments?post=16130"}],"wp:featuredmedia":[{"embeddable":true,"href":"https:\/\/www.hydraulic-cylinders.net\/lt\/wp-json\/wp\/v2\/media\/14766"}],"wp:attachment":[{"href":"https:\/\/www.hydraulic-cylinders.net\/lt\/wp-json\/wp\/v2\/media?parent=16130"}],"wp:term":[{"taxonomy":"product_brand","embeddable":true,"href":"https:\/\/www.hydraulic-cylinders.net\/lt\/wp-json\/wp\/v2\/product_brand?post=16130"},{"taxonomy":"product_cat","embeddable":true,"href":"https:\/\/www.hydraulic-cylinders.net\/lt\/wp-json\/wp\/v2\/product_cat?post=16130"},{"taxonomy":"product_tag","embeddable":true,"href":"https:\/\/www.hydraulic-cylinders.net\/lt\/wp-json\/wp\/v2\/product_tag?post=16130"}],"curies":[{"name":"wp","href":"https:\/\/api.w.org\/{rel}","templated":true}]}}