{"id":16144,"date":"2025-01-20T08:33:03","date_gmt":"2025-01-20T08:33:03","guid":{"rendered":"https:\/\/www.hydraulic-cylinders.net\/product\/arm-cylinderfor-caterpillar-small-excavator-e313d2\/"},"modified":"2025-01-20T08:33:10","modified_gmt":"2025-01-20T08:33:10","slug":"arm-cylinderfor-caterpillar-small-excavator-e313d2","status":"publish","type":"product","link":"https:\/\/www.hydraulic-cylinders.net\/lt\/produktas\/arm-cylinderfor-caterpillar-small-excavator-e313d2\/","title":{"rendered":"Svirties cilindras Caterpillar ma\u017eam ekskavatoriui E313D2"},"content":{"rendered":"<h1>\u201eCaterpillar\u201c ma\u017eo ekskavatoriaus E313D2 rankenos cilindras<\/h1>\n<h2>\u012evadas<\/h2>\n<p>Svirties cilindras yra specialiai suprojektuotas hidraulinis cilindras, u\u017etikrinantis tiesin\u012f jud\u0117jim\u0105 ir gali\u0105 \u012fvairi\u0173 mechanizm\u0173, toki\u0173 kaip ekskavatoriai, kranai ir robotin\u0117s svirtys, svir\u010diai. Jis atlieka labai svarb\u0173 vaidmen\u012f hidraulin\u0117se sistemose, nes leid\u017eia efektyviai jud\u0117ti ir valdyti papildomus \u012frankius ar priedus. \u0160ie cilindrai ne tik u\u017etikrina skland\u0173 veikim\u0105, bet ir atlaiko dideles apkrovas, u\u017etikrindami auk\u0161t\u0105 mechanizm\u0173 efektyvum\u0105 ir patikimum\u0105 \u012fvairiomis darbo s\u0105lygomis.<\/p>\n<p><img decoding=\"async\" src=\"https:\/\/www.hydraulic-cylinders.net\/wp-content\/uploads\/2025\/01\/songte-company-2.webp\"><\/p>\n<h2>Savyb\u0117s<\/h2>\n<ul>\n<li><strong>Didelio efektyvumo transmisija:<\/strong> Svirties cilindras u\u017etikrina galing\u0105 tiesin\u012f judes\u012f ir j\u0117g\u0105, u\u017etikrindamas auk\u0161t\u0105 ma\u0161inos svirties na\u0161um\u0105.<\/li>\n<li><strong>Tikslus valdymas:<\/strong> Hidraulin\u0117s sistemos d\u0117ka svirties cilindras u\u017etikrina tiksl\u0173 judesio valdym\u0105, tod\u0117l pritvirtint\u0173 \u012franki\u0173 valdymas yra lankstesnis ir tikslesnis.<\/li>\n<li><strong>Patvarumas:<\/strong> Svirtiniai cilindrai paprastai gaminami i\u0161 didelio stiprumo med\u017eiag\u0173, pasi\u017eymin\u010di\u0173 puikiu atsparumu dilimui ir korozijai, tod\u0117l jie tinkami ilgalaikiam naudojimui at\u0161iauriomis s\u0105lygomis.<\/li>\n<li><strong>Daugiafunkcinis prisitaikymas:<\/strong> \u0160ie cilindrai yra pla\u010diai pritaikomi \u012fvairiuose mechaniniuose \u012frenginiuose, tokiuose kaip ekskavatoriai, kranai ir robotin\u0117s rankos, prisitaikant prie skirting\u0173 darbo reikalavim\u0173.<\/li>\n<li><strong>Lengva prie\u017ei\u016bra:<\/strong> Sukurtas lengvam techniniam aptarnavimui ir keitimui, svirties cilindras palengvina reguliarias patikras ir technin\u0119 prie\u017ei\u016br\u0105, taip suma\u017einant \u012frangos prastov\u0173 laik\u0105.<\/li>\n<\/ul>\n<p><img decoding=\"async\" src=\"https:\/\/www.hydraulic-cylinders.net\/wp-content\/uploads\/2025\/01\/songte-oil-pipes-and-spare-parts.webp\"><\/p>\n<h2>Parai\u0161kos<\/h2>\n<ul>\n<li><strong>Statybos in\u017einerija:<\/strong> Svirtiniai cilindrai valdo kau\u0161\u0173 arba str\u0117li\u0173 jud\u0117jim\u0105 ekskavatoriuose ir kranuose, leisdami atlikti \u017eem\u0117s darbus, med\u017eiag\u0173 tvarkym\u0105 ir konstrukcij\u0173 montavim\u0105.<\/li>\n<li><strong>Gamybos pramon\u0117:<\/strong> Automatizuotose gamybos linijose ranken\u0173 cilindrai palengvina robotini\u0173 rank\u0173 jud\u0117jim\u0105 surinkimo, suvirinimo ir med\u017eiag\u0173 tvarkymo procesuose, pagerindami gamybos efektyvum\u0105 ir tikslum\u0105.<\/li>\n<li><strong>\u017dem\u0117s \u016bkio technika:<\/strong> Svirtiniai cilindrai valdo \u017eem\u0117s \u016bkio technikos, tokios kaip derliaus nu\u0117mimo ma\u0161inos ir s\u0117jamosios, valdymo svirteli\u0173 jud\u0117jim\u0105, atlikdami tokias u\u017eduotis kaip s\u0117ja, tr\u0119\u0161imas ir derliaus nu\u0117mimas.<\/li>\n<li><strong>Kasyba:<\/strong> Svirtiniai cilindrai naudojami kasybos \u012frangoje, siekiant valdyti kasybos svirtini\u0173 cilindr\u0173 jud\u0117jim\u0105, palengvinant r\u016bd\u0173 gavyb\u0105 ir transportavim\u0105.<\/li>\n<li><strong>Logistika ir transportas:<\/strong> \u0160akini\u0173 krautuv\u0173 ir robot\u0173 svir\u010di\u0173 cilindrai valdo \u0161aki\u0173 k\u0117lim\u0105 ir jud\u0117jim\u0105, taip \u012fgalindami med\u017eiag\u0173 tvarkym\u0105 ir krovim\u0105.<\/li>\n<\/ul>\n<h2>Projektavimo aspektai ir atrankos kriterijai<\/h2>\n<ul>\n<li><strong>Apkrovos paj\u0117gumas:<\/strong> Svirtiniai cilindrai yra sukurti taip, kad atlaikyt\u0173 konkre\u010dias apkrovas, u\u017etikrindami saug\u0173 ir efektyv\u0173 veikim\u0105.<\/li>\n<li><strong>Sandarinimas:<\/strong> Siekiant i\u0161vengti nuot\u0117kio ir u\u017etikrinti tinkam\u0105 veikim\u0105, naudojami \u012fvair\u016bs sandarikliai, pavyzd\u017eiui, st\u016bmokli\u0173 ir kot\u0173 sandarikliai. \u0160ie sandarikliai pagaminti i\u0161 atspari\u0173 dilimui med\u017eiag\u0173, toki\u0173 kaip poliuretanas ir nitrilo kau\u010diukas.<\/li>\n<li><strong>Patvarumas:<\/strong> Cilindro korpusas ir srieginiai galai yra kruop\u0161\u010diai apdorojami, siekiant padidinti atsparum\u0105 dilimui ir pailginti cilindro tarnavimo laik\u0105.<\/li>\n<li><strong>Saugumas:<\/strong> Svirtiniai cilindrai suprojektuoti su saugos funkcijomis, kurios padeda i\u0161vengti nelaiming\u0173 atsitikim\u0173 ir u\u017etikrinti operatoriaus gerov\u0119 darbo metu.<\/li>\n<li><strong>Prie\u017ei\u016bra:<\/strong> Projektuojant atsi\u017evelgiama \u012f lengv\u0105 prie\u017ei\u016br\u0105 ir remont\u0105, taip suma\u017einant prastovas ir padidinant na\u0161um\u0105.<\/li>\n<\/ul>\n<p><img decoding=\"async\" src=\"https:\/\/www.hydraulic-cylinders.net\/wp-content\/uploads\/2025\/01\/songte-cylinder-head-with-all-kinds-excavator-models.webp\"><\/p>\n<h2>Sandarinimas ir tepimas<\/h2>\n<p>Svirtiniuose cilindruose naudojami \u012fvair\u016bs sandarinimo komponentai, tokie kaip st\u016bmokli\u0173 ir kot\u0173 sandarikliai, pagaminti i\u0161 atspari\u0173 dilimui med\u017eiag\u0173, toki\u0173 kaip poliuretanas ir nitrilo kau\u010diukas. Cilindro korpusas ir srieginiai galai yra kruop\u0161\u010diai apdoroti, siekiant pagerinti atsparum\u0105 dilimui. Norint u\u017etikrinti skland\u0173 veikim\u0105 ir pailginti cilindro tarnavimo laik\u0105, b\u016btina reguliariai tepti tinkama hidrauline alyva.<\/p>\n<h2>Reguliarus patikrinimas ir prevencin\u0117 prie\u017ei\u016bra<\/h2>\n<ul>\n<li>Reguliariai tikrinkite svirties cilindr\u0105, ar n\u0117ra susid\u0117v\u0117jimo, nuot\u0117kio ar pa\u017eeidim\u0173 po\u017eymi\u0173.<\/li>\n<li>Patikrinkite ir prireikus pakeiskite sandariklius ir kitus komponentus.<\/li>\n<li>Palaikykite tinkam\u0105 tepim\u0105 reguliariai pildami rekomenduojam\u0105 hidraulin\u0117s alyvos kiek\u012f.<\/li>\n<li>Laikykit\u0117s gamintojo nurodym\u0173 d\u0117l technin\u0117s prie\u017ei\u016bros interval\u0173 ir proced\u016br\u0173.<\/li>\n<\/ul>\n<h2>Produkto diegimo vadovas<\/h2>\n<p>Tinkamas svirties cilindro montavimas yra labai svarbus optimaliam veikimui ir saugumui. Atlikite \u0161iuos veiksmus:<\/p>\n<ol>\n<li>U\u017etikrinkite, kad mechanizmas b\u016bt\u0173 saugioje ir stabilioje pad\u0117tyje.<\/li>\n<li>Atsargiai sulygiuokite svirties cilindr\u0105 su tvirtinimo ta\u0161kais ant mechanizmo.<\/li>\n<li>Tvirtai pritvirtinkite cilindr\u0105 naudodami nurodytus var\u017etus ir tvirtinimo detales.<\/li>\n<li>Patikrinkite, ar n\u0117ra nesuderinamumo ar trukd\u017ei\u0173, ir atlikite reikiamus pakeitimus.<\/li>\n<li>Dar kart\u0105 patikrinkite visas jungtis ir \u012fsitikinkite, kad hidraulin\u0117s linijos yra tinkamai nukreiptos.<\/li>\n<\/ol>\n<p><img decoding=\"async\" src=\"https:\/\/www.hydraulic-cylinders.net\/wp-content\/uploads\/2025\/01\/songte-bushings-with-all-kinds-of-excavator-models.webp\"><\/p>\n<h2>Saugos aspektai ir aplinkos veiksniai<\/h2>\n<p>Dirbant su hidrauliniais cilindrais, labai svarbu teikti pirmenyb\u0119 saugos priemon\u0117ms d\u0117l galimos rizikos. Saugos gairi\u0173 laikymasis ir tinkam\u0173 asmenini\u0173 apsaugos priemoni\u0173 (AAP) naudojimas yra labai svarb\u016bs siekiant i\u0161vengti nelaiming\u0173 atsitikim\u0173 ir u\u017etikrinti operatori\u0173 gerov\u0119. Be to, atsi\u017evelgiant \u012f aplinkos veiksnius, tokius kaip tinkamas hidraulini\u0173 skys\u010di\u0173 \u0161alinimas, galima suma\u017einti neigiam\u0105 poveik\u012f aplinkai.<\/p>\n<h2>Trik\u010di\u0173 \u0161alinimas ir da\u017eniausiai pasitaikan\u010dios problemos<\/h2>\n<p>Da\u017eniausios problemos, galin\u010dios kilti d\u0117l svirties cilindro, yra nuot\u0117kis, suma\u017e\u0117j\u0119s na\u0161umas ir ne\u012fprasti triuk\u0161mai. \u0160tai keletas trik\u010di\u0173 \u0161alinimo patarim\u0173 ir sprendim\u0173:<\/p>\n<ul>\n<li>Jei yra nuot\u0117kis, patikrinkite ir pakeiskite pa\u017eeistus sandariklius ar kitus susid\u0117v\u0117jusius komponentus.<\/li>\n<li>Jei na\u0161umas suma\u017e\u0117j\u0119s, patikrinkite hidraulinio skys\u010dio lyg\u012f ir sl\u0117g\u012f bei u\u017etikrinkite tinkam\u0105 sutepim\u0105.<\/li>\n<li>Jei girdite ne\u012fprastus garsus, patikrinkite, ar n\u0117ra atsilaisvinusi\u0173 ar pa\u017eeist\u0173 dali\u0173, ir atitinkamai jas priver\u017ekite arba pakeiskite.<\/li>\n<\/ul>\n<p><img decoding=\"async\" src=\"https:\/\/www.hydraulic-cylinders.net\/wp-content\/uploads\/2025\/01\/songte-chushion-collar.webp\"><\/p>\n<p>Nepamir\u0161kite straipsn\u012f strukt\u016brizuoti logi\u0161kai, naudodami paantra\u0161tes, kad b\u016bt\u0173 lengviau nar\u0161yti. \u012etraukite atitinkamus vaizdus ar diagramas, kad b\u016bt\u0173 lengviau suprasti. \u012esitikinkite, kad turinys yra ai\u0161kus, glaustas ir tinkamas skaitytojams, turintiems skirting\u0105 technini\u0173 \u017eini\u0173 lyg\u012f. <\/p>\n<h2>Apie mus<\/h2>\n<p>Esame profesionalus pakaitini\u0173 hidraulini\u0173 cilindr\u0173 gamintojas, si\u016blantis plat\u0173 gamini\u0173 asortiment\u0105. Tapome vienu i\u0161 pirmaujan\u010di\u0173 gamintoj\u0173 ir didmenini\u0173 platintoj\u0173 vidaus ir tarptautin\u0117se rinkose. M\u016bs\u0173 \u012fsipareigojimas siekti meistri\u0161kumo skatina mus nuolat tobulinti savo technines \u017einias ir gamybos efektyvum\u0105. \u012ediegdami pa\u017eangi\u0105 skaitmenin\u0119 gamybos \u012frang\u0105 ir profesionalias testavimo sistemas, optimizuojame savo gamybos platform\u0105 ir tobuliname gamini\u0173 kokyb\u0117s kontrol\u0117s procesus. Sutelkdami d\u0117mes\u012f \u012f efektyvum\u0105, tikslum\u0105 ir auk\u0161t\u0105 kokyb\u0119, siekiame patenkinti \u012fvairius m\u016bs\u0173 klient\u0173 poreikius.<\/p>\n<p><img decoding=\"async\" src=\"https:\/\/www.hydraulic-cylinders.net\/wp-content\/uploads\/2025\/01\/songte-company-4.webp\"><br \/>\n<img decoding=\"async\" src=\"https:\/\/www.hydraulic-cylinders.net\/wp-content\/uploads\/2025\/01\/songte-company-3.webp\"><\/p>\n<p>Autorius: lyl<\/p>","protected":false},"excerpt":{"rendered":"<p>Arm Cylinder for Caterpillar Small Excavator E313D2 Introduction The Arm Cylinder is a specially designed hydraulic cylinder that provides linear motion and power to the arm of various machinery, such as excavators, cranes, and robotic arms. It plays a crucial role in hydraulic systems, enabling efficient movement and control of additional tools or attachments. These [&hellip;]<\/p>","protected":false},"featured_media":14783,"comment_status":"open","ping_status":"closed","template":"","meta":{"_et_pb_use_builder":"","_et_pb_old_content":"","_et_gb_content_width":""},"product_brand":[],"product_cat":[1497],"product_tag":[1498,1496],"class_list":{"0":"post-16144","1":"product","2":"type-product","3":"status-publish","4":"has-post-thumbnail","6":"product_cat-arm-cylinders","7":"product_tag-arm-cylinders","8":"product_tag-hydraulic-cylinders","10":"first","11":"instock","12":"shipping-taxable","13":"product-type-simple"},"amp_enabled":true,"_links":{"self":[{"href":"https:\/\/www.hydraulic-cylinders.net\/lt\/wp-json\/wp\/v2\/product\/16144","targetHints":{"allow":["GET"]}}],"collection":[{"href":"https:\/\/www.hydraulic-cylinders.net\/lt\/wp-json\/wp\/v2\/product"}],"about":[{"href":"https:\/\/www.hydraulic-cylinders.net\/lt\/wp-json\/wp\/v2\/types\/product"}],"replies":[{"embeddable":true,"href":"https:\/\/www.hydraulic-cylinders.net\/lt\/wp-json\/wp\/v2\/comments?post=16144"}],"wp:featuredmedia":[{"embeddable":true,"href":"https:\/\/www.hydraulic-cylinders.net\/lt\/wp-json\/wp\/v2\/media\/14783"}],"wp:attachment":[{"href":"https:\/\/www.hydraulic-cylinders.net\/lt\/wp-json\/wp\/v2\/media?parent=16144"}],"wp:term":[{"taxonomy":"product_brand","embeddable":true,"href":"https:\/\/www.hydraulic-cylinders.net\/lt\/wp-json\/wp\/v2\/product_brand?post=16144"},{"taxonomy":"product_cat","embeddable":true,"href":"https:\/\/www.hydraulic-cylinders.net\/lt\/wp-json\/wp\/v2\/product_cat?post=16144"},{"taxonomy":"product_tag","embeddable":true,"href":"https:\/\/www.hydraulic-cylinders.net\/lt\/wp-json\/wp\/v2\/product_tag?post=16144"}],"curies":[{"name":"wp","href":"https:\/\/api.w.org\/{rel}","templated":true}]}}