{"id":16167,"date":"2025-01-20T08:35:15","date_gmt":"2025-01-20T08:35:15","guid":{"rendered":"https:\/\/www.hydraulic-cylinders.net\/product\/arm-cylinderfor-caterpillar-large-excavator-e329dzl\/"},"modified":"2025-01-20T08:35:17","modified_gmt":"2025-01-20T08:35:17","slug":"arm-cylinderfor-caterpillar-large-excavator-e329dzl","status":"publish","type":"product","link":"https:\/\/www.hydraulic-cylinders.net\/lt\/produktas\/arm-cylinderfor-caterpillar-large-excavator-e329dzl\/","title":{"rendered":"Svirties cilindras, skirtas \u201eCaterpillar\u201c dideliems ekskavatoriams E329DZL"},"content":{"rendered":"<p>\u201eCaterpillar\u201c didelio ekskavatoriaus E329DZL rankenos cilindras<\/p>\n<p>Svirties cilindras yra hidraulinio cilindro tipas, specialiai sukurtas u\u017etikrinti tiesin\u012f jud\u0117jim\u0105 ir gali\u0105 \u012fvairi\u0173 tip\u0173 ma\u0161inoms, tokioms kaip ekskavatoriai, kranai ir robotin\u0117s rankos. Svirties cilindras atlieka labai svarb\u0173 vaidmen\u012f hidraulin\u0117je sistemoje, nes leid\u017eia priedams ar priedams jud\u0117ti ir b\u016bti efektyviai valdomiems. \u0160ie cilindrai ne tik u\u017etikrina skland\u0173 jud\u0117jim\u0105, bet ir atlaiko dideles apkrovas, u\u017etikrindami efektyv\u0173 ma\u0161in\u0173 veikim\u0105 ir patikimum\u0105 \u012fvairiomis darbo s\u0105lygomis.<\/p>\n<p><img decoding=\"async\" src=\"https:\/\/www.hydraulic-cylinders.net\/wp-content\/uploads\/2025\/01\/songte-company-2.webp\"\/><\/p>\n<p>Savyb\u0117s:<\/p>\n<p>1. Efektyvus galios perdavimas: Svirties cilindras u\u017etikrina galing\u0105 tiesin\u012f judes\u012f ir j\u0117g\u0105, u\u017etikrindamas auk\u0161t\u0105 ma\u0161inos na\u0161um\u0105 atliekant \u012fvairias operacijas.<\/p>\n<p>2. Tikslus valdymas: Hidraulin\u0117s sistemos d\u0117ka rankos cilindras gali tiksliai valdyti judes\u012f, tod\u0117l pried\u0173 valdymas tampa lankstesnis ir tikslesnis.<\/p>\n<p>3. Didelis patvarumas: Svirtiniai cilindrai paprastai gaminami i\u0161 didelio stiprumo med\u017eiag\u0173 ir pasi\u017eymi geru atsparumu dilimui bei korozijai, tod\u0117l juos galima naudoti ilgalaik\u0117je aplinkoje.<\/p>\n<p>4. Daugiafunkcinis pritaikomumas: \u0160ie cilindrai gali b\u016bti pla\u010diai pritaikomi \u012fvairi\u0173 tip\u0173 ma\u0161inoms, tokioms kaip ekskavatoriai, kranai ir robotin\u0117s rankos, prisitaikant prie skirting\u0173 darbo reikalavim\u0173.<\/p>\n<p>5. Lengva prie\u017ei\u016bra: Projektuojant atsi\u017evelgiama \u012f paprast\u0105 prie\u017ei\u016br\u0105 ir keitim\u0105, tod\u0117l reguliari ap\u017ei\u016bra ir prie\u017ei\u016bra yra patogesn\u0117, o \u012frangos prastova sutrump\u0117ja.<\/p>\n<p>M\u016bs\u0173 gaminys gali puikiai pakeisti \u0161iuos hidraulinius cilindrus.<\/p>\n<p><img decoding=\"async\" src=\"https:\/\/www.hydraulic-cylinders.net\/wp-content\/uploads\/2025\/01\/songte-oil-pipes-and-spare-parts.webp\"\/><\/p>\n<p>Parai\u0161kos:<\/p>\n<p>1. Statybos in\u017einerija: ekskavatoriuose ir kranuose str\u0117li\u0173 cilindrai naudojami kau\u0161\u0173 arba str\u0117li\u0173 jud\u0117jimui valdyti atliekant \u017eem\u0117s darbus, med\u017eiag\u0173 tvarkym\u0105 ir konstrukcij\u0173 montavim\u0105.<\/p>\n<p>2. Gamybos pramon\u0117: Automatizuotose gamybos linijose robot\u0173 rankoms judinti naudojami rank\u0173 cilindrai, skirti surinkimo, suvirinimo ir tvarkymo procesams atlikti, taip pagerinant gamybos efektyvum\u0105 ir tikslum\u0105.<\/p>\n<p>3. \u017dem\u0117s \u016bkio technika: \u017dem\u0117s \u016bkio technikoje, pavyzd\u017eiui, derliaus nu\u0117mimo ir s\u0117jamosiose, svir\u010di\u0173 cilindrai valdo valdymo svir\u010di\u0173 jud\u0117jim\u0105, atlikdami tokias u\u017eduotis kaip sodinimas, tr\u0119\u0161imas ir derliaus nu\u0117mimas.<\/p>\n<p>4. Kasyba: Kasybos \u012frangoje svirties cilindrai naudojami svirties jud\u0117jimui valdyti, kasant ir transportuojant mineralus.<\/p>\n<p>5. Logistika ir transportavimas: \u0160akiniuose krautuvuose ir krovini\u0173 krovimo robotuose ranken\u0173 cilindrai naudojami \u0161aki\u0173 k\u0117limui ir jud\u0117jimui valdyti, u\u017etikrinant med\u017eiag\u0173 tvarkym\u0105 ir krovim\u0105.<\/p>\n<p>Projektavimo aspektai ir atrankos standartai:<\/p>\n<p>1. Apkrova: Svirties cilindras turi atlaikyti ma\u0161inos veikimo metu susidaran\u010di\u0105 apkrov\u0105 ir j\u0117g\u0105.<\/p>\n<p>2. Sandarinimas: Siekiant u\u017etikrinti ger\u0105 sandarum\u0105, reik\u0117t\u0173 naudoti \u012fvairius sandarinimo elementus, tokius kaip st\u016bmokli\u0173 ir stryp\u0173 sandarikliai, su dilimui atspariomis med\u017eiagomis, tokiomis kaip poliuretanas ir nitrilo kau\u010diukas.<\/p>\n<p>3. Patvarumas: Cilindro korpusas ir sriegio galo pavir\u0161ius turi b\u016bti kruop\u0161\u010diai apdoroti, kad b\u016bt\u0173 pagerintas atsparumas dilimui ir korozijai.<\/p>\n<p>4. Sauga: Siekiant i\u0161vengti nelaiming\u0173 atsitikim\u0173 d\u0117l sistemos perkrovos ar gedimo, tur\u0117t\u0173 b\u016bti \u012frengti apsauginiai vo\u017etuvai ir kiti saugos \u012ftaisai.<\/p>\n<p>5. Prie\u017ei\u016bra: Projektuojant reik\u0117t\u0173 atsi\u017evelgti \u012f prie\u017ei\u016bros ir remonto paprastum\u0105, suma\u017einant prastovas ir prie\u017ei\u016bros i\u0161laidas.<\/p>\n<p><img decoding=\"async\" src=\"https:\/\/www.hydraulic-cylinders.net\/wp-content\/uploads\/2025\/01\/songte-cylinder-head-with-all-kinds-excavator-models.webp\"\/><\/p>\n<p>Sandarinimas ir tepimas:<\/p>\n<p>Siekiant u\u017etikrinti ger\u0105 svirties cilindro sandarum\u0105, naudojami \u012fvair\u016bs sandarinimo komponentai, pavyzd\u017eiui, st\u016bmoklio ir koto sandarikliai i\u0161 atspari\u0173 dilimui med\u017eiag\u0173. Cilindro korpusas ir sriegio galo pavir\u0161ius yra kruop\u0161\u010diai apdirbti, siekiant pagerinti atsparum\u0105 dilimui ir korozijai. Norint u\u017etikrinti ger\u0105 tepimo efektyvum\u0105, reikia reguliariai \u012fpilti tinkam\u0105 hidraulin\u0117s alyvos kiek\u012f.<\/p>\n<p>Reguliarus patikrinimas ir prevencin\u0117 prie\u017ei\u016bra:<\/p>\n<p>Siekiant u\u017etikrinti normal\u0173 svirties cilindro veikim\u0105, reikia reguliariai tikrinti ir atlikti prevencines prie\u017ei\u016bros priemones. Tikrinami daugiausia sandarumo rodikliai, cilindro koto susid\u0117v\u0117jimas ir cilindro korpuso pa\u017eeidimai. Jei aptinkama koki\u0173 nors nukrypim\u0173, reikia laiku atlikti technin\u0119 prie\u017ei\u016br\u0105 arba pakeisti.<\/p>\n<p>Diegimo vadovas:<\/p>\n<p>1. Nuvalykite cilindro montavimo pavir\u0161i\u0173 ir montavimo viet\u0105.<\/p>\n<p>2. Sumontuokite cilindr\u0105 rodykl\u0117s nurodyta kryptimi.<\/p>\n<p>3. Tolygiai priver\u017ekite jungiamuosius var\u017etus, kad i\u0161vengtum\u0117te cilindro deformacijos ir pa\u017eeidimo.<\/p>\n<p><img decoding=\"async\" src=\"https:\/\/www.hydraulic-cylinders.net\/wp-content\/uploads\/2025\/01\/songte-bushings-with-all-kinds-of-excavator-models.webp\"\/><\/p>\n<p>Saugos aspektai ir aplinkos veiksniai:<\/p>\n<p>Svirties cilindro veikimui b\u016btinos saugos priemon\u0117s, pavyzd\u017eiui, vengti perkrovos ir laikytis teising\u0173 montavimo bei naudojimo proced\u016br\u0173. Norint pasirinkti tinkam\u0105 hidraulin\u0119 alyv\u0105, u\u017etikrinan\u010di\u0105 ger\u0105 veikim\u0105 ir tarnavimo laik\u0105, reikia atsi\u017evelgti \u012f aplinkos veiksnius, tokius kaip temperat\u016bra ir dr\u0117gm\u0117.<\/p>\n<p>Gedim\u0173 diagnostika ir da\u017eniausios problemos:<\/p>\n<p>Da\u017eniausios svirties cilindro problemos yra alyvos nuot\u0117kis, ne\u012fprastas triuk\u0161mas ir nepakankama galia. Prie\u017eastys gali b\u016bti sandarinimo komponent\u0173 susid\u0117v\u0117jimas, st\u016bmoklio koto pa\u017eeidimas arba hidraulin\u0117s sistemos gedimas. Norint i\u0161spr\u0119sti \u0161ias problemas, b\u016btina pakeisti pa\u017eeistus komponentus, suremontuoti arba pakeisti hidraulin\u0119 sistem\u0105 ir \u012fpilti atitinkamos hidraulin\u0117s alyvos.<\/p>\n<p>Esame profesionalus hidraulini\u0173 cilindr\u0173 gamintojas, si\u016blantis plat\u0173 gamini\u0173 asortiment\u0105 ir tap\u0119s vienu i\u0161 pirmaujan\u010di\u0173 hidraulini\u0173 cilindr\u0173 gamintoj\u0173 ir didmenini\u0173 platintoj\u0173 vidaus ir tarptautin\u0117se rinkose. Vadovaudamiesi puikios kokyb\u0117s principu ir puikia industrializuota gamybos valdymo strategija, sukurta moderniame gamybos ceche, nuolat tobuliname savo technin\u012f lyg\u012f ir gamybos efektyvum\u0105. M\u016bs\u0173 tikslas \u2013 patenkinti \u012fvairius klient\u0173 poreikius, vadovaujantis didelio efektyvumo, tikslumo ir auk\u0161tos kokyb\u0117s principais.<\/p>\n<p>M\u016bs\u0173 \u012fmon\u0117 taip pat teikia profesionalius tarptautinius sertifikatus, individualiai pritaikytas paslaugas, pa\u017eangi\u0105 gamybos \u012frang\u0105 ir i\u0161samias garantinio aptarnavimo paslaugas.<\/p>\n<p><img decoding=\"async\" src=\"https:\/\/www.hydraulic-cylinders.net\/wp-content\/uploads\/2025\/01\/songte-company-4.webp\"\/><\/p>\n<p><img decoding=\"async\" src=\"https:\/\/www.hydraulic-cylinders.net\/wp-content\/uploads\/2025\/01\/songte-company-3.webp\"\/><\/p>\n<p>Autorius: lyl<\/p>","protected":false},"excerpt":{"rendered":"<p>Arm Cylinder for Caterpillar Large Excavator E329DZL Arm cylinder is a type of hydraulic cylinder designed specifically to provide linear motion and power to various types of machinery, such as excavators, cranes, and robotic arms. The arm cylinder plays a critical role in the hydraulic system, making it possible for attachments or accessories to move [&hellip;]<\/p>","protected":false},"featured_media":14774,"comment_status":"open","ping_status":"closed","template":"","meta":{"_et_pb_use_builder":"","_et_pb_old_content":"","_et_gb_content_width":""},"product_brand":[],"product_cat":[1497],"product_tag":[1498,1496],"class_list":{"0":"post-16167","1":"product","2":"type-product","3":"status-publish","4":"has-post-thumbnail","6":"product_cat-arm-cylinders","7":"product_tag-arm-cylinders","8":"product_tag-hydraulic-cylinders","10":"first","11":"instock","12":"shipping-taxable","13":"product-type-simple"},"amp_enabled":true,"_links":{"self":[{"href":"https:\/\/www.hydraulic-cylinders.net\/lt\/wp-json\/wp\/v2\/product\/16167","targetHints":{"allow":["GET"]}}],"collection":[{"href":"https:\/\/www.hydraulic-cylinders.net\/lt\/wp-json\/wp\/v2\/product"}],"about":[{"href":"https:\/\/www.hydraulic-cylinders.net\/lt\/wp-json\/wp\/v2\/types\/product"}],"replies":[{"embeddable":true,"href":"https:\/\/www.hydraulic-cylinders.net\/lt\/wp-json\/wp\/v2\/comments?post=16167"}],"wp:featuredmedia":[{"embeddable":true,"href":"https:\/\/www.hydraulic-cylinders.net\/lt\/wp-json\/wp\/v2\/media\/14774"}],"wp:attachment":[{"href":"https:\/\/www.hydraulic-cylinders.net\/lt\/wp-json\/wp\/v2\/media?parent=16167"}],"wp:term":[{"taxonomy":"product_brand","embeddable":true,"href":"https:\/\/www.hydraulic-cylinders.net\/lt\/wp-json\/wp\/v2\/product_brand?post=16167"},{"taxonomy":"product_cat","embeddable":true,"href":"https:\/\/www.hydraulic-cylinders.net\/lt\/wp-json\/wp\/v2\/product_cat?post=16167"},{"taxonomy":"product_tag","embeddable":true,"href":"https:\/\/www.hydraulic-cylinders.net\/lt\/wp-json\/wp\/v2\/product_tag?post=16167"}],"curies":[{"name":"wp","href":"https:\/\/api.w.org\/{rel}","templated":true}]}}