{"id":16191,"date":"2025-01-20T08:38:30","date_gmt":"2025-01-20T08:38:30","guid":{"rendered":"https:\/\/www.hydraulic-cylinders.net\/product\/arm-cylinderfor-caterpillar-wheel-excavator-m217dz\/"},"modified":"2025-01-20T08:38:32","modified_gmt":"2025-01-20T08:38:32","slug":"arm-cylinderfor-caterpillar-wheel-excavator-m217dz","status":"publish","type":"product","link":"https:\/\/www.hydraulic-cylinders.net\/lt\/produktas\/arm-cylinderfor-caterpillar-wheel-excavator-m217dz\/","title":{"rendered":"Svirties cilindras, skirtas \u201eCaterpillar\u201c ratiniam ekskavatoriui M217DZ"},"content":{"rendered":"<h2>\u201eCaterpillar\u201c ratinio ekskavatoriaus M217DZ svirties cilindras<\/h2>\n<h3>\u012evadas<\/h3>\n<p>Svirties cilindras yra specialiai suprojektuotas hidraulinis cilindras, u\u017etikrinantis tiesin\u012f jud\u0117jim\u0105 ir gali\u0105 \u012fvairi\u0173 ma\u0161in\u0173, toki\u0173 kaip ekskavatoriai, kranai ir robotin\u0117s rankos, svirtims. Svirties cilindrai atlieka labai svarb\u0173 vaidmen\u012f hidraulin\u0117se sistemose, nes leid\u017eia efektyviai jud\u0117ti ir valdyti papildomus \u012frankius ar priedus. \u0160ie cilindrai ne tik u\u017etikrina skland\u0173 jud\u0117jim\u0105, bet ir atlaiko dideles apkrovas, u\u017etikrindami efektyv\u0173 ma\u0161in\u0173 veikim\u0105 ir patikimum\u0105 \u012fvairiomis darbo s\u0105lygomis.<\/p>\n<p><img decoding=\"async\" src=\"https:\/\/www.hydraulic-cylinders.net\/wp-content\/uploads\/2025\/01\/songte-company-2.webp\" alt=\"Svirties cilindro vaizdas\"><\/p>\n<h3>Savyb\u0117s<\/h3>\n<ul>\n<li>Didelio efektyvumo transmisija: Svirties cilindrai u\u017etikrina galing\u0105 tiesin\u012f judes\u012f ir j\u0117g\u0105, kad mechanin\u0117 svirtis b\u016bt\u0173 labai efektyvi atliekant \u012fvairias operacijas.<\/li>\n<li>Tikslus valdymas: Svirtiniai cilindrai gali tiksliai valdyti judes\u012f per hidraulines sistemas, tod\u0117l papildom\u0173 \u012franki\u0173 valdymas tampa lankstesnis ir tikslesnis.<\/li>\n<li>Didelis patvarumas: Svirtiniai cilindrai paprastai gaminami i\u0161 didelio stiprumo med\u017eiag\u0173 ir yra atspar\u016bs dilimui bei korozijai, tod\u0117l tinkami ilgalaikiam naudojimui at\u0161iauriomis s\u0105lygomis.<\/li>\n<li>Daugiafunkcis pritaikomumas: \u0160ie cilindrai gali b\u016bti pla\u010diai naudojami \u012fvairi\u0173 tip\u0173 ma\u0161inose, tokiose kaip ekskavatoriai, kranai ir robotin\u0117s rankos, prisitaikant prie skirting\u0173 darbo reikalavim\u0173.<\/li>\n<li>Lengva prie\u017ei\u016bra: sukurta taip, kad b\u016bt\u0173 lengva pri\u017ei\u016br\u0117ti ir keisti, reguliari ap\u017ei\u016bra ir technin\u0117 prie\u017ei\u016bra yra patogesn\u0117, tod\u0117l sutrump\u0117ja \u012frangos prastovos.<\/li>\n<\/ul>\n<p>M\u016bs\u0173 gaminys gali puikiai pakeisti \u0161iuos hidraulinius cilindrus.<\/p>\n<p><img decoding=\"async\" src=\"https:\/\/www.hydraulic-cylinders.net\/wp-content\/uploads\/2025\/01\/songte-oil-pipes-and-spare-parts.webp\" alt=\"Produkto vaizdas\"><\/p>\n<h3>Parai\u0161kos<\/h3>\n<ul>\n<li>Statybos in\u017einerija: ekskavatoriuose ir kranuose str\u0117li\u0173 cilindrai naudojami kau\u0161\u0173 ar str\u0117li\u0173 jud\u0117jimui valdyti atliekant \u017eem\u0117s darbus, med\u017eiag\u0173 tvarkym\u0105 ir konstrukcij\u0173 montavim\u0105.<\/li>\n<li>Gamybos pramon\u0117: Automatizuotose gamybos linijose robot\u0173 rankoms judinti naudojami rank\u0173 cilindrai, skirti surinkimo, suvirinimo ir tvarkymo procesams atlikti, taip pagerinant gamybos efektyvum\u0105 ir tikslum\u0105.<\/li>\n<li>\u017dem\u0117s \u016bkio technika: \u017dem\u0117s \u016bkio technikoje, pavyzd\u017eiui, derliaus nu\u0117mimo ir sodinimo ma\u0161inose, svir\u010di\u0173 cilindrai valdo valdymo svir\u010di\u0173 jud\u0117jim\u0105, kad b\u016bt\u0173 galima atlikti tokias u\u017eduotis kaip s\u0117ja, tr\u0119\u0161imas ir derliaus nu\u0117mimas.<\/li>\n<li>Kasyba: Kasybos \u012frangoje svir\u010di\u0173 cilindrai naudojami kasybos \u012frangos svir\u010di\u0173 jud\u0117jimui valdyti r\u016bdos kasybai ir tvarkymui.<\/li>\n<li>Logistika ir transportavimas: \u0160akiniuose krautuvuose ir krovini\u0173 krovimo robotuose ranken\u0173 cilindrai naudojami \u0161aki\u0173 k\u0117limui ir jud\u0117jimui valdyti, u\u017etikrinant med\u017eiag\u0173 tvarkym\u0105 ir krovim\u0105.<\/li>\n<\/ul>\n<h3>Projektavimo aspektai ir atrankos kriterijai<\/h3>\n<ul>\n<li>Geb\u0117jimas i\u0161laikyti: Svirtini\u0173 cilindr\u0173 geb\u0117jimas i\u0161laikyti yra pagrindinis projektavimo proceso aspektas, nes jie turi atlaikyti dideles apkrovas.<\/li>\n<li>Sandarinimas: Siekiant u\u017etikrinti efektyv\u0173 veikim\u0105 ir i\u0161vengti nuot\u0117kio, naudojami \u012fvair\u016bs sandarinimo komponentai, tokie kaip st\u016bmokli\u0173 sandarikliai, stryp\u0173 sandarikliai ir kt.<\/li>\n<li>Patvarumas: Svirtiniai cilindrai paprastai gaminami i\u0161 didelio stiprumo med\u017eiag\u0173, siekiant u\u017etikrinti, kad jie atlaikyt\u0173 at\u0161iaurias eksploatavimo s\u0105lygas ir per anksti nesugest\u0173.<\/li>\n<li>Sauga: Projektuojant svirtinius cilindrus, taip pat reikia atsi\u017evelgti \u012f saugos veiksnius, pavyzd\u017eiui, u\u017etikrinti, kad jie nesugest\u0173 ir nesuply\u0161t\u0173 eksploatacijos metu.<\/li>\n<li>Prie\u017ei\u016bra: Svirtiniai cilindrai yra suprojektuoti taip, kad juos b\u016bt\u0173 lengva pri\u017ei\u016br\u0117ti ir keisti, u\u017etikrinant minimal\u0173 \u012frangos prastovos laik\u0105.<\/li>\n<\/ul>\n<p><img decoding=\"async\" src=\"https:\/\/www.hydraulic-cylinders.net\/wp-content\/uploads\/2025\/01\/songte-cylinder-head-with-all-kinds-excavator-models.webp\" alt=\"Dizaino aspektai Vaizdas\"><\/p>\n<h3>Sandarinimas ir tepimas<\/h3>\n<p>Svirtiniuose cilindruose naudojami \u012fvair\u016bs sandarinimo komponentai, tokie kaip st\u016bmokli\u0173 ir kot\u0173 sandarikliai, siekiant u\u017etikrinti efektyv\u0173 veikim\u0105 ir i\u0161vengti nuot\u0117kio. Sandarikliai pagaminti i\u0161 atspari\u0173 dilimui med\u017eiag\u0173, toki\u0173 kaip poliuretanas ir nitrilo kau\u010diukas. Cilindro korpusas ir srieginis pavir\u0161ius yra kruop\u0161\u010diai apdirbti, siekiant pagerinti atsparum\u0105 dilimui. B\u016btina reguliariai \u012fpilti tinkam\u0105 kiek\u012f hidraulin\u0117s alyvos tepimui.<\/p>\n<h3>Prie\u017ei\u016bra ir trik\u010di\u0173 \u0161alinimas<\/h3>\n<p>Reguliarus patikrinimas ir profilaktin\u0117 prie\u017ei\u016bra yra svarb\u016bs norint pailginti svirtini\u0173 cilindr\u0173 tarnavimo laik\u0105. Da\u017enos problemos yra nuot\u0117kis, vibracija ir nepakankama galia. Nor\u0117dami diagnozuoti ir i\u0161spr\u0119sti \u0161ias problemas, galite per\u017ei\u016br\u0117ti gaminio vadov\u0105 arba susisiekti su m\u016bs\u0173 klient\u0173 aptarnavimo tarnyba. Norint i\u0161vengti toki\u0173 problem\u0173, b\u016btina laiku atlikti technin\u0119 prie\u017ei\u016br\u0105 ir remont\u0105.<\/p>\n<p><img decoding=\"async\" src=\"https:\/\/www.hydraulic-cylinders.net\/wp-content\/uploads\/2025\/01\/songte-chushion-collar.webp\" alt=\"Prie\u017ei\u016bros ir trik\u010di\u0173 \u0161alinimo vaizdas\"><\/p>\n<h3>\u012ediegimo vadovas<\/h3>\n<p>Tinkamas svirties cilindr\u0173 montavimas yra labai svarbus siekiant u\u017etikrinti saug\u0173 ir efektyv\u0173 j\u0173 veikim\u0105. Montavimo procesas apima cilindro pritvirtinim\u0105, hidraulini\u0173 \u017earn\u0173 prijungim\u0105 ir tinkamo veikimo patikrinim\u0105. I\u0161samias montavimo instrukcijas rasite gaminio vadove.<\/p>\n<p><img decoding=\"async\" src=\"https:\/\/www.hydraulic-cylinders.net\/wp-content\/uploads\/2025\/01\/songte-bushings-with-all-kinds-of-excavator-models.webp\" alt=\"Diegimo vadovo paveiksl\u0117lis\"><\/p>\n<h3>Apie mus<\/h3>\n<p>Esame profesionalus pakaitini\u0173 hidraulini\u0173 cilindr\u0173 gamintojas, si\u016blantis plat\u0173 gamini\u0173 asortiment\u0105. Tapome vienu i\u0161 pirmaujan\u010di\u0173 hidraulini\u0173 cilindr\u0173 gamintoj\u0173 ir didmenini\u0173 platintoj\u0173 tiek vidaus, tiek tarptautin\u0117se rinkose. Visada laikom\u0117s puikios kokyb\u0117s principo, remdamiesi tikslios gamybos dirbtuv\u0117s pramonin\u0117s gamybos valdymo strategija, nuolat tobulindami technologijas ir gamybos efektyvum\u0105. Diegdami auk\u0161\u010diausios klas\u0117s skaitmenin\u0119 gamybos \u012frang\u0105 ir profesionalias testavimo sistemas, nuolat optimizuojame savo gamybos platform\u0105, tobuliname gamini\u0173 kokyb\u0117s kontrol\u0117s procesus ir turime stiprias inovacij\u0173 galimybes. M\u016bs\u0173 tikslas \u2013 patenkinti \u012fvairius klient\u0173 poreikius, u\u017etikrinant auk\u0161t\u0105 efektyvum\u0105, tikslum\u0105 ir auk\u0161t\u0105 kokyb\u0119.<\/p>\n<p>Taip pat si\u016blome pritaikymo paslaugas, tarptautinius sertifikatus, pa\u017eangi\u0105 gamybos \u012frang\u0105 ir puik\u0173 aptarnavim\u0105 po pardavimo.<\/p>\n<p><img decoding=\"async\" src=\"https:\/\/www.hydraulic-cylinders.net\/wp-content\/uploads\/2025\/01\/songte-company-4.webp\" alt=\"Apie mus 1 paveiksl\u0117lis\"><br \/>\n<img decoding=\"async\" src=\"https:\/\/www.hydraulic-cylinders.net\/wp-content\/uploads\/2025\/01\/songte-company-3.webp\" alt=\"Apie mus 2 paveiksl\u0117lis\"><\/p>\n<p>Autorius: lyl<\/p>","protected":false},"excerpt":{"rendered":"<p>Arm Cylinder For Caterpillar Wheel Excavator M217DZ Introduction Arm Cylinder is a specially designed hydraulic cylinder that provides linear motion and power to the arms of various machinery such as excavators, cranes, and robotic arms. Arm cylinders play a critical role in hydraulic systems, allowing additional tools or attachments to move and be controlled effectively. [&hellip;]<\/p>","protected":false},"featured_media":14763,"comment_status":"open","ping_status":"closed","template":"","meta":{"_et_pb_use_builder":"","_et_pb_old_content":"","_et_gb_content_width":""},"product_brand":[],"product_cat":[1497],"product_tag":[1498,1496],"class_list":{"0":"post-16191","1":"product","2":"type-product","3":"status-publish","4":"has-post-thumbnail","6":"product_cat-arm-cylinders","7":"product_tag-arm-cylinders","8":"product_tag-hydraulic-cylinders","10":"first","11":"instock","12":"shipping-taxable","13":"product-type-simple"},"amp_enabled":true,"_links":{"self":[{"href":"https:\/\/www.hydraulic-cylinders.net\/lt\/wp-json\/wp\/v2\/product\/16191","targetHints":{"allow":["GET"]}}],"collection":[{"href":"https:\/\/www.hydraulic-cylinders.net\/lt\/wp-json\/wp\/v2\/product"}],"about":[{"href":"https:\/\/www.hydraulic-cylinders.net\/lt\/wp-json\/wp\/v2\/types\/product"}],"replies":[{"embeddable":true,"href":"https:\/\/www.hydraulic-cylinders.net\/lt\/wp-json\/wp\/v2\/comments?post=16191"}],"wp:featuredmedia":[{"embeddable":true,"href":"https:\/\/www.hydraulic-cylinders.net\/lt\/wp-json\/wp\/v2\/media\/14763"}],"wp:attachment":[{"href":"https:\/\/www.hydraulic-cylinders.net\/lt\/wp-json\/wp\/v2\/media?parent=16191"}],"wp:term":[{"taxonomy":"product_brand","embeddable":true,"href":"https:\/\/www.hydraulic-cylinders.net\/lt\/wp-json\/wp\/v2\/product_brand?post=16191"},{"taxonomy":"product_cat","embeddable":true,"href":"https:\/\/www.hydraulic-cylinders.net\/lt\/wp-json\/wp\/v2\/product_cat?post=16191"},{"taxonomy":"product_tag","embeddable":true,"href":"https:\/\/www.hydraulic-cylinders.net\/lt\/wp-json\/wp\/v2\/product_tag?post=16191"}],"curies":[{"name":"wp","href":"https:\/\/api.w.org\/{rel}","templated":true}]}}