{"id":16220,"date":"2025-01-20T08:41:01","date_gmt":"2025-01-20T08:41:01","guid":{"rendered":"https:\/\/www.hydraulic-cylinders.net\/product\/arm-cylinderfor-doosan-large-excavator-dx700lc\/"},"modified":"2025-01-20T08:41:02","modified_gmt":"2025-01-20T08:41:02","slug":"arm-cylinderfor-doosan-large-excavator-dx700lc","status":"publish","type":"product","link":"https:\/\/www.hydraulic-cylinders.net\/lt\/produktas\/arm-cylinderfor-doosan-large-excavator-dx700lc\/","title":{"rendered":"Doosan didelio ekskavatoriaus DX700LC rankenos cilindras"},"content":{"rendered":"<h1>\u201eDoosan\u201c didelio ekskavatoriaus DX700LC rankos cilindras<\/h1>\n<h2>\u012evadas<\/h2>\n<p>Svirties cilindras yra specialiai suprojektuotas hidraulinis cilindras, u\u017etikrinantis tiesin\u012f judes\u012f ir gali\u0105 \u012fvairi\u0173 tip\u0173 ma\u0161in\u0173, toki\u0173 kaip ekskavatoriai, kranai ir robotin\u0117s rankos, svir\u010diai. Jis atlieka labai svarb\u0173 vaidmen\u012f hidraulin\u0117se sistemose, nes leid\u017eia efektyviai jud\u0117ti ir valdyti papildomus \u012frankius ar priedus. \u0160ie cilindrai ne tik u\u017etikrina skland\u0173 jud\u0117jim\u0105, bet ir atlaiko dideles apkrovas, u\u017etikrindami efektyv\u0173 ma\u0161in\u0173 veikim\u0105 ir patikimum\u0105 \u012fvairiomis darbo s\u0105lygomis.<\/p>\n<p><img decoding=\"async\" src=\"https:\/\/www.hydraulic-cylinders.net\/wp-content\/uploads\/2025\/01\/songte-company-2.webp\"><\/p>\n<h2>Savyb\u0117s<\/h2>\n<ul>\n<li>Didelio efektyvumo transmisija: Svirties cilindras u\u017etikrina galing\u0105 tiesin\u012f judes\u012f ir j\u0117g\u0105, u\u017etikrindamas auk\u0161t\u0105 mechanin\u0117s svirties na\u0161um\u0105 atliekant \u012fvairias operacijas.<\/li>\n<li>Tikslus valdymas: Hidraulin\u0117s sistemos d\u0117ka svirties cilindras leid\u017eia tiksliai valdyti judes\u012f, tod\u0117l pritvirtint\u0173 \u012franki\u0173 valdymas tampa lankstesnis ir tikslesnis.<\/li>\n<li>Didelis patvarumas: Svirtiniai cilindrai paprastai gaminami i\u0161 didelio stiprumo med\u017eiag\u0173, pasi\u017eymin\u010di\u0173 puikiu atsparumu dilimui ir korozijai, tod\u0117l tinkami ilgalaikiam naudojimui at\u0161iauriomis s\u0105lygomis.<\/li>\n<li>Daugiafunkcinis pritaikomumas: \u0160ie cilindrai gali b\u016bti pla\u010diai naudojami \u012fvairiose ma\u0161in\u0173 \u012frangose, tokiose kaip ekskavatoriai, kranai ir robotin\u0117s rankos, kad atitikt\u0173 skirtingus darbo reikalavimus.<\/li>\n<li>Lengva prie\u017ei\u016bra: \u0160i konstrukcija u\u017etikrina paprast\u0105 prie\u017ei\u016br\u0105 ir keitim\u0105, tod\u0117l reguliari ap\u017ei\u016bra ir technin\u0117 prie\u017ei\u016bra yra patogesni, o \u012frangos prastovos laikas sutrump\u0117ja.<\/li>\n<\/ul>\n<p><img decoding=\"async\" src=\"https:\/\/www.hydraulic-cylinders.net\/wp-content\/uploads\/2025\/01\/songte-oil-pipes-and-spare-parts.webp\"><\/p>\n<h2>Parai\u0161kos<\/h2>\n<p>Svirtinis cilindras naudojamas \u012fvairiose pramon\u0117s \u0161akose ir scenarijuose:<\/p>\n<ol>\n<li>Statybos in\u017einerija: ekskavatoriuose ir kranuose svirties cilindras valdo kau\u0161\u0173 arba str\u0117li\u0173 jud\u0117jim\u0105, palengvindamas \u017eem\u0117s darbus, med\u017eiag\u0173 tvarkym\u0105 ir konstrukcij\u0173 montavim\u0105.<\/li>\n<li>Gamyba: Automatizuotose gamybos linijose rankos cilindras naudojamas robotin\u0117ms rankoms judinti, leid\u017eiantis atlikti surinkimo, suvirinimo ir med\u017eiag\u0173 tvarkymo procesus, didinant gamybos efektyvum\u0105 ir tikslum\u0105.<\/li>\n<li>\u017dem\u0117s \u016bkio technika: \u017dem\u0117s \u016bkio \u012frangoje, tokioje kaip derliaus nu\u0117mimo ma\u0161inos ir s\u0117jamosios, svirties cilindras valdo valdymo svir\u010di\u0173 judes\u012f, atlikdamas tokias u\u017eduotis kaip s\u0117ja, tr\u0119\u0161imas ir derliaus nu\u0117mimas.<\/li>\n<li>Kasyba: Kasybos \u012frangoje svirties cilindras valdo kasybos ma\u0161in\u0173 svirties jud\u0117jim\u0105, leisdamas i\u0161gauti ir transportuoti r\u016bd\u0105.<\/li>\n<li>Logistika ir transportavimas: \u0160akiniuose krautuvuose ir krovini\u0173 krovimo robotuose svirties cilindras valdo \u0161aki\u0173 k\u0117lim\u0105 ir jud\u0117jim\u0105, palengvindamas med\u017eiag\u0173 tvarkym\u0105 ir krovim\u0105.<\/li>\n<\/ol>\n<h2>Projektavimo aspektai ir atrankos kriterijai<\/h2>\n<p>Projektuojant svirtinius cilindrus, atsi\u017evelgiama \u012f kelet\u0105 veiksni\u0173 ir atrankos kriterij\u0173:<\/p>\n<ol>\n<li>Keliamoji galia: Svirties cilindras turi b\u016bti suprojektuotas taip, kad atlaikyt\u0173 konkre\u010dius mechanizm\u0173, kuriuose jis bus naudojamas, apkrovos reikalavimus.<\/li>\n<li>Sandarinimas: Naudojami \u012fvair\u016bs sandarinimo komponentai, tokie kaip st\u016bmokli\u0173 ir kot\u0173 sandarikliai, paprastai pagaminti i\u0161 atspari\u0173 dilimui med\u017eiag\u0173, toki\u0173 kaip poliuretanas ir nitrilo kau\u010diukas.<\/li>\n<li>Patvarumas: Cilindro korpusas ir srieginiai galai yra kruop\u0161\u010diai apdorojami, siekiant pagerinti atsparum\u0105 dilimui.<\/li>\n<li>Saugumas: \u012e konstrukcij\u0105 \u012ftrauktos saugos funkcijos, u\u017etikrinan\u010dios saug\u0173 ir patikim\u0105 veikim\u0105.<\/li>\n<li>Prie\u017ei\u016bra: Norint u\u017etikrinti svirties cilindro ilgaam\u017ei\u0161kum\u0105 ir optimal\u0173 veikim\u0105, b\u016btinos reguliarios patikros ir prevencin\u0117s prie\u017ei\u016bros priemon\u0117s.<\/li>\n<\/ol>\n<p><img decoding=\"async\" src=\"https:\/\/www.hydraulic-cylinders.net\/wp-content\/uploads\/2025\/01\/songte-cylinder-head-with-all-kinds-excavator-models.webp\"><\/p>\n<h2>Sandarinimas ir tepimas<\/h2>\n<p>Svirtiniame cilindre naudojami \u012fvair\u016bs sandarinimo komponentai, tokie kaip st\u016bmokli\u0173 ir kot\u0173 sandarikliai, pagaminti i\u0161 atspari\u0173 dilimui med\u017eiag\u0173, toki\u0173 kaip poliuretanas ir nitrilo kau\u010diukas. Cilindro korpusas ir srieginiai galai yra kruop\u0161\u010diai apdorojami, siekiant pagerinti atsparum\u0105 dilimui. Tinkamas tepimas yra b\u016btinas skland\u017eiam cilindro veikimui. Reguliariai pildant tinkam\u0105 hidraulin\u0117s alyvos kiek\u012f u\u017etikrinamas efektyvus tepimas.<\/p>\n<h2>Reguliarus patikrinimas ir prevencin\u0117 prie\u017ei\u016bra<\/h2>\n<p>Siekiant u\u017etikrinti optimal\u0173 svirties cilindro veikim\u0105 ir ilgaam\u017ei\u0161kum\u0105, svarbu reguliariai atlikti patikrinimus ir \u012fgyvendinti prevencines prie\u017ei\u016bros priemones. Pagrindiniai \u017eingsniai:<\/p>\n<ol>\n<li>Tikrinimas, ar n\u0117ra sandarikli\u0173 nuot\u0117ki\u0173 ir pa\u017eeidim\u0173<\/li>\n<li>Cilindro korpuso nusid\u0117v\u0117jimo ir korozijos patikrinimas<\/li>\n<li>Tinkamo hidraulin\u0117s sistemos veikimo patikrinimas<\/li>\n<li>Tikrinimas, ar veikimo metu n\u0117ra ne\u012fprasto triuk\u0161mo ar vibracijos<\/li>\n<\/ol>\n<h2>Produkto diegimo vadovas<\/h2>\n<p>Tinkamas svirties cilindro montavimas yra labai svarbus jo veikimui ir saugumui. Laikykit\u0117s \u0161i\u0173 nurodym\u0173:<\/p>\n<ol>\n<li>\u012esitikinkite, kad sujungimo pavir\u0161iai yra \u0161var\u016bs ir be \u0161iuk\u0161li\u0173.<\/li>\n<li>Sulygiuokite cilindr\u0105 su tvirtinimo ta\u0161kais ir pritvirtinkite j\u012f atitinkamais tvirtinimo elementais.<\/li>\n<li>Priver\u017ekite tvirtinimo detales iki nurodyt\u0173 sukimo momento ver\u010di\u0173.<\/li>\n<li>Prijunkite hidraulines \u017earnas arba linijas pagal gamintojo instrukcijas.<\/li>\n<li>Patikrinkite cilindro veikim\u0105 ir patikrinkite, ar n\u0117ra nuot\u0117ki\u0173 ar ne\u012fprasto veikimo.<\/li>\n<\/ol>\n<p><img decoding=\"async\" src=\"https:\/\/www.hydraulic-cylinders.net\/wp-content\/uploads\/2025\/01\/songte-bushings-with-all-kinds-of-excavator-models.webp\"><\/p>\n<h2>Saugos aspektai ir aplinkos veiksniai<\/h2>\n<p>Naudojant svirtinius cilindrus, saugos priemon\u0117s yra nepaprastai svarbios. B\u016btina imtis tinkam\u0173 saugos priemoni\u0173, kad b\u016bt\u0173 i\u0161vengta nelaiming\u0173 atsitikim\u0173 ir u\u017etikrinta operatori\u0173 bei aplinkini\u0173 darbuotoj\u0173 gerov\u0117. Aplinkos veiksniai, tokie kaip temperat\u016bra ir dr\u0117gm\u0117, gali tur\u0117ti \u012ftakos svirtini\u0173 cilindr\u0173 veikimui ir tarnavimo laikui. Tinkamas laikymas ir reguliari prie\u017ei\u016bra gali pad\u0117ti su\u0161velninti \u0161\u012f poveik\u012f.<\/p>\n<h2>Trik\u010di\u0173 \u0161alinimas ir da\u017eniausiai pasitaikan\u010dios problemos<\/h2>\n<p>Kilus problem\u0173 su svirties cilindru, gali b\u016bti naudingi \u0161ie trik\u010di\u0173 \u0161alinimo veiksmai ir sprendimai:<\/p>\n<ol>\n<li>Jei cilindras nei\u0161sitraukia arba nesusitraukia, patikrinkite hidraulinio skys\u010dio lyg\u012f ir sl\u0117g\u012f.<\/li>\n<li>Patikrinkite, ar hidraulin\u0117je sistemoje n\u0117ra nuot\u0117ki\u0173, ir suremontuokite arba pakeiskite pa\u017eeistus komponentus.<\/li>\n<li>U\u017etikrinkite tinkam\u0105 cilindro sutepim\u0105 ir patikrinkite, ar n\u0117ra per didelio sandarikli\u0173 ar st\u016bmokli\u0173 susid\u0117v\u0117jimo po\u017eymi\u0173.<\/li>\n<li>Jei eksploatacijos metu girdimas ne\u012fprastas triuk\u0161mas ar vibracija, patikrinkite, ar n\u0117ra atsilaisvinusi\u0173 jung\u010di\u0173 ar susid\u0117v\u0117jusi\u0173 dali\u0173.<\/li>\n<\/ol>\n<p><img decoding=\"async\" src=\"https:\/\/www.hydraulic-cylinders.net\/wp-content\/uploads\/2025\/01\/songte-chushion-collar.webp\"><\/p>\n<p>Nepamir\u0161kite straipsn\u012f strukt\u016brizuoti logi\u0161kai, naudoti paantra\u0161tes lengvam nar\u0161ymui, \u012ftraukti atitinkam\u0173 vaizd\u0173 ar diagram\u0173, kad b\u016bt\u0173 lengviau suprasti, ir u\u017etikrinti, kad turinys b\u016bt\u0173 ai\u0161kus, glaustas ir tinkamas skaitytojams, turintiems skirting\u0105 technini\u0173 \u017eini\u0173 lyg\u012f.<\/p>\n<h2>Apie m\u016bs\u0173 \u012fmon\u0119<\/h2>\n<p>Esame profesionalus pakaitini\u0173 hidraulini\u0173 cilindr\u0173 gamintojas, si\u016blantis plat\u0173 gamini\u0173 asortiment\u0105. Tapome vienu i\u0161 pirmaujan\u010di\u0173 hidraulini\u0173 cilindr\u0173 gamintoj\u0173 ir didmenini\u0173 platintoj\u0173 tiek vidaus, tiek tarptautin\u0117se rinkose. Siekdami meistri\u0161kumo, savo patobulintose gamybos dirbtuv\u0117se taikome industrializuotas gamybos valdymo strategijas, kad nuolat tobulintume savo techninius paj\u0117gumus ir gamybos efektyvum\u0105.<\/p>\n<p>Diegiant auk\u0161\u010diausios klas\u0117s skaitmenin\u0119 gamybos \u012frang\u0105 ir profesionalias testavimo sistemas, optimizuojame savo gamybos platform\u0105 ir tobuliname gamini\u0173 kokyb\u0117s kontrol\u0117s procesus. Turime stipri\u0173 inovacij\u0173 paj\u0117gum\u0173 ir siekiame patenkinti \u012fvairius klient\u0173 poreikius efektyviai, tiksliai ir auk\u0161tos kokyb\u0117s produktais.<\/p>\n<p><img decoding=\"async\" src=\"https:\/\/www.hydraulic-cylinders.net\/wp-content\/uploads\/2025\/01\/songte-company-4.webp\"><br \/>\n<img decoding=\"async\" src=\"https:\/\/www.hydraulic-cylinders.net\/wp-content\/uploads\/2025\/01\/songte-company-3.webp\"><\/p>\n<p>Autorius: lyl<\/p>","protected":false},"excerpt":{"rendered":"<p>Arm Cylinder For Doosan Large Excavator DX700LC Introduction The arm cylinder is a specially designed hydraulic cylinder that provides linear motion and power to the arm of various types of machinery, such as excavators, cranes, and robotic arms. It plays a crucial role in hydraulic systems, enabling the effective movement and control of additional tools [&hellip;]<\/p>","protected":false},"featured_media":14766,"comment_status":"open","ping_status":"closed","template":"","meta":{"_et_pb_use_builder":"","_et_pb_old_content":"","_et_gb_content_width":""},"product_brand":[],"product_cat":[1497],"product_tag":[1498,1496],"class_list":{"0":"post-16220","1":"product","2":"type-product","3":"status-publish","4":"has-post-thumbnail","6":"product_cat-arm-cylinders","7":"product_tag-arm-cylinders","8":"product_tag-hydraulic-cylinders","10":"first","11":"instock","12":"shipping-taxable","13":"product-type-simple"},"amp_enabled":true,"_links":{"self":[{"href":"https:\/\/www.hydraulic-cylinders.net\/lt\/wp-json\/wp\/v2\/product\/16220","targetHints":{"allow":["GET"]}}],"collection":[{"href":"https:\/\/www.hydraulic-cylinders.net\/lt\/wp-json\/wp\/v2\/product"}],"about":[{"href":"https:\/\/www.hydraulic-cylinders.net\/lt\/wp-json\/wp\/v2\/types\/product"}],"replies":[{"embeddable":true,"href":"https:\/\/www.hydraulic-cylinders.net\/lt\/wp-json\/wp\/v2\/comments?post=16220"}],"wp:featuredmedia":[{"embeddable":true,"href":"https:\/\/www.hydraulic-cylinders.net\/lt\/wp-json\/wp\/v2\/media\/14766"}],"wp:attachment":[{"href":"https:\/\/www.hydraulic-cylinders.net\/lt\/wp-json\/wp\/v2\/media?parent=16220"}],"wp:term":[{"taxonomy":"product_brand","embeddable":true,"href":"https:\/\/www.hydraulic-cylinders.net\/lt\/wp-json\/wp\/v2\/product_brand?post=16220"},{"taxonomy":"product_cat","embeddable":true,"href":"https:\/\/www.hydraulic-cylinders.net\/lt\/wp-json\/wp\/v2\/product_cat?post=16220"},{"taxonomy":"product_tag","embeddable":true,"href":"https:\/\/www.hydraulic-cylinders.net\/lt\/wp-json\/wp\/v2\/product_tag?post=16220"}],"curies":[{"name":"wp","href":"https:\/\/api.w.org\/{rel}","templated":true}]}}