{"id":1623,"date":"2023-10-08T08:41:38","date_gmt":"2023-10-08T08:41:38","guid":{"rendered":"https:\/\/hydraulic-cylinders.net\/?post_type=product&#038;p=1623"},"modified":"2025-04-11T02:55:33","modified_gmt":"2025-04-11T02:55:33","slug":"press-return-cylinder","status":"publish","type":"product","link":"https:\/\/www.hydraulic-cylinders.net\/lt\/produktas\/press-return-cylinder\/","title":{"rendered":"Paspauskite gr\u0105\u017einimo cilindr\u0105"},"content":{"rendered":"<h1 style=\"text-align: center;\"><strong>Paspauskite gr\u0105\u017einimo cilindr\u0105<\/strong><\/h1>\n<p><img loading=\"lazy\" decoding=\"async\" class=\"aligncenter wp-image-1624\" src=\"https:\/\/hydraulic-cylinders.net\/wp-content\/uploads\/2023\/10\/return-cylinder-1-300x300.webp\" alt=\"\" width=\"400\" height=\"400\" \/><\/p>\n<p>Presavimo gr\u0105\u017einimo cilindras yra gyvybi\u0161kai svarbus komponentas optimizuojant presavimo operacijas \u012fvairiose pramon\u0117s \u0161akose. D\u0117l savo pa\u017eangi\u0173 funkcij\u0173 ir patikimo veikimo \u0161is cilindras pasi\u017eymi didesniu efektyvumu, tikslumu ir saugumu.<\/p>\n<p>Preso gr\u0105\u017einimo cilindras yra vertingas siekiant padidinti presavimo operacij\u0173 efektyvum\u0105, tikslum\u0105 ir saug\u0105. D\u0117l tvirtos konstrukcijos, tikslaus pad\u0117ties nustatymo, efektyvaus gr\u0105\u017einimo ir integruot\u0173 saugos funkcij\u0173 \u0161is cilindras leid\u017eia pasiekti puiki\u0173 rezultat\u0173. Laikydamiesi rekomenduojam\u0173 naudojimo metod\u0173 ir prie\u017ei\u016bros praktikos, galite maksimaliai padidinti presavimo operacij\u0173 na\u0161um\u0105, na\u0161um\u0105 ir tarnavimo laik\u0105. Pasirinkite preso gr\u0105\u017einimo cilindr\u0105, kad supaprastintum\u0117te svarbius procesus ir pagerintum\u0117te veiklos efektyvum\u0105.<\/p>\n<p>Spaudimo gr\u0105\u017einimo cilindro pagrindin\u0117s charakteristikos:<\/p>\n<ol>\n<li>Tvirta konstrukcija:<\/li>\n<\/ol>\n<ul>\n<li>Presavimo cilindras pagamintas i\u0161 auk\u0161tos kokyb\u0117s med\u017eiag\u0173, u\u017etikrinan\u010di\u0173 ilgaam\u017ei\u0161kum\u0105 ir ilgaam\u017ei\u0161kum\u0105.<\/li>\n<li>Tvirta konstrukcija gali atlaikyti dideles apkrovas ir at\u0161iaurias eksploatavimo s\u0105lygas, u\u017etikrindama patikim\u0105 veikim\u0105 sud\u0117tingoje pramonin\u0117je aplinkoje.<\/li>\n<\/ul>\n<ol start=\"2\">\n<li>Tikslus pad\u0117ties nustatymas:<\/li>\n<\/ol>\n<ul>\n<li>\u0160is cilindras u\u017etikrina tiksl\u0173 pad\u0117ties valdym\u0105, leid\u017eiant\u012f tiksliai suderinti preso gr\u0105\u017einimo mechanizm\u0105.<\/li>\n<li>I\u0161skirtinis tikslumas u\u017etikrina nuosekl\u0173 ir patikim\u0105 pad\u0117ties nustatym\u0105, suma\u017einant klaid\u0173 ar nesuderinamumo rizik\u0105.<\/li>\n<\/ul>\n<ol start=\"3\">\n<li>Efektyvi gr\u0105\u017ea:<\/li>\n<\/ol>\n<ul>\n<li>Preso gr\u0105\u017einimo cilindras leid\u017eia greitai ir efektyviai gr\u0105\u017einti preso mechanizm\u0105 \u012f pradin\u0119 pad\u0117t\u012f.<\/li>\n<li>Galinga hidraulin\u0117 sistema u\u017etikrina greit\u0105 jud\u0117jim\u0105, suma\u017eina prastovos laik\u0105 ir padidina bendr\u0105 na\u0161um\u0105.<\/li>\n<\/ul>\n<ol start=\"4\">\n<li>Saugos funkcijos:<\/li>\n<\/ol>\n<ul>\n<li>\u0160iame cilindre yra saugos funkcijos, tokios kaip sl\u0117gio ma\u017einimo vo\u017etuvai ir avarinio stabdymo mechanizmai.<\/li>\n<li>\u0160ios saugos priemon\u0117s padeda apsaugoti pres\u0105 ir operatori\u0173, u\u017ekertant keli\u0105 nelaimingiems atsitikimams ir suma\u017einant \u017ealos rizik\u0105.<\/li>\n<\/ul>\n<h2><strong>Paspauskite gr\u0105\u017einimo cilindro parametr\u0105:<\/strong><\/h2>\n<table border=\"1\" cellspacing=\"0\" cellpadding=\"0\">\n<tbody>\n<tr>\n<td>Produkto pavadinimas<\/td>\n<td>Hidraulinis preso gr\u0105\u017einimo cilindras<\/td>\n<\/tr>\n<tr>\n<td>Savyb\u0117s:<\/td>\n<td>U\u017etikrinkite pagrindinio cilindro ir \u0161oninio cilindro gr\u0105\u017einimo j\u0117g\u0105, suskirstyt\u0105 \u012f st\u016bmoklio \/ st\u016bmoklio tipus<\/td>\n<\/tr>\n<tr>\n<td>Skyl\u0117s skersmuo:<\/td>\n<td>180 mm\uff5e410 mm<\/td>\n<\/tr>\n<tr>\n<td>Strypo skersmuo:<\/td>\n<td>\u00a0120 mm ~ 360 mm<br \/>\nEiga \u22644500 mm<\/td>\n<\/tr>\n<tr>\n<td>Traukos j\u0117ga:<\/td>\n<td>Maksimali 2612 kN<br \/>\n(Skersmuo: 410 mm \/ sl\u0117gis 31,5 MPa)<\/td>\n<\/tr>\n<tr>\n<td>St\u016bmoklis:<\/td>\n<td>\u00a0140 mm\uff5e360 mm<br \/>\nEiga \u22643000 mm<\/td>\n<\/tr>\n<tr>\n<td>St\u016bmoklio st\u016bmimo j\u0117ga:<\/td>\n<td>Maksimali 3206 kN<br \/>\n(St\u016bmoklis 360 mm \/ sl\u0117gis 31,5 MPa)<\/td>\n<\/tr>\n<tr>\n<td>Hidraulinio preso gr\u0105\u017einimo cilindro pritaikymas:<\/td>\n<td>Hidraulinis presas<\/td>\n<\/tr>\n<\/tbody>\n<\/table>\n<div class=\"txtboxL\">\n<div><\/div>\n<div class=\"txtboxL\">Savyb\u0117s:<\/div>\n<div class=\"txtboxR\">U\u017etikrinkite pagrindinio cilindro ir \u0161oninio cilindro gr\u0105\u017einimo j\u0117g\u0105, suskirstyt\u0105 \u012f st\u016bmoklio \/ st\u016bmoklio tipus<\/div>\n<div class=\"txtboxL\">Specifikacija:<br \/>\nSt\u016bmoklis<\/div>\n<div class=\"txtboxR\">Skyl\u0117s skersmuo: 180 mm ~ 410 mm<br \/>\nStrypo skersmuo: 120 mm ~ 360 mm<br \/>\nEiga \u22644500 mm<\/div>\n<div class=\"txtboxL\">Traukos j\u0117ga:<\/div>\n<div class=\"txtboxR\">Maksimali 2612 kN<br \/>\n(Skersmuo: 410 mm \/ sl\u0117gis 31,5 MPa)<\/div>\n<div class=\"txtboxL\">Specifikacija:<br \/>\nSt\u016bmoklis<\/div>\n<div class=\"txtboxR\">St\u016bmoklis: 140 mm ~ 360 mm<br \/>\nEiga \u22643000 mm<\/div>\n<div class=\"txtboxL\">Traukos j\u0117ga:<\/div>\n<div class=\"txtboxR\">Maksimali 3206 kN<br \/>\n(St\u016bmoklis 360 mm \/ sl\u0117gis 31,5 MPa)<\/div>\n<\/div>\n<h2><strong>Preso cilindr\u0173 gamykla:<\/strong><\/h2>\n<p><img loading=\"lazy\" decoding=\"async\" class=\"alignnone wp-image-1619 size-full\" src=\"https:\/\/hydraulic-cylinders.net\/wp-content\/uploads\/2023\/10\/press-cylinder.webp\" alt=\"\" width=\"1418\" height=\"946\" srcset=\"https:\/\/hydraulic-cylinders.net\/wp-content\/uploads\/2023\/10\/press-cylinder.webp 1418w, https:\/\/hydraulic-cylinders.net\/wp-content\/uploads\/2023\/10\/press-cylinder-1280x854.webp 1280w, https:\/\/hydraulic-cylinders.net\/wp-content\/uploads\/2023\/10\/press-cylinder-980x654.webp 980w, https:\/\/hydraulic-cylinders.net\/wp-content\/uploads\/2023\/10\/press-cylinder-480x320.webp 480w\" sizes=\"(min-width: 0px) and (max-width: 480px) 480px, (min-width: 481px) and (max-width: 980px) 980px, (min-width: 981px) and (max-width: 1280px) 1280px, (min-width: 1281px) 1418px, 100vw\" \/><\/p>\n<h2><strong>Spaudimo gr\u0105\u017einimo cilindro naudojimo b\u016bdas<\/strong><strong>:<\/strong><\/h2>\n<ol>\n<li><strong>Diegimas ir integravimas:<\/strong><\/li>\n<\/ol>\n<ul>\n<li>Tvirtai pritvirtinkite preso gr\u0105\u017einimo cilindr\u0105 prie preso r\u0117mo arba tam skirtos tvirtinimo vietos.<\/li>\n<li>U\u017etikrinkite tinkam\u0105 sujungim\u0105 ir i\u0161lyginim\u0105, laikydamiesi gamintojo nurodym\u0173 ir rekomendacij\u0173.<\/li>\n<\/ul>\n<ol start=\"2\">\n<li><strong>Hidraulin\u0117s jungtys:<\/strong><\/li>\n<\/ol>\n<ul>\n<li>Prijunkite preso gr\u0105\u017einimo cilindr\u0105 prie hidraulinio maitinimo bloko, naudodami atitinkamas hidraulines \u017earnas ir jungiam\u0105sias detales.<\/li>\n<li>Patikrinkite, ar hidraulin\u0117s jungtys yra tvirtos ir be nuot\u0117ki\u0173, kad b\u016bt\u0173 u\u017etikrintas efektyvus skys\u010di\u0173 perdavimas ir saugus veikimas.<\/li>\n<\/ul>\n<ol start=\"3\">\n<li><strong>Pad\u0117ties reguliavimas:<\/strong><\/li>\n<\/ol>\n<ul>\n<li>Preso gr\u0105\u017einimo cilindro pad\u0117t\u012f reguliuokite pagal konkre\u010dius j\u016bs\u0173 presavimo reikalavimus.<\/li>\n<li>Vadovaukit\u0117s gamintojo instrukcijomis, kad nustatytum\u0117te norimas pradines ir gr\u0105\u017einimo pad\u0117tis optimaliam veikimui.<\/li>\n<\/ul>\n<ol start=\"4\">\n<li><strong>Veiklos kontrol\u0117:<\/strong><\/li>\n<\/ol>\n<ul>\n<li>Susipa\u017einkite su preso gr\u0105\u017einimo cilindro valdymo mechanizmais.<\/li>\n<li>Supraskite, kaip prad\u0117ti gr\u012f\u017eimo jud\u0117jim\u0105 ir papildomas funkcijas, pvz., grei\u010dio valdym\u0105 arba avarinio stabdymo funkcijas.<\/li>\n<\/ul>\n<h2><strong>Kok\u012f hidraulikos d\u0117sn\u012f naudoja stabd\u017ei\u0173 sistema?<\/strong><\/h2>\n<p>Transporto priemoni\u0173 stabd\u017ei\u0173 sistemoje paprastai taikomas Paskalio hidraulikos d\u0117snis. Paskalio d\u0117snis teigia, kad kai u\u017edaram skys\u010diui taikomas sl\u0117gis, jis vienodai perduodamas visomis kryptimis. Hidraulin\u0117s stabd\u017ei\u0173 sistemos kontekste \u0161is principas leid\u017eia perduoti j\u0117g\u0105 i\u0161 stabd\u017ei\u0173 pedalo \u012f pa\u010dius stabd\u017eius.<\/p>\n<p>\u0160tai supaprastintas Paskalio d\u0117snio taikymo stabd\u017ei\u0173 sistemoje paai\u0161kinimas:<\/p>\n<ol>\n<li><strong>Stabd\u017ei\u0173 pedalo naudojimas:<\/strong>\n<ul>\n<li>Vairuotojui paspaudus stabd\u017ei\u0173 pedal\u0105, pagrindiniam cilindrui taikoma mechanin\u0117 j\u0117ga.<\/li>\n<\/ul>\n<\/li>\n<li><strong>Pagrindinis cilindras:<\/strong>\n<ul>\n<li>Pagrindiniame cilindre yra st\u016bmoklis, kuris juda reaguodamas \u012f stabd\u017ei\u0173 pedalo veikian\u010di\u0105 j\u0117g\u0105.<\/li>\n<li>St\u016bmokliui judant, jis spaud\u017eia stabd\u017ei\u0173 skyst\u012f, esant\u012f pagrindiniame cilindre.<\/li>\n<\/ul>\n<\/li>\n<li><strong>Sl\u0117gio perdavimas:<\/strong>\n<ul>\n<li>\u0160iuo metu \u012fsigalioja Paskalio d\u0117snis.<\/li>\n<li>St\u016bmoklio jud\u0117jimo sukurtas sl\u0117gis vienodai perduodamas per stabd\u017ei\u0173 skyst\u012f visomis kryptimis.<\/li>\n<\/ul>\n<\/li>\n<li><strong>Hidraulin\u0117s linijos:<\/strong>\n<ul>\n<li>Stabd\u017ei\u0173 skystis, veikiamas sl\u0117gio, teka hidraulin\u0117mis linijomis arba stabd\u017ei\u0173 vamzd\u017eiais.<\/li>\n<li>\u0160ios linijos jungia pagrindin\u012f cilindr\u0105 su stabd\u017ei\u0173 suportais arba rat\u0173 cilindrais prie kiekvieno rato.<\/li>\n<\/ul>\n<\/li>\n<li><strong>Stabd\u017ei\u0173 suportai \/ rat\u0173 cilindrai:<\/strong>\n<ul>\n<li>Stabd\u017ei\u0173 suportai (diskiniuose stabd\u017eiuose) arba rat\u0173 cilindrai (b\u016bgniniuose stabd\u017eiuose) gauna susl\u0117gt\u0105 stabd\u017ei\u0173 skyst\u012f prie kiekvieno rato.<\/li>\n<li>D\u0117l sl\u0117gio suportai arba cilindrai spaud\u017eia stabd\u017ei\u0173 kalad\u0117les arba trinkeles, kurios spaud\u017eia stabd\u017ei\u0173 diskus arba b\u016bgnus.<\/li>\n<\/ul>\n<\/li>\n<li><strong>Trinties ir stabdymo poveikis:<\/strong>\n<ul>\n<li>Trintis tarp stabd\u017ei\u0173 kalad\u0117li\u0173 ir rotori\u0173 (arba trinkeli\u0173 ir b\u016bgn\u0173) sul\u0117tina arba sustabdo transporto priemon\u0117s ratus.<\/li>\n<\/ul>\n<\/li>\n<\/ol>\n<h2><strong>Gamyklos paj\u0117gumai ir talpa:<\/strong><\/h2>\n<h3>(1) Surinkimas<\/h3>\n<p>Turime pirmos klas\u0117s nepriklausom\u0105 tyrim\u0173 ir pl\u0117tros surinkimo platform\u0105. Hidraulini\u0173 cilindr\u0173 gamybos ceche yra keturios pusiau automatin\u0117s k\u0117limo cilindr\u0173 surinkimo linijos ir viena automatin\u0117 pakreipimo cilindr\u0173 surinkimo linija, kuri\u0173 projektinis metinis gamybos paj\u0117gumas yra 1 milijonas vienet\u0173. Speciali\u0173j\u0173 cilindr\u0173 ceche \u012frengta \u012fvairi\u0173 specifikacij\u0173 pusiau automatin\u0117 valymo surinkimo sistema, kurios projektinis metinis gamybos paj\u0117gumas yra 200 000 vienet\u0173, ir garsi CNC apdirbimo \u012franga, apdirbimo centras, didelio tikslumo cilindr\u0173 apdirbimo speciali \u012franga, robotinis suvirinimo aparatas, automatinis valymo aparatas, automatinis cilindr\u0173 surinkimo aparatas ir automatin\u0117 da\u017eymo gamybos linija. Esama daugiau nei 300 rinkini\u0173 (komplekt\u0173) kritin\u0117 \u012franga. Optimalus \u012frangos i\u0161tekli\u0173 paskirstymas ir efektyvus naudojimas u\u017etikrina gamini\u0173 tikslumo reikalavimus ir auk\u0161tus gamini\u0173 kokyb\u0117s poreikius.<\/p>\n<p><img loading=\"lazy\" decoding=\"async\" class=\"alignnone wp-image-626\" src=\"https:\/\/hydraulic-cylinders.net\/wp-content\/uploads\/2023\/08\/hydraulic-cylinder-product-1-300x158.webp\" alt=\"\" width=\"495\" height=\"260\" srcset=\"https:\/\/hydraulic-cylinders.net\/wp-content\/uploads\/2023\/08\/hydraulic-cylinder-product-1-300x158.webp 495w, https:\/\/hydraulic-cylinders.net\/wp-content\/uploads\/2023\/08\/hydraulic-cylinder-product-1-480x252.webp 480w\" sizes=\"(min-width: 0px) and (max-width: 480px) 480px, (min-width: 481px) 495px, 100vw\" \/> <img loading=\"lazy\" decoding=\"async\" class=\"alignnone wp-image-627\" src=\"https:\/\/hydraulic-cylinders.net\/wp-content\/uploads\/2023\/08\/hydraulic-cylinder-product-2-300x189.webp\" alt=\"\" width=\"413\" height=\"260\" \/><\/p>\n<h3>(2) Apdirbimas<\/h3>\n<p>Mechaninio apdirbimo ceche \u012frengtas pritaikytas nuo\u017eulnaus b\u0117gio tekinimo centras, apdirbimo centras, greitaeigis galandimo stakl\u0117s, suvirinimo robotas ir kita susijusi \u012franga, galinti apdirbti cilindrinius vamzd\u017eius, kuri\u0173 maksimalus vidinis skersmuo yra 400 mm, o maksimalus ilgis \u2013 6 metrai.<\/p>\n<p><img loading=\"lazy\" decoding=\"async\" class=\"alignnone wp-image-628 size-large\" src=\"https:\/\/hydraulic-cylinders.net\/wp-content\/uploads\/2023\/08\/hydraulic-cylinder-product-3-1024x391.webp\" alt=\"\" width=\"1024\" height=\"391\" srcset=\"https:\/\/hydraulic-cylinders.net\/wp-content\/uploads\/2023\/08\/hydraulic-cylinder-product-3-980x374.webp 980w, https:\/\/hydraulic-cylinders.net\/wp-content\/uploads\/2023\/08\/hydraulic-cylinder-product-3-480x183.webp 480w\" sizes=\"(min-width: 0px) and (max-width: 480px) 480px, (min-width: 481px) and (max-width: 980px) 980px, (min-width: 981px) 1024px, 100vw\" \/><\/p>\n<h3>(3) Suvirinimas<\/h3>\n<p><img loading=\"lazy\" decoding=\"async\" class=\"alignnone wp-image-629 size-large\" src=\"https:\/\/hydraulic-cylinders.net\/wp-content\/uploads\/2023\/08\/hydraulic-cylinder-product-4-1024x510.webp\" alt=\"\" width=\"1024\" height=\"510\" srcset=\"https:\/\/hydraulic-cylinders.net\/wp-content\/uploads\/2023\/08\/hydraulic-cylinder-product-4-980x488.webp 980w, https:\/\/hydraulic-cylinders.net\/wp-content\/uploads\/2023\/08\/hydraulic-cylinder-product-4-480x239.webp 480w\" sizes=\"(min-width: 0px) and (max-width: 480px) 480px, (min-width: 481px) and (max-width: 980px) 980px, (min-width: 981px) 1024px, 100vw\" \/><\/p>\n<h3>(4) Da\u017eymas ir dengimas<\/h3>\n<p>Su ma\u017eomis ir vidutinio dyd\u017eio cilindrin\u0117mis automatin\u0117mis vandens pagrindo da\u017e\u0173 dengimo linijomis, siekiant automatinio robot\u0173 pakrovimo ir i\u0161krovimo bei automatinio pur\u0161kimo, projektinis paj\u0117gumas yra 4000 vienet\u0173 per pamain\u0105;<br \/>\nTaip pat turime pusiau automatin\u0119 dideli\u0173 cilindr\u0173 da\u017e\u0173 gamybos linij\u0105, varom\u0105 grandin\u0117s, kurios projektinis na\u0161umas yra 60 d\u0117\u017ei\u0173 per pamain\u0105.<\/p>\n<p><img loading=\"lazy\" decoding=\"async\" class=\"alignnone wp-image-630\" src=\"https:\/\/hydraulic-cylinders.net\/wp-content\/uploads\/2023\/08\/hydraulic-cylinder-product-5-300x213.webp\" alt=\"\" width=\"366\" height=\"260\" \/> <img loading=\"lazy\" decoding=\"async\" class=\"alignnone wp-image-631\" src=\"https:\/\/hydraulic-cylinders.net\/wp-content\/uploads\/2023\/08\/hydraulic-cylinder-product-6-300x225.webp\" alt=\"\" width=\"347\" height=\"260\" \/><\/p>\n<h3>(5) Testavimas<\/h3>\n<p>Turime auk\u0161\u010diausios klas\u0117s patikros patalpas ir bandym\u0173 stendus, kad u\u017etikrintume, jog baliono veikimas atitinka reikalavimus.<\/p>\n<p><img loading=\"lazy\" decoding=\"async\" class=\"alignnone wp-image-632\" src=\"https:\/\/hydraulic-cylinders.net\/wp-content\/uploads\/2023\/08\/hydraulic-cylinder-product-8-300x200.webp\" alt=\"\" width=\"389\" height=\"260\" \/><\/p>\n<p>&nbsp;<\/p>\n<p>&nbsp;<\/p>\n<p>Esame vienas geriausi\u0173 hidraulini\u0173 cilindr\u0173 gamintoj\u0173. Galime pasi\u016blyti i\u0161samius hidraulinius cilindrus. Taip pat teikiame atitinkamus <a href=\"https:\/\/hzpt.com\/agricultural-pto-gearbox\/\" target=\"_blank\" rel=\"noopener\">\u017eem\u0117s \u016bkio pavar\u0173 d\u0117\u017e\u0117s<\/a>Mes eksportuojame savo gaminius klientams visame pasaulyje ir peln\u0117me ger\u0105 reputacij\u0105 d\u0117l auk\u0161\u010diausios gamini\u0173 kokyb\u0117s ir aptarnavimo po pardavimo. Mes laukiame klient\u0173 \u0161alyje ir u\u017esienyje, norin\u010di\u0173 susisiekti su mumis der\u0117tis d\u0117l verslo, keistis informacija ir... <a href=\"https:\/\/www.hydraulic-cylinders.net\/lt\/contact-us\/\">bendradarbiauti su mumis<\/a>!<\/p>","protected":false},"excerpt":{"rendered":"<p>Press Return Cylinder The press return cylinder is a vital component in optimizing pressing operations in various industries. With its advanced features and reliable performance, this cylinder offers enhanced efficiency, accuracy, and safety. The press return cylinder is valuable for enhancing efficiency, accuracy, and safety in pressing operations. With its robust construction, precise positioning, efficient [&hellip;]<\/p>","protected":false},"featured_media":1625,"comment_status":"open","ping_status":"closed","template":"","meta":{"_et_pb_use_builder":"","_et_pb_old_content":"","_et_gb_content_width":""},"product_brand":[],"product_cat":[1522,1549,1376],"product_tag":[1380],"class_list":{"0":"post-1623","1":"product","2":"type-product","3":"status-publish","4":"has-post-thumbnail","6":"product_cat-press-hydraulic-cylinders","7":"product_cat-single-acting-hydraulic-cylinder","8":"product_cat-hydraulic-cylinder","9":"product_tag-hydraulic-cylinder","11":"first","12":"instock","13":"shipping-taxable","14":"product-type-simple"},"amp_enabled":true,"_links":{"self":[{"href":"https:\/\/www.hydraulic-cylinders.net\/lt\/wp-json\/wp\/v2\/product\/1623","targetHints":{"allow":["GET"]}}],"collection":[{"href":"https:\/\/www.hydraulic-cylinders.net\/lt\/wp-json\/wp\/v2\/product"}],"about":[{"href":"https:\/\/www.hydraulic-cylinders.net\/lt\/wp-json\/wp\/v2\/types\/product"}],"replies":[{"embeddable":true,"href":"https:\/\/www.hydraulic-cylinders.net\/lt\/wp-json\/wp\/v2\/comments?post=1623"}],"wp:featuredmedia":[{"embeddable":true,"href":"https:\/\/www.hydraulic-cylinders.net\/lt\/wp-json\/wp\/v2\/media\/1625"}],"wp:attachment":[{"href":"https:\/\/www.hydraulic-cylinders.net\/lt\/wp-json\/wp\/v2\/media?parent=1623"}],"wp:term":[{"taxonomy":"product_brand","embeddable":true,"href":"https:\/\/www.hydraulic-cylinders.net\/lt\/wp-json\/wp\/v2\/product_brand?post=1623"},{"taxonomy":"product_cat","embeddable":true,"href":"https:\/\/www.hydraulic-cylinders.net\/lt\/wp-json\/wp\/v2\/product_cat?post=1623"},{"taxonomy":"product_tag","embeddable":true,"href":"https:\/\/www.hydraulic-cylinders.net\/lt\/wp-json\/wp\/v2\/product_tag?post=1623"}],"curies":[{"name":"wp","href":"https:\/\/api.w.org\/{rel}","templated":true}]}}