{"id":16231,"date":"2025-01-20T08:42:00","date_gmt":"2025-01-20T08:42:00","guid":{"rendered":"https:\/\/www.hydraulic-cylinders.net\/product\/arm-cylinderfor-doosan-wheel-excavator-dx60n\/"},"modified":"2025-01-20T08:42:02","modified_gmt":"2025-01-20T08:42:02","slug":"arm-cylinderfor-doosan-wheel-excavator-dx60n","status":"publish","type":"product","link":"https:\/\/www.hydraulic-cylinders.net\/lt\/produktas\/arm-cylinderfor-doosan-wheel-excavator-dx60n\/","title":{"rendered":"\u201eDoosan\u201c ratinio ekskavatoriaus DX60N rankenos cilindras"},"content":{"rendered":"<h1>\u201eDoosan\u201c ratinio ekskavatoriaus DX60N rankenos cilindras<\/h1>\n<h2>\u012evadas<\/h2>\n<p>Svirties cilindras yra specialiai sukurtas hidraulinis cilindras, skirtas u\u017etikrinti tiesin\u012f jud\u0117jim\u0105 ir gali\u0105 \u012fvairi\u0173 tip\u0173 ma\u0161in\u0173 svirtims, tokioms kaip ekskavatoriai, kranai ir manipuliatoriai. Svirties cilindras atlieka pagrindin\u012f vaidmen\u012f hidraulin\u0117je sistemoje, nes leid\u017eia efektyviai jud\u0117ti ir valdyti priedus ar priedus. \u0160ie cilindrai ne tik u\u017etikrina skland\u0173 jud\u0117jim\u0105, bet ir atlaiko dideles apkrovas, u\u017etikrindami auk\u0161t\u0105 ma\u0161inos efektyvum\u0105 ir patikimum\u0105 \u012fvairiomis eksploatavimo s\u0105lygomis.<\/p>\n<p><img decoding=\"async\" src=\"https:\/\/www.hydraulic-cylinders.net\/wp-content\/uploads\/2025\/01\/songte-company-2.webp\" alt=\"Svirties cilindro vaizdas\"><\/p>\n<h2>Savyb\u0117s<\/h2>\n<ul>\n<li>Efektyvus galios perdavimas: Svirties cilindras u\u017etikrina galing\u0105 tiesin\u012f judes\u012f ir j\u0117g\u0105, u\u017etikrindamas auk\u0161t\u0105 ma\u0161inos svirties efektyvum\u0105 atliekant \u012fvairias operacijas.<\/li>\n<li>Tikslus valdymas: Hidraulin\u0117s sistemos d\u0117ka rankos cilindras gali tiksliai valdyti judes\u012f, tod\u0117l pried\u0173 valdymas tampa lankstesnis ir tikslesnis.<\/li>\n<li>Didelis patvarumas: Svirtiniai cilindrai paprastai gaminami i\u0161 didelio stiprumo med\u017eiag\u0173, pasi\u017eymin\u010di\u0173 geru atsparumu dilimui ir korozijai, tod\u0117l tinkami ilgalaikiam naudojimui at\u0161iauriomis s\u0105lygomis.<\/li>\n<li>Daugiafunkcis pritaikomumas: \u0160ie cilindrai gali b\u016bti pla\u010diai naudojami \u012fvairiuose mechaniniuose \u012frenginiuose, tokiuose kaip ekskavatoriai, kranai ir manipuliatoriai, prisitaikant prie skirting\u0173 darbo reikalavim\u0173.<\/li>\n<li>Lengva prie\u017ei\u016bra: konstrukcija skirta lengvam techniniam aptarnavimui ir pakeitimui, tod\u0117l reguliari ap\u017ei\u016bra ir prie\u017ei\u016bra yra patogesn\u0117, o \u012frangos prastovos laikas sutrump\u0117ja.<\/li>\n<\/ul>\n<p>Mes galime pagaminti \u0161\u012f produkt\u0105, o m\u016bs\u0173 produktas gali puikiai pakeisti \u0161iuos hidraulinius cilindrus.<\/p>\n<p><img decoding=\"async\" src=\"https:\/\/www.hydraulic-cylinders.net\/wp-content\/uploads\/2025\/01\/songte-oil-pipes-and-spare-parts.webp\" alt=\"Svirties cilindro pakeitimo paveiksl\u0117lis\"><\/p>\n<h2>Parai\u0161kos<\/h2>\n<p>Cilindro formos rankena pla\u010diai naudojama \u012fvairiose pramon\u0117s \u0161akose:<\/p>\n<h3>Statybos in\u017einerija<\/h3>\n<p>Ekskavatoriuose ir kranuose svirties cilindras naudojamas kau\u0161o arba str\u0117l\u0117s jud\u0117jimui valdyti, \u017eem\u0117s darbams, med\u017eiag\u0173 tvarkymui ir konstrukcij\u0173 montavimui.<\/p>\n<h3>Gamybos pramon\u0117<\/h3>\n<p>Automatizuotose gamybos linijose manipuliatori\u0173 judinimui, surinkimo, suvirinimo ir tvarkymo procesams atlikti naudojami svirtiniai cilindrai, taip pagerinant gamybos efektyvum\u0105 ir tikslum\u0105.<\/p>\n<h3>\u017dem\u0117s \u016bkio technika<\/h3>\n<p>\u017dem\u0117s \u016bkio technikose, tokiose kaip derliaus nu\u0117mimo ma\u0161inos ir s\u0117jamosios, svir\u010di\u0173 cilindrai valdo darbini\u0173 svir\u010di\u0173 jud\u0117jim\u0105, atlikdami tokias u\u017eduotis kaip s\u0117ja, tr\u0119\u0161imas ir derliaus nu\u0117mimas.<\/p>\n<h3>Kasyba<\/h3>\n<p>Kasybos \u012frangoje svirties cilindrai naudojami r\u016bdos kasybos ir tvarkymo \u012frangos svirties jud\u0117jimui valdyti.<\/p>\n<h3>Logistika ir transportas<\/h3>\n<p>\u0160akiniuose krautuvuose ir krovini\u0173 krovimo robotuose svir\u010di\u0173 cilindrai naudojami \u0161aki\u0173 k\u0117limui ir jud\u0117jimui valdyti, taip u\u017etikrinant med\u017eiag\u0173 tvarkym\u0105 ir krovim\u0105.<\/p>\n<p><img decoding=\"async\" src=\"https:\/\/www.hydraulic-cylinders.net\/wp-content\/uploads\/2025\/01\/songte-chushion-collar.webp\" alt=\"Svirties cilindro taikymo vaizdas\"><\/p>\n<h2>Projektavimo aspektai ir atrankos kriterijai<\/h2>\n<h3>Guoli\u0173 talpa<\/h3>\n<p>Svirtini\u0173 cilindr\u0173 laikomoji galia turi b\u016bti pakankama, kad atlaikyt\u0173 apkrov\u0105 eksploatacijos metu.<\/p>\n<h3>Sandarinimas<\/h3>\n<p>Siekiant u\u017etikrinti svirtini\u0173 cilindr\u0173 sandarum\u0105, tur\u0117t\u0173 b\u016bti naudojami \u012fvair\u016bs sandarinimo komponentai, tokie kaip st\u016bmokliniai sandarikliai, stryp\u0173 sandarikliai ir kt. Sandarinimo komponentai tur\u0117t\u0173 b\u016bti pagaminti i\u0161 atspari\u0173 dilimui med\u017eiag\u0173, toki\u0173 kaip poliuretanas ir nitrilo kau\u010diukas, o cilindro korpusas ir srieginis galinis pavir\u0161ius tur\u0117t\u0173 b\u016bti smulkiai apdoroti, kad b\u016bt\u0173 pagerintas atsparumas dilimui.<\/p>\n<h3>Patvarumas<\/h3>\n<p>Svirtiniai cilindrai turi b\u016bti pagaminti i\u0161 didelio stiprumo med\u017eiag\u0173, pasi\u017eymin\u010di\u0173 geru atsparumu dilimui ir korozijai, tinkamomis ilgalaikiam naudojimui at\u0161iauriomis s\u0105lygomis.<\/p>\n<h3>Saugumas<\/h3>\n<p>Projektuojant svirtinius cilindrus, reik\u0117t\u0173 atsi\u017evelgti \u012f tokius saugos veiksnius kaip apsauga nuo perkrovos, avarinis stabdymas ir apsauginio vo\u017etuvo nustatymai, kad b\u016bt\u0173 i\u0161vengta nelaiming\u0173 atsitikim\u0173 eksploatacijos metu.<\/p>\n<h3>Prie\u017ei\u016bra<\/h3>\n<p>Svirtiniai cilindrai tur\u0117t\u0173 b\u016bti suprojektuoti taip, kad juos b\u016bt\u0173 lengva pri\u017ei\u016br\u0117ti ir keisti, taip suma\u017einant \u012frangos prastovas ir prie\u017ei\u016bros i\u0161laidas.<\/p>\n<p><img decoding=\"async\" src=\"https:\/\/www.hydraulic-cylinders.net\/wp-content\/uploads\/2025\/01\/songte-cylinder-head-with-all-kinds-excavator-models.webp\" alt=\"Svirties cilindro dizaino vaizdas\"><\/p>\n<h2>Sandarinimas ir tepimas<\/h2>\n<p>Siekiant u\u017etikrinti svirties cilindr\u0173 sandarum\u0105, tur\u0117t\u0173 b\u016bti naudojami \u012fvair\u016bs sandarinimo komponentai, tokie kaip st\u016bmoklio sandarikliai, strypo sandarikliai ir kt. Sandarinimo komponentai tur\u0117t\u0173 b\u016bti pagaminti i\u0161 dilimui atspari\u0173 med\u017eiag\u0173, toki\u0173 kaip poliuretanas ir nitrilo kau\u010diukas. Cilindro korpusas ir srieginis galas tur\u0117t\u0173 b\u016bti kruop\u0161\u010diai apdirbti, kad b\u016bt\u0173 padidintas atsparumas dilimui. Svirties cilindrus reikia reguliariai tepti atitinkamu hidraulin\u0117s alyvos kiekiu, kad b\u016bt\u0173 u\u017etikrintas sklandus veikimas.<\/p>\n<h2>Prie\u017ei\u016bra ir prevencin\u0117s priemon\u0117s<\/h2>\n<ul>\n<li>Reguliariai tikrinkite svirties cilindro sandarum\u0105 ir, jei reikia, laiku pakeiskite sandarinimo komponentus.<\/li>\n<li>Reguliariai valykite ir pri\u017ei\u016br\u0117kite svirties cilindr\u0105 ir hidraulin\u0119 sistem\u0105, kad i\u0161vengtum\u0117te u\u017eter\u0161imo.<\/li>\n<li>Reguliariai tikrinkite cilindro korpuso ir st\u016bmoklio koto susid\u0117v\u0117jimo b\u016bkl\u0119 ir, jei reikia, laiku juos pakeiskite.<\/li>\n<li>Reguliariai tikrinkite jungiamuosius var\u017etus ir, jei reikia, priver\u017ekite juos, kad i\u0161vengtum\u0117te nuot\u0117kio.<\/li>\n<\/ul>\n<p><img decoding=\"async\" src=\"https:\/\/www.hydraulic-cylinders.net\/wp-content\/uploads\/2025\/01\/songte-bushings-with-all-kinds-of-excavator-models.webp\" alt=\"Svirties cilindro prie\u017ei\u016bros paveiksl\u0117lis\"><\/p>\n<h2>Produkto diegimo vadovas<\/h2>\n<p>Prie\u0161 montuodami patikrinkite svirties cilindro suderinamum\u0105 su \u012franga. Montuodami \u012fsitikinkite, kad svirties cilindras yra sumontuotas teisingoje pad\u0117tyje ir kad var\u017etai priver\u017eti iki nurodyto sukimo momento. Po montavimo patikrinkite, ar svirties cilindras veikia tinkamai, ir patikrinkite, ar n\u0117ra nuot\u0117kio.<\/p>\n<h2>Saugos aspektai ir aplinkos veiksniai<\/h2>\n<p>Kad b\u016bt\u0173 i\u0161vengta nelaiming\u0173 atsitikim\u0173, eksploatacijos metu reikia atsi\u017evelgti \u012f svirties cilindro saugos priemones. Hidraulin\u0119 alyv\u0105 reikia tinkamai utilizuoti, kad b\u016bt\u0173 i\u0161vengta aplinkos tar\u0161os.<\/p>\n<h2>Trik\u010di\u0173 \u0161alinimas ir da\u017eniausios problemos<\/h2>\n<ul>\n<li>Nuot\u0117kis: patikrinkite sandarinimo komponentus ir, jei reikia, priver\u017ekite var\u017etus.<\/li>\n<li>L\u0117tas jud\u0117jimas: patikrinkite, ar hidraulin\u0117 sistema ir cilindro korpusas n\u0117ra u\u017eter\u0161ti.<\/li>\n<li>Nenormalus triuk\u0161mas: patikrinkite hidraulin\u0117s alyvos lyg\u012f ir cilindro korpus\u0105, ar n\u0117ra susid\u0117v\u0117jimo ir pa\u017eeidim\u0173.<\/li>\n<\/ul>\n<p>Jei problem\u0173 nepavyksta i\u0161spr\u0119sti auk\u0161\u010diau nurodytais b\u016bdais, kreipkit\u0117s pagalbos \u012f gamintoj\u0105.<\/p>\n<p>Autorius: lyl<\/p>\n<p><img decoding=\"async\" src=\"https:\/\/www.hydraulic-cylinders.net\/wp-content\/uploads\/2025\/01\/songte-company-4.webp\" alt=\"\u012emon\u0117s pristatymo paveiksl\u0117lis\"><br \/>\n<img decoding=\"async\" src=\"https:\/\/www.hydraulic-cylinders.net\/wp-content\/uploads\/2025\/01\/songte-company-3.webp\" alt=\"\u012emon\u0117s pristatymo paveiksl\u0117lis\"> <\/p>\n<p>Esame profesionalus pakaitini\u0173 hidraulini\u0173 cilindr\u0173 gamintojas, si\u016blantis plat\u0173 gamini\u0173 asortiment\u0105, ir tapome vienu i\u0161 pirmaujan\u010di\u0173 hidraulini\u0173 cilindr\u0173 gamintoj\u0173 ir didmeninink\u0173 vidaus ir tarptautin\u0117se rinkose. Visada laikom\u0117s puikios kokyb\u0117s principo, remiam\u0117s industrializuota gamybos valdymo strategija, taikoma puikios gamybos dirbtuv\u0117se, ir nuolat tobuliname savo technin\u012f lyg\u012f bei gamybos efektyvum\u0105. \u012ediegdami auk\u0161\u010diausios klas\u0117s skaitmenin\u0119 gamybos \u012frang\u0105 ir profesionalias testavimo sistemas, nuolat optimizuojame gamybos platform\u0105, tobuliname gamini\u0173 kokyb\u0117s kontrol\u0117s procesus ir turime stiprias inovacij\u0173 galimybes. M\u016bs\u0173 tikslas \u2013 patenkinti \u012fvairius klient\u0173 poreikius, vadovaujantis efektyvumo, tikslumo ir auk\u0161tos kokyb\u0117s principais.<\/p>\n<p>Si\u016blome profesionalias, tarptautiniu mastu sertifikuotas ir pritaikytas paslaugas, pa\u017eangi\u0105 gamybos \u012frang\u0105 ir puik\u0173 aptarnavim\u0105 po pardavimo. <\/p>","protected":false},"excerpt":{"rendered":"<p>Arm Cylinder For Doosan Wheel Excavator DX60N Introduction The Arm Cylinder is a specially designed hydraulic cylinder for providing linear motion and power to various kinds of machinery arms such as excavators, cranes, and manipulators. The arm cylinder plays a key role in the hydraulic system, enabling the effective movement and control of attachments or [&hellip;]<\/p>","protected":false},"featured_media":14763,"comment_status":"open","ping_status":"closed","template":"","meta":{"_et_pb_use_builder":"","_et_pb_old_content":"","_et_gb_content_width":""},"product_brand":[],"product_cat":[1497],"product_tag":[1498,1496],"class_list":{"0":"post-16231","1":"product","2":"type-product","3":"status-publish","4":"has-post-thumbnail","6":"product_cat-arm-cylinders","7":"product_tag-arm-cylinders","8":"product_tag-hydraulic-cylinders","10":"first","11":"instock","12":"shipping-taxable","13":"product-type-simple"},"amp_enabled":true,"_links":{"self":[{"href":"https:\/\/www.hydraulic-cylinders.net\/lt\/wp-json\/wp\/v2\/product\/16231","targetHints":{"allow":["GET"]}}],"collection":[{"href":"https:\/\/www.hydraulic-cylinders.net\/lt\/wp-json\/wp\/v2\/product"}],"about":[{"href":"https:\/\/www.hydraulic-cylinders.net\/lt\/wp-json\/wp\/v2\/types\/product"}],"replies":[{"embeddable":true,"href":"https:\/\/www.hydraulic-cylinders.net\/lt\/wp-json\/wp\/v2\/comments?post=16231"}],"wp:featuredmedia":[{"embeddable":true,"href":"https:\/\/www.hydraulic-cylinders.net\/lt\/wp-json\/wp\/v2\/media\/14763"}],"wp:attachment":[{"href":"https:\/\/www.hydraulic-cylinders.net\/lt\/wp-json\/wp\/v2\/media?parent=16231"}],"wp:term":[{"taxonomy":"product_brand","embeddable":true,"href":"https:\/\/www.hydraulic-cylinders.net\/lt\/wp-json\/wp\/v2\/product_brand?post=16231"},{"taxonomy":"product_cat","embeddable":true,"href":"https:\/\/www.hydraulic-cylinders.net\/lt\/wp-json\/wp\/v2\/product_cat?post=16231"},{"taxonomy":"product_tag","embeddable":true,"href":"https:\/\/www.hydraulic-cylinders.net\/lt\/wp-json\/wp\/v2\/product_tag?post=16231"}],"curies":[{"name":"wp","href":"https:\/\/api.w.org\/{rel}","templated":true}]}}