{"id":16245,"date":"2025-01-20T08:58:59","date_gmt":"2025-01-20T08:58:59","guid":{"rendered":"https:\/\/www.hydraulic-cylinders.net\/product\/arm-cylinderfor-hyundai-middle-excavator-r190lc-5\/"},"modified":"2025-01-20T08:59:08","modified_gmt":"2025-01-20T08:59:08","slug":"arm-cylinderfor-hyundai-middle-excavator-r190lc-5","status":"publish","type":"product","link":"https:\/\/www.hydraulic-cylinders.net\/lt\/produktas\/arm-cylinderfor-hyundai-middle-excavator-r190lc-5\/","title":{"rendered":"Hyundai R190LC-5 vidutinio dyd\u017eio ekskavatoriaus rankenos cilindras"},"content":{"rendered":"<h1>Hyundai vidutinio ekskavatoriaus R190LC-5 rankenos cilindras<\/h1>\n<h2>\u012evadas<\/h2>\n<p>Svirties cilindras yra specialiai suprojektuotas hidraulinis cilindras, u\u017etikrinantis tiesin\u012f judes\u012f ir gali\u0105 \u012fvairi\u0173 tip\u0173 ma\u0161in\u0173, toki\u0173 kaip ekskavatoriai, kranai ir robotin\u0117s svirtys, svir\u010diai. Jis atlieka labai svarb\u0173 vaidmen\u012f hidraulin\u0117se sistemose, nes leid\u017eia efektyviai jud\u0117ti ir valdyti priedus ar priedus. \u0160ie cilindrai u\u017etikrina skland\u0173 jud\u0117jim\u0105 ir gali atlaikyti dideles apkrovas, u\u017etikrindami auk\u0161t\u0105 ma\u0161in\u0173 efektyvum\u0105 ir patikimum\u0105 \u012fvairiomis eksploatavimo s\u0105lygomis.<\/p>\n<p><img decoding=\"async\" src=\"https:\/\/www.hydraulic-cylinders.net\/wp-content\/uploads\/2025\/01\/songte-company-2.webp\" alt=\"Svirties cilindro vaizdas\"><\/p>\n<h2>Savyb\u0117s<\/h2>\n<ul>\n<li>Didelio efektyvumo transmisija: rankos cilindras u\u017etikrina galing\u0105 tiesin\u012f judes\u012f ir j\u0117g\u0105, u\u017etikrindamas auk\u0161t\u0105 robotin\u0117s rankos na\u0161um\u0105 atliekant \u012fvairias operacijas.<\/li>\n<li>Tikslus valdymas: Hidraulin\u0117s sistemos d\u0117ka svirties cilindras leid\u017eia tiksliai valdyti judesius, tod\u0117l pried\u0173 valdymas tampa lankstesnis ir tikslesnis.<\/li>\n<li>Didelis patvarumas: Svirtiniai cilindrai paprastai gaminami i\u0161 didelio stiprumo med\u017eiag\u0173, pasi\u017eymin\u010di\u0173 puikiu atsparumu dilimui ir korozijai, tod\u0117l tinkami ilgalaikiam naudojimui at\u0161iauriomis s\u0105lygomis.<\/li>\n<li>Daugiafunkcis pritaikomumas: \u0160ie cilindrai gali b\u016bti pla\u010diai naudojami \u012fvairiose ma\u0161inose, tokiose kaip ekskavatoriai, kranai ir robotin\u0117s rankos, prisitaikant prie skirting\u0173 darbo reikalavim\u0173.<\/li>\n<li>Lengva prie\u017ei\u016bra: Sukurti taip, kad juos b\u016bt\u0173 lengva pri\u017ei\u016br\u0117ti ir keisti, svirties cilindrai palengvina reguliari\u0105 ap\u017ei\u016br\u0105 ir technin\u0119 prie\u017ei\u016br\u0105, taip suma\u017einant \u012frangos prastov\u0173 laik\u0105.<\/li>\n<\/ul>\n<p><img decoding=\"async\" src=\"https:\/\/www.hydraulic-cylinders.net\/wp-content\/uploads\/2025\/01\/songte-oil-pipes-and-spare-parts.webp\" alt=\"Produkto vaizdas\"><\/p>\n<h2>Parai\u0161kos<\/h2>\n<p>Svirtinis cilindras naudojamas \u012fvairiose pramon\u0117s \u0161akose:<\/p>\n<h3>1. Statybos in\u017einerija<\/h3>\n<p>Ekskavatoriuose ir kranuose peties cilindras valdo kau\u0161o arba str\u0117l\u0117s jud\u0117jim\u0105 atliekant \u017eem\u0117s darbus, med\u017eiag\u0173 tvarkym\u0105 ir konstrukcij\u0173 montavim\u0105.<\/p>\n<h3>2. Gamybos pramon\u0117<\/h3>\n<p>Automatizuotose gamybos linijose rankos cilindras naudojamas robotini\u0173 rank\u0173 judinimui tokiuose procesuose kaip surinkimas, suvirinimas ir med\u017eiag\u0173 tvarkymas, taip pagerinant gamybos efektyvum\u0105 ir tikslum\u0105.<\/p>\n<h3>3. \u017dem\u0117s \u016bkio technika<\/h3>\n<p>\u017dem\u0117s \u016bkio technikose, tokiose kaip derliaus nu\u0117mimo ma\u0161inos ir s\u0117jamosios, svirties cilindras valdo valdymo svirties judes\u012f atliekant tokias u\u017eduotis kaip s\u0117ja, tr\u0119\u0161imas ir derliaus nu\u0117mimas.<\/p>\n<h3>4. Kasyba<\/h3>\n<p>Kasybos \u012frangoje svirties cilindras valdo kasybos ma\u0161in\u0173 svirties judesius r\u016bdos gavybai ir transportavimui.<\/p>\n<h3>5. Logistika ir transportas<\/h3>\n<p>\u0160akiniuose krautuvuose ir krovini\u0173 krovimo robotuose svirties cilindras valdo \u0161aki\u0173 k\u0117lim\u0105 ir jud\u0117jim\u0105, taip \u012fgalindamas med\u017eiag\u0173 tvarkym\u0105 ir krovim\u0105.<\/p>\n<p><img decoding=\"async\" src=\"https:\/\/www.hydraulic-cylinders.net\/wp-content\/uploads\/2025\/01\/songte-cylinder-head-with-all-kinds-excavator-models.webp\" alt=\"Produkto vaizdas\"><\/p>\n<h2>Projektavimo aspektai ir atrankos kriterijai<\/h2>\n<p>Renkantis cilindro formos ranken\u0105, reikia atsi\u017evelgti \u012f kelet\u0105 veiksni\u0173 ir atrankos kriterij\u0173:<\/p>\n<ul>\n<li>Keliamoji galia: Svirties cilindras turi b\u016bti pakankamai tvirtas, kad atlaikyt\u0173 numatytas apkrovas ir eksploatavimo s\u0105lygas.<\/li>\n<li>Sandarinimo galimyb\u0117s: Siekiant u\u017etikrinti efektyv\u0173 sandarinim\u0105, tur\u0117t\u0173 b\u016bti naudojami \u012fvair\u016bs sandarinimo komponentai, tokie kaip st\u016bmokli\u0173 ir kot\u0173 sandarikliai. \u0160ie sandarikliai da\u017enai gaminami i\u0161 atspari\u0173 dilimui med\u017eiag\u0173, toki\u0173 kaip poliuretanas ir nitrilo kau\u010diukas.<\/li>\n<li>Patvarumas: Cilindro korpusas ir srieginiai galai turi b\u016bti kruop\u0161\u010diai apdorojami, kad b\u016bt\u0173 padidintas atsparumas dilimui ir u\u017etikrintas ilgalaikis veikimas.<\/li>\n<li>Sauga: Siekiant i\u0161vengti perkrovos ir u\u017etikrinti saug\u0173 veikim\u0105, tur\u0117t\u0173 b\u016bti \u012frengtos saugos priemon\u0117s, tokios kaip sl\u0117gio ma\u017einimo vo\u017etuvai.<\/li>\n<li>Prie\u017ei\u016bra: Projektavimo etape reik\u0117t\u0173 atsi\u017evelgti \u012f reguliar\u0173 tepim\u0105 tinkama hidrauline alyva ir lengv\u0105 prieig\u0105 patikrai bei techninei prie\u017ei\u016brai.<\/li>\n<\/ul>\n<p><img decoding=\"async\" src=\"https:\/\/www.hydraulic-cylinders.net\/wp-content\/uploads\/2025\/01\/songte-chushion-collar.webp\" alt=\"Produkto vaizdas\"><\/p>\n<h2>Prie\u017ei\u016bros ir prevencin\u0117s priemon\u0117s<\/h2>\n<p>Norint u\u017etikrinti tinkam\u0105 svirties cilindro veikim\u0105 ir ilgaam\u017ei\u0161kum\u0105, reikia reguliariai atlikti patikrinimus ir prevencines prie\u017ei\u016bros priemones:<\/p>\n<ul>\n<li>Reguliariai atlikite vizualin\u0119 ap\u017ei\u016br\u0105, ar n\u0117ra nuot\u0117kio, susid\u0117v\u0117jimo ar pa\u017eeidim\u0173 po\u017eymi\u0173.<\/li>\n<li>Patikrinkite ir prireikus pakeiskite sandariklius ar kitus komponentus.<\/li>\n<li>Balion\u0105 ir jo aplink\u0105 laikykite \u0161varius, kad i\u0161vengtum\u0117te u\u017eter\u0161imo.<\/li>\n<li>Steb\u0117kite ir palaikykite tinkam\u0105 hidraulinio skys\u010dio lyg\u012f.<\/li>\n<li>Laikykit\u0117s gamintojo tepimo nurodym\u0173 ir tepimui naudokite tinkamas hidraulines alyvas.<\/li>\n<\/ul>\n<h2>Produkto diegimo vadovas<\/h2>\n<p>Tinkamas svirties cilindro montavimas yra b\u016btinas optimaliam jo veikimui. Laikykit\u0117s \u0161i\u0173 nurodym\u0173:<\/p>\n<ol>\n<li>\u012esitikinkite, kad ma\u0161ina yra i\u0161jungta ir kad i\u0161leistas visas hidraulinis sl\u0117gis.<\/li>\n<li>Atsargiai pastatykite svirties cilindr\u0105 \u012f numatyt\u0105 tvirtinimo viet\u0105.<\/li>\n<li>Tvirtai priver\u017ekite visas jungtis ir tvirtinimo detales.<\/li>\n<li>Prijunkite hidraulines \u017earnas ir \u012fsitikinkite, kad jos tinkamai u\u017esandarintos.<\/li>\n<li>Prie\u0161 v\u0117l paleisdami ma\u0161in\u0105, patikrinkite, ar n\u0117ra nuot\u0117ki\u0173 ar kit\u0173 anomalij\u0173.<\/li>\n<\/ol>\n<p><img decoding=\"async\" src=\"https:\/\/www.hydraulic-cylinders.net\/wp-content\/uploads\/2025\/01\/songte-bushings-with-all-kinds-of-excavator-models.webp\" alt=\"Produkto vaizdas\"><\/p>\n<h2>Saugos aspektai ir aplinkos veiksniai<\/h2>\n<p>Naudojant svirtin\u012f cilindr\u0105, svarbu teikti pirmenyb\u0119 saugos priemon\u0117ms, kad b\u016bt\u0173 i\u0161vengta nelaiming\u0173 atsitikim\u0173 ir suma\u017eintas poveikis aplinkai. Saugos protokol\u0173 ir taisykli\u0173 laikymasis yra labai svarbus d\u0117l \u0161i\u0173 prie\u017eas\u010di\u0173:<\/p>\n<ul>\n<li>Apsaugoti personal\u0105 nuo galim\u0173 su\u017ealojim\u0173 eksploatacijos metu<\/li>\n<li>Apsauga nuo pa\u017eeidim\u0173 ma\u0161inoms ar aplinkin\u0117ms konstrukcijoms<\/li>\n<li>Hidraulinio skys\u010dio nuot\u0117kio ir u\u017eter\u0161imo rizikos suma\u017einimas<\/li>\n<\/ul>\n<h2>Gedim\u0173 diagnostika ir da\u017eniausios problemos<\/h2>\n<p>Gedim\u0173 atsiradim\u0105 ir da\u017enas problemas, susijusias su svirties cilindru, galima i\u0161spr\u0119sti tinkamai diagnozuojant ir \u0161alinant triktis. Kai kurios da\u017enos problemos:<\/p>\n<ul>\n<li>Nuot\u0117kis i\u0161 sandarikli\u0173 ar jung\u010di\u0173<\/li>\n<li>Galios praradimas arba silpnas na\u0161umas<\/li>\n<li>Ne\u012fprasti garsai arba vibracija veikimo metu<\/li>\n<li>Nenuoseklus arba nereaguojantis judesio valdymas<\/li>\n<\/ul>\n<p>Nor\u0117dami i\u0161spr\u0119sti \u0161ias problemas, atsi\u017evelkite \u012f \u0161iuos trik\u010di\u0173 \u0161alinimo patarimus ir sprendimus:<\/p>\n<ul>\n<li>Patikrinkite ir pakeiskite sugedusius sandariklius ar jungtis.<\/li>\n<li>Patikrinkite hidraulinio skys\u010dio lyg\u012f ir, jei reikia, papildykite.<\/li>\n<li>Patikrinkite, ar svirties cilindras tinkamai sumontuotas ir suderintas.<\/li>\n<li>\u012esitikinkite, kad visos hidraulin\u0117s linijos ir \u017earnos n\u0117ra u\u017esikim\u0161usios ar pa\u017eeistos.<\/li>\n<li>Jei reikia, per\u017ei\u016br\u0117kite gamintojo trik\u010di\u0173 \u0161alinimo vadov\u0105 arba kreipkit\u0117s profesionalios pagalbos.<\/li>\n<\/ul>\n<p><img decoding=\"async\" src=\"https:\/\/www.hydraulic-cylinders.net\/wp-content\/uploads\/2025\/01\/songte-chushion-collar.webp\" alt=\"Produkto vaizdas\"><\/p>\n<h2>Apie mus<\/h2>\n<p>Esame profesionalus hidraulini\u0173 cilindr\u0173 gamintojas, si\u016blantis plat\u0173 gamini\u0173 asortiment\u0105. Tapome vienu i\u0161 pirmaujan\u010di\u0173 hidraulini\u0173 cilindr\u0173 gamintoj\u0173 ir didmenini\u0173 platintoj\u0173 vidaus ir tarptautin\u0117se rinkose. M\u016bs\u0173 \u012fsipareigojim\u0105 siekti meistri\u0161kumo u\u017etikrina i\u0161tobulintos gamybos dirbtuv\u0117s ir pramonin\u0117s gamybos valdymo strategijos, kuriomis siekiama nuolat tobulinti m\u016bs\u0173 technines \u017einias ir gamybos efektyvum\u0105.<\/p>\n<p>Diegiant pa\u017eangi\u0105 skaitmenin\u0119 gamybos \u012frang\u0105 ir profesionalias testavimo sistemas, optimizuojame savo gamybos platform\u0105 ir tobuliname gamini\u0173 kokyb\u0117s kontrol\u0117s procesus. Turime stipri\u0173 inovacij\u0173 paj\u0117gum\u0173. M\u016bs\u0173 tikslas \u2013 patenkinti \u012fvairius klient\u0173 poreikius, vadovaujantis efektyvumo, tikslumo ir auk\u0161tos kokyb\u0117s principais.<\/p>\n<p><img decoding=\"async\" src=\"https:\/\/www.hydraulic-cylinders.net\/wp-content\/uploads\/2025\/01\/songte-company-4.webp\" alt=\"\u012emon\u0117s \u012fvaizdis\"><br \/>\n<img decoding=\"async\" src=\"https:\/\/www.hydraulic-cylinders.net\/wp-content\/uploads\/2025\/01\/songte-company-3.webp\" alt=\"\u012emon\u0117s \u012fvaizdis\"><\/p>\n<p>M\u016bs\u0173 \u012fmon\u0117 i\u0161siskiria \u0161iais privalumais:<\/p>\n<ul>\n<li>Profesionalumas ir kompetencija<\/li>\n<li>Tarptautiniai sertifikatai<\/li>\n<li>Pritaikymo paslaugos<\/li>\n<li>Pa\u017eangiausia gamybos \u012franga<\/li>\n<li>Aptarnavimas po pardavimo<\/li>\n<\/ul>\n<p>Autorius: lyl<\/p>","protected":false},"excerpt":{"rendered":"<p>Arm Cylinder For Hyundai Middle Excavator R190LC-5 Introduction The arm cylinder is a specially designed hydraulic cylinder that provides linear motion and power to the arm of various types of machinery, such as excavators, cranes, and robotic arms. It plays a crucial role in hydraulic systems, enabling the efficient movement and control of attachments or [&hellip;]<\/p>","protected":false},"featured_media":14786,"comment_status":"open","ping_status":"closed","template":"","meta":{"_et_pb_use_builder":"","_et_pb_old_content":"","_et_gb_content_width":""},"product_brand":[],"product_cat":[1497],"product_tag":[1498,1496],"class_list":{"0":"post-16245","1":"product","2":"type-product","3":"status-publish","4":"has-post-thumbnail","6":"product_cat-arm-cylinders","7":"product_tag-arm-cylinders","8":"product_tag-hydraulic-cylinders","10":"first","11":"instock","12":"shipping-taxable","13":"product-type-simple"},"amp_enabled":true,"_links":{"self":[{"href":"https:\/\/www.hydraulic-cylinders.net\/lt\/wp-json\/wp\/v2\/product\/16245","targetHints":{"allow":["GET"]}}],"collection":[{"href":"https:\/\/www.hydraulic-cylinders.net\/lt\/wp-json\/wp\/v2\/product"}],"about":[{"href":"https:\/\/www.hydraulic-cylinders.net\/lt\/wp-json\/wp\/v2\/types\/product"}],"replies":[{"embeddable":true,"href":"https:\/\/www.hydraulic-cylinders.net\/lt\/wp-json\/wp\/v2\/comments?post=16245"}],"wp:featuredmedia":[{"embeddable":true,"href":"https:\/\/www.hydraulic-cylinders.net\/lt\/wp-json\/wp\/v2\/media\/14786"}],"wp:attachment":[{"href":"https:\/\/www.hydraulic-cylinders.net\/lt\/wp-json\/wp\/v2\/media?parent=16245"}],"wp:term":[{"taxonomy":"product_brand","embeddable":true,"href":"https:\/\/www.hydraulic-cylinders.net\/lt\/wp-json\/wp\/v2\/product_brand?post=16245"},{"taxonomy":"product_cat","embeddable":true,"href":"https:\/\/www.hydraulic-cylinders.net\/lt\/wp-json\/wp\/v2\/product_cat?post=16245"},{"taxonomy":"product_tag","embeddable":true,"href":"https:\/\/www.hydraulic-cylinders.net\/lt\/wp-json\/wp\/v2\/product_tag?post=16245"}],"curies":[{"name":"wp","href":"https:\/\/api.w.org\/{rel}","templated":true}]}}