{"id":16249,"date":"2025-01-20T08:59:27","date_gmt":"2025-01-20T08:59:27","guid":{"rendered":"https:\/\/www.hydraulic-cylinders.net\/product\/arm-cylinderfor-hyundai-middle-excavator-r260lc-7\/"},"modified":"2025-01-20T08:59:29","modified_gmt":"2025-01-20T08:59:29","slug":"arm-cylinderfor-hyundai-middle-excavator-r260lc-7","status":"publish","type":"product","link":"https:\/\/www.hydraulic-cylinders.net\/lt\/produktas\/arm-cylinderfor-hyundai-middle-excavator-r260lc-7\/","title":{"rendered":"Hyundai R260LC-7 vidutinio dyd\u017eio ekskavatoriaus rankenos cilindras"},"content":{"rendered":"<h1>Hyundai vidutinio ekskavatoriaus R260LC-7 rankenos cilindras<\/h1>\n<h2>\u012evadas<\/h2>\n<p>Svirties cilindras yra specialiai suprojektuotas hidraulinis cilindras, u\u017etikrinantis tiesin\u012f judes\u012f ir gali\u0105 \u012fvairi\u0173 tip\u0173 ma\u0161in\u0173, toki\u0173 kaip ekskavatoriai, kranai ir robotin\u0117s rankos, svir\u010diai. Jis atlieka labai svarb\u0173 vaidmen\u012f hidraulin\u0117se sistemose, nes leid\u017eia efektyviai jud\u0117ti ir valdyti papildomus \u012frankius ar priedus. \u0160ie cilindrai ne tik u\u017etikrina skland\u0173 jud\u0117jim\u0105, bet ir atlaiko dideles apkrovas, u\u017etikrindami efektyv\u0173 ma\u0161in\u0173 veikim\u0105 ir patikimum\u0105 \u012fvairiomis darbo s\u0105lygomis.<\/p>\n<p><img decoding=\"async\" src=\"https:\/\/www.hydraulic-cylinders.net\/wp-content\/uploads\/2025\/01\/songte-company-2.webp\" alt=\"Svirties cilindro vaizdas\"><\/p>\n<h2>Savyb\u0117s<\/h2>\n<ul>\n<li><strong>Didelio efektyvumo transmisija:<\/strong> Svirties cilindras u\u017etikrina galing\u0105 tiesin\u012f judes\u012f ir j\u0117g\u0105, u\u017etikrindamas auk\u0161t\u0105 na\u0161um\u0105 atliekant \u012fvairias operacijas.<\/li>\n<li><strong>Tikslus valdymas:<\/strong> Hidraulin\u0117s sistemos d\u0117ka svirties cilindras leid\u017eia tiksliai valdyti judes\u012f, tod\u0117l pritvirtint\u0173 \u012franki\u0173 valdymas tampa lankstesnis ir tikslesnis.<\/li>\n<li><strong>Patvarumas:<\/strong> Svirtiniai cilindrai paprastai gaminami i\u0161 didelio stiprumo med\u017eiag\u0173, kurios pasi\u017eymi puikiu atsparumu dilimui ir korozijai, tod\u0117l tinka ilgalaikiam naudojimui at\u0161iauriomis s\u0105lygomis.<\/li>\n<li><strong>Daugiafunkcionalumas ir pritaikomumas:<\/strong> \u0160ie cilindrai gali b\u016bti pla\u010diai naudojami \u012fvairioms ma\u0161inoms, tokioms kaip ekskavatoriai, kranai ir robotin\u0117s rankos, pritaikant juos skirtingiems darbo reikalavimams.<\/li>\n<li><strong>Prie\u017ei\u016bros paprastumas:<\/strong> Sukurti atsi\u017evelgiant \u012f paprast\u0105 prie\u017ei\u016br\u0105 ir keitim\u0105, svirtiniai cilindrai palengvina reguliarias patikras ir technin\u0119 prie\u017ei\u016br\u0105, taip suma\u017einant \u012frangos prastovas.<\/li>\n<\/ul>\n<p><img decoding=\"async\" src=\"https:\/\/www.hydraulic-cylinders.net\/wp-content\/uploads\/2025\/01\/songte-oil-pipes-and-spare-parts.webp\" alt=\"Svirties cilindro pakeitimo paveiksl\u0117lis\"><\/p>\n<h2>Parai\u0161kos<\/h2>\n<p>Svirtinis cilindras naudojamas \u012fvairiose pramon\u0117s \u0161akose:<\/p>\n<ul>\n<li><strong>Statybos in\u017einerija:<\/strong> Ekskavatoriuose ir kranuose peties cilindras valdo kau\u0161o arba str\u0117l\u0117s judes\u012f atliekant \u017eem\u0117s kasimo, med\u017eiag\u0173 tvarkymo ir konstrukcij\u0173 montavimo u\u017eduotis.<\/li>\n<li><strong>Gamybos pramon\u0117:<\/strong> Automatizuotose gamybos linijose rankos cilindras leid\u017eia robotin\u0117ms rankoms jud\u0117ti surinkimo, suvirinimo ir med\u017eiag\u0173 tvarkymo procesuose, taip pagerindamas gamybos efektyvum\u0105 ir tikslum\u0105.<\/li>\n<li><strong>\u017dem\u0117s \u016bkio technika:<\/strong> \u017dem\u0117s \u016bkio \u012frangoje, tokioje kaip derliaus nu\u0117mimo ma\u0161inos ir s\u0117jamosios, svirties cilindras valdo valdymo svirties judes\u012f atliekant tokias u\u017eduotis kaip s\u0117ja, tr\u0119\u0161imas ir derliaus nu\u0117mimas.<\/li>\n<li><strong>Kasyba:<\/strong> Kasybos \u012frangoje svirties cilindras valdo kasybos ma\u0161in\u0173 svirties judesius r\u016bdos gavybai ir transportavimui.<\/li>\n<li><strong>Logistika ir transportas:<\/strong> \u0160akiniuose krautuvuose ir krovini\u0173 krovimo robotuose svirties cilindras valdo \u0161aki\u0173 k\u0117lim\u0105 ir jud\u0117jim\u0105, taip \u012fgalindamas med\u017eiag\u0173 tvarkym\u0105 ir krovim\u0105.<\/li>\n<\/ul>\n<h2>Projektavimo aspektai ir atrankos kriterijai<\/h2>\n<p>Renkantis svirtinius cilindrus, svarbu atsi\u017evelgti \u012f kelet\u0105 projektavimo aspekt\u0173 ir atrankos kriterij\u0173:<\/p>\n<ul>\n<li><strong>Apkrovos paj\u0117gumas:<\/strong> Svirties cilindras turi b\u016bti suprojektuotas taip, kad atlaikyt\u0173 konkre\u010diam naudojimui reikalingas apkrovas.<\/li>\n<li><strong>Sandarinimas:<\/strong> \u012evair\u016bs sandarinimo komponentai, tokie kaip st\u016bmokli\u0173 ir kot\u0173 sandarikliai, atlieka gyvybi\u0161kai svarb\u0173 vaidmen\u012f u\u017etikrinant efektyv\u0173 veikim\u0105. Svarbu pasirinkti sandarikliams atsparias med\u017eiagas, tokias kaip poliuretanas ir nitrilo kau\u010diukas.<\/li>\n<li><strong>Patvarumas:<\/strong> Cilindro korpusas ir srieginiai galai turi b\u016bti kruop\u0161\u010diai apdorojami, kad b\u016bt\u0173 padidintas atsparumas dilimui.<\/li>\n<li><strong>Saugumas:<\/strong> Projektavimo procese tur\u0117t\u0173 b\u016bti atsi\u017evelgta \u012f saugos aspektus, siekiant u\u017etikrinti patikim\u0105 svirties cilindro veikim\u0105.<\/li>\n<li><strong>Prie\u017ei\u016bra:<\/strong> Norint u\u017etikrinti svirties cilindro ilgaam\u017ei\u0161kum\u0105 ir optimal\u0173 veikim\u0105, b\u016btina reguliariai tikrinti ir atlikti profilaktin\u0119 prie\u017ei\u016br\u0105.<\/li>\n<\/ul>\n<p><img decoding=\"async\" src=\"https:\/\/www.hydraulic-cylinders.net\/wp-content\/uploads\/2025\/01\/songte-cylinder-head-with-all-kinds-excavator-models.webp\" alt=\"Svirties cilindro dizaino vaizdas\"><\/p>\n<h2>Sandarinimas ir tepimas<\/h2>\n<p>Svirtiniuose cilindruose naudojami \u012fvair\u016bs sandarikliai, tokie kaip st\u016bmokli\u0173 ir kot\u0173 sandarikliai. \u0160ie sandarikliai pagaminti i\u0161 atspari\u0173 dilimui med\u017eiag\u0173, toki\u0173 kaip poliuretanas ir nitrilo kau\u010diukas. Cilindro korpusas ir srieginiai galai yra kruop\u0161\u010diai apdorojami, siekiant pagerinti atsparum\u0105 dilimui. Norint u\u017etikrinti skland\u0173 veikim\u0105, b\u016btina reguliariai tepti tinkamu hidraulin\u0117s alyvos kiekiu.<\/p>\n<h2>Ap\u017ei\u016bra ir prevencin\u0117 prie\u017ei\u016bra<\/h2>\n<p>Siekiant u\u017etikrinti optimal\u0173 svirties cilindro veikim\u0105 ir ilgaam\u017ei\u0161kum\u0105, reikia imtis \u0161i\u0173 patikrinimo ir prevencin\u0117s prie\u017ei\u016bros priemoni\u0173:<\/p>\n<ul>\n<li>Reguliariai tikrinkite, ar n\u0117ra cilindro ir sandarikli\u0173 nuot\u0117kio, pa\u017eeidim\u0173 ar ne\u012fprasto susid\u0117v\u0117jimo po\u017eymi\u0173.<\/li>\n<li>Patikrinkite hidraulin\u0119 sistem\u0105, ar n\u0117ra tinkamo hidraulin\u0117s alyvos lygio ir b\u016bkl\u0117s.<\/li>\n<li>I\u0161valykite cilindr\u0105 ir jo komponentus, kad pa\u0161alintum\u0117te visus ne\u0161varumus ar \u0161iuk\u0161les, kurios gali tur\u0117ti \u012ftakos veikimui.<\/li>\n<li>Nedelsdami pakeiskite susid\u0117v\u0117jusius sandariklius ir komponentus, kad i\u0161vengtum\u0117te tolesn\u0117s \u017ealos.<\/li>\n<\/ul>\n<p><img decoding=\"async\" src=\"https:\/\/www.hydraulic-cylinders.net\/wp-content\/uploads\/2025\/01\/songte-chushion-collar.webp\" alt=\"Svirties cilindro prie\u017ei\u016bros paveiksl\u0117lis\"><\/p>\n<h2>Produkto diegimo vadovas<\/h2>\n<p>Tinkamas svirties cilindro montavimas yra labai svarbus optimaliam jo veikimui:<\/p>\n<ul>\n<li>\u012esitikinkite, kad visos jungtys yra tvirtos ir saugios.<\/li>\n<li>Laikykit\u0117s gamintojo nurodym\u0173, kad tinkamai sulygiuotum\u0117te ir pritvirtintum\u0117te.<\/li>\n<li>Tvirtinimo detal\u0117ms naudokite rekomenduojamus sukimo momentus.<\/li>\n<li>Po \u012frengimo patikrinkite, ar n\u0117ra nuot\u0117ki\u0173, ir nedelsdami juos pa\u0161alinkite.<\/li>\n<\/ul>\n<p><img decoding=\"async\" src=\"https:\/\/www.hydraulic-cylinders.net\/wp-content\/uploads\/2025\/01\/songte-bushings-with-all-kinds-of-excavator-models.webp\" alt=\"Svirties cilindro montavimo paveiksl\u0117lis\"><\/p>\n<h2>Saugos aspektai ir aplinkos veiksniai<\/h2>\n<p>Naudojant svirtinius cilindrus, saugos priemon\u0117s yra nepaprastai svarbios siekiant i\u0161vengti nelaiming\u0173 atsitikim\u0173 ir u\u017etikrinti operatoriaus gerov\u0119. Svarbu atsi\u017evelgti \u012f tokius veiksnius kaip tinkamas mokymas, saugos gairi\u0173 laikymasis ir apsaugini\u0173 priemoni\u0173 naudojimas.<\/p>\n<h2>Trik\u010di\u0173 \u0161alinimas ir da\u017eniausiai pasitaikan\u010dios problemos<\/h2>\n<p>Svirtiniai cilindrai gali susidurti su tam tikrais gedimais ir problemomis. Kai kurios da\u017eniausios problemos:<\/p>\n<ul>\n<li>Nuot\u0117kis i\u0161 sandarikli\u0173 ar jung\u010di\u0173<\/li>\n<li>Suma\u017e\u0117j\u0119s arba nepastovus na\u0161umas<\/li>\n<li>Per didelis triuk\u0161mas ar vibracija<\/li>\n<li>Sandariklio susid\u0117v\u0117jimas arba pa\u017eeidimas<\/li>\n<\/ul>\n<p>Norint i\u0161spr\u0119sti \u0161ias problemas, gali b\u016bti naudingi \u0161ie trik\u010di\u0173 \u0161alinimo patarimai ir sprendimai:<\/p>\n<ul>\n<li>Patikrinkite sandariklius ir jungtis, ar n\u0117ra nuot\u0117kio po\u017eymi\u0173, ir prireikus priver\u017ekite arba pakeiskite.<\/li>\n<li>Patikrinkite, ar hidraulin\u0117je sistemoje n\u0117ra u\u017esikim\u0161im\u0173 ar apribojim\u0173, kurie gali tur\u0117ti \u012ftakos veikimui.<\/li>\n<li>Patikrinkite ir pakeiskite susid\u0117v\u0117jusius arba pa\u017eeistus sandariklius, kad atkurtum\u0117te optimal\u0173 veikim\u0105.<\/li>\n<li>U\u017etikrinkite tinkam\u0105 sutepim\u0105 ir nuvalykite visus ter\u0161alus, kurie gali tur\u0117ti \u012ftakos cilindro veikimui.<\/li>\n<\/ul>\n<p><img decoding=\"async\" src=\"https:\/\/www.hydraulic-cylinders.net\/wp-content\/uploads\/2025\/01\/songte-chushion-collar.webp\" alt=\"Svirties cilindro trik\u010di\u0173 \u0161alinimo paveiksl\u0117lis\"><\/p>\n<p>Nepamir\u0161kite straipsn\u012f strukt\u016brizuoti logi\u0161kai, naudodami paantra\u0161tes, kad b\u016bt\u0173 lengviau nar\u0161yti, \u012ftraukite atitinkamus vaizdus ar diagramas, kad b\u016bt\u0173 lengviau suprasti, ir u\u017etikrinkite ai\u0161kum\u0105 bei glaustum\u0105 skaitytojams, turintiems skirting\u0105 technini\u0173 \u017eini\u0173 lyg\u012f.<\/p>\n<h2>Apie mus<\/h2>\n<p>Esame profesionalus pakaitini\u0173 hidraulini\u0173 cilindr\u0173 gamintojas, si\u016blantis plat\u0173 gamini\u0173 asortiment\u0105. Tapome vienu i\u0161 pirmaujan\u010di\u0173 hidraulini\u0173 cilindr\u0173 gamintoj\u0173 ir didmenini\u0173 platintoj\u0173 vidaus ir tarptautin\u0117se rinkose. M\u016bs\u0173 \u012fsipareigojimas siekti meistri\u0161kumo ir pramon\u0117s standart\u0173 kokyb\u0117s principams, kartu su puikiais gamybos cechais ir pramonin\u0117s gamybos valdymo strategijomis, leid\u017eia mums nuolat tobulinti savo technines \u017einias ir gamybos efektyvum\u0105. \u012ediegdami auk\u0161\u010diausios klas\u0117s skaitmenin\u0119 gamybos \u012frang\u0105 ir profesionalias bandym\u0173 sistemas, optimizuojame savo gamybos platform\u0105 ir tobuliname gamini\u0173 kokyb\u0117s kontrol\u0117s procesus, demonstruodami stiprias inovacij\u0173 galimybes. M\u016bs\u0173 tikslas \u2013 patenkinti \u012fvairius klient\u0173 poreikius, taikant efektyvumo, tikslumo ir auk\u0161tos kokyb\u0117s principus.<\/p>\n<p><img decoding=\"async\" src=\"https:\/\/www.hydraulic-cylinders.net\/wp-content\/uploads\/2025\/01\/songte-company-4.webp\" alt=\"\u012emon\u0117s profilio paveiksl\u0117lis\"><br \/>\n<img decoding=\"async\" src=\"https:\/\/www.hydraulic-cylinders.net\/wp-content\/uploads\/2025\/01\/songte-company-3.webp\" alt=\"\u012emon\u0117s profilio paveiksl\u0117lis\"><\/p>\n<p>M\u016bs\u0173 \u012fmon\u0117 i\u0161siskiria \u0161iais privalumais:<\/p>\n<ul>\n<li>Profesionalumas<\/li>\n<li>Tarptautiniai sertifikatai<\/li>\n<li>Pasirinktinis<br \/>","protected":false},"excerpt":{"rendered":"<p>Arm Cylinder For Hyundai Middle Excavator R260LC-7 Introduction The arm cylinder is a specially designed hydraulic cylinder that provides linear motion and power to the arm of various types of machinery such as excavators, cranes, and robotic arms. It plays a crucial role in hydraulic systems, enabling the efficient movement and control of additional tools [&hellip;]<\/p>","protected":false},"featured_media":14774,"comment_status":"open","ping_status":"closed","template":"","meta":{"_et_pb_use_builder":"","_et_pb_old_content":"","_et_gb_content_width":""},"product_brand":[],"product_cat":[1497],"product_tag":[1498,1496],"class_list":{"0":"post-16249","1":"product","2":"type-product","3":"status-publish","4":"has-post-thumbnail","6":"product_cat-arm-cylinders","7":"product_tag-arm-cylinders","8":"product_tag-hydraulic-cylinders","10":"first","11":"instock","12":"shipping-taxable","13":"product-type-simple"},"amp_enabled":true,"_links":{"self":[{"href":"https:\/\/www.hydraulic-cylinders.net\/lt\/wp-json\/wp\/v2\/product\/16249","targetHints":{"allow":["GET"]}}],"collection":[{"href":"https:\/\/www.hydraulic-cylinders.net\/lt\/wp-json\/wp\/v2\/product"}],"about":[{"href":"https:\/\/www.hydraulic-cylinders.net\/lt\/wp-json\/wp\/v2\/types\/product"}],"replies":[{"embeddable":true,"href":"https:\/\/www.hydraulic-cylinders.net\/lt\/wp-json\/wp\/v2\/comments?post=16249"}],"wp:featuredmedia":[{"embeddable":true,"href":"https:\/\/www.hydraulic-cylinders.net\/lt\/wp-json\/wp\/v2\/media\/14774"}],"wp:attachment":[{"href":"https:\/\/www.hydraulic-cylinders.net\/lt\/wp-json\/wp\/v2\/media?parent=16249"}],"wp:term":[{"taxonomy":"product_brand","embeddable":true,"href":"https:\/\/www.hydraulic-cylinders.net\/lt\/wp-json\/wp\/v2\/product_brand?post=16249"},{"taxonomy":"product_cat","embeddable":true,"href":"https:\/\/www.hydraulic-cylinders.net\/lt\/wp-json\/wp\/v2\/product_cat?post=16249"},{"taxonomy":"product_tag","embeddable":true,"href":"https:\/\/www.hydraulic-cylinders.net\/lt\/wp-json\/wp\/v2\/product_tag?post=16249"}],"curies":[{"name":"wp","href":"https:\/\/api.w.org\/{rel}","templated":true}]}}