{"id":16256,"date":"2025-01-20T08:59:57","date_gmt":"2025-01-20T08:59:57","guid":{"rendered":"https:\/\/www.hydraulic-cylinders.net\/product\/arm-cylinderfor-hyundai-large-excavator-r300lc-5\/"},"modified":"2025-01-20T08:59:58","modified_gmt":"2025-01-20T08:59:58","slug":"arm-cylinderfor-hyundai-large-excavator-r300lc-5","status":"publish","type":"product","link":"https:\/\/www.hydraulic-cylinders.net\/lt\/produktas\/arm-cylinderfor-hyundai-large-excavator-r300lc-5\/","title":{"rendered":"Hyundai didelio ekskavatoriaus R300LC-5 rankenos cilindras"},"content":{"rendered":"<p><!DOCTYPE html><br \/>\n<html><br \/>\n<head><br \/>\n<title>Hyundai didelio ekskavatoriaus R300LC-5 rankos cilindras<\/title><br \/>\n<\/head><br \/>\n<body><\/p>\n<h1>Hyundai didelio ekskavatoriaus R300LC-5 rankos cilindras<\/h1>\n<h2>\u012evadas<\/h2>\n<p>\u201eHyundai Large Excavator R300LC-5\u201c svirties cilindras yra specialiai sukurtas hidraulinis cilindras, u\u017etikrinantis tiesin\u012f judes\u012f ir gali\u0105 \u012fvairi\u0173 ma\u0161in\u0173, toki\u0173 kaip ekskavatoriai, kranai ir mechanin\u0117s svirtys, svir\u010diai. Svirties cilindras atlieka labai svarb\u0173 vaidmen\u012f hidraulin\u0117se sistemose, nes leid\u017eia efektyviai jud\u0117ti ir valdyti papildomus \u012frankius ar priedus. \u0160ie cilindrai u\u017etikrina skland\u0173 ir patikim\u0105 veikim\u0105 net esant didel\u0117ms apkrovoms, u\u017etikrindami auk\u0161t\u0105 efektyvum\u0105 ir patikimum\u0105 \u012fvairiomis darbo s\u0105lygomis.<\/p>\n<p><img decoding=\"async\" src=\"https:\/\/www.hydraulic-cylinders.net\/wp-content\/uploads\/2025\/01\/songte-company-2.webp\" alt=\"Svirties cilindro vaizdas\"><\/p>\n<h2>Savyb\u0117s<\/h2>\n<ul>\n<li><strong>Didelio efektyvumo transmisija:<\/strong> Svirties cilindras u\u017etikrina galing\u0105 tiesin\u012f judes\u012f ir j\u0117g\u0105, u\u017etikrindamas auk\u0161t\u0105 mechanin\u0117s svirties na\u0161um\u0105 atliekant \u012fvairias operacijas.<\/li>\n<li><strong>Tikslus valdymas:<\/strong> Hidraulin\u0117s sistemos d\u0117ka svirties cilindras leid\u017eia tiksliai valdyti judesius, tod\u0117l pritvirtint\u0173 \u012franki\u0173 valdymas tampa lankstesnis ir tikslesnis.<\/li>\n<li><strong>Patvarumas:<\/strong> Svirties cilindras paprastai pagamintas i\u0161 didelio stiprumo med\u017eiag\u0173, pasi\u017eymin\u010di\u0173 geru atsparumu dilimui ir korozijai, tod\u0117l tinka ilgalaikiam naudojimui at\u0161iauriomis s\u0105lygomis.<\/li>\n<li><strong>Daugiafunkcinis prisitaikymas:<\/strong> \u0160ie cilindrai gali b\u016bti pla\u010diai naudojami \u012fvairi\u0173 tip\u0173 ma\u0161inoms, \u012fskaitant ekskavatorius, kranus ir mechanines svirtis, atitinkan\u010dias skirtingus darbo reikalavimus.<\/li>\n<li><strong>Lengva prie\u017ei\u016bra:<\/strong> Projektuojant atsi\u017evelgiama \u012f prie\u017ei\u016bros ir keitimo paprastum\u0105, tod\u0117l reguliari ap\u017ei\u016bra ir prie\u017ei\u016bra yra patogesni, o \u012frangos prastovos laikas sutrump\u0117ja.<\/li>\n<\/ul>\n<p><img decoding=\"async\" src=\"https:\/\/www.hydraulic-cylinders.net\/wp-content\/uploads\/2025\/01\/songte-oil-pipes-and-spare-parts.webp\" alt=\"Hidraulini\u0173 cilindr\u0173 vaizdas\"><\/p>\n<h2>Parai\u0161kos<\/h2>\n<ul>\n<li><strong>Statybos in\u017einerija:<\/strong> Ekskavatoriuose ir kranuose str\u0117l\u0117s cilindras naudojamas kau\u0161\u0173 arba str\u0117l\u0117s svir\u010di\u0173 jud\u0117jimui valdyti atliekant \u017eem\u0117s darbus, med\u017eiag\u0173 tvarkym\u0105 ir konstrukcij\u0173 montavim\u0105.<\/li>\n<li><strong>Gamybos pramon\u0117:<\/strong> Automatizuotose gamybos linijose svirties cilindras naudojamas mechanin\u0117ms svirtims judinti surinkimo, suvirinimo ir tvarkymo procesuose, taip pagerinant gamybos efektyvum\u0105 ir tikslum\u0105.<\/li>\n<li><strong>\u017dem\u0117s \u016bkio technika:<\/strong> \u017dem\u0117s \u016bkio \u012frangoje, tokioje kaip derliaus nu\u0117mimo ma\u0161inos ir s\u0117jamosios, svirties cilindras valdo valdymo svir\u010di\u0173 judes\u012f atliekant tokias u\u017eduotis kaip s\u0117ja, tr\u0119\u0161imas ir derliaus nu\u0117mimas.<\/li>\n<li><strong>Kasyba:<\/strong> Kasybos \u012frangoje svirties cilindras naudojamas kasybos ma\u0161in\u0173 svirties jud\u0117jimui valdyti r\u016bdos gavybai ir transportavimui.<\/li>\n<li><strong>Logistika ir transportas:<\/strong> \u0160akiniuose krautuvuose ir krovini\u0173 krovimo robotuose svirties cilindras naudojamas \u0161aki\u0173 k\u0117limui ir jud\u0117jimui valdyti, taip u\u017etikrinant med\u017eiag\u0173 tvarkym\u0105 ir krovim\u0105.<\/li>\n<\/ul>\n<h2>Projektavimo aspektai ir atrankos kriterijai<\/h2>\n<ul>\n<li><strong>Keliamoji galia:<\/strong> Svirties cilindras yra skirtas atlaikyti konkre\u010dias apkrovas ir tur\u0117t\u0173 b\u016bti atitinkamai parinktas, kad b\u016bt\u0173 u\u017etikrintas saugus ir efektyvus veikimas.<\/li>\n<li><strong>Sandarinimas:<\/strong> Cilindro vientisumui palaikyti ir nuot\u0117kiui i\u0161vengti naudojami \u012fvair\u016bs sandarinimo komponentai, tokie kaip st\u016bmokli\u0173 ir kot\u0173 sandarikliai. \u0160ie sandarikliai pagaminti i\u0161 atspari\u0173 dilimui med\u017eiag\u0173, toki\u0173 kaip poliuretanas ir nitrilo kau\u010diukas.<\/li>\n<li><strong>Patvarumas:<\/strong> Cilindro korpusas ir srieginiai galai yra kruop\u0161\u010diai apdorojami, siekiant padidinti atsparum\u0105 dilimui ir pailginti cilindro tarnavimo laik\u0105.<\/li>\n<li><strong>Saugumas:<\/strong> Projektavimo procese tur\u0117t\u0173 b\u016bti atsi\u017evelgta \u012f saugos priemones, kad b\u016bt\u0173 i\u0161vengta nelaiming\u0173 atsitikim\u0173 ir apsaugotas operatorius bei aplinkinis personalas.<\/li>\n<li><strong>Prie\u017ei\u016bra:<\/strong> Svirties cilindras tur\u0117t\u0173 b\u016bti suprojektuotas taip, kad j\u012f b\u016bt\u0173 lengva pri\u017ei\u016br\u0117ti ir remontuoti, kad b\u016bt\u0173 galima reguliariai tikrinti ir keisti susid\u0117v\u0117jusias dalis, taip sutrumpinant prastovas.<\/li>\n<\/ul>\n<p><img decoding=\"async\" src=\"https:\/\/www.hydraulic-cylinders.net\/wp-content\/uploads\/2025\/01\/songte-cylinder-head-with-all-kinds-excavator-models.webp\" alt=\"Cilindro galvut\u0117s vaizdas\"><\/p>\n<h2>Sandarinimas ir tepimas<\/h2>\n<p>Svirties cilindro vientisumui palaikyti naudojami \u012fvair\u016bs sandarinimo komponentai, tokie kaip st\u016bmoklio ir koto sandarikliai. \u0160ie sandarikliai pagaminti i\u0161 atspari\u0173 dilimui med\u017eiag\u0173, toki\u0173 kaip poliuretanas ir nitrilo kau\u010diukas. Cilindro korpusas ir srieginiai galai yra kruop\u0161\u010diai apdorojami, siekiant padidinti atsparum\u0105 dilimui. Norint u\u017etikrinti skland\u0173 veikim\u0105, b\u016btina reguliariai tepti tinkamu hidraulin\u0117s alyvos kiekiu.<\/p>\n<h2>Reguliarus patikrinimas ir prevencin\u0117 prie\u017ei\u016bra<\/h2>\n<ul>\n<li>Reguliariai tikrinkite svirties cilindr\u0105, ar n\u0117ra susid\u0117v\u0117jimo, nuot\u0117kio ar pa\u017eeidim\u0173 po\u017eymi\u0173.<\/li>\n<li>Patikrinkite ir prireikus pakeiskite susid\u0117v\u0117jusius sandariklius ir komponentus.<\/li>\n<li>Palaikykite tinkam\u0105 tepim\u0105 reguliariai pildami rekomenduojam\u0105 hidraulin\u0117s alyvos kiek\u012f.<\/li>\n<li>\u012esitikinkite, kad visos jungtys ir detal\u0117s yra sandarios ir patikimos.<\/li>\n<li>Atlikite profilaktines prie\u017ei\u016bros u\u017eduotis pagal gamintojo nurodymus.<\/li>\n<\/ul>\n<h2>Produkto diegimo vadovas<\/h2>\n<p>Tinkamas svirties cilindro montavimas yra labai svarbus jo veikimui ir ilgaam\u017ei\u0161kumui. Nor\u0117dami s\u0117kmingai sumontuoti, atlikite \u0161iuos veiksmus:<\/p>\n<ol>\n<li>Paruo\u0161kite tvirtinimo viet\u0105 ir \u012fsitikinkite, kad ji \u0161vari ir be \u0161iuk\u0161li\u0173.<\/li>\n<li>Sulygiuokite svirties cilindr\u0105 su tvirtinimo ta\u0161kais ir pritvirtinkite j\u012f naudodami atitinkamus var\u017etus ir tvirtinimo detales.<\/li>\n<li>Patikrinkite, ar n\u0117ra nesuderinamumo ar trukd\u017ei\u0173, ir prireikus pakoreguokite.<\/li>\n<li>Prijunkite hidraulines linijas pagal gamintojo instrukcijas.<\/li>\n<li>Prie\u0161 visi\u0161kai \u012fjungdami svirties cilindr\u0105, patikrinkite jo jud\u0117jim\u0105 ir veikim\u0105.<\/li>\n<\/ol>\n<p><img decoding=\"async\" src=\"https:\/\/www.hydraulic-cylinders.net\/wp-content\/uploads\/2025\/01\/songte-bushings-with-all-kinds-of-excavator-models.webp\" alt=\"\u012evori\u0173 vaizdas\"><\/p>\n<h2>Saugos aspektai ir aplinkos veiksniai<\/h2>\n<p>Dirbant su hidrauliniais cilindrais, saugos priemon\u0117s yra nepaprastai svarbios. Labai svarbu laikytis saugos nurodym\u0173 ir naudoti tinkamas asmenines apsaugos priemones (AAP), kad b\u016bt\u0173 i\u0161vengta nelaiming\u0173 atsitikim\u0173 ir su\u017ealojim\u0173. Be to, norint u\u017etikrinti optimal\u0173 svirties cilindro veikim\u0105 ir ilgaam\u017ei\u0161kum\u0105, reikia atsi\u017evelgti \u012f aplinkos veiksnius, tokius kaip temperat\u016bra, dr\u0117gm\u0117 ir \u0117sdinan\u010dios med\u017eiagos.<\/p>\n<h2>Trik\u010di\u0173 \u0161alinimas ir da\u017eniausiai pasitaikan\u010dios problemos<\/h2>\n<p>\u0160tai keletas da\u017eniausiai pasitaikan\u010di\u0173 problem\u0173, susijusi\u0173 su cilindro rankena:<\/p>\n<ul>\n<li>Nuot\u0117kis: patikrinkite, ar n\u0117ra sandarikli\u0173 ir jung\u010di\u0173, ar n\u0117ra nuot\u0117kio po\u017eymi\u0173, ir pakeiskite sugedusius komponentus.<\/li>\n<li>Nereguliarus jud\u0117jimas: patikrinkite hidraulin\u0119 sistem\u0105, ar n\u0117ra gedim\u0173 ar u\u017esikim\u0161im\u0173, kurie gali tur\u0117ti \u012ftakos cilindro jud\u0117jimui, ir pa\u0161alinkite problem\u0105.<\/li>\n<li>Per didelis triuk\u0161mas: patikrinkite, ar n\u0117ra atsilaisvinusi\u0173 jung\u010di\u0173, susid\u0117v\u0117jusi\u0173 komponent\u0173 arba nepakankamo tepimo, ir atitinkamai i\u0161spr\u0119skite problem\u0105.<\/li>\n<li>Prastas veikimas: \u012esitikinkite, kad svirties cilindras yra tinkamo dyd\u017eio ir suderintas su numatyta paskirtimi. Patikrinkite, ar n\u0117ra joki\u0173 apribojim\u0173 ar kli\u016b\u010di\u0173, kurios gali tur\u0117ti \u012ftakos jo veikimui.<\/li>\n<\/ul>\n<p>D\u0117l konkre\u010di\u0173 trik\u010di\u0173 \u0161alinimo ir sprendimo b\u016bd\u0173 \u017er. gamintojo instrukcijas arba kreipkit\u0117s \u012f kvalifikuot\u0105 specialist\u0105.<\/p>\n<p><img decoding=\"async\" src=\"https:\/\/www.hydraulic-cylinders.net\/wp-content\/uploads\/2025\/01\/songte-chushion-collar.webp\" alt=\"Chushion apykakl\u0117s vaizdas\"><\/p>\n<h2>Apie m\u016bs\u0173 \u012fmon\u0119<\/h2>\n<p>Esame profesionalus pakaitini\u0173 hidraulini\u0173 cilindr\u0173 gamintojas, si\u016blantis plat\u0173 gamini\u0173 asortiment\u0105. Tapome vienu i\u0161 pirmaujan\u010di\u0173 hidraulini\u0173 cilindr\u0173 gamintoj\u0173 ir didmenini\u0173 platintoj\u0173 tiek vidaus, tiek tarptautin\u0117se rinkose. Siekdami meistri\u0161kumo, nuolat tobuliname savo technologinius paj\u0117gumus ir gamybos efektyvum\u0105, naudodami modernias gamybos patalpas ir industrializuotas gamybos valdymo strategijas. \u012ediegdami auk\u0161\u010diausios klas\u0117s skaitmenin\u0119 gamybos \u012frang\u0105 ir profesionalias bandym\u0173 sistemas, optimizuojame savo gamybos platform\u0105, tobuliname kokyb\u0117s kontrol\u0117s procesus ir pasi\u017eymime stipriomis inovacij\u0173 galimyb\u0117mis. M\u016bs\u0173 tikslas \u2013 patenkinti \u012fvairius klient\u0173 poreikius, vadovaujantis efektyvumo, tikslumo ir auk\u0161tos kokyb\u0117s principais.<\/p>\n<p><img decoding=\"async\" src=\"https:\/\/www.hydraulic-cylinders.net\/wp-content\/uploads\/2025\/01\/songte-company-4.webp\" alt=\"\u012emon\u0117s \u012fvaizdis\"><br \/>\n<img decoding=\"async\" src=\"https:\/\/www.hydraulic-cylinders.net\/wp-content\/uploads\/2025\/01\/songte-company-3.webp\" alt=\"\u012emon\u0117s \u012fvaizdis\"><\/p>\n<p>Autorius: lyl<\/p>\n<p><\/body><br \/>\n<\/html><\/p>","protected":false},"excerpt":{"rendered":"<p>Arm Cylinder For Hyundai Large Excavator R300LC-5 Arm Cylinder For Hyundai Large Excavator R300LC-5 Introduction The Arm Cylinder for Hyundai Large Excavator R300LC-5 is a specially designed hydraulic cylinder that provides linear motion and power to the arm of various machinery, such as excavators, cranes, and mechanical arms. The arm cylinder plays a crucial role [&hellip;]<\/p>","protected":false},"featured_media":14783,"comment_status":"open","ping_status":"closed","template":"","meta":{"_et_pb_use_builder":"","_et_pb_old_content":"","_et_gb_content_width":""},"product_brand":[],"product_cat":[1497],"product_tag":[1498,1496],"class_list":{"0":"post-16256","1":"product","2":"type-product","3":"status-publish","4":"has-post-thumbnail","6":"product_cat-arm-cylinders","7":"product_tag-arm-cylinders","8":"product_tag-hydraulic-cylinders","10":"first","11":"instock","12":"shipping-taxable","13":"product-type-simple"},"amp_enabled":true,"_links":{"self":[{"href":"https:\/\/www.hydraulic-cylinders.net\/lt\/wp-json\/wp\/v2\/product\/16256","targetHints":{"allow":["GET"]}}],"collection":[{"href":"https:\/\/www.hydraulic-cylinders.net\/lt\/wp-json\/wp\/v2\/product"}],"about":[{"href":"https:\/\/www.hydraulic-cylinders.net\/lt\/wp-json\/wp\/v2\/types\/product"}],"replies":[{"embeddable":true,"href":"https:\/\/www.hydraulic-cylinders.net\/lt\/wp-json\/wp\/v2\/comments?post=16256"}],"wp:featuredmedia":[{"embeddable":true,"href":"https:\/\/www.hydraulic-cylinders.net\/lt\/wp-json\/wp\/v2\/media\/14783"}],"wp:attachment":[{"href":"https:\/\/www.hydraulic-cylinders.net\/lt\/wp-json\/wp\/v2\/media?parent=16256"}],"wp:term":[{"taxonomy":"product_brand","embeddable":true,"href":"https:\/\/www.hydraulic-cylinders.net\/lt\/wp-json\/wp\/v2\/product_brand?post=16256"},{"taxonomy":"product_cat","embeddable":true,"href":"https:\/\/www.hydraulic-cylinders.net\/lt\/wp-json\/wp\/v2\/product_cat?post=16256"},{"taxonomy":"product_tag","embeddable":true,"href":"https:\/\/www.hydraulic-cylinders.net\/lt\/wp-json\/wp\/v2\/product_tag?post=16256"}],"curies":[{"name":"wp","href":"https:\/\/api.w.org\/{rel}","templated":true}]}}