{"id":1626,"date":"2023-10-08T08:46:25","date_gmt":"2023-10-08T08:46:25","guid":{"rendered":"https:\/\/hydraulic-cylinders.net\/?post_type=product&#038;p=1626"},"modified":"2025-04-11T03:46:32","modified_gmt":"2025-04-11T03:46:32","slug":"press-lateral-shift-anvil-cylinder","status":"publish","type":"product","link":"https:\/\/www.hydraulic-cylinders.net\/lt\/produktas\/press-lateral-shift-anvil-cylinder\/","title":{"rendered":"Paspauskite \u0161oninio poslinkio priekalo cilindr\u0105"},"content":{"rendered":"<h1 style=\"text-align: center;\"><strong>Paspauskite \u0161oninio poslinkio priekalo cilindr\u0105<\/strong><\/h1>\n<p><img loading=\"lazy\" decoding=\"async\" class=\"aligncenter wp-image-1627\" src=\"https:\/\/hydraulic-cylinders.net\/wp-content\/uploads\/2023\/10\/lateral-shift-anvil-cylinder-300x300.webp\" alt=\"\" width=\"400\" height=\"400\" \/><\/p>\n<p>Preso \u0161oninio poslinkio priekalinis cilindras yra pa\u017eangus komponentas, skirtas optimizuoti presavimo operacijas \u012fvairiose pramon\u0117s \u0161akose. D\u0117l savo pa\u017eangi\u0173 funkcij\u0173 ir patikimo veikimo \u0161is cilindras pasi\u017eymi didesniu tikslumu, efektyvumu ir universalumu.<\/p>\n<p>Preso \u0161oninio poslinkio priekalinis cilindras yra galingas \u012frankis, skirtas presavimo operacij\u0173 tikslumui, efektyvumui ir universalumui didinti. D\u0117l \u0161oninio poslinkio galimyb\u0117s, didelio tikslumo, greito proceso ir suderinamumo su \u012fvairiomis programomis \u0161is cilindras leid\u017eia pasiekti puiki\u0173 rezultat\u0173. Laikydamiesi rekomenduojam\u0173 naudojimo metod\u0173 ir prie\u017ei\u016bros praktikos, galite maksimaliai padidinti presavimo operacij\u0173 na\u0161um\u0105, na\u0161um\u0105 ir tarnavimo laik\u0105. Pasirinkite preso \u0161oninio poslinkio priekalin\u012f cilindr\u0105, kad supaprastintum\u0117te savo presavimo procesus ir atrakintum\u0117te naujus tikslumo bei efektyvumo lygius.<\/p>\n<p>Preso \u0161oninio poslinkio priekalo cilindro pagrindin\u0117s charakteristikos:<\/p>\n<ol>\n<li>\u0160oninio poslinkio galimyb\u0117:<\/li>\n<\/ol>\n<ul>\n<li>Preso \u0161oninio poslinkio priekalo cilindras turi unikal\u0173 \u0161oninio poslinkio mechanizm\u0105, kuris leid\u017eia tiksliai nustatyti priekalo pad\u0117t\u012f.<\/li>\n<li>\u0160i \u0161oninio poslinkio galimyb\u0117 leid\u017eia tiksliai suderinti presuojam\u0105 med\u017eiag\u0105, u\u017etikrinant optimalius rezultatus ir sutrumpinant nustatymo laik\u0105.<\/li>\n<\/ul>\n<ol start=\"2\">\n<li>Didelis tikslumas:<\/li>\n<\/ol>\n<ul>\n<li>\u0160is cilindras u\u017etikrina i\u0161skirtin\u012f tikslum\u0105 \u0161oniniame poslinkyje, leid\u017eiant\u012f tiksliai reguliuoti priekalo pad\u0117t\u012f.<\/li>\n<li>D\u0117l didelio tikslumo jis u\u017etikrina nuosekl\u0173 ir tiksl\u0173 i\u0161lyginim\u0105, tod\u0117l pasiekiama auk\u0161\u010diausia presavimo kokyb\u0117.<\/li>\n<\/ul>\n<ol start=\"3\">\n<li>Greitas ir efektyvus veikimas:<\/li>\n<\/ol>\n<ul>\n<li>Preso \u0161oninio poslinkio priekalo cilindras sukurtas greitam ir efektyviam darbui, maksimaliai padidinant na\u0161um\u0105.<\/li>\n<li>Pa\u017eangi hidraulin\u0117 sistema leid\u017eia greitai perjungti \u0161oninius mechanizmus, sutrumpinti ciklo laik\u0105 ir padidinti bendr\u0105 na\u0161um\u0105.<\/li>\n<\/ul>\n<ol start=\"4\">\n<li>Universalumas:<\/li>\n<\/ol>\n<ul>\n<li>\u0160is cilindras tinka \u012fvairiems presavimo darbams, tinka \u012fvairioms med\u017eiagoms ir formoms.<\/li>\n<li>Nesvarbu, ar dirbate su lak\u0161tiniu metalu, plastiku ar kitomis med\u017eiagomis, \u201ePress\u201c \u0161oninio poslinkio priekalinis cilindras si\u016blo universalum\u0105, kad patenkint\u0173 j\u016bs\u0173 presavimo poreikius.<\/li>\n<\/ul>\n<h2><strong>Preso \u0161oninio poslinkio priekalo cilindro parametras:<\/strong><\/h2>\n<table border=\"1\" cellspacing=\"0\" cellpadding=\"0\">\n<tbody>\n<tr>\n<td>Produkto pavadinimas<\/td>\n<td>Hidraulinis presas \u0161oninio poslinkio priekalo cilindras<\/td>\n<\/tr>\n<tr>\n<td>Savyb\u0117s:<\/td>\n<td>Perkelkite priekal\u0105 \u012f \u0161on\u0105<\/td>\n<\/tr>\n<tr>\n<td>Skyl\u0117s skersmuo:<\/td>\n<td>125 mm\uff5e250 mm<\/td>\n<\/tr>\n<tr>\n<td>Strypo skersmuo:<\/td>\n<td>90 mm ~ 180 mm<br \/>\nEiga \u22645500 mm<\/td>\n<\/tr>\n<tr>\n<td>Traukos j\u0117ga:<\/td>\n<td>Maksimali galia 1546 kN<br \/>\n(Siurblio skersmuo: 250 mm \/ sl\u0117gis 31,5 MPa)<\/td>\n<\/tr>\n<tr>\n<td>\u0160oninio poslinkio priekalo cilindro pritaikymas:<\/td>\n<td>Hidraulinis presas<\/td>\n<\/tr>\n<\/tbody>\n<\/table>\n<div><\/div>\n<div class=\"txtboxL\">\n<div class=\"txtboxL\">\n<div class=\"txtboxL\">Savyb\u0117s:<\/div>\n<div class=\"txtboxR\">Perkelkite priekal\u0105 \u012f \u0161on\u0105<\/div>\n<div class=\"txtboxL\">Specifikacija:<\/div>\n<div class=\"txtboxR\">Skyl\u0117s skersmuo: 125 mm ~ 250 mm<br \/>\nStrypo skersmuo: 90 mm ~ 180 mm<br \/>\nEiga \u22645500 mm<\/div>\n<div class=\"txtboxL\">Traukos j\u0117ga:<\/div>\n<div class=\"txtboxR\">Maksimali galia 1546 kN<br \/>\n(Siurblio skersmuo: 250 mm \/ sl\u0117gis 31,5 MPa)<\/div>\n<\/div>\n<\/div>\n<h2><strong>Preso cilindr\u0173 gamykla:<\/strong><\/h2>\n<p><img loading=\"lazy\" decoding=\"async\" class=\"alignnone wp-image-1619 size-full\" src=\"https:\/\/hydraulic-cylinders.net\/wp-content\/uploads\/2023\/10\/press-cylinder.webp\" alt=\"\" width=\"1418\" height=\"946\" srcset=\"https:\/\/hydraulic-cylinders.net\/wp-content\/uploads\/2023\/10\/press-cylinder.webp 1418w, https:\/\/hydraulic-cylinders.net\/wp-content\/uploads\/2023\/10\/press-cylinder-1280x854.webp 1280w, https:\/\/hydraulic-cylinders.net\/wp-content\/uploads\/2023\/10\/press-cylinder-980x654.webp 980w, https:\/\/hydraulic-cylinders.net\/wp-content\/uploads\/2023\/10\/press-cylinder-480x320.webp 480w\" sizes=\"(min-width: 0px) and (max-width: 480px) 480px, (min-width: 481px) and (max-width: 980px) 980px, (min-width: 981px) and (max-width: 1280px) 1280px, (min-width: 1281px) 1418px, 100vw\" \/><\/p>\n<h2><strong>Preso \u0161oninio poslinkio priekalo cilindro naudojimo b\u016bdas<\/strong><strong>:<\/strong><\/h2>\n<ol>\n<li><strong>Diegimas ir integravimas:<\/strong><\/li>\n<\/ol>\n<ul>\n<li>Tvirtai pritvirtinkite preso \u0161oninio poslinkio priekalo cilindr\u0105 prie preso r\u0117mo arba tam skirtos tvirtinimo vietos.<\/li>\n<li>U\u017etikrinkite tinkam\u0105 sujungim\u0105 ir i\u0161lyginim\u0105, laikydamiesi gamintojo nurodym\u0173 ir rekomendacij\u0173.<\/li>\n<\/ul>\n<ol start=\"2\">\n<li><strong>Hidraulin\u0117s jungtys:<\/strong><\/li>\n<\/ol>\n<ul>\n<li>Prijunkite preso \u0161oninio poslinkio priekalo cilindr\u0105 prie hidraulinio maitinimo bloko naudodami atitinkamas \u017earnas ir jungiam\u0105sias detales.<\/li>\n<li>Patikrinkite, ar hidraulin\u0117s jungtys yra tvirtos ir be nuot\u0117ki\u0173, kad b\u016bt\u0173 u\u017etikrintas efektyvus skys\u010di\u0173 perdavimas ir saugus veikimas.<\/li>\n<\/ul>\n<ol start=\"3\">\n<li><strong>Pad\u0117ties reguliavimas:<\/strong><\/li>\n<\/ol>\n<ul>\n<li>Priekalo \u0161oninio poslinkio pad\u0117t\u012f reguliuokite pagal konkre\u010dius presavimo reikalavimus.<\/li>\n<li>Nor\u0117dami tiksliai suderinti su presuojama med\u017eiaga, naudokite \u0161oninio poslinkio mechanizm\u0105.<\/li>\n<\/ul>\n<ol start=\"4\">\n<li><strong>Veiklos kontrol\u0117:<\/strong><\/li>\n<\/ol>\n<ul>\n<li>Susipa\u017einkite su preso \u0161oninio poslinkio priekalo cilindro valdymo elementais.<\/li>\n<li>Supraskite, kaip prad\u0117ti \u0161onin\u012f poslink\u012f ir visas papildomas funkcijas, pvz., grei\u010dio valdym\u0105 ar pad\u0117ties fiksavimo mechanizmus.<\/li>\n<\/ul>\n<h2><strong>Kaip suma\u017einti sl\u0117g\u012f hidraulin\u0117je sistemoje?<\/strong><\/h2>\n<p>Sl\u0117gio i\u0161leidimas i\u0161 hidraulin\u0117s sistemos yra labai svarbus \u017eingsnis siekiant u\u017etikrinti saug\u0105 ir atlikti technin\u0119 prie\u017ei\u016br\u0105 ar remont\u0105. \u0160tai nuoseklus vadovas, kaip i\u0161leisti sl\u0117g\u012f hidraulin\u0117je sistemoje:<\/p>\n<ol>\n<li><strong>Nustatykite maitinimo \u0161altin\u012f:<\/strong>\n<ul>\n<li>Nustatykite maitinimo \u0161altin\u012f, tiekiant\u012f sl\u0117g\u012f hidraulinei sistemai. Tai gali b\u016bti elektros variklis, variklio varomas siurblys arba bet koks kitas maitinimo \u0161altinis.<\/li>\n<\/ul>\n<\/li>\n<li><strong>I\u0161junkite maitinimo \u0161altin\u012f:<\/strong>\n<ul>\n<li>I\u0161junkite arba u\u017egesinkite maitinimo \u0161altin\u012f, kuris generuoja sl\u0117g\u012f hidraulinei sistemai.<\/li>\n<li>Jei tai elektros variklis, i\u0161junkite maitinim\u0105 arba atjunkite j\u012f.<\/li>\n<li>Jei siurblys varomas varikliu, i\u0161junkite varikl\u012f.<\/li>\n<\/ul>\n<\/li>\n<li><strong>\u012ejunkite avarin\u012f stabdym\u0105:<\/strong>\n<ul>\n<li>Jei j\u016bs\u0173 hidraulin\u0117je sistemoje yra avarinio stabdymo mygtukas arba svirtis, \u012fjunkite j\u0105, kad sustabdytum\u0117te tolesn\u012f hidraulinio sl\u0117gio generavim\u0105.<\/li>\n<\/ul>\n<\/li>\n<li><strong>Palaukite, kol suma\u017e\u0117s sl\u0117gis:<\/strong>\n<ul>\n<li>I\u0161jung\u0119 maitinimo \u0161altin\u012f ir \u012fjung\u0119 avarin\u012f stabdikl\u012f, palaukite pakankamai laiko, kol sl\u0117gis i\u0161sisklaidys.<\/li>\n<li>Sl\u0117gio i\u0161leidimo laikas priklausys nuo hidraulin\u0117s sistemos dyd\u017eio ir sud\u0117tingumo. Sl\u0117giui visi\u0161kai i\u0161leisti gali prireikti keli\u0173 minu\u010di\u0173 ar ilgiau.<\/li>\n<\/ul>\n<\/li>\n<li><strong>Patikrinkite sl\u0117gio i\u0161leidim\u0105:<\/strong>\n<ul>\n<li>Nor\u0117dami \u012fsitikinti, kad sl\u0117gis i\u0161leistas, patikrinkite hidraulin\u0117s sistemos sl\u0117gio matuoklius arba indikatorius, jei yra.<\/li>\n<li>Jei sl\u0117gio rodmuo yra lygus nuliui arba artimas nuliui, tai rodo, kad sl\u0117gis s\u0117kmingai i\u0161leistas.<\/li>\n<\/ul>\n<\/li>\n<li><strong>Liku\u010dio sl\u0117gio suma\u017einimas:<\/strong>\n<ul>\n<li>Kai kuriais atvejais, net ir i\u0161jungus maitinimo \u0161altin\u012f, hidraulin\u0117je sistemoje vis dar gali b\u016bti lik\u0119s sl\u0117gis.<\/li>\n<li>Nor\u0117dami suma\u017einti \u0161\u012f likus\u012f sl\u0117g\u012f, suraskite hidraulin\u0117s sistemos sl\u0117gio ma\u017einimo vo\u017etuv\u0105.<\/li>\n<li>L\u0117tai atidarykite sl\u0117gio ma\u017einimo vo\u017etuv\u0105, naudodami tinkamus \u012frankius (pvz., ver\u017eliarakt\u012f), kad palaipsniui i\u0161leistum\u0117te likus\u012f sl\u0117g\u012f.<\/li>\n<li>I\u0161leisdami likus\u012f sl\u0117g\u012f, b\u016bkite atsarg\u016bs ir atid\u016bs, kad i\u0161vengtum\u0117te staigi\u0173 judesi\u0173 ar hidraulinio skys\u010dio pursl\u0173.<\/li>\n<\/ul>\n<\/li>\n<li><strong>Dvigubas sl\u0117gio i\u0161leidimo patikrinimas:<\/strong>\n<ul>\n<li>Suma\u017einus likus\u012f sl\u0117g\u012f, dar kart\u0105 patikrinkite, ar sl\u0117gio indikatoriai rodo nulin\u012f sl\u0117g\u012f arba arti jo.<\/li>\n<li>Vizualiai patikrinkite hidraulin\u0119 sistem\u0105, ar n\u0117ra jud\u0117jimo ar sl\u0117gio padid\u0117jimo po\u017eymi\u0173.<\/li>\n<\/ul>\n<\/li>\n<\/ol>\n<h2><strong>Gamyklos paj\u0117gumai ir talpa:<\/strong><\/h2>\n<h3>(1) Surinkimas<\/h3>\n<p>Turime pirmos klas\u0117s nepriklausom\u0105 tyrim\u0173 ir pl\u0117tros surinkimo platform\u0105. Hidraulini\u0173 cilindr\u0173 gamybos ceche yra keturios pusiau automatin\u0117s k\u0117limo cilindr\u0173 surinkimo linijos ir viena automatin\u0117 pakreipimo cilindr\u0173 surinkimo linija, kuri\u0173 projektinis metinis gamybos paj\u0117gumas yra 1 milijonas vienet\u0173. Speciali\u0173j\u0173 cilindr\u0173 ceche \u012frengta \u012fvairi\u0173 specifikacij\u0173 pusiau automatin\u0117 valymo surinkimo sistema, kurios projektinis metinis gamybos paj\u0117gumas yra 200 000 vienet\u0173, ir garsi CNC apdirbimo \u012franga, apdirbimo centras, didelio tikslumo cilindr\u0173 apdirbimo speciali \u012franga, robotinis suvirinimo aparatas, automatinis valymo aparatas, automatinis cilindr\u0173 surinkimo aparatas ir automatin\u0117 da\u017eymo gamybos linija. Esama daugiau nei 300 rinkini\u0173 (komplekt\u0173) kritin\u0117 \u012franga. Optimalus \u012frangos i\u0161tekli\u0173 paskirstymas ir efektyvus naudojimas u\u017etikrina gamini\u0173 tikslumo reikalavimus ir auk\u0161tus gamini\u0173 kokyb\u0117s poreikius.<\/p>\n<p><img loading=\"lazy\" decoding=\"async\" class=\"alignnone wp-image-626\" src=\"https:\/\/hydraulic-cylinders.net\/wp-content\/uploads\/2023\/08\/hydraulic-cylinder-product-1-300x158.webp\" alt=\"\" width=\"495\" height=\"260\" srcset=\"https:\/\/hydraulic-cylinders.net\/wp-content\/uploads\/2023\/08\/hydraulic-cylinder-product-1-300x158.webp 495w, https:\/\/hydraulic-cylinders.net\/wp-content\/uploads\/2023\/08\/hydraulic-cylinder-product-1-480x252.webp 480w\" sizes=\"(min-width: 0px) and (max-width: 480px) 480px, (min-width: 481px) 495px, 100vw\" \/> <img loading=\"lazy\" decoding=\"async\" class=\"alignnone wp-image-627\" src=\"https:\/\/hydraulic-cylinders.net\/wp-content\/uploads\/2023\/08\/hydraulic-cylinder-product-2-300x189.webp\" alt=\"\" width=\"413\" height=\"260\" \/><\/p>\n<h3>(2) Apdirbimas<\/h3>\n<p>Mechaninio apdirbimo ceche \u012frengtas pritaikytas nuo\u017eulnaus b\u0117gio tekinimo centras, apdirbimo centras, greitaeigis galandimo stakl\u0117s, suvirinimo robotas ir kita susijusi \u012franga, galinti apdirbti cilindrinius vamzd\u017eius, kuri\u0173 maksimalus vidinis skersmuo yra 400 mm, o maksimalus ilgis \u2013 6 metrai.<\/p>\n<p><img loading=\"lazy\" decoding=\"async\" class=\"alignnone wp-image-628 size-large\" src=\"https:\/\/hydraulic-cylinders.net\/wp-content\/uploads\/2023\/08\/hydraulic-cylinder-product-3-1024x391.webp\" alt=\"\" width=\"1024\" height=\"391\" srcset=\"https:\/\/hydraulic-cylinders.net\/wp-content\/uploads\/2023\/08\/hydraulic-cylinder-product-3-980x374.webp 980w, https:\/\/hydraulic-cylinders.net\/wp-content\/uploads\/2023\/08\/hydraulic-cylinder-product-3-480x183.webp 480w\" sizes=\"(min-width: 0px) and (max-width: 480px) 480px, (min-width: 481px) and (max-width: 980px) 980px, (min-width: 981px) 1024px, 100vw\" \/><\/p>\n<h3>(3) Suvirinimas<\/h3>\n<p><img loading=\"lazy\" decoding=\"async\" class=\"alignnone wp-image-629 size-large\" src=\"https:\/\/hydraulic-cylinders.net\/wp-content\/uploads\/2023\/08\/hydraulic-cylinder-product-4-1024x510.webp\" alt=\"\" width=\"1024\" height=\"510\" srcset=\"https:\/\/hydraulic-cylinders.net\/wp-content\/uploads\/2023\/08\/hydraulic-cylinder-product-4-980x488.webp 980w, https:\/\/hydraulic-cylinders.net\/wp-content\/uploads\/2023\/08\/hydraulic-cylinder-product-4-480x239.webp 480w\" sizes=\"(min-width: 0px) and (max-width: 480px) 480px, (min-width: 481px) and (max-width: 980px) 980px, (min-width: 981px) 1024px, 100vw\" \/><\/p>\n<h3>(4) Da\u017eymas ir dengimas<\/h3>\n<p>Su ma\u017eomis ir vidutinio dyd\u017eio cilindrin\u0117mis automatin\u0117mis vandens pagrindo da\u017e\u0173 dengimo linijomis, siekiant automatinio robot\u0173 pakrovimo ir i\u0161krovimo bei automatinio pur\u0161kimo, projektinis paj\u0117gumas yra 4000 vienet\u0173 per pamain\u0105;<br \/>\nTaip pat turime pusiau automatin\u0119 dideli\u0173 cilindr\u0173 da\u017e\u0173 gamybos linij\u0105, varom\u0105 grandin\u0117s, kurios projektinis na\u0161umas yra 60 d\u0117\u017ei\u0173 per pamain\u0105.<\/p>\n<p><img loading=\"lazy\" decoding=\"async\" class=\"alignnone wp-image-630\" src=\"https:\/\/hydraulic-cylinders.net\/wp-content\/uploads\/2023\/08\/hydraulic-cylinder-product-5-300x213.webp\" alt=\"\" width=\"366\" height=\"260\" \/> <img loading=\"lazy\" decoding=\"async\" class=\"alignnone wp-image-631\" src=\"https:\/\/hydraulic-cylinders.net\/wp-content\/uploads\/2023\/08\/hydraulic-cylinder-product-6-300x225.webp\" alt=\"\" width=\"347\" height=\"260\" \/><\/p>\n<h3>(5) Testavimas<\/h3>\n<p>Turime auk\u0161\u010diausios klas\u0117s patikros patalpas ir bandym\u0173 stendus, kad u\u017etikrintume, jog baliono veikimas atitinka reikalavimus.<\/p>\n<p><img loading=\"lazy\" decoding=\"async\" class=\"alignnone wp-image-632\" src=\"https:\/\/hydraulic-cylinders.net\/wp-content\/uploads\/2023\/08\/hydraulic-cylinder-product-8-300x200.webp\" alt=\"\" width=\"389\" height=\"260\" \/><\/p>\n<p>&nbsp;<\/p>\n<p>&nbsp;<\/p>\n<p>Esame vienas geriausi\u0173 hidraulini\u0173 cilindr\u0173 gamintoj\u0173. Galime pasi\u016blyti i\u0161samius hidraulinius cilindrus. Taip pat teikiame atitinkamus <a href=\"https:\/\/hzpt.com\/agricultural-pto-gearbox\/\" target=\"_blank\" rel=\"noopener\">\u017eem\u0117s \u016bkio pavar\u0173 d\u0117\u017e\u0117s<\/a>Mes eksportuojame savo gaminius klientams visame pasaulyje ir peln\u0117me ger\u0105 reputacij\u0105 d\u0117l auk\u0161\u010diausios gamini\u0173 kokyb\u0117s ir aptarnavimo po pardavimo. Mes laukiame klient\u0173 \u0161alyje ir u\u017esienyje, norin\u010di\u0173 susisiekti su mumis der\u0117tis d\u0117l verslo, keistis informacija ir... <a href=\"https:\/\/www.hydraulic-cylinders.net\/lt\/contact-us\/\">bendradarbiauti su mumis<\/a>!<\/p>","protected":false},"excerpt":{"rendered":"<p>Press Lateral Shift Anvil Cylinder The press lateral shift anvil cylinder is a cutting-edge component designed to optimize pressing operations in various industries. With its advanced features and reliable performance, this cylinder offers enhanced precision, efficiency, and versatility. The press lateral shift anvil cylinder is a powerful tool for enhancing precision, efficiency, and versatility in [&hellip;]<\/p>","protected":false},"featured_media":1628,"comment_status":"open","ping_status":"closed","template":"","meta":{"_et_pb_use_builder":"","_et_pb_old_content":"","_et_gb_content_width":""},"product_brand":[],"product_cat":[1550,1522,1376],"product_tag":[1380],"class_list":{"0":"post-1626","1":"product","2":"type-product","3":"status-publish","4":"has-post-thumbnail","6":"product_cat-double-acting-hydraulic-cylinder","7":"product_cat-press-hydraulic-cylinders","8":"product_cat-hydraulic-cylinder","9":"product_tag-hydraulic-cylinder","11":"first","12":"instock","13":"shipping-taxable","14":"product-type-simple"},"amp_enabled":true,"_links":{"self":[{"href":"https:\/\/www.hydraulic-cylinders.net\/lt\/wp-json\/wp\/v2\/product\/1626","targetHints":{"allow":["GET"]}}],"collection":[{"href":"https:\/\/www.hydraulic-cylinders.net\/lt\/wp-json\/wp\/v2\/product"}],"about":[{"href":"https:\/\/www.hydraulic-cylinders.net\/lt\/wp-json\/wp\/v2\/types\/product"}],"replies":[{"embeddable":true,"href":"https:\/\/www.hydraulic-cylinders.net\/lt\/wp-json\/wp\/v2\/comments?post=1626"}],"wp:featuredmedia":[{"embeddable":true,"href":"https:\/\/www.hydraulic-cylinders.net\/lt\/wp-json\/wp\/v2\/media\/1628"}],"wp:attachment":[{"href":"https:\/\/www.hydraulic-cylinders.net\/lt\/wp-json\/wp\/v2\/media?parent=1626"}],"wp:term":[{"taxonomy":"product_brand","embeddable":true,"href":"https:\/\/www.hydraulic-cylinders.net\/lt\/wp-json\/wp\/v2\/product_brand?post=1626"},{"taxonomy":"product_cat","embeddable":true,"href":"https:\/\/www.hydraulic-cylinders.net\/lt\/wp-json\/wp\/v2\/product_cat?post=1626"},{"taxonomy":"product_tag","embeddable":true,"href":"https:\/\/www.hydraulic-cylinders.net\/lt\/wp-json\/wp\/v2\/product_tag?post=1626"}],"curies":[{"name":"wp","href":"https:\/\/api.w.org\/{rel}","templated":true}]}}