{"id":16264,"date":"2025-01-20T09:00:42","date_gmt":"2025-01-20T09:00:42","guid":{"rendered":"https:\/\/www.hydraulic-cylinders.net\/product\/arm-cylinderfor-kobelco-small-excavator-sk30\/"},"modified":"2025-01-20T09:00:44","modified_gmt":"2025-01-20T09:00:44","slug":"arm-cylinderfor-kobelco-small-excavator-sk30","status":"publish","type":"product","link":"https:\/\/www.hydraulic-cylinders.net\/lt\/produktas\/arm-cylinderfor-kobelco-small-excavator-sk30\/","title":{"rendered":"Kobelco ma\u017eo ekskavatoriaus SK30 rankos cilindras"},"content":{"rendered":"<p>Kobelco ma\u017eo ekskavatoriaus SK30 rankos cilindras<\/p>\n<p>Svirties cilindras yra specializuotas hidraulinis cilindras, skirtas u\u017etikrinti tiesin\u012f jud\u0117jim\u0105 ir gali\u0105 \u012fvairi\u0173 tip\u0173 ma\u0161in\u0173, toki\u0173 kaip ekskavatoriai, kranai ir robotin\u0117s svirtys, svirtims. Svirties cilindrai atlieka labai svarb\u0173 vaidmen\u012f hidraulin\u0117se sistemose, nes leid\u017eia pritvirtintiems \u012frankiams ar priedams jud\u0117ti ir b\u016bti efektyviai valdomiems. \u0160ie cilindrai ne tik u\u017etikrina skland\u0173 jud\u0117jim\u0105, bet ir atlaiko dideles apkrovas, u\u017etikrindami efektyv\u0173 ma\u0161in\u0173 veikim\u0105 ir patikimum\u0105 \u012fvairiomis darbo s\u0105lygomis.<\/p>\n<p><img decoding=\"async\" src=\"https:\/\/www.hydraulic-cylinders.net\/wp-content\/uploads\/2025\/01\/songte-company-2.webp\"><\/p>\n<p>Produkto savyb\u0117s:<\/p>\n<p>1. Didelio efektyvumo transmisija: Svirties cilindras u\u017etikrina galing\u0105 tiesin\u012f judes\u012f ir j\u0117g\u0105, u\u017etikrindamas didel\u012f efektyvum\u0105 atliekant \u012fvairias operacijas.<br \/>\n2. Tikslus valdymas: Svirties cilindras gali tiksliai valdyti judes\u012f per hidraulin\u0119 sistem\u0105, tod\u0117l \u012franki\u0173 veikimas tampa lankstesnis ir tikslesnis.<br \/>\n3. Didelis patvarumas: Svirtiniai cilindrai paprastai gaminami i\u0161 didelio stiprumo med\u017eiag\u0173, pasi\u017eymin\u010di\u0173 geru atsparumu dilimui ir korozijai, tod\u0117l tinkami ilgalaikiam naudojimui at\u0161iauriomis s\u0105lygomis.<br \/>\n4. Daugiafunkcinis pritaikomumas: \u0160ie cilindrai gali b\u016bti pla\u010diai pritaikomi \u012fvairi\u0173 tip\u0173 ma\u0161inoms, tokioms kaip ekskavatoriai, kranai ir robotin\u0117s rankos, kad b\u016bt\u0173 pritaikyti prie skirting\u0173 darbo reikalavim\u0173.<br \/>\n5. Lengva prie\u017ei\u016bra: konstrukcija atsi\u017evelgia \u012f prie\u017ei\u016br\u0105 ir keitim\u0105, tod\u0117l reguliar\u016bs patikrinimai ir prie\u017ei\u016bra yra patogesni, o \u012frangos prastova sutrump\u0117ja.<\/p>\n<p>Galime pagaminti \u0161\u012f produkt\u0105, kuris puikiai pakei\u010dia \u0161iuos hidraulinius cilindrus.<\/p>\n<p><img decoding=\"async\" src=\"https:\/\/www.hydraulic-cylinders.net\/wp-content\/uploads\/2025\/01\/songte-oil-pipes-and-spare-parts.webp\"><\/p>\n<p>Svirties cilindro pritaikymas:<\/p>\n<p>1. Statybos in\u017einerija: ekskavatoriuose ir kranuose str\u0117li\u0173 cilindrai valdo kastuv\u0173 arba str\u0117li\u0173 jud\u0117jim\u0105, atliekant \u017eem\u0117s darbus, med\u017eiag\u0173 tvarkym\u0105 ir konstrukcij\u0173 montavim\u0105.<br \/>\n2. Gamybos pramon\u0117: Automatizuotose gamybos linijose ranken\u0173 cilindrai valdo robotini\u0173 rank\u0173 jud\u0117jim\u0105, atlieka surinkimo, suvirinimo ir tvarkymo procesus, taip pagerindami gamybos efektyvum\u0105 ir tikslum\u0105.<br \/>\n3. \u017dem\u0117s \u016bkio technika: \u017dem\u0117s \u016bkio technikoje, pavyzd\u017eiui, derliaus nu\u0117mimo ir sodinimo ma\u0161inose, svirties cilindrai valdo valdymo svirties judes\u012f, atlikdami tokias u\u017eduotis kaip sodinimas, tr\u0119\u0161imas ir derliaus nu\u0117mimas.<br \/>\n4. Kasyba: Kasybos \u012frangoje svirties cilindrai valdo kasybos \u012frangos svirties jud\u0117jim\u0105, atlikdami tokias u\u017eduotis kaip r\u016bdos kasyba ir transportavimas.<br \/>\n5. Logistika ir transportavimas: \u0160akiniuose krautuvuose ir krovini\u0173 tvarkymo robotuose ranken\u0173 cilindrai valdo krovinio k\u0117lim\u0105 ir jud\u0117jim\u0105, \u012fgyvendindami med\u017eiag\u0173 transportavim\u0105 ir sukraunim\u0105.<\/p>\n<p>Projektavimo aspektai ir atrankos kriterijai:<\/p>\n<p>1. Keliamoji galia: Svirtiniai cilindrai turi atlaikyti dideles apkrovas ir tur\u0117ti atitinkamus saugos koeficientus.<br \/>\n2. Sandarinimas: Siekiant i\u0161vengti vidinio ir i\u0161orinio nuot\u0117kio, tur\u0117t\u0173 b\u016bti naudojami \u012fvair\u016bs sandarinimo komponentai, tokie kaip st\u016bmoklio sandarikliai ir strypo sandarikliai.<br \/>\n3. Patvarumas: Svirtiniai cilindrai turi b\u016bti atspar\u016bs dilimui ir korozijai, kad b\u016bt\u0173 u\u017etikrintas ilgalaikis naudojimas.<br \/>\n4. Sauga: Siekiant u\u017etikrinti saug\u0173 veikim\u0105, svir\u010di\u0173 cilindrai turi atitikti \u012fvairius saugos standartus ir reglamentus.<br \/>\n5. Prie\u017ei\u016bra: Svirtinius cilindrus tur\u0117t\u0173 b\u016bti lengva i\u0161ardyti ir pri\u017ei\u016br\u0117ti, kad suma\u017e\u0117t\u0173 prie\u017ei\u016bros i\u0161laidos ir prastova.<\/p>\n<p><img decoding=\"async\" src=\"https:\/\/www.hydraulic-cylinders.net\/wp-content\/uploads\/2025\/01\/songte-cylinder-head-with-all-kinds-excavator-models.webp\"><\/p>\n<p>Sandarinimas ir tepimas:<\/p>\n<p>Siekiant i\u0161vengti vidini\u0173 ir i\u0161orini\u0173 nuot\u0117ki\u0173, tur\u0117t\u0173 b\u016bti naudojami \u012fvair\u016bs sandarinimo komponentai, tokie kaip st\u016bmokli\u0173 ir kot\u0173 sandarikliai. Sandarikliai gali b\u016bti pagaminti i\u0161 toki\u0173 med\u017eiag\u0173 kaip poliuretanas ir nitrilo kau\u010diukas. Cilindro korpusas ir srieginis galas tur\u0117t\u0173 b\u016bti kruop\u0161\u010diai apdirbti, kad b\u016bt\u0173 padidintas atsparumas dilimui. Norint u\u017etikrinti skland\u0173 veikim\u0105, b\u016btina reguliariai tepti tinkama hidrauline alyva.<\/p>\n<p>Reguliarus patikrinimas ir prevencin\u0117 prie\u017ei\u016bra:<\/p>\n<p>Reguliariai tikrinkite svirties cilindr\u0105, kad u\u017etikrintum\u0117te jo patikimum\u0105 ir saug\u0105. Siekiant i\u0161vengti galim\u0173 problem\u0173 ir suma\u017einti prastov\u0173 laik\u0105, reikia imtis prevencini\u0173 prie\u017ei\u016bros priemoni\u0173, toki\u0173 kaip reguliarus sandarikli\u0173 keitimas ir tepimas.<\/p>\n<p>Teisingas gaminio \u012frengimo vadovas:<\/p>\n<p>1. \u012esitikinkite, kad montavimo pavir\u0161ius yra lygus ir \u0161varus.<br \/>\n2. \u0160velniai u\u017ed\u0117kite rankos cilindr\u0105 ant montavimo pavir\u0161iaus.<br \/>\n3. \u012esitikinkite, kad visos dalys yra tinkamai sulygiuotos ir surinktos.<br \/>\n4. Priver\u017ekite tvirtinimo var\u017etus iki nurodyto sukimo momento.<br \/>\n5. Patikrinkite svirties cilindro jud\u0117jim\u0105 ir sandarum\u0105, kad \u012fsitikintum\u0117te, jog jis veikia tinkamai.<\/p>\n<p><img decoding=\"async\" src=\"https:\/\/www.hydraulic-cylinders.net\/wp-content\/uploads\/2025\/01\/songte-bushings-with-all-kinds-of-excavator-models.webp\"><\/p>\n<p>Saugos aspektai ir aplinkos veiksniai:<\/p>\n<p>Dirbant su hidrauliniais cilindrais, labai svarbu taikyti tinkamas saugos priemones. D\u0117v\u0117kite tinkamas apsaugos priemones, laikykit\u0117s saugos nurodym\u0173 ir \u012fvairi\u0173 saugos standart\u0173 bei reglament\u0173. Renkantis ir montuojant svirtinius cilindrus, atsi\u017evelkite \u012f aplinkos veiksnius, tokius kaip temperat\u016bra, dr\u0117gm\u0117 ir aplinkos s\u0105lygos.<\/p>\n<p>Trik\u010di\u0173 \u0161alinimas ir da\u017eniausiai pasitaikan\u010dios problemos:<\/p>\n<p>1. Nuot\u0117kis: patikrinkite sandariklius ir, jei reikia, priver\u017ekite var\u017etus.<br \/>\n2. L\u0117tas jud\u0117jimas: patikrinkite hidraulin\u0117s alyvos lyg\u012f ir klampum\u0105.<br \/>\n3. Per didelis triuk\u0161mas: patikrinkite, ar komponentai n\u0117ra susid\u0117v\u0117j\u0119 ir nepa\u017eeisti, ir priver\u017ekite var\u017etus.<br \/>\n4. Suma\u017e\u0117jusi keliamoji galia: patikrinkite, ar st\u016bmoklis ir kotas nepa\u017eeisti ar nesusid\u0117v\u0117j\u0119.<\/p>\n<p>Prevencin\u0117s priemon\u0117s:<\/p>\n<p>1. Reguliarus patikrinimas ir prie\u017ei\u016bra.<br \/>\n2. Tinkamas svirties cilindr\u0173 parinkimas ir montavimas.<br \/>\n3. Naudokite tinkam\u0105 tepim\u0105 ir hidraulin\u0119 alyv\u0105.<br \/>\n4. Laikykit\u0117s saugos nurodym\u0173 ir reglament\u0173.<\/p>\n<p>Esame profesionalus alternatyvi\u0173 hidraulini\u0173 cilindr\u0173 gamintojas, si\u016blantis plat\u0173 gamini\u0173 asortiment\u0105. Tapome vienu i\u0161 pirmaujan\u010di\u0173 hidraulini\u0173 cilindr\u0173 gamintoj\u0173 ir didmenini\u0173 platintoj\u0173 vidaus ir tarptautin\u0117je rinkoje. Visada laikom\u0117s puikios kokyb\u0117s principo ir nuolat tobuliname savo technin\u012f lyg\u012f bei gamybos efektyvum\u0105. Turime dideles inovacij\u0173 galimybes, diegdami pa\u017eangi\u0105 skaitmenin\u0119 gamybos \u012frang\u0105 ir profesionalias testavimo sistemas. Siekiame patenkinti \u012fvairius klient\u0173 reikalavimus, teikdami didel\u012f efektyvum\u0105, tikslum\u0105 ir auk\u0161tos kokyb\u0117s gaminius.<\/p>\n<p>M\u016bs\u0173 \u012fmon\u0117 specializuojasi:<\/p>\n<p>1. Profesionalumas ir patirtis<br \/>\n2. Tarptautinis sertifikavimas<br \/>\n3. Pritaikymo paslaugos<br \/>\n4. Gamybos \u012franga<br \/>\n5. Aptarnavimas po pardavimo<\/p>\n<p><img decoding=\"async\" src=\"https:\/\/www.hydraulic-cylinders.net\/wp-content\/uploads\/2025\/01\/songte-company-4.webp\"><br \/>\n<img decoding=\"async\" src=\"https:\/\/www.hydraulic-cylinders.net\/wp-content\/uploads\/2025\/01\/songte-company-3.webp\"><\/p>\n<p>Autorius: lyl<\/p>","protected":false},"excerpt":{"rendered":"<p>Arm Cylinder for Kobelco Small Excavator SK30 Arm cylinder is a specialized hydraulic cylinder designed to provide linear motion and power for the arms of various types of machinery, such as excavators, cranes, and robotic arms. Arm cylinders play a crucial role in hydraulic systems, allowing attached tools or accessories to move and be controlled [&hellip;]<\/p>","protected":false},"featured_media":14759,"comment_status":"open","ping_status":"closed","template":"","meta":{"_et_pb_use_builder":"","_et_pb_old_content":"","_et_gb_content_width":""},"product_brand":[],"product_cat":[1497],"product_tag":[1498,1496],"class_list":{"0":"post-16264","1":"product","2":"type-product","3":"status-publish","4":"has-post-thumbnail","6":"product_cat-arm-cylinders","7":"product_tag-arm-cylinders","8":"product_tag-hydraulic-cylinders","10":"first","11":"instock","12":"shipping-taxable","13":"product-type-simple"},"amp_enabled":true,"_links":{"self":[{"href":"https:\/\/www.hydraulic-cylinders.net\/lt\/wp-json\/wp\/v2\/product\/16264","targetHints":{"allow":["GET"]}}],"collection":[{"href":"https:\/\/www.hydraulic-cylinders.net\/lt\/wp-json\/wp\/v2\/product"}],"about":[{"href":"https:\/\/www.hydraulic-cylinders.net\/lt\/wp-json\/wp\/v2\/types\/product"}],"replies":[{"embeddable":true,"href":"https:\/\/www.hydraulic-cylinders.net\/lt\/wp-json\/wp\/v2\/comments?post=16264"}],"wp:featuredmedia":[{"embeddable":true,"href":"https:\/\/www.hydraulic-cylinders.net\/lt\/wp-json\/wp\/v2\/media\/14759"}],"wp:attachment":[{"href":"https:\/\/www.hydraulic-cylinders.net\/lt\/wp-json\/wp\/v2\/media?parent=16264"}],"wp:term":[{"taxonomy":"product_brand","embeddable":true,"href":"https:\/\/www.hydraulic-cylinders.net\/lt\/wp-json\/wp\/v2\/product_brand?post=16264"},{"taxonomy":"product_cat","embeddable":true,"href":"https:\/\/www.hydraulic-cylinders.net\/lt\/wp-json\/wp\/v2\/product_cat?post=16264"},{"taxonomy":"product_tag","embeddable":true,"href":"https:\/\/www.hydraulic-cylinders.net\/lt\/wp-json\/wp\/v2\/product_tag?post=16264"}],"curies":[{"name":"wp","href":"https:\/\/api.w.org\/{rel}","templated":true}]}}