{"id":16268,"date":"2025-01-20T09:01:00","date_gmt":"2025-01-20T09:01:00","guid":{"rendered":"https:\/\/www.hydraulic-cylinders.net\/product\/arm-cylinderfor-kobelco-small-excavator-sk135sr-2\/"},"modified":"2025-01-20T09:01:01","modified_gmt":"2025-01-20T09:01:01","slug":"arm-cylinderfor-kobelco-small-excavator-sk135sr-2","status":"publish","type":"product","link":"https:\/\/www.hydraulic-cylinders.net\/lt\/produktas\/arm-cylinderfor-kobelco-small-excavator-sk135sr-2\/","title":{"rendered":"Kobelco ma\u017eo ekskavatoriaus SK135SR-2 rankenos cilindras"},"content":{"rendered":"<h2>Kobelco ma\u017eo ekskavatoriaus SK135SR-2 rankenos cilindras<\/h2>\n<h3>\u012evadas<\/h3>\n<p>Svirties cilindras yra specializuotas hidraulinis cilindras, skirtas u\u017etikrinti tiesin\u012f jud\u0117jim\u0105 ir gali\u0105 \u012fvairi\u0173 ma\u0161in\u0173, toki\u0173 kaip ekskavatoriai, kranai ir robotin\u0117s rankos, svirtims. Svirties cilindras atlieka pagrindin\u012f vaidmen\u012f hidraulin\u0117se sistemose, nes leid\u017eia pritvirtintiems \u012frankiams ar priedams efektyviai jud\u0117ti ir valdyti. \u0160ie cilindrai ne tik u\u017etikrina skland\u0173 jud\u0117jim\u0105, bet ir atlaiko dideles apkrovas, u\u017etikrindami efektyv\u0173 ma\u0161in\u0173 veikim\u0105 ir patikimum\u0105 \u012fvairiomis eksploatavimo s\u0105lygomis.<\/p>\n<p><img decoding=\"async\" src=\"https:\/\/www.hydraulic-cylinders.net\/wp-content\/uploads\/2025\/01\/songte-company-2.webp\"><\/p>\n<h3>Savyb\u0117s<\/h3>\n<ul>\n<li><strong>Efektyvus energijos perdavimas:<\/strong> Svirties cilindras u\u017etikrina galing\u0105 tiesin\u012f judes\u012f ir j\u0117g\u0105, u\u017etikrindamas auk\u0161t\u0105 robotin\u0117s rankos na\u0161um\u0105 atliekant \u012fvairias operacijas.<\/li>\n<li><strong>Tikslus valdymas:<\/strong> Hidraulin\u0117s sistemos d\u0117ka svirties cilindras gali tiksliai valdyti judes\u012f, tod\u0117l pritvirtint\u0173 \u012franki\u0173 valdymas tampa lankstesnis ir tikslesnis.<\/li>\n<li><strong>Patvarumas:<\/strong> Svirtiniai cilindrai paprastai gaminami i\u0161 didelio stiprumo med\u017eiag\u0173 ir pasi\u017eymi geru atsparumu dilimui bei korozijai, tod\u0117l tinkami ilgalaikiam naudojimui at\u0161iauriomis s\u0105lygomis.<\/li>\n<li><strong>Daugiafunkcinis prisitaikymas:<\/strong> \u0160ie cilindrai gali b\u016bti pla\u010diai naudojami \u012fvairiuose mechaniniuose \u012frenginiuose, tokiuose kaip ekskavatoriai, kranai ir robotin\u0117s rankos, pritaikant juos skirtingiems darbo poreikiams.<\/li>\n<li><strong>Lengva prie\u017ei\u016bra:<\/strong> Projektuojant atsi\u017evelgiama \u012f paprast\u0105 prie\u017ei\u016br\u0105 ir keitim\u0105, tod\u0117l reguliari ap\u017ei\u016bra ir prie\u017ei\u016bra yra patogesni, o \u012frangos prastovos laikas sutrump\u0117ja.<\/li>\n<\/ul>\n<p>Galime pagaminti \u0161\u012f produkt\u0105 ir jis gali b\u016bti puikus \u0161i\u0173 hidraulini\u0173 cilindr\u0173 pakaitalas.<\/p>\n<p><img decoding=\"async\" src=\"https:\/\/www.hydraulic-cylinders.net\/wp-content\/uploads\/2025\/01\/songte-oil-pipes-and-spare-parts.webp\"><\/p>\n<h3>Parai\u0161kos<\/h3>\n<p>Cilindro formos rankena pla\u010diai naudojama \u012fvairiose pramon\u0117s \u0161akose:<\/p>\n<ul>\n<li><strong>Konstrukcija:<\/strong> Ekskavatoriuose ir kranuose svirties cilindrai naudojami kau\u0161\u0173 arba str\u0117li\u0173 jud\u0117jimui valdyti atliekant \u017eem\u0117s darbus, med\u017eiag\u0173 tvarkym\u0105 ir konstrukcij\u0173 montavim\u0105.<\/li>\n<li><strong>Gamyba:<\/strong> Automatizuotose gamybos linijose robotini\u0173 rank\u0173 jud\u0117jimui, pvz., surinkimo, suvirinimo ir tvarkymo procesams, valdyti naudojami rank\u0173 cilindrai, taip pagerinant gamybos efektyvum\u0105 ir tikslum\u0105.<\/li>\n<li><strong>\u017dem\u0117s \u016bkio technika:<\/strong> \u017dem\u0117s \u016bkio technikoje, pavyzd\u017eiui, derliaus nu\u0117mimo ir s\u0117jamosiose, svirties cilindrai valdo valdymo svirties judesius, atlikdami tokias u\u017eduotis kaip s\u0117ja, tr\u0119\u0161imas ir derliaus nu\u0117mimas.<\/li>\n<li><strong>Kasyba:<\/strong> Kasybos \u012frangoje svirties cilindrai naudojami r\u016bdos kasybos ir tvarkymo \u012frangos svirties jud\u0117jimui valdyti.<\/li>\n<li><strong>Logistika ir transportas:<\/strong> \u0160akiniuose krautuvuose ir krovini\u0173 krovimo robotuose svir\u010di\u0173 cilindrai naudojami \u0161aki\u0173 k\u0117limui ir jud\u0117jimui valdyti, u\u017etikrinant med\u017eiag\u0173 tvarkym\u0105 ir krovim\u0105.<\/li>\n<\/ul>\n<h3>Projektavimo aspektai ir atrankos kriterijai<\/h3>\n<p>Svirtiniai cilindrai projektuojami atsi\u017evelgiant \u012f \u012fvairius veiksnius:<\/p>\n<ul>\n<li><strong>Keliamoji galia:<\/strong> Svirtiniai cilindrai turi b\u016bti suprojektuoti taip, kad atlaikyt\u0173 tam tikr\u0105 apkrovos lyg\u012f, kuriam \u012ftakos turi \u012fvair\u016bs veiksniai, pavyzd\u017eiui, pritvirtint\u0173 \u012franki\u0173 ir \u012frangos svoris.<\/li>\n<li><strong>Sandarinimas:<\/strong> Svirtiniuose cilindruose naudojami \u012fvair\u016bs sandarinimo komponentai, tokie kaip st\u016bmoklio sandarinimo \u017eiedai, strypo sandarinimo \u017eiedai ir kt., kurie tur\u0117t\u0173 b\u016bti pagaminti i\u0161 atspari\u0173 dilimui med\u017eiag\u0173, toki\u0173 kaip poliuretanas, nitrilo kau\u010diukas ir kt.<\/li>\n<li><strong>Patvarumas:<\/strong> Cilindro korpusas ir srieginis galinis pavir\u0161ius yra kruop\u0161\u010diai apdirbti, siekiant pagerinti atsparum\u0105 dilimui. Didelio stiprumo med\u017eiagos parenkamos ilgaam\u017ei\u0161kumui at\u0161iauriomis s\u0105lygomis.<\/li>\n<li><strong>Saugumas:<\/strong> Reik\u0117t\u0173 atsi\u017evelgti \u012f saugos veiksnius, tokius kaip apsaugini\u0173 vo\u017etuv\u0173 naudojimas, siekiant i\u0161vengti \u017ealos, kuri\u0105 sukelia per didelis sl\u0117gis ar kiti veiksniai.<\/li>\n<li><strong>Prie\u017ei\u016bra:<\/strong> Svirtiniai cilindrai tur\u0117t\u0173 b\u016bti suprojektuoti taip, kad juos b\u016bt\u0173 lengva pri\u017ei\u016br\u0117ti ir keisti, taip u\u017etikrinant patogesn\u012f reguliar\u0173 patikrinim\u0105 ir technin\u0119 prie\u017ei\u016br\u0105 bei suma\u017einant \u012frangos prastovas.<\/li>\n<\/ul>\n<p><img decoding=\"async\" src=\"https:\/\/www.hydraulic-cylinders.net\/wp-content\/uploads\/2025\/01\/songte-cylinder-head-with-all-kinds-excavator-models.webp\"><\/p>\n<h3>Sandarinimas ir tepimas<\/h3>\n<p>Svirtiniuose cilindruose naudojami \u012fvair\u016bs sandarinimo komponentai, tokie kaip st\u016bmoklio sandarinimo \u017eiedai, strypo sandarinimo \u017eiedai ir kt., kurie tur\u0117t\u0173 b\u016bti pagaminti i\u0161 atspari\u0173 dilimui med\u017eiag\u0173, toki\u0173 kaip poliuretanas, nitrilo kau\u010diukas ir kt. Cilindro korpusas ir srieginis galinis pavir\u0161ius yra kruop\u0161\u010diai apdirbti, siekiant pagerinti atsparum\u0105 dilimui. Juos reikia reguliariai papildyti atitinkamu hidraulin\u0117s alyvos kiekiu, kad b\u016bt\u0173 u\u017etikrintas tinkamas tepimas ir i\u0161vengta nuot\u0117kio.<\/p>\n<h3>Periodin\u0117 ap\u017ei\u016bra ir prevencin\u0117 prie\u017ei\u016bra<\/h3>\n<p>Norint u\u017etikrinti efektyv\u0173 ir saug\u0173 svirties cilindr\u0173 veikim\u0105, b\u016btina reguliariai juos tikrinti ir pri\u017ei\u016br\u0117ti. Reik\u0117t\u0173 imtis \u0161i\u0173 priemoni\u0173:<\/p>\n<ul>\n<li>Reguliariai tikrinkite cilindro darbin\u0119 b\u016bkl\u0119 ir laiku pakeiskite pa\u017eeistas dalis.<\/li>\n<li>Reguliariai valykite cilindr\u0105 ir hidraulin\u0119 sistem\u0105, kad i\u0161vengtum\u0117te u\u017eter\u0161imo ir korozijos.<\/li>\n<li>Reguliariai papildykite reikiam\u0105 hidraulin\u0117s alyvos kiek\u012f, kad u\u017etikrintum\u0117te tinkam\u0105 sutepim\u0105 ir i\u0161vengtum\u0117te nuot\u0117kio.<\/li>\n<li>Reguliariai tikrinkite cilindro sandarum\u0105 ir laiku pakeiskite pa\u017eeistus sandarinimo komponentus.<\/li>\n<\/ul>\n<p><img decoding=\"async\" src=\"https:\/\/www.hydraulic-cylinders.net\/wp-content\/uploads\/2025\/01\/songte-chushion-collar.webp\"><\/p>\n<h3>Diegimo vadovas<\/h3>\n<p>Prie\u0161 montuodami \u012fsitikinkite, kad visos hidraulin\u0117s sistemos dalys yra \u0161varios ir be priemai\u0161\u0173. Atlikite \u0161iuos veiksmus:<\/p>\n<ul>\n<li>Prijunkite cilindr\u0105 ir hidraulin\u0119 sistem\u0105, u\u017etikrindami teising\u0105 alyvos tek\u0117jimo krypt\u012f.<\/li>\n<li>Cilindro ir hidraulin\u0117s sistemos sriegin\u0117s jungties priver\u017eimui naudokite tinkamus \u012frankius.<\/li>\n<li>Atlikite hidraulin\u0117s sistemos sl\u0117gio bandym\u0105, kad patikrintum\u0117te jos patikimum\u0105 ir saug\u0105.<\/li>\n<li>Atlikite bandom\u0105j\u012f paleidim\u0105, kad \u012fsitikintum\u0117te, jog veikia tinkamai, ir prireikus pakoreguokite.<\/li>\n<\/ul>\n<p><img decoding=\"async\" src=\"https:\/\/www.hydraulic-cylinders.net\/wp-content\/uploads\/2025\/01\/songte-bushings-with-all-kinds-of-excavator-models.webp\"><\/p>\n<h3>Saugos ir aplinkosaugos aspektai<\/h3>\n<p>Naudojant svirtinius cilindrus, b\u016btina laikytis saugos nurodym\u0173, kad b\u016bt\u0173 i\u0161vengta nelaiming\u0173 atsitikim\u0173. Saugos priemon\u0117s apima:<\/p>\n<ul>\n<li>\u012esitikinkite, kad cilindras yra tinkamai ir saugiai sumontuotas.<\/li>\n<li>Reguliariai tikrinkite cilindr\u0105, ar n\u0117ra pa\u017eeidim\u0173, ir nedelsdami pakeiskite pa\u017eeistas dalis.<\/li>\n<li>Naudokite cilindr\u0105 nevir\u0161ydami vardin\u0117s talpos, kad i\u0161vengtum\u0117te perkrovos ir pa\u017eeidim\u0173.<\/li>\n<li>Hidraulin\u0119 sistem\u0105 laikykite \u0161vari\u0105 ir be ter\u0161al\u0173.<\/li>\n<\/ul>\n<p>Balionus su rankenomis taip pat reikia tinkamai utilizuoti, kad b\u016bt\u0173 i\u0161vengta aplinkos tar\u0161os. Laikykit\u0117s vietini\u0173 taisykli\u0173 ir gairi\u0173, kad balion\u0105 tinkamai utilizuotum\u0117te.<\/p>\n<h3>Gedim\u0173 diagnostika ir trik\u010di\u0173 \u0161alinimas<\/h3>\n<p>Da\u017eniausios svirtini\u0173 cilindr\u0173 problemos yra alyvos nuot\u0117kis, sandarinimo komponent\u0173 pa\u017eeidimai ir nenormalus veikimas. \u0160ie patarimai gali pad\u0117ti diagnozuoti ir i\u0161spr\u0119sti svirtini\u0173 cilindr\u0173 problemas:<\/p>\n<ul>\n<li>Jei nutek\u0117jo alyva, patikrinkite sandarinimo komponentus ir, jei reikia, pakeiskite juos.<\/li>\n<li>Jei cilindras neveikia tinkamai, patikrinkite, ar n\u0117ra pa\u017eeidim\u0173, ir pakeiskite pa\u017eeistas dalis.<\/li>\n<li>Jei hidraulin\u0117 alyva atrodo ne\u0161vari arba u\u017eter\u0161ta, i\u0161valykite hidraulin\u0119 sistem\u0105 ir \u012fpilkite reikiam\u0105 kiek\u012f hidraulin\u0117s alyvos.<\/li>\n<\/ul>\n<p>Prevencin\u0117s priemon\u0117s apima reguliar\u0173 svirties cilindro ir hidraulin\u0117s sistemos patikrinim\u0105 ir technin\u0119 prie\u017ei\u016br\u0105, tinkamo \u012frengimo ir veikimo u\u017etikrinim\u0105 bei cilindro naudojim\u0105 nevir\u0161ijant vardin\u0117s galios.<\/p>\n<p><img decoding=\"async\" src=\"https:\/\/www.hydraulic-cylinders.net\/wp-content\/uploads\/2025\/01\/songte-company-4.webp\"><br \/>\n<img decoding=\"async\" src=\"https:\/\/www.hydraulic-cylinders.net\/wp-content\/uploads\/2025\/01\/songte-company-3.webp\"><\/p>\n<h3>Apie mus<\/h3>\n<p>Esame profesionalus pakaitini\u0173 hidraulini\u0173 cilindr\u0173 gamintojas, si\u016blantis plat\u0173 gamini\u0173 asortiment\u0105. Tapome vienu i\u0161 pirmaujan\u010di\u0173 hidraulini\u0173 cilindr\u0173 gamintoj\u0173 ir didmenini\u0173 platintoj\u0173 vidaus ir tarptautin\u0117se rinkose. Visada laikom\u0117s puikios kokyb\u0117s principo, remdamiesi kruop\u0161\u010diai apdoroto gamybos cecho industrializuota gamybos valdymo strategija ir nuolat tobulindami savo technin\u012f lyg\u012f bei gamybos efektyvum\u0105. Diegdami auk\u0161\u010diausios klas\u0117s skaitmenin\u0119 gamybos \u012frang\u0105 ir profesionalias testavimo sistemas, nuolat optimizuojame savo gamybos platform\u0105, tobuliname gamini\u0173 kokyb\u0117s kontrol\u0117s procesus ir turime stiprias inovacij\u0173 galimybes. M\u016bs\u0173 tikslas \u2013 patenkinti \u012fvairius klient\u0173 poreikius, vadovaujantis didelio efektyvumo, tikslumo ir auk\u0161tos kokyb\u0117s principais.<\/p>\n<p>Savo klientams si\u016blome profesionalias paslaugas, tarptautinius sertifikatus, pritaikym\u0105 individualiems poreikiams, plat\u0173 gamybos \u012frangos asortiment\u0105 ir puik\u0173 aptarnavim\u0105 po pardavimo.<\/p>\n<p>Autorius: lyl.<\/p>","protected":false},"excerpt":{"rendered":"<p>Arm CylinderFor Kobelco Small Excavator SK135SR-2 Introduction The Arm Cylinder is a specialized hydraulic cylinder designed to provide linear motion and power to the arms of various machinery, such as excavators, cranes, and robotic arms. The Arm Cylinder plays a key role in hydraulic systems, enabling attached tools or accessories to move and control effectively. [&hellip;]<\/p>","protected":false},"featured_media":14777,"comment_status":"open","ping_status":"closed","template":"","meta":{"_et_pb_use_builder":"","_et_pb_old_content":"","_et_gb_content_width":""},"product_brand":[],"product_cat":[1497],"product_tag":[1498,1496],"class_list":{"0":"post-16268","1":"product","2":"type-product","3":"status-publish","4":"has-post-thumbnail","6":"product_cat-arm-cylinders","7":"product_tag-arm-cylinders","8":"product_tag-hydraulic-cylinders","10":"first","11":"instock","12":"shipping-taxable","13":"product-type-simple"},"amp_enabled":true,"_links":{"self":[{"href":"https:\/\/www.hydraulic-cylinders.net\/lt\/wp-json\/wp\/v2\/product\/16268","targetHints":{"allow":["GET"]}}],"collection":[{"href":"https:\/\/www.hydraulic-cylinders.net\/lt\/wp-json\/wp\/v2\/product"}],"about":[{"href":"https:\/\/www.hydraulic-cylinders.net\/lt\/wp-json\/wp\/v2\/types\/product"}],"replies":[{"embeddable":true,"href":"https:\/\/www.hydraulic-cylinders.net\/lt\/wp-json\/wp\/v2\/comments?post=16268"}],"wp:featuredmedia":[{"embeddable":true,"href":"https:\/\/www.hydraulic-cylinders.net\/lt\/wp-json\/wp\/v2\/media\/14777"}],"wp:attachment":[{"href":"https:\/\/www.hydraulic-cylinders.net\/lt\/wp-json\/wp\/v2\/media?parent=16268"}],"wp:term":[{"taxonomy":"product_brand","embeddable":true,"href":"https:\/\/www.hydraulic-cylinders.net\/lt\/wp-json\/wp\/v2\/product_brand?post=16268"},{"taxonomy":"product_cat","embeddable":true,"href":"https:\/\/www.hydraulic-cylinders.net\/lt\/wp-json\/wp\/v2\/product_cat?post=16268"},{"taxonomy":"product_tag","embeddable":true,"href":"https:\/\/www.hydraulic-cylinders.net\/lt\/wp-json\/wp\/v2\/product_tag?post=16268"}],"curies":[{"name":"wp","href":"https:\/\/api.w.org\/{rel}","templated":true}]}}