{"id":16283,"date":"2025-01-20T09:02:14","date_gmt":"2025-01-20T09:02:14","guid":{"rendered":"https:\/\/www.hydraulic-cylinders.net\/product\/arm-cylinderfor-kobelco-middle-excavator-sk250-8\/"},"modified":"2025-01-20T09:02:16","modified_gmt":"2025-01-20T09:02:16","slug":"arm-cylinderfor-kobelco-middle-excavator-sk250-8","status":"publish","type":"product","link":"https:\/\/www.hydraulic-cylinders.net\/lt\/produktas\/arm-cylinderfor-kobelco-middle-excavator-sk250-8\/","title":{"rendered":"Kobelco vidutinio dyd\u017eio ekskavatoriaus SK250-8 rankenos cilindras"},"content":{"rendered":"<h1>Kobelco vidutinio ekskavatoriaus SK250-8 rankenos cilindras<\/h1>\n<h2>\u012evadas<\/h2>\n<h3>Svirties cilindro apibr\u0117\u017eimas<\/h3>\n<p>Svirties cilindras yra specialiai suprojektuotas hidraulinis cilindras, u\u017etikrinantis tiesin\u012f judes\u012f ir gali\u0105 \u012fvairi\u0173 tip\u0173 ma\u0161in\u0173, toki\u0173 kaip ekskavatoriai, kranai ir mechanin\u0117s svirtys, svirtims. Svirties cilindras atlieka labai svarb\u0173 vaidmen\u012f hidraulin\u0117je sistemoje, kuri leid\u017eia priedams ar priedams efektyviai jud\u0117ti ir valdyti. \u0160ie cilindrai ne tik u\u017etikrina skland\u0173 jud\u0117jim\u0105, bet ir atlaiko dideles apkrovas, u\u017etikrindami efektyv\u0173 ma\u0161in\u0173 veikim\u0105 ir patikimum\u0105 \u012fvairiomis darbo s\u0105lygomis.<\/p>\n<p><img decoding=\"async\" src=\"https:\/\/www.hydraulic-cylinders.net\/wp-content\/uploads\/2025\/01\/songte-company-2.webp\"\/><\/p>\n<h2>Savyb\u0117s<\/h2>\n<h3>Didelio efektyvumo transmisija<\/h3>\n<p>Svirties cilindras gali u\u017etikrinti galing\u0105 tiesin\u012f judes\u012f ir j\u0117g\u0105, u\u017etikrindamas auk\u0161t\u0105 mechanin\u0117s svirties efektyvum\u0105 atliekant \u012fvairias operacijas.<\/p>\n<h3>Tikslus valdymas<\/h3>\n<p>Hidraulin\u0117s sistemos d\u0117ka svirties cilindras gali tiksliai valdyti judes\u012f, tod\u0117l pritvirtint\u0173 \u012franki\u0173 valdymas tampa lankstesnis ir tikslesnis.<\/p>\n<h3>Didelis patvarumas<\/h3>\n<p>Svirties cilindras paprastai pagamintas i\u0161 didelio stiprumo med\u017eiag\u0173, pasi\u017eymin\u010di\u0173 geru atsparumu dilimui ir korozijai, tod\u0117l tinka ilgalaikiam naudojimui at\u0161iauriomis s\u0105lygomis.<\/p>\n<h3>Daugiafunkcis prisitaikymas<\/h3>\n<p>\u0160ie cilindrai gali b\u016bti pla\u010diai naudojami \u012fvairiuose mechaniniuose \u012frenginiuose, tokiuose kaip ekskavatoriai, kranai ir mechanin\u0117s svirtys, pritaikant juos skirtingiems darbo reikalavimams.<\/p>\n<h3>Lengva prie\u017ei\u016bra<\/h3>\n<p>Svirties cilindro konstrukcija skirta lengvam techniniam aptarnavimui ir pakeitimui, tod\u0117l reguliari ap\u017ei\u016bra ir prie\u017ei\u016bra yra patogesni, o \u012frangos prastovos suma\u017e\u0117ja.<\/p>\n<p><img decoding=\"async\" src=\"https:\/\/www.hydraulic-cylinders.net\/wp-content\/uploads\/2025\/01\/songte-oil-pipes-and-spare-parts.webp\"\/><\/p>\n<h2>Parai\u0161kos<\/h2>\n<h3>Statybos in\u017einerija<\/h3>\n<p>Ekskavatoriuose ir kranuose svirties cilindras naudojamas ekskavatoriaus arba str\u0117l\u0117s jud\u0117jimui valdyti, atliekant \u017eem\u0117s darbus, med\u017eiag\u0173 tvarkym\u0105 ir konstrukcij\u0173 montavim\u0105.<\/p>\n<h3>Gamybos pramon\u0117<\/h3>\n<p>Automatizuotose gamybos linijose svirties cilindras naudojamas mechanin\u0117ms svirtims judinti, atliekant surinkimo, suvirinimo ir tvarkymo procesus, taip gerinant gamybos efektyvum\u0105 ir tikslum\u0105.<\/p>\n<h3>\u017dem\u0117s \u016bkio technika<\/h3>\n<p>\u017dem\u0117s \u016bkio technikoje, pavyzd\u017eiui, derliaus nu\u0117mimo ir s\u0117jamosiose, svirties cilindras valdo valdymo svirties judesius, atlikdamas tokias u\u017eduotis kaip sodinimas, tr\u0119\u0161imas ir derliaus nu\u0117mimas.<\/p>\n<h3>Kasyba<\/h3>\n<p>Kasybos \u012frangoje svirties cilindras naudojamas kasybos \u012frangos svirties jud\u0117jimui valdyti kasybos ir r\u016bd\u0173 tvarkymo metu.<\/p>\n<h3>Logistika ir transportas<\/h3>\n<p>\u0160akiniuose krautuvuose ir transportavimo robotuose svirties cilindras naudojamas preki\u0173 k\u0117limui ir jud\u0117jimui valdyti, med\u017eiag\u0173 tvarkymui ir krovimui.<\/p>\n<h2>Projektavimo aspektai ir atrankos standartai<\/h2>\n<h3>Guoli\u0173 talpa<\/h3>\n<p>Svirties cilindras turi atlaikyti maksimali\u0105 mechanin\u0117s svirties apkrov\u0105, kad b\u016bt\u0173 u\u017etikrintas saugus ir stabilus veikimas.<\/p>\n<h3>Sandarinimas<\/h3>\n<p>Svirtinio cilindro sandarinimo komponentai tur\u0117t\u0173 b\u016bti \u012fvair\u016bs, pvz., st\u016bmoklio sandarinimo \u017eiedai ir strypo sandarinimo \u017eiedai, ir sandarinimo komponentams pasirinkti atsparias dilimui med\u017eiagas, pvz., poliuretan\u0105 ir nitrilo kau\u010diuk\u0105. Cilindro korpuso ir srieginio galo pavir\u0161ius tur\u0117t\u0173 b\u016bti kruop\u0161\u010diai apdirbtas, kad b\u016bt\u0173 padidintas atsparumas dilimui. Tepimui reikalingas reguliarus hidraulin\u0117s alyvos papildymas atitinkamu kiekiu.<\/p>\n<h3>Patvarumas<\/h3>\n<p>Svirties cilindras turi b\u016bti pagamintas i\u0161 didelio stiprumo ir atspari\u0173 dilimui med\u017eiag\u0173, o pavir\u0161ius turi b\u016bti atsparus korozijai, kad prisitaikyt\u0173 prie at\u0161iauri\u0173 darbo s\u0105lyg\u0173.<\/p>\n<h3>Sauga ir prie\u017ei\u016bra<\/h3>\n<p>Svirties cilindro konstrukcija tur\u0117t\u0173 b\u016bti skirta saugumui ir patogiai prie\u017ei\u016brai u\u017etikrinti. Tur\u0117t\u0173 b\u016bti \u012fdiegtos saugos priemon\u0117s, kad b\u016bt\u0173 i\u0161vengta su\u017ealojim\u0173, o susid\u0117v\u0117jusias dalis tur\u0117t\u0173 b\u016bti lengva pakeisti ir pri\u017ei\u016br\u0117ti.<\/p>\n<p><img decoding=\"async\" src=\"https:\/\/www.hydraulic-cylinders.net\/wp-content\/uploads\/2025\/01\/songte-cylinder-head-with-all-kinds-excavator-models.webp\"\/><\/p>\n<h2>Prevencin\u0117s prie\u017ei\u016bros priemon\u0117s<\/h2>\n<h3>Reguliarus patikrinimas<\/h3>\n<p>Reguliarus svirties cilindro patikrinimas gali pad\u0117ti laiku aptikti problemas ir suma\u017einti prastovas. Ap\u017ei\u016bros metu reik\u0117t\u0173 patikrinti cilindro korpus\u0105, st\u016bmokl\u012f, st\u016bmoklio kot\u0105 ir sandarinimo komponentus, ar jie n\u0117ra susid\u0117v\u0117j\u0119, deformuoti, \u012ftr\u016bk\u0119 ir n\u0117ra nuot\u0117ki\u0173.<\/p>\n<h3>Valymas<\/h3>\n<p>Prie\u0161 montuojant ar atliekant technin\u0119 prie\u017ei\u016br\u0105, svirties cilindr\u0105 reikia i\u0161valyti, kad \u012f hidraulin\u0119 sistem\u0105 nepatekt\u0173 ter\u0161al\u0173, kurie gal\u0117t\u0173 pa\u017eeisti cilindr\u0105 ir vis\u0105 hidraulin\u0119 sistem\u0105.<\/p>\n<h3>Pakeiskite susid\u0117v\u0117jusias dalis<\/h3>\n<p>Susid\u0117v\u0117jusias dalis, tokias kaip sandarinimo elementai ir strypai, reikia laiku pakeisti, kad b\u016bt\u0173 i\u0161vengta toki\u0173 problem\u0173 kaip nuot\u0117kis ir nestabilumas.<\/p>\n<h3>Naudokite tinkamus tepalus<\/h3>\n<p>Naudojant tinkam\u0105 hidraulin\u0119 alyv\u0105, galima pailginti svirties cilindro tarnavimo laik\u0105 ir pagerinti jo veikim\u0105. Hidraulin\u0119 alyv\u0105 reikia kruop\u0161\u010diai parinkti pagal gamintojo rekomendacijas ir reguliariai keisti.<\/p>\n<h3>Tinkamas laikymas<\/h3>\n<p>Laikant svirtin\u012f cilindr\u0105, j\u012f reikia apsaugoti nuo dulki\u0173, dr\u0117gm\u0117s ir kit\u0173 ter\u0161al\u0173. J\u012f reikia laikyti v\u0117sioje, sausoje vietoje, o cilindr\u0105 reikia apvynioti ner\u016bdijan\u010dia pl\u0117vele, kad nesusidaryt\u0173 r\u016bdys.<\/p>\n<p><img decoding=\"async\" src=\"https:\/\/www.hydraulic-cylinders.net\/wp-content\/uploads\/2025\/01\/songte-chushion-collar.webp\"\/><\/p>\n<h2>Diegimo vadovas<\/h2>\n<h3>Paruo\u0161imas<\/h3>\n<p>Prie\u0161 montuodami, patikrinkite svirties cilindr\u0105, ar n\u0117ra susid\u0117v\u0117jimo ar pa\u017eeidim\u0173 po\u017eymi\u0173. Patikrinkite tvirtinimo ang\u0173 dyd\u012f ir alyvos \u012fleidimo ang\u0173 pad\u0117t\u012f.<\/p>\n<h3>Montavimo pad\u0117tis<\/h3>\n<p>Svirties cilindras turi b\u016bti sumontuotas teisingoje pad\u0117tyje, kad mechanin\u0117 svirtis jud\u0117t\u0173 skland\u017eiai ir tiksliai. Patikrinkite montavimo pad\u0117t\u012f pagal gamintojo rekomendacijas.<\/p>\n<h3>Diegimo seka<\/h3>\n<p>Montavimo sekos reikia laikytis teisinga tvarka. Sumontuokite svirties cilindr\u0105 pagal alyvos angos ir hidraulinio vamzdyno krypt\u012f. Var\u017etams priver\u017eti naudokite tinkam\u0105 sukimo moment\u0105.<\/p>\n<h3>Testavimas<\/h3>\n<p>\u012edieg\u0119 atlikite bandym\u0105, kad \u012fsitikintum\u0117te, jog svirties cilindras veikia tinkamai. Patikrinkite, ar n\u0117ra nuot\u0117ki\u0173, ar jud\u0117jimas sklandus ir ar svirties cilindras gali atlaikyti apkrov\u0105.<\/p>\n<p><img decoding=\"async\" src=\"https:\/\/www.hydraulic-cylinders.net\/wp-content\/uploads\/2025\/01\/songte-bushings-with-all-kinds-of-excavator-models.webp\"\/><\/p>\n<h2>Saugos aspektai ir aplinkos veiksniai<\/h2>\n<p>Naudojant svirties cilindr\u0105, svarbu laikytis saugos priemoni\u0173, kad i\u0161vengtum\u0117te su\u017ealojim\u0173 ar hidraulin\u0117s sistemos pa\u017eeidim\u0173. Montavimo ir prie\u017ei\u016bros metu visada naudokite tinkamus \u012frankius ir \u012frang\u0105. Venkite auk\u0161tos temperat\u016bros ar korozin\u0117s aplinkos, nes tai gali pa\u017eeisti cilindrus. Tinkamas hidraulin\u0117s alyvos, sen\u0173 cilindr\u0173 ir kit\u0173 susijusi\u0173 med\u017eiag\u0173 utilizavimas yra svarbus siekiant suma\u017einti aplinkos tar\u0161\u0105.<\/p>\n<h2>DUK<\/h2>\n<h3>Da\u017enos problemos<\/h3>\n<p>K: K\u0105 daryti, jei svirties cilindras praleid\u017eia vanden\u012f?<\/p>\n<p>A: Patikrinkite, ar n\u0117ra pa\u017eeist\u0173 ar susid\u0117v\u0117jusi\u0173 sandarinimo element\u0173, ir laiku juos pakeiskite. Jei cilindro korpusas arba st\u016bmoklio kotas yra pa\u017eeisti, gali tekti pakeisti cilindr\u0105.<\/p>\n<p>K: K\u0105 daryti, jei svirties cilindras nestabilus?<\/p>\n<p>A: Patikrinkite, ar n\u0117ra susid\u0117v\u0117jusi\u0173 ar pa\u017eeist\u0173 st\u016bmokli\u0173 kot\u0173, ir prireikus pakeiskite juos. Patikrinkite, ar hidraulin\u0117je sistemoje n\u0117ra nuot\u0117ki\u0173.<\/p>\n<h3>Trik\u010di\u0173 \u0161alinimo patarimai<\/h3>\n<p>Jei svirties cilindras neveikia tinkamai, patikrinkite, ar n\u0117ra nuot\u0117ki\u0173, pa\u017eeidim\u0173 ar susid\u0117v\u0117jusi\u0173 dali\u0173, ir laiku jas pakeiskite. \u012esitikinkite, kad hidraulin\u0117 sistema veikia tinkamai ir ar naudojama tinkama hidraulin\u0117 alyva. Patikrinkite svirties cilindro montavim\u0105 ir veikim\u0105, kad \u012fsitikintum\u0117te, jog jis veikia tinkamai.<\/p>\n<p><img decoding=\"async\" src=\"https:\/\/www.hydraulic-cylinders.net\/wp-content\/uploads\/2025\/01\/songte-company-4.webp\"\/><br \/>\n<img decoding=\"async\" src=\"https:\/\/www.hydraulic-cylinders.net\/wp-content\/uploads\/2025\/01\/songte-company-3.webp\"\/><\/p>\n<h2>Apie mus<\/h2>\n<p>Esame profesionalus pakaitini\u0173 hidraulini\u0173 cilindr\u0173 gamintojas, si\u016blantis plat\u0173 gamini\u0173 asortiment\u0105 ir tap\u0119s vienu i\u0161 pirmaujan\u010di\u0173 hidraulini\u0173 cilindr\u0173 gamintoj\u0173 bei didmenini\u0173 platintoj\u0173 vidaus ir u\u017esienio rinkose. Visada laikom\u0117s puikios kokyb\u0117s principo ir remiam\u0117s industrializuota gamybos valdymo strategija, pasitelkdami puikias gamybos dirbtuves, kad nuolat gerintume savo technologin\u012f lyg\u012f ir gamybos efektyvum\u0105. \u012ediegdami pa\u017eangi\u0105 skaitmenin\u0119 gamybos \u012frang\u0105 ir profesionalias testavimo sistemas, nuolat optimizuojame gamybos platform\u0105, tobuliname savo gamini\u0173 kokyb\u0117s kontrol\u0117s proces\u0105 ir turime stiprias inovacij\u0173 galimybes. M\u016bs\u0173 tikslas \u2013 patenkinti \u012fvairius klient\u0173 poreikius, vadovaujantis didelio efektyvumo, tikslumo ir auk\u0161tos kokyb\u0117s principais.<\/p>\n<h3>Profesionalumas<\/h3>\n<p>Turime patyrusi\u0173 specialist\u0173 komand\u0105, kuri gali pasi\u016blyti individualius sprendimus pagal klient\u0173 reikalavimus, teikti profesionali\u0105 technin\u0119 pagalb\u0105 ir paslaugas.<\/p>\n<h3>Tarptautiniai sertifikatai<\/h3>\n<p>M\u016bs\u0173 gaminiai yra gav\u0119 tarptautinius sertifikatus, tokius kaip ISO9001 ir CE, siekiant u\u017etikrinti, kad jie atitikt\u0173 auk\u0161\u010diausius kokyb\u0117s standartus.<\/p>\n<h3>Pritaikymo paslaugos<\/h3>\n<p>Galime teikti individualiai pritaikytas paslaugas pagal klient\u0173 reikalavimus, tokias kaip gamini\u0173 dizainas, gamyba ir pakavimas.<\/p>\n<h3>Gamybos \u012franga<\/h3>\n<p>Turime vis\u0105 komplekt\u0105 pa\u017eangios gamybos \u012frangos, tokios kaip CNC tekinimo stakl\u0117s, apdirbimo centrai ir hidraulini\u0173 cilindr\u0173 bandymo \u012franga, kad u\u017etikrintume m\u016bs\u0173 gamini\u0173 kokyb\u0119 ir tikslum\u0105.<\/p>\n<h3>Aptarnavimas po pardavimo<\/h3>\n<p>Siekdami u\u017etikrinti klient\u0173 pasitenkinim\u0105 m\u016bs\u0173 produktais ir paslaugomis, teikiame i\u0161samias garantinio aptarnavimo paslaugas, tokias kaip technin\u0117 pagalba, gamini\u0173 prie\u017ei\u016bra ir garantija.<\/p>\n<p>\u4f5c\u8005: lyl<\/p>","protected":false},"excerpt":{"rendered":"<p>Arm Cylinder for Kobelco Middle Excavator SK250-8 Introduction Definition of Arm Cylinder The Arm Cylinder is a specially designed hydraulic cylinder that provides linear motion and power to the arms of various types of machinery such as excavators, cranes and mechanical arms. The Arm Cylinder plays a critical role in the hydraulic system that allows [&hellip;]<\/p>","protected":false},"featured_media":14763,"comment_status":"open","ping_status":"closed","template":"","meta":{"_et_pb_use_builder":"","_et_pb_old_content":"","_et_gb_content_width":""},"product_brand":[],"product_cat":[1497],"product_tag":[1498,1496],"class_list":{"0":"post-16283","1":"product","2":"type-product","3":"status-publish","4":"has-post-thumbnail","6":"product_cat-arm-cylinders","7":"product_tag-arm-cylinders","8":"product_tag-hydraulic-cylinders","10":"first","11":"instock","12":"shipping-taxable","13":"product-type-simple"},"amp_enabled":true,"_links":{"self":[{"href":"https:\/\/www.hydraulic-cylinders.net\/lt\/wp-json\/wp\/v2\/product\/16283","targetHints":{"allow":["GET"]}}],"collection":[{"href":"https:\/\/www.hydraulic-cylinders.net\/lt\/wp-json\/wp\/v2\/product"}],"about":[{"href":"https:\/\/www.hydraulic-cylinders.net\/lt\/wp-json\/wp\/v2\/types\/product"}],"replies":[{"embeddable":true,"href":"https:\/\/www.hydraulic-cylinders.net\/lt\/wp-json\/wp\/v2\/comments?post=16283"}],"wp:featuredmedia":[{"embeddable":true,"href":"https:\/\/www.hydraulic-cylinders.net\/lt\/wp-json\/wp\/v2\/media\/14763"}],"wp:attachment":[{"href":"https:\/\/www.hydraulic-cylinders.net\/lt\/wp-json\/wp\/v2\/media?parent=16283"}],"wp:term":[{"taxonomy":"product_brand","embeddable":true,"href":"https:\/\/www.hydraulic-cylinders.net\/lt\/wp-json\/wp\/v2\/product_brand?post=16283"},{"taxonomy":"product_cat","embeddable":true,"href":"https:\/\/www.hydraulic-cylinders.net\/lt\/wp-json\/wp\/v2\/product_cat?post=16283"},{"taxonomy":"product_tag","embeddable":true,"href":"https:\/\/www.hydraulic-cylinders.net\/lt\/wp-json\/wp\/v2\/product_tag?post=16283"}],"curies":[{"name":"wp","href":"https:\/\/api.w.org\/{rel}","templated":true}]}}