{"id":16288,"date":"2025-01-20T09:02:45","date_gmt":"2025-01-20T09:02:45","guid":{"rendered":"https:\/\/www.hydraulic-cylinders.net\/product\/arm-cylinderfor-kobelco-middle-excavator-sk260lc-8\/"},"modified":"2025-01-20T09:02:47","modified_gmt":"2025-01-20T09:02:47","slug":"arm-cylinderfor-kobelco-middle-excavator-sk260lc-8","status":"publish","type":"product","link":"https:\/\/www.hydraulic-cylinders.net\/lt\/produktas\/arm-cylinderfor-kobelco-middle-excavator-sk260lc-8\/","title":{"rendered":"Kobelco vidutinio dyd\u017eio ekskavatoriaus SK260LC-8 rankenos cilindras"},"content":{"rendered":"<h1>Kobelco vidutinio dyd\u017eio ekskavatoriaus SK260LC-8 svirties cilindras<\/h1>\n<h2>Produkto apibr\u0117\u017eimas ir paai\u0161kinimas<\/h2>\n<p>Svirties cilindras yra specialiai suprojektuotas hidraulinis cilindras, u\u017etikrinantis tiesin\u012f jud\u0117jim\u0105 ir gali\u0105 \u012fvairi\u0173 ma\u0161in\u0173, toki\u0173 kaip ekskavatoriai, kranai ir robotin\u0117s svirtys, svir\u010diai. Jis atlieka labai svarb\u0173 vaidmen\u012f hidraulin\u0117se sistemose, nes leid\u017eia efektyviai jud\u0117ti ir valdyti priedus ar priedus. \u0160ie cilindrai ne tik u\u017etikrina skland\u0173 jud\u0117jim\u0105, bet ir atlaiko dideles apkrovas, u\u017etikrindami auk\u0161t\u0105 veikimo efektyvum\u0105 ir patikimum\u0105 \u012fvairiomis darbo s\u0105lygomis.<\/p>\n<p><img decoding=\"async\" src=\"https:\/\/www.hydraulic-cylinders.net\/wp-content\/uploads\/2025\/01\/songte-company-2.webp\" alt=\"Svirties cilindro vaizdas\"><\/p>\n<h2>Produkto savyb\u0117s<\/h2>\n<ul>\n<li>Didelio efektyvumo galios perdavimas: Svirties cilindras u\u017etikrina galing\u0105 tiesin\u012f judes\u012f ir j\u0117g\u0105, garantuodamas auk\u0161t\u0105 mechanin\u0117s svirties na\u0161um\u0105 atliekant \u012fvairias operacijas.<\/li>\n<li>Tikslus valdymas: Hidraulin\u0117s sistemos d\u0117ka svirties cilindras u\u017etikrina tiksl\u0173 judesio valdym\u0105, tod\u0117l pritvirtint\u0173 \u012franki\u0173 valdymas tampa lankstesnis ir tikslesnis.<\/li>\n<li>Patvarumas: Svirtiniai cilindrai paprastai gaminami i\u0161 didelio stiprumo med\u017eiag\u0173, kurios pasi\u017eymi puikiu atsparumu dilimui ir korozijai, tod\u0117l tinka ilgalaikiam naudojimui at\u0161iauriomis s\u0105lygomis.<\/li>\n<li>Daugiafunkcis pritaikomumas: \u0160ie cilindrai gali b\u016bti pla\u010diai naudojami \u012fvairiose ma\u0161inose, tokiose kaip ekskavatoriai, kranai ir robotin\u0117s rankos, atsi\u017evelgiant \u012f skirtingus darbo reikalavimus.<\/li>\n<li>Lengva prie\u017ei\u016bra: Sukurta galvojant apie paprast\u0105 prie\u017ei\u016br\u0105 ir keitim\u0105, reguliari ap\u017ei\u016bra ir technin\u0117 prie\u017ei\u016bra tampa patogios, tod\u0117l sutrump\u0117ja \u012frangos prastovos.<\/li>\n<\/ul>\n<p><img decoding=\"async\" src=\"https:\/\/www.hydraulic-cylinders.net\/wp-content\/uploads\/2025\/01\/songte-oil-pipes-and-spare-parts.webp\" alt=\"Svirties cilindro dalys\"><\/p>\n<h2>Taikymo scenarijai<\/h2>\n<p>Svirtiniai cilindrai pla\u010diai naudojami \u012fvairiose pramon\u0117s \u0161akose ir srityse:<\/p>\n<ul>\n<li>Statybos in\u017einerija: Ekskavatoriuose ir kranuose str\u0117li\u0173 cilindrai valdo kau\u0161\u0173 arba str\u0117li\u0173 jud\u0117jim\u0105 atliekant \u017eem\u0117s darbus, med\u017eiag\u0173 tvarkym\u0105 ir konstrukcij\u0173 montavim\u0105.<\/li>\n<li>Gamybos pramon\u0117: Automatizuotose gamybos linijose ranken\u0173 cilindrai leid\u017eia robotin\u0117ms rankoms jud\u0117ti surinkimo, suvirinimo ir med\u017eiag\u0173 tvarkymo procesuose, taip padidindami gamybos efektyvum\u0105 ir tikslum\u0105.<\/li>\n<li>\u017dem\u0117s \u016bkio technika: \u017dem\u0117s \u016bkio \u012frangoje, tokioje kaip derliaus nu\u0117mimo ma\u0161inos ir s\u0117jamosios, svir\u010di\u0173 cilindrai valdo valdymo svir\u010di\u0173 judes\u012f atliekant tokias u\u017eduotis kaip sodinimas, tr\u0119\u0161imas ir derliaus nu\u0117mimas.<\/li>\n<li>Kasyba: Kasybos \u012frangoje svirties cilindrai valdo kasybos ma\u0161in\u0173 svirties jud\u0117jim\u0105 r\u016bdos gavybai ir transportavimui.<\/li>\n<li>Logistika ir transportas: \u0160akiniuose krautuvuose ir krovini\u0173 krovimo robotuose svir\u010di\u0173 cilindrai valdo \u0161aki\u0173 k\u0117lim\u0105 ir jud\u0117jim\u0105, palengvindami med\u017eiag\u0173 tvarkym\u0105 ir krovim\u0105.<\/li>\n<\/ul>\n<h2>Projektavimo aspektai ir atrankos kriterijai<\/h2>\n<p>Projektuojant cilindro formos rankenas, reikia atsi\u017evelgti \u012f kelis veiksnius:<\/p>\n<ul>\n<li>Guoli\u0173 talpa: Cilindras turi atlaikyti nurodyt\u0105 apkrov\u0105, kad b\u016bt\u0173 u\u017etikrintas saugus ir efektyvus veikimas.<\/li>\n<li>Sandarinimas: Norint palaikyti tinkam\u0105 hidraulin\u012f sl\u0117g\u012f ir i\u0161vengti skys\u010dio nuot\u0117kio, tur\u0117t\u0173 b\u016bti naudojami \u012fvair\u016bs sandarinimo elementai, tokie kaip st\u016bmokli\u0173 ir stryp\u0173 sandarikliai.<\/li>\n<li>Patvarumas: Cilindro korpusas ir srieginiai galai yra kruop\u0161\u010diai apdirbti, siekiant pagerinti atsparum\u0105 dilimui ir u\u017etikrinti ilgalaik\u012f patvarum\u0105.<\/li>\n<li>Sauga: Projektuojant tur\u0117t\u0173 b\u016bti numatytos saugos funkcijos, siekiant i\u0161vengti nelaiming\u0173 atsitikim\u0173 ir u\u017etikrinti operatoriaus apsaug\u0105.<\/li>\n<li>Prie\u017ei\u016bra: Reik\u0117t\u0173 pasir\u016bpinti lengva prieiga techninei prie\u017ei\u016brai ir pakeitimui, taip suma\u017einant prastovas ir prie\u017ei\u016bros i\u0161laidas.<\/li>\n<\/ul>\n<p><img decoding=\"async\" src=\"https:\/\/www.hydraulic-cylinders.net\/wp-content\/uploads\/2025\/01\/songte-cylinder-head-with-all-kinds-excavator-models.webp\" alt=\"Cilindro galvut\u0117s vaizdas\"><\/p>\n<h2>Sandarinimas ir tepimas<\/h2>\n<p>Svirtiniuose cilindruose naudojami \u012fvair\u016bs sandarinimo komponentai, tokie kaip st\u016bmokli\u0173 ir kot\u0173 sandarikliai, pagaminti i\u0161 atspari\u0173 dilimui med\u017eiag\u0173, toki\u0173 kaip poliuretanas ir nitrilo kau\u010diukas. Cilindro korpusas ir srieginiai galai yra kruop\u0161\u010diai apdorojami, siekiant padidinti atsparum\u0105 dilimui. Norint u\u017etikrinti skland\u0173 veikim\u0105, reikia reguliariai tepti tinkama hidrauline alyva.<\/p>\n<h2>Reguliarus patikrinimas ir prevencin\u0117 prie\u017ei\u016bra<\/h2>\n<p>Norint i\u0161laikyti optimal\u0173 na\u0161um\u0105 ir patikimum\u0105, reikia imtis \u0161i\u0173 priemoni\u0173:<\/p>\n<ul>\n<li>Reguliariai tikrinkite cilindr\u0105, ar n\u0117ra susid\u0117v\u0117jimo, nuot\u0117kio ar pa\u017eeidim\u0173 po\u017eymi\u0173.<\/li>\n<li>Patikrinkite ir prireikus papildykite hidraulin\u0117s alyvos lyg\u012f.<\/li>\n<li>\u012esitikinkite, kad visos jungtys ir jungiamosios detal\u0117s yra tvirtos.<\/li>\n<li>Patikrinkite ir pakeiskite visus susid\u0117v\u0117jusius ar pa\u017eeistus sandariklius.<\/li>\n<li>Laikykit\u0117s gamintojo nurodym\u0173 d\u0117l technin\u0117s prie\u017ei\u016bros interval\u0173 ir proced\u016br\u0173.<\/li>\n<\/ul>\n<h2>Produkto diegimo vadovas<\/h2>\n<p>Tinkamas svirties cilindro montavimas yra labai svarbus jo funkcionalumui ir ilgaam\u017ei\u0161kumui. Atlikite \u0161iuos veiksmus:<\/p>\n<ol>\n<li>Atsargiai pastatykite cilindr\u0105 ir sulygiuokite j\u012f su mechanizmo tvirtinimo ta\u0161kais.<\/li>\n<li>Tvirtai pritvirtinkite cilindr\u0105 naudodami tinkamus var\u017etus ir tvirtinimo detales.<\/li>\n<li>Prijunkite hidraulines \u017earnas prie tam skirt\u0173 jung\u010di\u0173, u\u017etikrindami tinkam\u0105 sandarum\u0105.<\/li>\n<li>Patikrinkite cilindro veikim\u0105, kad \u012fsitikintum\u0117te, jog jis tinkamai sumontuotas.<\/li>\n<\/ol>\n<p><img decoding=\"async\" src=\"https:\/\/www.hydraulic-cylinders.net\/wp-content\/uploads\/2025\/01\/songte-bushings-with-all-kinds-of-excavator-models.webp\" alt=\"\u012evori\u0173 vaizdas\"><\/p>\n<h2>Saugos aspektai ir aplinkos veiksniai<\/h2>\n<p>Dirbant su svirtiniais cilindrais, itin svarbu u\u017etikrinti saugos priemones. Tinkamas mokymas, saugos nurodym\u0173 laikymasis ir apsaugini\u0173 priemoni\u0173 naudojimas yra b\u016btini siekiant i\u0161vengti nelaiming\u0173 atsitikim\u0173 ir su\u017ealojim\u0173. Be to, reik\u0117t\u0173 atsi\u017evelgti \u012f aplinkosaugos aspektus, kad b\u016bt\u0173 kuo labiau suma\u017eintas galimas hidraulini\u0173 sistem\u0173 naudojimo poveikis ar tar\u0161a.<\/p>\n<h2>Trik\u010di\u0173 \u0161alinimas ir da\u017eniausiai pasitaikan\u010dios problemos<\/h2>\n<p>Da\u017eniausios problemos, kurios gali kilti naudojant svirtinius cilindrus, yra \u0161ios:<\/p>\n<ul>\n<li>Skys\u010di\u0173 nuot\u0117kis<\/li>\n<li>Ne\u012fprastas triuk\u0161mas veikimo metu<\/li>\n<li>Nepakankama galia arba netolygus jud\u0117jimas<\/li>\n<li>Nenuoseklus arba l\u0117tas veikimas<\/li>\n<li>Per didelis sandarikli\u0173 ar komponent\u0173 susid\u0117v\u0117jimas<\/li>\n<\/ul>\n<p>Nor\u0117dami i\u0161spr\u0119sti \u0161ias problemas, apsvarstykite \u0161iuos patarimus ir sprendimus:<\/p>\n<ul>\n<li>Patikrinkite ir pakeiskite susid\u0117v\u0117jusius arba pa\u017eeistus sandariklius.<\/li>\n<li>Patikrinkite ir sureguliuokite hidraulinio sl\u0117gio lygius.<\/li>\n<li>Sutepkite visas judan\u010dias dalis ir u\u017etikrinkite tinkam\u0105 skys\u010dio lyg\u012f.<\/li>\n<li>Patikrinkite cilindro teising\u0105 montavim\u0105 ir i\u0161lygiavim\u0105.<\/li>\n<li>D\u0117l konkre\u010di\u0173 problem\u0173 \u017er. gamintojo trik\u010di\u0173 \u0161alinimo vadov\u0105.<\/li>\n<\/ul>\n<p><img decoding=\"async\" src=\"https:\/\/www.hydraulic-cylinders.net\/wp-content\/uploads\/2025\/01\/songte-chushion-collar.webp\" alt=\"Chushion apykakl\u0117s vaizdas\"><\/p>\n<p>Nepamir\u0161kite straipsn\u012f strukt\u016brizuoti logi\u0161kai, naudoti paantra\u0161tes lengvam nar\u0161ymui, \u012ftraukti atitinkam\u0173 vaizd\u0173 ar diagram\u0173, kad b\u016bt\u0173 lengviau suprasti, ir u\u017etikrinti, kad turinys b\u016bt\u0173 ai\u0161kus, glaustas ir tinkamas skaitytojams, turintiems skirting\u0105 technini\u0173 \u017eini\u0173 lyg\u012f.<\/p>\n<h2>Apie m\u016bs\u0173 \u012fmon\u0119<\/h2>\n<p>Esame profesionalus gamintojas, kurio specializacija \u2013 atsargini\u0173 hidraulini\u0173 cilindr\u0173 gamyba. Tur\u0117dami plat\u0173 gamini\u0173 asortiment\u0105, tapome vienu i\u0161 pirmaujan\u010di\u0173 gamintoj\u0173 ir didmenini\u0173 platintoj\u0173 vidaus ir tarptautin\u0117se rinkose. M\u016bs\u0173 \u012fsipareigojim\u0105 siekti nepriekai\u0161tingos kokyb\u0117s palaiko industrializuotos gamybos valdymo strategijos, taikomos moderniame gamybos ceche, nuolat tobulinant technologines galimybes ir gamybos efektyvum\u0105.<\/p>\n<p>Diegiant pa\u017eangi\u0105 skaitmenin\u0119 gamybos \u012frang\u0105 ir profesionalias testavimo sistemas, optimizuojame savo gamybos platform\u0105 ir tobuliname gamini\u0173 kokyb\u0117s kontrol\u0117s procesus, demonstruodami tvirtas inovacij\u0173 galimybes. M\u016bs\u0173 tikslas \u2013 patenkinti \u012fvairius klient\u0173 poreikius, vadovaujantis efektyvumo, tikslumo ir auk\u0161tos kokyb\u0117s principais.<\/p>\n<p><img decoding=\"async\" src=\"https:\/\/www.hydraulic-cylinders.net\/wp-content\/uploads\/2025\/01\/songte-company-4.webp\" alt=\"\u012emon\u0117s \u012fvaizdis\"><br \/>\n<img decoding=\"async\" src=\"https:\/\/www.hydraulic-cylinders.net\/wp-content\/uploads\/2025\/01\/songte-company-3.webp\" alt=\"\u012emon\u0117s \u012fvaizdis\"><\/p>\n<p>Pastaba: \u0161\u012f straipsn\u012f para\u0161\u0117 lyl.<\/p>","protected":false},"excerpt":{"rendered":"<p>Arm Cylinder For Kobelco Middle Excavator SK260LC-8 Product Definition and Explanation The arm cylinder is a specially designed hydraulic cylinder that provides linear motion and power to the arm of various machinery, such as excavators, cranes, and robotic arms. It plays a critical role in hydraulic systems, allowing for efficient movement and control of attachments [&hellip;]<\/p>","protected":false},"featured_media":14777,"comment_status":"open","ping_status":"closed","template":"","meta":{"_et_pb_use_builder":"","_et_pb_old_content":"","_et_gb_content_width":""},"product_brand":[],"product_cat":[1497],"product_tag":[1498,1496],"class_list":{"0":"post-16288","1":"product","2":"type-product","3":"status-publish","4":"has-post-thumbnail","6":"product_cat-arm-cylinders","7":"product_tag-arm-cylinders","8":"product_tag-hydraulic-cylinders","10":"first","11":"instock","12":"shipping-taxable","13":"product-type-simple"},"amp_enabled":true,"_links":{"self":[{"href":"https:\/\/www.hydraulic-cylinders.net\/lt\/wp-json\/wp\/v2\/product\/16288","targetHints":{"allow":["GET"]}}],"collection":[{"href":"https:\/\/www.hydraulic-cylinders.net\/lt\/wp-json\/wp\/v2\/product"}],"about":[{"href":"https:\/\/www.hydraulic-cylinders.net\/lt\/wp-json\/wp\/v2\/types\/product"}],"replies":[{"embeddable":true,"href":"https:\/\/www.hydraulic-cylinders.net\/lt\/wp-json\/wp\/v2\/comments?post=16288"}],"wp:featuredmedia":[{"embeddable":true,"href":"https:\/\/www.hydraulic-cylinders.net\/lt\/wp-json\/wp\/v2\/media\/14777"}],"wp:attachment":[{"href":"https:\/\/www.hydraulic-cylinders.net\/lt\/wp-json\/wp\/v2\/media?parent=16288"}],"wp:term":[{"taxonomy":"product_brand","embeddable":true,"href":"https:\/\/www.hydraulic-cylinders.net\/lt\/wp-json\/wp\/v2\/product_brand?post=16288"},{"taxonomy":"product_cat","embeddable":true,"href":"https:\/\/www.hydraulic-cylinders.net\/lt\/wp-json\/wp\/v2\/product_cat?post=16288"},{"taxonomy":"product_tag","embeddable":true,"href":"https:\/\/www.hydraulic-cylinders.net\/lt\/wp-json\/wp\/v2\/product_tag?post=16288"}],"curies":[{"name":"wp","href":"https:\/\/api.w.org\/{rel}","templated":true}]}}