{"id":1629,"date":"2023-10-08T08:53:04","date_gmt":"2023-10-08T08:53:04","guid":{"rendered":"https:\/\/hydraulic-cylinders.net\/?post_type=product&#038;p=1629"},"modified":"2025-04-11T03:46:29","modified_gmt":"2025-04-11T03:46:29","slug":"press-mobile-workbench-cylinder","status":"publish","type":"product","link":"https:\/\/www.hydraulic-cylinders.net\/lt\/produktas\/press-mobile-workbench-cylinder\/","title":{"rendered":"Preso mobilus darbastalio cilindras"},"content":{"rendered":"<h1 style=\"text-align: center;\"><strong>Preso mobilus darbastalio cilindras<\/strong><\/h1>\n<p><img loading=\"lazy\" decoding=\"async\" class=\"aligncenter wp-image-1630\" src=\"https:\/\/hydraulic-cylinders.net\/wp-content\/uploads\/2023\/10\/mobile-workbench-cylinder-300x300.webp\" alt=\"\" width=\"400\" height=\"400\" \/><\/p>\n<p>Mobilus presuojamas darbastalio cilindras yra revoliucinis produktas, sukurtas siekiant optimizuoti efektyvum\u0105 ir universalum\u0105 dirbant su darbastaliais \u012fvairiose pramon\u0117s \u0161akose. D\u0117l pa\u017eangi\u0173 funkcij\u0173 ir patikimo veikimo \u0161is cilindras pasi\u017eymi didesniu mobilumu, stabilumu ir paprastu naudojimu.<\/p>\n<p>Mobilus presavimo darbastalio cilindras yra revoliucinis bet kurio darbastalio papildymas, u\u017etikrinantis didesn\u012f mobilum\u0105, stabilum\u0105 ir universalum\u0105. D\u0117l lengvo jud\u0117jimo, reguliuojamo auk\u0161\u010dio ir patikimo fiksavimo mechanizmo \u0161is cilindras leid\u017eia jums sukurti dinami\u0161k\u0105 ir efektyvi\u0105 darbo viet\u0105. Laikydamiesi rekomenduojam\u0173 naudojimo metod\u0173 ir prie\u017ei\u016bros praktikos, galite maksimaliai padidinti savo darbastalio na\u0161um\u0105, ilgaam\u017ei\u0161kum\u0105 ir saugum\u0105. Pasirinkite mobil\u0173 presavimo darbastalio cilindr\u0105, kad padidintum\u0117te produktyvum\u0105, komfort\u0105 ir patogum\u0105 darbo aplinkoje.<\/p>\n<p>Preso mobiliojo darbastalio cilindro pagrindin\u0117s charakteristikos:<\/p>\n<ol>\n<li>Pagerintas mobilumas:<\/li>\n<\/ol>\n<ul>\n<li>Preso mobilus darbastalio cilindras pasi\u017eymi tvirtu ir patikimu mobiliu mechanizmu, kuris leid\u017eia lengvai perkelti darbastal\u012f.<\/li>\n<li>D\u0117l skland\u017eiai riedan\u010di\u0173 ratuk\u0173 ir tvirtos konstrukcijos \u0161is cilindras leid\u017eia lengvai perkelti darbastal\u012f, tod\u0117l nereikia jo kelti ar i\u0161ardyti rankiniu b\u016bdu.<\/li>\n<\/ul>\n<ol start=\"2\">\n<li>Auk\u0161\u010dio reguliavimas:<\/li>\n<\/ol>\n<ul>\n<li>\u0160is cilindras si\u016blo patog\u0173 auk\u0161\u010dio reguliavim\u0105, leid\u017eiant\u012f pritaikyti darbastalio auk\u0161t\u012f pagal konkre\u010dius poreikius.<\/li>\n<li>Nesvarbu, ar jums reikia patogios stovimos pad\u0117ties, ar ma\u017eesnio auk\u0161\u010dio sud\u0117tingoms u\u017eduotims atlikti, \u201ePress Mobile Workbench Cylinder\u201c u\u017etikrina lankstum\u0105 ir pritaikomum\u0105.<\/li>\n<\/ul>\n<ol start=\"3\">\n<li>Stabilumo ir fiksavimo mechanizmas:<\/li>\n<\/ol>\n<ul>\n<li>Cilindras turi saug\u0173 fiksavimo mechanizm\u0105, kuris u\u017etikrina stabilum\u0105 ir saugum\u0105 naudojant darbastal\u012f.<\/li>\n<li>Kai pasiekiama norima pad\u0117tis, tiesiog \u012fjunkite fiksavimo mechanizm\u0105, kad darbastalis b\u016bt\u0173 pritvirtintas ir u\u017etikrint\u0173 stabili\u0105 bei stabili\u0105 darbo viet\u0105.<\/li>\n<\/ul>\n<ol start=\"4\">\n<li>Patvari konstrukcija:<\/li>\n<\/ol>\n<ul>\n<li>Mobilus presavimo darbastalio cilindras pagamintas i\u0161 auk\u0161tos kokyb\u0117s med\u017eiag\u0173, kad atlaikyt\u0173 dideles apkrovas ir reguliar\u0173 naudojim\u0105.<\/li>\n<li>Tvirta konstrukcija u\u017etikrina ilgaam\u017ei\u0161kum\u0105 ir patikimum\u0105, tod\u0117l tai puiki investicija j\u016bs\u0173 darbo vietai.<\/li>\n<\/ul>\n<h2><strong>Preso mobiliojo darbastalio cilindro parametras:<\/strong><\/h2>\n<table border=\"1\" cellspacing=\"0\" cellpadding=\"0\">\n<tbody>\n<tr>\n<td>Produkto pavadinimas<\/td>\n<td>Hidraulinis presas Mobilus darbastalio cilindras<\/td>\n<\/tr>\n<tr>\n<td>Savyb\u0117s:<\/td>\n<td>Vairuokite darbastal\u012f, kad jud\u0117tum\u0117te<\/td>\n<\/tr>\n<tr>\n<td>Skyl\u0117s skersmuo:<\/td>\n<td>125 mm\uff5e320 mm<\/td>\n<\/tr>\n<tr>\n<td>Strypo skersmuo:<\/td>\n<td>90 mm ~ 220 mm<br \/>\nEiga \u22647500 mm<\/td>\n<\/tr>\n<tr>\n<td>Traukos j\u0117ga:<\/td>\n<td>Maksimali 2533 kN<br \/>\n(Cilindro skersmuo 320 mm \/ sl\u0117gis 31,5 MPa)<\/td>\n<\/tr>\n<tr>\n<td>Mobiliojo darbastalio cilindro pritaikymas:<\/td>\n<td>Hidraulinis presas<\/td>\n<\/tr>\n<\/tbody>\n<\/table>\n<div class=\"txtboxL\">\n<div class=\"txtboxL\">\n<div class=\"txtboxL\">\n<div class=\"txtboxL\">Savyb\u0117s:<\/div>\n<div class=\"txtboxR\">Vairuokite darbastal\u012f, kad jud\u0117tum\u0117te<\/div>\n<div class=\"txtboxL\">Specifikacija:<\/div>\n<div class=\"txtboxR\">Skyl\u0117s skersmuo: 125 mm ~ 320 mm<br \/>\nStrypo skersmuo: 90 mm ~ 220 mm<br \/>\nEiga \u22647500 mm<\/div>\n<div class=\"txtboxL\">Traukos j\u0117ga:<\/div>\n<div class=\"txtboxR\">Maksimali 2533 kN<br \/>\n(Cilindro skersmuo 320 mm \/ sl\u0117gis 31,5 MPa)<\/div>\n<\/div>\n<\/div>\n<\/div>\n<h2><strong>Preso cilindr\u0173 gamykla:<\/strong><\/h2>\n<p><img loading=\"lazy\" decoding=\"async\" class=\"alignnone wp-image-1619 size-full\" src=\"https:\/\/hydraulic-cylinders.net\/wp-content\/uploads\/2023\/10\/press-cylinder.webp\" alt=\"\" width=\"1418\" height=\"946\" srcset=\"https:\/\/hydraulic-cylinders.net\/wp-content\/uploads\/2023\/10\/press-cylinder.webp 1418w, https:\/\/hydraulic-cylinders.net\/wp-content\/uploads\/2023\/10\/press-cylinder-1280x854.webp 1280w, https:\/\/hydraulic-cylinders.net\/wp-content\/uploads\/2023\/10\/press-cylinder-980x654.webp 980w, https:\/\/hydraulic-cylinders.net\/wp-content\/uploads\/2023\/10\/press-cylinder-480x320.webp 480w\" sizes=\"(min-width: 0px) and (max-width: 480px) 480px, (min-width: 481px) and (max-width: 980px) 980px, (min-width: 981px) and (max-width: 1280px) 1280px, (min-width: 1281px) 1418px, 100vw\" \/><\/p>\n<h2><strong>Preso mobiliojo darbastalio cilindro naudojimo b\u016bdas<\/strong><strong>:<\/strong><\/h2>\n<ol>\n<li><strong>Surinkimas ir montavimas:<\/strong><\/li>\n<\/ol>\n<ul>\n<li>Prad\u0117kite surinkdami preso mobil\u0173j\u012f darbastalio cilindr\u0105 pagal pateiktas instrukcijas arba gamintojo rekomendacijas.<\/li>\n<li>\u012esitikinkite, kad visi komponentai yra tvirtai pritvirtinti, o jungtys priver\u017etos, kad b\u016bt\u0173 u\u017etikrintas stabilumas ir saugumas.<\/li>\n<\/ul>\n<ol start=\"2\">\n<li><strong>Auk\u0161\u010dio reguliavimas:<\/strong><\/li>\n<\/ol>\n<ul>\n<li>Nor\u0117dami reguliuoti darbastalio auk\u0161t\u012f, suraskite cilindro auk\u0161\u010dio reguliavimo mechanizm\u0105.<\/li>\n<li>Vadovaukit\u0117s instrukcijomis, kad pakeltum\u0117te arba nuleistum\u0117te darbastal\u012f \u012f norim\u0105 pad\u0117t\u012f, u\u017etikrindami optimal\u0173 komfort\u0105 ir ergonomik\u0105.<\/li>\n<\/ul>\n<ol start=\"3\">\n<li><strong>Mobilumas ir pozicionavimas:<\/strong><\/li>\n<\/ol>\n<ul>\n<li>Kai reikia perkelti darbastal\u012f, \u012fsitikinkite, kad fiksavimo mechanizmas yra atjungtas.<\/li>\n<li>\u0160velniai stumkite darbastal\u012f \u012f norim\u0105 viet\u0105, pasinaudodami skland\u017eiai riedan\u010di\u0173 ratuk\u0173 privalumais.<\/li>\n<li>U\u017efiksav\u0119 darbastal\u012f, \u012fjunkite fiksavimo mechanizm\u0105, kad jis b\u016bt\u0173 pritvirtintas ir i\u0161vengt\u0173 nety\u010dinio jud\u0117jimo.<\/li>\n<\/ul>\n<h2><strong>Kaip pa\u0161alinti or\u0105 i\u0161 hidraulin\u0117s sistemos?<\/strong><\/h2>\n<p>Oro pa\u0161alinimas i\u0161 hidraulin\u0117s sistemos, dar vadinamas sistemos nuorinimu, yra b\u016btinas norint palaikyti tinkam\u0105 veikim\u0105 ir i\u0161vengti toki\u0173 problem\u0173 kaip stabd\u017ei\u0173 sukiet\u0117jimas ar suma\u017e\u0117j\u0119s na\u0161umas. \u0160tai nuoseklus vadovas, kaip pa\u0161alinti or\u0105 i\u0161 hidraulin\u0117s sistemos:<\/p>\n<ol>\n<li><strong>Oro \u012f\u0117jimo ta\u0161k\u0173 nustatymas:<\/strong>\n<ul>\n<li>Nustatykite galimus \u012f\u0117jimo ta\u0161kus, pro kuriuos \u012f hidraulin\u0119 sistem\u0105 gal\u0117jo patekti oras. Da\u017eniausios \u012f\u0117jimo vietos yra atsilaisvinusios jungtys, pa\u017eeisti sandarikliai arba neseniai pakeisti komponentai.<\/li>\n<\/ul>\n<\/li>\n<li><strong>Surinkite reikiamus \u012frankius ir med\u017eiagas:<\/strong>\n<ul>\n<li>Prie\u0161 prad\u0117dami nuorinimo proces\u0105, surinkite reikiamus \u012frankius ir med\u017eiagas, \u012fskaitant ver\u017eliarakt\u012f arba galvu\u010di\u0173 rinkin\u012f, talpykl\u0105 skys\u010diui surinkti, \u0161vie\u017ei\u0105 hidraulin\u012f skyst\u012f ir apsaugines pir\u0161tines.<\/li>\n<\/ul>\n<\/li>\n<li><strong>Raskite i\u0161leidimo vo\u017etuv\u0105:<\/strong>\n<ul>\n<li>Raskite hidraulin\u0117s sistemos i\u0161leidimo vo\u017etuv\u0105 (-us). I\u0161leidimo vo\u017etuvas paprastai yra \u0161alia komponento, kur\u012f reikia nuorinti, pvz., stabd\u017ei\u0173 suporto, sankabos darbinio cilindro arba hidraulinio cilindro.<\/li>\n<\/ul>\n<\/li>\n<li><strong>Parengiamieji \u017eingsniai:<\/strong>\n<ul>\n<li>\u012esitikinkite, kad hidraulinio skys\u010dio rezervuaras yra pripildytas iki reikiamo lygio. Tai pad\u0117s i\u0161vengti papildomo oro patekimo \u012f sistem\u0105 nuorinimo metu.<\/li>\n<li>Jei reikia, konkre\u010dias gaires d\u0117l skys\u010dio tipo ir rekomenduojamos nuorinimo proced\u016bros rasite \u012frangos vadove arba gamintojo instrukcijose.<\/li>\n<\/ul>\n<\/li>\n<li><strong>Atidarykite i\u0161leidimo vo\u017etuv\u0105:<\/strong>\n<ul>\n<li>Tinkamu ver\u017eliarak\u010diu arba lizdu atsargiai atlaisvinkite i\u0161leidimo vo\u017etuv\u0105 ant i\u0161leidimo komponento. \u012esitikinkite, kad vo\u017etuvas yra pakankamai suma\u017eintas, kad i\u0161eit\u0173 \u012fstrig\u0119s oras ir skystis.<\/li>\n<\/ul>\n<\/li>\n<li><strong>Kraujavimo proced\u016bra:<\/strong>\n<ul>\n<li>Atidarius i\u0161leidimo vo\u017etuv\u0105, papra\u0161ykite pad\u0117j\u0117jo l\u0117tai didinti sl\u0117g\u012f hidraulin\u0117je sistemoje, \u012fjungdami atitinkam\u0105 valdikl\u012f (pvz., paspausdami stabd\u017ei\u0173 pedal\u0105 arba valdydami hidraulin\u0119 svirt\u012f).<\/li>\n<li>Did\u0117jant sl\u0117giui, sistemoje esantys oro burbuliukai tur\u0117t\u0173 prad\u0117ti i\u0161eiti per atidaryt\u0105 i\u0161leidimo vo\u017etuv\u0105. Leiskite skys\u010diui tek\u0117ti, kol pa\u0161alinsite visus matomus oro burbuliukus ir bus stebima pastovi skys\u010dio srov\u0117.<\/li>\n<\/ul>\n<\/li>\n<li><strong>U\u017edarykite i\u0161leidimo vo\u017etuv\u0105:<\/strong>\n<ul>\n<li>Kai oro burbuliukai i\u0161valomi ir i\u0161 i\u0161leidimo vo\u017etuvo teka tik skystis, sandariai u\u017edarykite vo\u017etuv\u0105, kad \u012f sistem\u0105 nepatekt\u0173 daugiau oro.<\/li>\n<li>\u012esitikinkite, kad vo\u017etuvas yra sandariai u\u017edarytas, ta\u010diau neperver\u017ekite, nes galite pa\u017eeisti vo\u017etuv\u0105 arba jo sandarikl\u012f.<\/li>\n<\/ul>\n<\/li>\n<li><strong>Pakartokite proces\u0105:<\/strong>\n<ul>\n<li>Jei reikia, pakartokite kiekvieno hidraulin\u0117s sistemos komponento nuorinimo proces\u0105, prad\u0117dami nuo to, kuris yra ar\u010diausiai hidraulinio skys\u010dio rezervuaro, ir pereidami prie tolimiausio komponento.<\/li>\n<\/ul>\n<\/li>\n<li><strong>Patikrinkite skys\u010dio lyg\u012f:<\/strong>\n<ul>\n<li>Baig\u0119 nuorinimo proces\u0105, patikrinkite hidraulinio skys\u010dio lyg\u012f rezervuare ir, jei reikia, papildykite. \u012esitikinkite, kad skys\u010dio lygis yra rekomenduojamame diapazone.<\/li>\n<\/ul>\n<\/li>\n<li><strong>Testavimo sistemos funkcionalumas:<\/strong>\n<ul>\n<li>U\u017ebaigus nuorinimo proces\u0105 ir tinkamai u\u017esandarinus sistem\u0105, patikrinkite hidraulin\u0117s sistemos veikim\u0105, kad u\u017etikrintum\u0117te skland\u0173 veikim\u0105 ir optimal\u0173 na\u0161um\u0105.<\/li>\n<\/ul>\n<\/li>\n<\/ol>\n<h2><strong>Gamyklos paj\u0117gumai ir talpa:<\/strong><\/h2>\n<h3>(1) Surinkimas<\/h3>\n<p>Turime pirmos klas\u0117s nepriklausom\u0105 tyrim\u0173 ir pl\u0117tros surinkimo platform\u0105. Hidraulini\u0173 cilindr\u0173 gamybos ceche yra keturios pusiau automatin\u0117s k\u0117limo cilindr\u0173 surinkimo linijos ir viena automatin\u0117 pakreipimo cilindr\u0173 surinkimo linija, kuri\u0173 projektinis metinis gamybos paj\u0117gumas yra 1 milijonas vienet\u0173. Speciali\u0173j\u0173 cilindr\u0173 ceche \u012frengta \u012fvairi\u0173 specifikacij\u0173 pusiau automatin\u0117 valymo surinkimo sistema, kurios projektinis metinis gamybos paj\u0117gumas yra 200 000 vienet\u0173, ir garsi CNC apdirbimo \u012franga, apdirbimo centras, didelio tikslumo cilindr\u0173 apdirbimo speciali \u012franga, robotinis suvirinimo aparatas, automatinis valymo aparatas, automatinis cilindr\u0173 surinkimo aparatas ir automatin\u0117 da\u017eymo gamybos linija. Esama daugiau nei 300 rinkini\u0173 (komplekt\u0173) kritin\u0117 \u012franga. Optimalus \u012frangos i\u0161tekli\u0173 paskirstymas ir efektyvus naudojimas u\u017etikrina gamini\u0173 tikslumo reikalavimus ir auk\u0161tus gamini\u0173 kokyb\u0117s poreikius.<\/p>\n<p><img loading=\"lazy\" decoding=\"async\" class=\"alignnone wp-image-626\" src=\"https:\/\/hydraulic-cylinders.net\/wp-content\/uploads\/2023\/08\/hydraulic-cylinder-product-1-300x158.webp\" alt=\"\" width=\"495\" height=\"260\" srcset=\"https:\/\/hydraulic-cylinders.net\/wp-content\/uploads\/2023\/08\/hydraulic-cylinder-product-1-300x158.webp 495w, https:\/\/hydraulic-cylinders.net\/wp-content\/uploads\/2023\/08\/hydraulic-cylinder-product-1-480x252.webp 480w\" sizes=\"(min-width: 0px) and (max-width: 480px) 480px, (min-width: 481px) 495px, 100vw\" \/> <img loading=\"lazy\" decoding=\"async\" class=\"alignnone wp-image-627\" src=\"https:\/\/hydraulic-cylinders.net\/wp-content\/uploads\/2023\/08\/hydraulic-cylinder-product-2-300x189.webp\" alt=\"\" width=\"413\" height=\"260\" \/><\/p>\n<h3>(2) Apdirbimas<\/h3>\n<p>Mechaninio apdirbimo ceche \u012frengtas pritaikytas nuo\u017eulnaus b\u0117gio tekinimo centras, apdirbimo centras, greitaeigis galandimo stakl\u0117s, suvirinimo robotas ir kita susijusi \u012franga, galinti apdirbti cilindrinius vamzd\u017eius, kuri\u0173 maksimalus vidinis skersmuo yra 400 mm, o maksimalus ilgis \u2013 6 metrai.<\/p>\n<p><img loading=\"lazy\" decoding=\"async\" class=\"alignnone wp-image-628 size-large\" src=\"https:\/\/hydraulic-cylinders.net\/wp-content\/uploads\/2023\/08\/hydraulic-cylinder-product-3-1024x391.webp\" alt=\"\" width=\"1024\" height=\"391\" srcset=\"https:\/\/hydraulic-cylinders.net\/wp-content\/uploads\/2023\/08\/hydraulic-cylinder-product-3-980x374.webp 980w, https:\/\/hydraulic-cylinders.net\/wp-content\/uploads\/2023\/08\/hydraulic-cylinder-product-3-480x183.webp 480w\" sizes=\"(min-width: 0px) and (max-width: 480px) 480px, (min-width: 481px) and (max-width: 980px) 980px, (min-width: 981px) 1024px, 100vw\" \/><\/p>\n<h3>(3) Suvirinimas<\/h3>\n<p><img loading=\"lazy\" decoding=\"async\" class=\"alignnone wp-image-629 size-large\" src=\"https:\/\/hydraulic-cylinders.net\/wp-content\/uploads\/2023\/08\/hydraulic-cylinder-product-4-1024x510.webp\" alt=\"\" width=\"1024\" height=\"510\" srcset=\"https:\/\/hydraulic-cylinders.net\/wp-content\/uploads\/2023\/08\/hydraulic-cylinder-product-4-980x488.webp 980w, https:\/\/hydraulic-cylinders.net\/wp-content\/uploads\/2023\/08\/hydraulic-cylinder-product-4-480x239.webp 480w\" sizes=\"(min-width: 0px) and (max-width: 480px) 480px, (min-width: 481px) and (max-width: 980px) 980px, (min-width: 981px) 1024px, 100vw\" \/><\/p>\n<h3>(4) Da\u017eymas ir dengimas<\/h3>\n<p>Su ma\u017eomis ir vidutinio dyd\u017eio cilindrin\u0117mis automatin\u0117mis vandens pagrindo da\u017e\u0173 dengimo linijomis, siekiant automatinio robot\u0173 pakrovimo ir i\u0161krovimo bei automatinio pur\u0161kimo, projektinis paj\u0117gumas yra 4000 vienet\u0173 per pamain\u0105;<br \/>\nTaip pat turime pusiau automatin\u0119 dideli\u0173 cilindr\u0173 da\u017e\u0173 gamybos linij\u0105, varom\u0105 grandin\u0117s, kurios projektinis na\u0161umas yra 60 d\u0117\u017ei\u0173 per pamain\u0105.<\/p>\n<p><img loading=\"lazy\" decoding=\"async\" class=\"alignnone wp-image-630\" src=\"https:\/\/hydraulic-cylinders.net\/wp-content\/uploads\/2023\/08\/hydraulic-cylinder-product-5-300x213.webp\" alt=\"\" width=\"366\" height=\"260\" \/> <img loading=\"lazy\" decoding=\"async\" class=\"alignnone wp-image-631\" src=\"https:\/\/hydraulic-cylinders.net\/wp-content\/uploads\/2023\/08\/hydraulic-cylinder-product-6-300x225.webp\" alt=\"\" width=\"347\" height=\"260\" \/><\/p>\n<h3>(5) Testavimas<\/h3>\n<p>Turime auk\u0161\u010diausios klas\u0117s patikros patalpas ir bandym\u0173 stendus, kad u\u017etikrintume, jog baliono veikimas atitinka reikalavimus.<\/p>\n<p><img loading=\"lazy\" decoding=\"async\" class=\"alignnone wp-image-632\" src=\"https:\/\/hydraulic-cylinders.net\/wp-content\/uploads\/2023\/08\/hydraulic-cylinder-product-8-300x200.webp\" alt=\"\" width=\"389\" height=\"260\" \/><\/p>\n<p>&nbsp;<\/p>\n<p>&nbsp;<\/p>\n<p>Esame vienas geriausi\u0173 hidraulini\u0173 cilindr\u0173 gamintoj\u0173. Galime pasi\u016blyti i\u0161samius hidraulinius cilindrus. Taip pat teikiame atitinkamus <a href=\"https:\/\/hzpt.com\/agricultural-pto-gearbox\/\" target=\"_blank\" rel=\"noopener\">\u017eem\u0117s \u016bkio pavar\u0173 d\u0117\u017e\u0117s<\/a>Mes eksportuojame savo gaminius klientams visame pasaulyje ir peln\u0117me ger\u0105 reputacij\u0105 d\u0117l auk\u0161\u010diausios gamini\u0173 kokyb\u0117s ir aptarnavimo po pardavimo. Mes laukiame klient\u0173 \u0161alyje ir u\u017esienyje, norin\u010di\u0173 susisiekti su mumis der\u0117tis d\u0117l verslo, keistis informacija ir... <a href=\"https:\/\/www.hydraulic-cylinders.net\/lt\/contact-us\/\">bendradarbiauti su mumis<\/a>!<\/p>","protected":false},"excerpt":{"rendered":"<p>Press Mobile Workbench Cylinder The press mobile workbench cylinder is a revolutionary product designed to optimize efficiency and versatility in workbench setups across various industries. With its advanced features and reliable performance, this cylinder offers enhanced mobility, stability, and ease of use. The press mobile workbench cylinder is a game-changing addition to any workbench setup, [&hellip;]<\/p>","protected":false},"featured_media":1631,"comment_status":"open","ping_status":"closed","template":"","meta":{"_et_pb_use_builder":"","_et_pb_old_content":"","_et_gb_content_width":""},"product_brand":[],"product_cat":[1550,1522,1376],"product_tag":[1380],"class_list":{"0":"post-1629","1":"product","2":"type-product","3":"status-publish","4":"has-post-thumbnail","6":"product_cat-double-acting-hydraulic-cylinder","7":"product_cat-press-hydraulic-cylinders","8":"product_cat-hydraulic-cylinder","9":"product_tag-hydraulic-cylinder","11":"first","12":"instock","13":"shipping-taxable","14":"product-type-simple"},"amp_enabled":true,"_links":{"self":[{"href":"https:\/\/www.hydraulic-cylinders.net\/lt\/wp-json\/wp\/v2\/product\/1629","targetHints":{"allow":["GET"]}}],"collection":[{"href":"https:\/\/www.hydraulic-cylinders.net\/lt\/wp-json\/wp\/v2\/product"}],"about":[{"href":"https:\/\/www.hydraulic-cylinders.net\/lt\/wp-json\/wp\/v2\/types\/product"}],"replies":[{"embeddable":true,"href":"https:\/\/www.hydraulic-cylinders.net\/lt\/wp-json\/wp\/v2\/comments?post=1629"}],"wp:featuredmedia":[{"embeddable":true,"href":"https:\/\/www.hydraulic-cylinders.net\/lt\/wp-json\/wp\/v2\/media\/1631"}],"wp:attachment":[{"href":"https:\/\/www.hydraulic-cylinders.net\/lt\/wp-json\/wp\/v2\/media?parent=1629"}],"wp:term":[{"taxonomy":"product_brand","embeddable":true,"href":"https:\/\/www.hydraulic-cylinders.net\/lt\/wp-json\/wp\/v2\/product_brand?post=1629"},{"taxonomy":"product_cat","embeddable":true,"href":"https:\/\/www.hydraulic-cylinders.net\/lt\/wp-json\/wp\/v2\/product_cat?post=1629"},{"taxonomy":"product_tag","embeddable":true,"href":"https:\/\/www.hydraulic-cylinders.net\/lt\/wp-json\/wp\/v2\/product_tag?post=1629"}],"curies":[{"name":"wp","href":"https:\/\/api.w.org\/{rel}","templated":true}]}}