{"id":16294,"date":"2025-01-20T09:03:11","date_gmt":"2025-01-20T09:03:11","guid":{"rendered":"https:\/\/www.hydraulic-cylinders.net\/product\/arm-cylinderfor-kobelco-large-excavator-sk480-480-8\/"},"modified":"2025-01-20T09:03:13","modified_gmt":"2025-01-20T09:03:13","slug":"arm-cylinderfor-kobelco-large-excavator-sk480-480-8","status":"publish","type":"product","link":"https:\/\/www.hydraulic-cylinders.net\/lt\/produktas\/arm-cylinderfor-kobelco-large-excavator-sk480-480-8\/","title":{"rendered":"Kobelco didelio ekskavatoriaus SK480\/480-8 rankos cilindras"},"content":{"rendered":"<h2>Kobelco didelio ekskavatoriaus SK480\/480-8 rankos cilindras<\/h2>\n<h3>Apibr\u0117\u017eimas ir paai\u0161kinimas<\/h3>\n<p>Svirties cilindras yra specialiai suprojektuotas hidraulinis cilindras, kuris pirmiausia naudojamas linijiniam judesiui ir galiai u\u017etikrinti \u012fvairi\u0173 tip\u0173 ma\u0161in\u0173, toki\u0173 kaip ekskavatoriai, kranai ir mechanin\u0117s svirtys, svirtims. Svirties cilindras atlieka labai svarb\u0173 vaidmen\u012f hidraulin\u0117je sistemoje, nes leid\u017eia efektyviai jud\u0117ti ir valdyti papildomus \u012frankius ar priedus. \u0160ie cilindrai ne tik u\u017etikrina skland\u0173 jud\u0117jim\u0105, bet ir atlaiko dideles apkrovas, u\u017etikrindami efektyv\u0173 ma\u0161in\u0173 veikim\u0105 ir patikimum\u0105 \u012fvairiomis darbo s\u0105lygomis.<\/p>\n<p><img decoding=\"async\" src=\"https:\/\/www.hydraulic-cylinders.net\/wp-content\/uploads\/2025\/01\/songte-company-2.webp\" alt=\"Svirties cilindro vaizdas\"><\/p>\n<h3>Produkto savyb\u0117s<\/h3>\n<ul>\n<li><strong>Didelio efektyvumo transmisija:<\/strong> Svirties cilindras gali u\u017etikrinti galing\u0105 tiesin\u012f judes\u012f ir j\u0117g\u0105, u\u017etikrindamas auk\u0161t\u0105 mechanin\u0117s svirties efektyvum\u0105 atliekant \u012fvairias operacijas.<\/li>\n<li><strong>Tikslus valdymas:<\/strong> Hidraulin\u0117s sistemos d\u0117ka rankos cilindras gali tiksliai valdyti judes\u012f, tod\u0117l papildom\u0173 \u012franki\u0173 valdymas tampa lankstesnis ir tikslesnis.<\/li>\n<li><strong>Stiprus patvarumas:<\/strong> Svirtiniai cilindrai paprastai gaminami i\u0161 didelio stiprumo med\u017eiag\u0173, pasi\u017eymin\u010di\u0173 geru atsparumu dilimui ir korozijai, tod\u0117l jie tinkami ilgalaikiam naudojimui at\u0161iauriomis s\u0105lygomis.<\/li>\n<li><strong>Daugiafunkcinis prisitaikymas:<\/strong> \u0160ie cilindrai yra pla\u010diai pritaikomi \u012fvairiems mechaniniams \u012frenginiams, pavyzd\u017eiui, ekskavatoriams, kranams ir mechanin\u0117ms rankenoms, kad b\u016bt\u0173 patenkinti skirtingi darbo poreikiai.<\/li>\n<li><strong>Lengva prie\u017ei\u016bra:<\/strong> Sukurta atsi\u017evelgiant \u012f paprast\u0105 prie\u017ei\u016br\u0105 ir keitim\u0105, periodin\u0117 patikra ir prie\u017ei\u016bra tampa patogesn\u0117s ir suma\u017eina \u012frangos prastov\u0173 laik\u0105.<\/li>\n<\/ul>\n<p>M\u016bs\u0173 gaminiai gali puikiai pakeisti \u0161iuos hidraulinius cilindrus:<\/p>\n<p><img decoding=\"async\" src=\"https:\/\/www.hydraulic-cylinders.net\/wp-content\/uploads\/2025\/01\/songte-oil-pipes-and-spare-parts.webp\" alt=\"Hidraulinio cilindro pakeitimo paveiksl\u0117lis\"><\/p>\n<h3>Taikymo scenarijai<\/h3>\n<p>Svirtinis cilindras naudojamas \u012fvairiose pramon\u0117s \u0161akose ir scenarijuose:<\/p>\n<ul>\n<li><strong>Statybos in\u017einerija:<\/strong> Ekskavatoriuose ir kranuose str\u0117l\u0117s cilindrai naudojami kau\u0161o arba str\u0117l\u0117s jud\u0117jimui valdyti atliekant \u017eem\u0117s darbus, med\u017eiag\u0173 tvarkym\u0105 ir konstrukcij\u0173 montavim\u0105.<\/li>\n<li><strong>Gamybos pramon\u0117:<\/strong> Automatizuotose gamybos linijose svir\u010di\u0173 cilindrai naudojami mechanini\u0173 svir\u010di\u0173 jud\u0117jimui surinkimo, suvirinimo ir tvarkymo procesuose, taip pagerinant gamybos efektyvum\u0105 ir tikslum\u0105.<\/li>\n<li><strong>\u017dem\u0117s \u016bkio technika:<\/strong> \u017dem\u0117s \u016bkio technikoje, pavyzd\u017eiui, derliaus nu\u0117mimo ma\u0161inose ir s\u0117jamosiose, svir\u010di\u0173 cilindrai valdo valdymo svir\u010di\u0173 jud\u0117jim\u0105, kad b\u016bt\u0173 galima atlikti tokias u\u017eduotis kaip s\u0117ja, tr\u0119\u0161imas ir derliaus nu\u0117mimas.<\/li>\n<li><strong>Kasyba:<\/strong> Kasybos \u012frangoje svirties cilindrai naudojami kasybos \u012frangos svir\u010di\u0173 jud\u0117jimui valdyti r\u016bdos kasybai ir tvarkymui.<\/li>\n<li><strong>Logistika ir transportas:<\/strong> \u0160akiniuose krautuvuose ir krovini\u0173 k\u0117limo robotuose svir\u010di\u0173 cilindrai naudojami \u0161aki\u0173 k\u0117limui ir jud\u0117jimui valdyti, kad b\u016bt\u0173 galima tvarkyti ir sukrauti med\u017eiagas.<\/li>\n<\/ul>\n<h3>Projektavimo ir atrankos standartai<\/h3>\n<p>Projektavimo po\u017ei\u016briu, esminiai veiksniai yra svirties cilindro laikomoji galia, sandarumas, ilgaam\u017ei\u0161kumas, saugumas ir prie\u017ei\u016bra:<\/p>\n<ul>\n<li><strong>Keliamoji galia:<\/strong> Svirties cilindras turi atlaikyti \u012frangos svor\u012f ir sl\u0117g\u012f, tod\u0117l keliamoji galia yra labai svarbus projektavimo aspektas.<\/li>\n<li><strong>Sandarinimas:<\/strong> Svirtiniame cilindre naudojami \u012fvair\u016bs sandarikliai, tokie kaip st\u016bmoklio sandarikliai, koto sandarikliai ir kiti. Auk\u0161tos kokyb\u0117s sandarikli\u0173 pasirinkimas u\u017etikrina skland\u0173 ir efektyv\u0173 cilindro veikim\u0105.<\/li>\n<li><strong>Patvarumas:<\/strong> Cilindro svirties patvarumas yra labai svarbus siekiant u\u017etikrinti ilgalaik\u012f naudojim\u0105 at\u0161iauriomis s\u0105lygomis. Didelio stiprumo med\u017eiag\u0173 naudojimas, tiksli gamyba ir pavir\u0161iaus apdorojimas prisideda prie cilindro patvarumo.<\/li>\n<li><strong>Saugumas:<\/strong> Projektuojant svirtin\u012f cilindr\u0105, labai svarbus saugumas. Auk\u0161tos kokyb\u0117s med\u017eiag\u0173 naudojimas, grie\u017eti gamybos standartai ir kokyb\u0117s patikrinimai u\u017etikrina, kad cilindr\u0105 b\u016bt\u0173 saugu naudoti ir eksploatuoti.<\/li>\n<li><strong>Prie\u017ei\u016bra:<\/strong> Svirties cilindro konstrukcija tur\u0117t\u0173 b\u016bti skirta tam, kad j\u012f b\u016bt\u0173 lengva pri\u017ei\u016br\u0117ti ir keisti. Siekiant u\u017etikrinti, kad cilindras veikt\u0173 efektyviai ir patikimai, sutrumpinant \u012frangos prastovos laik\u0105, b\u016btina reguliariai j\u012f tikrinti ir pri\u017ei\u016br\u0117ti.<\/li>\n<\/ul>\n<p><img decoding=\"async\" src=\"https:\/\/www.hydraulic-cylinders.net\/wp-content\/uploads\/2025\/01\/songte-cylinder-head-with-all-kinds-excavator-models.webp\" alt=\"Cilindro galvut\u0117s vaizdas\"><\/p>\n<h3>Sandarinimas ir tepimas<\/h3>\n<p>Svirtiniuose cilindruose naudojami \u012fvair\u016bs sandarinimo komponentai, tokie kaip st\u016bmokli\u0173 ir kot\u0173 sandarikliai. \u0160ie sandarikliai pagaminti i\u0161 atspari\u0173 dilimui med\u017eiag\u0173, toki\u0173 kaip poliuretanas ir nitrilo kau\u010diukas. Cilindro galvut\u0117s ir sriegio galo pavir\u0161ius yra kruop\u0161\u010diai apdorojami, kad padid\u0117t\u0173 atsparumas dilimui. Norint u\u017etikrinti tinkam\u0105 tepim\u0105, b\u016btina reguliariai \u012fpilti tinkam\u0105 kiek\u012f hidraulin\u0117s alyvos.<\/p>\n<h3>Prie\u017ei\u016bra ir atsargumo priemon\u0117s<\/h3>\n<p>B\u016btina reguliariai tikrinti svirtinius cilindrus ir atlikti prevencines prie\u017ei\u016bros priemones. \u0160ios priemon\u0117s apima:<\/p>\n<ul>\n<li>Hidraulin\u0117s sistemos nuot\u0117ki\u0173 tikrinimas<\/li>\n<li>Reguliariai valykite ir tikrinkite cilindro korpus\u0105 ir st\u016bmoklio kot\u0105<\/li>\n<li>Laiku tikrinkite sandarikli\u0173 vientisum\u0105 ir pakeiskite susid\u0117v\u0117jusius sandariklius<\/li>\n<li>Netinkamo \u012frengimo ar veikimo patikrinimas<\/li>\n<li>Laiku kei\u010diamos pa\u017eeistos ar susid\u0117v\u0117jusios dalys<\/li>\n<\/ul>\n<p><img decoding=\"async\" src=\"https:\/\/www.hydraulic-cylinders.net\/wp-content\/uploads\/2025\/01\/songte-chushion-collar.webp\" alt=\"Pagalv\u0117l\u0117s apykakl\u0117s vaizdas\"><\/p>\n<h3>Diegimo vadovas<\/h3>\n<p>Cilindro svirties montavimas tur\u0117t\u0173 vykti \u0161iais etapais:<\/p>\n<ol>\n<li>\u012erenkite cilindr\u0105 pagal \u012frangos vadov\u0105 ir \u012fsitikinkite, kad jis tinkamai sumontuotas.<\/li>\n<li>Patikrinkite cilindro jud\u0117jimo krypt\u012f ir \u012fsitikinkite, kad ji atitinka \u012frangos jud\u0117jimo krypt\u012f.<\/li>\n<li>Prijunkite hidraulin\u012f vamzdyn\u0105 ir \u012fsitikinkite, kad vamzdynas tinkamai prijungtas ir n\u0117ra nuot\u0117ki\u0173.<\/li>\n<li>\u012e sistem\u0105 \u012fpilkite hidraulin\u0117s alyvos ir patikrinkite, ar tinkamai sutepta.<\/li>\n<li>Atlikite veikimo bandym\u0105 ir \u012fsitikinkite, kad cilindras veikia tinkamai.<\/li>\n<\/ol>\n<p><img decoding=\"async\" src=\"https:\/\/www.hydraulic-cylinders.net\/wp-content\/uploads\/2025\/01\/songte-bushings-with-all-kinds-of-excavator-models.webp\" alt=\"\u012evori\u0173 vaizdas\"><\/p>\n<h3>Saugos ir aplinkosaugos aspektai<\/h3>\n<p>Saugos priemon\u0117s yra b\u016btinos dirbant su svirties cilindrais. Tai apima tinkam\u0173 apsaugini\u0173 priemoni\u0173 naudojim\u0105, saugos nurodym\u0173 laikym\u0105si ir reguliar\u0173 \u012frangos tikrinim\u0105, ar n\u0117ra pavoj\u0173 saugai. Taip pat svarbu tinkamai utilizuoti panaudot\u0105 hidraulin\u0119 alyv\u0105 ir kitas atliekas, siekiant suma\u017einti poveik\u012f aplinkai.<\/p>\n<h3>Trik\u010di\u0173 \u0161alinimas ir da\u017eniausios problemos<\/h3>\n<p>Da\u017eniausios svirtini\u0173 cilindr\u0173 problemos yra hidraulin\u0117s sistemos nuot\u0117kiai, sandarikli\u0173 pa\u017eeidimai ir komponent\u0173 susid\u0117v\u0117jimas. \u0160i\u0173 problem\u0173 sprendimas apima hidraulin\u0117s sistemos patikrinim\u0105, ar n\u0117ra nuot\u0117ki\u0173, sandarikli\u0173 ap\u017ei\u016br\u0105 ir susid\u0117v\u0117jusi\u0173 ar pa\u017eeist\u0173 dali\u0173 ap\u017ei\u016br\u0105. Reguliarus techninis aptarnavimas ir ap\u017ei\u016bra gali pad\u0117ti i\u0161vengti \u0161i\u0173 problem\u0173.<\/p>\n<p>Norint efektyviai diagnozuoti ir i\u0161spr\u0119sti problemas, gali b\u016bti naudingi \u0161ie patarimai ir sprendimai:<\/p>\n<ul>\n<li>Patikrinkite, ar hidraulin\u0117je sistemoje n\u0117ra nuot\u0117ki\u0173, ir pakeiskite pa\u017eeistas dalis arba sandariklius.<\/li>\n<li>Patikrinkite cilindro korpus\u0105 ir st\u016bmoklio kot\u0105, ar jie nepa\u017eeisti ar nesusid\u0117v\u0117j\u0119, ir pakeiskite pa\u017eeistas dalis.<\/li>\n<li>\u012esitikinkite, kad hidraulin\u0117 alyva yra tinkamo tipo ir kad \u012f sistem\u0105 \u012fpilta reikiamo kiekio.<\/li>\n<li>Patikrinkite, ar n\u0117ra netinkamo \u012frengimo ar veikimo, ir prireikus pataisykite.<\/li>\n<li>Reguliariai tikrinkite ir pri\u017ei\u016br\u0117kite svirties cilindr\u0105, kad i\u0161vengtum\u0117te galim\u0173 problem\u0173.<\/li>\n<\/ul>\n<p><img decoding=\"async\" src=\"https:\/\/www.hydraulic-cylinders.net\/wp-content\/uploads\/2025\/01\/songte-company-4.webp\" alt=\"\u012emon\u0117s \u012fvaizdis\"><\/p>\n<p>M\u016bs\u0173 \u012fmon\u0117je esame profesional\u016bs pakaitini\u0173 hidraulini\u0173 cilindr\u0173 gamintojai. M\u016bs\u0173 produktai yra \u012fvair\u016bs ir tapome vienais i\u0161 pirmaujan\u010di\u0173 hidraulini\u0173 cilindr\u0173 gamintoj\u0173 ir didmenini\u0173 platintoj\u0173 vidaus ir tarptautin\u0117se rinkose. Mes visada laikom\u0117s puikios kokyb\u0117s principo, remiam\u0117s industrializuota gamybos valdymo strategija, sukurta moderniose gamybos dirbtuv\u0117se, ir nuolat tobuliname savo technin\u012f lyg\u012f bei gamybos efektyvum\u0105. \u012ediegdami pa\u017eangi\u0105 skaitmenin\u0119 gamybos \u012frang\u0105 ir profesionalias bandym\u0173 sistemas, optimizuojame savo gamybos platform\u0105 ir tobuliname gamini\u0173 kokyb\u0117s kontrol\u0117s proces\u0105, tur\u0117dami stiprias inovacij\u0173 galimybes. M\u016bs\u0173 tikslas \u2013 patenkinti \u012fvairius klient\u0173 poreikius, teikiant didelio efektyvumo, tikslumo ir auk\u0161tos kokyb\u0117s gaminius.<\/p>\n<p>Si\u016blome profesionalias paslaugas, tarptautinius sertifikatus, individualius u\u017esakymus, gamybos \u012frang\u0105 ir garantin\u012f aptarnavim\u0105:<\/p>\n<ul>\n<li><strong>Profesionalumas:<\/strong> Turime patyrusi\u0173 in\u017einieri\u0173 ir technik\u0173 komand\u0105, kuri gali teikti profesionalias ir i\u0161samias paslaugas.<\/li>\n<li><strong>Tarptautinis sertifikatas:<\/strong> M\u016bs\u0173 gaminiai yra sertifikuoti tarptautiniu mastu, tokiais kaip ISO9001, CE ir UL, kurie u\u017etikrina gamini\u0173 kokyb\u0119 ir saug\u0105.<\/li>\n<li><strong>Individualios paslaugos:<\/strong> Teikiame individualiai pritaikytas paslaugas, kad patenkintume \u012fvairius klient\u0173 poreikius.<\/li>\n<li><strong>Gamybos \u012franga:<\/strong> Naudojame pa\u017eangi\u0105 skaitmenin\u0119 gamybos \u012frang\u0105, kad pagerintume gamybos efektyvum\u0105 ir gamini\u0173 kokyb\u0119.<\/li>\n<li><strong>Aptarnavimas po pardavimo:<\/strong> Siekdami u\u017etikrinti klient\u0173 pasitenkinim\u0105, teikiame i\u0161samias garantinio aptarnavimo paslaugas.<\/li>\n<\/ul>\n<p><img decoding=\"async\" src=\"https:\/\/www.hydraulic-cylinders.net\/wp-content\/uploads\/2025\/01\/songte-company-3.webp\" alt=\"\u012emon\u0117s \u012fvaizdis\"><\/p>\n<p>Autorius: lyl<\/p>","protected":false},"excerpt":{"rendered":"<p>Arm Cylinder For Kobelco Large Excavator SK480\/480-8 Definition and Explanation The arm cylinder is a specially designed hydraulic cylinder that is primarily used to provide linear motion and power to the arms of various types of machinery, such as excavators, cranes, and mechanical arms. The arm cylinder plays a critical role in the hydraulic system, [&hellip;]<\/p>","protected":false},"featured_media":14759,"comment_status":"open","ping_status":"closed","template":"","meta":{"_et_pb_use_builder":"","_et_pb_old_content":"","_et_gb_content_width":""},"product_brand":[],"product_cat":[1497],"product_tag":[1498,1496],"class_list":{"0":"post-16294","1":"product","2":"type-product","3":"status-publish","4":"has-post-thumbnail","6":"product_cat-arm-cylinders","7":"product_tag-arm-cylinders","8":"product_tag-hydraulic-cylinders","10":"first","11":"instock","12":"shipping-taxable","13":"product-type-simple"},"amp_enabled":true,"_links":{"self":[{"href":"https:\/\/www.hydraulic-cylinders.net\/lt\/wp-json\/wp\/v2\/product\/16294","targetHints":{"allow":["GET"]}}],"collection":[{"href":"https:\/\/www.hydraulic-cylinders.net\/lt\/wp-json\/wp\/v2\/product"}],"about":[{"href":"https:\/\/www.hydraulic-cylinders.net\/lt\/wp-json\/wp\/v2\/types\/product"}],"replies":[{"embeddable":true,"href":"https:\/\/www.hydraulic-cylinders.net\/lt\/wp-json\/wp\/v2\/comments?post=16294"}],"wp:featuredmedia":[{"embeddable":true,"href":"https:\/\/www.hydraulic-cylinders.net\/lt\/wp-json\/wp\/v2\/media\/14759"}],"wp:attachment":[{"href":"https:\/\/www.hydraulic-cylinders.net\/lt\/wp-json\/wp\/v2\/media?parent=16294"}],"wp:term":[{"taxonomy":"product_brand","embeddable":true,"href":"https:\/\/www.hydraulic-cylinders.net\/lt\/wp-json\/wp\/v2\/product_brand?post=16294"},{"taxonomy":"product_cat","embeddable":true,"href":"https:\/\/www.hydraulic-cylinders.net\/lt\/wp-json\/wp\/v2\/product_cat?post=16294"},{"taxonomy":"product_tag","embeddable":true,"href":"https:\/\/www.hydraulic-cylinders.net\/lt\/wp-json\/wp\/v2\/product_tag?post=16294"}],"curies":[{"name":"wp","href":"https:\/\/api.w.org\/{rel}","templated":true}]}}