{"id":16300,"date":"2025-01-20T09:03:42","date_gmt":"2025-01-20T09:03:42","guid":{"rendered":"https:\/\/www.hydraulic-cylinders.net\/product\/arm-cylinderfor-kobelco-large-excavator-sk4608\/"},"modified":"2025-01-20T09:03:44","modified_gmt":"2025-01-20T09:03:44","slug":"arm-cylinderfor-kobelco-large-excavator-sk4608","status":"publish","type":"product","link":"https:\/\/www.hydraulic-cylinders.net\/lt\/produktas\/arm-cylinderfor-kobelco-large-excavator-sk4608\/","title":{"rendered":"Kobelco didelio ekskavatoriaus SK4608 rankenos cilindras"},"content":{"rendered":"<h1>Kobelco didelio ekskavatoriaus SK4608 rankos cilindras<\/h1>\n<h2>Produkto apibr\u0117\u017eimas<\/h2>\n<p>Svirties cilindras yra specialiai suprojektuotas hidraulinis cilindras, u\u017etikrinantis tiesin\u012f judes\u012f ir gali\u0105 \u012fvairi\u0173 ma\u0161in\u0173, toki\u0173 kaip ekskavatoriai, kranai ir mechanin\u0117s svirtys, svir\u010diai. Jis atlieka labai svarb\u0173 vaidmen\u012f hidraulin\u0117se sistemose, nes leid\u017eia efektyviai jud\u0117ti ir valdyti priedus ar priedus. \u0160ie cilindrai ne tik u\u017etikrina skland\u0173 jud\u0117jim\u0105, bet ir atlaiko dideles apkrovas, u\u017etikrindami efektyv\u0173 ma\u0161in\u0173 veikim\u0105 ir patikimum\u0105 \u012fvairiomis darbo s\u0105lygomis.<\/p>\n<p><img decoding=\"async\" src=\"https:\/\/www.hydraulic-cylinders.net\/wp-content\/uploads\/2025\/01\/songte-company-2.webp\"><\/p>\n<h2>Produkto savyb\u0117s<\/h2>\n<ul>\n<li><strong>Didelio efektyvumo transmisija:<\/strong> Svirties cilindras u\u017etikrina galing\u0105 tiesin\u012f judes\u012f ir j\u0117g\u0105, u\u017etikrindamas auk\u0161t\u0105 mechanin\u0117s svirties veikim\u0105 atliekant \u012fvairias operacijas.<\/li>\n<li><strong>Tikslus valdymas:<\/strong> D\u0117l hidraulini\u0173 sistem\u0173 svirties cilindras leid\u017eia tiksliai valdyti judes\u012f, tod\u0117l pried\u0173 valdymas tampa lankstesnis ir tikslesnis.<\/li>\n<li><strong>Patvarumas:<\/strong> Svirtiniai cilindrai paprastai gaminami i\u0161 didelio stiprumo med\u017eiag\u0173, pasi\u017eymin\u010di\u0173 puikiu atsparumu dilimui ir korozijai, tod\u0117l jie tinkami ilgalaikiam naudojimui at\u0161iauriomis s\u0105lygomis.<\/li>\n<li><strong>Daugiafunkcinis prisitaikymas:<\/strong> \u0160ie cilindrai gali b\u016bti pla\u010diai naudojami \u012fvairiose ma\u0161inose, tokiose kaip ekskavatoriai, kranai ir mechanin\u0117s svirtys, pritaikant juos prie skirting\u0173 darbo reikalavim\u0173.<\/li>\n<li><strong>Lengva prie\u017ei\u016bra:<\/strong> Sukurta atsi\u017evelgiant \u012f patogum\u0105 reguliariai ap\u017ei\u016br\u0117ti ir pri\u017ei\u016br\u0117ti, taip suma\u017einant \u012frangos prastov\u0173 laik\u0105.<\/li>\n<\/ul>\n<p><img decoding=\"async\" src=\"https:\/\/www.hydraulic-cylinders.net\/wp-content\/uploads\/2025\/01\/songte-oil-pipes-and-spare-parts.webp\"><\/p>\n<h2>Parai\u0161kos<\/h2>\n<p><strong>1. Statybos in\u017einerija:<\/strong> Svirtiniai cilindrai valdo ekskavatori\u0173 ir kran\u0173 kau\u0161\u0173 arba str\u0117li\u0173 jud\u0117jim\u0105, leisdami atlikti \u017eem\u0117s darbus, med\u017eiag\u0173 tvarkym\u0105 ir konstrukcij\u0173 montavim\u0105.<\/p>\n<p><strong>2. Gamybos pramon\u0117:<\/strong> Svirtini\u0173 cilindr\u0173 paskirtis \u2013 mechanini\u0173 svirteli\u0173 jud\u0117jimas automatizuotose gamybos linijose, palengvinant tokius procesus kaip surinkimas, suvirinimas ir tvarkymas, didinant gamybos efektyvum\u0105 ir tikslum\u0105.<\/p>\n<p><strong>3. \u017dem\u0117s \u016bkio technika:<\/strong> \u017dem\u0117s \u016bkio technikose, tokiose kaip derliaus nu\u0117mimo ma\u0161inos ir s\u0117jamosios, svir\u010di\u0173 cilindrai valdo darbini\u0173 svir\u010di\u0173 jud\u0117jim\u0105, atlikdami tokias u\u017eduotis kaip s\u0117ja, tr\u0119\u0161imas ir derliaus nu\u0117mimas.<\/p>\n<p><strong>4. Kasyba:<\/strong> Kasybos \u012frangos svirties cilindrai valdo svirties jud\u0117jim\u0105 r\u016bdos gavybai ir transportavimui.<\/p>\n<p><strong>5. Logistika ir transportas:<\/strong> \u0160akiniuose krautuvuose ir krovini\u0173 krovimo robotuose svir\u010di\u0173 cilindrai valdo \u0161aki\u0173 k\u0117lim\u0105 ir jud\u0117jim\u0105, taip \u012fgalindami med\u017eiag\u0173 tvarkym\u0105 ir krovim\u0105.<\/p>\n<h2>Projektavimo aspektai ir atrankos kriterijai<\/h2>\n<ul>\n<li><strong>Keliamoji galia:<\/strong> Svirties cilindras turi b\u016bti suprojektuotas taip, kad atlaikyt\u0173 numatyt\u0105 apkrov\u0105 ir patikimai veikt\u0173 \u012fvairiomis eksploatavimo s\u0105lygomis.<\/li>\n<li><strong>Sandarinimas:<\/strong> Reik\u0117t\u0173 naudoti \u012fvairius sandarinimo elementus, tokius kaip st\u016bmokli\u0173 ir kot\u0173 sandarikliai, i\u0161 dilimui atspari\u0173 med\u017eiag\u0173, toki\u0173 kaip poliuretanas ir nitrilo kau\u010diukas. Cilindro korpusas ir srieginiai galai turi b\u016bti kruop\u0161\u010diai apdorojami, kad padid\u0117t\u0173 atsparumas dilimui.<\/li>\n<li><strong>Patvarumas:<\/strong> Svirties cilindras turi b\u016bti pagamintas i\u0161 auk\u0161tos kokyb\u0117s med\u017eiag\u0173, u\u017etikrinan\u010di\u0173 atsparum\u0105 dilimui ir korozijai, kad atlaikyt\u0173 sud\u0117tingas aplinkos s\u0105lygas.<\/li>\n<li><strong>Saugumas:<\/strong> Projektuojant tur\u0117t\u0173 b\u016bti numatytos saugos priemon\u0117s, siekiant i\u0161vengti nelaiming\u0173 atsitikim\u0173 ir u\u017etikrinti saug\u0173 ma\u0161in\u0173 veikim\u0105.<\/li>\n<li><strong>Prie\u017ei\u016bra:<\/strong> Projektuojant reik\u0117t\u0173 atsi\u017evelgti \u012f prie\u017ei\u016bros ir keitimo paprastum\u0105, reguliari\u0173 patikrinim\u0173 palengvinim\u0105 ir \u012frangos prastov\u0173 sutrumpinim\u0105.<\/li>\n<\/ul>\n<p><img decoding=\"async\" src=\"https:\/\/www.hydraulic-cylinders.net\/wp-content\/uploads\/2025\/01\/songte-cylinder-head-with-all-kinds-excavator-models.webp\"><\/p>\n<h2>Sandarinimas ir tepimas<\/h2>\n<p>Svirtiniame cilindre naudojami \u012fvair\u016bs sandarinimo komponentai, tokie kaip st\u016bmokli\u0173 ir kot\u0173 sandarikliai, pagaminti i\u0161 atspari\u0173 dilimui med\u017eiag\u0173, toki\u0173 kaip poliuretanas ir nitrilo kau\u010diukas. Cilindro korpusas ir srieginiai galai yra kruop\u0161\u010diai apdorojami, siekiant padidinti atsparum\u0105 dilimui. Norint u\u017etikrinti skland\u0173 veikim\u0105, b\u016btina reguliariai tepti tinkamu hidraulin\u0117s alyvos kiekiu.<\/p>\n<h2>Reguliarus patikrinimas ir prevencin\u0117 prie\u017ei\u016bra<\/h2>\n<ul>\n<li>Reguliariai tikrinkite svirties cilindr\u0105, ar n\u0117ra susid\u0117v\u0117jimo, nuot\u0117ki\u0173 ar pa\u017eeidim\u0173 po\u017eymi\u0173.<\/li>\n<li>Patikrinkite ir palaikykite tinkam\u0105 hidraulin\u0117s alyvos lyg\u012f ir kokyb\u0119.<\/li>\n<li>Priver\u017ekite atsilaisvinusias jungtis ir nedelsdami pakeiskite pa\u017eeistus sandariklius.<\/li>\n<li>Laikykit\u0117s gamintojo nurodym\u0173 d\u0117l technin\u0117s prie\u017ei\u016bros interval\u0173 ir proced\u016br\u0173.<\/li>\n<li>Laikykite svirties cilindr\u0105 \u0161var\u0173 ir be \u0161iuk\u0161li\u0173 ar ter\u0161al\u0173.<\/li>\n<\/ul>\n<p><img decoding=\"async\" src=\"https:\/\/www.hydraulic-cylinders.net\/wp-content\/uploads\/2025\/01\/songte-chushion-collar.webp\"><\/p>\n<h2>Produkto diegimo vadovas<\/h2>\n<p>Tinkamas svirties cilindro montavimas yra b\u016btinas optimaliam jo veikimui. Atlikite \u0161iuos veiksmus:<\/p>\n<ol>\n<li>\u012esitikinkite, kad mechanizmas yra i\u0161jungtas, o hidraulin\u0117je sistemoje n\u0117ra sl\u0117gio.<\/li>\n<li>\u012estatykite svirties cilindr\u0105 \u012f numatyt\u0105 tvirtinimo viet\u0105.<\/li>\n<li>Tvirtai prijunkite cilindr\u0105 prie mechanizmo naudodami tinkamus var\u017etus ir jungiam\u0105sias detales.<\/li>\n<li>Patikrinkite tinkam\u0105 i\u0161lyginim\u0105 ir tarp\u0105, kad i\u0161vengtum\u0117te trukd\u017ei\u0173 eksploatacijos metu.<\/li>\n<li>Dar kart\u0105 patikrinkite visas jungtis ir prireikus priver\u017ekite.<\/li>\n<li>Prie\u0161 t\u0119sdami \u012fprast\u0105 darb\u0105, patikrinkite svirties cilindro veikim\u0105.<\/li>\n<\/ol>\n<p><img decoding=\"async\" src=\"https:\/\/www.hydraulic-cylinders.net\/wp-content\/uploads\/2025\/01\/songte-bushings-with-all-kinds-of-excavator-models.webp\"><\/p>\n<h2>Saugos aspektai ir aplinkos veiksniai<\/h2>\n<p>Naudojant svirtinius cilindrus, labai svarbu teikti pirmenyb\u0119 saugos priemon\u0117ms. Tinkamas mokymas, eksploatavimo gairi\u0173 laikymasis ir tinkamos saugos \u012frangos naudojimas gali pad\u0117ti i\u0161vengti nelaiming\u0173 atsitikim\u0173 ir u\u017etikrinti saugi\u0105 darbo aplink\u0105. Be to, norint taikyti ekologi\u0161k\u0105 praktik\u0105, labai svarbu atsi\u017evelgti \u012f aplinkos veiksnius, tokius kaip nuot\u0117ki\u0173 prevencija ir atsakingas hidraulinio skys\u010dio \u0161alinimas.<\/p>\n<h2>Trik\u010di\u0173 \u0161alinimas ir da\u017eniausiai pasitaikan\u010dios problemos<\/h2>\n<p>\u0160tai keletas galim\u0173 trik\u010di\u0173 \u0161alinimo patarim\u0173 ir sprendim\u0173, kaip i\u0161spr\u0119sti da\u017eniausiai pasitaikan\u010dias svirties cilindro problemas:<\/p>\n<ul>\n<li>Issue 1: Leakage &#8211; Check for damaged seals and tighten connections. Replace worn-out seals if necessary.<\/li>\n<li>Issue 2: Uneven or jerky movement &#8211; Inspect for misalignment or mechanical obstructions. Lubricate moving parts and ensure proper hydraulic oil flow and pressure.<\/li>\n<li>Issue 3: Excessive heat &#8211; Verify proper hydraulic oil levels and cooling system functionality. Check for clogged filters or other obstructions.<\/li>\n<li>Issue 4: Noisy operation &#8211; Examine for loose components or damaged parts. Replace or tighten as needed. Ensure proper lubrication.<\/li>\n<\/ul>\n<p>Greitai spr\u0119sdami \u0161ias da\u017enas problemas, skaitytojai gali veiksmingai diagnozuoti ir i\u0161spr\u0119sti problemas, taip pat \u012fgyvendinti prevencines priemones, kad suma\u017eint\u0173 galimas problemas.<\/p>\n<p><img decoding=\"async\" src=\"https:\/\/www.hydraulic-cylinders.net\/wp-content\/uploads\/2025\/01\/songte-chushion-collar.webp\"><\/p>\n<p>Autorius: lyl<\/p>\n<h2>Apie m\u016bs\u0173 \u012fmon\u0119<\/h2>\n<p>Esame profesionalus pakaitini\u0173 hidraulini\u0173 cilindr\u0173 gamintojas, si\u016blantis plat\u0173 gamini\u0173 asortiment\u0105. Tapome vienu i\u0161 pirmaujan\u010di\u0173 hidraulini\u0173 cilindr\u0173 gamintoj\u0173 ir didmenini\u0173 platintoj\u0173 vidaus ir tarptautin\u0117se rinkose. Vadovaujam\u0117s meistri\u0161kumo principu, nuolat tobulindami savo technines \u017einias ir gamybos efektyvum\u0105, taikydami tobulinamus gamybos procesus. Naudodami moderniausi\u0105 skaitmenin\u0119 gamybos \u012frang\u0105 ir profesionalias testavimo sistemas, optimizuojame savo gamybos platform\u0105 ir tobuliname gamini\u0173 kokyb\u0117s kontrol\u0117s procesus, demonstruodami stiprias inovacij\u0173 galimybes. M\u016bs\u0173 tikslas \u2013 patenkinti \u012fvairius klient\u0173 poreikius efektyviai, tiksliai ir auk\u0161tos kokyb\u0117s produktais.<\/p>\n<p><img decoding=\"async\" src=\"https:\/\/www.hydraulic-cylinders.net\/wp-content\/uploads\/2025\/01\/songte-company-4.webp\"><br \/>\n<img decoding=\"async\" src=\"https:\/\/www.hydraulic-cylinders.net\/wp-content\/uploads\/2025\/01\/songte-company-3.webp\"><\/p>\n<p>M\u016bs\u0173 \u012fmon\u0117 i\u0161siskiria \u0161iais privalumais:<\/p>\n<ul>\n<li><strong>Ekspertiz\u0117:<\/strong> Turime profesional\u0173 komand\u0105, turin\u010di\u0105 patirties hidraulini\u0173 cilindr\u0173 gamyboje ir projektavime.<\/li>\n<li><strong>Tarptautiniai sertifikatai:<\/strong> M\u016bs\u0173 produktai atitinka grie\u017etus tarptautinius kokyb\u0117s ir saugos standartus.<\/li>\n<li><strong>Pritaikymo paslaugos:<\/strong> Si\u016blome individualiai pritaikytus sprendimus, pritaikytus konkretiems klient\u0173 reikalavimams.<\/li>\n<li><strong>Pa\u017eangi gamybos \u012franga:<\/strong> M\u016bs\u0173 gamybos \u012frenginiai apr\u016bpinti auk\u0161\u010diausios klas\u0117s skaitmenine \u012franga.<\/li>","protected":false},"excerpt":{"rendered":"<p>Arm Cylinder for Kobelco Large Excavator SK4608 Product Definition The arm cylinder is a specially designed hydraulic cylinder that provides linear motion and power to the arm of various machinery, such as excavators, cranes, and mechanical arms. It plays a crucial role in hydraulic systems, enabling the effective movement and control of attachments or accessories. [&hellip;]<\/p>","protected":false},"featured_media":14772,"comment_status":"open","ping_status":"closed","template":"","meta":{"_et_pb_use_builder":"","_et_pb_old_content":"","_et_gb_content_width":""},"product_brand":[],"product_cat":[1497],"product_tag":[1498,1496],"class_list":{"0":"post-16300","1":"product","2":"type-product","3":"status-publish","4":"has-post-thumbnail","6":"product_cat-arm-cylinders","7":"product_tag-arm-cylinders","8":"product_tag-hydraulic-cylinders","10":"first","11":"instock","12":"shipping-taxable","13":"product-type-simple"},"amp_enabled":true,"_links":{"self":[{"href":"https:\/\/www.hydraulic-cylinders.net\/lt\/wp-json\/wp\/v2\/product\/16300","targetHints":{"allow":["GET"]}}],"collection":[{"href":"https:\/\/www.hydraulic-cylinders.net\/lt\/wp-json\/wp\/v2\/product"}],"about":[{"href":"https:\/\/www.hydraulic-cylinders.net\/lt\/wp-json\/wp\/v2\/types\/product"}],"replies":[{"embeddable":true,"href":"https:\/\/www.hydraulic-cylinders.net\/lt\/wp-json\/wp\/v2\/comments?post=16300"}],"wp:featuredmedia":[{"embeddable":true,"href":"https:\/\/www.hydraulic-cylinders.net\/lt\/wp-json\/wp\/v2\/media\/14772"}],"wp:attachment":[{"href":"https:\/\/www.hydraulic-cylinders.net\/lt\/wp-json\/wp\/v2\/media?parent=16300"}],"wp:term":[{"taxonomy":"product_brand","embeddable":true,"href":"https:\/\/www.hydraulic-cylinders.net\/lt\/wp-json\/wp\/v2\/product_brand?post=16300"},{"taxonomy":"product_cat","embeddable":true,"href":"https:\/\/www.hydraulic-cylinders.net\/lt\/wp-json\/wp\/v2\/product_cat?post=16300"},{"taxonomy":"product_tag","embeddable":true,"href":"https:\/\/www.hydraulic-cylinders.net\/lt\/wp-json\/wp\/v2\/product_tag?post=16300"}],"curies":[{"name":"wp","href":"https:\/\/api.w.org\/{rel}","templated":true}]}}