{"id":16303,"date":"2025-01-20T09:03:58","date_gmt":"2025-01-20T09:03:58","guid":{"rendered":"https:\/\/www.hydraulic-cylinders.net\/product\/arm-cylinderfor-yugong-wy15-7\/"},"modified":"2025-01-20T09:04:00","modified_gmt":"2025-01-20T09:04:00","slug":"arm-cylinderfor-yugong-wy15-7","status":"publish","type":"product","link":"https:\/\/www.hydraulic-cylinders.net\/lt\/produktas\/arm-cylinderfor-yugong-wy15-7\/","title":{"rendered":"Rankenos cilindras, skirtas \u201eYugong WY15-7\u201c"},"content":{"rendered":"<p>\u201eYugong WY15-7\u201c rankenos cilindras<\/p>\n<p>Svirties cilindras yra specializuotas hidraulinis cilindras, skirtas u\u017etikrinti tiesin\u012f jud\u0117jim\u0105 ir gali\u0105 \u012fvairi\u0173 tip\u0173 ma\u0161in\u0173, toki\u0173 kaip ekskavatoriai, kranai ir robotin\u0117s svirtys, svirtims. Jis atlieka labai svarb\u0173 vaidmen\u012f hidraulin\u0117se sistemose, nes leid\u017eia efektyviai jud\u0117ti ir valdyti papildomus \u012frankius ar priedus. \u0160ie cilindrai ne tik u\u017etikrina skland\u0173 jud\u0117jim\u0105, bet ir atlaiko dideles apkrovas, u\u017etikrindami efektyv\u0173 ma\u0161in\u0173 veikim\u0105 ir patikimum\u0105 \u012fvairiomis darbo s\u0105lygomis.<\/p>\n<p><img decoding=\"async\" src=\"https:\/\/www.hydraulic-cylinders.net\/wp-content\/uploads\/2025\/01\/songte-company-2.webp\"><\/p>\n<p>Savyb\u0117s:<\/p>\n<p>1. Didelio efektyvumo transmisija: Svirties cilindras u\u017etikrina galing\u0105 tiesin\u012f judes\u012f ir j\u0117g\u0105, u\u017etikrindamas auk\u0161t\u0105 mechanin\u0117s svirties efektyvum\u0105 atliekant \u012fvairias operacijas.<\/p>\n<p>2. Tikslus valdymas: Hidraulin\u0117s sistemos d\u0117ka rankos cilindras gali tiksliai valdyti judes\u012f, tod\u0117l papildom\u0173 \u012franki\u0173 valdymas tampa lankstesnis ir tikslesnis.<\/p>\n<p>3. Didelis patvarumas: Svirtiniai cilindrai paprastai gaminami i\u0161 didelio stiprumo med\u017eiag\u0173, pasi\u017eymin\u010di\u0173 geru atsparumu dilimui ir korozijai, tod\u0117l tinkami ilgalaikiam naudojimui at\u0161iauriomis s\u0105lygomis.<\/p>\n<p>4. Universalus pritaikomumas: \u0160ie cilindrai gali b\u016bti pla\u010diai naudojami \u012fvairiuose mechaniniuose \u012frenginiuose, tokiuose kaip ekskavatoriai, kranai ir robotin\u0117s rankos, prisitaikant prie skirting\u0173 darbo reikalavim\u0173.<\/p>\n<p>5. Lengva prie\u017ei\u016bra: Projektuojant atsi\u017evelgiama \u012f paprast\u0105 prie\u017ei\u016br\u0105 ir keitim\u0105, tod\u0117l reguliari ap\u017ei\u016bra ir prie\u017ei\u016bra yra patogesni, o \u012frangos prastova sutrump\u0117ja.<\/p>\n<p>Mes galime pagaminti \u0161\u012f produkt\u0105, o m\u016bs\u0173 produktai gali puikiai pakeisti \u0161iuos hidraulinius cilindrus.<\/p>\n<p><img decoding=\"async\" src=\"https:\/\/www.hydraulic-cylinders.net\/wp-content\/uploads\/2025\/01\/songte-oil-pipes-and-spare-parts.webp\"><\/p>\n<p>Parai\u0161kos:<\/p>\n<p>1. Statybos in\u017einerija: ekskavatoriuose ir kranuose svirties cilindras naudojamas ekskavatoriaus arba str\u0117l\u0117s jud\u0117jimui valdyti, \u017eem\u0117s darbams atlikti, med\u017eiagoms tvarkyti ir konstrukcijoms montuoti.<\/p>\n<p>2. Gamyba: Automatizuotose gamybos linijose rankos cilindras naudojamas robotin\u0117ms rankoms judinti, atliekant surinkimo, suvirinimo ir tvarkymo procesus, taip gerinant gamybos efektyvum\u0105 ir tikslum\u0105.<\/p>\n<p>3. \u017dem\u0117s \u016bkio technika: \u017dem\u0117s \u016bkio technikoje, pavyzd\u017eiui, derliaus nu\u0117mimo ir s\u0117jamosiose, svirties cilindras valdo valdymo svirties judes\u012f, atlikdamas tokias u\u017eduotis kaip s\u0117ja, tr\u0119\u0161imas ir derliaus nu\u0117mimas.<\/p>\n<p>4. Kasyba: Kasybos \u012frangoje rankos cilindras naudojamas kasybos \u012frangos rankos jud\u0117jimui valdyti, r\u016bdos kasybai ir tvarkymui.<\/p>\n<p>5. Logistika ir transportavimas: \u0160akiniuose krautuvuose ir krovini\u0173 krovimo robotuose svirties cilindras naudojamas krovinio \u0161ak\u0117s k\u0117limui ir jud\u0117jimui valdyti, u\u017etikrinant med\u017eiag\u0173 tvarkym\u0105 ir krovim\u0105.<\/p>\n<p>Projektavimo aspektai ir atrankos kriterijai:<\/p>\n<p>1. Apkrovos paj\u0117gumas: Svirties cilindrai tur\u0117t\u0173 b\u016bti parenkami atsi\u017evelgiant \u012f maksimali\u0105 ma\u0161inos apkrov\u0105.<\/p>\n<p>2. Sandarinimo charakteristikos: Siekiant u\u017etikrinti ger\u0105 sandarinimo savyb\u0119, tur\u0117t\u0173 b\u016bti naudojami \u012fvair\u016bs sandarinimo komponentai, tokie kaip st\u016bmokliniai sandarikliai ir stryp\u0173 sandarikliai, o sandarikliams tur\u0117t\u0173 b\u016bti pasirinktos atsparios dilimui med\u017eiagos, tokios kaip poliuretanas ir nitrilo kau\u010diukas.<\/p>\n<p>3. Patvarumas: Cilindro korpusas ir srieginiai galiniai pavir\u0161iai turi b\u016bti kruop\u0161\u010diai apdoroti, kad b\u016bt\u0173 padidintas atsparumas dilimui.<\/p>\n<p>4. Sauga: Siekiant i\u0161vengti nelaiming\u0173 atsitikim\u0173 d\u0117l perkrovos ar sm\u016bgio, tur\u0117t\u0173 b\u016bti \u012frengti saugos \u012ftaisai, tokie kaip apsauginiai vo\u017etuvai ir buferiai.<\/p>\n<p>5. Prie\u017ei\u016bra: Projektuojant tur\u0117t\u0173 b\u016bti atsi\u017evelgta \u012f lengv\u0105 prie\u017ei\u016br\u0105 ir keitim\u0105, o cilindras tur\u0117t\u0173 b\u016bti pripildytas tinkamu kiekiu hidraulin\u0117s alyvos tepimui pagal gamintojo instrukcijas.<\/p>\n<p><img decoding=\"async\" src=\"https:\/\/www.hydraulic-cylinders.net\/wp-content\/uploads\/2025\/01\/songte-cylinder-head-with-all-kinds-excavator-models.webp\"><\/p>\n<p>Reguliarus patikrinimas ir prevencin\u0117 prie\u017ei\u016bra:<\/p>\n<p>1. Reguliariai tikrinkite cilindro sandarum\u0105 ir, jei reikia, laiku pakeiskite sandarinimo komponentus.<\/p>\n<p>2. Reguliariai tikrinkite cilindro korpuso ir st\u016bmoklio koto susid\u0117v\u0117jim\u0105 ir, jei reikia, pakeiskite juos.<\/p>\n<p>3. Reguliariai tikrinkite hidraulin\u0117s alyvos lyg\u012f ir kokyb\u0119, prireikus pakeiskite arba \u012fpilkite alyvos.<\/p>\n<p>4. Reguliariai tikrinkite saugos \u012ftaisus, kad \u012fsitikintum\u0117te, jog jie tinkamai veikia.<\/p>\n<p>5. Reguliariai valykite cilindr\u0105 ir aplinkin\u0119 aplink\u0105, kad i\u0161vengtum\u0117te u\u017eter\u0161imo.<\/p>\n<p>Teisingas diegimo vadovas:<\/p>\n<p>1. Pasirinkite tinkam\u0105 cilindr\u0105 ir atitinkamus priedus pagal ma\u0161inos apkrovos reikalavimus ir montavimo s\u0105lygas.<\/p>\n<p>2. Prijunkite cilindr\u0105 prie hidraulin\u0117s sistemos pagal gamintojo instrukcijas ir \u012fsitikinkite, kad vamzdynas tinkamai sumontuotas.<\/p>\n<p>3. Sumontuokite cilindr\u0105 ir priedus pagal gamintojo instrukcijas.<\/p>\n<p>4. Prie\u0161 naudodami patikrinkite, ar cilindras veikia tinkamai.<\/p>\n<p><img decoding=\"async\" src=\"https:\/\/www.hydraulic-cylinders.net\/wp-content\/uploads\/2025\/01\/songte-bushings-with-all-kinds-of-excavator-models.webp\"><\/p>\n<p>Saugos aspektai ir aplinkos veiksniai:<\/p>\n<p>1. Naudojant svirtinius cilindrus, b\u016btina laikytis saugos taisykli\u0173, kad b\u016bt\u0173 i\u0161vengta nelaiming\u0173 atsitikim\u0173.<\/p>\n<p>2. Renkantis cilindro med\u017eiagas, reikia atsi\u017evelgti \u012f tokius aplinkos veiksnius kaip temperat\u016bra, dr\u0117gm\u0117 ir chemin\u0117 erozija.<\/p>\n<p>Gedim\u0173 diagnostika ir da\u017eniausios problemos:<\/p>\n<p>1. Cilindro nuot\u0117kis: Sandarinimo komponentai yra susid\u0117v\u0117j\u0119 arba pa\u017eeisti, arba cilindro korpusas yra pa\u017eeistas.<\/p>\n<p>2. Nepakankama j\u0117ga arba judesys: nepakankamas hidraulinis sl\u0117gis, pa\u017eeistas st\u016bmoklio kotas arba nepakankamas tepimas.<\/p>\n<p>3. Nenormalus triuk\u0161mas: Atsilaisvinusi cilindro ar pried\u0173 jungtis arba pa\u017eeidimas, nepakankamas tepimas arba hidraulinio siurblio pa\u017eeidimas.<\/p>\n<p>4. L\u0117tas jud\u0117jimas: Nepakankamas hidraulinis sl\u0117gis, u\u017esikim\u0161\u0119s vamzdynas arba pa\u017eeistas st\u016bmoklio kotas.<\/p>\n<p>5. Cilindro vibracija: Atsilaisvin\u0119s cilindro ar pried\u0173 sujungimas, pa\u017eeistas j\u0173 sujungimas arba nesubalansuota apkrova.<\/p>\n<p>Gedim\u0173 \u0161alinimo ir prevencijos priemon\u0117s:<\/p>\n<p>1. Laiku pakeiskite susid\u0117v\u0117jusius arba pa\u017eeistus sandarinimo komponentus.<\/p>\n<p>2. Patikrinkite ir sureguliuokite hidraulin\u012f sl\u0117g\u012f, kad \u012fsitikintum\u0117te, jog jis atitinka reikalavimus.<\/p>\n<p>3. Laiku pakeiskite arba suremontuokite pa\u017eeistas dalis.<\/p>\n<p>4. Reguliariai pilkite reikiam\u0105 hidraulin\u0117s alyvos kiek\u012f pagal gamintojo instrukcijas.<\/p>\n<p>5. Reguliariai tikrinkite ir pri\u017ei\u016br\u0117kite cilindr\u0105 ir priedus, kad i\u0161vengtum\u0117te galim\u0173 problem\u0173.<\/p>\n<p>Esame profesionalus pakaitini\u0173 hidraulini\u0173 cilindr\u0173 gamintojas, si\u016blantis plat\u0173 gamini\u0173 asortiment\u0105, ir tapome vienu i\u0161 pirmaujan\u010di\u0173 hidraulini\u0173 cilindr\u0173 gamintoj\u0173 ir didmenini\u0173 platintoj\u0173 vidaus ir tarptautin\u0117se rinkose. Visada laikom\u0117s puikios kokyb\u0117s principo, remiam\u0117s i\u0161tobulinto gamybos cecho pramonin\u0117s gamybos valdymo strategija ir nuolat tobuliname savo technologijas bei gamybos efektyvum\u0105. \u012ediegdami auk\u0161\u010diausios klas\u0117s skaitmenin\u0119 gamybos \u012frang\u0105 ir profesionalias testavimo sistemas, optimizuojame gamybos platform\u0105 ir tobuliname gamini\u0173 kokyb\u0117s kontrol\u0117s procesus, tur\u0117dami stiprias inovacij\u0173 galimybes. M\u016bs\u0173 tikslas \u2013 patenkinti \u012fvairius klient\u0173 poreikius, vadovaujantis didelio efektyvumo, tikslumo ir auk\u0161tos kokyb\u0117s principais.<\/p>\n<p>Nuo profesionalumo, tarptautinio sertifikavimo, individuali\u0173 paslaug\u0173, gamybos \u012frangos, aptarnavimo po pardavimo ir kt., galime pateikti i\u0161samesn\u0117s informacijos apie m\u016bs\u0173 \u012fmon\u0119.<\/p>\n<p><img decoding=\"async\" src=\"https:\/\/www.hydraulic-cylinders.net\/wp-content\/uploads\/2025\/01\/songte-company-4.webp\"><br \/>\n<img decoding=\"async\" src=\"https:\/\/www.hydraulic-cylinders.net\/wp-content\/uploads\/2025\/01\/songte-company-3.webp\"><\/p>\n<p>Autorius: lyl.<\/p>","protected":false},"excerpt":{"rendered":"<p>Arm Cylinder For Yugong WY15-7 Arm cylinder is a specialized hydraulic cylinder designed to provide linear motion and power to the arms of various types of machinery such as excavators, cranes, and robotic arms. It plays a crucial role in hydraulic systems, enabling the effective movement and control of additional tools or attachments. These cylinders [&hellip;]<\/p>","protected":false},"featured_media":14763,"comment_status":"open","ping_status":"closed","template":"","meta":{"_et_pb_use_builder":"","_et_pb_old_content":"","_et_gb_content_width":""},"product_brand":[],"product_cat":[1497],"product_tag":[1498,1496],"class_list":{"0":"post-16303","1":"product","2":"type-product","3":"status-publish","4":"has-post-thumbnail","6":"product_cat-arm-cylinders","7":"product_tag-arm-cylinders","8":"product_tag-hydraulic-cylinders","10":"first","11":"instock","12":"shipping-taxable","13":"product-type-simple"},"amp_enabled":true,"_links":{"self":[{"href":"https:\/\/www.hydraulic-cylinders.net\/lt\/wp-json\/wp\/v2\/product\/16303","targetHints":{"allow":["GET"]}}],"collection":[{"href":"https:\/\/www.hydraulic-cylinders.net\/lt\/wp-json\/wp\/v2\/product"}],"about":[{"href":"https:\/\/www.hydraulic-cylinders.net\/lt\/wp-json\/wp\/v2\/types\/product"}],"replies":[{"embeddable":true,"href":"https:\/\/www.hydraulic-cylinders.net\/lt\/wp-json\/wp\/v2\/comments?post=16303"}],"wp:featuredmedia":[{"embeddable":true,"href":"https:\/\/www.hydraulic-cylinders.net\/lt\/wp-json\/wp\/v2\/media\/14763"}],"wp:attachment":[{"href":"https:\/\/www.hydraulic-cylinders.net\/lt\/wp-json\/wp\/v2\/media?parent=16303"}],"wp:term":[{"taxonomy":"product_brand","embeddable":true,"href":"https:\/\/www.hydraulic-cylinders.net\/lt\/wp-json\/wp\/v2\/product_brand?post=16303"},{"taxonomy":"product_cat","embeddable":true,"href":"https:\/\/www.hydraulic-cylinders.net\/lt\/wp-json\/wp\/v2\/product_cat?post=16303"},{"taxonomy":"product_tag","embeddable":true,"href":"https:\/\/www.hydraulic-cylinders.net\/lt\/wp-json\/wp\/v2\/product_tag?post=16303"}],"curies":[{"name":"wp","href":"https:\/\/api.w.org\/{rel}","templated":true}]}}