{"id":16311,"date":"2025-01-20T09:04:33","date_gmt":"2025-01-20T09:04:33","guid":{"rendered":"https:\/\/www.hydraulic-cylinders.net\/product\/arm-cylinderfor-volvo-small-excavator-bl-60b\/"},"modified":"2025-01-20T09:04:41","modified_gmt":"2025-01-20T09:04:41","slug":"arm-cylinderfor-volvo-small-excavator-bl-60b","status":"publish","type":"product","link":"https:\/\/www.hydraulic-cylinders.net\/lt\/produktas\/arm-cylinderfor-volvo-small-excavator-bl-60b\/","title":{"rendered":"\u201eVolvo\u201c ma\u017eo ekskavatoriaus BL\/60B rankenos cilindras"},"content":{"rendered":"<h1>\u201eVolvo\u201c ma\u017eo ekskavatoriaus BL\/60B svirties cilindras<\/h1>\n<h2>\u012evadas<\/h2>\n<p>Svirties cilindras yra specializuotas hidraulinis cilindras, skirtas u\u017etikrinti tiesin\u012f jud\u0117jim\u0105 ir gali\u0105 \u012fvairi\u0173 tip\u0173 ma\u0161in\u0173, toki\u0173 kaip ekskavatoriai, kranai ir mechanin\u0117s svirtys, svir\u010diai. Svirties cilindras atlieka labai svarb\u0173 vaidmen\u012f hidraulin\u0117je sistemoje, nes leid\u017eia efektyviai jud\u0117ti ir valdyti priedus ar priedus. \u0160ie cilindrai ne tik u\u017etikrina skland\u0173 jud\u0117jim\u0105, bet ir atlaiko dideles apkrovas, u\u017etikrindami efektyv\u0173 ma\u0161in\u0173 veikim\u0105 ir patikimum\u0105 \u012fvairiomis eksploatavimo s\u0105lygomis.<\/p>\n<p><img decoding=\"async\" src=\"https:\/\/www.hydraulic-cylinders.net\/wp-content\/uploads\/2025\/01\/songte-company-2.webp\" alt=\"rankos cilindro vaizdas\"><\/p>\n<h3>Apibr\u0117\u017eimas ir paai\u0161kinimas<\/h3>\n<p>Svirties cilindras yra hidraulinio cilindro tipas, naudojamas \u012fvairi\u0173 tip\u0173 ma\u0161inose, siekiant u\u017etikrinti tiesin\u012f jud\u0117jim\u0105 ir gali\u0105 svirtimi. J\u012f sudaro cilindrinis cilindras, st\u016bmoklis ir st\u016bmoklinis kotas, o jis veikia naudodamas susl\u0117gt\u0105 hidraulin\u012f skyst\u012f. Svirties cilindras yra pagrindinis hidraulin\u0117s sistemos komponentas, leid\u017eiantis efektyviai jud\u0117ti ir valdyti priedus ar priedus. Jo konstrukcija ir konstrukcija yra labai svarbios siekiant u\u017etikrinti efektyv\u0173 ma\u0161in\u0173 veikim\u0105 ir patikimum\u0105 \u012fvairiomis eksploatavimo s\u0105lygomis.<\/p>\n<h2>Produkto savyb\u0117s<\/h2>\n<ul>\n<li>\n<h3>Efektyvus energijos perdavimas<\/h3>\n<p>Svirties cilindras u\u017etikrina galing\u0105 tiesin\u012f judes\u012f ir j\u0117g\u0105, u\u017etikrindamas efektyv\u0173 mechanin\u0117s svirties veikim\u0105 atliekant \u012fvairias operacijas.<\/p>\n<\/li>\n<li>\n<h3>Tikslus valdymas<\/h3>\n<p>Hidraulin\u0117s sistemos d\u0117ka rankos cilindras gali tiksliai valdyti judes\u012f, tod\u0117l pried\u0173 valdymas tampa lankstesnis ir tikslesnis.<\/p>\n<\/li>\n<li>\n<h3>Patvarumas<\/h3>\n<p>Svirties cilindras paprastai pagamintas i\u0161 didelio stiprumo med\u017eiag\u0173, pasi\u017eymin\u010di\u0173 geru atsparumu dilimui ir korozijai, tod\u0117l tinkamas ilgalaikiam naudojimui at\u0161iauriomis s\u0105lygomis.<\/p>\n<\/li>\n<li>\n<h3>Daugiafunkcinis prisitaikymas<\/h3>\n<p>\u0160ie cilindrai gali b\u016bti pla\u010diai naudojami \u012fvairi\u0173 tip\u0173 ma\u0161inose, tokiose kaip ekskavatoriai, kranai ir mechanin\u0117s svirtys, kad b\u016bt\u0173 patenkinti skirtingi darbo reikalavimai.<\/p>\n<\/li>\n<li>\n<h3>Lengva prie\u017ei\u016bra<\/h3>\n<p>Projektuojant atsi\u017evelgiama \u012f paprast\u0105 prie\u017ei\u016br\u0105 ir keitim\u0105, tod\u0117l reguliar\u016bs patikrinimai ir technin\u0117 prie\u017ei\u016bra yra patogesni, o \u012frangos prastovos laikas sutrump\u0117ja.<\/p>\n<\/li>\n<\/ul>\n<p><img decoding=\"async\" src=\"https:\/\/www.hydraulic-cylinders.net\/wp-content\/uploads\/2025\/01\/songte-oil-pipes-and-spare-parts.webp\" alt=\"pakaitini\u0173 dali\u0173 vaizdas\"><\/p>\n<h2>Taikymo scenarijai<\/h2>\n<p>Svirtinis cilindras pla\u010diai naudojamas \u012fvairiose pramon\u0117s \u0161akose ir srityse, \u012fskaitant:<\/p>\n<ul>\n<li>\n<h3>Statybos in\u017einerija<\/h3>\n<p>Ekskavatoriuose ir kranuose str\u0117l\u0117s cilindras naudojamas kau\u0161\u0173 arba str\u0117li\u0173 jud\u0117jimui valdyti \u017eem\u0117s darbams, med\u017eiag\u0173 tvarkymui ir konstrukcij\u0173 montavimui.<\/p>\n<\/li>\n<li>\n<h3>Gamyba<\/h3>\n<p>Automatizuotose gamybos linijose svirties cilindras naudojamas mechanin\u0117ms svirtims judinti, surinkimo, suvirinimo ir tvarkymo procesams, taip pagerinant gamybos efektyvum\u0105 ir tikslum\u0105.<\/p>\n<\/li>\n<li>\n<h3>\u017dem\u0117s \u016bkio technika<\/h3>\n<p>\u017dem\u0117s \u016bkio technikose, tokiose kaip derliaus nu\u0117mimo ma\u0161inos ir s\u0117jamosios, svirties cilindras valdo valdymo svirties judes\u012f, atlikdamas tokias u\u017eduotis kaip sodinimas, tr\u0119\u0161imas ir derliaus nu\u0117mimas.<\/p>\n<\/li>\n<li>\n<h3>Kasyba<\/h3>\n<p>Kasybos \u012frangoje svirties cilindras naudojamas kasybos \u012frangos svirties jud\u0117jimui valdyti r\u016bdos gavybai ir tvarkymui.<\/p>\n<\/li>\n<li>\n<h3>Logistika ir transportas<\/h3>\n<p>\u0160akiniuose krautuvuose ir krovini\u0173 tvarkymo robotuose svirties cilindras naudojamas preki\u0173 k\u0117limui ir jud\u0117jimui valdyti, med\u017eiag\u0173 tvarkymui ir krovimui.<\/p>\n<\/li>\n<\/ul>\n<h2>Projektavimo aspektai ir atrankos kriterijai<\/h2>\n<p>Projektuojant ir renkantis cilindro formos svirt\u012f, reikia atsi\u017evelgti \u012f kelis veiksnius:<\/p>\n<ul>\n<li>\n<h3>Keliamoji galia<\/h3>\n<p>Svirties cilindro keliamoji galia turi atitikti ma\u0161inos reikalavimus, u\u017etikrinant efektyv\u0173 ir saug\u0173 veikim\u0105.<\/p>\n<\/li>\n<li>\n<h3>Sandarinimas ir tepimas<\/h3>\n<p>Svirties cilindre naudojami \u012fvair\u016bs sandarinimo komponentai, tokie kaip st\u016bmoklio ir strypo sandarikliai, siekiant i\u0161vengti skys\u010dio nuot\u0117kio ir palaikyti skys\u010dio sl\u0117g\u012f. Tepimas taip pat yra labai svarbus siekiant suma\u017einti trint\u012f tarp judan\u010di\u0173 dali\u0173 ir i\u0161vengti nusid\u0117v\u0117jimo.<\/p>\n<\/li>\n<li>\n<h3>Patvarumas<\/h3>\n<p>Svirties cilindras turi b\u016bti pagamintas i\u0161 didelio stiprumo med\u017eiag\u0173 ir atliktas grie\u017etas bandymas, siekiant u\u017etikrinti patikimum\u0105 ir ilg\u0105 tarnavimo laik\u0105 at\u0161iauriomis eksploatavimo s\u0105lygomis.<\/p>\n<\/li>\n<li>\n<h3>Saugumas<\/h3>\n<p>Svirties cilindras tur\u0117t\u0173 tur\u0117ti saugos funkcijas, tokias kaip sl\u0117gio ma\u017einimo vo\u017etuvai ir avarinio stabdymo mygtukai, kad b\u016bt\u0173 i\u0161vengta nelaiming\u0173 atsitikim\u0173 ir u\u017etikrintas saugus veikimas.<\/p>\n<\/li>\n<li>\n<h3>Prie\u017ei\u016bra<\/h3>\n<p>Svirties cilindras tur\u0117t\u0173 b\u016bti suprojektuotas taip, kad j\u012f b\u016bt\u0173 lengva pri\u017ei\u016br\u0117ti ir pakeisti, su lengvai prieinamais komponentais ir ai\u0161kiomis reguliari\u0173 patikrinim\u0173 bei remonto instrukcijomis.<\/p>\n<\/li>\n<\/ul>\n<p><img decoding=\"async\" src=\"https:\/\/www.hydraulic-cylinders.net\/wp-content\/uploads\/2025\/01\/songte-cylinder-head-with-all-kinds-excavator-models.webp\" alt=\"pakaitini\u0173 dali\u0173 vaizdas\"><\/p>\n<h2>Sandarinimas ir tepimas<\/h2>\n<p>Svirtiniame cilindre naudojami \u012fvair\u016bs sandarinimo komponentai, tokie kaip st\u016bmoklio sandarikliai, koto sandarikliai ir valytuvo sandarikliai, siekiant i\u0161vengti skys\u010dio nuot\u0117kio ir palaikyti skys\u010dio sl\u0117g\u012f. Sandarinimo elementai paprastai gaminami i\u0161 atspari\u0173 dilimui med\u017eiag\u0173, toki\u0173 kaip poliuretanas ir nitrilo kau\u010diukas, su didelio stiprumo audinio armat\u016bra. Be to, cilindro korpusas ir koto pavir\u0161ius yra kruop\u0161\u010diai apdirbti, siekiant padidinti atsparum\u0105 dilimui ir suma\u017einti trint\u012f.<\/p>\n<p>Svirties cilindr\u0105 reikia reguliariai tepti tinkamu hidrauliniu skys\u010diu, atsi\u017evelgiant \u012f eksploatavimo s\u0105lygas ir gamintojo rekomendacijas. Skystis turi b\u016bti \u0161varus ir be ter\u0161al\u0173, kad b\u016bt\u0173 i\u0161vengta pa\u017eeidim\u0173 ir u\u017etikrintas sklandus veikimas.<\/p>\n<p><img decoding=\"async\" src=\"https:\/\/www.hydraulic-cylinders.net\/wp-content\/uploads\/2025\/01\/songte-chushion-collar.webp\" alt=\"pakaitini\u0173 dali\u0173 vaizdas\"><\/p>\n<h2>Prie\u017ei\u016bra ir remontas<\/h2>\n<p>Norint u\u017etikrinti patikim\u0105 svirties cilindro veikim\u0105 ir ilg\u0105 tarnavimo laik\u0105, b\u016btina reguliariai j\u012f tikrinti ir pri\u017ei\u016br\u0117ti. Reik\u0117t\u0173 imtis \u0161i\u0173 priemoni\u0173:<\/p>\n<ul>\n<li>\n<h3>Patikrinkite cilindro korpus\u0105 ir stryp\u0105, ar n\u0117ra susid\u0117v\u0117jimo, korozijos ar pa\u017eeidim\u0173 po\u017eymi\u0173.<\/h3>\n<\/li>\n<li>\n<h3>Patikrinkite sandariklius, ar n\u0117ra pa\u017eeidim\u0173, nuot\u0117ki\u0173 ar per didelio susid\u0117v\u0117jimo.<\/h3>\n<\/li>\n<li>\n<h3>Patikrinkite skys\u010dio lyg\u012f ir kokyb\u0119, prireikus pakeiskite skyst\u012f.<\/h3>\n<\/li>\n<li>\n<h3>Patikrinkite tvirtinimo var\u017et\u0173 ir jung\u010di\u0173 tvirtum\u0105 ir susid\u0117v\u0117jim\u0105.<\/h3>\n<\/li>\n<li>\n<h3>Pakeiskite visas pa\u017eeistas ar susid\u0117v\u0117jusias dalis originaliomis atsargin\u0117mis dalimis.<\/h3>\n<\/li>\n<\/ul>\n<p>Rekomenduojama reguliariai, pavyzd\u017eiui, kas 500 darbo valand\u0173, atlikti profilaktin\u0119 prie\u017ei\u016br\u0105, kad b\u016bt\u0173 galima nustatyti ir i\u0161spr\u0119sti galimas problemas, kol jos netapo rimtomis.<\/p>\n<h2>Diegimo vadovas<\/h2>\n<p>Svirtinis cilindras turi b\u016bti sumontuotas pagal gamintojo instrukcijas ir \u0161ias gaires:<\/p>\n<ul>\n<li>\n<h3>Patikrinkite tvirtinimo pavir\u0161i\u0173 ir \u012fsitikinkite, kad jis \u0161varus ir lygus.<\/h3>\n<\/li>\n<li>\n<h3>Sulygiuokite tvirtinimo angas ir var\u017etus su cilindru ir priver\u017ekite juos iki rekomenduojamo sukimo momento.<\/h3>\n<\/li>\n<li>\n<h3>Prijunkite hidraulines \u017earnas ir jungiam\u0105sias detales prie cilindro ir \u012fsitikinkite, kad jos yra tvirtai priver\u017etos.<\/h3>\n<\/li>\n<li>\n<h3>U\u017epildykite hidraulin\u0119 sistem\u0105 rekomenduojamu skys\u010diu ir i\u0161leiskite i\u0161 sistemos or\u0105.<\/h3>\n<\/li>\n<li>\n<h3>Patikrinkite cilindr\u0105, ar jis tinkamai veikia ir ar n\u0117ra nuot\u0117ki\u0173.<\/h3>\n<\/li>\n<\/ul>\n<p><img decoding=\"async\" src=\"https:\/\/www.hydraulic-cylinders.net\/wp-content\/uploads\/2025\/01\/songte-bushings-with-all-kinds-of-excavator-models.webp\" alt=\"pakaitini\u0173 dali\u0173 vaizdas\"><\/p>\n<h2>Saugos aspektai ir aplinkos veiksniai<\/h2>\n<p>Saugos priemoni\u0173, toki\u0173 kaip sl\u0117gio ma\u017einimo vo\u017etuvai, avarinio stabdymo mygtukai ir apsaugos, naudojimas yra labai svarbus siekiant i\u0161vengti nelaiming\u0173 atsitikim\u0173 ir u\u017etikrinti saug\u0173 svirties cilindro veikim\u0105. Taip pat svarbu laikytis vietini\u0173 saugos taisykli\u0173 ir gairi\u0173, kai dirbate su \u012franga.<\/p>\n<p>Taip pat reik\u0117t\u0173 atsi\u017evelgti \u012f svirties cilindro poveik\u012f aplinkai, pavyzd\u017eiui, ar naudoti aplinkai nekenksmingus hidraulinius skys\u010dius, ar tinkamai utilizuoti panaudotus skys\u010dius ir komponentus.<\/p>\n<h2>Trik\u010di\u0173 \u0161alinimas ir da\u017eniausiai pasitaikan\u010dios problemos<\/h2>\n<p>Toliau pateikiamos da\u017eniausios problemos ir galimos j\u0173 prie\u017eastys:<\/p>\n<ul>\n<li>\n<h3>Nuot\u0117kis skystis<\/h3>\n<p>Prie\u017eastis gali b\u016bti pa\u017eeisti sandarikliai, atsilaisvinusios jungtys arba susid\u0117v\u0117j\u0119 komponentai. Cilindr\u0105 reikia ap\u017ei\u016br\u0117ti ir prireikus suremontuoti.<\/p>\n<\/li>\n<li>\n<h3>L\u0117tas arba nenuoseklus jud\u0117jimas<\/h3>\n<p>Prie\u017eastis gali b\u016bti \u017eemas skys\u010dio lygis, oras sistemoje arba susid\u0117v\u0117j\u0119 komponentai. Reikia patikrinti skys\u010dio lyg\u012f ir, jei reikia, i\u0161leisti i\u0161 sistemos or\u0105. Taip pat reikia ap\u017ei\u016br\u0117ti cilindr\u0105, ar n\u0117ra susid\u0117v\u0117jusi\u0173 ar pa\u017eeist\u0173 komponent\u0173.<\/p>\n<\/li>\n<li>\n<h3>N\u0117ra jud\u0117jimo<\/h3>\n<p>Prie\u017eastis gali b\u016bti tu\u0161\u010dias hidraulin\u0117s alyvos bakas, pa\u017eeista arba u\u017esikim\u0161usi hidraulin\u0117 \u017earna arba suged\u0119s hidraulinis siurblys. Bak\u0105 reikia papildyti, patikrinti \u017earn\u0105, patikrinti ir prireikus pakeisti siurbl\u012f.<\/p>\n<\/li>\n<li>\n<h3>Per didelis triuk\u0161mas arba vibracija<\/h3>\n<p>Prie\u017eastis gali b\u016bti susid\u0117v\u0117j\u0119 arba pa\u017eeisti komponentai, atsilaisvinusios jungtys arba neteisingas sulygiavimas. Cilindr\u0105 reikia ap\u017ei\u016br\u0117ti ir prireikus sutaisyti.<\/p>\n<\/li>\n<\/ul>\n<p>Siekiant i\u0161vengti \u0161i\u0173 problem\u0173, rekomenduojama reguliariai tikrinti ir pri\u017ei\u016br\u0117ti, taip pat naudoti originalias atsargines dalis ir tinkamus hidraulinius skys\u010dius.<\/p>\n<h2>Apie mus<\/h2>\n<p>Esame profesionalus pakaitini\u0173 hidraulini\u0173 cilindr\u0173 gamintojas, si\u016blantis plat\u0173 produkt\u0173 ir paslaug\u0173 asortiment\u0105. Tapome pirmaujan\u010diu hidraulini\u0173 cilindr\u0173 gamintoju ir didmeniniu platintoju vidaus ir tarptautin\u0117se rinkose. Laikom\u0117s puikios kokyb\u0117s principo ir remiam\u0117s puiki\u0173 gamybos dirbtuvi\u0173 pramonin\u0117s gamybos valdymo strategija, kad nuolat gerintume savo technin\u012f lyg\u012f ir gamybos efektyvum\u0105. \u012ediegdami auk\u0161\u010diausios klas\u0117s skaitmenin\u0119 gamybos \u012frang\u0105 ir profesionalias bandym\u0173 sistemas, nuolat optimizuojame savo gamybos platform\u0105, tobuliname gamini\u0173 kokyb\u0117s kontrol\u0117s procesus ir turime stiprias inovacij\u0173 galimybes. M\u016bs\u0173 tikslas \u2013 patenkinti \u012fvairius klient\u0173 poreikius, vadovaujantis efektyvumo, tikslumo ir auk\u0161tos kokyb\u0117s principais.<\/p>\n<p><img decoding=\"async\" src=\"https:\/\/www.hydraulic-cylinders.net\/wp-content\/uploads\/2025\/01\/songte-company-4.webp\" alt=\"\u012fmon\u0117s \u012fvaizdis\"><br \/>\n<img decoding=\"async\" src=\"https:\/\/www.hydraulic-cylinders.net\/wp-content\/uploads\/2025\/01\/songte-company-3.webp\" alt=\"\u012fmon\u0117s \u012fvaizdis\"><\/p>\n<h3>Profesionalumas<\/h3>\n<p>Turime patyrusi\u0173 in\u017einieri\u0173 ir technik\u0173 komand\u0105, kuri specializuojasi hidraulini\u0173 cilindr\u0173 projektavime, k\u016brime ir kokyb\u0117s kontrol\u0117je. Taip pat si\u016blome visapusi\u0161kas pritaikymo paslaugas, kad patenkintume konkre\u010dius m\u016bs\u0173 klient\u0173 reikalavimus.<\/p>\n<h3>Tarptautinis sertifikavimas<\/h3>\n<p>M\u016bs\u0173 gaminiai yra sertifikuoti \u012fvairiais tarptautiniais standartais, tokiais kaip ISO 9001 ir CE, o tai u\u017etikrina j\u0173 kokyb\u0119 ir patikimum\u0105.<\/p>\n<h3>Pritaikymo paslaugos<\/h3>\n<p>Siekdami patenkinti konkre\u010dius klient\u0173 reikalavimus ir pritaikymus, si\u016blome visapusi\u0161kas pritaikymo paslaugas, \u012fskaitant projektavim\u0105, k\u016brim\u0105 ir gamyb\u0105.<\/p>\n<h3>Gamybos \u012franga<\/h3>\n<p>Turime plat\u0173 pa\u017eangios skaitmenin\u0117s gamybos \u012frangos asortiment\u0105, \u012fskaitant CNC stakles, tekinimo stakles, \u0161lifavimo stakles ir bandym\u0173 sistemas, kad u\u017etikrintume m\u016bs\u0173 gamini\u0173 tikslum\u0105 ir kokyb\u0119.<\/p>\n<h3>Aptarnavimas po pardavimo<\/h3>\n<p>Siekdami u\u017etikrinti klient\u0173 pasitenkinim\u0105 ir ilgalaik\u012f m\u016bs\u0173 gamini\u0173 naudojim\u0105, si\u016blome i\u0161samias garantinio aptarnavimo paslaugas, \u012fskaitant technin\u0119 pagalb\u0105, prie\u017ei\u016br\u0105 ir remont\u0105.<\/p>\n<p>Autorius: lyl<\/p>","protected":false},"excerpt":{"rendered":"<p>Arm Cylinder For Volvo Small Excavator BL\/60B Introduction An arm cylinder is a specialized hydraulic cylinder designed to provide linear motion and power to the arm of various types of machinery such as excavators, cranes, and mechanical arms. The arm cylinder plays a critical role in the hydraulic system, enabling the effective movement and control [&hellip;]<\/p>","protected":false},"featured_media":14770,"comment_status":"open","ping_status":"closed","template":"","meta":{"_et_pb_use_builder":"","_et_pb_old_content":"","_et_gb_content_width":""},"product_brand":[],"product_cat":[1497],"product_tag":[1498,1496],"class_list":{"0":"post-16311","1":"product","2":"type-product","3":"status-publish","4":"has-post-thumbnail","6":"product_cat-arm-cylinders","7":"product_tag-arm-cylinders","8":"product_tag-hydraulic-cylinders","10":"first","11":"instock","12":"shipping-taxable","13":"product-type-simple"},"amp_enabled":true,"_links":{"self":[{"href":"https:\/\/www.hydraulic-cylinders.net\/lt\/wp-json\/wp\/v2\/product\/16311","targetHints":{"allow":["GET"]}}],"collection":[{"href":"https:\/\/www.hydraulic-cylinders.net\/lt\/wp-json\/wp\/v2\/product"}],"about":[{"href":"https:\/\/www.hydraulic-cylinders.net\/lt\/wp-json\/wp\/v2\/types\/product"}],"replies":[{"embeddable":true,"href":"https:\/\/www.hydraulic-cylinders.net\/lt\/wp-json\/wp\/v2\/comments?post=16311"}],"wp:featuredmedia":[{"embeddable":true,"href":"https:\/\/www.hydraulic-cylinders.net\/lt\/wp-json\/wp\/v2\/media\/14770"}],"wp:attachment":[{"href":"https:\/\/www.hydraulic-cylinders.net\/lt\/wp-json\/wp\/v2\/media?parent=16311"}],"wp:term":[{"taxonomy":"product_brand","embeddable":true,"href":"https:\/\/www.hydraulic-cylinders.net\/lt\/wp-json\/wp\/v2\/product_brand?post=16311"},{"taxonomy":"product_cat","embeddable":true,"href":"https:\/\/www.hydraulic-cylinders.net\/lt\/wp-json\/wp\/v2\/product_cat?post=16311"},{"taxonomy":"product_tag","embeddable":true,"href":"https:\/\/www.hydraulic-cylinders.net\/lt\/wp-json\/wp\/v2\/product_tag?post=16311"}],"curies":[{"name":"wp","href":"https:\/\/api.w.org\/{rel}","templated":true}]}}