{"id":16320,"date":"2025-01-20T09:05:31","date_gmt":"2025-01-20T09:05:31","guid":{"rendered":"https:\/\/www.hydraulic-cylinders.net\/product\/arm-cylinderfor-volvo-middle-excavator-ec220d\/"},"modified":"2025-01-20T09:05:33","modified_gmt":"2025-01-20T09:05:33","slug":"arm-cylinderfor-volvo-middle-excavator-ec220d","status":"publish","type":"product","link":"https:\/\/www.hydraulic-cylinders.net\/lt\/produktas\/arm-cylinderfor-volvo-middle-excavator-ec220d\/","title":{"rendered":"\u201eVolvo\u201c vidutinio dyd\u017eio ekskavatoriaus EC220D svirties cilindras"},"content":{"rendered":"<h2>\u201eVolvo\u201c vidutinio ekskavatoriaus EC220D svirties cilindras<\/h2>\n<h3>Apibr\u0117\u017eimas ir paai\u0161kinimas<\/h3>\n<p>Svirties cilindras yra hidraulinio cilindro tipas, specialiai sukurtas u\u017etikrinti tiesin\u012f jud\u0117jim\u0105 ir gali\u0105 \u012fvairi\u0173 ma\u0161in\u0173, toki\u0173 kaip ekskavatoriai, kranai ir manipuliatoriai, svirtims. Svirties cilindras atlieka pagrindin\u012f vaidmen\u012f hidraulin\u0117se sistemose, nes leid\u017eia efektyviai jud\u0117ti ir valdyti papildomus \u012frankius ar priedus. \u0160ie cilindrai ne tik u\u017etikrina skland\u0173 jud\u0117jim\u0105, bet ir atlaiko dideles apkrovas, u\u017etikrindami efektyv\u0173 ma\u0161in\u0173 veikim\u0105 ir patikimum\u0105 \u012fvairiomis darbo s\u0105lygomis.<\/p>\n<p><img decoding=\"async\" src=\"https:\/\/www.hydraulic-cylinders.net\/wp-content\/uploads\/2025\/01\/songte-company-2.webp\" alt=\"Svirties cilindro vaizdas\"><\/p>\n<h3>Savyb\u0117s<\/h3>\n<ul>\n<li>Didelio efektyvumo transmisija: Svirties cilindras u\u017etikrina stipr\u0173 tiesin\u012f judes\u012f ir j\u0117g\u0105, u\u017etikrindamas auk\u0161t\u0105 manipuliatoriaus efektyvum\u0105 \u012fvairi\u0173 operacij\u0173 metu.<\/li>\n<li>Tikslus valdymas: Hidraulini\u0173 sistem\u0173 d\u0117ka rankos cilindras gali tiksliai valdyti judes\u012f, tod\u0117l papildom\u0173 \u012franki\u0173 valdymas tampa lankstesnis ir tikslesnis.<\/li>\n<li>Didelis patvarumas: Svirtiniai cilindrai paprastai gaminami i\u0161 didelio stiprumo med\u017eiag\u0173, pasi\u017eymi geru atsparumu dilimui ir korozijai, tod\u0117l tinka ilgalaikiam naudojimui at\u0161iauriomis s\u0105lygomis.<\/li>\n<li>Daugiafunkcis pritaikomumas: \u0160ie cilindrai gali b\u016bti pla\u010diai naudojami \u012fvairiuose mechaniniuose \u012frenginiuose, tokiuose kaip ekskavatoriai, kranai ir manipuliatoriai, prisitaikant prie skirting\u0173 darbo reikalavim\u0173.<\/li>\n<li>Lengva prie\u017ei\u016bra: Sukurti taip, kad b\u016bt\u0173 lengva pri\u017ei\u016br\u0117ti ir keisti, svirties cilindrai leid\u017eia patogiau reguliariai atlikti technin\u0119 prie\u017ei\u016br\u0105, taip suma\u017einant \u012frangos prastov\u0173 laik\u0105.<\/li>\n<\/ul>\n<p><img decoding=\"async\" src=\"https:\/\/www.hydraulic-cylinders.net\/wp-content\/uploads\/2025\/01\/songte-oil-pipes-and-spare-parts.webp\" alt=\"Atsargini\u0173 dali\u0173 vaizdas\"><\/p>\n<h3>Parai\u0161kos<\/h3>\n<p>Svirtiniai cilindrai turi \u012fvairi\u0173 pritaikym\u0173 skirtingose \u200b\u200bpramon\u0117s \u0161akose:<\/p>\n<ul>\n<li>Konstrukcija: Svir\u010di\u0173 cilindrai naudojami ekskavatoriaus kau\u0161\u0173 arba krano str\u0117li\u0173 jud\u0117jimui valdyti atliekant \u017eem\u0117s darbus, med\u017eiag\u0173 tvarkym\u0105 ir konstrukcij\u0173 montavim\u0105.<\/li>\n<li>Gamyba: Svirtiniai cilindrai naudojami manipuliatoriams judinti automatizuotose gamybos linijose surinkimo, suvirinimo ir tvarkymo procesuose, taip pagerinant gamybos efektyvum\u0105 ir tikslum\u0105.<\/li>\n<li>\u017dem\u0117s \u016bkio technika: Svir\u010di\u0173 cilindrai valdo \u017eem\u0117s \u016bkio technikos, tokios kaip derliaus nu\u0117mimo ir s\u0117jamosios, valdymo svir\u010di\u0173 jud\u0117jim\u0105, atlikdami tokias u\u017eduotis kaip sodinimas, tr\u0119\u0161imas ir derliaus nu\u0117mimas.<\/li>\n<li>Kasyba: Svirties cilindrai naudojami kasybos \u012frangos svirties jud\u0117jimui valdyti r\u016bdos kasyboje ir transportuojant kasybos operacijose.<\/li>\n<li>Logistika ir transportavimas: Svirtiniai cilindrai naudojami \u0161aki\u0173 k\u0117limui ir jud\u0117jimui valdyti \u0161akiniuose krautuvuose ir robotuose, u\u017etikrinant med\u017eiag\u0173 tvarkym\u0105 ir krovim\u0105.<\/li>\n<\/ul>\n<h3>Projektavimo aspektai ir atrankos kriterijai<\/h3>\n<p>Svirtiniai cilindrai yra kruop\u0161\u010diai suprojektuoti ir parenkami atsi\u017evelgiant \u012f \u012fvairius veiksnius:<\/p>\n<ul>\n<li>Keliamoji galia: Svir\u010di\u0173 cilindrai turi tur\u0117ti pakankam\u0105 keliam\u0105j\u0105 gali\u0105, kad i\u0161laikyt\u0173 mechanizm\u0173 ir papildom\u0173 \u012franki\u0173 ar pried\u0173 svor\u012f.<\/li>\n<li>Sandarinimas: Svirtiniai cilindrai naudoja \u012fvairius sandariklius, tokius kaip st\u016bmokliniai ir stryp\u0173 sandarikliai, kad b\u016bt\u0173 i\u0161vengta alyvos nutek\u0117jimo ir palaikomas sl\u0117gis, o sandarikliai tur\u0117t\u0173 b\u016bti pagaminti i\u0161 atspari\u0173 dilimui med\u017eiag\u0173, toki\u0173 kaip poliuretanas ir nitrilo kau\u010diukas.<\/li>\n<li>Patvarumas: Svirtiniai cilindrai yra jautr\u016bs dilimui ir korozijai, tod\u0117l jie tur\u0117t\u0173 b\u016bti pagaminti i\u0161 didelio stiprumo med\u017eiag\u0173 ir apdoroti smulkiais pavir\u0161iais, kad b\u016bt\u0173 pagerintas j\u0173 atsparumas dilimui ir korozijai.<\/li>\n<li>Sauga: Svirtiniai cilindrai turi b\u016bti suprojektuoti taip, kad b\u016bt\u0173 u\u017etikrintas saugus veikimas, pvz., i\u0161vengta staigi\u0173 judesi\u0173 ar perkrov\u0173, ir turi b\u016bti apr\u016bpinti saugos \u012ftaisais, tokiais kaip sl\u0117gio ma\u017einimo vo\u017etuvai ir ribiniai jungikliai.<\/li>\n<li>Prie\u017ei\u016bra: Svirtiniai cilindrai tur\u0117t\u0173 b\u016bti suprojektuoti taip, kad juos b\u016bt\u0173 lengva pri\u017ei\u016br\u0117ti ir remontuoti, pavyzd\u017eiui, lengvai i\u0161ardyti ir pakeisti dalis, ir kad b\u016bt\u0173 u\u017etikrintas ilgalaikis veikimas, juose tur\u0117t\u0173 b\u016bti reguliariai kei\u010diama alyva ir atliekamos patikros.<\/li>\n<\/ul>\n<p><img decoding=\"async\" src=\"https:\/\/www.hydraulic-cylinders.net\/wp-content\/uploads\/2025\/01\/songte-cylinder-head-with-all-kinds-excavator-models.webp\" alt=\"Cilindro galvut\u0117s vaizdas\"><\/p>\n<h3>Sandarinimas ir tepimas<\/h3>\n<p>Svirtiniuose cilindruose naudojami \u012fvair\u016bs sandarikliai, pavyzd\u017eiui, st\u016bmokli\u0173 ir kot\u0173 sandarikliai, siekiant i\u0161vengti alyvos nuot\u0117kio ir palaikyti sl\u0117g\u012f. Sandarikliai tur\u0117t\u0173 b\u016bti pagaminti i\u0161 atspari\u0173 dilimui med\u017eiag\u0173, toki\u0173 kaip poliuretanas ir nitrilo kau\u010diukas. Cilindro korpusas ir srieginis galinis pavir\u0161ius yra kruop\u0161\u010diai apdirbti, siekiant pagerinti j\u0173 atsparum\u0105 dilimui. Norint u\u017etikrinti skland\u0173 svirtinio cilindro veikim\u0105, b\u016btina reguliariai tepti hidrauline alyva.<\/p>\n<h3>Prie\u017ei\u016bra ir trik\u010di\u0173 \u0161alinimas<\/h3>\n<p>Reguliarus patikrinimas ir profilaktin\u0117 prie\u017ei\u016bra gali pad\u0117ti i\u0161vengti svirties cilindro gedim\u0173. Toliau pateikiamos kelios da\u017eniausios problemos ir j\u0173 sprendimai:<\/p>\n<ul>\n<li>Alyvos nuot\u0117kis: patikrinkite ir pakeiskite sandariklius, palaikykite tinkam\u0105 alyvos lyg\u012f.<\/li>\n<li>L\u0117tas jud\u0117jimas: patikrinkite alyvos lyg\u012f ir klampum\u0105, i\u0161valykite arba pakeiskite filtrus.<\/li>\n<li>Triuk\u0161mas: patikrinkite, ar n\u0117ra atsilaisvinusi\u0173 jung\u010di\u0173 ar pa\u017eeist\u0173 dali\u0173, ir prireikus jas priver\u017ekite arba pakeiskite.<\/li>\n<li>Perkaitimas: patikrinkite alyvos lyg\u012f ir klampum\u0105, i\u0161valykite arba pakeiskite au\u0161inimo sistem\u0105.<\/li>\n<\/ul>\n<p>Svarbu laikytis gamintojo pateikt\u0173 technin\u0117s prie\u017ei\u016bros instrukcij\u0173 ir tiksliai registruoti atliktus technin\u0117s prie\u017ei\u016bros bei remonto darbus.<\/p>\n<p><img decoding=\"async\" src=\"https:\/\/www.hydraulic-cylinders.net\/wp-content\/uploads\/2025\/01\/songte-chushion-collar.webp\" alt=\"Apykakl\u0117s vaizdas\"><\/p>\n<h3>Diegimo vadovas<\/h3>\n<p>Tinkamas svirties cilindro montavimas gali u\u017etikrinti saug\u0173 ir efektyv\u0173 veikim\u0105. Atlikite \u0161iuos veiksmus:<\/p>\n<ol>\n<li>Paruo\u0161kite montavimo viet\u0105 ir \u012fsitikinkite, kad ji lygi ir stabili.<\/li>\n<li>Pritvirtinkite cilindr\u0105 prie ma\u0161inos svirties arba str\u0117l\u0117s naudodami tinkamus laikiklius ir var\u017etus.<\/li>\n<li>Prijunkite hidraulines \u017earnas ir jungiam\u0105sias detales pagal gamintojo instrukcijas.<\/li>\n<li>Pripildykite hidraulin\u0119 sistem\u0105 rekomenduojama alyva ir patikrinkite, ar n\u0117ra nuot\u0117ki\u0173.<\/li>\n<li>Atlikite veikimo bandym\u0105 ir, jei reikia, sureguliuokite hidraulin\u0119 sistem\u0105.<\/li>\n<\/ol>\n<h3>Apie mus<\/h3>\n<p>Esame profesionalus pakaitini\u0173 hidraulini\u0173 cilindr\u0173 gamintojas, si\u016blantis plat\u0173 gamini\u0173 asortiment\u0105. Tapome vienu i\u0161 pirmaujan\u010di\u0173 hidraulini\u0173 cilindr\u0173 gamintoj\u0173 ir didmeninink\u0173 vidaus ir tarptautin\u0117se rinkose. Visada laikom\u0117s puikios kokyb\u0117s principo, gamybos cechuose taikome industrializuot\u0105 gamybos valdymo strategij\u0105 ir nuolat tobuliname technologijas bei gamybos efektyvum\u0105. Diegdami auk\u0161\u010diausios klas\u0117s skaitmenin\u0119 gamybos \u012frang\u0105 ir profesionalias bandym\u0173 sistemas, nuolat optimizuojame gamybos platform\u0105, tobuliname gamini\u0173 kokyb\u0117s kontrol\u0117s proces\u0105 ir turime stiprias inovacij\u0173 galimybes. M\u016bs\u0173 tikslas \u2013 patenkinti \u012fvairius klient\u0173 poreikius, si\u016blant didelio efektyvumo, tikslumo ir auk\u0161tos kokyb\u0117s gaminius.<\/p>\n<p>Si\u016blome individualiai pritaikytas paslaugas, turime tarptautiniu mastu pripa\u017eintus sertifikatus, pa\u017eangi\u0105 gamybos \u012frang\u0105 ir puik\u0173 aptarnavim\u0105 po pardavimo. Esame \u012fsipareigoj\u0119 klientams teikti auk\u0161tos kokyb\u0117s produktus ir paslaugas.<\/p>\n<p><img decoding=\"async\" src=\"https:\/\/www.hydraulic-cylinders.net\/wp-content\/uploads\/2025\/01\/songte-company-4.webp\" alt=\"\u012emon\u0117s \u012fvaizdis\"><br \/>\n<img decoding=\"async\" src=\"https:\/\/www.hydraulic-cylinders.net\/wp-content\/uploads\/2025\/01\/songte-company-3.webp\" alt=\"Gamybos vaizdas\"><\/p>\n<p>Autorius: lyl<\/p>","protected":false},"excerpt":{"rendered":"<p>Arm Cylinder For Volvo Middle Excavator EC220D Definition and Explanation Arm cylinder is a type of hydraulic cylinder specially designed to provide linear motion and power to the arms of various machinery such as excavators, cranes, and manipulators. The arm cylinder plays a key role in hydraulic systems, enabling the effective movement and control of [&hellip;]<\/p>","protected":false},"featured_media":14772,"comment_status":"open","ping_status":"closed","template":"","meta":{"_et_pb_use_builder":"","_et_pb_old_content":"","_et_gb_content_width":""},"product_brand":[],"product_cat":[1497],"product_tag":[1498,1496],"class_list":{"0":"post-16320","1":"product","2":"type-product","3":"status-publish","4":"has-post-thumbnail","6":"product_cat-arm-cylinders","7":"product_tag-arm-cylinders","8":"product_tag-hydraulic-cylinders","10":"first","11":"instock","12":"shipping-taxable","13":"product-type-simple"},"amp_enabled":true,"_links":{"self":[{"href":"https:\/\/www.hydraulic-cylinders.net\/lt\/wp-json\/wp\/v2\/product\/16320","targetHints":{"allow":["GET"]}}],"collection":[{"href":"https:\/\/www.hydraulic-cylinders.net\/lt\/wp-json\/wp\/v2\/product"}],"about":[{"href":"https:\/\/www.hydraulic-cylinders.net\/lt\/wp-json\/wp\/v2\/types\/product"}],"replies":[{"embeddable":true,"href":"https:\/\/www.hydraulic-cylinders.net\/lt\/wp-json\/wp\/v2\/comments?post=16320"}],"wp:featuredmedia":[{"embeddable":true,"href":"https:\/\/www.hydraulic-cylinders.net\/lt\/wp-json\/wp\/v2\/media\/14772"}],"wp:attachment":[{"href":"https:\/\/www.hydraulic-cylinders.net\/lt\/wp-json\/wp\/v2\/media?parent=16320"}],"wp:term":[{"taxonomy":"product_brand","embeddable":true,"href":"https:\/\/www.hydraulic-cylinders.net\/lt\/wp-json\/wp\/v2\/product_brand?post=16320"},{"taxonomy":"product_cat","embeddable":true,"href":"https:\/\/www.hydraulic-cylinders.net\/lt\/wp-json\/wp\/v2\/product_cat?post=16320"},{"taxonomy":"product_tag","embeddable":true,"href":"https:\/\/www.hydraulic-cylinders.net\/lt\/wp-json\/wp\/v2\/product_tag?post=16320"}],"curies":[{"name":"wp","href":"https:\/\/api.w.org\/{rel}","templated":true}]}}