{"id":16324,"date":"2025-01-20T09:05:53","date_gmt":"2025-01-20T09:05:53","guid":{"rendered":"https:\/\/www.hydraulic-cylinders.net\/product\/arm-cylinderfor-volvo-middle-excavator-ec210bp\/"},"modified":"2025-01-20T09:05:55","modified_gmt":"2025-01-20T09:05:55","slug":"arm-cylinderfor-volvo-middle-excavator-ec210bp","status":"publish","type":"product","link":"https:\/\/www.hydraulic-cylinders.net\/lt\/produktas\/arm-cylinderfor-volvo-middle-excavator-ec210bp\/","title":{"rendered":"\u201eVolvo\u201c vidutinio dyd\u017eio ekskavatoriaus EC210BP rankenos cilindras"},"content":{"rendered":"<h1>\u201eVolvo\u201c vidutinio dyd\u017eio ekskavatoriaus EC210BP svirties cilindras<\/h1>\n<h2>Apibr\u0117\u017eimas ir paai\u0161kinimas<\/h2>\n<p>Svirties cilindras yra specialiai suprojektuotas hidraulinis cilindras, naudojamas \u012fvairi\u0173 tip\u0173 ma\u0161in\u0173, toki\u0173 kaip ekskavatoriai, kranai ir robotin\u0117s svirtys, svir\u010diai tiesiniam judesiui ir galiai u\u017etikrinti. Svirties cilindras atlieka labai svarb\u0173 vaidmen\u012f hidraulin\u0117se sistemose, nes leid\u017eia efektyviai jud\u0117ti ir valdyti priedus ar priedus. \u0160ie cilindrai ne tik u\u017etikrina skland\u0173 jud\u0117jim\u0105, bet ir atlaiko dideles apkrovas, u\u017etikrindami efektyv\u0173 ma\u0161in\u0173 veikim\u0105 ir patikimum\u0105 \u012fvairiomis darbo s\u0105lygomis.<\/p>\n<p><img decoding=\"async\" src=\"https:\/\/www.hydraulic-cylinders.net\/wp-content\/uploads\/2025\/01\/songte-company-2.webp\"><\/p>\n<h2>Savyb\u0117s<\/h2>\n<ul>\n<li>Didelio efektyvumo transmisija: Svirties cilindras u\u017etikrina galing\u0105 tiesin\u012f judes\u012f ir j\u0117g\u0105, u\u017etikrindamas auk\u0161t\u0105 na\u0161um\u0105 atliekant \u012fvairias operacijas.<\/li>\n<li>Tikslus valdymas: Hidraulin\u0117s sistemos d\u0117ka svirties cilindras leid\u017eia tiksliai valdyti judes\u012f, tod\u0117l pritvirtint\u0173 \u012franki\u0173 valdymas tampa lankstesnis ir tikslesnis.<\/li>\n<li>Didelis patvarumas: Svirtiniai cilindrai paprastai gaminami i\u0161 didelio stiprumo med\u017eiag\u0173, kurios pasi\u017eymi puikiu atsparumu dilimui ir korozijai, tod\u0117l tinka ilgalaikiam naudojimui at\u0161iauriomis s\u0105lygomis.<\/li>\n<li>Daugiafunkcis pritaikomumas: \u0160ie cilindrai gali b\u016bti pla\u010diai naudojami \u012fvairi\u0173 tip\u0173 ma\u0161inose, tokiose kaip ekskavatoriai, kranai ir robotin\u0117s rankos, prisitaikant prie skirting\u0173 darbo reikalavim\u0173.<\/li>\n<li>Lengva prie\u017ei\u016bra: Projektuojant atsi\u017evelgiama \u012f paprast\u0105 prie\u017ei\u016br\u0105 ir keitim\u0105, tod\u0117l reguliari ap\u017ei\u016bra ir technin\u0117 prie\u017ei\u016bra yra patogesn\u0117, o \u012frangos prastovos laikas sutrump\u0117ja.<\/li>\n<\/ul>\n<p><img decoding=\"async\" src=\"https:\/\/www.hydraulic-cylinders.net\/wp-content\/uploads\/2025\/01\/songte-oil-pipes-and-spare-parts.webp\"><\/p>\n<h2>Parai\u0161kos<\/h2>\n<ul>\n<li>Statybos in\u017einerija: Ekskavatoriuose ir kranuose svirties cilindras naudojamas kau\u0161\u0173 ar str\u0117li\u0173 jud\u0117jimui valdyti atliekant \u017eem\u0117s darbus, med\u017eiag\u0173 tvarkym\u0105 ir konstrukcij\u0173 montavim\u0105.<\/li>\n<li>Gamybos pramon\u0117: Automatizuotose gamybos linijose rankos cilindras naudojamas robotin\u0117ms rankoms judinti, \u012fgalinant tokius procesus kaip surinkimas, suvirinimas ir med\u017eiag\u0173 tvarkymas, taip padidinant gamybos efektyvum\u0105 ir tikslum\u0105.<\/li>\n<li>\u017dem\u0117s \u016bkio technika: \u017dem\u0117s \u016bkio \u012frangoje, tokioje kaip derliaus nu\u0117mimo ma\u0161inos ir s\u0117jamosios, svirties cilindras valdo darbini\u0173 svir\u010di\u0173 jud\u0117jim\u0105 atliekant tokias u\u017eduotis kaip s\u0117ja, tr\u0119\u0161imas ir derliaus nu\u0117mimas.<\/li>\n<li>Kasyba: Kasybos \u012frangoje svirties cilindras naudojamas kasybos ma\u0161in\u0173 svirties jud\u0117jimui valdyti r\u016bdos gavybai ir transportavimui.<\/li>\n<li>Logistika ir transportavimas: \u0160akiniuose krautuvuose ir krovini\u0173 krovimo robotuose svirties cilindras valdo \u0161aki\u0173 k\u0117lim\u0105 ir jud\u0117jim\u0105, palengvindamas med\u017eiag\u0173 tvarkym\u0105 ir krovim\u0105.<\/li>\n<\/ul>\n<h2>Projektavimo aspektai ir atrankos kriterijai<\/h2>\n<ul>\n<li>Apkrovos paj\u0117gumas: Aptarkite svirties cilindro apkrovos paj\u0117gumo svarb\u0105 ir kaip jis veikia mechanizm\u0173 veikim\u0105 ir saug\u0105.<\/li>\n<li>Sandarinimo galimyb\u0117s: i\u0161nagrin\u0117kite \u012fvairius naudojamus sandarinimo komponentus, tokius kaip st\u016bmokli\u0173 ir kot\u0173 sandarikliai, kurie pagaminti i\u0161 atspari\u0173 dilimui med\u017eiag\u0173, toki\u0173 kaip poliuretanas ir nitrilo kau\u010diukas. Pabr\u0117\u017ekite tinkamo sandarinimo svarb\u0105 siekiant i\u0161vengti nuot\u0117kio ir u\u017etikrinti optimal\u0173 veikim\u0105.<\/li>\n<li>Patvarumas: Pabr\u0117\u017ekite auk\u0161tos kokyb\u0117s med\u017eiag\u0173 ir pavir\u0161iaus apdorojimo naudojim\u0105 cilindro korpusui ir srieginiams galams, siekiant padidinti atsparum\u0105 dilimui ir ilgaam\u017ei\u0161kum\u0105.<\/li>\n<li>Sauga: Projektuojant reikia atsi\u017evelgti \u012f saugos aspektus, pavyzd\u017eiui, \u012ftraukti saugos funkcijas, kad b\u016bt\u0173 i\u0161vengta staigi\u0173 judesi\u0173 ar gedim\u0173, kurie gali kelti pavoj\u0173 operatoriams ir \u0161alia esantiems darbuotojams.<\/li>\n<li>Prie\u017ei\u016bra: Aptarkite prie\u017ei\u016bros paprastum\u0105 ir reguliaraus tepimo tinkama hidrauline alyva poreik\u012f, kad b\u016bt\u0173 u\u017etikrintas sklandus veikimas.<\/li>\n<\/ul>\n<p><img decoding=\"async\" src=\"https:\/\/www.hydraulic-cylinders.net\/wp-content\/uploads\/2025\/01\/songte-cylinder-head-with-all-kinds-excavator-models.webp\"><\/p>\n<h2>Sandarinimas ir tepimas<\/h2>\n<p>Svirtiniame cilindre naudojami \u012fvair\u016bs sandarinimo komponentai, \u012fskaitant st\u016bmokli\u0173 ir kot\u0173 sandariklius, pagamintus i\u0161 patvari\u0173 med\u017eiag\u0173, toki\u0173 kaip poliuretanas ir nitrilo kau\u010diukas. Cilindro korpusas ir srieginiai galai yra kruop\u0161\u010diai apdorojami, siekiant pagerinti atsparum\u0105 dilimui. Norint u\u017etikrinti tinkam\u0105 cilindro veikim\u0105 ir ilgaam\u017ei\u0161kum\u0105, b\u016btina reguliariai tepti tinkama hidrauline alyva.<\/p>\n<h2>Reguliarus patikrinimas ir prevencin\u0117 prie\u017ei\u016bra<\/h2>\n<ul>\n<li>Reguliariai tikrinkite svirties cilindr\u0105, ar n\u0117ra susid\u0117v\u0117jimo, nuot\u0117kio ar pa\u017eeidim\u0173 po\u017eymi\u0173.<\/li>\n<li>Patikrinkite ir prireikus pakeiskite sandariklius ir kitus komponentus.<\/li>\n<li>U\u017etikrinkite tinkam\u0105 cilindro tepim\u0105 ir \u0161var\u0105.<\/li>\n<li>Steb\u0117kite cilindro veikim\u0105, kad anksti nustatytum\u0117te galimas problemas.<\/li>\n<li>Laikykit\u0117s gamintojo pateikto rekomenduojamo technin\u0117s prie\u017ei\u016bros grafiko.<\/li>\n<\/ul>\n<h2>Produkto diegimo vadovas<\/h2>\n<p>Tinkamas svirties cilindro montavimas yra labai svarbus jo veikimui ir ilgaam\u017ei\u0161kumui. Atlikite \u0161iuos veiksmus:<\/p>\n<ol>\n<li>Paruo\u0161kite tvirtinimo viet\u0105 ir \u012fsitikinkite, kad ji \u0161vari ir be joki\u0173 \u0161iuk\u0161li\u0173.<\/li>\n<li>Sulygiuokite svirties cilindr\u0105 su tvirtinimo ta\u0161kais ir pritvirtinkite j\u012f naudodami atitinkamus var\u017etus arba tvirtinimo detales.<\/li>\n<li>Prijunkite hidraulines \u017earnas arba vamzd\u017eius prie cilindro ang\u0173, u\u017etikrindami tinkam\u0105 sandarum\u0105.<\/li>\n<li>Patikrinkite, ar tinkamai suderinta, ir atlikite reikiamus pakeitimus.<\/li>\n<li>Prie\u0161 visi\u0161kai \u012fjungdami svirties cilindr\u0105, patikrinkite jo veikim\u0105.<\/li>\n<\/ol>\n<p><img decoding=\"async\" src=\"https:\/\/www.hydraulic-cylinders.net\/wp-content\/uploads\/2025\/01\/songte-bushings-with-all-kinds-of-excavator-models.webp\"><\/p>\n<h2>Saugos aspektai ir aplinkos veiksniai<\/h2>\n<p>Naudojant svirtin\u012f cilindr\u0105, labai svarbu teikti pirmenyb\u0119 saugos priemon\u0117ms. Tinkamas mokymas, naudojimo instrukcij\u0173 laikymasis ir asmenini\u0173 apsaugos priemoni\u0173 naudojimas yra labai svarb\u016bs siekiant i\u0161vengti nelaiming\u0173 atsitikim\u0173 ir su\u017ealojim\u0173. Be to, atsi\u017evelgiant \u012f aplinkos veiksnius, tokius kaip temperat\u016bra, dr\u0117gm\u0117 ir galimi ter\u0161alai, galima u\u017etikrinti optimal\u0173 svirtinio cilindro veikim\u0105 ir ilgaam\u017ei\u0161kum\u0105.<\/p>\n<h2>Trik\u010di\u0173 \u0161alinimas ir da\u017eniausiai pasitaikan\u010dios problemos<\/h2>\n<p>Da\u017eniausios problemos, kurios gali kilti d\u0117l svirties cilindro, yra nuot\u0117kis, netolyg\u016bs judesiai ir suma\u017e\u0117j\u0119s na\u0161umas. Nor\u0117dami i\u0161spr\u0119sti \u0161ias problemas:<\/p>\n<ul>\n<li>Nustatykite galimas problemos prie\u017eastis, pvz., pa\u017eeistus sandariklius arba nepakankam\u0105 tepim\u0105.<\/li>\n<li>\u017dr. gamintojo trik\u010di\u0173 \u0161alinimo vadov\u0105 arba kreipkit\u0117s pagalbos \u012f technin\u0119 pagalb\u0105.<\/li>\n<li>Atlikite rekomenduojamus trik\u010di\u0173 \u0161alinimo veiksmus, kad diagnozuotum\u0117te ir i\u0161spr\u0119stum\u0117te problem\u0105.<\/li>\n<li>\u012egyvendinkite prevencines priemones, kad suma\u017eintum\u0117te galimas problemas, pavyzd\u017eiui, reguliari\u0105 technin\u0119 prie\u017ei\u016br\u0105 ir patikrinimus.<\/li>\n<\/ul>\n<p><img decoding=\"async\" src=\"https:\/\/www.hydraulic-cylinders.net\/wp-content\/uploads\/2025\/01\/songte-chushion-collar.webp\"><\/p>\n<p>Nepamir\u0161kite straipsn\u012f strukt\u016brizuoti logi\u0161kai, naudoti paantra\u0161tes lengvam nar\u0161ymui, \u012ftraukti atitinkam\u0173 vaizd\u0173 ar diagram\u0173, kad b\u016bt\u0173 lengviau suprasti, ir u\u017etikrinti, kad turinys b\u016bt\u0173 ai\u0161kus, glaustas ir tinkamas skaitytojams, turintiems skirting\u0105 technini\u0173 \u017eini\u0173 lyg\u012f.<\/p>\n<hr>\n<p>Apie autori\u0173: lyl<\/p>\n<hr>\n<h2>\u012evadas \u012f m\u016bs\u0173 \u012fmon\u0119<\/h2>\n<p>Esame profesionalus pakaitini\u0173 hidraulini\u0173 cilindr\u0173 gamintojas, si\u016blantis plat\u0173 gamini\u0173 asortiment\u0105. Tapome vienu i\u0161 pirmaujan\u010di\u0173 hidraulini\u0173 cilindr\u0173 gamintoj\u0173 ir didmenini\u0173 platintoj\u0173 vidaus ir tarptautin\u0117se rinkose. Vadovaudamiesi meistri\u0161kumo principu, nuolat tobuliname savo technologinius paj\u0117gumus ir gamybos efektyvum\u0105, naudodami pa\u017eangius gamybos \u012frenginius ir profesionalias testavimo sistemas. M\u016bs\u0173 gamybos platforma yra optimizuota diegiant auk\u0161\u010diausios klas\u0117s skaitmenin\u0119 gamybos \u012frang\u0105, kuri leid\u017eia mums tobulinti gamini\u0173 kokyb\u0117s kontrol\u0117s procesus ir demonstruoti stiprius inovacij\u0173 paj\u0117gumus. M\u016bs\u0173 tikslas \u2013 patenkinti \u012fvairius klient\u0173 poreikius, teikiant didelio efektyvumo, tikslumo ir auk\u0161tos kokyb\u0117s gaminius.<\/p>\n<p><img decoding=\"async\" src=\"https:\/\/www.hydraulic-cylinders.net\/wp-content\/uploads\/2025\/01\/songte-company-4.webp\"><br \/>\n<img decoding=\"async\" src=\"https:\/\/www.hydraulic-cylinders.net\/wp-content\/uploads\/2025\/01\/songte-company-3.webp\"><\/p>\n<h2>M\u016bs\u0173 stipryb\u0117s<\/h2>\n<ul>\n<li>Profesionalumas: Turime ekspert\u0173 komand\u0105, skirt\u0105 teikti i\u0161skirtinius hidraulini\u0173 cilindr\u0173 sprendimus.<\/li>\n<li>Tarptautiniai sertifikatai: M\u016bs\u0173 gaminiai atitinka tarptautinius kokyb\u0117s standartus ir yra sertifikuoti patikimam veikimui.<\/li>\n<li>Individualaus pritaikymo paslaugos: Si\u016blome individualius sprendimus, pritaikytus konkretiems klient\u0173 reikalavimams.<\/li>\n<li>Pa\u017eangi gamybos \u012franga: M\u016bs\u0173 gamybos \u012frenginiai apr\u016bpinti moderniausia \u012franga, u\u017etikrinan\u010dia efektyvi\u0105 gamyb\u0105.<\/li>\n<li>Aptarnavimas po pardavimo: teikiame i\u0161sami\u0105 garantinio aptarnavimo paslaug\u0105, kad u\u017etikrintume klient\u0173 pasitenkinim\u0105.<\/li>\n<\/ul>","protected":false},"excerpt":{"rendered":"<p>Arm Cylinder For Volvo Middle Excavator EC210BP Definition and Explanation The arm cylinder is a specially designed hydraulic cylinder that is used to provide linear motion and power to the arm of various types of machinery, such as excavators, cranes, and robotic arms. The arm cylinder plays a crucial role in hydraulic systems, enabling the [&hellip;]<\/p>","protected":false},"featured_media":14759,"comment_status":"open","ping_status":"closed","template":"","meta":{"_et_pb_use_builder":"","_et_pb_old_content":"","_et_gb_content_width":""},"product_brand":[],"product_cat":[1497],"product_tag":[1498,1496],"class_list":{"0":"post-16324","1":"product","2":"type-product","3":"status-publish","4":"has-post-thumbnail","6":"product_cat-arm-cylinders","7":"product_tag-arm-cylinders","8":"product_tag-hydraulic-cylinders","10":"first","11":"instock","12":"shipping-taxable","13":"product-type-simple"},"amp_enabled":true,"_links":{"self":[{"href":"https:\/\/www.hydraulic-cylinders.net\/lt\/wp-json\/wp\/v2\/product\/16324","targetHints":{"allow":["GET"]}}],"collection":[{"href":"https:\/\/www.hydraulic-cylinders.net\/lt\/wp-json\/wp\/v2\/product"}],"about":[{"href":"https:\/\/www.hydraulic-cylinders.net\/lt\/wp-json\/wp\/v2\/types\/product"}],"replies":[{"embeddable":true,"href":"https:\/\/www.hydraulic-cylinders.net\/lt\/wp-json\/wp\/v2\/comments?post=16324"}],"wp:featuredmedia":[{"embeddable":true,"href":"https:\/\/www.hydraulic-cylinders.net\/lt\/wp-json\/wp\/v2\/media\/14759"}],"wp:attachment":[{"href":"https:\/\/www.hydraulic-cylinders.net\/lt\/wp-json\/wp\/v2\/media?parent=16324"}],"wp:term":[{"taxonomy":"product_brand","embeddable":true,"href":"https:\/\/www.hydraulic-cylinders.net\/lt\/wp-json\/wp\/v2\/product_brand?post=16324"},{"taxonomy":"product_cat","embeddable":true,"href":"https:\/\/www.hydraulic-cylinders.net\/lt\/wp-json\/wp\/v2\/product_cat?post=16324"},{"taxonomy":"product_tag","embeddable":true,"href":"https:\/\/www.hydraulic-cylinders.net\/lt\/wp-json\/wp\/v2\/product_tag?post=16324"}],"curies":[{"name":"wp","href":"https:\/\/api.w.org\/{rel}","templated":true}]}}