{"id":16331,"date":"2025-01-20T09:06:31","date_gmt":"2025-01-20T09:06:31","guid":{"rendered":"https:\/\/www.hydraulic-cylinders.net\/product\/arm-cylinderfor-volvo-large-excavator-ec480b\/"},"modified":"2025-01-20T09:06:33","modified_gmt":"2025-01-20T09:06:33","slug":"arm-cylinderfor-volvo-large-excavator-ec480b","status":"publish","type":"product","link":"https:\/\/www.hydraulic-cylinders.net\/lt\/produktas\/arm-cylinderfor-volvo-large-excavator-ec480b\/","title":{"rendered":"\u201eVolvo\u201c didelio ekskavatoriaus EC480B svirties cilindras"},"content":{"rendered":"<h1>\u201eVolvo\u201c didelio ekskavatoriaus EC480B svirties cilindras<\/h1>\n<h2>\u012evadas<\/h2>\n<p>\u201eVolvo Large Excavator EC480B\u201c svirties cilindras yra specialiai sukurtas hidraulinis cilindras, u\u017etikrinantis tiesin\u012f judes\u012f ir gali\u0105 \u012fvairi\u0173 ma\u0161in\u0173, toki\u0173 kaip ekskavatoriai, kranai ir mechanin\u0117s svirtys, svir\u010diai. Svirties cilindras atlieka labai svarb\u0173 vaidmen\u012f hidraulin\u0117se sistemose, nes leid\u017eia efektyviai jud\u0117ti ir valdyti papildomus \u012frankius ar priedus. \u0160ie cilindrai ne tik u\u017etikrina skland\u0173 jud\u0117jim\u0105, bet ir atlaiko dideles apkrovas, u\u017etikrindami auk\u0161t\u0105 veikimo efektyvum\u0105 ir patikimum\u0105 \u012fvairiomis darbo s\u0105lygomis.<\/p>\n<p><img decoding=\"async\" src=\"https:\/\/www.hydraulic-cylinders.net\/wp-content\/uploads\/2025\/01\/songte-company-2.webp\" alt=\"Svirties cilindro vaizdas\"><\/p>\n<h2>Savyb\u0117s<\/h2>\n<ol>\n<li>Didelio efektyvumo transmisija: Svirties cilindras u\u017etikrina stipr\u0173 tiesin\u012f judes\u012f ir j\u0117g\u0105, u\u017etikrindamas auk\u0161t\u0105 mechanin\u0117s svirties na\u0161um\u0105 atliekant \u012fvairias operacijas.<\/li>\n<li>Tikslus valdymas: Hidraulin\u0117s sistemos d\u0117ka svirties cilindras u\u017etikrina tiksl\u0173 judesio valdym\u0105, tod\u0117l papildom\u0173 \u012franki\u0173 valdymas tampa lankstesnis ir tikslesnis.<\/li>\n<li>Patvarumas: Svirtiniai cilindrai paprastai gaminami i\u0161 didelio stiprumo med\u017eiag\u0173, pasi\u017eymin\u010di\u0173 puikiu atsparumu dilimui ir korozijai, tod\u0117l jie tinkami ilgalaikiam naudojimui at\u0161iauriomis s\u0105lygomis.<\/li>\n<li>Daugiafunkcis pritaikomumas: \u0160ie cilindrai gali b\u016bti pla\u010diai naudojami \u012fvairiose ma\u0161in\u0173 \u012frangose, tokiose kaip ekskavatoriai, kranai ir mechanin\u0117s svirtys, prisitaikant prie skirting\u0173 darbo reikalavim\u0173.<\/li>\n<li>Lengva prie\u017ei\u016bra: sukurta taip, kad b\u016bt\u0173 lengva pri\u017ei\u016br\u0117ti ir keisti, reguliari ap\u017ei\u016bra ir technin\u0117 prie\u017ei\u016bra tampa patogios, tod\u0117l sutrump\u0117ja \u012frangos prastovos.<\/li>\n<\/ol>\n<p><img decoding=\"async\" src=\"https:\/\/www.hydraulic-cylinders.net\/wp-content\/uploads\/2025\/01\/songte-oil-pipes-and-spare-parts.webp\" alt=\"Cilindro dali\u0173 vaizdas\"><\/p>\n<h2>Parai\u0161kos<\/h2>\n<p>Svirtinis cilindras naudojamas \u012fvairiose pramon\u0117s \u0161akose ir srityse:<\/p>\n<h3>1. Statybos in\u017einerija<\/h3>\n<p>Ekskavatoriuose ir kranuose svirties cilindras valdo kau\u0161\u0173 arba str\u0117li\u0173 jud\u0117jim\u0105 atliekant \u017eem\u0117s darbus, med\u017eiag\u0173 tvarkym\u0105 ir konstrukcij\u0173 montavim\u0105.<\/p>\n<h3>2. Gamyba<\/h3>\n<p>Automatizuotose gamybos linijose svirties cilindras leid\u017eia judinti mechanines svirtis surinkimo, suvirinimo ir tvarkymo procesams, taip padidindamas gamybos efektyvum\u0105 ir tikslum\u0105.<\/p>\n<h3>3. \u017dem\u0117s \u016bkio technika<\/h3>\n<p>\u017dem\u0117s \u016bkio technikoje, pavyzd\u017eiui, derliaus nu\u0117mimo ir s\u0117jamosiose, svirties cilindras valdo valdymo svir\u010di\u0173 judes\u012f atliekant tokias u\u017eduotis kaip s\u0117ja, tr\u0119\u0161imas ir derliaus nu\u0117mimas.<\/p>\n<h3>4. Kasyba<\/h3>\n<p>Kasybos \u012frangoje svirties cilindras valdo kasybos \u012frangos svirties jud\u0117jim\u0105 r\u016bdos gavybai ir transportavimui.<\/p>\n<h3>5. Logistika ir transportas<\/h3>\n<p>\u0160akiniuose krautuvuose ir robotuose svirties cilindras valdo \u0161aki\u0173 k\u0117lim\u0105 ir jud\u0117jim\u0105, taip \u012fgalindamas med\u017eiag\u0173 tvarkym\u0105 ir krovim\u0105.<\/p>\n<p><img decoding=\"async\" src=\"https:\/\/www.hydraulic-cylinders.net\/wp-content\/uploads\/2025\/01\/songte-cylinder-head-with-all-kinds-excavator-models.webp\" alt=\"Cilindro galvut\u0117s vaizdas\"><\/p>\n<h2>Projektavimo aspektai ir atrankos kriterijai<\/h2>\n<p>Projektuojant ir renkantis cilindro formos rankenas, atsi\u017evelgiama \u012f kelis pagrindinius veiksnius:<\/p>\n<h3>1. Apkrovos paj\u0117gumas<\/h3>\n<p>Svirties cilindras turi atlaikyti maksimali\u0105 apkrov\u0105, su kuria susidurs eksploatacijos metu, u\u017etikrindamas saug\u0173 ir efektyv\u0173 veikim\u0105.<\/p>\n<h3>2. Sandarinimas<\/h3>\n<p>Siekiant u\u017etikrinti tinkam\u0105 sandarinim\u0105, naudojami \u012fvair\u016bs sandarinimo elementai, tokie kaip st\u016bmokli\u0173 ir kot\u0173 sandarikliai. \u0160ie sandarikliai pagaminti i\u0161 atspari\u0173 dilimui med\u017eiag\u0173, toki\u0173 kaip poliuretanas ir nitrilo kau\u010diukas. Cilindro korpusas ir srieginiai galai yra kruop\u0161\u010diai apdorojami, kad b\u016bt\u0173 padidintas atsparumas dilimui. Norint tinkamai veikti, b\u016btina reguliariai tepti hidrauline alyva.<\/p>\n<p><img decoding=\"async\" src=\"https:\/\/www.hydraulic-cylinders.net\/wp-content\/uploads\/2025\/01\/songte-chushion-collar.webp\" alt=\"Cilindro sandarikli\u0173 vaizdas\"><\/p>\n<h3>3. Patvarumas<\/h3>\n<p>Svirtinis cilindras pagamintas i\u0161 auk\u0161tos kokyb\u0117s med\u017eiag\u0173 ir yra grie\u017etai i\u0161bandytas, siekiant u\u017etikrinti patvarum\u0105 ir ilgaam\u017ei\u0161kum\u0105 sud\u0117tingomis eksploatavimo s\u0105lygomis.<\/p>\n<h3>4. Saugumas<\/h3>\n<p>Siekiant i\u0161vengti nelaiming\u0173 atsitikim\u0173 ir u\u017etikrinti operatoriaus saug\u0105, \u012f konstrukcij\u0105 \u012ftraukiami saugos aspektai, tokie kaip sl\u0117gio ma\u017einimo vo\u017etuvai ir avarinio stabdymo mechanizmai.<\/p>\n<h3>5. Prie\u017ei\u016bra<\/h3>\n<p>Projektavimo ypatyb\u0117s \u012fdiegtos siekiant palengvinti prie\u017ei\u016br\u0105 ir keitim\u0105, suma\u017einti prastovas ir optimizuoti svirties cilindro tarnavimo laik\u0105.<\/p>\n<h2>Reguliarus patikrinimas ir prevencin\u0117 prie\u017ei\u016bra<\/h2>\n<p>Norint u\u017etikrinti optimal\u0173 svirties cilindro veikim\u0105 ir ilgaam\u017ei\u0161kum\u0105, reikia reguliariai atlikti patikrinimus ir profilaktinius darbus:<\/p>\n<ul>\n<li>Patikrinkite cilindr\u0105, ar n\u0117ra nuot\u0117kio, pa\u017eeidim\u0173 ar nenormalaus susid\u0117v\u0117jimo po\u017eymi\u0173.<\/li>\n<li>Patikrinkite sandariklius ir tepimo sistem\u0105, kad \u012fsitikintum\u0117te, jog jie tinkamai veikia.<\/li>\n<li>I\u0161valykite ir sutepkite cilindr\u0105 pagal gamintojo rekomendacijas.<\/li>\n<li>Nedelsdami pakeiskite susid\u0117v\u0117jusius arba pa\u017eeistus komponentus.<\/li>\n<\/ul>\n<h2>Produkto diegimo vadovas<\/h2>\n<p>Tinkamas svirties cilindro montavimas yra b\u016btinas optimaliam veikimui ir saugumui u\u017etikrinti. Laikykit\u0117s \u0161i\u0173 nurodym\u0173:<\/p>\n<ol>\n<li>Prie\u0161 montuodami \u012fsitikinkite, kad \u012franga yra i\u0161jungta, o hidraulin\u0117je sistemoje n\u0117ra sl\u0117gio.<\/li>\n<li>Tvirtai pritvirtinkite cilindr\u0105 norimoje pad\u0117tyje, vadovaudamiesi gamintojo instrukcijomis.<\/li>\n<li>Priver\u017ekite visas jungtis pagal rekomenduojamus sukimo momento reikalavimus.<\/li>\n<li>Patikrinkite judan\u010di\u0173 dali\u0173 tinkam\u0105 sulygiavim\u0105 ir laisvum\u0105.<\/li>\n<li>Patikrinkite cilindro veikim\u0105 ir atlikite visus reikiamus reguliavimus.<\/li>\n<\/ol>\n<p><img decoding=\"async\" src=\"https:\/\/www.hydraulic-cylinders.net\/wp-content\/uploads\/2025\/01\/songte-bushings-with-all-kinds-of-excavator-models.webp\" alt=\"\u012evori\u0173 vaizdas\"><\/p>\n<h2>Saugos aspektai ir aplinkos veiksniai<\/h2>\n<p>Naudojant svirtin\u012f cilindr\u0105, svarbu teikti pirmenyb\u0119 saugos priemon\u0117ms, siekiant i\u0161vengti nelaiming\u0173 atsitikim\u0173 ir apsaugoti aplink\u0105. Tinkamas mokymas, saugos protokol\u0173 laikymasis ir asmenini\u0173 apsaugos priemoni\u0173 naudojimas yra labai svarb\u016bs.<\/p>\n<h2>Trik\u010di\u0173 \u0161alinimas ir da\u017eniausiai pasitaikan\u010dios problemos<\/h2>\n<p>Naudojant svirties cilindr\u0105 gali kilti problem\u0173. Pateikiame kelet\u0105 da\u017eniausiai pasitaikan\u010di\u0173 problem\u0173 ir trik\u010di\u0173 \u0161alinimo patarim\u0173:<\/p>\n<ul>\n<li>Jei cilindras tinkamai nei\u0161siple\u010dia arba nesusitraukia, patikrinkite hidraulinio skys\u010dio lyg\u012f ir sl\u0117g\u012f. Taip pat ap\u017ei\u016br\u0117kite, ar n\u0117ra sandarikli\u0173 ar pa\u017eeidim\u0173.<\/li>\n<li>Jei eksploatacijos metu girdimas per didelis triuk\u0161mas ar vibracija, patikrinkite cilindro tvirtinim\u0105 ir lygiavim\u0105, ar n\u0117ra atsilaisvinusi\u0173 jung\u010di\u0173.<\/li>\n<li>Jei cilindras juda pertraukiamai arba netolygiai, patikrinkite, ar hidraulin\u0117je sistemoje n\u0117ra oro, ir prireikus i\u0161leiskite or\u0105.<\/li>\n<\/ul>\n<p>Reguliarus profilaktinis aptarnavimas ir greitas trik\u010di\u0173 \u0161alinimas gali pad\u0117ti i\u0161spr\u0119sti \u0161ias problemas ir suma\u017einti prastovas.<\/p>\n<p><img decoding=\"async\" src=\"https:\/\/www.hydraulic-cylinders.net\/wp-content\/uploads\/2025\/01\/songte-company-4.webp\" alt=\"\u012emon\u0117s \u012fvaizdis\"><br \/>\n<img decoding=\"async\" src=\"https:\/\/www.hydraulic-cylinders.net\/wp-content\/uploads\/2025\/01\/songte-company-3.webp\" alt=\"\u012emon\u0117s \u012fvaizdis\"><\/p>\n<h2>Apie mus<\/h2>\n<p>Esame profesionalus pakaitini\u0173 hidraulini\u0173 cilindr\u0173 gamintojas, si\u016blantis plat\u0173 gamini\u0173 asortiment\u0105. Tapome vienu i\u0161 pirmaujan\u010di\u0173 hidraulini\u0173 cilindr\u0173 gamintoj\u0173 ir didmenini\u0173 platintoj\u0173 vidaus ir tarptautin\u0117se rinkose. Vadovaujam\u0117s kokyb\u0117s puikumo principu, nuolat tobulindami savo techninius paj\u0117gumus ir gamybos efektyvum\u0105. Diegdami pa\u017eangi\u0105 skaitmenin\u0119 gamybos \u012frang\u0105 ir profesionalias testavimo sistemas, optimizuojame savo gamybos platform\u0105 ir tobuliname gamini\u0173 kokyb\u0117s kontrol\u0117s procesus, demonstruodami stiprias inovacij\u0173 galimybes. M\u016bs\u0173 tikslas \u2013 patenkinti \u012fvairius klient\u0173 poreikius, vadovaujantis efektyvumo, tikslumo ir auk\u0161tos kokyb\u0117s principais.<\/p>\n<p>Mes teikiame:<\/p>\n<ul>\n<li>Profesionalumas ir kompetencija hidraulini\u0173 cilindr\u0173 srityje.<\/li>\n<li>Tarptautiniai sertifikatai, u\u017etikrinantys gamini\u0173 kokyb\u0119 ir patikimum\u0105.<\/li>\n<li>Pritaikymo paslaugos, skirtos konkretiems reikalavimams patenkinti.<\/li>\n<li>Pa\u017eangiausia gamybos \u012franga u\u017etikrina nuolatin\u0119 kokyb\u0119.<\/li>\n<li>I\u0161samus garantinio aptarnavimo aptarnavimas klientams.<\/li>\n<\/ul>\n<p>Nepamir\u0161kite laikytis straipsnio pabaigoje pateikt\u0173 \u201eAutorius: lyl\u201c gairi\u0173.<\/p>","protected":false},"excerpt":{"rendered":"<p>Arm Cylinder For Volvo Large Excavator EC480B Introduction The Arm Cylinder for Volvo Large Excavator EC480B is a specially designed hydraulic cylinder that provides linear motion and power to the arm of various machinery, such as excavators, cranes, and mechanical arms. The Arm Cylinder plays a crucial role in hydraulic systems, enabling the efficient movement [&hellip;]<\/p>","protected":false},"featured_media":14770,"comment_status":"open","ping_status":"closed","template":"","meta":{"_et_pb_use_builder":"","_et_pb_old_content":"","_et_gb_content_width":""},"product_brand":[],"product_cat":[1497],"product_tag":[1498,1496],"class_list":{"0":"post-16331","1":"product","2":"type-product","3":"status-publish","4":"has-post-thumbnail","6":"product_cat-arm-cylinders","7":"product_tag-arm-cylinders","8":"product_tag-hydraulic-cylinders","10":"first","11":"instock","12":"shipping-taxable","13":"product-type-simple"},"amp_enabled":true,"_links":{"self":[{"href":"https:\/\/www.hydraulic-cylinders.net\/lt\/wp-json\/wp\/v2\/product\/16331","targetHints":{"allow":["GET"]}}],"collection":[{"href":"https:\/\/www.hydraulic-cylinders.net\/lt\/wp-json\/wp\/v2\/product"}],"about":[{"href":"https:\/\/www.hydraulic-cylinders.net\/lt\/wp-json\/wp\/v2\/types\/product"}],"replies":[{"embeddable":true,"href":"https:\/\/www.hydraulic-cylinders.net\/lt\/wp-json\/wp\/v2\/comments?post=16331"}],"wp:featuredmedia":[{"embeddable":true,"href":"https:\/\/www.hydraulic-cylinders.net\/lt\/wp-json\/wp\/v2\/media\/14770"}],"wp:attachment":[{"href":"https:\/\/www.hydraulic-cylinders.net\/lt\/wp-json\/wp\/v2\/media?parent=16331"}],"wp:term":[{"taxonomy":"product_brand","embeddable":true,"href":"https:\/\/www.hydraulic-cylinders.net\/lt\/wp-json\/wp\/v2\/product_brand?post=16331"},{"taxonomy":"product_cat","embeddable":true,"href":"https:\/\/www.hydraulic-cylinders.net\/lt\/wp-json\/wp\/v2\/product_cat?post=16331"},{"taxonomy":"product_tag","embeddable":true,"href":"https:\/\/www.hydraulic-cylinders.net\/lt\/wp-json\/wp\/v2\/product_tag?post=16331"}],"curies":[{"name":"wp","href":"https:\/\/api.w.org\/{rel}","templated":true}]}}