{"id":16334,"date":"2025-01-20T09:06:50","date_gmt":"2025-01-20T09:06:50","guid":{"rendered":"https:\/\/www.hydraulic-cylinders.net\/product\/arm-cylinderfor-volvo-large-excavator-ec360bp\/"},"modified":"2025-01-20T09:06:51","modified_gmt":"2025-01-20T09:06:51","slug":"arm-cylinderfor-volvo-large-excavator-ec360bp","status":"publish","type":"product","link":"https:\/\/www.hydraulic-cylinders.net\/lt\/produktas\/arm-cylinderfor-volvo-large-excavator-ec360bp\/","title":{"rendered":"\u201eVolvo\u201c didelio ekskavatoriaus EC360BP svirties cilindras"},"content":{"rendered":"<p>\u201eVolvo\u201c didelio ekskavatoriaus EC360BP svirties cilindras<\/p>\n<p>\u012evadas<\/p>\n<p>Svirties cilindras yra specializuotas hidraulinis cilindras, skirtas u\u017etikrinti tiesin\u012f jud\u0117jim\u0105 ir gali\u0105 \u012fvairi\u0173 tip\u0173 ma\u0161in\u0173, toki\u0173 kaip ekskavatoriai, kranai ir manipuliatoriai, svir\u010diai. Svirties cilindras atlieka labai svarb\u0173 vaidmen\u012f hidraulin\u0117je sistemoje, nes leid\u017eia efektyviai jud\u0117ti ir valdyti priedus ar priedus. \u0160ie cilindrai ne tik u\u017etikrina skland\u0173 jud\u0117jim\u0105, bet ir atlaiko dideles apkrovas, u\u017etikrindami efektyv\u0173 ma\u0161in\u0173 veikim\u0105 ir patikimum\u0105 \u012fvairiomis eksploatavimo s\u0105lygomis.<\/p>\n<p><img loading=\"lazy\" decoding=\"async\" src=\"https:\/\/www.hydraulic-cylinders.net\/wp-content\/uploads\/2025\/01\/songte-company-2.webp\" alt=\"Hidraulinis cilindras\" width=\"500\" height=\"333\"><\/p>\n<p>Produkto savyb\u0117s<\/p>\n<p>\u201eVolvo\u201c didelio ekskavatoriaus EC360BP svirties cilindras turi \u0161ias savybes:<\/p>\n<p>1. Didelio efektyvumo transmisija: Svirties cilindras u\u017etikrina galing\u0105 tiesin\u012f judes\u012f ir j\u0117g\u0105, u\u017etikrindamas auk\u0161t\u0105 manipuliatoriaus efektyvum\u0105 atliekant \u012fvairias operacijas.<\/p>\n<p>2. Tikslus valdymas: Hidraulin\u0117s sistemos d\u0117ka rankos cilindras gali tiksliai valdyti judes\u012f, tod\u0117l pried\u0173 valdymas tampa lankstesnis ir tikslesnis.<\/p>\n<p>3. Didelis patvarumas: Svirtiniai cilindrai paprastai gaminami i\u0161 didelio stiprumo med\u017eiag\u0173 ir pasi\u017eymi geru atsparumu dilimui bei korozijai, tod\u0117l tinkami ilgalaikiam naudojimui at\u0161iauriomis s\u0105lygomis.<\/p>\n<p>4. Daugiafunkcis pritaikomumas: \u0160ie cilindrai gali b\u016bti pla\u010diai naudojami \u012fvairiuose mechaniniuose \u012frenginiuose, tokiuose kaip ekskavatoriai, kranai ir manipuliatoriai, siekiant patenkinti skirtingus darbo poreikius.<\/p>\n<p>5. Lengva prie\u017ei\u016bra: Sukurti lengvam techniniam aptarnavimui ir keitimui, svirties cilindrai leid\u017eia patogiau reguliariai tikrinti ir pri\u017ei\u016br\u0117ti, taip suma\u017einant \u012frangos prastovas.<\/p>\n<p>M\u016bs\u0173 gamyba ir pakeitimas<\/p>\n<p>M\u016bs\u0173 gaminiai gali puikiai pakeisti \u0161iuos hidraulinius cilindrus. Galime pagaminti auk\u0161tos kokyb\u0117s \u012fvairi\u0173 specifikacij\u0173 ir dyd\u017ei\u0173 svirtinius cilindrus, kad patenkintume skirting\u0173 pramon\u0117s \u0161ak\u0173 ir pritaikym\u0173 poreikius.<\/p>\n<p><img loading=\"lazy\" decoding=\"async\" src=\"https:\/\/www.hydraulic-cylinders.net\/wp-content\/uploads\/2025\/01\/songte-oil-pipes-and-spare-parts.webp\" alt=\"Hidraulinis cilindras\" width=\"500\" height=\"333\"><\/p>\n<p>Parai\u0161kos<\/p>\n<p>Rankiniai cilindrai yra pla\u010diai naudojami \u012fvairiose srityse, \u012fskaitant:<\/p>\n<p>1. Statybos in\u017einerija: ekskavatoriuose ir kranuose str\u0117li\u0173 cilindrai naudojami kastuv\u0173 arba str\u0117li\u0173 jud\u0117jimui valdyti atliekant \u017eem\u0117s darbus, med\u017eiag\u0173 tvarkym\u0105 ir konstrukcij\u0173 montavim\u0105.<\/p>\n<p>2. Gamybos pramon\u0117: Automatizuotose gamybos linijose ranken\u0173 cilindrai naudojami manipuliatoriams judinti surinkimo, suvirinimo ir tvarkymo procesuose, taip pagerinant gamybos efektyvum\u0105 ir tikslum\u0105.<\/p>\n<p>3. \u017dem\u0117s \u016bkio technika: \u017dem\u0117s \u016bkio technikoje, pavyzd\u017eiui, derliaus nu\u0117mimo ir sodinimo ma\u0161inose, svir\u010di\u0173 cilindrai valdo valdymo svir\u010di\u0173 jud\u0117jim\u0105 ir atlieka tokias u\u017eduotis kaip s\u0117ja, tr\u0119\u0161imas ir derliaus nu\u0117mimas.<\/p>\n<p>4. Kasyba: Kasybos \u012frangoje svirties cilindrai naudojami r\u016bdos gavybos ir transportavimo \u012frangos svirties jud\u0117jimui valdyti.<\/p>\n<p>5. Logistika ir transportavimas: \u0160akiniuose krautuvuose ir krovini\u0173 krovimo robotuose ranken\u0173 cilindrai naudojami \u0161aki\u0173 k\u0117limui ir jud\u0117jimui valdyti, u\u017etikrinant med\u017eiag\u0173 tvarkym\u0105 ir krovim\u0105.<\/p>\n<p>Projektavimo aspektai ir atrankos kriterijai<\/p>\n<p>Renkantis cilindro formos rankenas, reikia atsi\u017evelgti \u012f kelet\u0105 svarbi\u0173 veiksni\u0173:<\/p>\n<p>1. Apkrova: Cilindras turi atlaikyti maksimali\u0105 eksploatacijos metu susidaran\u010di\u0105 apkrov\u0105.<\/p>\n<p>2. Sandarinimas: Cilindras turi b\u016bti gerai u\u017esandarintas, kad b\u016bt\u0173 i\u0161vengta alyvos nutek\u0117jimo ir u\u017etikrintas sklandus hidraulin\u0117s sistemos veikimas.<\/p>\n<p>3. Patvarumas: Cilindras turi b\u016bti pagamintas i\u0161 didelio stiprumo med\u017eiag\u0173, tur\u0117ti ger\u0105 atsparum\u0105 dilimui ir korozijai, taip pat atlaikyti at\u0161iaurias eksploatavimo s\u0105lygas.<\/p>\n<p>4. Sauga: Balionas turi tur\u0117ti saugos priemones, skirtas i\u0161vengti nelaiming\u0173 atsitikim\u0173, pvz., sl\u0117gio ma\u017einimo vo\u017etuvus ir fiksavimo \u012ftaisus.<\/p>\n<p>5. Prie\u017ei\u016bra: Cilindras turi b\u016bti suprojektuotas taip, kad j\u012f b\u016bt\u0173 lengva pri\u017ei\u016br\u0117ti ir pakeisti, taip sutrumpinant prie\u017ei\u016bros laik\u0105 ir i\u0161laidas.<\/p>\n<p><img loading=\"lazy\" decoding=\"async\" src=\"https:\/\/www.hydraulic-cylinders.net\/wp-content\/uploads\/2025\/01\/songte-cylinder-head-with-all-kinds-excavator-models.webp\" alt=\"Hidraulinis cilindras\" width=\"500\" height=\"333\"><\/p>\n<p>Sandarinimas ir tepimas<\/p>\n<p>Svirtiniuose cilindruose naudojami \u012fvair\u016bs sandarinimo komponentai, tokie kaip st\u016bmokli\u0173 ir kot\u0173 sandarikliai, pagaminti i\u0161 atspari\u0173 dilimui med\u017eiag\u0173, toki\u0173 kaip poliuretanas ir nitrilo kau\u010diukas, siekiant u\u017etikrinti efektyv\u0173 sandarinim\u0105 ir i\u0161vengti alyvos nutek\u0117jimo. Cilindro korpusas ir srieginis galas yra kruop\u0161\u010diai apdirbti, siekiant pagerinti atsparum\u0105 dilimui. Reguliariai \u012fpilant tinkamos hidraulin\u0117s alyvos, galima sutepti cilindr\u0105 ir suma\u017einti dilim\u0105.<\/p>\n<p>Prie\u017ei\u016bra ir prevencin\u0117s priemon\u0117s<\/p>\n<p>Norint u\u017etikrinti normal\u0173 svirties cilindro veikim\u0105 ir pailginti jo tarnavimo laik\u0105, b\u016btina reguliariai j\u012f tikrinti ir pri\u017ei\u016br\u0117ti. Kai kurios prevencin\u0117s priemon\u0117s apima:<\/p>\n<p>1. Reguliariai tikrinkite sandarumo efektyvum\u0105 ir laiku pakeiskite susid\u0117v\u0117jusius sandariklius.<\/p>\n<p>2. Patikrinkite cilindro korpuso pavir\u0161i\u0173, ar n\u0117ra susid\u0117v\u0117jimo ir korozijos po\u017eymi\u0173, ir prireikus j\u012f sutaisykite arba pakeiskite.<\/p>\n<p>3. Reguliariai tikrinkite sl\u0117gio ma\u017einimo vo\u017etuvo ir fiksavimo \u012ftaiso patikimum\u0105 ir efektyvum\u0105.<\/p>\n<p>4. Laiku \u012fpilkite hidraulin\u0117s alyvos pagal hidraulin\u0117s sistemos reikalavimus.<\/p>\n<p>5. Teisingai naudokite cilindr\u0105 ir venkite perkrovos ar sm\u016bgi\u0173.<\/p>\n<p><img loading=\"lazy\" decoding=\"async\" src=\"https:\/\/www.hydraulic-cylinders.net\/wp-content\/uploads\/2025\/01\/songte-chushion-collar.webp\" alt=\"Hidraulinis cilindras\" width=\"500\" height=\"333\"><\/p>\n<p>Diegimo vadovas<\/p>\n<p>Nor\u0117dami teisingai sumontuoti cilindro svirt\u012f, atlikite \u0161iuos veiksmus:<\/p>\n<p>1. Nuvalykite cilindro ir ma\u0161inos montavimo pavir\u0161i\u0173.<\/p>\n<p>2. Patikrinkite cilindro ir atitinkam\u0173 dali\u0173 matmenis ir atitikimo tikslum\u0105.<\/p>\n<p>3. Sumontuokite cilindr\u0105 pagal montavimo instrukcijas ir \u012fsitikinkite, kad cilindras ir \u012frenginys yra tinkamai sulygiuoti.<\/p>\n<p>4. Prijunkite hidraulinius vamzdynus ir jungiam\u0105sias detales ir patikrinkite, ar n\u0117ra nuot\u0117ki\u0173.<\/p>\n<p>5. \u012epilkite hidraulin\u0117s alyvos pagal hidraulin\u0117s sistemos reikalavimus.<\/p>\n<p>Saugos ir aplinkos veiksniai<\/p>\n<p>Naudojant svirtinius cilindrus, reikia imtis saugos priemoni\u0173, kad b\u016bt\u0173 i\u0161vengta nelaiming\u0173 atsitikim\u0173, pavyzd\u017eiui, d\u0117v\u0117ti apsaugines priemones, laikytis eksploatavimo proced\u016br\u0173 ir vengti perkrov\u0173 ar sm\u016bgi\u0173. Be to, reikia atsi\u017evelgti \u012f aplinkos veiksnius, tokius kaip temperat\u016bra, dr\u0117gm\u0117 ir dulk\u0117s, siekiant u\u017etikrinti stabil\u0173 hidraulin\u0117s sistemos veikim\u0105 ir suma\u017einti tar\u0161\u0105.<\/p>\n<p>Trik\u010di\u0173 \u0161alinimas ir da\u017eniausios problemos<\/p>\n<p>Kai kurios da\u017enos svirtini\u0173 cilindr\u0173 problemos yra alyvos nuot\u0117kis, ne\u012fprastas triuk\u0161mas ir l\u0117tas jud\u0117jimas. Nor\u0117dami diagnozuoti ir i\u0161spr\u0119sti \u0161ias problemas, \u017er. gamintojo pateikt\u0105 trik\u010di\u0173 \u0161alinimo vadov\u0105 ir atid\u017eiai laikykit\u0117s instrukcij\u0173. Kai kurios prevencin\u0117s priemon\u0117s apima reguliari\u0105 ap\u017ei\u016br\u0105 ir technin\u0119 prie\u017ei\u016br\u0105, perkrovos ar sm\u016bgi\u0173 vengim\u0105 ir teising\u0105 cilindro naudojim\u0105.<\/p>\n<p><img loading=\"lazy\" decoding=\"async\" src=\"https:\/\/www.hydraulic-cylinders.net\/wp-content\/uploads\/2025\/01\/songte-bushings-with-all-kinds-of-excavator-models.webp\" alt=\"Hidraulinis cilindras\" width=\"500\" height=\"333\"><\/p>\n<p>\u012emon\u0117s pristatymas<\/p>\n<p>We are a professional manufacturer of replacement hydraulic cylinders with a wide range of products, and have become one of the leading hydraulic cylinder manufacturers and wholesale distributors in the domestic and international markets. We always adhere to the principle of excellence in quality, rely on the industrialization production management strategy of refined manufacturing workshops, and continuously improve our technology and production efficiency. By introducing advanced digital manufacturing equipment and professional testing systems, we optimize our manufacturing platform, improve our quality control processes, and have strong innovation capability. Our goal is to meet customers&#8217; diversified needs based on high efficiency, precision, and high quality.<\/p>\n<p>Esame \u012fsipareigoj\u0119 savo klientams teikti profesionalius produktus, tarptautinius sertifikatus, pritaikytas paslaugas, pa\u017eangi\u0105 gamybos \u012frang\u0105 ir puik\u0173 aptarnavim\u0105 po pardavimo.<\/p>\n<p><img loading=\"lazy\" decoding=\"async\" src=\"https:\/\/www.hydraulic-cylinders.net\/wp-content\/uploads\/2025\/01\/songte-company-4.webp\" alt=\"Hidraulinis cilindras\" width=\"500\" height=\"333\"><br \/>\n<img loading=\"lazy\" decoding=\"async\" src=\"https:\/\/www.hydraulic-cylinders.net\/wp-content\/uploads\/2025\/01\/songte-company-3.webp\" alt=\"Hidraulinis cilindras\" width=\"500\" height=\"333\"><\/p>\n<p>Autorius: lyl.<\/p>","protected":false},"excerpt":{"rendered":"<p>Arm Cylinder for Volvo Large Excavator EC360BP Introduction Arm cylinder is a specialized hydraulic cylinder designed to provide linear motion and power to the arm of various types of machinery, such as excavators, cranes, and manipulators. The arm cylinder plays a crucial role in the hydraulic system, enabling the effective movement and control of attachments [&hellip;]<\/p>","protected":false},"featured_media":14759,"comment_status":"open","ping_status":"closed","template":"","meta":{"_et_pb_use_builder":"","_et_pb_old_content":"","_et_gb_content_width":""},"product_brand":[],"product_cat":[1497],"product_tag":[1498,1496],"class_list":{"0":"post-16334","1":"product","2":"type-product","3":"status-publish","4":"has-post-thumbnail","6":"product_cat-arm-cylinders","7":"product_tag-arm-cylinders","8":"product_tag-hydraulic-cylinders","10":"first","11":"instock","12":"shipping-taxable","13":"product-type-simple"},"amp_enabled":true,"_links":{"self":[{"href":"https:\/\/www.hydraulic-cylinders.net\/lt\/wp-json\/wp\/v2\/product\/16334","targetHints":{"allow":["GET"]}}],"collection":[{"href":"https:\/\/www.hydraulic-cylinders.net\/lt\/wp-json\/wp\/v2\/product"}],"about":[{"href":"https:\/\/www.hydraulic-cylinders.net\/lt\/wp-json\/wp\/v2\/types\/product"}],"replies":[{"embeddable":true,"href":"https:\/\/www.hydraulic-cylinders.net\/lt\/wp-json\/wp\/v2\/comments?post=16334"}],"wp:featuredmedia":[{"embeddable":true,"href":"https:\/\/www.hydraulic-cylinders.net\/lt\/wp-json\/wp\/v2\/media\/14759"}],"wp:attachment":[{"href":"https:\/\/www.hydraulic-cylinders.net\/lt\/wp-json\/wp\/v2\/media?parent=16334"}],"wp:term":[{"taxonomy":"product_brand","embeddable":true,"href":"https:\/\/www.hydraulic-cylinders.net\/lt\/wp-json\/wp\/v2\/product_brand?post=16334"},{"taxonomy":"product_cat","embeddable":true,"href":"https:\/\/www.hydraulic-cylinders.net\/lt\/wp-json\/wp\/v2\/product_cat?post=16334"},{"taxonomy":"product_tag","embeddable":true,"href":"https:\/\/www.hydraulic-cylinders.net\/lt\/wp-json\/wp\/v2\/product_tag?post=16334"}],"curies":[{"name":"wp","href":"https:\/\/api.w.org\/{rel}","templated":true}]}}