{"id":16336,"date":"2025-01-20T09:06:57","date_gmt":"2025-01-20T09:06:57","guid":{"rendered":"https:\/\/www.hydraulic-cylinders.net\/product\/arm-cylinderfor-volvo-large-excavator-ec700b\/"},"modified":"2025-01-20T09:06:59","modified_gmt":"2025-01-20T09:06:59","slug":"arm-cylinderfor-volvo-large-excavator-ec700b","status":"publish","type":"product","link":"https:\/\/www.hydraulic-cylinders.net\/lt\/produktas\/arm-cylinderfor-volvo-large-excavator-ec700b\/","title":{"rendered":"\u201eVolvo\u201c didelio ekskavatoriaus EC700B svirties cilindras"},"content":{"rendered":"<h1>\u201eVolvo\u201c didelio ekskavatoriaus EC700B svirties cilindras <\/h1>\n<h2>\u012evadas<\/h2>\n<p>Svirties cilindras yra specializuotas hidraulinis cilindras, skirtas u\u017etikrinti tiesin\u012f jud\u0117jim\u0105 ir gali\u0105 \u012fvairi\u0173 ma\u0161in\u0173, toki\u0173 kaip ekskavatoriai, kranai ir robotin\u0117s svirtys, svirtims. Svirties cilindras atlieka labai svarb\u0173 vaidmen\u012f hidraulin\u0117se sistemose, nes leid\u017eia efektyviai jud\u0117ti ir valdyti priedus ar priedus. \u0160ie cilindrai ne tik u\u017etikrina skland\u0173 jud\u0117jim\u0105, bet ir atlaiko dideles apkrovas, u\u017etikrindami efektyv\u0173 ma\u0161in\u0173 veikim\u0105 ir patikimum\u0105 \u012fvairiomis darbo s\u0105lygomis.<\/p>\n<p><img decoding=\"async\" src=\"https:\/\/www.hydraulic-cylinders.net\/wp-content\/uploads\/2025\/01\/songte-company-2.webp\"><\/p>\n<h2>Savyb\u0117s<\/h2>\n<ul>\n<li>Efektyvus galios perdavimas: rankos cilindras u\u017etikrina galing\u0105 tiesin\u012f judes\u012f ir j\u0117g\u0105, u\u017etikrindamas auk\u0161t\u0105 robotin\u0117s rankos efektyvum\u0105 atliekant \u012fvairias operacijas.<\/li>\n<li>Tikslus valdymas: Svirties cilindras gali tiksliai valdyti judes\u012f per hidraulin\u0119 sistem\u0105, tod\u0117l pried\u0173 valdymas yra lankstesnis ir tikslesnis.<\/li>\n<li>Patvarumas: Svirtiniai cilindrai paprastai gaminami i\u0161 didelio stiprumo med\u017eiag\u0173, pasi\u017eymin\u010di\u0173 geru atsparumu dilimui ir korozijai, tod\u0117l tinkami ilgalaikiam naudojimui at\u0161iauriomis s\u0105lygomis.<\/li>\n<li>Daugiafunkcis pritaikomumas: \u0160ie cilindrai gali b\u016bti pla\u010diai naudojami \u012fvairiuose mechaniniuose \u012frenginiuose, tokiuose kaip ekskavatoriai, kranai ir robotin\u0117s rankos, prisitaikant prie skirting\u0173 darbo reikalavim\u0173.<\/li>\n<li>Lengva prie\u017ei\u016bra: konstrukcija skirta lengvam techniniam aptarnavimui ir pakeitimui, tod\u0117l reguliari ap\u017ei\u016bra ir prie\u017ei\u016bra yra patogesn\u0117, o \u012frangos prastovos laikas sutrump\u0117ja.<\/li>\n<\/ul>\n<p><img decoding=\"async\" src=\"https:\/\/www.hydraulic-cylinders.net\/wp-content\/uploads\/2025\/01\/songte-oil-pipes-and-spare-parts.webp\"><\/p>\n<h2>Parai\u0161kos<\/h2>\n<p>Svirtinis cilindras turi plat\u0173 pritaikymo spektr\u0105 \u012fvairiose pramon\u0117s \u0161akose:<\/p>\n<ul>\n<li><strong>Statybos in\u017einerija:<\/strong> Ekskavatoriuose ir kranuose peties cilindras valdo kastuvo arba str\u0117l\u0117s jud\u0117jim\u0105 atliekant \u017eem\u0117s darbus, med\u017eiag\u0173 tvarkym\u0105 ir konstrukcij\u0173 montavim\u0105.<\/li>\n<li><strong>Gamyba:<\/strong> Automatizuotose gamybos linijose rankos cilindras valdo robotin\u0117s rankos judesius surinkimo, suvirinimo ir tvarkymo procesuose, taip pagerindamas gamybos efektyvum\u0105 ir tikslum\u0105.<\/li>\n<li><strong>\u017dem\u0117s \u016bkio technika:<\/strong> \u017dem\u0117s \u016bkio technikose, tokiose kaip derliaus nu\u0117mimo ma\u0161inos ir s\u0117jamosios, svirties cilindras valdo valdymo svirties judes\u012f atliekant tokias u\u017eduotis kaip s\u0117ja, tr\u0119\u0161imas ir derliaus nu\u0117mimas.<\/li>\n<li><strong>Kasyba:<\/strong> Kasybos \u012frangoje svirties cilindras valdo kasybos \u012frangos svirties judes\u012f r\u016bdos kasybai ir tvarkymui.<\/li>\n<li><strong>Logistika ir transportas:<\/strong> \u0160akiniuose krautuvuose ir krovini\u0173 krovimo robotuose svirties cilindras valdo \u0161ak\u0117s k\u0117lim\u0105 ir jud\u0117jim\u0105, u\u017etikrindamas med\u017eiag\u0173 transportavim\u0105 ir sukraunim\u0105.<\/li>\n<\/ul>\n<h2>Projektavimo aspektai ir atrankos kriterijai<\/h2>\n<p>Svirtinis cilindras suprojektuotas taip, kad atitikt\u0173 tam tikrus kriterijus, tokius kaip apkrovos paj\u0117gumas, sandarumas, ilgaam\u017ei\u0161kumas, saugumas ir prie\u017ei\u016bra. \u0160ie kriterijai yra labai svarb\u016bs siekiant u\u017etikrinti optimal\u0173 cilindro veikim\u0105 ir ilgaam\u017ei\u0161kum\u0105. <\/p>\n<h3>Apkrovos paj\u0117gumas<\/h3>\n<p>Svirties cilindro apkrovos paj\u0117gumas yra esminis veiksnys j\u012f projektuojant ir renkantis. Jis lemia maksimali\u0105 apkrov\u0105, kuri\u0105 cilindras gali atlaikyti, u\u017etikrindamas skland\u0173 ir efektyv\u0173 robotin\u0117s rankos veikim\u0105.<\/p>\n<h3>Sandarinimo galimyb\u0117<\/h3>\n<p>Svirties cilindro sandarumas yra labai svarbus siekiant i\u0161vengti hidraulinio skys\u010dio nuot\u0117kio, u\u017etikrinant optimal\u0173 cilindro veikim\u0105 ir ilgaam\u017ei\u0161kum\u0105. Siekiant u\u017etikrinti efektyv\u0173 cilindro sandarinim\u0105, naudojami \u012fvair\u016bs sandarinimo elementai, tokie kaip st\u016bmoklio sandarikliai, strypo sandarikliai ir valytuvai.<\/p>\n<h3>Patvarumas<\/h3>\n<p>Svirtinio cilindro patvarumas yra labai svarbus jo konstrukcijos ir pasirinkimo veiksnys. Jis turi atlaikyti dideles apkrovas, nusid\u0117v\u0117jim\u0105 ir korozin\u0119 aplink\u0105. Siekiant padidinti cilindro patvarum\u0105, naudojamos didelio stiprumo med\u017eiagos, pavir\u0161iaus apdorojimas ir antikorozin\u0117s dangos.<\/p>\n<h3>Saugumas<\/h3>\n<p>Projektuojant ir renkantis rankos cilindr\u0105, saugumas yra labai svarbus aspektas. Jis turi atitikti saugos standartus ir reglamentus, u\u017etikrinant saug\u0173 ir patikim\u0105 robotin\u0117s rankos veikim\u0105.<\/p>\n<h3>Prie\u017ei\u016bra<\/h3>\n<p>Cilindro svirties prie\u017ei\u016bra yra labai svarbi siekiant u\u017etikrinti jo ilgaam\u017ei\u0161kum\u0105 ir optimal\u0173 veikim\u0105. Projektuojant reikia atsi\u017evelgti \u012f prie\u017ei\u016bros ir keitimo paprastum\u0105, kad cilindr\u0105 b\u016bt\u0173 lengva ap\u017ei\u016br\u0117ti ir remontuoti.<\/p>\n<p><img decoding=\"async\" src=\"https:\/\/www.hydraulic-cylinders.net\/wp-content\/uploads\/2025\/01\/songte-cylinder-head-with-all-kinds-excavator-models.webp\"><\/p>\n<h2>Sandarinimas ir tepimas<\/h2>\n<p>Svirties cilindre naudojami \u012fvair\u016bs sandarinimo elementai, siekiant u\u017etikrinti efektyv\u0173 sandarinim\u0105 ir i\u0161vengti hidraulinio skys\u010dio nuot\u0117kio. St\u016bmoklio sandarikliai, strypo sandarikliai ir valytuvai parenkami atsi\u017evelgiant \u012f j\u0173 med\u017eiag\u0105, ilgaam\u017ei\u0161kum\u0105 ir sandarinimo galimybes. Cilindro pavir\u0161ius apdorojamas siekiant padidinti jo atsparum\u0105 dilimui, o antikorozin\u0117s dangos padengiamos siekiant i\u0161vengti korozijos.<\/p>\n<p>Svirties cilindr\u0105 reikia reguliariai tepti, kad b\u016bt\u0173 i\u0161laikytas optimalus veikimas ir ilgaam\u017ei\u0161kumas. Cilindrui sutepti reikia pakankamai hidraulin\u0117s alyvos, o norint u\u017etikrinti tinkam\u0105 cilindro veikim\u0105, b\u016btina reguliariai keisti alyv\u0105. <\/p>\n<h2>Prie\u017ei\u016bra ir prevencin\u0117s priemon\u0117s<\/h2>\n<p>Reguliarus patikrinimas ir profilaktin\u0117 prie\u017ei\u016bra yra b\u016btini siekiant u\u017etikrinti optimal\u0173 svirties cilindro veikim\u0105 ir ilgaam\u017ei\u0161kum\u0105. Norint nustatyti ir i\u0161spr\u0119sti galimas problemas, b\u016btina reguliariai valyti, keisti alyv\u0105 ir tikrinti sandarinimo elementus bei susid\u0117vin\u010dias dalis. <\/p>\n<h2>Diegimo vadovas<\/h2>\n<p>Svirties cilindro montavimas reikalauja atid\u017eiai apsvarstyti hidraulin\u0117s sistemos konstrukcij\u0105 ir ma\u0161inos specifikacijas. Cilindras turi b\u016bti sumontuotas teisinga kryptimi ir sulygiuotas su ma\u0161inos hidrauline sistema. Cilindro tvirtinimo pavir\u0161iai turi b\u016bti \u0161var\u016bs ir be \u0161iuk\u0161li\u0173, o var\u017etai turi b\u016bti priver\u017eti iki nurodyto sukimo momento. <\/p>\n<p><img decoding=\"async\" src=\"https:\/\/www.hydraulic-cylinders.net\/wp-content\/uploads\/2025\/01\/songte-bushings-with-all-kinds-of-excavator-models.webp\"><\/p>\n<h2>Saugos aspektai ir aplinkos veiksniai<\/h2>\n<p>Saugus svirties cilindro valdymas yra labai svarbus siekiant i\u0161vengti nelaiming\u0173 atsitikim\u0173 ir su\u017ealojim\u0173. Tinkamas operatoriaus ir technin\u0117s prie\u017ei\u016bros personalo mokymas bei saugos standart\u0173 ir taisykli\u0173 laikymasis yra b\u016btini. Siekiant u\u017etikrinti optimal\u0173 cilindro veikim\u0105 ir ilgaam\u017ei\u0161kum\u0105, taip pat reikia atsi\u017evelgti \u012f aplinkos veiksnius, tokius kaip temperat\u016bra, dr\u0117gm\u0117 ir korozij\u0105 sukelian\u010dios med\u017eiagos.<\/p>\n<h2>Trik\u010di\u0173 \u0161alinimas ir da\u017eniausiai pasitaikan\u010dios problemos<\/h2>\n<p>Svirties cilindras gali susidurti su \u012fvairiomis problemomis, tokiomis kaip nepakankama j\u0117ga, nuot\u0117kis ir netinkamas veikimas. Reguliarus patikrinimas ir prevencin\u0117 prie\u017ei\u016bra gali pad\u0117ti i\u0161spr\u0119sti galimas problemas. I\u0161kilus problemoms, tinkami trik\u010di\u0173 \u0161alinimo ir problem\u0173 sprendimo metodai gali pad\u0117ti jas veiksmingai nustatyti ir i\u0161spr\u0119sti.<\/p>\n<h2>Apie mus<\/h2>\n<p>Esame profesionalus pakaitini\u0173 hidraulini\u0173 cilindr\u0173 gamintojas, si\u016blantis plat\u0173 gamini\u0173 asortiment\u0105 ir tap\u0119s vienu i\u0161 pirmaujan\u010di\u0173 hidraulini\u0173 cilindr\u0173 gamintoj\u0173 ir didmenini\u0173 platintoj\u0173 vidaus ir tarptautin\u0117se rinkose. Visada laikom\u0117s puikios kokyb\u0117s principo, remdamiesi puikios gamybos dirbtuvi\u0173 pramonin\u0117s gamybos valdymo strategija, nuolat tobulindami technin\u012f lyg\u012f ir gamybos efektyvum\u0105. M\u016bs\u0173 tikslas \u2013 patenkinti \u012fvairius klient\u0173 poreikius, laikantis didelio efektyvumo, tikslumo ir auk\u0161tos kokyb\u0117s princip\u0173.<\/p>\n<h3>Profesionalumas<\/h3>\n<p>M\u016bs\u0173 ekspert\u0173 komanda turi ilgamet\u0119 hidraulini\u0173 cilindr\u0173 projektavimo, gamybos ir remonto patirt\u012f, tod\u0117l u\u017etikrina auk\u0161\u010diausi\u0105 profesionalumo ir kompetencijos lyg\u012f.<\/p>\n<h3>Tarptautinis sertifikavimas<\/h3>\n<p>M\u016bs\u0173 gaminiai yra sertifikuoti pagal \u012fvairius tarptautinius standartus ir reglamentus, u\u017etikrinant atitikt\u012f saugos ir kokyb\u0117s reikalavimams.<\/p>\n<h3>Pritaikymo paslaugos<\/h3>\n<p>Teikiame individualiai pritaikytas paslaugas, pritaikytas konkretiems klient\u0173 poreikiams, \u012fskaitant projektavim\u0105, gamyb\u0105, remont\u0105 ir prie\u017ei\u016br\u0105.<\/p>\n<h3>Gamybos \u012franga<\/h3>\n<p>Turime pa\u017eangi\u0105 skaitmenin\u0119 gamybos \u012frang\u0105 ir profesionalias testavimo sistemas, u\u017etikrinan\u010dias auk\u0161t\u0105 gamini\u0173 kokyb\u0119 ir efektyvi\u0105 gamyb\u0105.<\/p>\n<h3>Aptarnavimas po pardavimo<\/h3>\n<p>Teikiame i\u0161samias garantinio aptarnavimo paslaugas, \u012fskaitant technin\u0119 pagalb\u0105, remont\u0105 ir prie\u017ei\u016br\u0105, u\u017etikrindami optimal\u0173 m\u016bs\u0173 gamini\u0173 veikim\u0105 ir ilgaam\u017ei\u0161kum\u0105.<\/p>\n<p><img decoding=\"async\" src=\"https:\/\/www.hydraulic-cylinders.net\/wp-content\/uploads\/2025\/01\/songte-company-4.webp\"><br \/>\n<img decoding=\"async\" src=\"https:\/\/www.hydraulic-cylinders.net\/wp-content\/uploads\/2025\/01\/songte-company-3.webp\"><\/p>\n<p>Autorius: lyl.<\/p>","protected":false},"excerpt":{"rendered":"<p>Arm Cylinder For Volvo Large Excavator EC700B Introduction The arm cylinder is a specialized hydraulic cylinder designed to provide linear motion and power to the arms of various machinery such as excavators, cranes, and robotic arms. The arm cylinder plays a crucial role in hydraulic systems, allowing for effective movement and control of attachments or [&hellip;]<\/p>","protected":false},"featured_media":14783,"comment_status":"open","ping_status":"closed","template":"","meta":{"_et_pb_use_builder":"","_et_pb_old_content":"","_et_gb_content_width":""},"product_brand":[],"product_cat":[1497],"product_tag":[1498,1496],"class_list":{"0":"post-16336","1":"product","2":"type-product","3":"status-publish","4":"has-post-thumbnail","6":"product_cat-arm-cylinders","7":"product_tag-arm-cylinders","8":"product_tag-hydraulic-cylinders","10":"first","11":"instock","12":"shipping-taxable","13":"product-type-simple"},"amp_enabled":true,"_links":{"self":[{"href":"https:\/\/www.hydraulic-cylinders.net\/lt\/wp-json\/wp\/v2\/product\/16336","targetHints":{"allow":["GET"]}}],"collection":[{"href":"https:\/\/www.hydraulic-cylinders.net\/lt\/wp-json\/wp\/v2\/product"}],"about":[{"href":"https:\/\/www.hydraulic-cylinders.net\/lt\/wp-json\/wp\/v2\/types\/product"}],"replies":[{"embeddable":true,"href":"https:\/\/www.hydraulic-cylinders.net\/lt\/wp-json\/wp\/v2\/comments?post=16336"}],"wp:featuredmedia":[{"embeddable":true,"href":"https:\/\/www.hydraulic-cylinders.net\/lt\/wp-json\/wp\/v2\/media\/14783"}],"wp:attachment":[{"href":"https:\/\/www.hydraulic-cylinders.net\/lt\/wp-json\/wp\/v2\/media?parent=16336"}],"wp:term":[{"taxonomy":"product_brand","embeddable":true,"href":"https:\/\/www.hydraulic-cylinders.net\/lt\/wp-json\/wp\/v2\/product_brand?post=16336"},{"taxonomy":"product_cat","embeddable":true,"href":"https:\/\/www.hydraulic-cylinders.net\/lt\/wp-json\/wp\/v2\/product_cat?post=16336"},{"taxonomy":"product_tag","embeddable":true,"href":"https:\/\/www.hydraulic-cylinders.net\/lt\/wp-json\/wp\/v2\/product_tag?post=16336"}],"curies":[{"name":"wp","href":"https:\/\/api.w.org\/{rel}","templated":true}]}}