{"id":16338,"date":"2025-01-20T09:07:05","date_gmt":"2025-01-20T09:07:05","guid":{"rendered":"https:\/\/www.hydraulic-cylinders.net\/product\/arm-cylinderfor-volvo-large-excavator-ec380d\/"},"modified":"2025-01-20T09:07:10","modified_gmt":"2025-01-20T09:07:10","slug":"arm-cylinderfor-volvo-large-excavator-ec380d","status":"publish","type":"product","link":"https:\/\/www.hydraulic-cylinders.net\/lt\/produktas\/arm-cylinderfor-volvo-large-excavator-ec380d\/","title":{"rendered":"\u201eVolvo\u201c didelio ekskavatoriaus EC380D svirties cilindras"},"content":{"rendered":"<h2>\u201eVolvo\u201c didelio ekskavatoriaus EC380D svirties cilindras<\/h2>\n<h3>\u012evadas<\/h3>\n<p>Svirties cilindras yra specialiai suprojektuotas hidraulinis cilindras, u\u017etikrinantis tiesin\u012f judes\u012f ir gali\u0105 \u012fvairi\u0173 tip\u0173 ma\u0161in\u0173, toki\u0173 kaip ekskavatoriai, kranai ir mechanin\u0117s svirtys, svir\u010diai. Svirties cilindras atlieka pagrindin\u012f vaidmen\u012f hidraulin\u0117je sistemoje, nes leid\u017eia priedams ar priedams jud\u0117ti ir b\u016bti efektyviai valdomiems. \u0160ie cilindrai ne tik u\u017etikrina skland\u0173 jud\u0117jim\u0105, bet ir atlaiko dideles apkrovas, u\u017etikrindami efektyv\u0173 ma\u0161inos veikim\u0105 ir patikimum\u0105 \u012fvairiomis eksploatavimo s\u0105lygomis.<\/p>\n<p><img decoding=\"async\" src=\"https:\/\/www.hydraulic-cylinders.net\/wp-content\/uploads\/2025\/01\/songte-company-2.webp\"><\/p>\n<h3>Savyb\u0117s<\/h3>\n<ul>\n<li>Efektyvus galios perdavimas: Svirties cilindras u\u017etikrina galing\u0105 tiesin\u012f judes\u012f ir j\u0117g\u0105, u\u017etikrindamas auk\u0161t\u0105 mechanin\u0117s svirties efektyvum\u0105 atliekant \u012fvairias operacijas.<\/li>\n<li>Tikslus valdymas: Hidraulin\u0117s sistemos d\u0117ka rankos cilindras gali tiksliai valdyti judes\u012f, tod\u0117l pried\u0173 valdymas tampa lankstesnis ir tikslesnis.<\/li>\n<li>Didelis patvarumas: Svirties cilindras paprastai pagamintas i\u0161 didelio stiprumo med\u017eiag\u0173, pasi\u017eymin\u010di\u0173 geru atsparumu dilimui ir korozijai, tod\u0117l tinka ilgalaikiam naudojimui at\u0161iauriomis s\u0105lygomis.<\/li>\n<li>Daugiafunkcis pritaikomumas: \u0160ie cilindrai gali b\u016bti pla\u010diai naudojami \u012fvairiuose mechaniniuose \u012frenginiuose, tokiuose kaip ekskavatoriai, kranai ir mechanin\u0117s rankenos, kad b\u016bt\u0173 pritaikyti prie skirting\u0173 darbo reikalavim\u0173.<\/li>\n<li>Lengva prie\u017ei\u016bra: konstrukcija skirta lengvam techniniam aptarnavimui ir pakeitimui, tod\u0117l reguliari ap\u017ei\u016bra ir prie\u017ei\u016bra yra patogesn\u0117, o \u012frangos prastovos laikas sutrump\u0117ja.<\/li>\n<\/ul>\n<p>Mes galime pagaminti \u0161\u012f produkt\u0105 ir jis puikiai gali pakeisti \u0161iuos hidraulinius cilindrus.<\/p>\n<p><img decoding=\"async\" src=\"https:\/\/www.hydraulic-cylinders.net\/wp-content\/uploads\/2025\/01\/songte-oil-pipes-and-spare-parts.webp\"><\/p>\n<h3>Parai\u0161kos<\/h3>\n<p>Svirtinis cilindras pla\u010diai naudojamas \u012fvairiose pramon\u0117s \u0161akose \u012fvairiems tikslams:<\/p>\n<ul>\n<li>Konstrukcija: Ekskavatoriuose ir kranuose svirties cilindras naudojamas kau\u0161o arba str\u0117l\u0117s judesiui valdyti atliekant \u017eem\u0117s darbus, med\u017eiag\u0173 tvarkym\u0105 ir konstrukcij\u0173 montavim\u0105.<\/li>\n<li>Gamyba: Automatizuotose gamybos linijose svirties cilindras naudojamas mechanin\u0117ms svirtims judinti surinkimo, suvirinimo ir med\u017eiag\u0173 tvarkymo metu, taip pagerinant gamybos efektyvum\u0105 ir tikslum\u0105.<\/li>\n<li>\u017dem\u0117s \u016bkio technika: \u017dem\u0117s \u016bkio technikose, tokiose kaip derliaus nu\u0117mimo ir sodinimo ma\u0161inos, svirties cilindras valdo valdymo svirties judes\u012f, kad b\u016bt\u0173 galima atlikti tokias u\u017eduotis kaip sodinimas, tr\u0119\u0161imas ir derliaus nu\u0117mimas.<\/li>\n<li>Kasyba: Kasybos \u012frangoje rankos cilindras naudojamas kasybos \u012frangos rankos jud\u0117jimui valdyti r\u016bdos kasybai ir transportavimui.<\/li>\n<li>Logistika ir transportavimas: \u0160akiniuose krautuvuose ir tvarkymo robotuose rankos cilindras naudojamas \u0161ak\u0117s pak\u0117limui ir jud\u0117jimui valdyti, kad b\u016bt\u0173 galima atlikti med\u017eiag\u0173 tvarkym\u0105 ir krovim\u0105.<\/li>\n<\/ul>\n<h3>Projektavimo aspektai ir atrankos standartai<\/h3>\n<p>Atsi\u017evelgiant \u012f projektavimo aspektus, svirties cilindras turi pasi\u017eym\u0117ti didele laikom\u0105ja galia, geru sandarumu, ilgaam\u017ei\u0161kumu, saugumu ir prie\u017ei\u016bra.<\/p>\n<ul>\n<li>Keliamoji galia: Svirties cilindras turi atlaikyti mechanizm\u0173 ir pried\u0173 apkrov\u0105.<\/li>\n<li>Sandarinimas: Svirties cilindre tur\u0117t\u0173 b\u016bti naudojami \u012fvair\u016bs sandarinimo komponentai, tokie kaip st\u016bmoklio sandarikliai ir strypo sandarikliai, pagaminti i\u0161 atspari\u0173 dilimui med\u017eiag\u0173, toki\u0173 kaip poliuretanas ir nitrilo kau\u010diukas.<\/li>\n<li>Patvarumas: Cilindro korpusas ir svirties cilindro sriegio galas tur\u0117t\u0173 b\u016bti kruop\u0161\u010diai apdoroti, kad b\u016bt\u0173 padidintas atsparumas dilimui.<\/li>\n<li>Sauga: Svirties cilindras turi tur\u0117ti saugos funkcijas, tokias kaip sl\u0117gio ma\u017einimo vo\u017etuvai, kad b\u016bt\u0173 i\u0161vengta perkrovos.<\/li>\n<li>Prie\u017ei\u016bra: Svirties cilindro konstrukcija tur\u0117t\u0173 b\u016bti skirta komponent\u0173 prie\u017ei\u016bros ir keitimo paprastumui.<\/li>\n<\/ul>\n<p><img decoding=\"async\" src=\"https:\/\/www.hydraulic-cylinders.net\/wp-content\/uploads\/2025\/01\/songte-cylinder-head-with-all-kinds-excavator-models.webp\"><\/p>\n<h3>Sandarinimas ir tepimas<\/h3>\n<p>Svirties cilindre naudojami \u012fvair\u016bs sandarinimo komponentai, tokie kaip st\u016bmoklio ir koto sandarikliai, pagaminti i\u0161 atspari\u0173 dilimui med\u017eiag\u0173, toki\u0173 kaip poliuretanas ir nitrilo kau\u010diukas. Cilindro korpusas ir svirties cilindro sriegio pavir\u0161ius yra kruop\u0161\u010diai apdirbti, siekiant pagerinti atsparum\u0105 dilimui. Tepimui b\u016btina reguliariai \u012fpilti tinkam\u0105 kiek\u012f hidraulin\u0117s alyvos.<\/p>\n<h3>Prie\u017ei\u016bra ir remontas<\/h3>\n<p>Reguliarus patikrinimas ir profilaktin\u0117 prie\u017ei\u016bra gali suma\u017einti galimas problemas ir pailginti svirties cilindro tarnavimo laik\u0105.<\/p>\n<ul>\n<li>Reguliariai tikrinkite cilindro sandarum\u0105.<\/li>\n<li>Laiku pakeiskite pa\u017eeistus arba susid\u0117v\u0117jusius sandariklius.<\/li>\n<li>Reguliariai tikrinkite hidraulin\u0117s alyvos lyg\u012f ir kokyb\u0119, prireikus j\u0105 pakeiskite.<\/li>\n<li>Reguliariai valykite cilindro korpus\u0105 ir stryp\u0105, kad i\u0161vengtum\u0117te u\u017eter\u0161imo ir korozijos.<\/li>\n<li>Remontui ir pakeitimui naudokite specializuotus \u012frankius ir \u012frang\u0105.<\/li>\n<\/ul>\n<p><img decoding=\"async\" src=\"https:\/\/www.hydraulic-cylinders.net\/wp-content\/uploads\/2025\/01\/songte-chushion-collar.webp\"><\/p>\n<h3>Diegimo vadovas<\/h3>\n<p>Vadovaukit\u0117s gamintojo instrukcijomis, kaip sumontuoti svirties cilindr\u0105. Naudokite tinkamus \u012frankius ir \u012frang\u0105 ir \u012fsitikinkite, kad cilindras yra \u0161varus ir neu\u017eter\u0161tas. \u012esitikinkite, kad cilindras yra tvirtai pritvirtintas ir kad hidraulin\u0117s linijos yra tinkamai prijungtos. \u012edieg\u0119 patikrinkite, ar cilindras veikia tinkamai ir ar n\u0117ra nuot\u0117kio.<\/p>\n<h3>Saugos aspektai ir aplinkos veiksniai<\/h3>\n<p>Naudojant mechanizm\u0105 su svirties cilindru, reikia laikytis gamintojo saugos nurodym\u0173 ir d\u0117v\u0117ti asmenines apsaugos priemones. Taip pat svarbu tinkamai utilizuoti hidraulin\u0119 alyv\u0105 ir kitas atliekas, kad b\u016bt\u0173 i\u0161vengta aplinkos tar\u0161os.<\/p>\n<h3>Trik\u010di\u0173 \u0161alinimas ir da\u017eniausiai pasitaikan\u010dios problemos<\/h3>\n<p>Da\u017eniausios svirties cilindro problemos yra nuot\u0117kis, pa\u017eeisti sandarikliai ir u\u017eter\u0161ta hidraulin\u0117 alyva. Trik\u010di\u0173 \u0161alinim\u0105 tur\u0117t\u0173 atlikti apmokyti specialistai, naudodami specializuotus \u012frankius ir \u012frang\u0105. Potencialias problemas galima suma\u017einti laikantis tinkam\u0173 prie\u017ei\u016bros ir remonto proced\u016br\u0173.<\/p>\n<h3>Apie mus<\/h3>\n<p>Esame profesionalus pakaitini\u0173 hidraulini\u0173 cilindr\u0173 gamintojas, si\u016blantis plat\u0173 gamini\u0173 asortiment\u0105 ir tap\u0119s vienu i\u0161 pirmaujan\u010di\u0173 hidraulini\u0173 cilindr\u0173 gamintoj\u0173 bei didmenini\u0173 platintoj\u0173 vidaus ir u\u017esienio rinkose. Visada laikom\u0117s auk\u0161\u010diausios kokyb\u0117s principo, remdamiesi industrializuota gamybos valdymo strategija, sukurtais puikios gamybos cechuose, nuolat tobulindami savo technin\u012f lyg\u012f ir gamybos efektyvum\u0105. Turime stipri\u0173 inovacij\u0173 paj\u0117gum\u0173, diegdami auk\u0161\u010diausios klas\u0117s skaitmenin\u0119 gamybos \u012frang\u0105 ir profesionalias bandym\u0173 sistemas, nuolat optimizuodami gamybos platform\u0105 ir gamini\u0173 kokyb\u0117s kontrol\u0117s proces\u0105. M\u016bs\u0173 tikslas \u2013 patenkinti \u012fvairius klient\u0173 poreikius, vadovaujantis efektyvumo, tikslumo ir auk\u0161tos kokyb\u0117s principais.<\/p>\n<p>Savo klientams si\u016blome profesionalias paslaugas, tarptautin\u012f sertifikavim\u0105, individualias paslaugas, gamybos \u012frang\u0105 ir garantin\u012f aptarnavim\u0105.<\/p>\n<p><img decoding=\"async\" src=\"https:\/\/www.hydraulic-cylinders.net\/wp-content\/uploads\/2025\/01\/songte-company-4.webp\"><br \/>\n<img decoding=\"async\" src=\"https:\/\/www.hydraulic-cylinders.net\/wp-content\/uploads\/2025\/01\/songte-company-3.webp\"><\/p>\n<p>Autorius: lyl.<\/p>","protected":false},"excerpt":{"rendered":"<p>Arm Cylinder for Volvo Large Excavator EC380D Introduction The arm cylinder is a specially designed hydraulic cylinder that provides linear motion and power to the arm of various types of machinery such as excavators, cranes, and mechanical arms. The arm cylinder plays a key role in the hydraulic system, enabling attachments or accessories to move [&hellip;]<\/p>","protected":false},"featured_media":14777,"comment_status":"open","ping_status":"closed","template":"","meta":{"_et_pb_use_builder":"","_et_pb_old_content":"","_et_gb_content_width":""},"product_brand":[],"product_cat":[1497],"product_tag":[1498,1496],"class_list":{"0":"post-16338","1":"product","2":"type-product","3":"status-publish","4":"has-post-thumbnail","6":"product_cat-arm-cylinders","7":"product_tag-arm-cylinders","8":"product_tag-hydraulic-cylinders","10":"first","11":"instock","12":"shipping-taxable","13":"product-type-simple"},"amp_enabled":true,"_links":{"self":[{"href":"https:\/\/www.hydraulic-cylinders.net\/lt\/wp-json\/wp\/v2\/product\/16338","targetHints":{"allow":["GET"]}}],"collection":[{"href":"https:\/\/www.hydraulic-cylinders.net\/lt\/wp-json\/wp\/v2\/product"}],"about":[{"href":"https:\/\/www.hydraulic-cylinders.net\/lt\/wp-json\/wp\/v2\/types\/product"}],"replies":[{"embeddable":true,"href":"https:\/\/www.hydraulic-cylinders.net\/lt\/wp-json\/wp\/v2\/comments?post=16338"}],"wp:featuredmedia":[{"embeddable":true,"href":"https:\/\/www.hydraulic-cylinders.net\/lt\/wp-json\/wp\/v2\/media\/14777"}],"wp:attachment":[{"href":"https:\/\/www.hydraulic-cylinders.net\/lt\/wp-json\/wp\/v2\/media?parent=16338"}],"wp:term":[{"taxonomy":"product_brand","embeddable":true,"href":"https:\/\/www.hydraulic-cylinders.net\/lt\/wp-json\/wp\/v2\/product_brand?post=16338"},{"taxonomy":"product_cat","embeddable":true,"href":"https:\/\/www.hydraulic-cylinders.net\/lt\/wp-json\/wp\/v2\/product_cat?post=16338"},{"taxonomy":"product_tag","embeddable":true,"href":"https:\/\/www.hydraulic-cylinders.net\/lt\/wp-json\/wp\/v2\/product_tag?post=16338"}],"curies":[{"name":"wp","href":"https:\/\/api.w.org\/{rel}","templated":true}]}}